{"id":49301,"date":"2021-05-28T07:16:51","date_gmt":"2021-05-28T04:16:51","guid":{"rendered":"https:\/\/www.lustandlove.eu\/product\/deuce-ja-deuce-magnum-meeste-rakmed\/"},"modified":"2026-04-13T10:44:25","modified_gmt":"2026-04-13T07:44:25","slug":"deuce-ja-deuce-magnum-meeste-rakmed","status":"publish","type":"product","link":"https:\/\/lustandlove.eu\/et\/toode\/deuce-ja-deuce-magnum-meeste-rakmed\/","title":{"rendered":"Deuce ja Deuce Magnum Meeste Rakmed"},"content":{"rendered":"<p>Stiilne\u00a0SpareParts\u00a0Deuce \u2122 strap-on, on mugav ja vastupidav. Reguleeritavad rihmad tagavad sobivuse ning annavad t\u00e4ieliku kontrollid mis tahes asendis.<\/p>\n<p>Elastiline O-R\u00f5ngas v\u00f5imaldab igas suuruses lelusid kasutada. T\u00e4pselt r\u00f5nga all asub elastik, kuhu mahutada enda p\u00e4ris peenis.<\/p>\n<p>V\u00f6\u00f6 kinnitub takjaribaga ning omab t\u00f5mmatavat funktsiooni, et rakmed kindlalt lukustada.<\/p>\n<p><strong>Deuce v\u00f5i Deuce Magnum:<\/strong>\u00a0Et kindlaks teha kas Sulle v\u00f5i kaaslasele sobib Deuce v\u00f5i Deuce Magnum tuleb teada peenise \u00fcmberm\u00f5\u00f5tu.<\/p>\n<p><strong>Standard:<\/strong><\/p>\n<table width=\"556\">\n<tbody>\n<tr>\n<td><\/td>\n<td><strong>V\u00f6\u00f6<\/strong><\/td>\n<td><strong>Rihmad<\/strong><\/td>\n<td><strong>Esimene auk<\/strong><\/td>\n<td><strong>Teine auk<\/strong><\/td>\n<\/tr>\n<tr>\n<td><strong>Suurus A<\/strong><\/td>\n<td>50.8 \u2013 127 cm<\/td>\n<td>25,4 \u2013 40,64 cm<\/td>\n<td>3,17 \u2013 5,08 cm<\/td>\n<td>3,81 \u2013 4,74 cm<\/td>\n<\/tr>\n<tr>\n<td><strong>Suurus B<\/strong><\/td>\n<td>88,9 \u2013 165 cm<\/td>\n<td>35,56 \u2013 60,96 cm<\/td>\n<td>3,17 \u2013 5,08 cm<\/td>\n<td>3,81 \u2013 4,74 cm<\/td>\n<\/tr>\n<\/tbody>\n<\/table>\n<p><strong>Magnum:<\/strong><\/p>\n<table width=\"556\">\n<tbody>\n<tr>\n<td><strong>Magnum<\/strong><\/td>\n<td><strong>V\u00f6\u00f6<\/strong><\/td>\n<td><strong>Rihmad<\/strong><\/td>\n<td><strong>Esimene auk<\/strong><\/td>\n<td><strong>Teine auk<\/strong><\/td>\n<\/tr>\n<tr>\n<td><strong>Suurus A<\/strong><\/td>\n<td>50,8 \u2013 127 cm<\/td>\n<td>25,4 \u2013 40,64 cm<\/td>\n<td>3,17 \u2013 5,08 cm<\/td>\n<td>5,08 \u2013 6,03 cm<\/td>\n<\/tr>\n<tr>\n<td><strong>Suurus B<\/strong><\/td>\n<td>88,9 \u2013 165 cm<\/td>\n<td>35,56 \u2013 60,96 cm<\/td>\n<td>3,17 \u2013 5,08 cm<\/td>\n<td>5,08 \u2013 6,03 cm<\/td>\n<\/tr>\n<\/tbody>\n<\/table>\n","protected":false},"excerpt":{"rendered":"<p>Avarda oma tavap\u00e4rast voodim\u00e4ngu selle meeste rakmega.\u00a0Deuce\u2122 on Spareparts HardWear\u2122 k\u00f5ige esimesed rakmed, spetsiaalselt meestele disainitud!<\/p>\n","protected":false},"featured_media":46722,"template":"","meta":[],"product_brand":[4240],"product_cat":[1496,1500],"product_tag":[1525],"class_list":{"0":"post-49301","1":"product","2":"type-product","3":"status-publish","4":"has-post-thumbnail","6":"product_brand-spareparts-et","7":"product_cat-lgbtq-et","8":"product_cat-strap-onid","9":"product_tag-rakmed","10":"pa_brand-spareparts-et","12":"first","13":"instock","14":"purchasable","15":"product-type-variable"},"yoast_head":"<!-- This site is optimized with the Yoast SEO plugin v27.3 - https:\/\/yoast.com\/product\/yoast-seo-wordpress\/ -->\n<title>Deuce ja Deuce Magnum Meeste Rakmed | Lust and Love<\/title>\n<meta name=\"robots\" content=\"index,follow,max-snippet:-1,max-image-preview:large,max-video-preview:-1\" \/>\n<link rel=\"canonical\" href=\"https:\/\/lustandlove.eu\/et\/toode\/deuce-ja-deuce-magnum-meeste-rakmed\/\" \/>\n<meta name=\"twitter:card\" content=\"summary_large_image\" \/>\n<meta name=\"twitter:title\" content=\"Deuce ja Deuce Magnum Meeste Rakmed | Lust and Love\" \/>\n<meta name=\"twitter:description\" content=\"Avarda oma tavap\u00e4rast voodim\u00e4ngu selle meeste rakmega.\u00a0Deuce\u2122 on Spareparts HardWear\u2122 k\u00f5ige esimesed rakmed, spetsiaalselt meestele disainitud!\" \/>\n<meta name=\"twitter:image\" content=\"https:\/\/lustandlove.eu\/wp-content\/uploads\/deuce-strap-on-for-men-meestele-01.jpeg\" \/>\n<meta name=\"twitter:label1\" content=\"Est. reading time\" \/>\n\t<meta name=\"twitter:data1\" content=\"1 minut\" \/>\n<script type=\"application\/ld+json\" class=\"yoast-schema-graph\">{\"@context\":\"https:\\\/\\\/schema.org\",\"@graph\":[{\"@type\":[\"WebPage\",\"ItemPage\"],\"@id\":\"https:\\\/\\\/lustandlove.eu\\\/et\\\/toode\\\/deuce-ja-deuce-magnum-meeste-rakmed\\\/\",\"url\":\"https:\\\/\\\/lustandlove.eu\\\/et\\\/toode\\\/deuce-ja-deuce-magnum-meeste-rakmed\\\/\",\"name\":\"Deuce ja Deuce Magnum Meeste Rakmed | Lust and Love\",\"isPartOf\":{\"@id\":\"https:\\\/\\\/lustandlove.eu\\\/et\\\/#website\"},\"primaryImageOfPage\":{\"@id\":\"https:\\\/\\\/lustandlove.eu\\\/et\\\/toode\\\/deuce-ja-deuce-magnum-meeste-rakmed\\\/#primaryimage\"},\"image\":{\"@id\":\"https:\\\/\\\/lustandlove.eu\\\/et\\\/toode\\\/deuce-ja-deuce-magnum-meeste-rakmed\\\/#primaryimage\"},\"thumbnailUrl\":\"https:\\\/\\\/lustandlove.eu\\\/wp-content\\\/uploads\\\/deuce-strap-on-for-men-meestele-01.jpeg\",\"datePublished\":\"2021-05-28T04:16:51+00:00\",\"dateModified\":\"2026-04-13T07:44:25+00:00\",\"breadcrumb\":{\"@id\":\"https:\\\/\\\/lustandlove.eu\\\/et\\\/toode\\\/deuce-ja-deuce-magnum-meeste-rakmed\\\/#breadcrumb\"},\"inLanguage\":\"et\",\"potentialAction\":[{\"@type\":\"ReadAction\",\"target\":[\"https:\\\/\\\/lustandlove.eu\\\/et\\\/toode\\\/deuce-ja-deuce-magnum-meeste-rakmed\\\/\"]}]},{\"@type\":\"ImageObject\",\"inLanguage\":\"et\",\"@id\":\"https:\\\/\\\/lustandlove.eu\\\/et\\\/toode\\\/deuce-ja-deuce-magnum-meeste-rakmed\\\/#primaryimage\",\"url\":\"https:\\\/\\\/lustandlove.eu\\\/wp-content\\\/uploads\\\/deuce-strap-on-for-men-meestele-01.jpeg\",\"contentUrl\":\"https:\\\/\\\/lustandlove.eu\\\/wp-content\\\/uploads\\\/deuce-strap-on-for-men-meestele-01.jpeg\",\"width\":945,\"height\":630},{\"@type\":\"BreadcrumbList\",\"@id\":\"https:\\\/\\\/lustandlove.eu\\\/et\\\/toode\\\/deuce-ja-deuce-magnum-meeste-rakmed\\\/#breadcrumb\",\"itemListElement\":[{\"@type\":\"ListItem\",\"position\":1,\"name\":\"Lust and Love\",\"item\":\"https:\\\/\\\/lustandlove.eu\\\/et\\\/\"},{\"@type\":\"ListItem\",\"position\":2,\"name\":\"Pood\",\"item\":\"https:\\\/\\\/lustandlove.eu\\\/et\\\/pood\\\/\"},{\"@type\":\"ListItem\",\"position\":3,\"name\":\"Sekslelud\",\"item\":\"https:\\\/\\\/lustandlove.eu\\\/et\\\/pood\\\/sekslelud\\\/\"},{\"@type\":\"ListItem\",\"position\":4,\"name\":\"LGBTQ\",\"item\":\"https:\\\/\\\/lustandlove.eu\\\/et\\\/pood\\\/sekslelud\\\/lgbtq-et\\\/\"},{\"@type\":\"ListItem\",\"position\":5,\"name\":\"Strap-on rakmed\",\"item\":\"https:\\\/\\\/lustandlove.eu\\\/et\\\/pood\\\/sekslelud\\\/lgbtq-et\\\/strap-onid\\\/\"},{\"@type\":\"ListItem\",\"position\":6,\"name\":\"Deuce ja Deuce Magnum Meeste Rakmed\"}]},{\"@type\":\"WebSite\",\"@id\":\"https:\\\/\\\/lustandlove.eu\\\/et\\\/#website\",\"url\":\"https:\\\/\\\/lustandlove.eu\\\/et\\\/\",\"name\":\"Lust &amp; Love\",\"description\":\"Online erootikapood tervise, ilu ja armastuse jaoks\",\"publisher\":{\"@id\":\"https:\\\/\\\/lustandlove.eu\\\/et\\\/#organization\"},\"potentialAction\":[{\"@type\":\"SearchAction\",\"target\":{\"@type\":\"EntryPoint\",\"urlTemplate\":\"https:\\\/\\\/lustandlove.eu\\\/et\\\/?s={search_term_string}\"},\"query-input\":{\"@type\":\"PropertyValueSpecification\",\"valueRequired\":true,\"valueName\":\"search_term_string\"}}],\"inLanguage\":\"et\"},{\"@type\":\"Organization\",\"@id\":\"https:\\\/\\\/lustandlove.eu\\\/et\\\/#organization\",\"name\":\"Bioconcept Baltics O\u00dc\",\"url\":\"https:\\\/\\\/lustandlove.eu\\\/et\\\/\",\"logo\":{\"@type\":\"ImageObject\",\"inLanguage\":\"et\",\"@id\":\"https:\\\/\\\/lustandlove.eu\\\/et\\\/#\\\/schema\\\/logo\\\/image\\\/\",\"url\":\"\",\"contentUrl\":\"\",\"caption\":\"Bioconcept Baltics O\u00dc\"},\"image\":{\"@id\":\"https:\\\/\\\/lustandlove.eu\\\/et\\\/#\\\/schema\\\/logo\\\/image\\\/\"},\"sameAs\":[\"https:\\\/\\\/www.facebook.com\\\/LustandLoveEU\\\/\",\"https:\\\/\\\/www.instagram.com\\\/lustandloveeu\\\/\"]}]}<\/script>\n<!-- \/ Yoast SEO plugin. -->","yoast_head_json":{"title":"Deuce ja Deuce Magnum Meeste Rakmed | Lust and Love","robots":{"index,follow,max-snippet":"index,follow,max-snippet:-1,max-image-preview:large,max-video-preview:-1"},"canonical":"https:\/\/lustandlove.eu\/et\/toode\/deuce-ja-deuce-magnum-meeste-rakmed\/","twitter_card":"summary_large_image","twitter_title":"Deuce ja Deuce Magnum Meeste Rakmed | Lust and Love","twitter_description":"Avarda oma tavap\u00e4rast voodim\u00e4ngu selle meeste rakmega.\u00a0Deuce\u2122 on Spareparts HardWear\u2122 k\u00f5ige esimesed rakmed, spetsiaalselt meestele disainitud!","twitter_image":"https:\/\/lustandlove.eu\/wp-content\/uploads\/deuce-strap-on-for-men-meestele-01.jpeg","twitter_misc":{"Est. reading time":"1 minut"},"schema":{"@context":"https:\/\/schema.org","@graph":[{"@type":["WebPage","ItemPage"],"@id":"https:\/\/lustandlove.eu\/et\/toode\/deuce-ja-deuce-magnum-meeste-rakmed\/","url":"https:\/\/lustandlove.eu\/et\/toode\/deuce-ja-deuce-magnum-meeste-rakmed\/","name":"Deuce ja Deuce Magnum Meeste Rakmed | Lust and Love","isPartOf":{"@id":"https:\/\/lustandlove.eu\/et\/#website"},"primaryImageOfPage":{"@id":"https:\/\/lustandlove.eu\/et\/toode\/deuce-ja-deuce-magnum-meeste-rakmed\/#primaryimage"},"image":{"@id":"https:\/\/lustandlove.eu\/et\/toode\/deuce-ja-deuce-magnum-meeste-rakmed\/#primaryimage"},"thumbnailUrl":"https:\/\/lustandlove.eu\/wp-content\/uploads\/deuce-strap-on-for-men-meestele-01.jpeg","datePublished":"2021-05-28T04:16:51+00:00","dateModified":"2026-04-13T07:44:25+00:00","breadcrumb":{"@id":"https:\/\/lustandlove.eu\/et\/toode\/deuce-ja-deuce-magnum-meeste-rakmed\/#breadcrumb"},"inLanguage":"et","potentialAction":[{"@type":"ReadAction","target":["https:\/\/lustandlove.eu\/et\/toode\/deuce-ja-deuce-magnum-meeste-rakmed\/"]}]},{"@type":"ImageObject","inLanguage":"et","@id":"https:\/\/lustandlove.eu\/et\/toode\/deuce-ja-deuce-magnum-meeste-rakmed\/#primaryimage","url":"https:\/\/lustandlove.eu\/wp-content\/uploads\/deuce-strap-on-for-men-meestele-01.jpeg","contentUrl":"https:\/\/lustandlove.eu\/wp-content\/uploads\/deuce-strap-on-for-men-meestele-01.jpeg","width":945,"height":630},{"@type":"BreadcrumbList","@id":"https:\/\/lustandlove.eu\/et\/toode\/deuce-ja-deuce-magnum-meeste-rakmed\/#breadcrumb","itemListElement":[{"@type":"ListItem","position":1,"name":"Lust and Love","item":"https:\/\/lustandlove.eu\/et\/"},{"@type":"ListItem","position":2,"name":"Pood","item":"https:\/\/lustandlove.eu\/et\/pood\/"},{"@type":"ListItem","position":3,"name":"Sekslelud","item":"https:\/\/lustandlove.eu\/et\/pood\/sekslelud\/"},{"@type":"ListItem","position":4,"name":"LGBTQ","item":"https:\/\/lustandlove.eu\/et\/pood\/sekslelud\/lgbtq-et\/"},{"@type":"ListItem","position":5,"name":"Strap-on rakmed","item":"https:\/\/lustandlove.eu\/et\/pood\/sekslelud\/lgbtq-et\/strap-onid\/"},{"@type":"ListItem","position":6,"name":"Deuce ja Deuce Magnum Meeste Rakmed"}]},{"@type":"WebSite","@id":"https:\/\/lustandlove.eu\/et\/#website","url":"https:\/\/lustandlove.eu\/et\/","name":"Lust &amp; Love","description":"Online erootikapood tervise, ilu ja armastuse jaoks","publisher":{"@id":"https:\/\/lustandlove.eu\/et\/#organization"},"potentialAction":[{"@type":"SearchAction","target":{"@type":"EntryPoint","urlTemplate":"https:\/\/lustandlove.eu\/et\/?s={search_term_string}"},"query-input":{"@type":"PropertyValueSpecification","valueRequired":true,"valueName":"search_term_string"}}],"inLanguage":"et"},{"@type":"Organization","@id":"https:\/\/lustandlove.eu\/et\/#organization","name":"Bioconcept Baltics O\u00dc","url":"https:\/\/lustandlove.eu\/et\/","logo":{"@type":"ImageObject","inLanguage":"et","@id":"https:\/\/lustandlove.eu\/et\/#\/schema\/logo\/image\/","url":"","contentUrl":"","caption":"Bioconcept Baltics O\u00dc"},"image":{"@id":"https:\/\/lustandlove.eu\/et\/#\/schema\/logo\/image\/"},"sameAs":["https:\/\/www.facebook.com\/LustandLoveEU\/","https:\/\/www.instagram.com\/lustandloveeu\/"]}]}},"_links":{"self":[{"href":"https:\/\/lustandlove.eu\/et\/wp-json\/wp\/v2\/product\/49301","targetHints":{"allow":["GET"]}}],"collection":[{"href":"https:\/\/lustandlove.eu\/et\/wp-json\/wp\/v2\/product"}],"about":[{"href":"https:\/\/lustandlove.eu\/et\/wp-json\/wp\/v2\/types\/product"}],"wp:featuredmedia":[{"embeddable":true,"href":"https:\/\/lustandlove.eu\/et\/wp-json\/wp\/v2\/media\/46722"}],"wp:attachment":[{"href":"https:\/\/lustandlove.eu\/et\/wp-json\/wp\/v2\/media?parent=49301"}],"wp:term":[{"taxonomy":"product_brand","embeddable":true,"href":"https:\/\/lustandlove.eu\/et\/wp-json\/wp\/v2\/product_brand?post=49301"},{"taxonomy":"product_cat","embeddable":true,"href":"https:\/\/lustandlove.eu\/et\/wp-json\/wp\/v2\/product_cat?post=49301"},{"taxonomy":"product_tag","embeddable":true,"href":"https:\/\/lustandlove.eu\/et\/wp-json\/wp\/v2\/product_tag?post=49301"}],"curies":[{"name":"wp","href":"https:\/\/api.w.org\/{rel}","templated":true}]}}