{"id":49316,"date":"2021-05-28T07:15:33","date_gmt":"2021-05-28T04:15:33","guid":{"rendered":"https:\/\/www.lustandlove.eu\/product\/pete-trunks-by-spareparts\/"},"modified":"2026-04-13T10:44:27","modified_gmt":"2026-04-13T07:44:27","slug":"pete-trunks-by-spareparts","status":"publish","type":"product","link":"https:\/\/lustandlove.eu\/et\/toode\/pete-trunks-by-spareparts\/","title":{"rendered":"Pete Trunks"},"content":{"rendered":"<p>Pete <em>packing<\/em> aluspesu on valmistatud kergest nailonist, spandexist ja d\u017eersist. Nailon ja spandex aitavad aluspesul hingata ja eemaldada niiskust kehast, et hoida sind jahedana ja kuivana. D\u017eersi komponent aitab Petel ennast keha \u00fcmber kallistada ning olla nahale mugavalt pehme. Nagu k\u00f5ik SpareParts HardWeari tooted, on ka Pete t\u00e4ielikult k\u00e4sitsi- v\u00f5i masinpestav, mis muudab selle h\u00fcgieeniliseks ja hoolduseks lihtsaks.<\/p>\n<p>Pete avatud esiosa tagab mugava juurdep\u00e4\u00e4su ja v\u00f5imaldab sul kasutada STP (Stand to Pee) <em>packerit<\/em> naturaalselt ja t\u00e4ieliku enesekindlusega.<\/p>\n<p>Pete ei taha olla lihtsalt s\u00f5ber; ta tahab olla su Parim S\u00f5ber Igavesti ja Alati. Sa ei pea kunagi muretsema, sest Pete toetab sind alati nii tagant, eest ja k\u00f5ikjalt mujalt mis nende vahel j\u00e4\u00e4b. Kas sa astud pikki samme, kasutad tualetti v\u00f5i tegeled intensiivsete tegevustega, Pete kindel istuvus v\u00f5imaldab sul vabalt liikuda, kartmata, et su <em>packer<\/em> nihkub, libiseb paigast v\u00f5i, veel hullem, kukub maha.<\/p>\n<p>Pete <em>packing<\/em> aluspesu aitab kaasa su enesev\u00e4ljendusele, kuna tema kontuurne kuju annab isegi riiete all v\u00e4ikesele packerile realistliku kumeruse, mis meenutab l\u00f5tvunud peenist. Pete on suurep\u00e4rane kaaslane ja mugav kanda kogu p\u00e4eva v\u00e4ltel.<\/p>\n<p>NB! Packer ei tule kaasa. K\u00fcll aga on meie tootevalikus eraldi m\u00fc\u00fcgil <a href=\"https:\/\/lustandlove.eu\/et\/toode\/packer-by-wetforher\/\">Wet For Her Packerid<\/a>, mis on saadaval kolmes suuruses ja v\u00e4rvis.<\/p>\n<ul>\n<li>Kangast taskut on v\u00f5imalik avada ja sulgeda, niiet saad valida kas soovid packerit naha vastas v\u00f5i mitte<\/li>\n<li>Kummist aas hoiab packerit kindlalt paigal<\/li>\n<li>Saadaval kuues erinevas suuruses<\/li>\n<\/ul>\n<p><b>V\u00e4ike <\/b>V\u00f6\u00f6\u00fcmberm\u00f5\u00f5t 71-76cm<br \/>\n<b>Keskmine <\/b>V\u00f6\u00f6\u00fcmberm\u00f5\u00f5t 81-86cm<br \/>\n<b>Suur <\/b>V\u00f6\u00f6\u00fcmberm\u00f5\u00f5t 91-96cm<br \/>\n<b>XL <\/b>V\u00f6\u00f6\u00fcmberm\u00f5\u00f5t 101-106cm<br \/>\n<b>2XL <\/b>V\u00f6\u00f6\u00fcmberm\u00f5\u00f5t 111-116cm<br \/>\n<b>3XL<\/b> V\u00f6\u00f6\u00fcmberm\u00f5\u00f5t 122-127cm<\/p>\n<p>&nbsp;<\/p>\n","protected":false},"excerpt":{"rendered":"<p>Pete Trunks on l\u00fchikesed, sirge l\u00f5ikega bokserid igap\u00e4evaseks kandmiseks. Need sarnanevad tavalistele bokseritele, kuid erinevuseks on see, et Pete aluspesu mudelitel on avatud esiosa. See teeb STP stiilis <em>packeri<\/em> kasutamise veelgi mugavamaks.<\/p>\n<p>&nbsp;<\/p>\n","protected":false},"featured_media":46718,"template":"","meta":[],"product_brand":[4240],"product_cat":[1497,1496,1484],"product_tag":[],"class_list":{"0":"post-49316","1":"product","2":"type-product","3":"status-publish","4":"has-post-thumbnail","6":"product_brand-spareparts-et","7":"product_cat-aksessuaarid","8":"product_cat-lgbtq-et","9":"product_cat-sekslelud","10":"pa_brand-spareparts-et","12":"first","13":"instock","14":"taxable","15":"shipping-taxable","16":"purchasable","17":"product-type-variable"},"yoast_head":"<!-- This site is optimized with the Yoast SEO plugin v27.3 - https:\/\/yoast.com\/product\/yoast-seo-wordpress\/ -->\n<title>Pete Trunks | Lust and Love<\/title>\n<meta name=\"robots\" content=\"index,follow,max-snippet:-1,max-image-preview:large,max-video-preview:-1\" \/>\n<link rel=\"canonical\" href=\"https:\/\/lustandlove.eu\/et\/toode\/pete-trunks-by-spareparts\/\" \/>\n<meta name=\"twitter:card\" content=\"summary_large_image\" \/>\n<meta name=\"twitter:title\" content=\"Pete Trunks | Lust and Love\" \/>\n<meta name=\"twitter:description\" content=\"Pete Trunks on l\u00fchikesed, sirge l\u00f5ikega bokserid igap\u00e4evaseks kandmiseks. Need sarnanevad tavalistele bokseritele, kuid erinevuseks on see, et Pete aluspesu mudelitel on avatud esiosa. See teeb STP stiilis packeri kasutamise veelgi mugavamaks.  &nbsp;\" \/>\n<meta name=\"twitter:image\" content=\"https:\/\/lustandlove.eu\/wp-content\/uploads\/pete-trunks-spareparts-harness-for-men-rakmed-meestele-01.jpeg\" \/>\n<meta name=\"twitter:label1\" content=\"Est. reading time\" \/>\n\t<meta name=\"twitter:data1\" content=\"2 minutit\" \/>\n<script type=\"application\/ld+json\" class=\"yoast-schema-graph\">{\"@context\":\"https:\\\/\\\/schema.org\",\"@graph\":[{\"@type\":[\"WebPage\",\"ItemPage\"],\"@id\":\"https:\\\/\\\/lustandlove.eu\\\/et\\\/toode\\\/pete-trunks-by-spareparts\\\/\",\"url\":\"https:\\\/\\\/lustandlove.eu\\\/et\\\/toode\\\/pete-trunks-by-spareparts\\\/\",\"name\":\"Pete Trunks | Lust and Love\",\"isPartOf\":{\"@id\":\"https:\\\/\\\/lustandlove.eu\\\/et\\\/#website\"},\"primaryImageOfPage\":{\"@id\":\"https:\\\/\\\/lustandlove.eu\\\/et\\\/toode\\\/pete-trunks-by-spareparts\\\/#primaryimage\"},\"image\":{\"@id\":\"https:\\\/\\\/lustandlove.eu\\\/et\\\/toode\\\/pete-trunks-by-spareparts\\\/#primaryimage\"},\"thumbnailUrl\":\"https:\\\/\\\/lustandlove.eu\\\/wp-content\\\/uploads\\\/pete-trunks-spareparts-harness-for-men-rakmed-meestele-01.jpeg\",\"datePublished\":\"2021-05-28T04:15:33+00:00\",\"dateModified\":\"2026-04-13T07:44:27+00:00\",\"breadcrumb\":{\"@id\":\"https:\\\/\\\/lustandlove.eu\\\/et\\\/toode\\\/pete-trunks-by-spareparts\\\/#breadcrumb\"},\"inLanguage\":\"et\",\"potentialAction\":[{\"@type\":\"ReadAction\",\"target\":[\"https:\\\/\\\/lustandlove.eu\\\/et\\\/toode\\\/pete-trunks-by-spareparts\\\/\"]}]},{\"@type\":\"ImageObject\",\"inLanguage\":\"et\",\"@id\":\"https:\\\/\\\/lustandlove.eu\\\/et\\\/toode\\\/pete-trunks-by-spareparts\\\/#primaryimage\",\"url\":\"https:\\\/\\\/lustandlove.eu\\\/wp-content\\\/uploads\\\/pete-trunks-spareparts-harness-for-men-rakmed-meestele-01.jpeg\",\"contentUrl\":\"https:\\\/\\\/lustandlove.eu\\\/wp-content\\\/uploads\\\/pete-trunks-spareparts-harness-for-men-rakmed-meestele-01.jpeg\",\"width\":630,\"height\":943},{\"@type\":\"BreadcrumbList\",\"@id\":\"https:\\\/\\\/lustandlove.eu\\\/et\\\/toode\\\/pete-trunks-by-spareparts\\\/#breadcrumb\",\"itemListElement\":[{\"@type\":\"ListItem\",\"position\":1,\"name\":\"Lust and Love\",\"item\":\"https:\\\/\\\/lustandlove.eu\\\/et\\\/\"},{\"@type\":\"ListItem\",\"position\":2,\"name\":\"Pood\",\"item\":\"https:\\\/\\\/lustandlove.eu\\\/et\\\/pood\\\/\"},{\"@type\":\"ListItem\",\"position\":3,\"name\":\"Sekslelud\",\"item\":\"https:\\\/\\\/lustandlove.eu\\\/et\\\/pood\\\/sekslelud\\\/\"},{\"@type\":\"ListItem\",\"position\":4,\"name\":\"LGBTQ\",\"item\":\"https:\\\/\\\/lustandlove.eu\\\/et\\\/pood\\\/sekslelud\\\/lgbtq-et\\\/\"},{\"@type\":\"ListItem\",\"position\":5,\"name\":\"Aksessuaarid\",\"item\":\"https:\\\/\\\/lustandlove.eu\\\/et\\\/pood\\\/sekslelud\\\/lgbtq-et\\\/aksessuaarid\\\/\"},{\"@type\":\"ListItem\",\"position\":6,\"name\":\"Pete Trunks\"}]},{\"@type\":\"WebSite\",\"@id\":\"https:\\\/\\\/lustandlove.eu\\\/et\\\/#website\",\"url\":\"https:\\\/\\\/lustandlove.eu\\\/et\\\/\",\"name\":\"Lust &amp; Love\",\"description\":\"Online erootikapood tervise, ilu ja armastuse jaoks\",\"publisher\":{\"@id\":\"https:\\\/\\\/lustandlove.eu\\\/et\\\/#organization\"},\"potentialAction\":[{\"@type\":\"SearchAction\",\"target\":{\"@type\":\"EntryPoint\",\"urlTemplate\":\"https:\\\/\\\/lustandlove.eu\\\/et\\\/?s={search_term_string}\"},\"query-input\":{\"@type\":\"PropertyValueSpecification\",\"valueRequired\":true,\"valueName\":\"search_term_string\"}}],\"inLanguage\":\"et\"},{\"@type\":\"Organization\",\"@id\":\"https:\\\/\\\/lustandlove.eu\\\/et\\\/#organization\",\"name\":\"Bioconcept Baltics O\u00dc\",\"url\":\"https:\\\/\\\/lustandlove.eu\\\/et\\\/\",\"logo\":{\"@type\":\"ImageObject\",\"inLanguage\":\"et\",\"@id\":\"https:\\\/\\\/lustandlove.eu\\\/et\\\/#\\\/schema\\\/logo\\\/image\\\/\",\"url\":\"\",\"contentUrl\":\"\",\"caption\":\"Bioconcept Baltics O\u00dc\"},\"image\":{\"@id\":\"https:\\\/\\\/lustandlove.eu\\\/et\\\/#\\\/schema\\\/logo\\\/image\\\/\"},\"sameAs\":[\"https:\\\/\\\/www.facebook.com\\\/LustandLoveEU\\\/\",\"https:\\\/\\\/www.instagram.com\\\/lustandloveeu\\\/\"]}]}<\/script>\n<!-- \/ Yoast SEO plugin. -->","yoast_head_json":{"title":"Pete Trunks | Lust and Love","robots":{"index,follow,max-snippet":"index,follow,max-snippet:-1,max-image-preview:large,max-video-preview:-1"},"canonical":"https:\/\/lustandlove.eu\/et\/toode\/pete-trunks-by-spareparts\/","twitter_card":"summary_large_image","twitter_title":"Pete Trunks | Lust and Love","twitter_description":"Pete Trunks on l\u00fchikesed, sirge l\u00f5ikega bokserid igap\u00e4evaseks kandmiseks. Need sarnanevad tavalistele bokseritele, kuid erinevuseks on see, et Pete aluspesu mudelitel on avatud esiosa. See teeb STP stiilis packeri kasutamise veelgi mugavamaks.  &nbsp;","twitter_image":"https:\/\/lustandlove.eu\/wp-content\/uploads\/pete-trunks-spareparts-harness-for-men-rakmed-meestele-01.jpeg","twitter_misc":{"Est. reading time":"2 minutit"},"schema":{"@context":"https:\/\/schema.org","@graph":[{"@type":["WebPage","ItemPage"],"@id":"https:\/\/lustandlove.eu\/et\/toode\/pete-trunks-by-spareparts\/","url":"https:\/\/lustandlove.eu\/et\/toode\/pete-trunks-by-spareparts\/","name":"Pete Trunks | Lust and Love","isPartOf":{"@id":"https:\/\/lustandlove.eu\/et\/#website"},"primaryImageOfPage":{"@id":"https:\/\/lustandlove.eu\/et\/toode\/pete-trunks-by-spareparts\/#primaryimage"},"image":{"@id":"https:\/\/lustandlove.eu\/et\/toode\/pete-trunks-by-spareparts\/#primaryimage"},"thumbnailUrl":"https:\/\/lustandlove.eu\/wp-content\/uploads\/pete-trunks-spareparts-harness-for-men-rakmed-meestele-01.jpeg","datePublished":"2021-05-28T04:15:33+00:00","dateModified":"2026-04-13T07:44:27+00:00","breadcrumb":{"@id":"https:\/\/lustandlove.eu\/et\/toode\/pete-trunks-by-spareparts\/#breadcrumb"},"inLanguage":"et","potentialAction":[{"@type":"ReadAction","target":["https:\/\/lustandlove.eu\/et\/toode\/pete-trunks-by-spareparts\/"]}]},{"@type":"ImageObject","inLanguage":"et","@id":"https:\/\/lustandlove.eu\/et\/toode\/pete-trunks-by-spareparts\/#primaryimage","url":"https:\/\/lustandlove.eu\/wp-content\/uploads\/pete-trunks-spareparts-harness-for-men-rakmed-meestele-01.jpeg","contentUrl":"https:\/\/lustandlove.eu\/wp-content\/uploads\/pete-trunks-spareparts-harness-for-men-rakmed-meestele-01.jpeg","width":630,"height":943},{"@type":"BreadcrumbList","@id":"https:\/\/lustandlove.eu\/et\/toode\/pete-trunks-by-spareparts\/#breadcrumb","itemListElement":[{"@type":"ListItem","position":1,"name":"Lust and Love","item":"https:\/\/lustandlove.eu\/et\/"},{"@type":"ListItem","position":2,"name":"Pood","item":"https:\/\/lustandlove.eu\/et\/pood\/"},{"@type":"ListItem","position":3,"name":"Sekslelud","item":"https:\/\/lustandlove.eu\/et\/pood\/sekslelud\/"},{"@type":"ListItem","position":4,"name":"LGBTQ","item":"https:\/\/lustandlove.eu\/et\/pood\/sekslelud\/lgbtq-et\/"},{"@type":"ListItem","position":5,"name":"Aksessuaarid","item":"https:\/\/lustandlove.eu\/et\/pood\/sekslelud\/lgbtq-et\/aksessuaarid\/"},{"@type":"ListItem","position":6,"name":"Pete Trunks"}]},{"@type":"WebSite","@id":"https:\/\/lustandlove.eu\/et\/#website","url":"https:\/\/lustandlove.eu\/et\/","name":"Lust &amp; Love","description":"Online erootikapood tervise, ilu ja armastuse jaoks","publisher":{"@id":"https:\/\/lustandlove.eu\/et\/#organization"},"potentialAction":[{"@type":"SearchAction","target":{"@type":"EntryPoint","urlTemplate":"https:\/\/lustandlove.eu\/et\/?s={search_term_string}"},"query-input":{"@type":"PropertyValueSpecification","valueRequired":true,"valueName":"search_term_string"}}],"inLanguage":"et"},{"@type":"Organization","@id":"https:\/\/lustandlove.eu\/et\/#organization","name":"Bioconcept Baltics O\u00dc","url":"https:\/\/lustandlove.eu\/et\/","logo":{"@type":"ImageObject","inLanguage":"et","@id":"https:\/\/lustandlove.eu\/et\/#\/schema\/logo\/image\/","url":"","contentUrl":"","caption":"Bioconcept Baltics O\u00dc"},"image":{"@id":"https:\/\/lustandlove.eu\/et\/#\/schema\/logo\/image\/"},"sameAs":["https:\/\/www.facebook.com\/LustandLoveEU\/","https:\/\/www.instagram.com\/lustandloveeu\/"]}]}},"_links":{"self":[{"href":"https:\/\/lustandlove.eu\/et\/wp-json\/wp\/v2\/product\/49316","targetHints":{"allow":["GET"]}}],"collection":[{"href":"https:\/\/lustandlove.eu\/et\/wp-json\/wp\/v2\/product"}],"about":[{"href":"https:\/\/lustandlove.eu\/et\/wp-json\/wp\/v2\/types\/product"}],"wp:featuredmedia":[{"embeddable":true,"href":"https:\/\/lustandlove.eu\/et\/wp-json\/wp\/v2\/media\/46718"}],"wp:attachment":[{"href":"https:\/\/lustandlove.eu\/et\/wp-json\/wp\/v2\/media?parent=49316"}],"wp:term":[{"taxonomy":"product_brand","embeddable":true,"href":"https:\/\/lustandlove.eu\/et\/wp-json\/wp\/v2\/product_brand?post=49316"},{"taxonomy":"product_cat","embeddable":true,"href":"https:\/\/lustandlove.eu\/et\/wp-json\/wp\/v2\/product_cat?post=49316"},{"taxonomy":"product_tag","embeddable":true,"href":"https:\/\/lustandlove.eu\/et\/wp-json\/wp\/v2\/product_tag?post=49316"}],"curies":[{"name":"wp","href":"https:\/\/api.w.org\/{rel}","templated":true}]}}