{"id":49394,"date":"2021-05-28T07:12:35","date_gmt":"2021-05-28T04:12:35","guid":{"rendered":"https:\/\/www.lustandlove.eu\/product\/sasha-spareparts-harness\/"},"modified":"2026-04-13T10:44:29","modified_gmt":"2026-04-13T07:44:29","slug":"sasha-spareparts-harness","status":"publish","type":"product","link":"https:\/\/lustandlove.eu\/et\/toode\/sasha-spareparts-harness\/","title":{"rendered":"Sasha Harness"},"content":{"rendered":"<p>Libista endale jalga ning naudi! Sasha\u00a0rakmed\u00a0n\u00e4evad \u00fclimat v\u00e4ljakutsuvad ja seksikad v\u00e4lja. Nad \u00fctlevad ole \u00fcleannetu, aga paista viisakas.<\/p>\n<p><strong>Bella rakmete spetsifikatsioonid<\/strong><\/p>\n<ul>\n<li>T\u00e4iustatud disain v\u00f5imaldab rakmed jalga panna ja \u00e4ra v\u00f5tta sama h\u00f5lpsalt nagu pesu<\/li>\n<li>Kaks v\u00e4limust \u00fches \u2013 p\u00fcksid saab \u00fcles t\u00f5mmata tekitades k\u00f5rge l\u00f5ikega p\u00fcksikud<\/li>\n<li>Sisse ehitatud tugi tagabsobivuse ja t\u00e4ieliku kontrolli<\/li>\n<li>J\u00e4ik, kuid paindlik elastikust v\u00f6\u00f6 r\u00f5hutab puusi<\/li>\n<li>Ei mingeid h\u00f5\u00f5ruvaid pandlaid, rippuvaid rihme ega n\u00e4pistavaid kohti<\/li>\n<li>Materjal viib \u00fcleliigse niiskuse kehast eemale, hoides sind jahedana, kui olukord l\u00e4heb liiga kuumaks<\/li>\n<li>Kaks sisemist taskut mini vibraatorite jaoks (minivibraatorid ei kuulu komplekti)<\/li>\n<li>Mugavalt mahutab lelusid diameetriga 3.17-5.71 cm (1.25-2.25 tolli)<\/li>\n<li>Lihtne lelude vahetamine<\/li>\n<li>Lennujaamas\u00f5bralik, pole metallist osakesi<\/li>\n<li>Tugev, veniv materjal ei kaota oma kuju isegi rohke kasutuse korral<\/li>\n<\/ul>\n<p><strong>Komplekt sisaldab<\/strong><\/p>\n<ul>\n<li>Sisemised minivibraatoritse taskud (komplekt ei sisaldavibraatoreid)<\/li>\n<li>Neli eemaldatavat sukahoidjat<\/li>\n<li>Samast materjalist hoiustamiskott koos luku ja sisemiste taskutega<\/li>\n<li>Mustast v\u00f5rgust lukuga pesukott<\/li>\n<li>1-aastane garantii<\/li>\n<\/ul>\n<div class=\"table-frame\">\n<div class=\"table-wrapper\">\n<table style=\"height: 73px;\" width=\"442\">\n<tbody>\n<tr>\n<td>Suurused<\/td>\n<td>XS<\/td>\n<td>S<\/td>\n<td>M<\/td>\n<td>L<\/td>\n<td>XL<\/td>\n<\/tr>\n<tr>\n<td>V\u00f6\u00f6 (cm)<\/td>\n<td>66 \u2013 71<\/td>\n<td>73 \u2013 81<\/td>\n<td>83 \u2013 94<\/td>\n<td>96 \u2013 101<\/td>\n<td>104 \u2013 111<\/td>\n<\/tr>\n<tr>\n<td><\/td>\n<td><\/td>\n<td><\/td>\n<td><\/td>\n<td><\/td>\n<td><\/td>\n<\/tr>\n<\/tbody>\n<\/table>\n<\/div>\n<\/div>\n","protected":false},"excerpt":{"rendered":"<p>Couture stiilis pesurakmed annavad v\u00f5imaluse m\u00e4ngida kahes erinevas stiilis \u2013 \u00fclest\u00f5mmatud l\u00fchikesed p\u00fcksid ja k\u00f5rge l\u00f5ikega p\u00fcksikud.<\/p>\n","protected":false},"featured_media":46640,"template":"","meta":[],"product_brand":[4240],"product_cat":[1496,1500],"product_tag":[3388,1525],"class_list":{"0":"post-49394","1":"product","2":"type-product","3":"status-publish","4":"has-post-thumbnail","6":"product_brand-spareparts-et","7":"product_cat-lgbtq-et","8":"product_cat-strap-onid","9":"product_tag-pride-et","10":"product_tag-rakmed","11":"pa_brand-spareparts-et","13":"first","14":"instock","15":"purchasable","16":"product-type-variable"},"yoast_head":"<!-- This site is optimized with the Yoast SEO plugin v27.3 - https:\/\/yoast.com\/product\/yoast-seo-wordpress\/ -->\n<title>Sasha Harness | Lust and Love<\/title>\n<meta name=\"robots\" content=\"index,follow,max-snippet:-1,max-image-preview:large,max-video-preview:-1\" \/>\n<link rel=\"canonical\" href=\"https:\/\/lustandlove.eu\/et\/toode\/sasha-spareparts-harness\/\" \/>\n<meta name=\"twitter:card\" content=\"summary_large_image\" \/>\n<meta name=\"twitter:title\" content=\"Sasha Harness | Lust and Love\" \/>\n<meta name=\"twitter:description\" content=\"Couture stiilis pesurakmed annavad v\u00f5imaluse m\u00e4ngida kahes erinevas stiilis \u2013 \u00fclest\u00f5mmatud l\u00fchikesed p\u00fcksid ja k\u00f5rge l\u00f5ikega p\u00fcksikud.\" \/>\n<meta name=\"twitter:image\" content=\"https:\/\/lustandlove.eu\/wp-content\/uploads\/sasha-spareparts-strap-on-with-stockings-rakmed-naistele-01.jpeg\" \/>\n<meta name=\"twitter:label1\" content=\"Est. reading time\" \/>\n\t<meta name=\"twitter:data1\" content=\"1 minut\" \/>\n<script type=\"application\/ld+json\" class=\"yoast-schema-graph\">{\"@context\":\"https:\\\/\\\/schema.org\",\"@graph\":[{\"@type\":[\"WebPage\",\"ItemPage\"],\"@id\":\"https:\\\/\\\/lustandlove.eu\\\/et\\\/toode\\\/sasha-spareparts-harness\\\/\",\"url\":\"https:\\\/\\\/lustandlove.eu\\\/et\\\/toode\\\/sasha-spareparts-harness\\\/\",\"name\":\"Sasha Harness | Lust and Love\",\"isPartOf\":{\"@id\":\"https:\\\/\\\/lustandlove.eu\\\/et\\\/#website\"},\"primaryImageOfPage\":{\"@id\":\"https:\\\/\\\/lustandlove.eu\\\/et\\\/toode\\\/sasha-spareparts-harness\\\/#primaryimage\"},\"image\":{\"@id\":\"https:\\\/\\\/lustandlove.eu\\\/et\\\/toode\\\/sasha-spareparts-harness\\\/#primaryimage\"},\"thumbnailUrl\":\"https:\\\/\\\/lustandlove.eu\\\/wp-content\\\/uploads\\\/sasha-spareparts-strap-on-with-stockings-rakmed-naistele-01.jpeg\",\"datePublished\":\"2021-05-28T04:12:35+00:00\",\"dateModified\":\"2026-04-13T07:44:29+00:00\",\"breadcrumb\":{\"@id\":\"https:\\\/\\\/lustandlove.eu\\\/et\\\/toode\\\/sasha-spareparts-harness\\\/#breadcrumb\"},\"inLanguage\":\"et\",\"potentialAction\":[{\"@type\":\"ReadAction\",\"target\":[\"https:\\\/\\\/lustandlove.eu\\\/et\\\/toode\\\/sasha-spareparts-harness\\\/\"]}]},{\"@type\":\"ImageObject\",\"inLanguage\":\"et\",\"@id\":\"https:\\\/\\\/lustandlove.eu\\\/et\\\/toode\\\/sasha-spareparts-harness\\\/#primaryimage\",\"url\":\"https:\\\/\\\/lustandlove.eu\\\/wp-content\\\/uploads\\\/sasha-spareparts-strap-on-with-stockings-rakmed-naistele-01.jpeg\",\"contentUrl\":\"https:\\\/\\\/lustandlove.eu\\\/wp-content\\\/uploads\\\/sasha-spareparts-strap-on-with-stockings-rakmed-naistele-01.jpeg\",\"width\":630,\"height\":943},{\"@type\":\"BreadcrumbList\",\"@id\":\"https:\\\/\\\/lustandlove.eu\\\/et\\\/toode\\\/sasha-spareparts-harness\\\/#breadcrumb\",\"itemListElement\":[{\"@type\":\"ListItem\",\"position\":1,\"name\":\"Lust and Love\",\"item\":\"https:\\\/\\\/lustandlove.eu\\\/et\\\/\"},{\"@type\":\"ListItem\",\"position\":2,\"name\":\"Pood\",\"item\":\"https:\\\/\\\/lustandlove.eu\\\/et\\\/pood\\\/\"},{\"@type\":\"ListItem\",\"position\":3,\"name\":\"Sasha Harness\"}]},{\"@type\":\"WebSite\",\"@id\":\"https:\\\/\\\/lustandlove.eu\\\/et\\\/#website\",\"url\":\"https:\\\/\\\/lustandlove.eu\\\/et\\\/\",\"name\":\"Lust &amp; Love\",\"description\":\"Online erootikapood tervise, ilu ja armastuse jaoks\",\"publisher\":{\"@id\":\"https:\\\/\\\/lustandlove.eu\\\/et\\\/#organization\"},\"potentialAction\":[{\"@type\":\"SearchAction\",\"target\":{\"@type\":\"EntryPoint\",\"urlTemplate\":\"https:\\\/\\\/lustandlove.eu\\\/et\\\/?s={search_term_string}\"},\"query-input\":{\"@type\":\"PropertyValueSpecification\",\"valueRequired\":true,\"valueName\":\"search_term_string\"}}],\"inLanguage\":\"et\"},{\"@type\":\"Organization\",\"@id\":\"https:\\\/\\\/lustandlove.eu\\\/et\\\/#organization\",\"name\":\"Bioconcept Baltics O\u00dc\",\"url\":\"https:\\\/\\\/lustandlove.eu\\\/et\\\/\",\"logo\":{\"@type\":\"ImageObject\",\"inLanguage\":\"et\",\"@id\":\"https:\\\/\\\/lustandlove.eu\\\/et\\\/#\\\/schema\\\/logo\\\/image\\\/\",\"url\":\"\",\"contentUrl\":\"\",\"caption\":\"Bioconcept Baltics O\u00dc\"},\"image\":{\"@id\":\"https:\\\/\\\/lustandlove.eu\\\/et\\\/#\\\/schema\\\/logo\\\/image\\\/\"},\"sameAs\":[\"https:\\\/\\\/www.facebook.com\\\/LustandLoveEU\\\/\",\"https:\\\/\\\/www.instagram.com\\\/lustandloveeu\\\/\"]}]}<\/script>\n<!-- \/ Yoast SEO plugin. -->","yoast_head_json":{"title":"Sasha Harness | Lust and Love","robots":{"index,follow,max-snippet":"index,follow,max-snippet:-1,max-image-preview:large,max-video-preview:-1"},"canonical":"https:\/\/lustandlove.eu\/et\/toode\/sasha-spareparts-harness\/","twitter_card":"summary_large_image","twitter_title":"Sasha Harness | Lust and Love","twitter_description":"Couture stiilis pesurakmed annavad v\u00f5imaluse m\u00e4ngida kahes erinevas stiilis \u2013 \u00fclest\u00f5mmatud l\u00fchikesed p\u00fcksid ja k\u00f5rge l\u00f5ikega p\u00fcksikud.","twitter_image":"https:\/\/lustandlove.eu\/wp-content\/uploads\/sasha-spareparts-strap-on-with-stockings-rakmed-naistele-01.jpeg","twitter_misc":{"Est. reading time":"1 minut"},"schema":{"@context":"https:\/\/schema.org","@graph":[{"@type":["WebPage","ItemPage"],"@id":"https:\/\/lustandlove.eu\/et\/toode\/sasha-spareparts-harness\/","url":"https:\/\/lustandlove.eu\/et\/toode\/sasha-spareparts-harness\/","name":"Sasha Harness | Lust and Love","isPartOf":{"@id":"https:\/\/lustandlove.eu\/et\/#website"},"primaryImageOfPage":{"@id":"https:\/\/lustandlove.eu\/et\/toode\/sasha-spareparts-harness\/#primaryimage"},"image":{"@id":"https:\/\/lustandlove.eu\/et\/toode\/sasha-spareparts-harness\/#primaryimage"},"thumbnailUrl":"https:\/\/lustandlove.eu\/wp-content\/uploads\/sasha-spareparts-strap-on-with-stockings-rakmed-naistele-01.jpeg","datePublished":"2021-05-28T04:12:35+00:00","dateModified":"2026-04-13T07:44:29+00:00","breadcrumb":{"@id":"https:\/\/lustandlove.eu\/et\/toode\/sasha-spareparts-harness\/#breadcrumb"},"inLanguage":"et","potentialAction":[{"@type":"ReadAction","target":["https:\/\/lustandlove.eu\/et\/toode\/sasha-spareparts-harness\/"]}]},{"@type":"ImageObject","inLanguage":"et","@id":"https:\/\/lustandlove.eu\/et\/toode\/sasha-spareparts-harness\/#primaryimage","url":"https:\/\/lustandlove.eu\/wp-content\/uploads\/sasha-spareparts-strap-on-with-stockings-rakmed-naistele-01.jpeg","contentUrl":"https:\/\/lustandlove.eu\/wp-content\/uploads\/sasha-spareparts-strap-on-with-stockings-rakmed-naistele-01.jpeg","width":630,"height":943},{"@type":"BreadcrumbList","@id":"https:\/\/lustandlove.eu\/et\/toode\/sasha-spareparts-harness\/#breadcrumb","itemListElement":[{"@type":"ListItem","position":1,"name":"Lust and Love","item":"https:\/\/lustandlove.eu\/et\/"},{"@type":"ListItem","position":2,"name":"Pood","item":"https:\/\/lustandlove.eu\/et\/pood\/"},{"@type":"ListItem","position":3,"name":"Sasha Harness"}]},{"@type":"WebSite","@id":"https:\/\/lustandlove.eu\/et\/#website","url":"https:\/\/lustandlove.eu\/et\/","name":"Lust &amp; Love","description":"Online erootikapood tervise, ilu ja armastuse jaoks","publisher":{"@id":"https:\/\/lustandlove.eu\/et\/#organization"},"potentialAction":[{"@type":"SearchAction","target":{"@type":"EntryPoint","urlTemplate":"https:\/\/lustandlove.eu\/et\/?s={search_term_string}"},"query-input":{"@type":"PropertyValueSpecification","valueRequired":true,"valueName":"search_term_string"}}],"inLanguage":"et"},{"@type":"Organization","@id":"https:\/\/lustandlove.eu\/et\/#organization","name":"Bioconcept Baltics O\u00dc","url":"https:\/\/lustandlove.eu\/et\/","logo":{"@type":"ImageObject","inLanguage":"et","@id":"https:\/\/lustandlove.eu\/et\/#\/schema\/logo\/image\/","url":"","contentUrl":"","caption":"Bioconcept Baltics O\u00dc"},"image":{"@id":"https:\/\/lustandlove.eu\/et\/#\/schema\/logo\/image\/"},"sameAs":["https:\/\/www.facebook.com\/LustandLoveEU\/","https:\/\/www.instagram.com\/lustandloveeu\/"]}]}},"_links":{"self":[{"href":"https:\/\/lustandlove.eu\/et\/wp-json\/wp\/v2\/product\/49394","targetHints":{"allow":["GET"]}}],"collection":[{"href":"https:\/\/lustandlove.eu\/et\/wp-json\/wp\/v2\/product"}],"about":[{"href":"https:\/\/lustandlove.eu\/et\/wp-json\/wp\/v2\/types\/product"}],"wp:featuredmedia":[{"embeddable":true,"href":"https:\/\/lustandlove.eu\/et\/wp-json\/wp\/v2\/media\/46640"}],"wp:attachment":[{"href":"https:\/\/lustandlove.eu\/et\/wp-json\/wp\/v2\/media?parent=49394"}],"wp:term":[{"taxonomy":"product_brand","embeddable":true,"href":"https:\/\/lustandlove.eu\/et\/wp-json\/wp\/v2\/product_brand?post=49394"},{"taxonomy":"product_cat","embeddable":true,"href":"https:\/\/lustandlove.eu\/et\/wp-json\/wp\/v2\/product_cat?post=49394"},{"taxonomy":"product_tag","embeddable":true,"href":"https:\/\/lustandlove.eu\/et\/wp-json\/wp\/v2\/product_tag?post=49394"}],"curies":[{"name":"wp","href":"https:\/\/api.w.org\/{rel}","templated":true}]}}