{"id":49411,"date":"2021-05-28T07:12:35","date_gmt":"2021-05-28T04:12:35","guid":{"rendered":"https:\/\/www.lustandlove.eu\/product\/bella-spareparts-harness\/"},"modified":"2026-04-13T10:44:28","modified_gmt":"2026-04-13T07:44:28","slug":"bella-spareparts-harness","status":"publish","type":"product","link":"https:\/\/lustandlove.eu\/et\/toode\/bella-spareparts-harness\/","title":{"rendered":"Bella Harness"},"content":{"rendered":"<p>T\u00e4iustatud disain v\u00f5imaldab rakmed jalga panna ja \u00e4ra v\u00f5tta sama h\u00f5lpsalt nagu pesu. Kaunis elastikust pits ja ideaalne v\u00e4ike tagumine avaus. Sisse ehitatud tugi tagabsobivuse ja t\u00e4ieliku kontrolli. Ei mingeid h\u00f5\u00f5ruvaid pandlaid, rippuvaid rihme ega n\u00e4pistavaid kohti!<\/p>\n","protected":false},"excerpt":{"rendered":"<p>T\u00e4iustatud disain v\u00f5imaldab rakmed jalga panna ja \u00e4ra v\u00f5tta sama h\u00f5lpsalt nagu pesu.<\/p>\n","protected":false},"featured_media":46658,"template":"","meta":[],"product_brand":[4240],"product_cat":[1496,1500],"product_tag":[],"class_list":{"0":"post-49411","1":"product","2":"type-product","3":"status-publish","4":"has-post-thumbnail","6":"product_brand-spareparts-et","7":"product_cat-lgbtq-et","8":"product_cat-strap-onid","9":"pa_brand-spareparts-et","11":"first","12":"instock","13":"purchasable","14":"product-type-variable"},"yoast_head":"<!-- This site is optimized with the Yoast SEO plugin v27.3 - https:\/\/yoast.com\/product\/yoast-seo-wordpress\/ -->\n<title>Bella Harness | Lust &amp; Love Adult Toy Store<\/title>\n<meta name=\"robots\" content=\"index,follow,max-snippet:-1,max-image-preview:large,max-video-preview:-1\" \/>\n<link rel=\"canonical\" href=\"https:\/\/lustandlove.eu\/et\/toode\/bella-spareparts-harness\/\" \/>\n<meta name=\"twitter:card\" content=\"summary_large_image\" \/>\n<meta name=\"twitter:title\" content=\"Bella Harness | Lust &amp; Love Adult Toy Store\" \/>\n<meta name=\"twitter:description\" content=\"T\u00e4iustatud disain v\u00f5imaldab rakmed jalga panna ja \u00e4ra v\u00f5tta sama h\u00f5lpsalt nagu pesu.\" \/>\n<meta name=\"twitter:image\" content=\"https:\/\/lustandlove.eu\/wp-content\/uploads\/bella-spareparts-black-strap-on-with-slit-rakmed-naistele-01.jpeg\" \/>\n<script type=\"application\/ld+json\" class=\"yoast-schema-graph\">{\"@context\":\"https:\\\/\\\/schema.org\",\"@graph\":[{\"@type\":[\"WebPage\",\"ItemPage\"],\"@id\":\"https:\\\/\\\/lustandlove.eu\\\/et\\\/toode\\\/bella-spareparts-harness\\\/\",\"url\":\"https:\\\/\\\/lustandlove.eu\\\/et\\\/toode\\\/bella-spareparts-harness\\\/\",\"name\":\"Bella Harness | Lust & Love Adult Toy Store\",\"isPartOf\":{\"@id\":\"https:\\\/\\\/lustandlove.eu\\\/et\\\/#website\"},\"primaryImageOfPage\":{\"@id\":\"https:\\\/\\\/lustandlove.eu\\\/et\\\/toode\\\/bella-spareparts-harness\\\/#primaryimage\"},\"image\":{\"@id\":\"https:\\\/\\\/lustandlove.eu\\\/et\\\/toode\\\/bella-spareparts-harness\\\/#primaryimage\"},\"thumbnailUrl\":\"https:\\\/\\\/lustandlove.eu\\\/wp-content\\\/uploads\\\/bella-spareparts-black-strap-on-with-slit-rakmed-naistele-01.jpeg\",\"datePublished\":\"2021-05-28T04:12:35+00:00\",\"dateModified\":\"2026-04-13T07:44:28+00:00\",\"breadcrumb\":{\"@id\":\"https:\\\/\\\/lustandlove.eu\\\/et\\\/toode\\\/bella-spareparts-harness\\\/#breadcrumb\"},\"inLanguage\":\"et\",\"potentialAction\":[{\"@type\":\"ReadAction\",\"target\":[\"https:\\\/\\\/lustandlove.eu\\\/et\\\/toode\\\/bella-spareparts-harness\\\/\"]}]},{\"@type\":\"ImageObject\",\"inLanguage\":\"et\",\"@id\":\"https:\\\/\\\/lustandlove.eu\\\/et\\\/toode\\\/bella-spareparts-harness\\\/#primaryimage\",\"url\":\"https:\\\/\\\/lustandlove.eu\\\/wp-content\\\/uploads\\\/bella-spareparts-black-strap-on-with-slit-rakmed-naistele-01.jpeg\",\"contentUrl\":\"https:\\\/\\\/lustandlove.eu\\\/wp-content\\\/uploads\\\/bella-spareparts-black-strap-on-with-slit-rakmed-naistele-01.jpeg\",\"width\":630,\"height\":943},{\"@type\":\"BreadcrumbList\",\"@id\":\"https:\\\/\\\/lustandlove.eu\\\/et\\\/toode\\\/bella-spareparts-harness\\\/#breadcrumb\",\"itemListElement\":[{\"@type\":\"ListItem\",\"position\":1,\"name\":\"Lust and Love\",\"item\":\"https:\\\/\\\/lustandlove.eu\\\/et\\\/\"},{\"@type\":\"ListItem\",\"position\":2,\"name\":\"Pood\",\"item\":\"https:\\\/\\\/lustandlove.eu\\\/et\\\/pood\\\/\"},{\"@type\":\"ListItem\",\"position\":3,\"name\":\"Bella Harness\"}]},{\"@type\":\"WebSite\",\"@id\":\"https:\\\/\\\/lustandlove.eu\\\/et\\\/#website\",\"url\":\"https:\\\/\\\/lustandlove.eu\\\/et\\\/\",\"name\":\"Lust &amp; Love\",\"description\":\"Online erootikapood tervise, ilu ja armastuse jaoks\",\"publisher\":{\"@id\":\"https:\\\/\\\/lustandlove.eu\\\/et\\\/#organization\"},\"potentialAction\":[{\"@type\":\"SearchAction\",\"target\":{\"@type\":\"EntryPoint\",\"urlTemplate\":\"https:\\\/\\\/lustandlove.eu\\\/et\\\/?s={search_term_string}\"},\"query-input\":{\"@type\":\"PropertyValueSpecification\",\"valueRequired\":true,\"valueName\":\"search_term_string\"}}],\"inLanguage\":\"et\"},{\"@type\":\"Organization\",\"@id\":\"https:\\\/\\\/lustandlove.eu\\\/et\\\/#organization\",\"name\":\"Bioconcept Baltics O\u00dc\",\"url\":\"https:\\\/\\\/lustandlove.eu\\\/et\\\/\",\"logo\":{\"@type\":\"ImageObject\",\"inLanguage\":\"et\",\"@id\":\"https:\\\/\\\/lustandlove.eu\\\/et\\\/#\\\/schema\\\/logo\\\/image\\\/\",\"url\":\"\",\"contentUrl\":\"\",\"caption\":\"Bioconcept Baltics O\u00dc\"},\"image\":{\"@id\":\"https:\\\/\\\/lustandlove.eu\\\/et\\\/#\\\/schema\\\/logo\\\/image\\\/\"},\"sameAs\":[\"https:\\\/\\\/www.facebook.com\\\/LustandLoveEU\\\/\",\"https:\\\/\\\/www.instagram.com\\\/lustandloveeu\\\/\"]}]}<\/script>\n<!-- \/ Yoast SEO plugin. -->","yoast_head_json":{"title":"Bella Harness | Lust & Love Adult Toy Store","robots":{"index,follow,max-snippet":"index,follow,max-snippet:-1,max-image-preview:large,max-video-preview:-1"},"canonical":"https:\/\/lustandlove.eu\/et\/toode\/bella-spareparts-harness\/","twitter_card":"summary_large_image","twitter_title":"Bella Harness | Lust & Love Adult Toy Store","twitter_description":"T\u00e4iustatud disain v\u00f5imaldab rakmed jalga panna ja \u00e4ra v\u00f5tta sama h\u00f5lpsalt nagu pesu.","twitter_image":"https:\/\/lustandlove.eu\/wp-content\/uploads\/bella-spareparts-black-strap-on-with-slit-rakmed-naistele-01.jpeg","schema":{"@context":"https:\/\/schema.org","@graph":[{"@type":["WebPage","ItemPage"],"@id":"https:\/\/lustandlove.eu\/et\/toode\/bella-spareparts-harness\/","url":"https:\/\/lustandlove.eu\/et\/toode\/bella-spareparts-harness\/","name":"Bella Harness | Lust & Love Adult Toy Store","isPartOf":{"@id":"https:\/\/lustandlove.eu\/et\/#website"},"primaryImageOfPage":{"@id":"https:\/\/lustandlove.eu\/et\/toode\/bella-spareparts-harness\/#primaryimage"},"image":{"@id":"https:\/\/lustandlove.eu\/et\/toode\/bella-spareparts-harness\/#primaryimage"},"thumbnailUrl":"https:\/\/lustandlove.eu\/wp-content\/uploads\/bella-spareparts-black-strap-on-with-slit-rakmed-naistele-01.jpeg","datePublished":"2021-05-28T04:12:35+00:00","dateModified":"2026-04-13T07:44:28+00:00","breadcrumb":{"@id":"https:\/\/lustandlove.eu\/et\/toode\/bella-spareparts-harness\/#breadcrumb"},"inLanguage":"et","potentialAction":[{"@type":"ReadAction","target":["https:\/\/lustandlove.eu\/et\/toode\/bella-spareparts-harness\/"]}]},{"@type":"ImageObject","inLanguage":"et","@id":"https:\/\/lustandlove.eu\/et\/toode\/bella-spareparts-harness\/#primaryimage","url":"https:\/\/lustandlove.eu\/wp-content\/uploads\/bella-spareparts-black-strap-on-with-slit-rakmed-naistele-01.jpeg","contentUrl":"https:\/\/lustandlove.eu\/wp-content\/uploads\/bella-spareparts-black-strap-on-with-slit-rakmed-naistele-01.jpeg","width":630,"height":943},{"@type":"BreadcrumbList","@id":"https:\/\/lustandlove.eu\/et\/toode\/bella-spareparts-harness\/#breadcrumb","itemListElement":[{"@type":"ListItem","position":1,"name":"Lust and Love","item":"https:\/\/lustandlove.eu\/et\/"},{"@type":"ListItem","position":2,"name":"Pood","item":"https:\/\/lustandlove.eu\/et\/pood\/"},{"@type":"ListItem","position":3,"name":"Bella Harness"}]},{"@type":"WebSite","@id":"https:\/\/lustandlove.eu\/et\/#website","url":"https:\/\/lustandlove.eu\/et\/","name":"Lust &amp; Love","description":"Online erootikapood tervise, ilu ja armastuse jaoks","publisher":{"@id":"https:\/\/lustandlove.eu\/et\/#organization"},"potentialAction":[{"@type":"SearchAction","target":{"@type":"EntryPoint","urlTemplate":"https:\/\/lustandlove.eu\/et\/?s={search_term_string}"},"query-input":{"@type":"PropertyValueSpecification","valueRequired":true,"valueName":"search_term_string"}}],"inLanguage":"et"},{"@type":"Organization","@id":"https:\/\/lustandlove.eu\/et\/#organization","name":"Bioconcept Baltics O\u00dc","url":"https:\/\/lustandlove.eu\/et\/","logo":{"@type":"ImageObject","inLanguage":"et","@id":"https:\/\/lustandlove.eu\/et\/#\/schema\/logo\/image\/","url":"","contentUrl":"","caption":"Bioconcept Baltics O\u00dc"},"image":{"@id":"https:\/\/lustandlove.eu\/et\/#\/schema\/logo\/image\/"},"sameAs":["https:\/\/www.facebook.com\/LustandLoveEU\/","https:\/\/www.instagram.com\/lustandloveeu\/"]}]}},"_links":{"self":[{"href":"https:\/\/lustandlove.eu\/et\/wp-json\/wp\/v2\/product\/49411","targetHints":{"allow":["GET"]}}],"collection":[{"href":"https:\/\/lustandlove.eu\/et\/wp-json\/wp\/v2\/product"}],"about":[{"href":"https:\/\/lustandlove.eu\/et\/wp-json\/wp\/v2\/types\/product"}],"wp:featuredmedia":[{"embeddable":true,"href":"https:\/\/lustandlove.eu\/et\/wp-json\/wp\/v2\/media\/46658"}],"wp:attachment":[{"href":"https:\/\/lustandlove.eu\/et\/wp-json\/wp\/v2\/media?parent=49411"}],"wp:term":[{"taxonomy":"product_brand","embeddable":true,"href":"https:\/\/lustandlove.eu\/et\/wp-json\/wp\/v2\/product_brand?post=49411"},{"taxonomy":"product_cat","embeddable":true,"href":"https:\/\/lustandlove.eu\/et\/wp-json\/wp\/v2\/product_cat?post=49411"},{"taxonomy":"product_tag","embeddable":true,"href":"https:\/\/lustandlove.eu\/et\/wp-json\/wp\/v2\/product_tag?post=49411"}],"curies":[{"name":"wp","href":"https:\/\/api.w.org\/{rel}","templated":true}]}}