{"id":49425,"date":"2021-05-28T07:12:34","date_gmt":"2021-05-28T04:12:34","guid":{"rendered":"https:\/\/www.lustandlove.eu\/product\/tomboi-parterite-komplekt\/"},"modified":"2026-04-13T10:44:30","modified_gmt":"2026-04-13T07:44:30","slug":"tomboi-parterite-komplekt","status":"publish","type":"product","link":"https:\/\/lustandlove.eu\/et\/toode\/tomboi-parterite-komplekt\/","title":{"rendered":"Tomboi Partnerite Komplekt"},"content":{"rendered":"<p>Tomboi komplekt on julge ja veenev, Tomboi\u2019ga m\u00e4ngid omadel tingimustel \u2013 millal ise tahad, kuidas ise tahad. Ole valmis\u00a0Wet For Her\u00a0keskmise suurusega leluks Five, sisaldub komplektis.<\/p>\n<p>Tomboi p\u00fcksid on seksika v\u00e4ljan\u00e4gemise ning v\u00e4ga kvaliteetsetest materjalidest. Alustades eriti vastupidavast O-R\u00f5ngast l\u00f5petades pisikeste minivibraatorite taskutega ja lisatasku a la kondoomi jaoks. M\u00f5nus jalga t\u00f5mmaga, ei mingeid pandlaid, rippuvaid rihme ega h\u00f5\u00f5rdunud kohti. Kerge ja hingav materjal v\u00f5imaldab p\u00fckse p\u00e4ev l\u00e4bi kanda, iga p\u00e4ev. Ei mingeid metallist osi, mis lennujaamas h\u00e4ire t\u00f6\u00f6le paneks.<\/p>\n<p><strong>Keskmise suurusega Wet For Her \u201cFive\u201d lelu omadused:<\/strong><\/p>\n<ul>\n<li>100% K\u00f5rgkvaliteetsest meditsiinilisest silikoonist<\/li>\n<li>Pehme viimistlus<\/li>\n<li>Kergelt kaarjas, parema G-Punkti stimuleerimiseks<\/li>\n<li>Pariisis disainitud<\/li>\n<\/ul>\n<p>Pikkus: 16,5cm, Diameeter: 3,4cm<\/p>\n<p>Suurused: S-XL. \u00d5ige suuruse leidmiseks m\u00f5\u00f5da puusa\u00fcmberm\u00f5\u00f5t.<\/p>\n<p>S suurus: 73-82cm<br \/>\nM suurus: 83-95cm<br \/>\nL suurus: 96-103cm<br \/>\nX suurus: L104-113cm<\/p>\n","protected":false},"excerpt":{"rendered":"<p>Tomboi komplekt on julge ja veenev, Tomboi\u2019ga m\u00e4ngid omadel tingimustel \u2013 millal ise tahad, kuidas ise tahad. Ole valmis\u00a0Wet For Her\u00a0keskmise suurusega leluks Five, sisaldub komplektis.<\/p>\n","protected":false},"featured_media":46627,"template":"","meta":[],"product_brand":[4240,4246],"product_cat":[1496,1499,1500],"product_tag":[],"class_list":{"0":"post-49425","1":"product","2":"type-product","3":"status-publish","4":"has-post-thumbnail","6":"product_brand-spareparts-et","7":"product_brand-wet-for-her-et","8":"product_cat-lgbtq-et","9":"product_cat-strap-on-dildod","10":"product_cat-strap-onid","11":"pa_brand-spareparts-et","12":"pa_brand-wet-for-her-et","14":"first","15":"instock","16":"purchasable","17":"product-type-variable"},"yoast_head":"<!-- This site is optimized with the Yoast SEO plugin v27.3 - https:\/\/yoast.com\/product\/yoast-seo-wordpress\/ -->\n<title>TOMBOI Partner Pack from Spareparts | Lust &amp; Love Sex Shop<\/title>\n<meta name=\"description\" content=\"Tomboi komplekt on julge ja veenev, Tomboi\u2019ga m\u00e4ngid omadel tingimustel \u2013 millal ise tahad, kuidas ise tahad. Ole valmis\u00a0Wet For Her\u00a0keskmise suurusega leluks Five, sisaldub komplektis.\" \/>\n<meta name=\"robots\" content=\"index,follow,max-snippet:-1,max-image-preview:large,max-video-preview:-1\" \/>\n<link rel=\"canonical\" href=\"https:\/\/lustandlove.eu\/et\/toode\/tomboi-parterite-komplekt\/\" \/>\n<meta name=\"twitter:card\" content=\"summary_large_image\" \/>\n<meta name=\"twitter:title\" content=\"TOMBOI Partner Pack from Spareparts | Lust &amp; Love Sex Shop\" \/>\n<meta name=\"twitter:description\" content=\"Tomboi komplekt on julge ja veenev, Tomboi\u2019ga m\u00e4ngid omadel tingimustel \u2013 millal ise tahad, kuidas ise tahad. Ole valmis\u00a0Wet For Her\u00a0keskmise suurusega leluks Five, sisaldub komplektis.\" \/>\n<meta name=\"twitter:image\" content=\"https:\/\/lustandlove.eu\/wp-content\/uploads\/partner-pack-tomboi-by-spareparts-wtbstoy5bk_05.jpg\" \/>\n<meta name=\"twitter:label1\" content=\"Est. reading time\" \/>\n\t<meta name=\"twitter:data1\" content=\"1 minut\" \/>\n<script type=\"application\/ld+json\" class=\"yoast-schema-graph\">{\"@context\":\"https:\\\/\\\/schema.org\",\"@graph\":[{\"@type\":[\"WebPage\",\"ItemPage\"],\"@id\":\"https:\\\/\\\/lustandlove.eu\\\/et\\\/toode\\\/tomboi-parterite-komplekt\\\/\",\"url\":\"https:\\\/\\\/lustandlove.eu\\\/et\\\/toode\\\/tomboi-parterite-komplekt\\\/\",\"name\":\"TOMBOI Partner Pack from Spareparts | Lust & Love Sex Shop\",\"isPartOf\":{\"@id\":\"https:\\\/\\\/lustandlove.eu\\\/et\\\/#website\"},\"primaryImageOfPage\":{\"@id\":\"https:\\\/\\\/lustandlove.eu\\\/et\\\/toode\\\/tomboi-parterite-komplekt\\\/#primaryimage\"},\"image\":{\"@id\":\"https:\\\/\\\/lustandlove.eu\\\/et\\\/toode\\\/tomboi-parterite-komplekt\\\/#primaryimage\"},\"thumbnailUrl\":\"https:\\\/\\\/lustandlove.eu\\\/wp-content\\\/uploads\\\/partner-pack-tomboi-by-spareparts-wtbstoy5bk_05.jpg\",\"datePublished\":\"2021-05-28T04:12:34+00:00\",\"dateModified\":\"2026-04-13T07:44:30+00:00\",\"description\":\"Tomboi komplekt on julge ja veenev, Tomboi\u2019ga m\u00e4ngid omadel tingimustel \u2013 millal ise tahad, kuidas ise tahad. Ole valmis\u00a0Wet For Her\u00a0keskmise suurusega leluks Five, sisaldub komplektis.\",\"breadcrumb\":{\"@id\":\"https:\\\/\\\/lustandlove.eu\\\/et\\\/toode\\\/tomboi-parterite-komplekt\\\/#breadcrumb\"},\"inLanguage\":\"et\",\"potentialAction\":[{\"@type\":\"ReadAction\",\"target\":[\"https:\\\/\\\/lustandlove.eu\\\/et\\\/toode\\\/tomboi-parterite-komplekt\\\/\"]}]},{\"@type\":\"ImageObject\",\"inLanguage\":\"et\",\"@id\":\"https:\\\/\\\/lustandlove.eu\\\/et\\\/toode\\\/tomboi-parterite-komplekt\\\/#primaryimage\",\"url\":\"https:\\\/\\\/lustandlove.eu\\\/wp-content\\\/uploads\\\/partner-pack-tomboi-by-spareparts-wtbstoy5bk_05.jpg\",\"contentUrl\":\"https:\\\/\\\/lustandlove.eu\\\/wp-content\\\/uploads\\\/partner-pack-tomboi-by-spareparts-wtbstoy5bk_05.jpg\",\"width\":600,\"height\":600},{\"@type\":\"BreadcrumbList\",\"@id\":\"https:\\\/\\\/lustandlove.eu\\\/et\\\/toode\\\/tomboi-parterite-komplekt\\\/#breadcrumb\",\"itemListElement\":[{\"@type\":\"ListItem\",\"position\":1,\"name\":\"Lust and Love\",\"item\":\"https:\\\/\\\/lustandlove.eu\\\/et\\\/\"},{\"@type\":\"ListItem\",\"position\":2,\"name\":\"Pood\",\"item\":\"https:\\\/\\\/lustandlove.eu\\\/et\\\/pood\\\/\"},{\"@type\":\"ListItem\",\"position\":3,\"name\":\"Tomboi Partnerite Komplekt\"}]},{\"@type\":\"WebSite\",\"@id\":\"https:\\\/\\\/lustandlove.eu\\\/et\\\/#website\",\"url\":\"https:\\\/\\\/lustandlove.eu\\\/et\\\/\",\"name\":\"Lust &amp; Love\",\"description\":\"Online erootikapood tervise, ilu ja armastuse jaoks\",\"publisher\":{\"@id\":\"https:\\\/\\\/lustandlove.eu\\\/et\\\/#organization\"},\"potentialAction\":[{\"@type\":\"SearchAction\",\"target\":{\"@type\":\"EntryPoint\",\"urlTemplate\":\"https:\\\/\\\/lustandlove.eu\\\/et\\\/?s={search_term_string}\"},\"query-input\":{\"@type\":\"PropertyValueSpecification\",\"valueRequired\":true,\"valueName\":\"search_term_string\"}}],\"inLanguage\":\"et\"},{\"@type\":\"Organization\",\"@id\":\"https:\\\/\\\/lustandlove.eu\\\/et\\\/#organization\",\"name\":\"Bioconcept Baltics O\u00dc\",\"url\":\"https:\\\/\\\/lustandlove.eu\\\/et\\\/\",\"logo\":{\"@type\":\"ImageObject\",\"inLanguage\":\"et\",\"@id\":\"https:\\\/\\\/lustandlove.eu\\\/et\\\/#\\\/schema\\\/logo\\\/image\\\/\",\"url\":\"\",\"contentUrl\":\"\",\"caption\":\"Bioconcept Baltics O\u00dc\"},\"image\":{\"@id\":\"https:\\\/\\\/lustandlove.eu\\\/et\\\/#\\\/schema\\\/logo\\\/image\\\/\"},\"sameAs\":[\"https:\\\/\\\/www.facebook.com\\\/LustandLoveEU\\\/\",\"https:\\\/\\\/www.instagram.com\\\/lustandloveeu\\\/\"]}]}<\/script>\n<!-- \/ Yoast SEO plugin. -->","yoast_head_json":{"title":"TOMBOI Partner Pack from Spareparts | Lust & Love Sex Shop","description":"Tomboi komplekt on julge ja veenev, Tomboi\u2019ga m\u00e4ngid omadel tingimustel \u2013 millal ise tahad, kuidas ise tahad. Ole valmis\u00a0Wet For Her\u00a0keskmise suurusega leluks Five, sisaldub komplektis.","robots":{"index,follow,max-snippet":"index,follow,max-snippet:-1,max-image-preview:large,max-video-preview:-1"},"canonical":"https:\/\/lustandlove.eu\/et\/toode\/tomboi-parterite-komplekt\/","twitter_card":"summary_large_image","twitter_title":"TOMBOI Partner Pack from Spareparts | Lust & Love Sex Shop","twitter_description":"Tomboi komplekt on julge ja veenev, Tomboi\u2019ga m\u00e4ngid omadel tingimustel \u2013 millal ise tahad, kuidas ise tahad. Ole valmis\u00a0Wet For Her\u00a0keskmise suurusega leluks Five, sisaldub komplektis.","twitter_image":"https:\/\/lustandlove.eu\/wp-content\/uploads\/partner-pack-tomboi-by-spareparts-wtbstoy5bk_05.jpg","twitter_misc":{"Est. reading time":"1 minut"},"schema":{"@context":"https:\/\/schema.org","@graph":[{"@type":["WebPage","ItemPage"],"@id":"https:\/\/lustandlove.eu\/et\/toode\/tomboi-parterite-komplekt\/","url":"https:\/\/lustandlove.eu\/et\/toode\/tomboi-parterite-komplekt\/","name":"TOMBOI Partner Pack from Spareparts | Lust & Love Sex Shop","isPartOf":{"@id":"https:\/\/lustandlove.eu\/et\/#website"},"primaryImageOfPage":{"@id":"https:\/\/lustandlove.eu\/et\/toode\/tomboi-parterite-komplekt\/#primaryimage"},"image":{"@id":"https:\/\/lustandlove.eu\/et\/toode\/tomboi-parterite-komplekt\/#primaryimage"},"thumbnailUrl":"https:\/\/lustandlove.eu\/wp-content\/uploads\/partner-pack-tomboi-by-spareparts-wtbstoy5bk_05.jpg","datePublished":"2021-05-28T04:12:34+00:00","dateModified":"2026-04-13T07:44:30+00:00","description":"Tomboi komplekt on julge ja veenev, Tomboi\u2019ga m\u00e4ngid omadel tingimustel \u2013 millal ise tahad, kuidas ise tahad. Ole valmis\u00a0Wet For Her\u00a0keskmise suurusega leluks Five, sisaldub komplektis.","breadcrumb":{"@id":"https:\/\/lustandlove.eu\/et\/toode\/tomboi-parterite-komplekt\/#breadcrumb"},"inLanguage":"et","potentialAction":[{"@type":"ReadAction","target":["https:\/\/lustandlove.eu\/et\/toode\/tomboi-parterite-komplekt\/"]}]},{"@type":"ImageObject","inLanguage":"et","@id":"https:\/\/lustandlove.eu\/et\/toode\/tomboi-parterite-komplekt\/#primaryimage","url":"https:\/\/lustandlove.eu\/wp-content\/uploads\/partner-pack-tomboi-by-spareparts-wtbstoy5bk_05.jpg","contentUrl":"https:\/\/lustandlove.eu\/wp-content\/uploads\/partner-pack-tomboi-by-spareparts-wtbstoy5bk_05.jpg","width":600,"height":600},{"@type":"BreadcrumbList","@id":"https:\/\/lustandlove.eu\/et\/toode\/tomboi-parterite-komplekt\/#breadcrumb","itemListElement":[{"@type":"ListItem","position":1,"name":"Lust and Love","item":"https:\/\/lustandlove.eu\/et\/"},{"@type":"ListItem","position":2,"name":"Pood","item":"https:\/\/lustandlove.eu\/et\/pood\/"},{"@type":"ListItem","position":3,"name":"Tomboi Partnerite Komplekt"}]},{"@type":"WebSite","@id":"https:\/\/lustandlove.eu\/et\/#website","url":"https:\/\/lustandlove.eu\/et\/","name":"Lust &amp; Love","description":"Online erootikapood tervise, ilu ja armastuse jaoks","publisher":{"@id":"https:\/\/lustandlove.eu\/et\/#organization"},"potentialAction":[{"@type":"SearchAction","target":{"@type":"EntryPoint","urlTemplate":"https:\/\/lustandlove.eu\/et\/?s={search_term_string}"},"query-input":{"@type":"PropertyValueSpecification","valueRequired":true,"valueName":"search_term_string"}}],"inLanguage":"et"},{"@type":"Organization","@id":"https:\/\/lustandlove.eu\/et\/#organization","name":"Bioconcept Baltics O\u00dc","url":"https:\/\/lustandlove.eu\/et\/","logo":{"@type":"ImageObject","inLanguage":"et","@id":"https:\/\/lustandlove.eu\/et\/#\/schema\/logo\/image\/","url":"","contentUrl":"","caption":"Bioconcept Baltics O\u00dc"},"image":{"@id":"https:\/\/lustandlove.eu\/et\/#\/schema\/logo\/image\/"},"sameAs":["https:\/\/www.facebook.com\/LustandLoveEU\/","https:\/\/www.instagram.com\/lustandloveeu\/"]}]}},"_links":{"self":[{"href":"https:\/\/lustandlove.eu\/et\/wp-json\/wp\/v2\/product\/49425","targetHints":{"allow":["GET"]}}],"collection":[{"href":"https:\/\/lustandlove.eu\/et\/wp-json\/wp\/v2\/product"}],"about":[{"href":"https:\/\/lustandlove.eu\/et\/wp-json\/wp\/v2\/types\/product"}],"wp:featuredmedia":[{"embeddable":true,"href":"https:\/\/lustandlove.eu\/et\/wp-json\/wp\/v2\/media\/46627"}],"wp:attachment":[{"href":"https:\/\/lustandlove.eu\/et\/wp-json\/wp\/v2\/media?parent=49425"}],"wp:term":[{"taxonomy":"product_brand","embeddable":true,"href":"https:\/\/lustandlove.eu\/et\/wp-json\/wp\/v2\/product_brand?post=49425"},{"taxonomy":"product_cat","embeddable":true,"href":"https:\/\/lustandlove.eu\/et\/wp-json\/wp\/v2\/product_cat?post=49425"},{"taxonomy":"product_tag","embeddable":true,"href":"https:\/\/lustandlove.eu\/et\/wp-json\/wp\/v2\/product_tag?post=49425"}],"curies":[{"name":"wp","href":"https:\/\/api.w.org\/{rel}","templated":true}]}}