{"id":49458,"date":"2021-05-28T07:12:12","date_gmt":"2021-05-28T04:12:12","guid":{"rendered":"https:\/\/www.lustandlove.eu\/product\/spareparts-joque-harness\/"},"modified":"2026-04-13T10:44:30","modified_gmt":"2026-04-13T07:44:30","slug":"spareparts-joque-harness","status":"publish","type":"product","link":"https:\/\/lustandlove.eu\/et\/toode\/spareparts-joque-harness\/","title":{"rendered":"Joque Harness"},"content":{"rendered":"<p>Joque\u2122 on kahe rihmaga stiilis\u00a0rakmed. Loodud mugavaks kasutamiseks, olles k\u00f5rge kvaliteediga, venivad ning l\u00f5busad.\u00a0 K\u00e4sit\u00f6\u00f6 toodang, mis on valmistatud kestma.\u00a0SpareParts\u00a0Joque on mitmek\u00fclgne, kerge ja diskreetne \u2013 \u00fches\u00f5naga ainsad rakmed mida sa kunagi \u00fcldse vajad!<\/p>\n<ul>\n<li>Jock stiilis strap-on rakmed, topeltrihmadega<\/li>\n<li>K\u00e4sitsi valmistatud, tehtud et kesta<\/li>\n<li>Mugavad ja venivad<\/li>\n<li>T\u00e4ielikult h\u00fcgieenilised ja sanitaarsed<\/li>\n<li>Reguleeritavad jalarihmad ja v\u00f6\u00f6<\/li>\n<li>Venivast elastikust O-R\u00f5ngas, mahutab erinevates ja kujudes suurustes dildosid<\/li>\n<li>Toimib ka topeltdildodega<\/li>\n<li>Kaks sisemist taskut mini vibraatorite jaoks (minivibraatorid ei kuulu komplekti)<\/li>\n<li>V\u00f6\u00f6 kinnitub takjapaelaga ning omab t\u00f5mbamise funktsiooni, et dildot paigal hoida<\/li>\n<li>Lukustav mehhanism jalarihmadel<\/li>\n<li>Pestav<\/li>\n<\/ul>\n","protected":false},"excerpt":{"rendered":"<p>\u201cJoque<em>\u2122\u00a0<\/em>\u2013 seksikas ja mitmek\u00fclgne, ainsad rakmed, mida sul kunagi vaja l\u00e4heb!\u201d<\/p>\n","protected":false},"featured_media":46690,"template":"","meta":[],"product_brand":[4240],"product_cat":[1496,1500],"product_tag":[1525],"class_list":{"0":"post-49458","1":"product","2":"type-product","3":"status-publish","4":"has-post-thumbnail","6":"product_brand-spareparts-et","7":"product_cat-lgbtq-et","8":"product_cat-strap-onid","9":"product_tag-rakmed","10":"pa_brand-spareparts-et","12":"first","13":"instock","14":"taxable","15":"shipping-taxable","16":"purchasable","17":"product-type-variable"},"yoast_head":"<!-- This site is optimized with the Yoast SEO plugin v27.3 - https:\/\/yoast.com\/product\/yoast-seo-wordpress\/ -->\n<title>Joque Harness | Lust and Love<\/title>\n<meta name=\"robots\" content=\"index,follow,max-snippet:-1,max-image-preview:large,max-video-preview:-1\" \/>\n<link rel=\"canonical\" href=\"https:\/\/lustandlove.eu\/et\/toode\/spareparts-joque-harness\/\" \/>\n<meta name=\"twitter:card\" content=\"summary_large_image\" \/>\n<meta name=\"twitter:title\" content=\"Joque Harness | Lust and Love\" \/>\n<meta name=\"twitter:description\" content=\"\u201cJoque\u2122\u00a0\u2013 seksikas ja mitmek\u00fclgne, ainsad rakmed, mida sul kunagi vaja l\u00e4heb!\u201d\" \/>\n<meta name=\"twitter:image\" content=\"https:\/\/lustandlove.eu\/wp-content\/uploads\/spareparts-joque-harness-rakmed-01.jpeg\" \/>\n<meta name=\"twitter:label1\" content=\"Est. reading time\" \/>\n\t<meta name=\"twitter:data1\" content=\"1 minut\" \/>\n<script type=\"application\/ld+json\" class=\"yoast-schema-graph\">{\"@context\":\"https:\\\/\\\/schema.org\",\"@graph\":[{\"@type\":[\"WebPage\",\"ItemPage\"],\"@id\":\"https:\\\/\\\/lustandlove.eu\\\/et\\\/toode\\\/spareparts-joque-harness\\\/\",\"url\":\"https:\\\/\\\/lustandlove.eu\\\/et\\\/toode\\\/spareparts-joque-harness\\\/\",\"name\":\"Joque Harness | Lust and Love\",\"isPartOf\":{\"@id\":\"https:\\\/\\\/lustandlove.eu\\\/et\\\/#website\"},\"primaryImageOfPage\":{\"@id\":\"https:\\\/\\\/lustandlove.eu\\\/et\\\/toode\\\/spareparts-joque-harness\\\/#primaryimage\"},\"image\":{\"@id\":\"https:\\\/\\\/lustandlove.eu\\\/et\\\/toode\\\/spareparts-joque-harness\\\/#primaryimage\"},\"thumbnailUrl\":\"https:\\\/\\\/lustandlove.eu\\\/wp-content\\\/uploads\\\/spareparts-joque-harness-rakmed-01.jpeg\",\"datePublished\":\"2021-05-28T04:12:12+00:00\",\"dateModified\":\"2026-04-13T07:44:30+00:00\",\"breadcrumb\":{\"@id\":\"https:\\\/\\\/lustandlove.eu\\\/et\\\/toode\\\/spareparts-joque-harness\\\/#breadcrumb\"},\"inLanguage\":\"et\",\"potentialAction\":[{\"@type\":\"ReadAction\",\"target\":[\"https:\\\/\\\/lustandlove.eu\\\/et\\\/toode\\\/spareparts-joque-harness\\\/\"]}]},{\"@type\":\"ImageObject\",\"inLanguage\":\"et\",\"@id\":\"https:\\\/\\\/lustandlove.eu\\\/et\\\/toode\\\/spareparts-joque-harness\\\/#primaryimage\",\"url\":\"https:\\\/\\\/lustandlove.eu\\\/wp-content\\\/uploads\\\/spareparts-joque-harness-rakmed-01.jpeg\",\"contentUrl\":\"https:\\\/\\\/lustandlove.eu\\\/wp-content\\\/uploads\\\/spareparts-joque-harness-rakmed-01.jpeg\",\"width\":630,\"height\":945},{\"@type\":\"BreadcrumbList\",\"@id\":\"https:\\\/\\\/lustandlove.eu\\\/et\\\/toode\\\/spareparts-joque-harness\\\/#breadcrumb\",\"itemListElement\":[{\"@type\":\"ListItem\",\"position\":1,\"name\":\"Lust and Love\",\"item\":\"https:\\\/\\\/lustandlove.eu\\\/et\\\/\"},{\"@type\":\"ListItem\",\"position\":2,\"name\":\"Pood\",\"item\":\"https:\\\/\\\/lustandlove.eu\\\/et\\\/pood\\\/\"},{\"@type\":\"ListItem\",\"position\":3,\"name\":\"Sekslelud\",\"item\":\"https:\\\/\\\/lustandlove.eu\\\/et\\\/pood\\\/sekslelud\\\/\"},{\"@type\":\"ListItem\",\"position\":4,\"name\":\"LGBTQ\",\"item\":\"https:\\\/\\\/lustandlove.eu\\\/et\\\/pood\\\/sekslelud\\\/lgbtq-et\\\/\"},{\"@type\":\"ListItem\",\"position\":5,\"name\":\"Strap-on rakmed\",\"item\":\"https:\\\/\\\/lustandlove.eu\\\/et\\\/pood\\\/sekslelud\\\/lgbtq-et\\\/strap-onid\\\/\"},{\"@type\":\"ListItem\",\"position\":6,\"name\":\"Joque Harness\"}]},{\"@type\":\"WebSite\",\"@id\":\"https:\\\/\\\/lustandlove.eu\\\/et\\\/#website\",\"url\":\"https:\\\/\\\/lustandlove.eu\\\/et\\\/\",\"name\":\"Lust &amp; Love\",\"description\":\"Online erootikapood tervise, ilu ja armastuse jaoks\",\"publisher\":{\"@id\":\"https:\\\/\\\/lustandlove.eu\\\/et\\\/#organization\"},\"potentialAction\":[{\"@type\":\"SearchAction\",\"target\":{\"@type\":\"EntryPoint\",\"urlTemplate\":\"https:\\\/\\\/lustandlove.eu\\\/et\\\/?s={search_term_string}\"},\"query-input\":{\"@type\":\"PropertyValueSpecification\",\"valueRequired\":true,\"valueName\":\"search_term_string\"}}],\"inLanguage\":\"et\"},{\"@type\":\"Organization\",\"@id\":\"https:\\\/\\\/lustandlove.eu\\\/et\\\/#organization\",\"name\":\"Bioconcept Baltics O\u00dc\",\"url\":\"https:\\\/\\\/lustandlove.eu\\\/et\\\/\",\"logo\":{\"@type\":\"ImageObject\",\"inLanguage\":\"et\",\"@id\":\"https:\\\/\\\/lustandlove.eu\\\/et\\\/#\\\/schema\\\/logo\\\/image\\\/\",\"url\":\"\",\"contentUrl\":\"\",\"caption\":\"Bioconcept Baltics O\u00dc\"},\"image\":{\"@id\":\"https:\\\/\\\/lustandlove.eu\\\/et\\\/#\\\/schema\\\/logo\\\/image\\\/\"},\"sameAs\":[\"https:\\\/\\\/www.facebook.com\\\/LustandLoveEU\\\/\",\"https:\\\/\\\/www.instagram.com\\\/lustandloveeu\\\/\"]}]}<\/script>\n<!-- \/ Yoast SEO plugin. -->","yoast_head_json":{"title":"Joque Harness | Lust and Love","robots":{"index,follow,max-snippet":"index,follow,max-snippet:-1,max-image-preview:large,max-video-preview:-1"},"canonical":"https:\/\/lustandlove.eu\/et\/toode\/spareparts-joque-harness\/","twitter_card":"summary_large_image","twitter_title":"Joque Harness | Lust and Love","twitter_description":"\u201cJoque\u2122\u00a0\u2013 seksikas ja mitmek\u00fclgne, ainsad rakmed, mida sul kunagi vaja l\u00e4heb!\u201d","twitter_image":"https:\/\/lustandlove.eu\/wp-content\/uploads\/spareparts-joque-harness-rakmed-01.jpeg","twitter_misc":{"Est. reading time":"1 minut"},"schema":{"@context":"https:\/\/schema.org","@graph":[{"@type":["WebPage","ItemPage"],"@id":"https:\/\/lustandlove.eu\/et\/toode\/spareparts-joque-harness\/","url":"https:\/\/lustandlove.eu\/et\/toode\/spareparts-joque-harness\/","name":"Joque Harness | Lust and Love","isPartOf":{"@id":"https:\/\/lustandlove.eu\/et\/#website"},"primaryImageOfPage":{"@id":"https:\/\/lustandlove.eu\/et\/toode\/spareparts-joque-harness\/#primaryimage"},"image":{"@id":"https:\/\/lustandlove.eu\/et\/toode\/spareparts-joque-harness\/#primaryimage"},"thumbnailUrl":"https:\/\/lustandlove.eu\/wp-content\/uploads\/spareparts-joque-harness-rakmed-01.jpeg","datePublished":"2021-05-28T04:12:12+00:00","dateModified":"2026-04-13T07:44:30+00:00","breadcrumb":{"@id":"https:\/\/lustandlove.eu\/et\/toode\/spareparts-joque-harness\/#breadcrumb"},"inLanguage":"et","potentialAction":[{"@type":"ReadAction","target":["https:\/\/lustandlove.eu\/et\/toode\/spareparts-joque-harness\/"]}]},{"@type":"ImageObject","inLanguage":"et","@id":"https:\/\/lustandlove.eu\/et\/toode\/spareparts-joque-harness\/#primaryimage","url":"https:\/\/lustandlove.eu\/wp-content\/uploads\/spareparts-joque-harness-rakmed-01.jpeg","contentUrl":"https:\/\/lustandlove.eu\/wp-content\/uploads\/spareparts-joque-harness-rakmed-01.jpeg","width":630,"height":945},{"@type":"BreadcrumbList","@id":"https:\/\/lustandlove.eu\/et\/toode\/spareparts-joque-harness\/#breadcrumb","itemListElement":[{"@type":"ListItem","position":1,"name":"Lust and Love","item":"https:\/\/lustandlove.eu\/et\/"},{"@type":"ListItem","position":2,"name":"Pood","item":"https:\/\/lustandlove.eu\/et\/pood\/"},{"@type":"ListItem","position":3,"name":"Sekslelud","item":"https:\/\/lustandlove.eu\/et\/pood\/sekslelud\/"},{"@type":"ListItem","position":4,"name":"LGBTQ","item":"https:\/\/lustandlove.eu\/et\/pood\/sekslelud\/lgbtq-et\/"},{"@type":"ListItem","position":5,"name":"Strap-on rakmed","item":"https:\/\/lustandlove.eu\/et\/pood\/sekslelud\/lgbtq-et\/strap-onid\/"},{"@type":"ListItem","position":6,"name":"Joque Harness"}]},{"@type":"WebSite","@id":"https:\/\/lustandlove.eu\/et\/#website","url":"https:\/\/lustandlove.eu\/et\/","name":"Lust &amp; Love","description":"Online erootikapood tervise, ilu ja armastuse jaoks","publisher":{"@id":"https:\/\/lustandlove.eu\/et\/#organization"},"potentialAction":[{"@type":"SearchAction","target":{"@type":"EntryPoint","urlTemplate":"https:\/\/lustandlove.eu\/et\/?s={search_term_string}"},"query-input":{"@type":"PropertyValueSpecification","valueRequired":true,"valueName":"search_term_string"}}],"inLanguage":"et"},{"@type":"Organization","@id":"https:\/\/lustandlove.eu\/et\/#organization","name":"Bioconcept Baltics O\u00dc","url":"https:\/\/lustandlove.eu\/et\/","logo":{"@type":"ImageObject","inLanguage":"et","@id":"https:\/\/lustandlove.eu\/et\/#\/schema\/logo\/image\/","url":"","contentUrl":"","caption":"Bioconcept Baltics O\u00dc"},"image":{"@id":"https:\/\/lustandlove.eu\/et\/#\/schema\/logo\/image\/"},"sameAs":["https:\/\/www.facebook.com\/LustandLoveEU\/","https:\/\/www.instagram.com\/lustandloveeu\/"]}]}},"_links":{"self":[{"href":"https:\/\/lustandlove.eu\/et\/wp-json\/wp\/v2\/product\/49458","targetHints":{"allow":["GET"]}}],"collection":[{"href":"https:\/\/lustandlove.eu\/et\/wp-json\/wp\/v2\/product"}],"about":[{"href":"https:\/\/lustandlove.eu\/et\/wp-json\/wp\/v2\/types\/product"}],"wp:featuredmedia":[{"embeddable":true,"href":"https:\/\/lustandlove.eu\/et\/wp-json\/wp\/v2\/media\/46690"}],"wp:attachment":[{"href":"https:\/\/lustandlove.eu\/et\/wp-json\/wp\/v2\/media?parent=49458"}],"wp:term":[{"taxonomy":"product_brand","embeddable":true,"href":"https:\/\/lustandlove.eu\/et\/wp-json\/wp\/v2\/product_brand?post=49458"},{"taxonomy":"product_cat","embeddable":true,"href":"https:\/\/lustandlove.eu\/et\/wp-json\/wp\/v2\/product_cat?post=49458"},{"taxonomy":"product_tag","embeddable":true,"href":"https:\/\/lustandlove.eu\/et\/wp-json\/wp\/v2\/product_tag?post=49458"}],"curies":[{"name":"wp","href":"https:\/\/api.w.org\/{rel}","templated":true}]}}