{"id":49498,"date":"2021-05-28T07:10:55","date_gmt":"2021-05-28T04:10:55","guid":{"rendered":"https:\/\/www.lustandlove.eu\/product\/rosy-painduv-wand\/"},"modified":"2026-04-13T10:44:34","modified_gmt":"2026-04-13T07:44:34","slug":"rosy-painduv-wand","status":"publish","type":"product","link":"https:\/\/lustandlove.eu\/et\/toode\/rosy-painduv-wand\/","title":{"rendered":"Rosy Painduv Wand"},"content":{"rendered":"<p>Rosy Toyfriend firmalt Tickler on painduv silikoonist wand-vibraator, millel on stiilne v\u00e4limus ja hea tunne. Rosy on valmistatud Toyfriendi \u00fclisiledast kehakindlast silikoonist ja sellel on kaks mootorit, \u00fcks keskel ja teine \u200b\u200botsas, et stimuleerida samaaegselt sisenemispunkti ja seestpoolt. Elliptiline pea libiseb ideaalselt sisse ja annab v\u00f5imsa vibratsiooni sissep\u00e4\u00e4su sisek\u00fcljel, kus kliitori n\u00e4rvide pikendused \u00fcmbritsevad tuppe, mis on \u00fcks tundlikumaid piirkondi inimkehas. Teine mootor annab meeldiva vibratsiooni vastu h\u00e4bememokkasid ja kliitorit, kui painutate toodet \u00f5rnalt vastu keha&#8230; Paindlikkus ja j\u00f5ud fantastilises kombinatsioonis!<\/p>\n","protected":false},"excerpt":{"rendered":"<p>Super sile kehas\u00f5bralikust silikoonist vibraator.<\/p>\n","protected":false},"featured_media":46567,"template":"","meta":[],"product_brand":[4243],"product_cat":[1484,1488,1495],"product_tag":[],"class_list":{"0":"post-49498","1":"product","2":"type-product","3":"status-publish","4":"has-post-thumbnail","6":"product_brand-tickler-et","7":"product_cat-sekslelud","8":"product_cat-vibraatorid","9":"product_cat-wandid","10":"pa_brand-tickler-et","12":"first","13":"instock","14":"purchasable","15":"product-type-simple"},"yoast_head":"<!-- This site is optimized with the Yoast SEO plugin v27.3 - https:\/\/yoast.com\/product\/yoast-seo-wordpress\/ -->\n<title>Rosy Toyfriend Flexible Wand by Tickler | LUST&amp;LOVE<\/title>\n<meta name=\"description\" content=\"Super sile kehas\u00f5bralikust silikoonist vibraator.\" \/>\n<meta name=\"robots\" content=\"index,follow,max-snippet:-1,max-image-preview:large,max-video-preview:-1\" \/>\n<link rel=\"canonical\" href=\"https:\/\/lustandlove.eu\/et\/toode\/rosy-painduv-wand\/\" \/>\n<meta name=\"twitter:card\" content=\"summary_large_image\" \/>\n<meta name=\"twitter:title\" content=\"Rosy Toyfriend Flexible Wand by Tickler | LUST&amp;LOVE\" \/>\n<meta name=\"twitter:description\" content=\"Super sile kehas\u00f5bralikust silikoonist vibraator.\" \/>\n<meta name=\"twitter:image\" content=\"https:\/\/lustandlove.eu\/wp-content\/uploads\/100404_01.jpg\" \/>\n<script type=\"application\/ld+json\" class=\"yoast-schema-graph\">{\"@context\":\"https:\\\/\\\/schema.org\",\"@graph\":[{\"@type\":[\"WebPage\",\"ItemPage\"],\"@id\":\"https:\\\/\\\/lustandlove.eu\\\/et\\\/toode\\\/rosy-painduv-wand\\\/\",\"url\":\"https:\\\/\\\/lustandlove.eu\\\/et\\\/toode\\\/rosy-painduv-wand\\\/\",\"name\":\"Rosy Toyfriend Flexible Wand by Tickler | LUST&LOVE\",\"isPartOf\":{\"@id\":\"https:\\\/\\\/lustandlove.eu\\\/et\\\/#website\"},\"primaryImageOfPage\":{\"@id\":\"https:\\\/\\\/lustandlove.eu\\\/et\\\/toode\\\/rosy-painduv-wand\\\/#primaryimage\"},\"image\":{\"@id\":\"https:\\\/\\\/lustandlove.eu\\\/et\\\/toode\\\/rosy-painduv-wand\\\/#primaryimage\"},\"thumbnailUrl\":\"https:\\\/\\\/lustandlove.eu\\\/wp-content\\\/uploads\\\/100404_01.jpg\",\"datePublished\":\"2021-05-28T04:10:55+00:00\",\"dateModified\":\"2026-04-13T07:44:34+00:00\",\"description\":\"Super sile kehas\u00f5bralikust silikoonist vibraator.\",\"breadcrumb\":{\"@id\":\"https:\\\/\\\/lustandlove.eu\\\/et\\\/toode\\\/rosy-painduv-wand\\\/#breadcrumb\"},\"inLanguage\":\"et\",\"potentialAction\":[{\"@type\":\"ReadAction\",\"target\":[\"https:\\\/\\\/lustandlove.eu\\\/et\\\/toode\\\/rosy-painduv-wand\\\/\"]}]},{\"@type\":\"ImageObject\",\"inLanguage\":\"et\",\"@id\":\"https:\\\/\\\/lustandlove.eu\\\/et\\\/toode\\\/rosy-painduv-wand\\\/#primaryimage\",\"url\":\"https:\\\/\\\/lustandlove.eu\\\/wp-content\\\/uploads\\\/100404_01.jpg\",\"contentUrl\":\"https:\\\/\\\/lustandlove.eu\\\/wp-content\\\/uploads\\\/100404_01.jpg\",\"width\":522,\"height\":522},{\"@type\":\"BreadcrumbList\",\"@id\":\"https:\\\/\\\/lustandlove.eu\\\/et\\\/toode\\\/rosy-painduv-wand\\\/#breadcrumb\",\"itemListElement\":[{\"@type\":\"ListItem\",\"position\":1,\"name\":\"Lust and Love\",\"item\":\"https:\\\/\\\/lustandlove.eu\\\/et\\\/\"},{\"@type\":\"ListItem\",\"position\":2,\"name\":\"Pood\",\"item\":\"https:\\\/\\\/lustandlove.eu\\\/et\\\/pood\\\/\"},{\"@type\":\"ListItem\",\"position\":3,\"name\":\"Sekslelud\",\"item\":\"https:\\\/\\\/lustandlove.eu\\\/et\\\/pood\\\/sekslelud\\\/\"},{\"@type\":\"ListItem\",\"position\":4,\"name\":\"Vibraatorid\",\"item\":\"https:\\\/\\\/lustandlove.eu\\\/et\\\/pood\\\/sekslelud\\\/vibraatorid\\\/\"},{\"@type\":\"ListItem\",\"position\":5,\"name\":\"Wandid\",\"item\":\"https:\\\/\\\/lustandlove.eu\\\/et\\\/pood\\\/sekslelud\\\/vibraatorid\\\/wandid\\\/\"},{\"@type\":\"ListItem\",\"position\":6,\"name\":\"Rosy Painduv Wand\"}]},{\"@type\":\"WebSite\",\"@id\":\"https:\\\/\\\/lustandlove.eu\\\/et\\\/#website\",\"url\":\"https:\\\/\\\/lustandlove.eu\\\/et\\\/\",\"name\":\"Lust &amp; Love\",\"description\":\"Online erootikapood tervise, ilu ja armastuse jaoks\",\"publisher\":{\"@id\":\"https:\\\/\\\/lustandlove.eu\\\/et\\\/#organization\"},\"potentialAction\":[{\"@type\":\"SearchAction\",\"target\":{\"@type\":\"EntryPoint\",\"urlTemplate\":\"https:\\\/\\\/lustandlove.eu\\\/et\\\/?s={search_term_string}\"},\"query-input\":{\"@type\":\"PropertyValueSpecification\",\"valueRequired\":true,\"valueName\":\"search_term_string\"}}],\"inLanguage\":\"et\"},{\"@type\":\"Organization\",\"@id\":\"https:\\\/\\\/lustandlove.eu\\\/et\\\/#organization\",\"name\":\"Bioconcept Baltics O\u00dc\",\"url\":\"https:\\\/\\\/lustandlove.eu\\\/et\\\/\",\"logo\":{\"@type\":\"ImageObject\",\"inLanguage\":\"et\",\"@id\":\"https:\\\/\\\/lustandlove.eu\\\/et\\\/#\\\/schema\\\/logo\\\/image\\\/\",\"url\":\"\",\"contentUrl\":\"\",\"caption\":\"Bioconcept Baltics O\u00dc\"},\"image\":{\"@id\":\"https:\\\/\\\/lustandlove.eu\\\/et\\\/#\\\/schema\\\/logo\\\/image\\\/\"},\"sameAs\":[\"https:\\\/\\\/www.facebook.com\\\/LustandLoveEU\\\/\",\"https:\\\/\\\/www.instagram.com\\\/lustandloveeu\\\/\"]}]}<\/script>\n<!-- \/ Yoast SEO plugin. -->","yoast_head_json":{"title":"Rosy Toyfriend Flexible Wand by Tickler | LUST&LOVE","description":"Super sile kehas\u00f5bralikust silikoonist vibraator.","robots":{"index,follow,max-snippet":"index,follow,max-snippet:-1,max-image-preview:large,max-video-preview:-1"},"canonical":"https:\/\/lustandlove.eu\/et\/toode\/rosy-painduv-wand\/","twitter_card":"summary_large_image","twitter_title":"Rosy Toyfriend Flexible Wand by Tickler | LUST&LOVE","twitter_description":"Super sile kehas\u00f5bralikust silikoonist vibraator.","twitter_image":"https:\/\/lustandlove.eu\/wp-content\/uploads\/100404_01.jpg","schema":{"@context":"https:\/\/schema.org","@graph":[{"@type":["WebPage","ItemPage"],"@id":"https:\/\/lustandlove.eu\/et\/toode\/rosy-painduv-wand\/","url":"https:\/\/lustandlove.eu\/et\/toode\/rosy-painduv-wand\/","name":"Rosy Toyfriend Flexible Wand by Tickler | LUST&LOVE","isPartOf":{"@id":"https:\/\/lustandlove.eu\/et\/#website"},"primaryImageOfPage":{"@id":"https:\/\/lustandlove.eu\/et\/toode\/rosy-painduv-wand\/#primaryimage"},"image":{"@id":"https:\/\/lustandlove.eu\/et\/toode\/rosy-painduv-wand\/#primaryimage"},"thumbnailUrl":"https:\/\/lustandlove.eu\/wp-content\/uploads\/100404_01.jpg","datePublished":"2021-05-28T04:10:55+00:00","dateModified":"2026-04-13T07:44:34+00:00","description":"Super sile kehas\u00f5bralikust silikoonist vibraator.","breadcrumb":{"@id":"https:\/\/lustandlove.eu\/et\/toode\/rosy-painduv-wand\/#breadcrumb"},"inLanguage":"et","potentialAction":[{"@type":"ReadAction","target":["https:\/\/lustandlove.eu\/et\/toode\/rosy-painduv-wand\/"]}]},{"@type":"ImageObject","inLanguage":"et","@id":"https:\/\/lustandlove.eu\/et\/toode\/rosy-painduv-wand\/#primaryimage","url":"https:\/\/lustandlove.eu\/wp-content\/uploads\/100404_01.jpg","contentUrl":"https:\/\/lustandlove.eu\/wp-content\/uploads\/100404_01.jpg","width":522,"height":522},{"@type":"BreadcrumbList","@id":"https:\/\/lustandlove.eu\/et\/toode\/rosy-painduv-wand\/#breadcrumb","itemListElement":[{"@type":"ListItem","position":1,"name":"Lust and Love","item":"https:\/\/lustandlove.eu\/et\/"},{"@type":"ListItem","position":2,"name":"Pood","item":"https:\/\/lustandlove.eu\/et\/pood\/"},{"@type":"ListItem","position":3,"name":"Sekslelud","item":"https:\/\/lustandlove.eu\/et\/pood\/sekslelud\/"},{"@type":"ListItem","position":4,"name":"Vibraatorid","item":"https:\/\/lustandlove.eu\/et\/pood\/sekslelud\/vibraatorid\/"},{"@type":"ListItem","position":5,"name":"Wandid","item":"https:\/\/lustandlove.eu\/et\/pood\/sekslelud\/vibraatorid\/wandid\/"},{"@type":"ListItem","position":6,"name":"Rosy Painduv Wand"}]},{"@type":"WebSite","@id":"https:\/\/lustandlove.eu\/et\/#website","url":"https:\/\/lustandlove.eu\/et\/","name":"Lust &amp; Love","description":"Online erootikapood tervise, ilu ja armastuse jaoks","publisher":{"@id":"https:\/\/lustandlove.eu\/et\/#organization"},"potentialAction":[{"@type":"SearchAction","target":{"@type":"EntryPoint","urlTemplate":"https:\/\/lustandlove.eu\/et\/?s={search_term_string}"},"query-input":{"@type":"PropertyValueSpecification","valueRequired":true,"valueName":"search_term_string"}}],"inLanguage":"et"},{"@type":"Organization","@id":"https:\/\/lustandlove.eu\/et\/#organization","name":"Bioconcept Baltics O\u00dc","url":"https:\/\/lustandlove.eu\/et\/","logo":{"@type":"ImageObject","inLanguage":"et","@id":"https:\/\/lustandlove.eu\/et\/#\/schema\/logo\/image\/","url":"","contentUrl":"","caption":"Bioconcept Baltics O\u00dc"},"image":{"@id":"https:\/\/lustandlove.eu\/et\/#\/schema\/logo\/image\/"},"sameAs":["https:\/\/www.facebook.com\/LustandLoveEU\/","https:\/\/www.instagram.com\/lustandloveeu\/"]}]}},"_links":{"self":[{"href":"https:\/\/lustandlove.eu\/et\/wp-json\/wp\/v2\/product\/49498","targetHints":{"allow":["GET"]}}],"collection":[{"href":"https:\/\/lustandlove.eu\/et\/wp-json\/wp\/v2\/product"}],"about":[{"href":"https:\/\/lustandlove.eu\/et\/wp-json\/wp\/v2\/types\/product"}],"wp:featuredmedia":[{"embeddable":true,"href":"https:\/\/lustandlove.eu\/et\/wp-json\/wp\/v2\/media\/46567"}],"wp:attachment":[{"href":"https:\/\/lustandlove.eu\/et\/wp-json\/wp\/v2\/media?parent=49498"}],"wp:term":[{"taxonomy":"product_brand","embeddable":true,"href":"https:\/\/lustandlove.eu\/et\/wp-json\/wp\/v2\/product_brand?post=49498"},{"taxonomy":"product_cat","embeddable":true,"href":"https:\/\/lustandlove.eu\/et\/wp-json\/wp\/v2\/product_cat?post=49498"},{"taxonomy":"product_tag","embeddable":true,"href":"https:\/\/lustandlove.eu\/et\/wp-json\/wp\/v2\/product_tag?post=49498"}],"curies":[{"name":"wp","href":"https:\/\/api.w.org\/{rel}","templated":true}]}}