{"id":49506,"date":"2021-05-28T07:10:30","date_gmt":"2021-05-28T04:10:30","guid":{"rendered":"https:\/\/www.lustandlove.eu\/product\/topelt-tupekuulid\/"},"modified":"2026-04-13T10:45:24","modified_gmt":"2026-04-13T07:45:24","slug":"topelt-tupekuulid","status":"publish","type":"product","link":"https:\/\/lustandlove.eu\/et\/toode\/topelt-tupekuulid\/","title":{"rendered":"Topelt Trainer Tupekuulid"},"content":{"rendered":"<p>Tickler\u00a0topelt kegeli pallid on siledad ja ergonoomilise disainiga. M\u00f5eldud vaginaalseks treenimiseks. Toodetud kehas\u00f5bralikust silikoonist.<\/p>\n<p>Sobivad eriti h\u00e4sti kasutamiseks peale s\u00fcnnitamist, et taastada vaagnap\u00f5hjalihased. T\u00e4nu pikemaajalisele treenimisele v\u00f5imalik saavutada tugevamaid orgasme.<\/p>\n<p>&nbsp;<\/p>\n<h3><strong>Mis on vaagnap\u00f5hjalihased?<\/strong><\/h3>\n<p>Vaagnap\u00f5hjalihased asuvad vaagnap\u00f5hjas h\u00e4bemeluu ja sabakondi vahel. Kui oled kunagi suurt pissih\u00e4da \u201ckinni hoidnud\u201d, siis sa peaksid teadma, mida nende lihaste pingutamine t\u00e4hendab. T\u00e4pselt sama tunne on Kegeli harjutusi tehes. Need harjutused aitavad naiste seksuaalset tundlikkust parandada ja orgasme tugevdada.<\/p>\n<h3><strong>Kellele on Kegeli kerad m\u00f5eldud?<\/strong><\/h3>\n<p>Peaksid Kegeli kerasid proovima, kui sul on kokkupuude m\u00f5ne allj\u00e4rgnevaga:<\/p>\n<ul>\n<li>Soovid saada paremaid orgasme<\/li>\n<li>Sul on probleemid p\u00f5iepidamatusega<\/li>\n<li>Sul on varajased menopausi s\u00fcmptomid<\/li>\n<li>Soovid peale s\u00fcnnitamist vaagnap\u00f5hjalihaseid tugevdada<\/li>\n<\/ul>\n<h3><strong>Kuidas kasutada Kegeli kerasid?<\/strong><\/h3>\n<p>K\u00f5igepealt l\u00f5dvestu. Sisesta esimene pallike \u00f5rnalt surudes kuni see libiseb sisse \u2013 kasuta selleks vajadusel libestit. Kui pallike v\u00f5i pallikesed on sees, saad sa need vajadusel veidi kaugemale l\u00fckata. Eemaldamiseks m\u00f5eldud silmus peaks j\u00e4\u00e4ma v\u00e4ljapoole, umbes nagu tampoonin\u00f6\u00f6r. Sinu keha on automaatselt treenitud hoidma kuulikesi sees, seega \u00e4ra karda, et need v\u00e4lja kukuvad. Siiski, kui soovid kuulikesi eemaldada, t\u00f5mba neid vaikselt silmusest, kuni need vabalt v\u00e4lja tulevad. Vajadusel kasuta selleks tegevuseks taaskord libestit.<\/p>\n<p>Kui sa kasutad Kegeli pallikesi vaagnap\u00f5hjalihaste harjutusteks ja oled nendega juba enam-v\u00e4hem tuttav, siis kaalu suurema raskuse lisamist. V\u00f5ta seda kui v\u00e4ljakutset. Meil on sulle m\u00f5ningaid n\u00e4pun\u00e4iteid:<\/p>\n<ol>\n<li>Heida selili ja sisesta Kegeli kerad.<\/li>\n<li>Pinguta oma vaagnap\u00f5hjalihaseid surudes pallikesi \u00fclespoole<\/li>\n<li>Hoia 5 sekundit ja l\u00f5dvesta 5 sekundit<\/li>\n<li>Korda v\u00e4hemalt 5 korda j\u00e4rjest ning nii kolm sessiooni. Soovitatav oleks kuni kolm sessiooni p\u00e4evas.<\/li>\n<\/ol>\n<p>Kegeli kerad ei ole kasutatavad traditsiooniliste seksleludena. Siin on m\u00f5ned nipid, kuidas saaksid neid \u00fcksi m\u00e4ngides v\u00f5i partneriga koos kasutada:<\/p>\n<ul>\n<li>Voodis lamades sisesta Kegeli kerad, pinguta vaagnap\u00f5hjalihaseid. Katseta harjutusi.<\/li>\n<li>Sisesta Kegeli kerad ning haara vibraator. Vaagnap\u00f5hjalihaste pigistamise ajal masseeri oma kliitorit ning avaust.<\/li>\n<li>Sisesta kuulikesed enne, kui suundud deidile v\u00f5i vahetult enne eelm\u00e4ngu. Mida kauem kerad sees on, seda erutatum sa p\u00f5his\u00fcndmuseks oled. Lihtsalt t\u00f5mba need enne p\u00f5him\u00e4ngu v\u00e4lja.<\/li>\n<li>V\u00f5id k\u00fctte lisamiseks need vaginaalpenetratsiooniks sisse j\u00e4tta. Sinu partneri peenisepea liigutab pallikesi edasi-tagasi, luues sulle t\u00e4iesti uudseid ja erilisi tundeid. Ebameeldivuse v\u00e4ltimiseks peaks liikumine olema pigem aeglasem.<\/li>\n<li>Kegeli kerad v\u00f5ivad muuta ka anaalseksi eriti nauditavaks. Penetratsiooni ajal l\u00fckkavad kuulikesed sinu vagiinas ennast vastu G-punkti. Aga hoia kindlasti meeles, et \u00e4ra kuulikesi tagumisest uksest sisesta, sest selle jaoks on juba teistsugused lelud olemas. Lisaks v\u00f5ivad need kinni j\u00e4\u00e4da ja ebameeldivustunnet tekitada.<\/li>\n<\/ul>\n<h3><strong>Kuidas Kegeli palle puhastada?<\/strong><\/h3>\n<p>T\u00e4pselt niisamuti nagu ka vibraatorit v\u00f5i teisi sekslelusid. N\u00e4iteks loputa kuulikesi sooja vee ja seebiga. Patsuta neid puhta r\u00e4tikuga, kuni kuulikesed on kuivad.<\/p>\n","protected":false},"excerpt":{"rendered":"<p>Double Toyfriend on sileda pinna ja ergonoomilise kujuga kegeli harjutusteks m\u00f5eldud lelu.<\/p>\n","protected":false},"featured_media":46531,"template":"","meta":[],"product_brand":[4243],"product_cat":[1460,1487],"product_tag":[],"class_list":{"0":"post-49506","1":"product","2":"type-product","3":"status-publish","4":"has-post-thumbnail","6":"product_brand-tickler-et","7":"product_cat-apteek","8":"product_cat-tupekuulid","9":"pa_brand-tickler-et","11":"first","12":"instock","13":"taxable","14":"shipping-taxable","15":"purchasable","16":"product-type-variable"},"yoast_head":"<!-- This site is optimized with the Yoast SEO plugin v27.3 - https:\/\/yoast.com\/product\/yoast-seo-wordpress\/ -->\n<title>Double Trainer Love Balls Toyfriend from Tickler | LUST&amp;LOVE<\/title>\n<meta name=\"description\" content=\"Double Trainer is a smooth ergonomically shaped Kegel-exerciser designed for comfortable vaginal training and stimulation. Hygienic and body-safe silicone.\" \/>\n<meta name=\"robots\" content=\"index,follow,max-snippet:-1,max-image-preview:large,max-video-preview:-1\" \/>\n<link rel=\"canonical\" href=\"https:\/\/lustandlove.eu\/et\/toode\/topelt-tupekuulid\/\" \/>\n<meta name=\"twitter:card\" content=\"summary_large_image\" \/>\n<meta name=\"twitter:title\" content=\"Double Trainer Love Balls Toyfriend from Tickler | LUST&amp;LOVE\" \/>\n<meta name=\"twitter:description\" content=\"Double Trainer is a smooth ergonomically shaped Kegel-exerciser designed for comfortable vaginal training and stimulation. Hygienic and body-safe silicone.\" \/>\n<meta name=\"twitter:image\" content=\"https:\/\/lustandlove.eu\/wp-content\/uploads\/tickler-double-trainer-kegel-exerciser-balls-black-musta-varvi-kegelikuulid-t100603-01-kegeli-pallid-e1708678680527.jpg\" \/>\n<meta name=\"twitter:label1\" content=\"Est. reading time\" \/>\n\t<meta name=\"twitter:data1\" content=\"2 minutit\" \/>\n<script type=\"application\/ld+json\" class=\"yoast-schema-graph\">{\"@context\":\"https:\\\/\\\/schema.org\",\"@graph\":[{\"@type\":[\"WebPage\",\"ItemPage\"],\"@id\":\"https:\\\/\\\/lustandlove.eu\\\/et\\\/toode\\\/topelt-tupekuulid\\\/\",\"url\":\"https:\\\/\\\/lustandlove.eu\\\/et\\\/toode\\\/topelt-tupekuulid\\\/\",\"name\":\"Double Trainer Love Balls Toyfriend from Tickler | LUST&LOVE\",\"isPartOf\":{\"@id\":\"https:\\\/\\\/lustandlove.eu\\\/et\\\/#website\"},\"primaryImageOfPage\":{\"@id\":\"https:\\\/\\\/lustandlove.eu\\\/et\\\/toode\\\/topelt-tupekuulid\\\/#primaryimage\"},\"image\":{\"@id\":\"https:\\\/\\\/lustandlove.eu\\\/et\\\/toode\\\/topelt-tupekuulid\\\/#primaryimage\"},\"thumbnailUrl\":\"https:\\\/\\\/lustandlove.eu\\\/wp-content\\\/uploads\\\/tickler-double-trainer-kegel-exerciser-balls-black-musta-varvi-kegelikuulid-t100603-01-kegeli-pallid-e1708678680527.jpg\",\"datePublished\":\"2021-05-28T04:10:30+00:00\",\"dateModified\":\"2026-04-13T07:45:24+00:00\",\"description\":\"Double Trainer is a smooth ergonomically shaped Kegel-exerciser designed for comfortable vaginal training and stimulation. Hygienic and body-safe silicone.\",\"breadcrumb\":{\"@id\":\"https:\\\/\\\/lustandlove.eu\\\/et\\\/toode\\\/topelt-tupekuulid\\\/#breadcrumb\"},\"inLanguage\":\"et\",\"potentialAction\":[{\"@type\":\"ReadAction\",\"target\":[\"https:\\\/\\\/lustandlove.eu\\\/et\\\/toode\\\/topelt-tupekuulid\\\/\"]}]},{\"@type\":\"ImageObject\",\"inLanguage\":\"et\",\"@id\":\"https:\\\/\\\/lustandlove.eu\\\/et\\\/toode\\\/topelt-tupekuulid\\\/#primaryimage\",\"url\":\"https:\\\/\\\/lustandlove.eu\\\/wp-content\\\/uploads\\\/tickler-double-trainer-kegel-exerciser-balls-black-musta-varvi-kegelikuulid-t100603-01-kegeli-pallid-e1708678680527.jpg\",\"contentUrl\":\"https:\\\/\\\/lustandlove.eu\\\/wp-content\\\/uploads\\\/tickler-double-trainer-kegel-exerciser-balls-black-musta-varvi-kegelikuulid-t100603-01-kegeli-pallid-e1708678680527.jpg\",\"width\":709,\"height\":479},{\"@type\":\"BreadcrumbList\",\"@id\":\"https:\\\/\\\/lustandlove.eu\\\/et\\\/toode\\\/topelt-tupekuulid\\\/#breadcrumb\",\"itemListElement\":[{\"@type\":\"ListItem\",\"position\":1,\"name\":\"Lust and Love\",\"item\":\"https:\\\/\\\/lustandlove.eu\\\/et\\\/\"},{\"@type\":\"ListItem\",\"position\":2,\"name\":\"Pood\",\"item\":\"https:\\\/\\\/lustandlove.eu\\\/et\\\/pood\\\/\"},{\"@type\":\"ListItem\",\"position\":3,\"name\":\"Libestid ja kehahooldus\",\"item\":\"https:\\\/\\\/lustandlove.eu\\\/et\\\/pood\\\/apteek\\\/\"},{\"@type\":\"ListItem\",\"position\":4,\"name\":\"Tupekuulid\",\"item\":\"https:\\\/\\\/lustandlove.eu\\\/et\\\/pood\\\/apteek\\\/tupekuulid\\\/\"},{\"@type\":\"ListItem\",\"position\":5,\"name\":\"Topelt Trainer Tupekuulid\"}]},{\"@type\":\"WebSite\",\"@id\":\"https:\\\/\\\/lustandlove.eu\\\/et\\\/#website\",\"url\":\"https:\\\/\\\/lustandlove.eu\\\/et\\\/\",\"name\":\"Lust &amp; Love\",\"description\":\"Online erootikapood tervise, ilu ja armastuse jaoks\",\"publisher\":{\"@id\":\"https:\\\/\\\/lustandlove.eu\\\/et\\\/#organization\"},\"potentialAction\":[{\"@type\":\"SearchAction\",\"target\":{\"@type\":\"EntryPoint\",\"urlTemplate\":\"https:\\\/\\\/lustandlove.eu\\\/et\\\/?s={search_term_string}\"},\"query-input\":{\"@type\":\"PropertyValueSpecification\",\"valueRequired\":true,\"valueName\":\"search_term_string\"}}],\"inLanguage\":\"et\"},{\"@type\":\"Organization\",\"@id\":\"https:\\\/\\\/lustandlove.eu\\\/et\\\/#organization\",\"name\":\"Bioconcept Baltics O\u00dc\",\"url\":\"https:\\\/\\\/lustandlove.eu\\\/et\\\/\",\"logo\":{\"@type\":\"ImageObject\",\"inLanguage\":\"et\",\"@id\":\"https:\\\/\\\/lustandlove.eu\\\/et\\\/#\\\/schema\\\/logo\\\/image\\\/\",\"url\":\"\",\"contentUrl\":\"\",\"caption\":\"Bioconcept Baltics O\u00dc\"},\"image\":{\"@id\":\"https:\\\/\\\/lustandlove.eu\\\/et\\\/#\\\/schema\\\/logo\\\/image\\\/\"},\"sameAs\":[\"https:\\\/\\\/www.facebook.com\\\/LustandLoveEU\\\/\",\"https:\\\/\\\/www.instagram.com\\\/lustandloveeu\\\/\"]}]}<\/script>\n<!-- \/ Yoast SEO plugin. -->","yoast_head_json":{"title":"Double Trainer Love Balls Toyfriend from Tickler | LUST&LOVE","description":"Double Trainer is a smooth ergonomically shaped Kegel-exerciser designed for comfortable vaginal training and stimulation. Hygienic and body-safe silicone.","robots":{"index,follow,max-snippet":"index,follow,max-snippet:-1,max-image-preview:large,max-video-preview:-1"},"canonical":"https:\/\/lustandlove.eu\/et\/toode\/topelt-tupekuulid\/","twitter_card":"summary_large_image","twitter_title":"Double Trainer Love Balls Toyfriend from Tickler | LUST&LOVE","twitter_description":"Double Trainer is a smooth ergonomically shaped Kegel-exerciser designed for comfortable vaginal training and stimulation. Hygienic and body-safe silicone.","twitter_image":"https:\/\/lustandlove.eu\/wp-content\/uploads\/tickler-double-trainer-kegel-exerciser-balls-black-musta-varvi-kegelikuulid-t100603-01-kegeli-pallid-e1708678680527.jpg","twitter_misc":{"Est. reading time":"2 minutit"},"schema":{"@context":"https:\/\/schema.org","@graph":[{"@type":["WebPage","ItemPage"],"@id":"https:\/\/lustandlove.eu\/et\/toode\/topelt-tupekuulid\/","url":"https:\/\/lustandlove.eu\/et\/toode\/topelt-tupekuulid\/","name":"Double Trainer Love Balls Toyfriend from Tickler | LUST&LOVE","isPartOf":{"@id":"https:\/\/lustandlove.eu\/et\/#website"},"primaryImageOfPage":{"@id":"https:\/\/lustandlove.eu\/et\/toode\/topelt-tupekuulid\/#primaryimage"},"image":{"@id":"https:\/\/lustandlove.eu\/et\/toode\/topelt-tupekuulid\/#primaryimage"},"thumbnailUrl":"https:\/\/lustandlove.eu\/wp-content\/uploads\/tickler-double-trainer-kegel-exerciser-balls-black-musta-varvi-kegelikuulid-t100603-01-kegeli-pallid-e1708678680527.jpg","datePublished":"2021-05-28T04:10:30+00:00","dateModified":"2026-04-13T07:45:24+00:00","description":"Double Trainer is a smooth ergonomically shaped Kegel-exerciser designed for comfortable vaginal training and stimulation. Hygienic and body-safe silicone.","breadcrumb":{"@id":"https:\/\/lustandlove.eu\/et\/toode\/topelt-tupekuulid\/#breadcrumb"},"inLanguage":"et","potentialAction":[{"@type":"ReadAction","target":["https:\/\/lustandlove.eu\/et\/toode\/topelt-tupekuulid\/"]}]},{"@type":"ImageObject","inLanguage":"et","@id":"https:\/\/lustandlove.eu\/et\/toode\/topelt-tupekuulid\/#primaryimage","url":"https:\/\/lustandlove.eu\/wp-content\/uploads\/tickler-double-trainer-kegel-exerciser-balls-black-musta-varvi-kegelikuulid-t100603-01-kegeli-pallid-e1708678680527.jpg","contentUrl":"https:\/\/lustandlove.eu\/wp-content\/uploads\/tickler-double-trainer-kegel-exerciser-balls-black-musta-varvi-kegelikuulid-t100603-01-kegeli-pallid-e1708678680527.jpg","width":709,"height":479},{"@type":"BreadcrumbList","@id":"https:\/\/lustandlove.eu\/et\/toode\/topelt-tupekuulid\/#breadcrumb","itemListElement":[{"@type":"ListItem","position":1,"name":"Lust and Love","item":"https:\/\/lustandlove.eu\/et\/"},{"@type":"ListItem","position":2,"name":"Pood","item":"https:\/\/lustandlove.eu\/et\/pood\/"},{"@type":"ListItem","position":3,"name":"Libestid ja kehahooldus","item":"https:\/\/lustandlove.eu\/et\/pood\/apteek\/"},{"@type":"ListItem","position":4,"name":"Tupekuulid","item":"https:\/\/lustandlove.eu\/et\/pood\/apteek\/tupekuulid\/"},{"@type":"ListItem","position":5,"name":"Topelt Trainer Tupekuulid"}]},{"@type":"WebSite","@id":"https:\/\/lustandlove.eu\/et\/#website","url":"https:\/\/lustandlove.eu\/et\/","name":"Lust &amp; Love","description":"Online erootikapood tervise, ilu ja armastuse jaoks","publisher":{"@id":"https:\/\/lustandlove.eu\/et\/#organization"},"potentialAction":[{"@type":"SearchAction","target":{"@type":"EntryPoint","urlTemplate":"https:\/\/lustandlove.eu\/et\/?s={search_term_string}"},"query-input":{"@type":"PropertyValueSpecification","valueRequired":true,"valueName":"search_term_string"}}],"inLanguage":"et"},{"@type":"Organization","@id":"https:\/\/lustandlove.eu\/et\/#organization","name":"Bioconcept Baltics O\u00dc","url":"https:\/\/lustandlove.eu\/et\/","logo":{"@type":"ImageObject","inLanguage":"et","@id":"https:\/\/lustandlove.eu\/et\/#\/schema\/logo\/image\/","url":"","contentUrl":"","caption":"Bioconcept Baltics O\u00dc"},"image":{"@id":"https:\/\/lustandlove.eu\/et\/#\/schema\/logo\/image\/"},"sameAs":["https:\/\/www.facebook.com\/LustandLoveEU\/","https:\/\/www.instagram.com\/lustandloveeu\/"]}]}},"_links":{"self":[{"href":"https:\/\/lustandlove.eu\/et\/wp-json\/wp\/v2\/product\/49506","targetHints":{"allow":["GET"]}}],"collection":[{"href":"https:\/\/lustandlove.eu\/et\/wp-json\/wp\/v2\/product"}],"about":[{"href":"https:\/\/lustandlove.eu\/et\/wp-json\/wp\/v2\/types\/product"}],"wp:featuredmedia":[{"embeddable":true,"href":"https:\/\/lustandlove.eu\/et\/wp-json\/wp\/v2\/media\/46531"}],"wp:attachment":[{"href":"https:\/\/lustandlove.eu\/et\/wp-json\/wp\/v2\/media?parent=49506"}],"wp:term":[{"taxonomy":"product_brand","embeddable":true,"href":"https:\/\/lustandlove.eu\/et\/wp-json\/wp\/v2\/product_brand?post=49506"},{"taxonomy":"product_cat","embeddable":true,"href":"https:\/\/lustandlove.eu\/et\/wp-json\/wp\/v2\/product_cat?post=49506"},{"taxonomy":"product_tag","embeddable":true,"href":"https:\/\/lustandlove.eu\/et\/wp-json\/wp\/v2\/product_tag?post=49506"}],"curies":[{"name":"wp","href":"https:\/\/api.w.org\/{rel}","templated":true}]}}