{"id":49535,"date":"2021-05-28T07:08:29","date_gmt":"2021-05-28T04:08:29","guid":{"rendered":"https:\/\/www.lustandlove.eu\/product\/uleannteud-tatoveeringud\/"},"modified":"2026-04-13T10:45:30","modified_gmt":"2026-04-13T07:45:30","slug":"uleannteud-tatoveeringud","status":"publish","type":"product","link":"https:\/\/lustandlove.eu\/et\/toode\/uleannteud-tatoveeringud\/","title":{"rendered":"\u00dcleannteud T\u00e4toveeringud"},"content":{"rendered":"<p>Kuidas kasutada YESforLOV \u00fcleannetud ajutised t\u00e4toveeringud?<\/p>\n<p>L\u00f5ika v\u00e4lja sobilik pilt ja eemalda kaitsekile<br \/>\nAseta tattoo nahale, pilt vastu nahka.<br \/>\nNiisuta paberit ja hoia peal 30 sekundit.<br \/>\nEemalda \u00f5rnalt paber ja lase m\u00f5ni minut kuivada<br \/>\nKasuta kehakreemi v\u00f5i beebi\u00f5li tatoveeringu eemaldamiseks.<\/p>\n","protected":false},"excerpt":{"rendered":"<p>Seksikad ajutised t\u00e4toveeringud<\/p>\n","protected":false},"featured_media":46497,"template":"","meta":[],"product_brand":[4248],"product_cat":[4011,4009],"product_tag":[],"class_list":{"0":"post-49535","1":"product","2":"type-product","3":"status-publish","4":"has-post-thumbnail","6":"product_brand-yesforlov-et","7":"product_cat-kingiideed","8":"product_cat-lobu-mangud","9":"pa_brand-yesforlov-et","11":"first","12":"instock","13":"purchasable","14":"product-type-simple"},"yoast_head":"<!-- This site is optimized with the Yoast SEO plugin v27.3 - https:\/\/yoast.com\/product\/yoast-seo-wordpress\/ -->\n<title>Naughty Tattoos | YESforLOV | Lust&amp;Love Sex Shop<\/title>\n<meta name=\"description\" content=\"Seksikad ajutised t\u00e4toveeringud\" \/>\n<meta name=\"robots\" content=\"index,follow,max-snippet:-1,max-image-preview:large,max-video-preview:-1\" \/>\n<link rel=\"canonical\" href=\"https:\/\/lustandlove.eu\/et\/toode\/uleannteud-tatoveeringud\/\" \/>\n<meta name=\"twitter:card\" content=\"summary_large_image\" \/>\n<meta name=\"twitter:title\" content=\"Naughty Tattoos | YESforLOV | Lust&amp;Love Sex Shop\" \/>\n<meta name=\"twitter:description\" content=\"Seksikad ajutised t\u00e4toveeringud\" \/>\n<meta name=\"twitter:image\" content=\"https:\/\/lustandlove.eu\/wp-content\/uploads\/9200000023257482.jpg\" \/>\n<script type=\"application\/ld+json\" class=\"yoast-schema-graph\">{\"@context\":\"https:\\\/\\\/schema.org\",\"@graph\":[{\"@type\":[\"WebPage\",\"ItemPage\"],\"@id\":\"https:\\\/\\\/lustandlove.eu\\\/et\\\/toode\\\/uleannteud-tatoveeringud\\\/\",\"url\":\"https:\\\/\\\/lustandlove.eu\\\/et\\\/toode\\\/uleannteud-tatoveeringud\\\/\",\"name\":\"Naughty Tattoos | YESforLOV | Lust&Love Sex Shop\",\"isPartOf\":{\"@id\":\"https:\\\/\\\/lustandlove.eu\\\/et\\\/#website\"},\"primaryImageOfPage\":{\"@id\":\"https:\\\/\\\/lustandlove.eu\\\/et\\\/toode\\\/uleannteud-tatoveeringud\\\/#primaryimage\"},\"image\":{\"@id\":\"https:\\\/\\\/lustandlove.eu\\\/et\\\/toode\\\/uleannteud-tatoveeringud\\\/#primaryimage\"},\"thumbnailUrl\":\"https:\\\/\\\/lustandlove.eu\\\/wp-content\\\/uploads\\\/9200000023257482.jpg\",\"datePublished\":\"2021-05-28T04:08:29+00:00\",\"dateModified\":\"2026-04-13T07:45:30+00:00\",\"description\":\"Seksikad ajutised t\u00e4toveeringud\",\"breadcrumb\":{\"@id\":\"https:\\\/\\\/lustandlove.eu\\\/et\\\/toode\\\/uleannteud-tatoveeringud\\\/#breadcrumb\"},\"inLanguage\":\"et\",\"potentialAction\":[{\"@type\":\"ReadAction\",\"target\":[\"https:\\\/\\\/lustandlove.eu\\\/et\\\/toode\\\/uleannteud-tatoveeringud\\\/\"]}]},{\"@type\":\"ImageObject\",\"inLanguage\":\"et\",\"@id\":\"https:\\\/\\\/lustandlove.eu\\\/et\\\/toode\\\/uleannteud-tatoveeringud\\\/#primaryimage\",\"url\":\"https:\\\/\\\/lustandlove.eu\\\/wp-content\\\/uploads\\\/9200000023257482.jpg\",\"contentUrl\":\"https:\\\/\\\/lustandlove.eu\\\/wp-content\\\/uploads\\\/9200000023257482.jpg\",\"width\":550,\"height\":383},{\"@type\":\"BreadcrumbList\",\"@id\":\"https:\\\/\\\/lustandlove.eu\\\/et\\\/toode\\\/uleannteud-tatoveeringud\\\/#breadcrumb\",\"itemListElement\":[{\"@type\":\"ListItem\",\"position\":1,\"name\":\"Lust and Love\",\"item\":\"https:\\\/\\\/lustandlove.eu\\\/et\\\/\"},{\"@type\":\"ListItem\",\"position\":2,\"name\":\"Pood\",\"item\":\"https:\\\/\\\/lustandlove.eu\\\/et\\\/pood\\\/\"},{\"@type\":\"ListItem\",\"position\":3,\"name\":\"\u00dcleannteud T\u00e4toveeringud\"}]},{\"@type\":\"WebSite\",\"@id\":\"https:\\\/\\\/lustandlove.eu\\\/et\\\/#website\",\"url\":\"https:\\\/\\\/lustandlove.eu\\\/et\\\/\",\"name\":\"Lust &amp; Love\",\"description\":\"Online erootikapood tervise, ilu ja armastuse jaoks\",\"publisher\":{\"@id\":\"https:\\\/\\\/lustandlove.eu\\\/et\\\/#organization\"},\"potentialAction\":[{\"@type\":\"SearchAction\",\"target\":{\"@type\":\"EntryPoint\",\"urlTemplate\":\"https:\\\/\\\/lustandlove.eu\\\/et\\\/?s={search_term_string}\"},\"query-input\":{\"@type\":\"PropertyValueSpecification\",\"valueRequired\":true,\"valueName\":\"search_term_string\"}}],\"inLanguage\":\"et\"},{\"@type\":\"Organization\",\"@id\":\"https:\\\/\\\/lustandlove.eu\\\/et\\\/#organization\",\"name\":\"Bioconcept Baltics O\u00dc\",\"url\":\"https:\\\/\\\/lustandlove.eu\\\/et\\\/\",\"logo\":{\"@type\":\"ImageObject\",\"inLanguage\":\"et\",\"@id\":\"https:\\\/\\\/lustandlove.eu\\\/et\\\/#\\\/schema\\\/logo\\\/image\\\/\",\"url\":\"\",\"contentUrl\":\"\",\"caption\":\"Bioconcept Baltics O\u00dc\"},\"image\":{\"@id\":\"https:\\\/\\\/lustandlove.eu\\\/et\\\/#\\\/schema\\\/logo\\\/image\\\/\"},\"sameAs\":[\"https:\\\/\\\/www.facebook.com\\\/LustandLoveEU\\\/\",\"https:\\\/\\\/www.instagram.com\\\/lustandloveeu\\\/\"]}]}<\/script>\n<!-- \/ Yoast SEO plugin. -->","yoast_head_json":{"title":"Naughty Tattoos | YESforLOV | Lust&Love Sex Shop","description":"Seksikad ajutised t\u00e4toveeringud","robots":{"index,follow,max-snippet":"index,follow,max-snippet:-1,max-image-preview:large,max-video-preview:-1"},"canonical":"https:\/\/lustandlove.eu\/et\/toode\/uleannteud-tatoveeringud\/","twitter_card":"summary_large_image","twitter_title":"Naughty Tattoos | YESforLOV | Lust&Love Sex Shop","twitter_description":"Seksikad ajutised t\u00e4toveeringud","twitter_image":"https:\/\/lustandlove.eu\/wp-content\/uploads\/9200000023257482.jpg","schema":{"@context":"https:\/\/schema.org","@graph":[{"@type":["WebPage","ItemPage"],"@id":"https:\/\/lustandlove.eu\/et\/toode\/uleannteud-tatoveeringud\/","url":"https:\/\/lustandlove.eu\/et\/toode\/uleannteud-tatoveeringud\/","name":"Naughty Tattoos | YESforLOV | Lust&Love Sex Shop","isPartOf":{"@id":"https:\/\/lustandlove.eu\/et\/#website"},"primaryImageOfPage":{"@id":"https:\/\/lustandlove.eu\/et\/toode\/uleannteud-tatoveeringud\/#primaryimage"},"image":{"@id":"https:\/\/lustandlove.eu\/et\/toode\/uleannteud-tatoveeringud\/#primaryimage"},"thumbnailUrl":"https:\/\/lustandlove.eu\/wp-content\/uploads\/9200000023257482.jpg","datePublished":"2021-05-28T04:08:29+00:00","dateModified":"2026-04-13T07:45:30+00:00","description":"Seksikad ajutised t\u00e4toveeringud","breadcrumb":{"@id":"https:\/\/lustandlove.eu\/et\/toode\/uleannteud-tatoveeringud\/#breadcrumb"},"inLanguage":"et","potentialAction":[{"@type":"ReadAction","target":["https:\/\/lustandlove.eu\/et\/toode\/uleannteud-tatoveeringud\/"]}]},{"@type":"ImageObject","inLanguage":"et","@id":"https:\/\/lustandlove.eu\/et\/toode\/uleannteud-tatoveeringud\/#primaryimage","url":"https:\/\/lustandlove.eu\/wp-content\/uploads\/9200000023257482.jpg","contentUrl":"https:\/\/lustandlove.eu\/wp-content\/uploads\/9200000023257482.jpg","width":550,"height":383},{"@type":"BreadcrumbList","@id":"https:\/\/lustandlove.eu\/et\/toode\/uleannteud-tatoveeringud\/#breadcrumb","itemListElement":[{"@type":"ListItem","position":1,"name":"Lust and Love","item":"https:\/\/lustandlove.eu\/et\/"},{"@type":"ListItem","position":2,"name":"Pood","item":"https:\/\/lustandlove.eu\/et\/pood\/"},{"@type":"ListItem","position":3,"name":"\u00dcleannteud T\u00e4toveeringud"}]},{"@type":"WebSite","@id":"https:\/\/lustandlove.eu\/et\/#website","url":"https:\/\/lustandlove.eu\/et\/","name":"Lust &amp; Love","description":"Online erootikapood tervise, ilu ja armastuse jaoks","publisher":{"@id":"https:\/\/lustandlove.eu\/et\/#organization"},"potentialAction":[{"@type":"SearchAction","target":{"@type":"EntryPoint","urlTemplate":"https:\/\/lustandlove.eu\/et\/?s={search_term_string}"},"query-input":{"@type":"PropertyValueSpecification","valueRequired":true,"valueName":"search_term_string"}}],"inLanguage":"et"},{"@type":"Organization","@id":"https:\/\/lustandlove.eu\/et\/#organization","name":"Bioconcept Baltics O\u00dc","url":"https:\/\/lustandlove.eu\/et\/","logo":{"@type":"ImageObject","inLanguage":"et","@id":"https:\/\/lustandlove.eu\/et\/#\/schema\/logo\/image\/","url":"","contentUrl":"","caption":"Bioconcept Baltics O\u00dc"},"image":{"@id":"https:\/\/lustandlove.eu\/et\/#\/schema\/logo\/image\/"},"sameAs":["https:\/\/www.facebook.com\/LustandLoveEU\/","https:\/\/www.instagram.com\/lustandloveeu\/"]}]}},"_links":{"self":[{"href":"https:\/\/lustandlove.eu\/et\/wp-json\/wp\/v2\/product\/49535","targetHints":{"allow":["GET"]}}],"collection":[{"href":"https:\/\/lustandlove.eu\/et\/wp-json\/wp\/v2\/product"}],"about":[{"href":"https:\/\/lustandlove.eu\/et\/wp-json\/wp\/v2\/types\/product"}],"wp:featuredmedia":[{"embeddable":true,"href":"https:\/\/lustandlove.eu\/et\/wp-json\/wp\/v2\/media\/46497"}],"wp:attachment":[{"href":"https:\/\/lustandlove.eu\/et\/wp-json\/wp\/v2\/media?parent=49535"}],"wp:term":[{"taxonomy":"product_brand","embeddable":true,"href":"https:\/\/lustandlove.eu\/et\/wp-json\/wp\/v2\/product_brand?post=49535"},{"taxonomy":"product_cat","embeddable":true,"href":"https:\/\/lustandlove.eu\/et\/wp-json\/wp\/v2\/product_cat?post=49535"},{"taxonomy":"product_tag","embeddable":true,"href":"https:\/\/lustandlove.eu\/et\/wp-json\/wp\/v2\/product_tag?post=49535"}],"curies":[{"name":"wp","href":"https:\/\/api.w.org\/{rel}","templated":true}]}}