{"id":49537,"date":"2021-06-23T07:08:28","date_gmt":"2021-06-23T04:08:28","guid":{"rendered":"https:\/\/www.lustandlove.eu\/product\/niisutav-libesti\/"},"modified":"2026-04-13T10:37:07","modified_gmt":"2026-04-13T07:37:07","slug":"niisutav-libesti","status":"publish","type":"product","link":"https:\/\/lustandlove.eu\/et\/toode\/niisutav-libesti\/","title":{"rendered":"Niisutav Libesti"},"content":{"rendered":"<div class=\"wpb-content-wrapper\"><p>[vc_row][vc_column][vc_column_text woodmart_inline=&#8221;no&#8221; text_larger=&#8221;no&#8221;]L\u00f5hnavaba, mitterasvane, puhastatud veebaasil, h\u00fcaluroonhappe ja allantoiiniga rikastatud YESforLOV Unisex Lubricant niisutav libesti suurendab teie limaskestade niiskust ja libisemist. See on ideaalne kaaslane teie armatsemiseks. YESforLOV niisutav libesti sobib k\u00f5ikidele romantiliste suhete jaoks. Kandke soovitud kogus oma intiimpiirkondadele ja laske endal lihtsalt libiseda puutumatusse sensuaalsusesse vastavalt oma intuitsioonile ja inspiratsioonile.<\/p>\n<p>Sobib kasutamiseks koos sekslelu ja kondoomidega.<\/p>\n<p>H\u00fcaluroonhape, mida kasutatakse eelk\u00f5ige kortsudevastases ravis, m\u00e4ngib teie limaskestade niisutamisel \u00fcliolulist rolli. Koos gl\u00fctseriiniga, mis on tuntud ka oma m\u00e4\u00e4rdej\u00f5u poolest, kompenseerib nende kahe toimeaine ideaalne annus teie intiimsete sekretsioonide kestvad v\u00f5i hetkelised puudulikkused. Lisaks tagab allantoiini kasulik toime rakkude uuenemisele t\u00f5husalt teie limaskestade hoolduse ja heaolu.<\/p>\n<p>Kinnitame, et see toode on vegan ja seda ei ole loomade peal testitud. Tervis, keskkond ja tarbijate ohutus on YESforLOV jaoks alati olnud esmat\u00e4htis.<br \/>\nLoomade kaitsmine on sama oluline. Alates meie kaubam\u00e4rgi s\u00fcnnist ei ole YESforLOV loomkatseid l\u00e4bi viinud. Lisaks eelistame meie intiimtoodete ohutuse ja kahjutuse anal\u00fc\u00fcsimiseks kliinilisi teste inimese rekonstrueeritud tupeepiteeliga.<\/p>\n<p>H\u00fcpoallergeenne.<br \/>\nSobib igat t\u00fc\u00fcpi limaskestadele, ka k\u00f5ige \u00f5rnematele.[\/vc_column_text][\/vc_column][\/vc_row]<\/p>\n<\/div>","protected":false},"excerpt":{"rendered":"<p>YESforLOV\u00a0niisutav libesti on l\u00f5hnavaba ja \u00f5livaba. Rikastatud h\u00fcaluroonhappe ja aaloe veraga.<\/p>\n<p>V\u00e4ldi kontakti silmadega.<\/p>\n","protected":false},"featured_media":47973,"template":"","meta":[],"product_brand":[4248],"product_cat":[1467,1460,3976],"product_tag":[],"class_list":{"0":"post-49537","1":"product","2":"type-product","3":"status-publish","4":"has-post-thumbnail","6":"product_brand-yesforlov-et","7":"product_cat-libestid","8":"product_cat-apteek","9":"product_cat-vee-baasil","10":"pa_brand-yesforlov-et","12":"first","13":"instock","14":"taxable","15":"shipping-taxable","16":"purchasable","17":"product-type-variable"},"yoast_head":"<!-- This site is optimized with the Yoast SEO plugin v27.3 - https:\/\/yoast.com\/product\/yoast-seo-wordpress\/ -->\n<title>Niisutav Libesti | Lust &amp; Love<\/title>\n<meta name=\"description\" content=\"The YESforLOV Unisex Lubricant moisturising enhances the lubrication of your intimate mucous membranes. Fragrance-free, non-greasy.\" \/>\n<meta name=\"robots\" content=\"index,follow,max-snippet:-1,max-image-preview:large,max-video-preview:-1\" \/>\n<link rel=\"canonical\" href=\"https:\/\/lustandlove.eu\/et\/toode\/niisutav-libesti\/\" \/>\n<meta name=\"twitter:card\" content=\"summary_large_image\" \/>\n<meta name=\"twitter:title\" content=\"Niisutav Libesti | Lust &amp; Love\" \/>\n<meta name=\"twitter:description\" content=\"The YESforLOV Unisex Lubricant moisturising enhances the lubrication of your intimate mucous membranes. Fragrance-free, non-greasy.\" \/>\n<meta name=\"twitter:image\" content=\"https:\/\/lustandlove.eu\/wp-content\/uploads\/i-XQ9cvHx-X2.jpg\" \/>\n<meta name=\"twitter:label1\" content=\"Est. reading time\" \/>\n\t<meta name=\"twitter:data1\" content=\"1 minut\" \/>\n<script type=\"application\/ld+json\" class=\"yoast-schema-graph\">{\"@context\":\"https:\\\/\\\/schema.org\",\"@graph\":[{\"@type\":[\"WebPage\",\"ItemPage\"],\"@id\":\"https:\\\/\\\/lustandlove.eu\\\/et\\\/toode\\\/niisutav-libesti\\\/\",\"url\":\"https:\\\/\\\/lustandlove.eu\\\/et\\\/toode\\\/niisutav-libesti\\\/\",\"name\":\"Niisutav Libesti | Lust &amp; Love\",\"isPartOf\":{\"@id\":\"https:\\\/\\\/lustandlove.eu\\\/et\\\/#website\"},\"primaryImageOfPage\":{\"@id\":\"https:\\\/\\\/lustandlove.eu\\\/et\\\/toode\\\/niisutav-libesti\\\/#primaryimage\"},\"image\":{\"@id\":\"https:\\\/\\\/lustandlove.eu\\\/et\\\/toode\\\/niisutav-libesti\\\/#primaryimage\"},\"thumbnailUrl\":\"https:\\\/\\\/lustandlove.eu\\\/wp-content\\\/uploads\\\/i-XQ9cvHx-X2.jpg\",\"datePublished\":\"2021-06-23T04:08:28+00:00\",\"dateModified\":\"2026-04-13T07:37:07+00:00\",\"description\":\"The YESforLOV Unisex Lubricant moisturising enhances the lubrication of your intimate mucous membranes. Fragrance-free, non-greasy.\",\"breadcrumb\":{\"@id\":\"https:\\\/\\\/lustandlove.eu\\\/et\\\/toode\\\/niisutav-libesti\\\/#breadcrumb\"},\"inLanguage\":\"et\",\"potentialAction\":[{\"@type\":\"ReadAction\",\"target\":[\"https:\\\/\\\/lustandlove.eu\\\/et\\\/toode\\\/niisutav-libesti\\\/\"]}]},{\"@type\":\"ImageObject\",\"inLanguage\":\"et\",\"@id\":\"https:\\\/\\\/lustandlove.eu\\\/et\\\/toode\\\/niisutav-libesti\\\/#primaryimage\",\"url\":\"https:\\\/\\\/lustandlove.eu\\\/wp-content\\\/uploads\\\/i-XQ9cvHx-X2.jpg\",\"contentUrl\":\"https:\\\/\\\/lustandlove.eu\\\/wp-content\\\/uploads\\\/i-XQ9cvHx-X2.jpg\",\"width\":960,\"height\":960,\"caption\":\"YESforLOV UNISEX LUBRICANT moisturising\"},{\"@type\":\"BreadcrumbList\",\"@id\":\"https:\\\/\\\/lustandlove.eu\\\/et\\\/toode\\\/niisutav-libesti\\\/#breadcrumb\",\"itemListElement\":[{\"@type\":\"ListItem\",\"position\":1,\"name\":\"Lust and Love\",\"item\":\"https:\\\/\\\/lustandlove.eu\\\/et\\\/\"},{\"@type\":\"ListItem\",\"position\":2,\"name\":\"Pood\",\"item\":\"https:\\\/\\\/lustandlove.eu\\\/et\\\/pood\\\/\"},{\"@type\":\"ListItem\",\"position\":3,\"name\":\"Niisutav Libesti\"}]},{\"@type\":\"WebSite\",\"@id\":\"https:\\\/\\\/lustandlove.eu\\\/et\\\/#website\",\"url\":\"https:\\\/\\\/lustandlove.eu\\\/et\\\/\",\"name\":\"Lust &amp; Love\",\"description\":\"Online erootikapood tervise, ilu ja armastuse jaoks\",\"publisher\":{\"@id\":\"https:\\\/\\\/lustandlove.eu\\\/et\\\/#organization\"},\"potentialAction\":[{\"@type\":\"SearchAction\",\"target\":{\"@type\":\"EntryPoint\",\"urlTemplate\":\"https:\\\/\\\/lustandlove.eu\\\/et\\\/?s={search_term_string}\"},\"query-input\":{\"@type\":\"PropertyValueSpecification\",\"valueRequired\":true,\"valueName\":\"search_term_string\"}}],\"inLanguage\":\"et\"},{\"@type\":\"Organization\",\"@id\":\"https:\\\/\\\/lustandlove.eu\\\/et\\\/#organization\",\"name\":\"Bioconcept Baltics O\u00dc\",\"url\":\"https:\\\/\\\/lustandlove.eu\\\/et\\\/\",\"logo\":{\"@type\":\"ImageObject\",\"inLanguage\":\"et\",\"@id\":\"https:\\\/\\\/lustandlove.eu\\\/et\\\/#\\\/schema\\\/logo\\\/image\\\/\",\"url\":\"\",\"contentUrl\":\"\",\"caption\":\"Bioconcept Baltics O\u00dc\"},\"image\":{\"@id\":\"https:\\\/\\\/lustandlove.eu\\\/et\\\/#\\\/schema\\\/logo\\\/image\\\/\"},\"sameAs\":[\"https:\\\/\\\/www.facebook.com\\\/LustandLoveEU\\\/\",\"https:\\\/\\\/www.instagram.com\\\/lustandloveeu\\\/\"]}]}<\/script>\n<!-- \/ Yoast SEO plugin. -->","yoast_head_json":{"title":"Niisutav Libesti | Lust &amp; Love","description":"The YESforLOV Unisex Lubricant moisturising enhances the lubrication of your intimate mucous membranes. Fragrance-free, non-greasy.","robots":{"index,follow,max-snippet":"index,follow,max-snippet:-1,max-image-preview:large,max-video-preview:-1"},"canonical":"https:\/\/lustandlove.eu\/et\/toode\/niisutav-libesti\/","twitter_card":"summary_large_image","twitter_title":"Niisutav Libesti | Lust &amp; Love","twitter_description":"The YESforLOV Unisex Lubricant moisturising enhances the lubrication of your intimate mucous membranes. Fragrance-free, non-greasy.","twitter_image":"https:\/\/lustandlove.eu\/wp-content\/uploads\/i-XQ9cvHx-X2.jpg","twitter_misc":{"Est. reading time":"1 minut"},"schema":{"@context":"https:\/\/schema.org","@graph":[{"@type":["WebPage","ItemPage"],"@id":"https:\/\/lustandlove.eu\/et\/toode\/niisutav-libesti\/","url":"https:\/\/lustandlove.eu\/et\/toode\/niisutav-libesti\/","name":"Niisutav Libesti | Lust &amp; Love","isPartOf":{"@id":"https:\/\/lustandlove.eu\/et\/#website"},"primaryImageOfPage":{"@id":"https:\/\/lustandlove.eu\/et\/toode\/niisutav-libesti\/#primaryimage"},"image":{"@id":"https:\/\/lustandlove.eu\/et\/toode\/niisutav-libesti\/#primaryimage"},"thumbnailUrl":"https:\/\/lustandlove.eu\/wp-content\/uploads\/i-XQ9cvHx-X2.jpg","datePublished":"2021-06-23T04:08:28+00:00","dateModified":"2026-04-13T07:37:07+00:00","description":"The YESforLOV Unisex Lubricant moisturising enhances the lubrication of your intimate mucous membranes. Fragrance-free, non-greasy.","breadcrumb":{"@id":"https:\/\/lustandlove.eu\/et\/toode\/niisutav-libesti\/#breadcrumb"},"inLanguage":"et","potentialAction":[{"@type":"ReadAction","target":["https:\/\/lustandlove.eu\/et\/toode\/niisutav-libesti\/"]}]},{"@type":"ImageObject","inLanguage":"et","@id":"https:\/\/lustandlove.eu\/et\/toode\/niisutav-libesti\/#primaryimage","url":"https:\/\/lustandlove.eu\/wp-content\/uploads\/i-XQ9cvHx-X2.jpg","contentUrl":"https:\/\/lustandlove.eu\/wp-content\/uploads\/i-XQ9cvHx-X2.jpg","width":960,"height":960,"caption":"YESforLOV UNISEX LUBRICANT moisturising"},{"@type":"BreadcrumbList","@id":"https:\/\/lustandlove.eu\/et\/toode\/niisutav-libesti\/#breadcrumb","itemListElement":[{"@type":"ListItem","position":1,"name":"Lust and Love","item":"https:\/\/lustandlove.eu\/et\/"},{"@type":"ListItem","position":2,"name":"Pood","item":"https:\/\/lustandlove.eu\/et\/pood\/"},{"@type":"ListItem","position":3,"name":"Niisutav Libesti"}]},{"@type":"WebSite","@id":"https:\/\/lustandlove.eu\/et\/#website","url":"https:\/\/lustandlove.eu\/et\/","name":"Lust &amp; Love","description":"Online erootikapood tervise, ilu ja armastuse jaoks","publisher":{"@id":"https:\/\/lustandlove.eu\/et\/#organization"},"potentialAction":[{"@type":"SearchAction","target":{"@type":"EntryPoint","urlTemplate":"https:\/\/lustandlove.eu\/et\/?s={search_term_string}"},"query-input":{"@type":"PropertyValueSpecification","valueRequired":true,"valueName":"search_term_string"}}],"inLanguage":"et"},{"@type":"Organization","@id":"https:\/\/lustandlove.eu\/et\/#organization","name":"Bioconcept Baltics O\u00dc","url":"https:\/\/lustandlove.eu\/et\/","logo":{"@type":"ImageObject","inLanguage":"et","@id":"https:\/\/lustandlove.eu\/et\/#\/schema\/logo\/image\/","url":"","contentUrl":"","caption":"Bioconcept Baltics O\u00dc"},"image":{"@id":"https:\/\/lustandlove.eu\/et\/#\/schema\/logo\/image\/"},"sameAs":["https:\/\/www.facebook.com\/LustandLoveEU\/","https:\/\/www.instagram.com\/lustandloveeu\/"]}]}},"_links":{"self":[{"href":"https:\/\/lustandlove.eu\/et\/wp-json\/wp\/v2\/product\/49537","targetHints":{"allow":["GET"]}}],"collection":[{"href":"https:\/\/lustandlove.eu\/et\/wp-json\/wp\/v2\/product"}],"about":[{"href":"https:\/\/lustandlove.eu\/et\/wp-json\/wp\/v2\/types\/product"}],"wp:featuredmedia":[{"embeddable":true,"href":"https:\/\/lustandlove.eu\/et\/wp-json\/wp\/v2\/media\/47973"}],"wp:attachment":[{"href":"https:\/\/lustandlove.eu\/et\/wp-json\/wp\/v2\/media?parent=49537"}],"wp:term":[{"taxonomy":"product_brand","embeddable":true,"href":"https:\/\/lustandlove.eu\/et\/wp-json\/wp\/v2\/product_brand?post=49537"},{"taxonomy":"product_cat","embeddable":true,"href":"https:\/\/lustandlove.eu\/et\/wp-json\/wp\/v2\/product_cat?post=49537"},{"taxonomy":"product_tag","embeddable":true,"href":"https:\/\/lustandlove.eu\/et\/wp-json\/wp\/v2\/product_tag?post=49537"}],"curies":[{"name":"wp","href":"https:\/\/api.w.org\/{rel}","templated":true}]}}