{"id":49541,"date":"2021-05-28T07:08:28","date_gmt":"2021-05-28T04:08:28","guid":{"rendered":"https:\/\/www.lustandlove.eu\/product\/lohnaoli-naistele\/"},"modified":"2025-08-19T15:46:09","modified_gmt":"2025-08-19T12:46:09","slug":"lohnaoli-naistele","status":"publish","type":"product","link":"https:\/\/lustandlove.eu\/et\/toode\/lohnaoli-naistele\/","title":{"rendered":"L\u00f5hna\u00f5li Naistele"},"content":{"rendered":"<div class=\"wpb-content-wrapper\"><p>[vc_row][vc_column][vc_column_text woodmart_inline=&#8221;no&#8221; text_larger=&#8221;no&#8221;]<br \/>\nYESforLOV\u00a0parf\u00fc\u00fcm naistele sisaldab v\u00fcrtsikat kahvilaimi, vanilli ja datlit.<\/p>\n<p>Tuleb pritsida kas keha peale (pulseerivad kohad, kaelaluu vahel ja v\u00f5i mitte s\u00fcnteetilise riiete peale, sest s\u00fcnteetika ei lase l\u00e4bi feromoonid). Feromoonid on l\u00f5hnatu, l\u00f5hna annab parf\u00fc\u00fcm. Feromoonide parf\u00fc\u00fcmi m\u00f5ju kestab kuni 6 tundi.[\/vc_column_text][\/vc_column][\/vc_row]<\/p>\n<\/div>","protected":false},"excerpt":{"rendered":"<p>Feromoone sisaldab parf\u00fc\u00fcm, loodud v\u00f5rgutamiseks.<\/p>\n","protected":false},"featured_media":48017,"template":"","meta":[],"product_cat":[1460,1469],"product_tag":[],"yoast_head":"<!-- This site is optimized with the Yoast SEO plugin v22.9 - https:\/\/yoast.com\/wordpress\/plugins\/seo\/ -->\n<title>L\u00f5hna\u00f5li Naistele | Lust &amp; Love<\/title>\n<meta name=\"description\" content=\"Feromoone sisaldab parf\u00fc\u00fcm, loodud v\u00f5rgutamiseks.\" \/>\n<meta name=\"robots\" content=\"index,follow,max-snippet:-1,max-image-preview:large,max-video-preview:-1\" \/>\n<link rel=\"canonical\" href=\"https:\/\/lustandlove.eu\/et\/toode\/lohnaoli-naistele\/\" \/>\n<meta name=\"twitter:card\" content=\"summary_large_image\" \/>\n<meta name=\"twitter:title\" content=\"L\u00f5hna\u00f5li Naistele | Lust &amp; Love\" \/>\n<meta name=\"twitter:description\" content=\"Feromoone sisaldab parf\u00fc\u00fcm, loodud v\u00f5rgutamiseks.\" \/>\n<meta name=\"twitter:image\" content=\"https:\/\/lustandlove.eu\/wp-content\/uploads\/YFL02A05.perfume_women_parfum_rejouissance_femme_100ml_yesforlov.gr-M.jpg\" \/>\n<meta name=\"twitter:label1\" content=\"Est. reading time\" \/>\n\t<meta name=\"twitter:data1\" content=\"2 minutit\" \/>\n<script type=\"application\/ld+json\" class=\"yoast-schema-graph\">{\"@context\":\"https:\/\/schema.org\",\"@graph\":[{\"@type\":[\"WebPage\",\"ItemPage\"],\"@id\":\"https:\/\/lustandlove.eu\/et\/toode\/lohnaoli-naistele\/\",\"url\":\"https:\/\/lustandlove.eu\/et\/toode\/lohnaoli-naistele\/\",\"name\":\"L\u00f5hna\u00f5li Naistele | Lust &amp; Love\",\"isPartOf\":{\"@id\":\"https:\/\/lustandlove.eu\/et\/#website\"},\"primaryImageOfPage\":{\"@id\":\"https:\/\/lustandlove.eu\/et\/toode\/lohnaoli-naistele\/#primaryimage\"},\"image\":{\"@id\":\"https:\/\/lustandlove.eu\/et\/toode\/lohnaoli-naistele\/#primaryimage\"},\"thumbnailUrl\":\"https:\/\/lustandlove.eu\/wp-content\/uploads\/YFL02A05.perfume_women_parfum_rejouissance_femme_100ml_yesforlov.gr-M.jpg\",\"datePublished\":\"2021-05-28T04:08:28+00:00\",\"dateModified\":\"2025-08-19T12:46:09+00:00\",\"description\":\"Feromoone sisaldab parf\u00fc\u00fcm, loodud v\u00f5rgutamiseks.\",\"breadcrumb\":{\"@id\":\"https:\/\/lustandlove.eu\/et\/toode\/lohnaoli-naistele\/#breadcrumb\"},\"inLanguage\":\"et\",\"potentialAction\":[{\"@type\":\"ReadAction\",\"target\":[\"https:\/\/lustandlove.eu\/et\/toode\/lohnaoli-naistele\/\"]}]},{\"@type\":\"ImageObject\",\"inLanguage\":\"et\",\"@id\":\"https:\/\/lustandlove.eu\/et\/toode\/lohnaoli-naistele\/#primaryimage\",\"url\":\"https:\/\/lustandlove.eu\/wp-content\/uploads\/YFL02A05.perfume_women_parfum_rejouissance_femme_100ml_yesforlov.gr-M.jpg\",\"contentUrl\":\"https:\/\/lustandlove.eu\/wp-content\/uploads\/YFL02A05.perfume_women_parfum_rejouissance_femme_100ml_yesforlov.gr-M.jpg\",\"width\":450,\"height\":450,\"caption\":\"YESforLOV Rejouissance Perfume for Ladies 100ml\"},{\"@type\":\"BreadcrumbList\",\"@id\":\"https:\/\/lustandlove.eu\/et\/toode\/lohnaoli-naistele\/#breadcrumb\",\"itemListElement\":[{\"@type\":\"ListItem\",\"position\":1,\"name\":\"Lust and Love\",\"item\":\"https:\/\/lustandlove.eu\/et\/\"},{\"@type\":\"ListItem\",\"position\":2,\"name\":\"Pood\",\"item\":\"https:\/\/lustandlove.eu\/et\/pood\/\"},{\"@type\":\"ListItem\",\"position\":3,\"name\":\"L\u00f5hna\u00f5li Naistele\"}]},{\"@type\":\"WebSite\",\"@id\":\"https:\/\/lustandlove.eu\/et\/#website\",\"url\":\"https:\/\/lustandlove.eu\/et\/\",\"name\":\"Lust &amp; Love\",\"description\":\"Online erootikapood tervise, ilu ja armastuse jaoks\",\"publisher\":{\"@id\":\"https:\/\/lustandlove.eu\/et\/#organization\"},\"potentialAction\":[{\"@type\":\"SearchAction\",\"target\":{\"@type\":\"EntryPoint\",\"urlTemplate\":\"https:\/\/lustandlove.eu\/et\/?s={search_term_string}\"},\"query-input\":\"required name=search_term_string\"}],\"inLanguage\":\"et\"},{\"@type\":\"Organization\",\"@id\":\"https:\/\/lustandlove.eu\/et\/#organization\",\"name\":\"Bioconcept Baltics O\u00dc\",\"url\":\"https:\/\/lustandlove.eu\/et\/\",\"logo\":{\"@type\":\"ImageObject\",\"inLanguage\":\"et\",\"@id\":\"https:\/\/lustandlove.eu\/et\/#\/schema\/logo\/image\/\",\"url\":\"\",\"contentUrl\":\"\",\"caption\":\"Bioconcept Baltics O\u00dc\"},\"image\":{\"@id\":\"https:\/\/lustandlove.eu\/et\/#\/schema\/logo\/image\/\"},\"sameAs\":[\"https:\/\/www.facebook.com\/LustandLoveEU\/\",\"https:\/\/www.instagram.com\/lustandloveeu\/\"]}]}<\/script>\n<!-- \/ Yoast SEO plugin. -->","yoast_head_json":{"title":"L\u00f5hna\u00f5li Naistele | Lust &amp; Love","description":"Feromoone sisaldab parf\u00fc\u00fcm, loodud v\u00f5rgutamiseks.","robots":{"index,follow,max-snippet":"index,follow,max-snippet:-1,max-image-preview:large,max-video-preview:-1"},"canonical":"https:\/\/lustandlove.eu\/et\/toode\/lohnaoli-naistele\/","twitter_card":"summary_large_image","twitter_title":"L\u00f5hna\u00f5li Naistele | Lust &amp; Love","twitter_description":"Feromoone sisaldab parf\u00fc\u00fcm, loodud v\u00f5rgutamiseks.","twitter_image":"https:\/\/lustandlove.eu\/wp-content\/uploads\/YFL02A05.perfume_women_parfum_rejouissance_femme_100ml_yesforlov.gr-M.jpg","twitter_misc":{"Est. reading time":"2 minutit"},"schema":{"@context":"https:\/\/schema.org","@graph":[{"@type":["WebPage","ItemPage"],"@id":"https:\/\/lustandlove.eu\/et\/toode\/lohnaoli-naistele\/","url":"https:\/\/lustandlove.eu\/et\/toode\/lohnaoli-naistele\/","name":"L\u00f5hna\u00f5li Naistele | Lust &amp; Love","isPartOf":{"@id":"https:\/\/lustandlove.eu\/et\/#website"},"primaryImageOfPage":{"@id":"https:\/\/lustandlove.eu\/et\/toode\/lohnaoli-naistele\/#primaryimage"},"image":{"@id":"https:\/\/lustandlove.eu\/et\/toode\/lohnaoli-naistele\/#primaryimage"},"thumbnailUrl":"https:\/\/lustandlove.eu\/wp-content\/uploads\/YFL02A05.perfume_women_parfum_rejouissance_femme_100ml_yesforlov.gr-M.jpg","datePublished":"2021-05-28T04:08:28+00:00","dateModified":"2025-08-19T12:46:09+00:00","description":"Feromoone sisaldab parf\u00fc\u00fcm, loodud v\u00f5rgutamiseks.","breadcrumb":{"@id":"https:\/\/lustandlove.eu\/et\/toode\/lohnaoli-naistele\/#breadcrumb"},"inLanguage":"et","potentialAction":[{"@type":"ReadAction","target":["https:\/\/lustandlove.eu\/et\/toode\/lohnaoli-naistele\/"]}]},{"@type":"ImageObject","inLanguage":"et","@id":"https:\/\/lustandlove.eu\/et\/toode\/lohnaoli-naistele\/#primaryimage","url":"https:\/\/lustandlove.eu\/wp-content\/uploads\/YFL02A05.perfume_women_parfum_rejouissance_femme_100ml_yesforlov.gr-M.jpg","contentUrl":"https:\/\/lustandlove.eu\/wp-content\/uploads\/YFL02A05.perfume_women_parfum_rejouissance_femme_100ml_yesforlov.gr-M.jpg","width":450,"height":450,"caption":"YESforLOV Rejouissance Perfume for Ladies 100ml"},{"@type":"BreadcrumbList","@id":"https:\/\/lustandlove.eu\/et\/toode\/lohnaoli-naistele\/#breadcrumb","itemListElement":[{"@type":"ListItem","position":1,"name":"Lust and Love","item":"https:\/\/lustandlove.eu\/et\/"},{"@type":"ListItem","position":2,"name":"Pood","item":"https:\/\/lustandlove.eu\/et\/pood\/"},{"@type":"ListItem","position":3,"name":"L\u00f5hna\u00f5li Naistele"}]},{"@type":"WebSite","@id":"https:\/\/lustandlove.eu\/et\/#website","url":"https:\/\/lustandlove.eu\/et\/","name":"Lust &amp; Love","description":"Online erootikapood tervise, ilu ja armastuse jaoks","publisher":{"@id":"https:\/\/lustandlove.eu\/et\/#organization"},"potentialAction":[{"@type":"SearchAction","target":{"@type":"EntryPoint","urlTemplate":"https:\/\/lustandlove.eu\/et\/?s={search_term_string}"},"query-input":"required name=search_term_string"}],"inLanguage":"et"},{"@type":"Organization","@id":"https:\/\/lustandlove.eu\/et\/#organization","name":"Bioconcept Baltics O\u00dc","url":"https:\/\/lustandlove.eu\/et\/","logo":{"@type":"ImageObject","inLanguage":"et","@id":"https:\/\/lustandlove.eu\/et\/#\/schema\/logo\/image\/","url":"","contentUrl":"","caption":"Bioconcept Baltics O\u00dc"},"image":{"@id":"https:\/\/lustandlove.eu\/et\/#\/schema\/logo\/image\/"},"sameAs":["https:\/\/www.facebook.com\/LustandLoveEU\/","https:\/\/www.instagram.com\/lustandloveeu\/"]}]}},"_links":{"self":[{"href":"https:\/\/lustandlove.eu\/et\/wp-json\/wp\/v2\/product\/49541"}],"collection":[{"href":"https:\/\/lustandlove.eu\/et\/wp-json\/wp\/v2\/product"}],"about":[{"href":"https:\/\/lustandlove.eu\/et\/wp-json\/wp\/v2\/types\/product"}],"wp:featuredmedia":[{"embeddable":true,"href":"https:\/\/lustandlove.eu\/et\/wp-json\/wp\/v2\/media\/48017"}],"wp:attachment":[{"href":"https:\/\/lustandlove.eu\/et\/wp-json\/wp\/v2\/media?parent=49541"}],"wp:term":[{"taxonomy":"product_cat","embeddable":true,"href":"https:\/\/lustandlove.eu\/et\/wp-json\/wp\/v2\/product_cat?post=49541"},{"taxonomy":"product_tag","embeddable":true,"href":"https:\/\/lustandlove.eu\/et\/wp-json\/wp\/v2\/product_tag?post=49541"}],"curies":[{"name":"wp","href":"https:\/\/api.w.org\/{rel}","templated":true}]}}