{"id":49542,"date":"2021-05-28T07:08:28","date_gmt":"2021-05-28T04:08:28","guid":{"rendered":"https:\/\/www.lustandlove.eu\/product\/lohnaoli-meestele\/"},"modified":"2025-08-19T15:46:09","modified_gmt":"2025-08-19T12:46:09","slug":"lohnaoli-meestele","status":"publish","type":"product","link":"https:\/\/lustandlove.eu\/et\/toode\/lohnaoli-meestele\/","title":{"rendered":"L\u00f5hna\u00f5li Meestele"},"content":{"rendered":"<div class=\"wpb-content-wrapper\"><p>[vc_row][vc_column][vc_column_text woodmart_inline=&#8221;no&#8221; text_larger=&#8221;no&#8221;]<br \/>\nYESforLOV\u00a0parf\u00fc\u00fcm meestele peegeldab maskuliinsust.<\/p>\n<p>Parf\u00fc\u00fcmi p\u00f5hil\u00f5hnaks on v\u00fcrtsikas kombinatsioon t\u0161illist, kaneelist, liiliast ja jasmiinist. Puiduse l\u00f5hnaga parf\u00fc\u00fcmi on pehmendatud kuivatatud puuviljadega ja tonka oa l\u00f5hnadega. Ainulaadne l\u00f5hn paneb teised pead p\u00f6\u00f6rama.<\/p>\n<p>Parf\u00fc\u00fcmi l\u00f5hna on tunda kaua-kaua ning \u00fchest pritsmest piisab.[\/vc_column_text][\/vc_column][\/vc_row]<\/p>\n<\/div>","protected":false},"excerpt":{"rendered":"<p>Feromoone sisaldab parf\u00fc\u00fcm, loodud v\u00f5rgutamiseks.<\/p>\n","protected":false},"featured_media":48019,"template":"","meta":[],"product_cat":[1460,1469],"product_tag":[],"yoast_head":"<!-- This site is optimized with the Yoast SEO plugin v22.9 - https:\/\/yoast.com\/wordpress\/plugins\/seo\/ -->\n<title>Eau De Parfum REJOUISSANCE MEN by YESforLOV<\/title>\n<meta name=\"description\" content=\"Feromoone sisaldab parf\u00fc\u00fcm, loodud v\u00f5rgutamiseks.\" \/>\n<meta name=\"robots\" content=\"index,follow,max-snippet:-1,max-image-preview:large,max-video-preview:-1\" \/>\n<link rel=\"canonical\" href=\"https:\/\/lustandlove.eu\/et\/toode\/lohnaoli-meestele\/\" \/>\n<meta name=\"twitter:card\" content=\"summary_large_image\" \/>\n<meta name=\"twitter:title\" content=\"Eau De Parfum REJOUISSANCE MEN by YESforLOV\" \/>\n<meta name=\"twitter:description\" content=\"Feromoone sisaldab parf\u00fc\u00fcm, loodud v\u00f5rgutamiseks.\" \/>\n<meta name=\"twitter:image\" content=\"https:\/\/lustandlove.eu\/wp-content\/uploads\/i-TdKTDr8-X2.jpg\" \/>\n<meta name=\"twitter:label1\" content=\"Est. reading time\" \/>\n\t<meta name=\"twitter:data1\" content=\"1 minut\" \/>\n<script type=\"application\/ld+json\" class=\"yoast-schema-graph\">{\"@context\":\"https:\/\/schema.org\",\"@graph\":[{\"@type\":[\"WebPage\",\"ItemPage\"],\"@id\":\"https:\/\/lustandlove.eu\/et\/toode\/lohnaoli-meestele\/\",\"url\":\"https:\/\/lustandlove.eu\/et\/toode\/lohnaoli-meestele\/\",\"name\":\"Eau De Parfum REJOUISSANCE MEN by YESforLOV\",\"isPartOf\":{\"@id\":\"https:\/\/lustandlove.eu\/et\/#website\"},\"primaryImageOfPage\":{\"@id\":\"https:\/\/lustandlove.eu\/et\/toode\/lohnaoli-meestele\/#primaryimage\"},\"image\":{\"@id\":\"https:\/\/lustandlove.eu\/et\/toode\/lohnaoli-meestele\/#primaryimage\"},\"thumbnailUrl\":\"https:\/\/lustandlove.eu\/wp-content\/uploads\/i-TdKTDr8-X2.jpg\",\"datePublished\":\"2021-05-28T04:08:28+00:00\",\"dateModified\":\"2025-08-19T12:46:09+00:00\",\"description\":\"Feromoone sisaldab parf\u00fc\u00fcm, loodud v\u00f5rgutamiseks.\",\"breadcrumb\":{\"@id\":\"https:\/\/lustandlove.eu\/et\/toode\/lohnaoli-meestele\/#breadcrumb\"},\"inLanguage\":\"et\",\"potentialAction\":[{\"@type\":\"ReadAction\",\"target\":[\"https:\/\/lustandlove.eu\/et\/toode\/lohnaoli-meestele\/\"]}]},{\"@type\":\"ImageObject\",\"inLanguage\":\"et\",\"@id\":\"https:\/\/lustandlove.eu\/et\/toode\/lohnaoli-meestele\/#primaryimage\",\"url\":\"https:\/\/lustandlove.eu\/wp-content\/uploads\/i-TdKTDr8-X2.jpg\",\"contentUrl\":\"https:\/\/lustandlove.eu\/wp-content\/uploads\/i-TdKTDr8-X2.jpg\",\"width\":960,\"height\":960,\"caption\":\"YESforLOV Rejouissance Men Fragrance 100ml\"},{\"@type\":\"BreadcrumbList\",\"@id\":\"https:\/\/lustandlove.eu\/et\/toode\/lohnaoli-meestele\/#breadcrumb\",\"itemListElement\":[{\"@type\":\"ListItem\",\"position\":1,\"name\":\"Lust and Love\",\"item\":\"https:\/\/lustandlove.eu\/et\/\"},{\"@type\":\"ListItem\",\"position\":2,\"name\":\"Pood\",\"item\":\"https:\/\/lustandlove.eu\/et\/pood\/\"},{\"@type\":\"ListItem\",\"position\":3,\"name\":\"L\u00f5hna\u00f5li Meestele\"}]},{\"@type\":\"WebSite\",\"@id\":\"https:\/\/lustandlove.eu\/et\/#website\",\"url\":\"https:\/\/lustandlove.eu\/et\/\",\"name\":\"Lust &amp; Love\",\"description\":\"Online erootikapood tervise, ilu ja armastuse jaoks\",\"publisher\":{\"@id\":\"https:\/\/lustandlove.eu\/et\/#organization\"},\"potentialAction\":[{\"@type\":\"SearchAction\",\"target\":{\"@type\":\"EntryPoint\",\"urlTemplate\":\"https:\/\/lustandlove.eu\/et\/?s={search_term_string}\"},\"query-input\":\"required name=search_term_string\"}],\"inLanguage\":\"et\"},{\"@type\":\"Organization\",\"@id\":\"https:\/\/lustandlove.eu\/et\/#organization\",\"name\":\"Bioconcept Baltics O\u00dc\",\"url\":\"https:\/\/lustandlove.eu\/et\/\",\"logo\":{\"@type\":\"ImageObject\",\"inLanguage\":\"et\",\"@id\":\"https:\/\/lustandlove.eu\/et\/#\/schema\/logo\/image\/\",\"url\":\"\",\"contentUrl\":\"\",\"caption\":\"Bioconcept Baltics O\u00dc\"},\"image\":{\"@id\":\"https:\/\/lustandlove.eu\/et\/#\/schema\/logo\/image\/\"},\"sameAs\":[\"https:\/\/www.facebook.com\/LustandLoveEU\/\",\"https:\/\/www.instagram.com\/lustandloveeu\/\"]}]}<\/script>\n<!-- \/ Yoast SEO plugin. -->","yoast_head_json":{"title":"Eau De Parfum REJOUISSANCE MEN by YESforLOV","description":"Feromoone sisaldab parf\u00fc\u00fcm, loodud v\u00f5rgutamiseks.","robots":{"index,follow,max-snippet":"index,follow,max-snippet:-1,max-image-preview:large,max-video-preview:-1"},"canonical":"https:\/\/lustandlove.eu\/et\/toode\/lohnaoli-meestele\/","twitter_card":"summary_large_image","twitter_title":"Eau De Parfum REJOUISSANCE MEN by YESforLOV","twitter_description":"Feromoone sisaldab parf\u00fc\u00fcm, loodud v\u00f5rgutamiseks.","twitter_image":"https:\/\/lustandlove.eu\/wp-content\/uploads\/i-TdKTDr8-X2.jpg","twitter_misc":{"Est. reading time":"1 minut"},"schema":{"@context":"https:\/\/schema.org","@graph":[{"@type":["WebPage","ItemPage"],"@id":"https:\/\/lustandlove.eu\/et\/toode\/lohnaoli-meestele\/","url":"https:\/\/lustandlove.eu\/et\/toode\/lohnaoli-meestele\/","name":"Eau De Parfum REJOUISSANCE MEN by YESforLOV","isPartOf":{"@id":"https:\/\/lustandlove.eu\/et\/#website"},"primaryImageOfPage":{"@id":"https:\/\/lustandlove.eu\/et\/toode\/lohnaoli-meestele\/#primaryimage"},"image":{"@id":"https:\/\/lustandlove.eu\/et\/toode\/lohnaoli-meestele\/#primaryimage"},"thumbnailUrl":"https:\/\/lustandlove.eu\/wp-content\/uploads\/i-TdKTDr8-X2.jpg","datePublished":"2021-05-28T04:08:28+00:00","dateModified":"2025-08-19T12:46:09+00:00","description":"Feromoone sisaldab parf\u00fc\u00fcm, loodud v\u00f5rgutamiseks.","breadcrumb":{"@id":"https:\/\/lustandlove.eu\/et\/toode\/lohnaoli-meestele\/#breadcrumb"},"inLanguage":"et","potentialAction":[{"@type":"ReadAction","target":["https:\/\/lustandlove.eu\/et\/toode\/lohnaoli-meestele\/"]}]},{"@type":"ImageObject","inLanguage":"et","@id":"https:\/\/lustandlove.eu\/et\/toode\/lohnaoli-meestele\/#primaryimage","url":"https:\/\/lustandlove.eu\/wp-content\/uploads\/i-TdKTDr8-X2.jpg","contentUrl":"https:\/\/lustandlove.eu\/wp-content\/uploads\/i-TdKTDr8-X2.jpg","width":960,"height":960,"caption":"YESforLOV Rejouissance Men Fragrance 100ml"},{"@type":"BreadcrumbList","@id":"https:\/\/lustandlove.eu\/et\/toode\/lohnaoli-meestele\/#breadcrumb","itemListElement":[{"@type":"ListItem","position":1,"name":"Lust and Love","item":"https:\/\/lustandlove.eu\/et\/"},{"@type":"ListItem","position":2,"name":"Pood","item":"https:\/\/lustandlove.eu\/et\/pood\/"},{"@type":"ListItem","position":3,"name":"L\u00f5hna\u00f5li Meestele"}]},{"@type":"WebSite","@id":"https:\/\/lustandlove.eu\/et\/#website","url":"https:\/\/lustandlove.eu\/et\/","name":"Lust &amp; Love","description":"Online erootikapood tervise, ilu ja armastuse jaoks","publisher":{"@id":"https:\/\/lustandlove.eu\/et\/#organization"},"potentialAction":[{"@type":"SearchAction","target":{"@type":"EntryPoint","urlTemplate":"https:\/\/lustandlove.eu\/et\/?s={search_term_string}"},"query-input":"required name=search_term_string"}],"inLanguage":"et"},{"@type":"Organization","@id":"https:\/\/lustandlove.eu\/et\/#organization","name":"Bioconcept Baltics O\u00dc","url":"https:\/\/lustandlove.eu\/et\/","logo":{"@type":"ImageObject","inLanguage":"et","@id":"https:\/\/lustandlove.eu\/et\/#\/schema\/logo\/image\/","url":"","contentUrl":"","caption":"Bioconcept Baltics O\u00dc"},"image":{"@id":"https:\/\/lustandlove.eu\/et\/#\/schema\/logo\/image\/"},"sameAs":["https:\/\/www.facebook.com\/LustandLoveEU\/","https:\/\/www.instagram.com\/lustandloveeu\/"]}]}},"_links":{"self":[{"href":"https:\/\/lustandlove.eu\/et\/wp-json\/wp\/v2\/product\/49542"}],"collection":[{"href":"https:\/\/lustandlove.eu\/et\/wp-json\/wp\/v2\/product"}],"about":[{"href":"https:\/\/lustandlove.eu\/et\/wp-json\/wp\/v2\/types\/product"}],"wp:featuredmedia":[{"embeddable":true,"href":"https:\/\/lustandlove.eu\/et\/wp-json\/wp\/v2\/media\/48019"}],"wp:attachment":[{"href":"https:\/\/lustandlove.eu\/et\/wp-json\/wp\/v2\/media?parent=49542"}],"wp:term":[{"taxonomy":"product_cat","embeddable":true,"href":"https:\/\/lustandlove.eu\/et\/wp-json\/wp\/v2\/product_cat?post=49542"},{"taxonomy":"product_tag","embeddable":true,"href":"https:\/\/lustandlove.eu\/et\/wp-json\/wp\/v2\/product_tag?post=49542"}],"curies":[{"name":"wp","href":"https:\/\/api.w.org\/{rel}","templated":true}]}}