{"id":49545,"date":"2021-05-28T07:07:59","date_gmt":"2021-05-28T04:07:59","guid":{"rendered":"https:\/\/www.lustandlove.eu\/product\/libestav-massaazigeel\/"},"modified":"2025-08-19T15:46:10","modified_gmt":"2025-08-19T12:46:10","slug":"libestav-massaazigeel","status":"publish","type":"product","link":"https:\/\/lustandlove.eu\/et\/toode\/libestav-massaazigeel\/","title":{"rendered":"Libestav Massaa\u017eigeel"},"content":{"rendered":"<div class=\"wpb-content-wrapper\"><p>[vc_row][vc_column][vc_column_text woodmart_inline=&#8221;no&#8221; text_larger=&#8221;no&#8221;]YESforLOV silikooni baasil libestav massaa\u017eigeel sobib h\u00e4sti neile, kellel kipub massaa\u017e \u00fcle minema millekski muuks. Geelil on \u00f5rn-\u00f5rn v\u00fcrtsikas l\u00f5hn ning see on maitsetu. Silikooni baasil libesti sobib h\u00e4sti tavaliseks massaa\u017eiks, lingam massaa\u017eiks v\u00f5i vahekorra jaoks. Selle \u00f5rn koostis on naha vastu hell ning sobib kasutamiseks kondoomidega. Tootel on mugav pump, mis aitab pudeli hoida puhtana.<\/p>\n<p>Silikooni baasil libestid p\u00fcsivad kaua libedana ning need hoiavad su naha pehmena. Massaa\u017eigeeli ei pea maha pesema, see aurustub ise minema, kui h\u00f5\u00f5rdumine l\u00f5peb. Tunned \u00f5rna erutavate v\u00fcrtside l\u00f5hna veel kaua.<\/p>\n<p>Sobib h\u00e4sti neile, kellele ei meeldi tugevad ja intensiivsed l\u00f5hnad.<\/p>\n<p><strong>Kaks-\u00fches geel kehale ja intiimseteks tegevusteks<\/strong><\/p>\n<p>Libestavat massaa\u017eigeeli v\u00f5ib kanda kogu kehale, kaasa arvatud intiimpiirkonnale. Massaa\u017ei tehes j\u00e4tab geel nahale siidja ja jumalikult pehme tunde. Kui eelm\u00e4ngud viivad su j\u00e4rgmise sammuni, sobib geel sinu intiimseks kaaslaseks: k\u00f5rge libestusega koostis ei tekita allergilisi reaktsioone ning sobib kasutamiseks kondoomiga.<\/p>\n<p><strong>Afrodisiaakumi l\u00f5hn<\/strong><br \/>\n\u00dcks selle toote saladus on soe frangipani lille l\u00f5hn. See magus, \u00f5ie noodiga l\u00f5hn sobib igale vanusele ja soole.[\/vc_column_text][\/vc_column][\/vc_row]<\/p>\n<\/div>","protected":false},"excerpt":{"rendered":"<p>YESforLOV silikooni baasil libestav massaa\u017eigeel sobib h\u00e4sti neile, kellel kipub massaa\u017e \u00fcle minema millekski muuks. Geelil on \u00f5rn-\u00f5rn v\u00fcrtsikas l\u00f5hn ning see on maitsetu. Silikooni baasil vedelik sobib h\u00e4sti tavaliseks massaa\u017eiks, lingam massaa\u017eiks v\u00f5i seksiks. Selle \u00f5rn koostis on naha vastu hell ning sobib kasutamiseks kondoomdiega. Toode ei tekita allergilisi reaktsioone. Tootel on mugav pump, mis aitab pudeli hoida puhtana.<\/p>\n","protected":false},"featured_media":47989,"template":"","meta":[],"product_cat":[1467,1460,1468,3975],"product_tag":[4128,1574],"yoast_head":"<!-- This site is optimized with the Yoast SEO plugin v22.9 - https:\/\/yoast.com\/wordpress\/plugins\/seo\/ -->\n<title>Libestav Massaa\u017eigeel | Lust &amp; Love<\/title>\n<meta name=\"description\" content=\"YESforLOV silikooni baasil libestav massaa\u017eigeel sobib h\u00e4sti neile, kellel kipub massaa\u017e \u00fcle minema millekski muuks. Geelil on \u00f5rn-\u00f5rn v\u00fcrtsikas l\u00f5hn ning see on maitsetu. Silikooni baasil vedelik sobib h\u00e4sti tavaliseks massaa\u017eiks, lingam massaa\u017eiks v\u00f5i seksiks. Selle \u00f5rn koostis on naha vastu hell ning sobib kasutamiseks kondoomdiega. Toode ei tekita allergilisi reaktsioone. Tootel on mugav pump, mis aitab pudeli hoida puhtana.\" \/>\n<meta name=\"robots\" content=\"index,follow,max-snippet:-1,max-image-preview:large,max-video-preview:-1\" \/>\n<link rel=\"canonical\" href=\"https:\/\/lustandlove.eu\/et\/toode\/libestav-massaazigeel\/\" \/>\n<meta name=\"twitter:card\" content=\"summary_large_image\" \/>\n<meta name=\"twitter:title\" content=\"Libestav Massaa\u017eigeel | Lust &amp; Love\" \/>\n<meta name=\"twitter:description\" content=\"YESforLOV silikooni baasil libestav massaa\u017eigeel sobib h\u00e4sti neile, kellel kipub massaa\u017e \u00fcle minema millekski muuks. Geelil on \u00f5rn-\u00f5rn v\u00fcrtsikas l\u00f5hn ning see on maitsetu. Silikooni baasil vedelik sobib h\u00e4sti tavaliseks massaa\u017eiks, lingam massaa\u017eiks v\u00f5i seksiks. Selle \u00f5rn koostis on naha vastu hell ning sobib kasutamiseks kondoomdiega. Toode ei tekita allergilisi reaktsioone. Tootel on mugav pump, mis aitab pudeli hoida puhtana.\" \/>\n<meta name=\"twitter:image\" content=\"https:\/\/lustandlove.eu\/wp-content\/uploads\/i-R8CrN59-X2.jpg\" \/>\n<meta name=\"twitter:label1\" content=\"Est. reading time\" \/>\n\t<meta name=\"twitter:data1\" content=\"1 minut\" \/>\n<script type=\"application\/ld+json\" class=\"yoast-schema-graph\">{\"@context\":\"https:\/\/schema.org\",\"@graph\":[{\"@type\":[\"WebPage\",\"ItemPage\"],\"@id\":\"https:\/\/lustandlove.eu\/et\/toode\/libestav-massaazigeel\/\",\"url\":\"https:\/\/lustandlove.eu\/et\/toode\/libestav-massaazigeel\/\",\"name\":\"Libestav Massaa\u017eigeel | Lust &amp; Love\",\"isPartOf\":{\"@id\":\"https:\/\/lustandlove.eu\/et\/#website\"},\"primaryImageOfPage\":{\"@id\":\"https:\/\/lustandlove.eu\/et\/toode\/libestav-massaazigeel\/#primaryimage\"},\"image\":{\"@id\":\"https:\/\/lustandlove.eu\/et\/toode\/libestav-massaazigeel\/#primaryimage\"},\"thumbnailUrl\":\"https:\/\/lustandlove.eu\/wp-content\/uploads\/i-R8CrN59-X2.jpg\",\"datePublished\":\"2021-05-28T04:07:59+00:00\",\"dateModified\":\"2025-08-19T12:46:10+00:00\",\"description\":\"YESforLOV silikooni baasil libestav massaa\u017eigeel sobib h\u00e4sti neile, kellel kipub massaa\u017e \u00fcle minema millekski muuks. Geelil on \u00f5rn-\u00f5rn v\u00fcrtsikas l\u00f5hn ning see on maitsetu. Silikooni baasil vedelik sobib h\u00e4sti tavaliseks massaa\u017eiks, lingam massaa\u017eiks v\u00f5i seksiks. Selle \u00f5rn koostis on naha vastu hell ning sobib kasutamiseks kondoomdiega. Toode ei tekita allergilisi reaktsioone. Tootel on mugav pump, mis aitab pudeli hoida puhtana.\",\"breadcrumb\":{\"@id\":\"https:\/\/lustandlove.eu\/et\/toode\/libestav-massaazigeel\/#breadcrumb\"},\"inLanguage\":\"et\",\"potentialAction\":[{\"@type\":\"ReadAction\",\"target\":[\"https:\/\/lustandlove.eu\/et\/toode\/libestav-massaazigeel\/\"]}]},{\"@type\":\"ImageObject\",\"inLanguage\":\"et\",\"@id\":\"https:\/\/lustandlove.eu\/et\/toode\/libestav-massaazigeel\/#primaryimage\",\"url\":\"https:\/\/lustandlove.eu\/wp-content\/uploads\/i-R8CrN59-X2.jpg\",\"contentUrl\":\"https:\/\/lustandlove.eu\/wp-content\/uploads\/i-R8CrN59-X2.jpg\",\"width\":960,\"height\":960,\"caption\":\"YESforLOV Allover Lubricating Massage Gel\"},{\"@type\":\"BreadcrumbList\",\"@id\":\"https:\/\/lustandlove.eu\/et\/toode\/libestav-massaazigeel\/#breadcrumb\",\"itemListElement\":[{\"@type\":\"ListItem\",\"position\":1,\"name\":\"Lust and Love\",\"item\":\"https:\/\/lustandlove.eu\/et\/\"},{\"@type\":\"ListItem\",\"position\":2,\"name\":\"Pood\",\"item\":\"https:\/\/lustandlove.eu\/et\/pood\/\"},{\"@type\":\"ListItem\",\"position\":3,\"name\":\"Libestid ja kehahooldus\",\"item\":\"https:\/\/lustandlove.eu\/et\/pood\/apteek\/\"},{\"@type\":\"ListItem\",\"position\":4,\"name\":\"Libestid\",\"item\":\"https:\/\/lustandlove.eu\/et\/pood\/apteek\/libestid\/\"},{\"@type\":\"ListItem\",\"position\":5,\"name\":\"Silikooni baasil\",\"item\":\"https:\/\/lustandlove.eu\/et\/pood\/apteek\/libestid\/silikooni-baasil\/\"},{\"@type\":\"ListItem\",\"position\":6,\"name\":\"Libestav Massaa\u017eigeel\"}]},{\"@type\":\"WebSite\",\"@id\":\"https:\/\/lustandlove.eu\/et\/#website\",\"url\":\"https:\/\/lustandlove.eu\/et\/\",\"name\":\"Lust &amp; Love\",\"description\":\"Online erootikapood tervise, ilu ja armastuse jaoks\",\"publisher\":{\"@id\":\"https:\/\/lustandlove.eu\/et\/#organization\"},\"potentialAction\":[{\"@type\":\"SearchAction\",\"target\":{\"@type\":\"EntryPoint\",\"urlTemplate\":\"https:\/\/lustandlove.eu\/et\/?s={search_term_string}\"},\"query-input\":\"required name=search_term_string\"}],\"inLanguage\":\"et\"},{\"@type\":\"Organization\",\"@id\":\"https:\/\/lustandlove.eu\/et\/#organization\",\"name\":\"Bioconcept Baltics O\u00dc\",\"url\":\"https:\/\/lustandlove.eu\/et\/\",\"logo\":{\"@type\":\"ImageObject\",\"inLanguage\":\"et\",\"@id\":\"https:\/\/lustandlove.eu\/et\/#\/schema\/logo\/image\/\",\"url\":\"\",\"contentUrl\":\"\",\"caption\":\"Bioconcept Baltics O\u00dc\"},\"image\":{\"@id\":\"https:\/\/lustandlove.eu\/et\/#\/schema\/logo\/image\/\"},\"sameAs\":[\"https:\/\/www.facebook.com\/LustandLoveEU\/\",\"https:\/\/www.instagram.com\/lustandloveeu\/\"]}]}<\/script>\n<!-- \/ Yoast SEO plugin. -->","yoast_head_json":{"title":"Libestav Massaa\u017eigeel | Lust &amp; Love","description":"YESforLOV silikooni baasil libestav massaa\u017eigeel sobib h\u00e4sti neile, kellel kipub massaa\u017e \u00fcle minema millekski muuks. Geelil on \u00f5rn-\u00f5rn v\u00fcrtsikas l\u00f5hn ning see on maitsetu. Silikooni baasil vedelik sobib h\u00e4sti tavaliseks massaa\u017eiks, lingam massaa\u017eiks v\u00f5i seksiks. Selle \u00f5rn koostis on naha vastu hell ning sobib kasutamiseks kondoomdiega. Toode ei tekita allergilisi reaktsioone. Tootel on mugav pump, mis aitab pudeli hoida puhtana.","robots":{"index,follow,max-snippet":"index,follow,max-snippet:-1,max-image-preview:large,max-video-preview:-1"},"canonical":"https:\/\/lustandlove.eu\/et\/toode\/libestav-massaazigeel\/","twitter_card":"summary_large_image","twitter_title":"Libestav Massaa\u017eigeel | Lust &amp; Love","twitter_description":"YESforLOV silikooni baasil libestav massaa\u017eigeel sobib h\u00e4sti neile, kellel kipub massaa\u017e \u00fcle minema millekski muuks. Geelil on \u00f5rn-\u00f5rn v\u00fcrtsikas l\u00f5hn ning see on maitsetu. Silikooni baasil vedelik sobib h\u00e4sti tavaliseks massaa\u017eiks, lingam massaa\u017eiks v\u00f5i seksiks. Selle \u00f5rn koostis on naha vastu hell ning sobib kasutamiseks kondoomdiega. Toode ei tekita allergilisi reaktsioone. Tootel on mugav pump, mis aitab pudeli hoida puhtana.","twitter_image":"https:\/\/lustandlove.eu\/wp-content\/uploads\/i-R8CrN59-X2.jpg","twitter_misc":{"Est. reading time":"1 minut"},"schema":{"@context":"https:\/\/schema.org","@graph":[{"@type":["WebPage","ItemPage"],"@id":"https:\/\/lustandlove.eu\/et\/toode\/libestav-massaazigeel\/","url":"https:\/\/lustandlove.eu\/et\/toode\/libestav-massaazigeel\/","name":"Libestav Massaa\u017eigeel | Lust &amp; Love","isPartOf":{"@id":"https:\/\/lustandlove.eu\/et\/#website"},"primaryImageOfPage":{"@id":"https:\/\/lustandlove.eu\/et\/toode\/libestav-massaazigeel\/#primaryimage"},"image":{"@id":"https:\/\/lustandlove.eu\/et\/toode\/libestav-massaazigeel\/#primaryimage"},"thumbnailUrl":"https:\/\/lustandlove.eu\/wp-content\/uploads\/i-R8CrN59-X2.jpg","datePublished":"2021-05-28T04:07:59+00:00","dateModified":"2025-08-19T12:46:10+00:00","description":"YESforLOV silikooni baasil libestav massaa\u017eigeel sobib h\u00e4sti neile, kellel kipub massaa\u017e \u00fcle minema millekski muuks. Geelil on \u00f5rn-\u00f5rn v\u00fcrtsikas l\u00f5hn ning see on maitsetu. Silikooni baasil vedelik sobib h\u00e4sti tavaliseks massaa\u017eiks, lingam massaa\u017eiks v\u00f5i seksiks. Selle \u00f5rn koostis on naha vastu hell ning sobib kasutamiseks kondoomdiega. Toode ei tekita allergilisi reaktsioone. Tootel on mugav pump, mis aitab pudeli hoida puhtana.","breadcrumb":{"@id":"https:\/\/lustandlove.eu\/et\/toode\/libestav-massaazigeel\/#breadcrumb"},"inLanguage":"et","potentialAction":[{"@type":"ReadAction","target":["https:\/\/lustandlove.eu\/et\/toode\/libestav-massaazigeel\/"]}]},{"@type":"ImageObject","inLanguage":"et","@id":"https:\/\/lustandlove.eu\/et\/toode\/libestav-massaazigeel\/#primaryimage","url":"https:\/\/lustandlove.eu\/wp-content\/uploads\/i-R8CrN59-X2.jpg","contentUrl":"https:\/\/lustandlove.eu\/wp-content\/uploads\/i-R8CrN59-X2.jpg","width":960,"height":960,"caption":"YESforLOV Allover Lubricating Massage Gel"},{"@type":"BreadcrumbList","@id":"https:\/\/lustandlove.eu\/et\/toode\/libestav-massaazigeel\/#breadcrumb","itemListElement":[{"@type":"ListItem","position":1,"name":"Lust and Love","item":"https:\/\/lustandlove.eu\/et\/"},{"@type":"ListItem","position":2,"name":"Pood","item":"https:\/\/lustandlove.eu\/et\/pood\/"},{"@type":"ListItem","position":3,"name":"Libestid ja kehahooldus","item":"https:\/\/lustandlove.eu\/et\/pood\/apteek\/"},{"@type":"ListItem","position":4,"name":"Libestid","item":"https:\/\/lustandlove.eu\/et\/pood\/apteek\/libestid\/"},{"@type":"ListItem","position":5,"name":"Silikooni baasil","item":"https:\/\/lustandlove.eu\/et\/pood\/apteek\/libestid\/silikooni-baasil\/"},{"@type":"ListItem","position":6,"name":"Libestav Massaa\u017eigeel"}]},{"@type":"WebSite","@id":"https:\/\/lustandlove.eu\/et\/#website","url":"https:\/\/lustandlove.eu\/et\/","name":"Lust &amp; Love","description":"Online erootikapood tervise, ilu ja armastuse jaoks","publisher":{"@id":"https:\/\/lustandlove.eu\/et\/#organization"},"potentialAction":[{"@type":"SearchAction","target":{"@type":"EntryPoint","urlTemplate":"https:\/\/lustandlove.eu\/et\/?s={search_term_string}"},"query-input":"required name=search_term_string"}],"inLanguage":"et"},{"@type":"Organization","@id":"https:\/\/lustandlove.eu\/et\/#organization","name":"Bioconcept Baltics O\u00dc","url":"https:\/\/lustandlove.eu\/et\/","logo":{"@type":"ImageObject","inLanguage":"et","@id":"https:\/\/lustandlove.eu\/et\/#\/schema\/logo\/image\/","url":"","contentUrl":"","caption":"Bioconcept Baltics O\u00dc"},"image":{"@id":"https:\/\/lustandlove.eu\/et\/#\/schema\/logo\/image\/"},"sameAs":["https:\/\/www.facebook.com\/LustandLoveEU\/","https:\/\/www.instagram.com\/lustandloveeu\/"]}]}},"_links":{"self":[{"href":"https:\/\/lustandlove.eu\/et\/wp-json\/wp\/v2\/product\/49545"}],"collection":[{"href":"https:\/\/lustandlove.eu\/et\/wp-json\/wp\/v2\/product"}],"about":[{"href":"https:\/\/lustandlove.eu\/et\/wp-json\/wp\/v2\/types\/product"}],"wp:featuredmedia":[{"embeddable":true,"href":"https:\/\/lustandlove.eu\/et\/wp-json\/wp\/v2\/media\/47989"}],"wp:attachment":[{"href":"https:\/\/lustandlove.eu\/et\/wp-json\/wp\/v2\/media?parent=49545"}],"wp:term":[{"taxonomy":"product_cat","embeddable":true,"href":"https:\/\/lustandlove.eu\/et\/wp-json\/wp\/v2\/product_cat?post=49545"},{"taxonomy":"product_tag","embeddable":true,"href":"https:\/\/lustandlove.eu\/et\/wp-json\/wp\/v2\/product_tag?post=49545"}],"curies":[{"name":"wp","href":"https:\/\/api.w.org\/{rel}","templated":true}]}}