{"id":49553,"date":"2021-05-28T07:07:58","date_gmt":"2021-05-28T04:07:58","guid":{"rendered":"https:\/\/www.lustandlove.eu\/product\/noiduslik-massaazikuunal\/"},"modified":"2026-04-13T10:45:32","modified_gmt":"2026-04-13T07:45:32","slug":"noiduslik-massaazikuunal","status":"publish","type":"product","link":"https:\/\/lustandlove.eu\/et\/toode\/noiduslik-massaazikuunal\/","title":{"rendered":"N\u00f5iduslik Massaazik\u00fc\u00fcnal"},"content":{"rendered":"<div class=\"wpb-content-wrapper\"><p>[vc_row][vc_column][vc_column_text css=&#8221;&#8221; woodmart_inline=&#8221;no&#8221; text_larger=&#8221;no&#8221;]<\/p>\n<p>Looduslik massaa\u017eik\u00fc\u00fcnal, mis on spetsiaalselt loodud nii, et sulades muutub vedelik kreemjaks, siidiselt siledaks ja soojendavaks massaa\u017ei\u00f5liks, mis ei p\u00f5leta nahka.<\/p>\n<p>YESforLOV lummav massaa\u017eik\u00fc\u00fcnal on valmistatud soja- ja mesilasvahast ning rikastatud seesami\u00f5liga, mis on tuntud oma naha taastavate ja pehmendavate omaduste poolest.<\/p>\n<p>Prantsusmaal valmistatud \u0161ikk ja luksuslik massaa\u017eik\u00fc\u00fcnal on kaunis mustas keraamilises potis, millel on tila ja kaas. K\u00fc\u00fcnal ei sisalda parafiini, pakkudes sametist ja mitterasvast puudutust, samas kui parabeenivaba l\u00f5hn frangipani\u00f5itest ja valgest teest kutsub l\u00f5\u00f5gastuma ning jagama intiimset ja kirglikku \u00f5htut.<\/p>\n<p>Meie afrodisiaakumi aroomiga paaride k\u00fc\u00fcnlad on loodud v\u00f5imaldama 20\u201325 massaa\u017ei. See on ideaalne aksessuaar, mis aitab suurendada seksuaalset sensuaalsust, l\u00f5\u00f5gastada keha, ellu \u00e4ratada salajasi soove ja t\u00f5sta libiidot.<\/p>\n<p>YESforLOV mesilasvahast k\u00fc\u00fcnalt saab kasutada ka kodul\u00f5hnastajana; lase sellel oma meeli joovastada ja luua l\u00f5\u00f5gastav ning erootiline \u00f5hkkond.[\/vc_column_text][\/vc_column][\/vc_row]<\/p>\n<\/div>","protected":false},"excerpt":{"rendered":"<p>M\u00e4ngi tulega. Magusad lillelised ja monoi noodid loovad sensuaalse \u00f5hkkonna, samas kui vanill \u00e4ratab ellu k\u00f5ik sinu salajased soovid. Valge tee ja thanaka puidu aroomid viivad sind justkui soojale suve\u00f5htule, kus jalad on liivas.<\/p>\n<p>Aroom, mis sind v\u00f5lub. Parf\u00fc\u00fcm, mille on loonud \u00fcks Prantsuse parf\u00fcmeeria parimaid talente.<\/p>\n<p>Piiratud aja jooksul saad kingituse koos k\u00f5ikide Yesforlov massaa\u017eik\u00fc\u00fcnalde ja \u00f5lidega! \ud83c\udf81<\/p>\n","protected":false},"featured_media":47996,"template":"","meta":[],"product_brand":[4248],"product_cat":[1460,1468],"product_tag":[3093],"class_list":{"0":"post-49553","1":"product","2":"type-product","3":"status-publish","4":"has-post-thumbnail","6":"product_brand-yesforlov-et","7":"product_cat-apteek","8":"product_cat-massaaziolid-ja-geelid","9":"product_tag-aftercare-et","10":"pa_brand-yesforlov-et","12":"first","13":"instock","14":"taxable","15":"shipping-taxable","16":"purchasable","17":"product-type-variable"},"yoast_head":"<!-- This site is optimized with the Yoast SEO plugin v27.3 - https:\/\/yoast.com\/product\/yoast-seo-wordpress\/ -->\n<title>N\u00f5iduslik Massaazik\u00fc\u00fcnal | Lust and Love<\/title>\n<meta name=\"description\" content=\"M\u00e4ngi tulega. Magusad lillelised ja monoi noodid loovad sensuaalse \u00f5hkkonna, samas kui vanill \u00e4ratab ellu k\u00f5ik sinu salajased soovid.\" \/>\n<meta name=\"robots\" content=\"index,follow,max-snippet:-1,max-image-preview:large,max-video-preview:-1\" \/>\n<link rel=\"canonical\" href=\"https:\/\/lustandlove.eu\/et\/toode\/noiduslik-massaazikuunal\/\" \/>\n<meta name=\"twitter:card\" content=\"summary_large_image\" \/>\n<meta name=\"twitter:title\" content=\"N\u00f5iduslik Massaazik\u00fc\u00fcnal | Lust and Love\" \/>\n<meta name=\"twitter:description\" content=\"M\u00e4ngi tulega. Magusad lillelised ja monoi noodid loovad sensuaalse \u00f5hkkonna, samas kui vanill \u00e4ratab ellu k\u00f5ik sinu salajased soovid.\" \/>\n<meta name=\"twitter:image\" content=\"https:\/\/lustandlove.eu\/wp-content\/uploads\/i-tkRRcpT-X2.jpg\" \/>\n<meta name=\"twitter:label1\" content=\"Est. reading time\" \/>\n\t<meta name=\"twitter:data1\" content=\"1 minut\" \/>\n<script type=\"application\/ld+json\" class=\"yoast-schema-graph\">{\"@context\":\"https:\\\/\\\/schema.org\",\"@graph\":[{\"@type\":[\"WebPage\",\"ItemPage\"],\"@id\":\"https:\\\/\\\/lustandlove.eu\\\/et\\\/toode\\\/noiduslik-massaazikuunal\\\/\",\"url\":\"https:\\\/\\\/lustandlove.eu\\\/et\\\/toode\\\/noiduslik-massaazikuunal\\\/\",\"name\":\"N\u00f5iduslik Massaazik\u00fc\u00fcnal | Lust and Love\",\"isPartOf\":{\"@id\":\"https:\\\/\\\/lustandlove.eu\\\/et\\\/#website\"},\"primaryImageOfPage\":{\"@id\":\"https:\\\/\\\/lustandlove.eu\\\/et\\\/toode\\\/noiduslik-massaazikuunal\\\/#primaryimage\"},\"image\":{\"@id\":\"https:\\\/\\\/lustandlove.eu\\\/et\\\/toode\\\/noiduslik-massaazikuunal\\\/#primaryimage\"},\"thumbnailUrl\":\"https:\\\/\\\/lustandlove.eu\\\/wp-content\\\/uploads\\\/i-tkRRcpT-X2.jpg\",\"datePublished\":\"2021-05-28T04:07:58+00:00\",\"dateModified\":\"2026-04-13T07:45:32+00:00\",\"description\":\"M\u00e4ngi tulega. Magusad lillelised ja monoi noodid loovad sensuaalse \u00f5hkkonna, samas kui vanill \u00e4ratab ellu k\u00f5ik sinu salajased soovid.\",\"breadcrumb\":{\"@id\":\"https:\\\/\\\/lustandlove.eu\\\/et\\\/toode\\\/noiduslik-massaazikuunal\\\/#breadcrumb\"},\"inLanguage\":\"et\",\"potentialAction\":[{\"@type\":\"ReadAction\",\"target\":[\"https:\\\/\\\/lustandlove.eu\\\/et\\\/toode\\\/noiduslik-massaazikuunal\\\/\"]}]},{\"@type\":\"ImageObject\",\"inLanguage\":\"et\",\"@id\":\"https:\\\/\\\/lustandlove.eu\\\/et\\\/toode\\\/noiduslik-massaazikuunal\\\/#primaryimage\",\"url\":\"https:\\\/\\\/lustandlove.eu\\\/wp-content\\\/uploads\\\/i-tkRRcpT-X2.jpg\",\"contentUrl\":\"https:\\\/\\\/lustandlove.eu\\\/wp-content\\\/uploads\\\/i-tkRRcpT-X2.jpg\",\"width\":960,\"height\":960,\"caption\":\"YESforLOV Bewitching Massage Candle\"},{\"@type\":\"BreadcrumbList\",\"@id\":\"https:\\\/\\\/lustandlove.eu\\\/et\\\/toode\\\/noiduslik-massaazikuunal\\\/#breadcrumb\",\"itemListElement\":[{\"@type\":\"ListItem\",\"position\":1,\"name\":\"Lust and Love\",\"item\":\"https:\\\/\\\/lustandlove.eu\\\/et\\\/\"},{\"@type\":\"ListItem\",\"position\":2,\"name\":\"Pood\",\"item\":\"https:\\\/\\\/lustandlove.eu\\\/et\\\/pood\\\/\"},{\"@type\":\"ListItem\",\"position\":3,\"name\":\"Libestid ja kehahooldus\",\"item\":\"https:\\\/\\\/lustandlove.eu\\\/et\\\/pood\\\/apteek\\\/\"},{\"@type\":\"ListItem\",\"position\":4,\"name\":\"Massaa\u017ei\u00f5lid ja -geelid\",\"item\":\"https:\\\/\\\/lustandlove.eu\\\/et\\\/pood\\\/apteek\\\/massaaziolid-ja-geelid\\\/\"},{\"@type\":\"ListItem\",\"position\":5,\"name\":\"N\u00f5iduslik Massaazik\u00fc\u00fcnal\"}]},{\"@type\":\"WebSite\",\"@id\":\"https:\\\/\\\/lustandlove.eu\\\/et\\\/#website\",\"url\":\"https:\\\/\\\/lustandlove.eu\\\/et\\\/\",\"name\":\"Lust &amp; Love\",\"description\":\"Online erootikapood tervise, ilu ja armastuse jaoks\",\"publisher\":{\"@id\":\"https:\\\/\\\/lustandlove.eu\\\/et\\\/#organization\"},\"potentialAction\":[{\"@type\":\"SearchAction\",\"target\":{\"@type\":\"EntryPoint\",\"urlTemplate\":\"https:\\\/\\\/lustandlove.eu\\\/et\\\/?s={search_term_string}\"},\"query-input\":{\"@type\":\"PropertyValueSpecification\",\"valueRequired\":true,\"valueName\":\"search_term_string\"}}],\"inLanguage\":\"et\"},{\"@type\":\"Organization\",\"@id\":\"https:\\\/\\\/lustandlove.eu\\\/et\\\/#organization\",\"name\":\"Bioconcept Baltics O\u00dc\",\"url\":\"https:\\\/\\\/lustandlove.eu\\\/et\\\/\",\"logo\":{\"@type\":\"ImageObject\",\"inLanguage\":\"et\",\"@id\":\"https:\\\/\\\/lustandlove.eu\\\/et\\\/#\\\/schema\\\/logo\\\/image\\\/\",\"url\":\"\",\"contentUrl\":\"\",\"caption\":\"Bioconcept Baltics O\u00dc\"},\"image\":{\"@id\":\"https:\\\/\\\/lustandlove.eu\\\/et\\\/#\\\/schema\\\/logo\\\/image\\\/\"},\"sameAs\":[\"https:\\\/\\\/www.facebook.com\\\/LustandLoveEU\\\/\",\"https:\\\/\\\/www.instagram.com\\\/lustandloveeu\\\/\"]}]}<\/script>\n<!-- \/ Yoast SEO plugin. -->","yoast_head_json":{"title":"N\u00f5iduslik Massaazik\u00fc\u00fcnal | Lust and Love","description":"M\u00e4ngi tulega. Magusad lillelised ja monoi noodid loovad sensuaalse \u00f5hkkonna, samas kui vanill \u00e4ratab ellu k\u00f5ik sinu salajased soovid.","robots":{"index,follow,max-snippet":"index,follow,max-snippet:-1,max-image-preview:large,max-video-preview:-1"},"canonical":"https:\/\/lustandlove.eu\/et\/toode\/noiduslik-massaazikuunal\/","twitter_card":"summary_large_image","twitter_title":"N\u00f5iduslik Massaazik\u00fc\u00fcnal | Lust and Love","twitter_description":"M\u00e4ngi tulega. Magusad lillelised ja monoi noodid loovad sensuaalse \u00f5hkkonna, samas kui vanill \u00e4ratab ellu k\u00f5ik sinu salajased soovid.","twitter_image":"https:\/\/lustandlove.eu\/wp-content\/uploads\/i-tkRRcpT-X2.jpg","twitter_misc":{"Est. reading time":"1 minut"},"schema":{"@context":"https:\/\/schema.org","@graph":[{"@type":["WebPage","ItemPage"],"@id":"https:\/\/lustandlove.eu\/et\/toode\/noiduslik-massaazikuunal\/","url":"https:\/\/lustandlove.eu\/et\/toode\/noiduslik-massaazikuunal\/","name":"N\u00f5iduslik Massaazik\u00fc\u00fcnal | Lust and Love","isPartOf":{"@id":"https:\/\/lustandlove.eu\/et\/#website"},"primaryImageOfPage":{"@id":"https:\/\/lustandlove.eu\/et\/toode\/noiduslik-massaazikuunal\/#primaryimage"},"image":{"@id":"https:\/\/lustandlove.eu\/et\/toode\/noiduslik-massaazikuunal\/#primaryimage"},"thumbnailUrl":"https:\/\/lustandlove.eu\/wp-content\/uploads\/i-tkRRcpT-X2.jpg","datePublished":"2021-05-28T04:07:58+00:00","dateModified":"2026-04-13T07:45:32+00:00","description":"M\u00e4ngi tulega. Magusad lillelised ja monoi noodid loovad sensuaalse \u00f5hkkonna, samas kui vanill \u00e4ratab ellu k\u00f5ik sinu salajased soovid.","breadcrumb":{"@id":"https:\/\/lustandlove.eu\/et\/toode\/noiduslik-massaazikuunal\/#breadcrumb"},"inLanguage":"et","potentialAction":[{"@type":"ReadAction","target":["https:\/\/lustandlove.eu\/et\/toode\/noiduslik-massaazikuunal\/"]}]},{"@type":"ImageObject","inLanguage":"et","@id":"https:\/\/lustandlove.eu\/et\/toode\/noiduslik-massaazikuunal\/#primaryimage","url":"https:\/\/lustandlove.eu\/wp-content\/uploads\/i-tkRRcpT-X2.jpg","contentUrl":"https:\/\/lustandlove.eu\/wp-content\/uploads\/i-tkRRcpT-X2.jpg","width":960,"height":960,"caption":"YESforLOV Bewitching Massage Candle"},{"@type":"BreadcrumbList","@id":"https:\/\/lustandlove.eu\/et\/toode\/noiduslik-massaazikuunal\/#breadcrumb","itemListElement":[{"@type":"ListItem","position":1,"name":"Lust and Love","item":"https:\/\/lustandlove.eu\/et\/"},{"@type":"ListItem","position":2,"name":"Pood","item":"https:\/\/lustandlove.eu\/et\/pood\/"},{"@type":"ListItem","position":3,"name":"Libestid ja kehahooldus","item":"https:\/\/lustandlove.eu\/et\/pood\/apteek\/"},{"@type":"ListItem","position":4,"name":"Massaa\u017ei\u00f5lid ja -geelid","item":"https:\/\/lustandlove.eu\/et\/pood\/apteek\/massaaziolid-ja-geelid\/"},{"@type":"ListItem","position":5,"name":"N\u00f5iduslik Massaazik\u00fc\u00fcnal"}]},{"@type":"WebSite","@id":"https:\/\/lustandlove.eu\/et\/#website","url":"https:\/\/lustandlove.eu\/et\/","name":"Lust &amp; Love","description":"Online erootikapood tervise, ilu ja armastuse jaoks","publisher":{"@id":"https:\/\/lustandlove.eu\/et\/#organization"},"potentialAction":[{"@type":"SearchAction","target":{"@type":"EntryPoint","urlTemplate":"https:\/\/lustandlove.eu\/et\/?s={search_term_string}"},"query-input":{"@type":"PropertyValueSpecification","valueRequired":true,"valueName":"search_term_string"}}],"inLanguage":"et"},{"@type":"Organization","@id":"https:\/\/lustandlove.eu\/et\/#organization","name":"Bioconcept Baltics O\u00dc","url":"https:\/\/lustandlove.eu\/et\/","logo":{"@type":"ImageObject","inLanguage":"et","@id":"https:\/\/lustandlove.eu\/et\/#\/schema\/logo\/image\/","url":"","contentUrl":"","caption":"Bioconcept Baltics O\u00dc"},"image":{"@id":"https:\/\/lustandlove.eu\/et\/#\/schema\/logo\/image\/"},"sameAs":["https:\/\/www.facebook.com\/LustandLoveEU\/","https:\/\/www.instagram.com\/lustandloveeu\/"]}]}},"_links":{"self":[{"href":"https:\/\/lustandlove.eu\/et\/wp-json\/wp\/v2\/product\/49553","targetHints":{"allow":["GET"]}}],"collection":[{"href":"https:\/\/lustandlove.eu\/et\/wp-json\/wp\/v2\/product"}],"about":[{"href":"https:\/\/lustandlove.eu\/et\/wp-json\/wp\/v2\/types\/product"}],"wp:featuredmedia":[{"embeddable":true,"href":"https:\/\/lustandlove.eu\/et\/wp-json\/wp\/v2\/media\/47996"}],"wp:attachment":[{"href":"https:\/\/lustandlove.eu\/et\/wp-json\/wp\/v2\/media?parent=49553"}],"wp:term":[{"taxonomy":"product_brand","embeddable":true,"href":"https:\/\/lustandlove.eu\/et\/wp-json\/wp\/v2\/product_brand?post=49553"},{"taxonomy":"product_cat","embeddable":true,"href":"https:\/\/lustandlove.eu\/et\/wp-json\/wp\/v2\/product_cat?post=49553"},{"taxonomy":"product_tag","embeddable":true,"href":"https:\/\/lustandlove.eu\/et\/wp-json\/wp\/v2\/product_tag?post=49553"}],"curies":[{"name":"wp","href":"https:\/\/api.w.org\/{rel}","templated":true}]}}