{"id":49554,"date":"2021-05-28T07:07:58","date_gmt":"2021-05-28T04:07:58","guid":{"rendered":"https:\/\/www.lustandlove.eu\/product\/noiduslik-massaazioli-2\/"},"modified":"2026-04-13T10:45:32","modified_gmt":"2026-04-13T07:45:32","slug":"noiduslik-massaazioli-2","status":"publish","type":"product","link":"https:\/\/lustandlove.eu\/et\/toode\/noiduslik-massaazioli-2\/","title":{"rendered":"N\u00f5iduslik Massaazi\u00f5li"},"content":{"rendered":"<div class=\"wpb-content-wrapper\"><p>[vc_row][vc_column][vc_column_text css=&#8221;&#8221; woodmart_inline=&#8221;no&#8221; text_larger=&#8221;no&#8221;]L\u00f5\u00f5gastav ja sensuaalne massaa\u017ei\u00f5li, mis on samal ajal tugevalt afrodisiaakum. Selle kerge ja mitterasvane tekstuur ei m\u00e4\u00e4ri riideid ega linu.<\/p>\n<p>YESforLOV massaa\u017ei\u00f5li joovastava l\u00f5hnaga on rikastatud magusa mandli\u00f5liga, mis niisutab nahka, rosmariini ekstraktidega, mis aitavad l\u00f5\u00f5gastuda, ja v\u00fcrtsitatud \u00f5rna ingverinoodiga, mis lisab s\u00e4rtsu.<\/p>\n<p>Lummav ja ergutav YESforLOV massaa\u017ei\u00f5li on spetsiaalselt loodud naha toitmiseks ja meelte \u00e4ratamiseks.<\/p>\n<p>Ideaalne sensuaalseteks massaa\u017eideks \u2013 kanna seda nutikalt loodud looduslike \u00f5lide segu aeglaselt ja nauditavalt nahale, et avastada teineteise keha ning tunda vibratsiooni, kui nahad kohtuvad.<\/p>\n<p>Selle massaa\u017eielamuse saladus peitub mono\u00ef l\u00f5hnas, milles on magusaid, sooje ja lillelisi noote.[\/vc_column_text][\/vc_column][\/vc_row]<\/p>\n<\/div>","protected":false},"excerpt":{"rendered":"<p>Joovastav aroom sobib v\u00e4ga laiale publikule \u2013 k\u00f5igile, olenemata soost ja vanusest.<\/p>\n<p>Mono\u00ef magusad ja lillelised noodid kutsuvad sensuaalsusele ja nahk-naha vastastikusele kontaktile. Vanilli soojad toonid sulanduvad j\u00e4rk-j\u00e4rgult kokku thanaka puidu ja valge tee m\u00e4ngulise harmooniaga, luues suvise, p\u00e4ikselise ja armastava tantsu, millel on sooja liiva varjundid.<\/p>\n<p>See aroom p\u00fc\u00fcab sind oma lummusesse, kujundatud kui ulakas uinak. Parf\u00fc\u00fcm, mille on loonud Prantsuse parf\u00fcmeer.<\/p>\n<p>Piiratud aja jooksul saad kingituse koos k\u00f5ikide Yesforlov massaa\u017eik\u00fc\u00fcnalde ja \u00f5lidega! \ud83c\udf81<\/p>\n","protected":false},"featured_media":47992,"template":"","meta":[],"product_brand":[4248],"product_cat":[1460,1468],"product_tag":[3095],"class_list":{"0":"post-49554","1":"product","2":"type-product","3":"status-publish","4":"has-post-thumbnail","6":"product_brand-yesforlov-et","7":"product_cat-apteek","8":"product_cat-massaaziolid-ja-geelid","9":"product_tag-stc_bdsm-et","10":"pa_brand-yesforlov-et","12":"first","13":"instock","14":"taxable","15":"shipping-taxable","16":"purchasable","17":"product-type-variable"},"yoast_head":"<!-- This site is optimized with the Yoast SEO plugin v27.3 - https:\/\/yoast.com\/product\/yoast-seo-wordpress\/ -->\n<title>N\u00f5iduslik Massaazi\u00f5li<\/title>\n<meta name=\"description\" content=\"See aroom p\u00fc\u00fcab sind oma lummusesse, kujundatud kui ulakas uinak. Parf\u00fc\u00fcm, mille on loonud Prantsuse parf\u00fcmeer.\" \/>\n<meta name=\"robots\" content=\"index,follow,max-snippet:-1,max-image-preview:large,max-video-preview:-1\" \/>\n<link rel=\"canonical\" href=\"https:\/\/lustandlove.eu\/et\/toode\/noiduslik-massaazioli-2\/\" \/>\n<meta name=\"twitter:card\" content=\"summary_large_image\" \/>\n<meta name=\"twitter:title\" content=\"N\u00f5iduslik Massaazi\u00f5li\" \/>\n<meta name=\"twitter:description\" content=\"See aroom p\u00fc\u00fcab sind oma lummusesse, kujundatud kui ulakas uinak. Parf\u00fc\u00fcm, mille on loonud Prantsuse parf\u00fcmeer.\" \/>\n<meta name=\"twitter:image\" content=\"https:\/\/lustandlove.eu\/wp-content\/uploads\/i-VwDkTQD-X2.jpg\" \/>\n<meta name=\"twitter:label1\" content=\"Est. reading time\" \/>\n\t<meta name=\"twitter:data1\" content=\"1 minut\" \/>\n<script type=\"application\/ld+json\" class=\"yoast-schema-graph\">{\"@context\":\"https:\\\/\\\/schema.org\",\"@graph\":[{\"@type\":[\"WebPage\",\"ItemPage\"],\"@id\":\"https:\\\/\\\/lustandlove.eu\\\/et\\\/toode\\\/noiduslik-massaazioli-2\\\/\",\"url\":\"https:\\\/\\\/lustandlove.eu\\\/et\\\/toode\\\/noiduslik-massaazioli-2\\\/\",\"name\":\"N\u00f5iduslik Massaazi\u00f5li\",\"isPartOf\":{\"@id\":\"https:\\\/\\\/lustandlove.eu\\\/et\\\/#website\"},\"primaryImageOfPage\":{\"@id\":\"https:\\\/\\\/lustandlove.eu\\\/et\\\/toode\\\/noiduslik-massaazioli-2\\\/#primaryimage\"},\"image\":{\"@id\":\"https:\\\/\\\/lustandlove.eu\\\/et\\\/toode\\\/noiduslik-massaazioli-2\\\/#primaryimage\"},\"thumbnailUrl\":\"https:\\\/\\\/lustandlove.eu\\\/wp-content\\\/uploads\\\/i-VwDkTQD-X2.jpg\",\"datePublished\":\"2021-05-28T04:07:58+00:00\",\"dateModified\":\"2026-04-13T07:45:32+00:00\",\"description\":\"See aroom p\u00fc\u00fcab sind oma lummusesse, kujundatud kui ulakas uinak. Parf\u00fc\u00fcm, mille on loonud Prantsuse parf\u00fcmeer.\",\"breadcrumb\":{\"@id\":\"https:\\\/\\\/lustandlove.eu\\\/et\\\/toode\\\/noiduslik-massaazioli-2\\\/#breadcrumb\"},\"inLanguage\":\"et\",\"potentialAction\":[{\"@type\":\"ReadAction\",\"target\":[\"https:\\\/\\\/lustandlove.eu\\\/et\\\/toode\\\/noiduslik-massaazioli-2\\\/\"]}]},{\"@type\":\"ImageObject\",\"inLanguage\":\"et\",\"@id\":\"https:\\\/\\\/lustandlove.eu\\\/et\\\/toode\\\/noiduslik-massaazioli-2\\\/#primaryimage\",\"url\":\"https:\\\/\\\/lustandlove.eu\\\/wp-content\\\/uploads\\\/i-VwDkTQD-X2.jpg\",\"contentUrl\":\"https:\\\/\\\/lustandlove.eu\\\/wp-content\\\/uploads\\\/i-VwDkTQD-X2.jpg\",\"width\":960,\"height\":960,\"caption\":\"YESforLOV Bewitching Massage Oil\"},{\"@type\":\"BreadcrumbList\",\"@id\":\"https:\\\/\\\/lustandlove.eu\\\/et\\\/toode\\\/noiduslik-massaazioli-2\\\/#breadcrumb\",\"itemListElement\":[{\"@type\":\"ListItem\",\"position\":1,\"name\":\"Lust and Love\",\"item\":\"https:\\\/\\\/lustandlove.eu\\\/et\\\/\"},{\"@type\":\"ListItem\",\"position\":2,\"name\":\"Pood\",\"item\":\"https:\\\/\\\/lustandlove.eu\\\/et\\\/pood\\\/\"},{\"@type\":\"ListItem\",\"position\":3,\"name\":\"Libestid ja kehahooldus\",\"item\":\"https:\\\/\\\/lustandlove.eu\\\/et\\\/pood\\\/apteek\\\/\"},{\"@type\":\"ListItem\",\"position\":4,\"name\":\"Massaa\u017ei\u00f5lid ja -geelid\",\"item\":\"https:\\\/\\\/lustandlove.eu\\\/et\\\/pood\\\/apteek\\\/massaaziolid-ja-geelid\\\/\"},{\"@type\":\"ListItem\",\"position\":5,\"name\":\"N\u00f5iduslik Massaazi\u00f5li\"}]},{\"@type\":\"WebSite\",\"@id\":\"https:\\\/\\\/lustandlove.eu\\\/et\\\/#website\",\"url\":\"https:\\\/\\\/lustandlove.eu\\\/et\\\/\",\"name\":\"Lust &amp; Love\",\"description\":\"Online erootikapood tervise, ilu ja armastuse jaoks\",\"publisher\":{\"@id\":\"https:\\\/\\\/lustandlove.eu\\\/et\\\/#organization\"},\"potentialAction\":[{\"@type\":\"SearchAction\",\"target\":{\"@type\":\"EntryPoint\",\"urlTemplate\":\"https:\\\/\\\/lustandlove.eu\\\/et\\\/?s={search_term_string}\"},\"query-input\":{\"@type\":\"PropertyValueSpecification\",\"valueRequired\":true,\"valueName\":\"search_term_string\"}}],\"inLanguage\":\"et\"},{\"@type\":\"Organization\",\"@id\":\"https:\\\/\\\/lustandlove.eu\\\/et\\\/#organization\",\"name\":\"Bioconcept Baltics O\u00dc\",\"url\":\"https:\\\/\\\/lustandlove.eu\\\/et\\\/\",\"logo\":{\"@type\":\"ImageObject\",\"inLanguage\":\"et\",\"@id\":\"https:\\\/\\\/lustandlove.eu\\\/et\\\/#\\\/schema\\\/logo\\\/image\\\/\",\"url\":\"\",\"contentUrl\":\"\",\"caption\":\"Bioconcept Baltics O\u00dc\"},\"image\":{\"@id\":\"https:\\\/\\\/lustandlove.eu\\\/et\\\/#\\\/schema\\\/logo\\\/image\\\/\"},\"sameAs\":[\"https:\\\/\\\/www.facebook.com\\\/LustandLoveEU\\\/\",\"https:\\\/\\\/www.instagram.com\\\/lustandloveeu\\\/\"]}]}<\/script>\n<!-- \/ Yoast SEO plugin. -->","yoast_head_json":{"title":"N\u00f5iduslik Massaazi\u00f5li","description":"See aroom p\u00fc\u00fcab sind oma lummusesse, kujundatud kui ulakas uinak. Parf\u00fc\u00fcm, mille on loonud Prantsuse parf\u00fcmeer.","robots":{"index,follow,max-snippet":"index,follow,max-snippet:-1,max-image-preview:large,max-video-preview:-1"},"canonical":"https:\/\/lustandlove.eu\/et\/toode\/noiduslik-massaazioli-2\/","twitter_card":"summary_large_image","twitter_title":"N\u00f5iduslik Massaazi\u00f5li","twitter_description":"See aroom p\u00fc\u00fcab sind oma lummusesse, kujundatud kui ulakas uinak. Parf\u00fc\u00fcm, mille on loonud Prantsuse parf\u00fcmeer.","twitter_image":"https:\/\/lustandlove.eu\/wp-content\/uploads\/i-VwDkTQD-X2.jpg","twitter_misc":{"Est. reading time":"1 minut"},"schema":{"@context":"https:\/\/schema.org","@graph":[{"@type":["WebPage","ItemPage"],"@id":"https:\/\/lustandlove.eu\/et\/toode\/noiduslik-massaazioli-2\/","url":"https:\/\/lustandlove.eu\/et\/toode\/noiduslik-massaazioli-2\/","name":"N\u00f5iduslik Massaazi\u00f5li","isPartOf":{"@id":"https:\/\/lustandlove.eu\/et\/#website"},"primaryImageOfPage":{"@id":"https:\/\/lustandlove.eu\/et\/toode\/noiduslik-massaazioli-2\/#primaryimage"},"image":{"@id":"https:\/\/lustandlove.eu\/et\/toode\/noiduslik-massaazioli-2\/#primaryimage"},"thumbnailUrl":"https:\/\/lustandlove.eu\/wp-content\/uploads\/i-VwDkTQD-X2.jpg","datePublished":"2021-05-28T04:07:58+00:00","dateModified":"2026-04-13T07:45:32+00:00","description":"See aroom p\u00fc\u00fcab sind oma lummusesse, kujundatud kui ulakas uinak. Parf\u00fc\u00fcm, mille on loonud Prantsuse parf\u00fcmeer.","breadcrumb":{"@id":"https:\/\/lustandlove.eu\/et\/toode\/noiduslik-massaazioli-2\/#breadcrumb"},"inLanguage":"et","potentialAction":[{"@type":"ReadAction","target":["https:\/\/lustandlove.eu\/et\/toode\/noiduslik-massaazioli-2\/"]}]},{"@type":"ImageObject","inLanguage":"et","@id":"https:\/\/lustandlove.eu\/et\/toode\/noiduslik-massaazioli-2\/#primaryimage","url":"https:\/\/lustandlove.eu\/wp-content\/uploads\/i-VwDkTQD-X2.jpg","contentUrl":"https:\/\/lustandlove.eu\/wp-content\/uploads\/i-VwDkTQD-X2.jpg","width":960,"height":960,"caption":"YESforLOV Bewitching Massage Oil"},{"@type":"BreadcrumbList","@id":"https:\/\/lustandlove.eu\/et\/toode\/noiduslik-massaazioli-2\/#breadcrumb","itemListElement":[{"@type":"ListItem","position":1,"name":"Lust and Love","item":"https:\/\/lustandlove.eu\/et\/"},{"@type":"ListItem","position":2,"name":"Pood","item":"https:\/\/lustandlove.eu\/et\/pood\/"},{"@type":"ListItem","position":3,"name":"Libestid ja kehahooldus","item":"https:\/\/lustandlove.eu\/et\/pood\/apteek\/"},{"@type":"ListItem","position":4,"name":"Massaa\u017ei\u00f5lid ja -geelid","item":"https:\/\/lustandlove.eu\/et\/pood\/apteek\/massaaziolid-ja-geelid\/"},{"@type":"ListItem","position":5,"name":"N\u00f5iduslik Massaazi\u00f5li"}]},{"@type":"WebSite","@id":"https:\/\/lustandlove.eu\/et\/#website","url":"https:\/\/lustandlove.eu\/et\/","name":"Lust &amp; Love","description":"Online erootikapood tervise, ilu ja armastuse jaoks","publisher":{"@id":"https:\/\/lustandlove.eu\/et\/#organization"},"potentialAction":[{"@type":"SearchAction","target":{"@type":"EntryPoint","urlTemplate":"https:\/\/lustandlove.eu\/et\/?s={search_term_string}"},"query-input":{"@type":"PropertyValueSpecification","valueRequired":true,"valueName":"search_term_string"}}],"inLanguage":"et"},{"@type":"Organization","@id":"https:\/\/lustandlove.eu\/et\/#organization","name":"Bioconcept Baltics O\u00dc","url":"https:\/\/lustandlove.eu\/et\/","logo":{"@type":"ImageObject","inLanguage":"et","@id":"https:\/\/lustandlove.eu\/et\/#\/schema\/logo\/image\/","url":"","contentUrl":"","caption":"Bioconcept Baltics O\u00dc"},"image":{"@id":"https:\/\/lustandlove.eu\/et\/#\/schema\/logo\/image\/"},"sameAs":["https:\/\/www.facebook.com\/LustandLoveEU\/","https:\/\/www.instagram.com\/lustandloveeu\/"]}]}},"_links":{"self":[{"href":"https:\/\/lustandlove.eu\/et\/wp-json\/wp\/v2\/product\/49554","targetHints":{"allow":["GET"]}}],"collection":[{"href":"https:\/\/lustandlove.eu\/et\/wp-json\/wp\/v2\/product"}],"about":[{"href":"https:\/\/lustandlove.eu\/et\/wp-json\/wp\/v2\/types\/product"}],"wp:featuredmedia":[{"embeddable":true,"href":"https:\/\/lustandlove.eu\/et\/wp-json\/wp\/v2\/media\/47992"}],"wp:attachment":[{"href":"https:\/\/lustandlove.eu\/et\/wp-json\/wp\/v2\/media?parent=49554"}],"wp:term":[{"taxonomy":"product_brand","embeddable":true,"href":"https:\/\/lustandlove.eu\/et\/wp-json\/wp\/v2\/product_brand?post=49554"},{"taxonomy":"product_cat","embeddable":true,"href":"https:\/\/lustandlove.eu\/et\/wp-json\/wp\/v2\/product_cat?post=49554"},{"taxonomy":"product_tag","embeddable":true,"href":"https:\/\/lustandlove.eu\/et\/wp-json\/wp\/v2\/product_tag?post=49554"}],"curies":[{"name":"wp","href":"https:\/\/api.w.org\/{rel}","templated":true}]}}