{"id":49561,"date":"2021-05-28T07:07:33","date_gmt":"2021-05-28T04:07:33","guid":{"rendered":"https:\/\/www.lustandlove.eu\/product\/san-francisco-ood-komplekt\/"},"modified":"2026-04-13T10:45:32","modified_gmt":"2026-04-13T07:45:32","slug":"san-francisco-ood-komplekt","status":"publish","type":"product","link":"https:\/\/lustandlove.eu\/et\/toode\/san-francisco-ood-komplekt\/","title":{"rendered":"San Francisco \u00d6\u00f6d Komplekt"},"content":{"rendered":"<p>Kaota end \u00f6\u00f6sse meie uue\u00a0Ooh San Francisco \u00d6\u00f6de komplektiga. Je Joue\u00a0esitleb ideaalset seikluslikku komplekti. Lihtsalt \u00fchenda mootor mistahes kujuga ning naudi.<\/p>\n<p>Komplekt sisaldab:<\/p>\n<ul>\n<li>V\u00e4ike Mootor<\/li>\n<li>Ideaalne lilla anaaltapp<\/li>\n<li>Kesk\u00f6ine must Peeniser\u00f5ngas<\/li>\n<\/ul>\n","protected":false},"excerpt":{"rendered":"<p>Kaota end \u00f6\u00f6sse meie uue\u00a0Ooh San Francisco \u00d6\u00f6de komplektiga.<\/p>\n","protected":false},"featured_media":46470,"template":"","meta":[],"product_brand":[4213],"product_cat":[3978,1477,1493,1483,1484,1488],"product_tag":[],"class_list":{"0":"post-49561","1":"product","2":"type-product","3":"status-publish","4":"has-post-thumbnail","6":"product_brand-ooh-et","7":"product_cat-lobu-kahele","8":"product_cat-meestele","9":"product_cat-paaride-komplektid","10":"product_cat-prostaadi-stimulaatorid","11":"product_cat-sekslelud","12":"product_cat-vibraatorid","13":"pa_brand-ooh-et","15":"first","16":"instock","17":"purchasable","18":"product-type-simple"},"yoast_head":"<!-- This site is optimized with the Yoast SEO plugin v27.3 - https:\/\/yoast.com\/product\/yoast-seo-wordpress\/ -->\n<title>Ooh San Francisco Nights Pleasure Kit from Je Joue<\/title>\n<meta name=\"description\" content=\"Kaota end \u00f6\u00f6sse meie uue\u00a0Ooh San Francisco \u00d6\u00f6de komplektiga.\" \/>\n<meta name=\"robots\" content=\"index,follow,max-snippet:-1,max-image-preview:large,max-video-preview:-1\" \/>\n<link rel=\"canonical\" href=\"https:\/\/lustandlove.eu\/et\/toode\/san-francisco-ood-komplekt\/\" \/>\n<meta name=\"twitter:card\" content=\"summary_large_image\" \/>\n<meta name=\"twitter:title\" content=\"Ooh San Francisco Nights Pleasure Kit from Je Joue\" \/>\n<meta name=\"twitter:description\" content=\"Kaota end \u00f6\u00f6sse meie uue\u00a0Ooh San Francisco \u00d6\u00f6de komplektiga.\" \/>\n<meta name=\"twitter:image\" content=\"https:\/\/lustandlove.eu\/wp-content\/uploads\/61dpV0SUAfL._SY450_.jpg\" \/>\n<meta name=\"twitter:label1\" content=\"Est. reading time\" \/>\n\t<meta name=\"twitter:data1\" content=\"2 minutit\" \/>\n<script type=\"application\/ld+json\" class=\"yoast-schema-graph\">{\"@context\":\"https:\\\/\\\/schema.org\",\"@graph\":[{\"@type\":[\"WebPage\",\"ItemPage\"],\"@id\":\"https:\\\/\\\/lustandlove.eu\\\/et\\\/toode\\\/san-francisco-ood-komplekt\\\/\",\"url\":\"https:\\\/\\\/lustandlove.eu\\\/et\\\/toode\\\/san-francisco-ood-komplekt\\\/\",\"name\":\"Ooh San Francisco Nights Pleasure Kit from Je Joue\",\"isPartOf\":{\"@id\":\"https:\\\/\\\/lustandlove.eu\\\/et\\\/#website\"},\"primaryImageOfPage\":{\"@id\":\"https:\\\/\\\/lustandlove.eu\\\/et\\\/toode\\\/san-francisco-ood-komplekt\\\/#primaryimage\"},\"image\":{\"@id\":\"https:\\\/\\\/lustandlove.eu\\\/et\\\/toode\\\/san-francisco-ood-komplekt\\\/#primaryimage\"},\"thumbnailUrl\":\"https:\\\/\\\/lustandlove.eu\\\/wp-content\\\/uploads\\\/61dpV0SUAfL._SY450_.jpg\",\"datePublished\":\"2021-05-28T04:07:33+00:00\",\"dateModified\":\"2026-04-13T07:45:32+00:00\",\"description\":\"Kaota end \u00f6\u00f6sse meie uue\u00a0Ooh San Francisco \u00d6\u00f6de komplektiga.\",\"breadcrumb\":{\"@id\":\"https:\\\/\\\/lustandlove.eu\\\/et\\\/toode\\\/san-francisco-ood-komplekt\\\/#breadcrumb\"},\"inLanguage\":\"et\",\"potentialAction\":[{\"@type\":\"ReadAction\",\"target\":[\"https:\\\/\\\/lustandlove.eu\\\/et\\\/toode\\\/san-francisco-ood-komplekt\\\/\"]}]},{\"@type\":\"ImageObject\",\"inLanguage\":\"et\",\"@id\":\"https:\\\/\\\/lustandlove.eu\\\/et\\\/toode\\\/san-francisco-ood-komplekt\\\/#primaryimage\",\"url\":\"https:\\\/\\\/lustandlove.eu\\\/wp-content\\\/uploads\\\/61dpV0SUAfL._SY450_.jpg\",\"contentUrl\":\"https:\\\/\\\/lustandlove.eu\\\/wp-content\\\/uploads\\\/61dpV0SUAfL._SY450_.jpg\",\"width\":364,\"height\":450},{\"@type\":\"BreadcrumbList\",\"@id\":\"https:\\\/\\\/lustandlove.eu\\\/et\\\/toode\\\/san-francisco-ood-komplekt\\\/#breadcrumb\",\"itemListElement\":[{\"@type\":\"ListItem\",\"position\":1,\"name\":\"Lust and Love\",\"item\":\"https:\\\/\\\/lustandlove.eu\\\/et\\\/\"},{\"@type\":\"ListItem\",\"position\":2,\"name\":\"Pood\",\"item\":\"https:\\\/\\\/lustandlove.eu\\\/et\\\/pood\\\/\"},{\"@type\":\"ListItem\",\"position\":3,\"name\":\"Sekslelud\",\"item\":\"https:\\\/\\\/lustandlove.eu\\\/et\\\/pood\\\/sekslelud\\\/\"},{\"@type\":\"ListItem\",\"position\":4,\"name\":\"Vibraatorid\",\"item\":\"https:\\\/\\\/lustandlove.eu\\\/et\\\/pood\\\/sekslelud\\\/vibraatorid\\\/\"},{\"@type\":\"ListItem\",\"position\":5,\"name\":\"L\u00f5bu kahele\",\"item\":\"https:\\\/\\\/lustandlove.eu\\\/et\\\/pood\\\/sekslelud\\\/vibraatorid\\\/lobu-kahele\\\/\"},{\"@type\":\"ListItem\",\"position\":6,\"name\":\"San Francisco \u00d6\u00f6d Komplekt\"}]},{\"@type\":\"WebSite\",\"@id\":\"https:\\\/\\\/lustandlove.eu\\\/et\\\/#website\",\"url\":\"https:\\\/\\\/lustandlove.eu\\\/et\\\/\",\"name\":\"Lust &amp; Love\",\"description\":\"Online erootikapood tervise, ilu ja armastuse jaoks\",\"publisher\":{\"@id\":\"https:\\\/\\\/lustandlove.eu\\\/et\\\/#organization\"},\"potentialAction\":[{\"@type\":\"SearchAction\",\"target\":{\"@type\":\"EntryPoint\",\"urlTemplate\":\"https:\\\/\\\/lustandlove.eu\\\/et\\\/?s={search_term_string}\"},\"query-input\":{\"@type\":\"PropertyValueSpecification\",\"valueRequired\":true,\"valueName\":\"search_term_string\"}}],\"inLanguage\":\"et\"},{\"@type\":\"Organization\",\"@id\":\"https:\\\/\\\/lustandlove.eu\\\/et\\\/#organization\",\"name\":\"Bioconcept Baltics O\u00dc\",\"url\":\"https:\\\/\\\/lustandlove.eu\\\/et\\\/\",\"logo\":{\"@type\":\"ImageObject\",\"inLanguage\":\"et\",\"@id\":\"https:\\\/\\\/lustandlove.eu\\\/et\\\/#\\\/schema\\\/logo\\\/image\\\/\",\"url\":\"\",\"contentUrl\":\"\",\"caption\":\"Bioconcept Baltics O\u00dc\"},\"image\":{\"@id\":\"https:\\\/\\\/lustandlove.eu\\\/et\\\/#\\\/schema\\\/logo\\\/image\\\/\"},\"sameAs\":[\"https:\\\/\\\/www.facebook.com\\\/LustandLoveEU\\\/\",\"https:\\\/\\\/www.instagram.com\\\/lustandloveeu\\\/\"]}]}<\/script>\n<!-- \/ Yoast SEO plugin. -->","yoast_head_json":{"title":"Ooh San Francisco Nights Pleasure Kit from Je Joue","description":"Kaota end \u00f6\u00f6sse meie uue\u00a0Ooh San Francisco \u00d6\u00f6de komplektiga.","robots":{"index,follow,max-snippet":"index,follow,max-snippet:-1,max-image-preview:large,max-video-preview:-1"},"canonical":"https:\/\/lustandlove.eu\/et\/toode\/san-francisco-ood-komplekt\/","twitter_card":"summary_large_image","twitter_title":"Ooh San Francisco Nights Pleasure Kit from Je Joue","twitter_description":"Kaota end \u00f6\u00f6sse meie uue\u00a0Ooh San Francisco \u00d6\u00f6de komplektiga.","twitter_image":"https:\/\/lustandlove.eu\/wp-content\/uploads\/61dpV0SUAfL._SY450_.jpg","twitter_misc":{"Est. reading time":"2 minutit"},"schema":{"@context":"https:\/\/schema.org","@graph":[{"@type":["WebPage","ItemPage"],"@id":"https:\/\/lustandlove.eu\/et\/toode\/san-francisco-ood-komplekt\/","url":"https:\/\/lustandlove.eu\/et\/toode\/san-francisco-ood-komplekt\/","name":"Ooh San Francisco Nights Pleasure Kit from Je Joue","isPartOf":{"@id":"https:\/\/lustandlove.eu\/et\/#website"},"primaryImageOfPage":{"@id":"https:\/\/lustandlove.eu\/et\/toode\/san-francisco-ood-komplekt\/#primaryimage"},"image":{"@id":"https:\/\/lustandlove.eu\/et\/toode\/san-francisco-ood-komplekt\/#primaryimage"},"thumbnailUrl":"https:\/\/lustandlove.eu\/wp-content\/uploads\/61dpV0SUAfL._SY450_.jpg","datePublished":"2021-05-28T04:07:33+00:00","dateModified":"2026-04-13T07:45:32+00:00","description":"Kaota end \u00f6\u00f6sse meie uue\u00a0Ooh San Francisco \u00d6\u00f6de komplektiga.","breadcrumb":{"@id":"https:\/\/lustandlove.eu\/et\/toode\/san-francisco-ood-komplekt\/#breadcrumb"},"inLanguage":"et","potentialAction":[{"@type":"ReadAction","target":["https:\/\/lustandlove.eu\/et\/toode\/san-francisco-ood-komplekt\/"]}]},{"@type":"ImageObject","inLanguage":"et","@id":"https:\/\/lustandlove.eu\/et\/toode\/san-francisco-ood-komplekt\/#primaryimage","url":"https:\/\/lustandlove.eu\/wp-content\/uploads\/61dpV0SUAfL._SY450_.jpg","contentUrl":"https:\/\/lustandlove.eu\/wp-content\/uploads\/61dpV0SUAfL._SY450_.jpg","width":364,"height":450},{"@type":"BreadcrumbList","@id":"https:\/\/lustandlove.eu\/et\/toode\/san-francisco-ood-komplekt\/#breadcrumb","itemListElement":[{"@type":"ListItem","position":1,"name":"Lust and Love","item":"https:\/\/lustandlove.eu\/et\/"},{"@type":"ListItem","position":2,"name":"Pood","item":"https:\/\/lustandlove.eu\/et\/pood\/"},{"@type":"ListItem","position":3,"name":"Sekslelud","item":"https:\/\/lustandlove.eu\/et\/pood\/sekslelud\/"},{"@type":"ListItem","position":4,"name":"Vibraatorid","item":"https:\/\/lustandlove.eu\/et\/pood\/sekslelud\/vibraatorid\/"},{"@type":"ListItem","position":5,"name":"L\u00f5bu kahele","item":"https:\/\/lustandlove.eu\/et\/pood\/sekslelud\/vibraatorid\/lobu-kahele\/"},{"@type":"ListItem","position":6,"name":"San Francisco \u00d6\u00f6d Komplekt"}]},{"@type":"WebSite","@id":"https:\/\/lustandlove.eu\/et\/#website","url":"https:\/\/lustandlove.eu\/et\/","name":"Lust &amp; Love","description":"Online erootikapood tervise, ilu ja armastuse jaoks","publisher":{"@id":"https:\/\/lustandlove.eu\/et\/#organization"},"potentialAction":[{"@type":"SearchAction","target":{"@type":"EntryPoint","urlTemplate":"https:\/\/lustandlove.eu\/et\/?s={search_term_string}"},"query-input":{"@type":"PropertyValueSpecification","valueRequired":true,"valueName":"search_term_string"}}],"inLanguage":"et"},{"@type":"Organization","@id":"https:\/\/lustandlove.eu\/et\/#organization","name":"Bioconcept Baltics O\u00dc","url":"https:\/\/lustandlove.eu\/et\/","logo":{"@type":"ImageObject","inLanguage":"et","@id":"https:\/\/lustandlove.eu\/et\/#\/schema\/logo\/image\/","url":"","contentUrl":"","caption":"Bioconcept Baltics O\u00dc"},"image":{"@id":"https:\/\/lustandlove.eu\/et\/#\/schema\/logo\/image\/"},"sameAs":["https:\/\/www.facebook.com\/LustandLoveEU\/","https:\/\/www.instagram.com\/lustandloveeu\/"]}]}},"_links":{"self":[{"href":"https:\/\/lustandlove.eu\/et\/wp-json\/wp\/v2\/product\/49561","targetHints":{"allow":["GET"]}}],"collection":[{"href":"https:\/\/lustandlove.eu\/et\/wp-json\/wp\/v2\/product"}],"about":[{"href":"https:\/\/lustandlove.eu\/et\/wp-json\/wp\/v2\/types\/product"}],"wp:featuredmedia":[{"embeddable":true,"href":"https:\/\/lustandlove.eu\/et\/wp-json\/wp\/v2\/media\/46470"}],"wp:attachment":[{"href":"https:\/\/lustandlove.eu\/et\/wp-json\/wp\/v2\/media?parent=49561"}],"wp:term":[{"taxonomy":"product_brand","embeddable":true,"href":"https:\/\/lustandlove.eu\/et\/wp-json\/wp\/v2\/product_brand?post=49561"},{"taxonomy":"product_cat","embeddable":true,"href":"https:\/\/lustandlove.eu\/et\/wp-json\/wp\/v2\/product_cat?post=49561"},{"taxonomy":"product_tag","embeddable":true,"href":"https:\/\/lustandlove.eu\/et\/wp-json\/wp\/v2\/product_tag?post=49561"}],"curies":[{"name":"wp","href":"https:\/\/api.w.org\/{rel}","templated":true}]}}