{"id":49562,"date":"2021-05-28T07:07:32","date_gmt":"2021-05-28T04:07:32","guid":{"rendered":"https:\/\/www.lustandlove.eu\/product\/ibiza-vibes-je-joue-ooh\/"},"modified":"2026-04-13T10:45:35","modified_gmt":"2026-04-13T07:45:35","slug":"ibiza-vibes-je-joue-ooh","status":"publish","type":"product","link":"https:\/\/lustandlove.eu\/et\/toode\/ibiza-vibes-je-joue-ooh\/","title":{"rendered":"Ibiza Vibes"},"content":{"rendered":"<p>Ooh by Je Joue esitleb m\u00f5nusa naudingu ja peo komplekti, kuhu on veel lisatud Ibiza s\u00e4delust. Lihtsalt \u00fchenda mootor kujuga, et end peoks k\u00e4ima t\u00f5mmata. Lisa nibukleepsud kuhu \u00f5htu sind ka ei viiks.<\/p>\n<p>Valmistu pikaks \u00f6\u00f6ks Ooh Ibiza Vaibide Naudingu komplektiga. Kui sa leiad end valelt saarelt v\u00f5i ei asu \u00fcldse saarel, siis saad reisis\u00f5braliku lelu diskreetselt k\u00e4sipagasisse pakkida ning paradiisi s\u00f5ita.<\/p>\n<p>Komplekt sisaldab<\/p>\n<ul>\n<li>Ooh by Je Joue Mini Mootorit<\/li>\n<li>Ooh by Je Joue Roosa Vibraator<\/li>\n<li>1 Paar musti Bijoux Indiscrets nibukleebiseid (taaskasutatavad)<\/li>\n<\/ul>\n","protected":false},"excerpt":{"rendered":"<p>Lisa suhtesse veidike Ibiza s\u00e4ra!<\/p>\n","protected":false},"featured_media":46469,"template":"","meta":[],"product_brand":[4213],"product_cat":[1493,1484],"product_tag":[],"class_list":{"0":"post-49562","1":"product","2":"type-product","3":"status-publish","4":"has-post-thumbnail","6":"product_brand-ooh-et","7":"product_cat-paaride-komplektid","8":"product_cat-sekslelud","9":"pa_brand-ooh-et","11":"first","12":"instock","13":"purchasable","14":"product-type-simple"},"yoast_head":"<!-- This site is optimized with the Yoast SEO plugin v27.3 - https:\/\/yoast.com\/product\/yoast-seo-wordpress\/ -->\n<title>Ibiza Vibes | Lust and Love<\/title>\n<meta name=\"description\" content=\"Lisa suhtesse veidike Ibiza s\u00e4ra!\" \/>\n<meta name=\"robots\" content=\"index,follow,max-snippet:-1,max-image-preview:large,max-video-preview:-1\" \/>\n<link rel=\"canonical\" href=\"https:\/\/lustandlove.eu\/et\/toode\/ibiza-vibes-je-joue-ooh\/\" \/>\n<meta name=\"twitter:card\" content=\"summary_large_image\" \/>\n<meta name=\"twitter:title\" content=\"Ibiza Vibes | Lust and Love\" \/>\n<meta name=\"twitter:description\" content=\"Lisa suhtesse veidike Ibiza s\u00e4ra!\" \/>\n<meta name=\"twitter:image\" content=\"https:\/\/lustandlove.eu\/wp-content\/uploads\/9200000061683431.jpg\" \/>\n<meta name=\"twitter:label1\" content=\"Est. reading time\" \/>\n\t<meta name=\"twitter:data1\" content=\"2 minutit\" \/>\n<script type=\"application\/ld+json\" class=\"yoast-schema-graph\">{\"@context\":\"https:\\\/\\\/schema.org\",\"@graph\":[{\"@type\":[\"WebPage\",\"ItemPage\"],\"@id\":\"https:\\\/\\\/lustandlove.eu\\\/et\\\/toode\\\/ibiza-vibes-je-joue-ooh\\\/\",\"url\":\"https:\\\/\\\/lustandlove.eu\\\/et\\\/toode\\\/ibiza-vibes-je-joue-ooh\\\/\",\"name\":\"Ibiza Vibes | Lust and Love\",\"isPartOf\":{\"@id\":\"https:\\\/\\\/lustandlove.eu\\\/et\\\/#website\"},\"primaryImageOfPage\":{\"@id\":\"https:\\\/\\\/lustandlove.eu\\\/et\\\/toode\\\/ibiza-vibes-je-joue-ooh\\\/#primaryimage\"},\"image\":{\"@id\":\"https:\\\/\\\/lustandlove.eu\\\/et\\\/toode\\\/ibiza-vibes-je-joue-ooh\\\/#primaryimage\"},\"thumbnailUrl\":\"https:\\\/\\\/lustandlove.eu\\\/wp-content\\\/uploads\\\/9200000061683431.jpg\",\"datePublished\":\"2021-05-28T04:07:32+00:00\",\"dateModified\":\"2026-04-13T07:45:35+00:00\",\"description\":\"Lisa suhtesse veidike Ibiza s\u00e4ra!\",\"breadcrumb\":{\"@id\":\"https:\\\/\\\/lustandlove.eu\\\/et\\\/toode\\\/ibiza-vibes-je-joue-ooh\\\/#breadcrumb\"},\"inLanguage\":\"et\",\"potentialAction\":[{\"@type\":\"ReadAction\",\"target\":[\"https:\\\/\\\/lustandlove.eu\\\/et\\\/toode\\\/ibiza-vibes-je-joue-ooh\\\/\"]}]},{\"@type\":\"ImageObject\",\"inLanguage\":\"et\",\"@id\":\"https:\\\/\\\/lustandlove.eu\\\/et\\\/toode\\\/ibiza-vibes-je-joue-ooh\\\/#primaryimage\",\"url\":\"https:\\\/\\\/lustandlove.eu\\\/wp-content\\\/uploads\\\/9200000061683431.jpg\",\"contentUrl\":\"https:\\\/\\\/lustandlove.eu\\\/wp-content\\\/uploads\\\/9200000061683431.jpg\",\"width\":550,\"height\":442},{\"@type\":\"BreadcrumbList\",\"@id\":\"https:\\\/\\\/lustandlove.eu\\\/et\\\/toode\\\/ibiza-vibes-je-joue-ooh\\\/#breadcrumb\",\"itemListElement\":[{\"@type\":\"ListItem\",\"position\":1,\"name\":\"Lust and Love\",\"item\":\"https:\\\/\\\/lustandlove.eu\\\/et\\\/\"},{\"@type\":\"ListItem\",\"position\":2,\"name\":\"Pood\",\"item\":\"https:\\\/\\\/lustandlove.eu\\\/et\\\/pood\\\/\"},{\"@type\":\"ListItem\",\"position\":3,\"name\":\"Ibiza Vibes\"}]},{\"@type\":\"WebSite\",\"@id\":\"https:\\\/\\\/lustandlove.eu\\\/et\\\/#website\",\"url\":\"https:\\\/\\\/lustandlove.eu\\\/et\\\/\",\"name\":\"Lust &amp; Love\",\"description\":\"Online erootikapood tervise, ilu ja armastuse jaoks\",\"publisher\":{\"@id\":\"https:\\\/\\\/lustandlove.eu\\\/et\\\/#organization\"},\"potentialAction\":[{\"@type\":\"SearchAction\",\"target\":{\"@type\":\"EntryPoint\",\"urlTemplate\":\"https:\\\/\\\/lustandlove.eu\\\/et\\\/?s={search_term_string}\"},\"query-input\":{\"@type\":\"PropertyValueSpecification\",\"valueRequired\":true,\"valueName\":\"search_term_string\"}}],\"inLanguage\":\"et\"},{\"@type\":\"Organization\",\"@id\":\"https:\\\/\\\/lustandlove.eu\\\/et\\\/#organization\",\"name\":\"Bioconcept Baltics O\u00dc\",\"url\":\"https:\\\/\\\/lustandlove.eu\\\/et\\\/\",\"logo\":{\"@type\":\"ImageObject\",\"inLanguage\":\"et\",\"@id\":\"https:\\\/\\\/lustandlove.eu\\\/et\\\/#\\\/schema\\\/logo\\\/image\\\/\",\"url\":\"\",\"contentUrl\":\"\",\"caption\":\"Bioconcept Baltics O\u00dc\"},\"image\":{\"@id\":\"https:\\\/\\\/lustandlove.eu\\\/et\\\/#\\\/schema\\\/logo\\\/image\\\/\"},\"sameAs\":[\"https:\\\/\\\/www.facebook.com\\\/LustandLoveEU\\\/\",\"https:\\\/\\\/www.instagram.com\\\/lustandloveeu\\\/\"]}]}<\/script>\n<!-- \/ Yoast SEO plugin. -->","yoast_head_json":{"title":"Ibiza Vibes | Lust and Love","description":"Lisa suhtesse veidike Ibiza s\u00e4ra!","robots":{"index,follow,max-snippet":"index,follow,max-snippet:-1,max-image-preview:large,max-video-preview:-1"},"canonical":"https:\/\/lustandlove.eu\/et\/toode\/ibiza-vibes-je-joue-ooh\/","twitter_card":"summary_large_image","twitter_title":"Ibiza Vibes | Lust and Love","twitter_description":"Lisa suhtesse veidike Ibiza s\u00e4ra!","twitter_image":"https:\/\/lustandlove.eu\/wp-content\/uploads\/9200000061683431.jpg","twitter_misc":{"Est. reading time":"2 minutit"},"schema":{"@context":"https:\/\/schema.org","@graph":[{"@type":["WebPage","ItemPage"],"@id":"https:\/\/lustandlove.eu\/et\/toode\/ibiza-vibes-je-joue-ooh\/","url":"https:\/\/lustandlove.eu\/et\/toode\/ibiza-vibes-je-joue-ooh\/","name":"Ibiza Vibes | Lust and Love","isPartOf":{"@id":"https:\/\/lustandlove.eu\/et\/#website"},"primaryImageOfPage":{"@id":"https:\/\/lustandlove.eu\/et\/toode\/ibiza-vibes-je-joue-ooh\/#primaryimage"},"image":{"@id":"https:\/\/lustandlove.eu\/et\/toode\/ibiza-vibes-je-joue-ooh\/#primaryimage"},"thumbnailUrl":"https:\/\/lustandlove.eu\/wp-content\/uploads\/9200000061683431.jpg","datePublished":"2021-05-28T04:07:32+00:00","dateModified":"2026-04-13T07:45:35+00:00","description":"Lisa suhtesse veidike Ibiza s\u00e4ra!","breadcrumb":{"@id":"https:\/\/lustandlove.eu\/et\/toode\/ibiza-vibes-je-joue-ooh\/#breadcrumb"},"inLanguage":"et","potentialAction":[{"@type":"ReadAction","target":["https:\/\/lustandlove.eu\/et\/toode\/ibiza-vibes-je-joue-ooh\/"]}]},{"@type":"ImageObject","inLanguage":"et","@id":"https:\/\/lustandlove.eu\/et\/toode\/ibiza-vibes-je-joue-ooh\/#primaryimage","url":"https:\/\/lustandlove.eu\/wp-content\/uploads\/9200000061683431.jpg","contentUrl":"https:\/\/lustandlove.eu\/wp-content\/uploads\/9200000061683431.jpg","width":550,"height":442},{"@type":"BreadcrumbList","@id":"https:\/\/lustandlove.eu\/et\/toode\/ibiza-vibes-je-joue-ooh\/#breadcrumb","itemListElement":[{"@type":"ListItem","position":1,"name":"Lust and Love","item":"https:\/\/lustandlove.eu\/et\/"},{"@type":"ListItem","position":2,"name":"Pood","item":"https:\/\/lustandlove.eu\/et\/pood\/"},{"@type":"ListItem","position":3,"name":"Ibiza Vibes"}]},{"@type":"WebSite","@id":"https:\/\/lustandlove.eu\/et\/#website","url":"https:\/\/lustandlove.eu\/et\/","name":"Lust &amp; Love","description":"Online erootikapood tervise, ilu ja armastuse jaoks","publisher":{"@id":"https:\/\/lustandlove.eu\/et\/#organization"},"potentialAction":[{"@type":"SearchAction","target":{"@type":"EntryPoint","urlTemplate":"https:\/\/lustandlove.eu\/et\/?s={search_term_string}"},"query-input":{"@type":"PropertyValueSpecification","valueRequired":true,"valueName":"search_term_string"}}],"inLanguage":"et"},{"@type":"Organization","@id":"https:\/\/lustandlove.eu\/et\/#organization","name":"Bioconcept Baltics O\u00dc","url":"https:\/\/lustandlove.eu\/et\/","logo":{"@type":"ImageObject","inLanguage":"et","@id":"https:\/\/lustandlove.eu\/et\/#\/schema\/logo\/image\/","url":"","contentUrl":"","caption":"Bioconcept Baltics O\u00dc"},"image":{"@id":"https:\/\/lustandlove.eu\/et\/#\/schema\/logo\/image\/"},"sameAs":["https:\/\/www.facebook.com\/LustandLoveEU\/","https:\/\/www.instagram.com\/lustandloveeu\/"]}]}},"_links":{"self":[{"href":"https:\/\/lustandlove.eu\/et\/wp-json\/wp\/v2\/product\/49562","targetHints":{"allow":["GET"]}}],"collection":[{"href":"https:\/\/lustandlove.eu\/et\/wp-json\/wp\/v2\/product"}],"about":[{"href":"https:\/\/lustandlove.eu\/et\/wp-json\/wp\/v2\/types\/product"}],"wp:featuredmedia":[{"embeddable":true,"href":"https:\/\/lustandlove.eu\/et\/wp-json\/wp\/v2\/media\/46469"}],"wp:attachment":[{"href":"https:\/\/lustandlove.eu\/et\/wp-json\/wp\/v2\/media?parent=49562"}],"wp:term":[{"taxonomy":"product_brand","embeddable":true,"href":"https:\/\/lustandlove.eu\/et\/wp-json\/wp\/v2\/product_brand?post=49562"},{"taxonomy":"product_cat","embeddable":true,"href":"https:\/\/lustandlove.eu\/et\/wp-json\/wp\/v2\/product_cat?post=49562"},{"taxonomy":"product_tag","embeddable":true,"href":"https:\/\/lustandlove.eu\/et\/wp-json\/wp\/v2\/product_tag?post=49562"}],"curies":[{"name":"wp","href":"https:\/\/api.w.org\/{rel}","templated":true}]}}