{"id":49565,"date":"2021-05-28T07:07:32","date_gmt":"2021-05-28T04:07:32","guid":{"rendered":"https:\/\/www.lustandlove.eu\/product\/klassikaline-vibraator-2\/"},"modified":"2026-04-13T10:45:34","modified_gmt":"2026-04-13T07:45:34","slug":"klassikaline-vibraator-2","status":"publish","type":"product","link":"https:\/\/lustandlove.eu\/et\/toode\/klassikaline-vibraator-2\/","title":{"rendered":"Klassikaline Vibraator"},"content":{"rendered":"<p>Ooh klassikaline vibraator on kaheosaline: lelu ja pisike mootor. Kasutamiseks kinnita mootor lelu k\u00fclge. Pisike nupuke kontrollib vibraatori kiirust ja vibreerimismustreid.<\/p>\n<p>T\u00e4helepanu:\u00a0mootor\u00a0ei sisaldu pakendis. Lelu on veekindel ainult mootoriga koos kasutades. Ilma mootorita vastavas pesas ei ole lelu veekindel.<\/p>\n<p>Iga\u00a0Je Joue\u00a0toote ostuga kaasa\u00a0<strong>tasuta<\/strong>\u00a0v\u00e4ike aromaatne\u00a0<strong>massaa\u017eik\u00fc\u00fcnal<\/strong>!<\/p>\n","protected":false},"excerpt":{"rendered":"<p>M\u00f5nusad vibratsioonid \u00fclimalt sileda vibraatoriga Je Joue Ooh \u201cmiksi ja sobita\u201d kollektsioonist.<\/p>\n","protected":false},"featured_media":44832,"template":"","meta":[],"product_brand":[4213],"product_cat":[3980,1484,1488],"product_tag":[1511],"class_list":{"0":"post-49565","1":"product","2":"type-product","3":"status-publish","4":"has-post-thumbnail","6":"product_brand-ooh-et","7":"product_cat-klassikalised","8":"product_cat-sekslelud","9":"product_cat-vibraatorid","10":"product_tag-klassikaline-vibraator","11":"pa_brand-ooh-et","13":"first","14":"instock","15":"taxable","16":"shipping-taxable","17":"purchasable","18":"product-type-variable"},"yoast_head":"<!-- This site is optimized with the Yoast SEO plugin v27.3 - https:\/\/yoast.com\/product\/yoast-seo-wordpress\/ -->\n<title>Ooh Classic Vibrator - Enjoy over and over and over again.<\/title>\n<meta name=\"description\" content=\"M\u00f5nusad vibratsioonid \u00fclimalt sileda vibraatoriga Je Joue Ooh \u201cmiksi ja sobita\u201d kollektsioonist.\" \/>\n<meta name=\"robots\" content=\"index,follow,max-snippet:-1,max-image-preview:large,max-video-preview:-1\" \/>\n<link rel=\"canonical\" href=\"https:\/\/lustandlove.eu\/et\/toode\/klassikaline-vibraator-2\/\" \/>\n<meta name=\"twitter:card\" content=\"summary_large_image\" \/>\n<meta name=\"twitter:title\" content=\"Ooh Classic Vibrator - Enjoy over and over and over again.\" \/>\n<meta name=\"twitter:description\" content=\"M\u00f5nusad vibratsioonid \u00fclimalt sileda vibraatoriga Je Joue Ooh \u201cmiksi ja sobita\u201d kollektsioonist.\" \/>\n<meta name=\"twitter:image\" content=\"https:\/\/lustandlove.eu\/wp-content\/uploads\/je-joue-ooh-classic-vibrator-jeo2pi_01.jpg\" \/>\n<meta name=\"twitter:label1\" content=\"Est. reading time\" \/>\n\t<meta name=\"twitter:data1\" content=\"1 minut\" \/>\n<script type=\"application\/ld+json\" class=\"yoast-schema-graph\">{\"@context\":\"https:\\\/\\\/schema.org\",\"@graph\":[{\"@type\":[\"WebPage\",\"ItemPage\"],\"@id\":\"https:\\\/\\\/lustandlove.eu\\\/et\\\/toode\\\/klassikaline-vibraator-2\\\/\",\"url\":\"https:\\\/\\\/lustandlove.eu\\\/et\\\/toode\\\/klassikaline-vibraator-2\\\/\",\"name\":\"Ooh Classic Vibrator - Enjoy over and over and over again.\",\"isPartOf\":{\"@id\":\"https:\\\/\\\/lustandlove.eu\\\/et\\\/#website\"},\"primaryImageOfPage\":{\"@id\":\"https:\\\/\\\/lustandlove.eu\\\/et\\\/toode\\\/klassikaline-vibraator-2\\\/#primaryimage\"},\"image\":{\"@id\":\"https:\\\/\\\/lustandlove.eu\\\/et\\\/toode\\\/klassikaline-vibraator-2\\\/#primaryimage\"},\"thumbnailUrl\":\"https:\\\/\\\/lustandlove.eu\\\/wp-content\\\/uploads\\\/je-joue-ooh-classic-vibrator-jeo2pi_01.jpg\",\"datePublished\":\"2021-05-28T04:07:32+00:00\",\"dateModified\":\"2026-04-13T07:45:34+00:00\",\"description\":\"M\u00f5nusad vibratsioonid \u00fclimalt sileda vibraatoriga Je Joue Ooh \u201cmiksi ja sobita\u201d kollektsioonist.\",\"breadcrumb\":{\"@id\":\"https:\\\/\\\/lustandlove.eu\\\/et\\\/toode\\\/klassikaline-vibraator-2\\\/#breadcrumb\"},\"inLanguage\":\"et\",\"potentialAction\":[{\"@type\":\"ReadAction\",\"target\":[\"https:\\\/\\\/lustandlove.eu\\\/et\\\/toode\\\/klassikaline-vibraator-2\\\/\"]}]},{\"@type\":\"ImageObject\",\"inLanguage\":\"et\",\"@id\":\"https:\\\/\\\/lustandlove.eu\\\/et\\\/toode\\\/klassikaline-vibraator-2\\\/#primaryimage\",\"url\":\"https:\\\/\\\/lustandlove.eu\\\/wp-content\\\/uploads\\\/je-joue-ooh-classic-vibrator-jeo2pi_01.jpg\",\"contentUrl\":\"https:\\\/\\\/lustandlove.eu\\\/wp-content\\\/uploads\\\/je-joue-ooh-classic-vibrator-jeo2pi_01.jpg\",\"width\":480,\"height\":679},{\"@type\":\"BreadcrumbList\",\"@id\":\"https:\\\/\\\/lustandlove.eu\\\/et\\\/toode\\\/klassikaline-vibraator-2\\\/#breadcrumb\",\"itemListElement\":[{\"@type\":\"ListItem\",\"position\":1,\"name\":\"Lust and Love\",\"item\":\"https:\\\/\\\/lustandlove.eu\\\/et\\\/\"},{\"@type\":\"ListItem\",\"position\":2,\"name\":\"Pood\",\"item\":\"https:\\\/\\\/lustandlove.eu\\\/et\\\/pood\\\/\"},{\"@type\":\"ListItem\",\"position\":3,\"name\":\"Klassikaline Vibraator\"}]},{\"@type\":\"WebSite\",\"@id\":\"https:\\\/\\\/lustandlove.eu\\\/et\\\/#website\",\"url\":\"https:\\\/\\\/lustandlove.eu\\\/et\\\/\",\"name\":\"Lust &amp; Love\",\"description\":\"Online erootikapood tervise, ilu ja armastuse jaoks\",\"publisher\":{\"@id\":\"https:\\\/\\\/lustandlove.eu\\\/et\\\/#organization\"},\"potentialAction\":[{\"@type\":\"SearchAction\",\"target\":{\"@type\":\"EntryPoint\",\"urlTemplate\":\"https:\\\/\\\/lustandlove.eu\\\/et\\\/?s={search_term_string}\"},\"query-input\":{\"@type\":\"PropertyValueSpecification\",\"valueRequired\":true,\"valueName\":\"search_term_string\"}}],\"inLanguage\":\"et\"},{\"@type\":\"Organization\",\"@id\":\"https:\\\/\\\/lustandlove.eu\\\/et\\\/#organization\",\"name\":\"Bioconcept Baltics O\u00dc\",\"url\":\"https:\\\/\\\/lustandlove.eu\\\/et\\\/\",\"logo\":{\"@type\":\"ImageObject\",\"inLanguage\":\"et\",\"@id\":\"https:\\\/\\\/lustandlove.eu\\\/et\\\/#\\\/schema\\\/logo\\\/image\\\/\",\"url\":\"\",\"contentUrl\":\"\",\"caption\":\"Bioconcept Baltics O\u00dc\"},\"image\":{\"@id\":\"https:\\\/\\\/lustandlove.eu\\\/et\\\/#\\\/schema\\\/logo\\\/image\\\/\"},\"sameAs\":[\"https:\\\/\\\/www.facebook.com\\\/LustandLoveEU\\\/\",\"https:\\\/\\\/www.instagram.com\\\/lustandloveeu\\\/\"]}]}<\/script>\n<!-- \/ Yoast SEO plugin. -->","yoast_head_json":{"title":"Ooh Classic Vibrator - Enjoy over and over and over again.","description":"M\u00f5nusad vibratsioonid \u00fclimalt sileda vibraatoriga Je Joue Ooh \u201cmiksi ja sobita\u201d kollektsioonist.","robots":{"index,follow,max-snippet":"index,follow,max-snippet:-1,max-image-preview:large,max-video-preview:-1"},"canonical":"https:\/\/lustandlove.eu\/et\/toode\/klassikaline-vibraator-2\/","twitter_card":"summary_large_image","twitter_title":"Ooh Classic Vibrator - Enjoy over and over and over again.","twitter_description":"M\u00f5nusad vibratsioonid \u00fclimalt sileda vibraatoriga Je Joue Ooh \u201cmiksi ja sobita\u201d kollektsioonist.","twitter_image":"https:\/\/lustandlove.eu\/wp-content\/uploads\/je-joue-ooh-classic-vibrator-jeo2pi_01.jpg","twitter_misc":{"Est. reading time":"1 minut"},"schema":{"@context":"https:\/\/schema.org","@graph":[{"@type":["WebPage","ItemPage"],"@id":"https:\/\/lustandlove.eu\/et\/toode\/klassikaline-vibraator-2\/","url":"https:\/\/lustandlove.eu\/et\/toode\/klassikaline-vibraator-2\/","name":"Ooh Classic Vibrator - Enjoy over and over and over again.","isPartOf":{"@id":"https:\/\/lustandlove.eu\/et\/#website"},"primaryImageOfPage":{"@id":"https:\/\/lustandlove.eu\/et\/toode\/klassikaline-vibraator-2\/#primaryimage"},"image":{"@id":"https:\/\/lustandlove.eu\/et\/toode\/klassikaline-vibraator-2\/#primaryimage"},"thumbnailUrl":"https:\/\/lustandlove.eu\/wp-content\/uploads\/je-joue-ooh-classic-vibrator-jeo2pi_01.jpg","datePublished":"2021-05-28T04:07:32+00:00","dateModified":"2026-04-13T07:45:34+00:00","description":"M\u00f5nusad vibratsioonid \u00fclimalt sileda vibraatoriga Je Joue Ooh \u201cmiksi ja sobita\u201d kollektsioonist.","breadcrumb":{"@id":"https:\/\/lustandlove.eu\/et\/toode\/klassikaline-vibraator-2\/#breadcrumb"},"inLanguage":"et","potentialAction":[{"@type":"ReadAction","target":["https:\/\/lustandlove.eu\/et\/toode\/klassikaline-vibraator-2\/"]}]},{"@type":"ImageObject","inLanguage":"et","@id":"https:\/\/lustandlove.eu\/et\/toode\/klassikaline-vibraator-2\/#primaryimage","url":"https:\/\/lustandlove.eu\/wp-content\/uploads\/je-joue-ooh-classic-vibrator-jeo2pi_01.jpg","contentUrl":"https:\/\/lustandlove.eu\/wp-content\/uploads\/je-joue-ooh-classic-vibrator-jeo2pi_01.jpg","width":480,"height":679},{"@type":"BreadcrumbList","@id":"https:\/\/lustandlove.eu\/et\/toode\/klassikaline-vibraator-2\/#breadcrumb","itemListElement":[{"@type":"ListItem","position":1,"name":"Lust and Love","item":"https:\/\/lustandlove.eu\/et\/"},{"@type":"ListItem","position":2,"name":"Pood","item":"https:\/\/lustandlove.eu\/et\/pood\/"},{"@type":"ListItem","position":3,"name":"Klassikaline Vibraator"}]},{"@type":"WebSite","@id":"https:\/\/lustandlove.eu\/et\/#website","url":"https:\/\/lustandlove.eu\/et\/","name":"Lust &amp; Love","description":"Online erootikapood tervise, ilu ja armastuse jaoks","publisher":{"@id":"https:\/\/lustandlove.eu\/et\/#organization"},"potentialAction":[{"@type":"SearchAction","target":{"@type":"EntryPoint","urlTemplate":"https:\/\/lustandlove.eu\/et\/?s={search_term_string}"},"query-input":{"@type":"PropertyValueSpecification","valueRequired":true,"valueName":"search_term_string"}}],"inLanguage":"et"},{"@type":"Organization","@id":"https:\/\/lustandlove.eu\/et\/#organization","name":"Bioconcept Baltics O\u00dc","url":"https:\/\/lustandlove.eu\/et\/","logo":{"@type":"ImageObject","inLanguage":"et","@id":"https:\/\/lustandlove.eu\/et\/#\/schema\/logo\/image\/","url":"","contentUrl":"","caption":"Bioconcept Baltics O\u00dc"},"image":{"@id":"https:\/\/lustandlove.eu\/et\/#\/schema\/logo\/image\/"},"sameAs":["https:\/\/www.facebook.com\/LustandLoveEU\/","https:\/\/www.instagram.com\/lustandloveeu\/"]}]}},"_links":{"self":[{"href":"https:\/\/lustandlove.eu\/et\/wp-json\/wp\/v2\/product\/49565","targetHints":{"allow":["GET"]}}],"collection":[{"href":"https:\/\/lustandlove.eu\/et\/wp-json\/wp\/v2\/product"}],"about":[{"href":"https:\/\/lustandlove.eu\/et\/wp-json\/wp\/v2\/types\/product"}],"wp:featuredmedia":[{"embeddable":true,"href":"https:\/\/lustandlove.eu\/et\/wp-json\/wp\/v2\/media\/44832"}],"wp:attachment":[{"href":"https:\/\/lustandlove.eu\/et\/wp-json\/wp\/v2\/media?parent=49565"}],"wp:term":[{"taxonomy":"product_brand","embeddable":true,"href":"https:\/\/lustandlove.eu\/et\/wp-json\/wp\/v2\/product_brand?post=49565"},{"taxonomy":"product_cat","embeddable":true,"href":"https:\/\/lustandlove.eu\/et\/wp-json\/wp\/v2\/product_cat?post=49565"},{"taxonomy":"product_tag","embeddable":true,"href":"https:\/\/lustandlove.eu\/et\/wp-json\/wp\/v2\/product_tag?post=49565"}],"curies":[{"name":"wp","href":"https:\/\/api.w.org\/{rel}","templated":true}]}}