{"id":49579,"date":"2021-05-28T07:06:39","date_gmt":"2021-05-28T04:06:39","guid":{"rendered":"https:\/\/www.lustandlove.eu\/product\/je-joue-mio\/"},"modified":"2026-04-13T10:45:36","modified_gmt":"2026-04-13T07:45:36","slug":"je-joue-mio","status":"publish","type":"product","link":"https:\/\/lustandlove.eu\/et\/toode\/je-joue-mio\/","title":{"rendered":"Mio"},"content":{"rendered":"<p>Superpehme, painduv, v\u00f5imas \u2013 jaga tugevamat, pikemat ja samaaegset orgasmi oma partneriga kasutades Je Joue Miot. See peeniser\u00f5ngas hoiab mehe erektsiooni kauem ja annab naisele intensiivse sisemise vibratsiooni seksi ajal, tagades m\u00f5lemale osapoolele parema kogemuse. Mio on varustatud madalasagedusega mootoriga, mille saab panna \u00f5rnalt nurruma v\u00f5i v\u00f5imsalt m\u00f6irgama.<\/p>\n<p>Miol on 5 vibratsioonikiirust ja 7 vibratsioonimustrit, mis pakub laia valiku erinevaid vibratsioone.<\/p>\n<p>Miol puuduvad \u00fchendusjooned, seda on lihtne kasutada ning see on magnet\u00fchendusega laetav.<\/p>\n<p>Miot saab kasutada mitmetpidi. N\u00e4iteks v\u00f5id Mio mootori paigutada peenisel \u00fcles poole, et stimuleerida naise kliitorit. V\u00f5i paiguta mootor peenise alla kui proovite koerapoosi, et mehel oleks m\u00f5nusam.<\/p>\n<p>Mio r\u00f5ngast v\u00f5ib l\u00e4bi panna nii peenise kui ka munandid, mis aitab mehel tugevamat erektsiooni saavutada.<\/p>\n<p>Miot saab kasutada ka \u00fcmber 2 n\u00e4pu eelm\u00e4ngu ajal.<\/p>\n<h2>Kuidas Mio t\u00f6\u00f6tab?<\/h2>\n<p>Miot on kerge kasutada: sisse l\u00fclitamiseks hoia \u201c+\u201d nuppu all 2 sekundit. V\u00e4lja l\u00fclitamiseks tee sama \u201c-\u201d nupuga. Miol on ka \u201c~\u201d nupp, millega saab vibratsioonimustreid muuta.<\/p>\n<p>Mio laadija t\u00f5mbab ennast magnet\u00fchendusega ise paika, mist\u00f5ttu on laadimine kergem kui varem. Miol olev tuluke annab m\u00e4rku, kas aku on t\u00e4is laetud: kui tuluke vilgub laadimise ajal, toimub aku laadmine, kui tuluke p\u00f5leb pidevalt on aku t\u00e4is.<\/p>\n","protected":false},"excerpt":{"rendered":"<p>Maailma lemmikuim peeniser\u00f5ngas naudingu v\u00f5imendamiseks<\/p>\n","protected":false},"featured_media":46412,"template":"","meta":[],"product_brand":[4211],"product_cat":[1477,1478],"product_tag":[],"class_list":{"0":"post-49579","1":"product","2":"type-product","3":"status-publish","4":"has-post-thumbnail","6":"product_brand-je-joue-et","7":"product_cat-meestele","8":"product_cat-peeniserongad","9":"pa_brand-je-joue-et","11":"first","12":"instock","13":"purchasable","14":"product-type-variable"},"yoast_head":"<!-- This site is optimized with the Yoast SEO plugin v27.3 - https:\/\/yoast.com\/product\/yoast-seo-wordpress\/ -->\n<title>Mio Cock Ring by Je Joue | World&#039;s Favourite Cock Ring<\/title>\n<meta name=\"description\" content=\"Maailma lemmikuim peeniser\u00f5ngas naudingu v\u00f5imendamiseks\" \/>\n<meta name=\"robots\" content=\"index,follow,max-snippet:-1,max-image-preview:large,max-video-preview:-1\" \/>\n<link rel=\"canonical\" href=\"https:\/\/lustandlove.eu\/et\/toode\/je-joue-mio\/\" \/>\n<meta name=\"twitter:card\" content=\"summary_large_image\" \/>\n<meta name=\"twitter:title\" content=\"Mio Cock Ring by Je Joue | World&#039;s Favourite Cock Ring\" \/>\n<meta name=\"twitter:description\" content=\"Maailma lemmikuim peeniser\u00f5ngas naudingu v\u00f5imendamiseks\" \/>\n<meta name=\"twitter:image\" content=\"https:\/\/lustandlove.eu\/wp-content\/uploads\/je-joue-mio-peeniserongas-cock-ring.jpg\" \/>\n<meta name=\"twitter:label1\" content=\"Est. reading time\" \/>\n\t<meta name=\"twitter:data1\" content=\"2 minutit\" \/>\n<script type=\"application\/ld+json\" class=\"yoast-schema-graph\">{\"@context\":\"https:\\\/\\\/schema.org\",\"@graph\":[{\"@type\":[\"WebPage\",\"ItemPage\"],\"@id\":\"https:\\\/\\\/lustandlove.eu\\\/et\\\/toode\\\/je-joue-mio\\\/\",\"url\":\"https:\\\/\\\/lustandlove.eu\\\/et\\\/toode\\\/je-joue-mio\\\/\",\"name\":\"Mio Cock Ring by Je Joue | World's Favourite Cock Ring\",\"isPartOf\":{\"@id\":\"https:\\\/\\\/lustandlove.eu\\\/et\\\/#website\"},\"primaryImageOfPage\":{\"@id\":\"https:\\\/\\\/lustandlove.eu\\\/et\\\/toode\\\/je-joue-mio\\\/#primaryimage\"},\"image\":{\"@id\":\"https:\\\/\\\/lustandlove.eu\\\/et\\\/toode\\\/je-joue-mio\\\/#primaryimage\"},\"thumbnailUrl\":\"https:\\\/\\\/lustandlove.eu\\\/wp-content\\\/uploads\\\/je-joue-mio-peeniserongas-cock-ring.jpg\",\"datePublished\":\"2021-05-28T04:06:39+00:00\",\"dateModified\":\"2026-04-13T07:45:36+00:00\",\"description\":\"Maailma lemmikuim peeniser\u00f5ngas naudingu v\u00f5imendamiseks\",\"breadcrumb\":{\"@id\":\"https:\\\/\\\/lustandlove.eu\\\/et\\\/toode\\\/je-joue-mio\\\/#breadcrumb\"},\"inLanguage\":\"et\",\"potentialAction\":[{\"@type\":\"ReadAction\",\"target\":[\"https:\\\/\\\/lustandlove.eu\\\/et\\\/toode\\\/je-joue-mio\\\/\"]}]},{\"@type\":\"ImageObject\",\"inLanguage\":\"et\",\"@id\":\"https:\\\/\\\/lustandlove.eu\\\/et\\\/toode\\\/je-joue-mio\\\/#primaryimage\",\"url\":\"https:\\\/\\\/lustandlove.eu\\\/wp-content\\\/uploads\\\/je-joue-mio-peeniserongas-cock-ring.jpg\",\"contentUrl\":\"https:\\\/\\\/lustandlove.eu\\\/wp-content\\\/uploads\\\/je-joue-mio-peeniserongas-cock-ring.jpg\",\"width\":1200,\"height\":1200},{\"@type\":\"BreadcrumbList\",\"@id\":\"https:\\\/\\\/lustandlove.eu\\\/et\\\/toode\\\/je-joue-mio\\\/#breadcrumb\",\"itemListElement\":[{\"@type\":\"ListItem\",\"position\":1,\"name\":\"Lust and Love\",\"item\":\"https:\\\/\\\/lustandlove.eu\\\/et\\\/\"},{\"@type\":\"ListItem\",\"position\":2,\"name\":\"Pood\",\"item\":\"https:\\\/\\\/lustandlove.eu\\\/et\\\/pood\\\/\"},{\"@type\":\"ListItem\",\"position\":3,\"name\":\"Meestele\",\"item\":\"https:\\\/\\\/lustandlove.eu\\\/et\\\/pood\\\/meestele\\\/\"},{\"@type\":\"ListItem\",\"position\":4,\"name\":\"Peeniser\u00f5ngad\",\"item\":\"https:\\\/\\\/lustandlove.eu\\\/et\\\/pood\\\/meestele\\\/peeniserongad\\\/\"},{\"@type\":\"ListItem\",\"position\":5,\"name\":\"Mio\"}]},{\"@type\":\"WebSite\",\"@id\":\"https:\\\/\\\/lustandlove.eu\\\/et\\\/#website\",\"url\":\"https:\\\/\\\/lustandlove.eu\\\/et\\\/\",\"name\":\"Lust &amp; Love\",\"description\":\"Online erootikapood tervise, ilu ja armastuse jaoks\",\"publisher\":{\"@id\":\"https:\\\/\\\/lustandlove.eu\\\/et\\\/#organization\"},\"potentialAction\":[{\"@type\":\"SearchAction\",\"target\":{\"@type\":\"EntryPoint\",\"urlTemplate\":\"https:\\\/\\\/lustandlove.eu\\\/et\\\/?s={search_term_string}\"},\"query-input\":{\"@type\":\"PropertyValueSpecification\",\"valueRequired\":true,\"valueName\":\"search_term_string\"}}],\"inLanguage\":\"et\"},{\"@type\":\"Organization\",\"@id\":\"https:\\\/\\\/lustandlove.eu\\\/et\\\/#organization\",\"name\":\"Bioconcept Baltics O\u00dc\",\"url\":\"https:\\\/\\\/lustandlove.eu\\\/et\\\/\",\"logo\":{\"@type\":\"ImageObject\",\"inLanguage\":\"et\",\"@id\":\"https:\\\/\\\/lustandlove.eu\\\/et\\\/#\\\/schema\\\/logo\\\/image\\\/\",\"url\":\"\",\"contentUrl\":\"\",\"caption\":\"Bioconcept Baltics O\u00dc\"},\"image\":{\"@id\":\"https:\\\/\\\/lustandlove.eu\\\/et\\\/#\\\/schema\\\/logo\\\/image\\\/\"},\"sameAs\":[\"https:\\\/\\\/www.facebook.com\\\/LustandLoveEU\\\/\",\"https:\\\/\\\/www.instagram.com\\\/lustandloveeu\\\/\"]}]}<\/script>\n<!-- \/ Yoast SEO plugin. -->","yoast_head_json":{"title":"Mio Cock Ring by Je Joue | World's Favourite Cock Ring","description":"Maailma lemmikuim peeniser\u00f5ngas naudingu v\u00f5imendamiseks","robots":{"index,follow,max-snippet":"index,follow,max-snippet:-1,max-image-preview:large,max-video-preview:-1"},"canonical":"https:\/\/lustandlove.eu\/et\/toode\/je-joue-mio\/","twitter_card":"summary_large_image","twitter_title":"Mio Cock Ring by Je Joue | World's Favourite Cock Ring","twitter_description":"Maailma lemmikuim peeniser\u00f5ngas naudingu v\u00f5imendamiseks","twitter_image":"https:\/\/lustandlove.eu\/wp-content\/uploads\/je-joue-mio-peeniserongas-cock-ring.jpg","twitter_misc":{"Est. reading time":"2 minutit"},"schema":{"@context":"https:\/\/schema.org","@graph":[{"@type":["WebPage","ItemPage"],"@id":"https:\/\/lustandlove.eu\/et\/toode\/je-joue-mio\/","url":"https:\/\/lustandlove.eu\/et\/toode\/je-joue-mio\/","name":"Mio Cock Ring by Je Joue | World's Favourite Cock Ring","isPartOf":{"@id":"https:\/\/lustandlove.eu\/et\/#website"},"primaryImageOfPage":{"@id":"https:\/\/lustandlove.eu\/et\/toode\/je-joue-mio\/#primaryimage"},"image":{"@id":"https:\/\/lustandlove.eu\/et\/toode\/je-joue-mio\/#primaryimage"},"thumbnailUrl":"https:\/\/lustandlove.eu\/wp-content\/uploads\/je-joue-mio-peeniserongas-cock-ring.jpg","datePublished":"2021-05-28T04:06:39+00:00","dateModified":"2026-04-13T07:45:36+00:00","description":"Maailma lemmikuim peeniser\u00f5ngas naudingu v\u00f5imendamiseks","breadcrumb":{"@id":"https:\/\/lustandlove.eu\/et\/toode\/je-joue-mio\/#breadcrumb"},"inLanguage":"et","potentialAction":[{"@type":"ReadAction","target":["https:\/\/lustandlove.eu\/et\/toode\/je-joue-mio\/"]}]},{"@type":"ImageObject","inLanguage":"et","@id":"https:\/\/lustandlove.eu\/et\/toode\/je-joue-mio\/#primaryimage","url":"https:\/\/lustandlove.eu\/wp-content\/uploads\/je-joue-mio-peeniserongas-cock-ring.jpg","contentUrl":"https:\/\/lustandlove.eu\/wp-content\/uploads\/je-joue-mio-peeniserongas-cock-ring.jpg","width":1200,"height":1200},{"@type":"BreadcrumbList","@id":"https:\/\/lustandlove.eu\/et\/toode\/je-joue-mio\/#breadcrumb","itemListElement":[{"@type":"ListItem","position":1,"name":"Lust and Love","item":"https:\/\/lustandlove.eu\/et\/"},{"@type":"ListItem","position":2,"name":"Pood","item":"https:\/\/lustandlove.eu\/et\/pood\/"},{"@type":"ListItem","position":3,"name":"Meestele","item":"https:\/\/lustandlove.eu\/et\/pood\/meestele\/"},{"@type":"ListItem","position":4,"name":"Peeniser\u00f5ngad","item":"https:\/\/lustandlove.eu\/et\/pood\/meestele\/peeniserongad\/"},{"@type":"ListItem","position":5,"name":"Mio"}]},{"@type":"WebSite","@id":"https:\/\/lustandlove.eu\/et\/#website","url":"https:\/\/lustandlove.eu\/et\/","name":"Lust &amp; Love","description":"Online erootikapood tervise, ilu ja armastuse jaoks","publisher":{"@id":"https:\/\/lustandlove.eu\/et\/#organization"},"potentialAction":[{"@type":"SearchAction","target":{"@type":"EntryPoint","urlTemplate":"https:\/\/lustandlove.eu\/et\/?s={search_term_string}"},"query-input":{"@type":"PropertyValueSpecification","valueRequired":true,"valueName":"search_term_string"}}],"inLanguage":"et"},{"@type":"Organization","@id":"https:\/\/lustandlove.eu\/et\/#organization","name":"Bioconcept Baltics O\u00dc","url":"https:\/\/lustandlove.eu\/et\/","logo":{"@type":"ImageObject","inLanguage":"et","@id":"https:\/\/lustandlove.eu\/et\/#\/schema\/logo\/image\/","url":"","contentUrl":"","caption":"Bioconcept Baltics O\u00dc"},"image":{"@id":"https:\/\/lustandlove.eu\/et\/#\/schema\/logo\/image\/"},"sameAs":["https:\/\/www.facebook.com\/LustandLoveEU\/","https:\/\/www.instagram.com\/lustandloveeu\/"]}]}},"_links":{"self":[{"href":"https:\/\/lustandlove.eu\/et\/wp-json\/wp\/v2\/product\/49579","targetHints":{"allow":["GET"]}}],"collection":[{"href":"https:\/\/lustandlove.eu\/et\/wp-json\/wp\/v2\/product"}],"about":[{"href":"https:\/\/lustandlove.eu\/et\/wp-json\/wp\/v2\/types\/product"}],"wp:featuredmedia":[{"embeddable":true,"href":"https:\/\/lustandlove.eu\/et\/wp-json\/wp\/v2\/media\/46412"}],"wp:attachment":[{"href":"https:\/\/lustandlove.eu\/et\/wp-json\/wp\/v2\/media?parent=49579"}],"wp:term":[{"taxonomy":"product_brand","embeddable":true,"href":"https:\/\/lustandlove.eu\/et\/wp-json\/wp\/v2\/product_brand?post=49579"},{"taxonomy":"product_cat","embeddable":true,"href":"https:\/\/lustandlove.eu\/et\/wp-json\/wp\/v2\/product_cat?post=49579"},{"taxonomy":"product_tag","embeddable":true,"href":"https:\/\/lustandlove.eu\/et\/wp-json\/wp\/v2\/product_tag?post=49579"}],"curies":[{"name":"wp","href":"https:\/\/api.w.org\/{rel}","templated":true}]}}