{"id":49582,"date":"2021-05-28T07:06:38","date_gmt":"2021-05-28T04:06:38","guid":{"rendered":"https:\/\/www.lustandlove.eu\/product\/sutil-rich\/"},"modified":"2026-03-27T10:41:35","modified_gmt":"2026-03-27T08:41:35","slug":"sutil-rich","status":"publish","type":"product","link":"https:\/\/lustandlove.eu\/et\/toode\/sutil-rich\/","title":{"rendered":"Sutil Rich Naturaalne Libesti"},"content":{"rendered":"<p>Sutil Rich on Kanada perefirmast p\u00e4rit vee baasil tihke koostisega naturaalne libesti, mis on puhaste koostisainetega. Rich on k\u00f5ige paksema konsistentsiga Sutil libesti, mist\u00f5ttu sobib see suurep\u00e4raselt anaalseksiks v\u00f5i menopausi l\u00e4bivatele isikutele. See j\u00e4ljendab silikoonlibestite pehmet ja mugavat tunnet, kuid ei sisalda silikooni, mist\u00f5ttu on see kondoomide ja seksim\u00e4nguasjadega kasutamiseks ohutu.<\/p>\n<p>Sutil Rich libestile pole lisatud suhkruid ega parabeene, toode on 100% \u00f6ko ja isegi pakend laguneb loodust s\u00e4\u00e4stval meetodil p\u00e4rast aegumist. Naturaalne libesti ei \u00e4rrita ega kleepu, ja seda on vajadusel lihtne maha pesta riietelt ja pesult.<\/p>\n<p>Selle paks ja pehme tekstuur muudab kogu kogemuse t\u00e4iesti teistsuguseks. Nii anaalseks kui ka seks menopausi ajal v\u00f5ivad p\u00f5hjustada ebamugavat h\u00f5\u00f5rdumist, kuid Richi koostis aitab seda v\u00e4hendada, muutes su seksuaalelu nauditavaks. Lisaks on selle pH-tase 6 t\u00e4iuslik anaalpiirkonnale ja ideaalne menopausi ajal, mil tupe pH-tase kipub t\u00f5usma.<\/p>\n<p>Sutil valib iga koostisosa l\u00e4bim\u00f5eldult. Igal koostisainel on oma eesm\u00e4rk:<\/p>\n<ul>\n<li>Parema libisemise ja s\u00fcgava niisutuse tagamiseks: puhastatud vesi, taimne propaandiol, taimne h\u00fcaluroonhape.<\/li>\n<li>Rahustamiseks ja erutamiseks: lootosejuure ekstrakt, horny goat weed\u2019i ekstrakt, Panax ginsengi juure ekstrakt, Ziziphus jujuba vilja ekstrakt.<\/li>\n<li>Puhtuse ja v\u00e4rskuse tagamiseks: taimset p\u00e4ritolu gl\u00fckonolaktoon, toiduainetele sobiv naatriumbensoaat.<\/li>\n<\/ul>\n<p>Lisaks Sutil Rich libestile on saadaval veel\u00a0<a href=\"https:\/\/lustandlove.eu\/et\/toode\/sutil-luxe-naturaalne-libesti\/\">Sutil Luxe<\/a>\u00a0ja <a href=\"https:\/\/lustandlove.eu\/et\/toode\/sutil-pure\/\">Hathor Pure<\/a> vee baasil libestid. K\u00f5ik libestid on naturaalsed ja puhtad, kuid erinevad veidi koostisosade ja eesm\u00e4rgi poolest. Sutil Luxe on k\u00f5ige kergema koostisega, Hathor Pure on keskmise koostisega ja Rich on neist k\u00f5ige tihkem, olles eriti kasulik anaalseksi ja lisaniisutuse jaoks. K\u00f5ik Sutil libestid on ohutud kasutamiseks koos m\u00e4nguasjadega, oraalselt ja anaalseksi jaoks.<\/p>\n<h3>Kuidas libestit kasutada:<\/h3>\n<p>Alusta 10-sendise m\u00fcndi suuruse koguse libestiga ja kanna see s\u00f5rmedega \u00f5rnalt peale kehaosadele ja\/v\u00f5i m\u00e4nguasjadele, millega m\u00e4ngid. Kui libesti on k\u00fclm, h\u00f5\u00f5ru s\u00f5rmi, et seda enne pealekandmist soojendada. Kui libesti nahal kuivab, v\u00f5id lisada v\u00e4ikese koguse vett, et seda taas niisutada! Sutil tooted imenduvad nahka suurep\u00e4raselt, kuid alati v\u00f5ib neid puhastada l\u00f5hnatu seebi ja veega.<\/p>\n<h3><strong>Koostis:<\/strong><\/h3>\n<p>Vesi, propaanidiol* (taimset p\u00e4ritolu), h\u00fcaluroonhape (taimset p\u00e4ritolu), Nelumbo Nucifera juureekstrakt* (lootosejuur), Epimedium Sagittatum (kitsetaim), Panax ginsengi juureekstrakt, Ziziphus jujube viljaekstrakt, gl\u00fckonolaktoon*, naatriumbensoaat*<br \/>\n*\u00d6kosertifitseeritud koostisosad<\/p>\n","protected":false},"excerpt":{"rendered":"<p>Kauakestev libesti, mis\u00a0sisaldab afrodisiakumi omadusi, suurendades seksuaalset naudingut nii partneriga koos hullates kui ka soolom\u00e4ngus. Sobib kasutamiseks anaalseksiks ja vaginaalseksiks.<\/p>\n","protected":false},"featured_media":95591,"template":"","meta":[],"product_cat":[3973,1467,1460,3976],"product_tag":[4133,4134],"yoast_head":"<!-- This site is optimized with the Yoast SEO plugin v22.9 - https:\/\/yoast.com\/wordpress\/plugins\/seo\/ -->\n<title>Sutil Rich Naturaalne Libesti Water Based Lubricant | Lust &amp; Love Sexshop<\/title>\n<meta name=\"description\" content=\"Kauakestev libesti, mis sisaldab afrodisiakumi omadusi, suurendades seksuaalset naudingut nii partneriga koos hullates kui ka soolom\u00e4ngus. Sobib kasutamiseks anaalseksiks ja vaginaalseksiks.\" \/>\n<meta name=\"robots\" content=\"index,follow,max-snippet:-1,max-image-preview:large,max-video-preview:-1\" \/>\n<link rel=\"canonical\" href=\"https:\/\/lustandlove.eu\/et\/toode\/sutil-rich\/\" \/>\n<meta name=\"twitter:card\" content=\"summary_large_image\" \/>\n<meta name=\"twitter:title\" content=\"Sutil Rich Naturaalne Libesti Water Based Lubricant | Lust &amp; Love Sexshop\" \/>\n<meta name=\"twitter:description\" content=\"Kauakestev libesti, mis sisaldab afrodisiakumi omadusi, suurendades seksuaalset naudingut nii partneriga koos hullates kui ka soolom\u00e4ngus. Sobib kasutamiseks anaalseksiks ja vaginaalseksiks.\" \/>\n<meta name=\"twitter:image\" content=\"https:\/\/lustandlove.eu\/wp-content\/uploads\/Sutil-PDP-Rich-AllSizes.jpg.jpeg\" \/>\n<meta name=\"twitter:label1\" content=\"Est. reading time\" \/>\n\t<meta name=\"twitter:data1\" content=\"3 minutit\" \/>\n<script type=\"application\/ld+json\" class=\"yoast-schema-graph\">{\"@context\":\"https:\/\/schema.org\",\"@graph\":[{\"@type\":[\"WebPage\",\"ItemPage\"],\"@id\":\"https:\/\/lustandlove.eu\/et\/toode\/sutil-rich\/\",\"url\":\"https:\/\/lustandlove.eu\/et\/toode\/sutil-rich\/\",\"name\":\"Sutil Rich Naturaalne Libesti Water Based Lubricant | Lust &amp; Love Sexshop\",\"isPartOf\":{\"@id\":\"https:\/\/lustandlove.eu\/et\/#website\"},\"primaryImageOfPage\":{\"@id\":\"https:\/\/lustandlove.eu\/et\/toode\/sutil-rich\/#primaryimage\"},\"image\":{\"@id\":\"https:\/\/lustandlove.eu\/et\/toode\/sutil-rich\/#primaryimage\"},\"thumbnailUrl\":\"https:\/\/lustandlove.eu\/wp-content\/uploads\/Sutil-PDP-Rich-AllSizes.jpg.jpeg\",\"datePublished\":\"2021-05-28T04:06:38+00:00\",\"dateModified\":\"2026-03-27T08:41:35+00:00\",\"description\":\"Kauakestev libesti, mis sisaldab afrodisiakumi omadusi, suurendades seksuaalset naudingut nii partneriga koos hullates kui ka soolom\u00e4ngus. Sobib kasutamiseks anaalseksiks ja vaginaalseksiks.\",\"breadcrumb\":{\"@id\":\"https:\/\/lustandlove.eu\/et\/toode\/sutil-rich\/#breadcrumb\"},\"inLanguage\":\"et\",\"potentialAction\":[{\"@type\":\"ReadAction\",\"target\":[\"https:\/\/lustandlove.eu\/et\/toode\/sutil-rich\/\"]}]},{\"@type\":\"ImageObject\",\"inLanguage\":\"et\",\"@id\":\"https:\/\/lustandlove.eu\/et\/toode\/sutil-rich\/#primaryimage\",\"url\":\"https:\/\/lustandlove.eu\/wp-content\/uploads\/Sutil-PDP-Rich-AllSizes.jpg.jpeg\",\"contentUrl\":\"https:\/\/lustandlove.eu\/wp-content\/uploads\/Sutil-PDP-Rich-AllSizes.jpg.jpeg\",\"width\":1000,\"height\":1000,\"caption\":\"Natural lubricant\"},{\"@type\":\"BreadcrumbList\",\"@id\":\"https:\/\/lustandlove.eu\/et\/toode\/sutil-rich\/#breadcrumb\",\"itemListElement\":[{\"@type\":\"ListItem\",\"position\":1,\"name\":\"Lust and Love\",\"item\":\"https:\/\/lustandlove.eu\/et\/\"},{\"@type\":\"ListItem\",\"position\":2,\"name\":\"Pood\",\"item\":\"https:\/\/lustandlove.eu\/et\/pood\/\"},{\"@type\":\"ListItem\",\"position\":3,\"name\":\"Libestid ja kehahooldus\",\"item\":\"https:\/\/lustandlove.eu\/et\/pood\/apteek\/\"},{\"@type\":\"ListItem\",\"position\":4,\"name\":\"Libestid\",\"item\":\"https:\/\/lustandlove.eu\/et\/pood\/apteek\/libestid\/\"},{\"@type\":\"ListItem\",\"position\":5,\"name\":\"Vee baasil\",\"item\":\"https:\/\/lustandlove.eu\/et\/pood\/apteek\/libestid\/vee-baasil\/\"},{\"@type\":\"ListItem\",\"position\":6,\"name\":\"Sutil Rich Naturaalne Libesti\"}]},{\"@type\":\"WebSite\",\"@id\":\"https:\/\/lustandlove.eu\/et\/#website\",\"url\":\"https:\/\/lustandlove.eu\/et\/\",\"name\":\"Lust &amp; Love\",\"description\":\"Online erootikapood tervise, ilu ja armastuse jaoks\",\"publisher\":{\"@id\":\"https:\/\/lustandlove.eu\/et\/#organization\"},\"potentialAction\":[{\"@type\":\"SearchAction\",\"target\":{\"@type\":\"EntryPoint\",\"urlTemplate\":\"https:\/\/lustandlove.eu\/et\/?s={search_term_string}\"},\"query-input\":\"required name=search_term_string\"}],\"inLanguage\":\"et\"},{\"@type\":\"Organization\",\"@id\":\"https:\/\/lustandlove.eu\/et\/#organization\",\"name\":\"Bioconcept Baltics O\u00dc\",\"url\":\"https:\/\/lustandlove.eu\/et\/\",\"logo\":{\"@type\":\"ImageObject\",\"inLanguage\":\"et\",\"@id\":\"https:\/\/lustandlove.eu\/et\/#\/schema\/logo\/image\/\",\"url\":\"\",\"contentUrl\":\"\",\"caption\":\"Bioconcept Baltics O\u00dc\"},\"image\":{\"@id\":\"https:\/\/lustandlove.eu\/et\/#\/schema\/logo\/image\/\"},\"sameAs\":[\"https:\/\/www.facebook.com\/LustandLoveEU\/\",\"https:\/\/www.instagram.com\/lustandloveeu\/\"]}]}<\/script>\n<!-- \/ Yoast SEO plugin. -->","yoast_head_json":{"title":"Sutil Rich Naturaalne Libesti Water Based Lubricant | Lust &amp; Love Sexshop","description":"Kauakestev libesti, mis sisaldab afrodisiakumi omadusi, suurendades seksuaalset naudingut nii partneriga koos hullates kui ka soolom\u00e4ngus. Sobib kasutamiseks anaalseksiks ja vaginaalseksiks.","robots":{"index,follow,max-snippet":"index,follow,max-snippet:-1,max-image-preview:large,max-video-preview:-1"},"canonical":"https:\/\/lustandlove.eu\/et\/toode\/sutil-rich\/","twitter_card":"summary_large_image","twitter_title":"Sutil Rich Naturaalne Libesti Water Based Lubricant | Lust &amp; Love Sexshop","twitter_description":"Kauakestev libesti, mis sisaldab afrodisiakumi omadusi, suurendades seksuaalset naudingut nii partneriga koos hullates kui ka soolom\u00e4ngus. Sobib kasutamiseks anaalseksiks ja vaginaalseksiks.","twitter_image":"https:\/\/lustandlove.eu\/wp-content\/uploads\/Sutil-PDP-Rich-AllSizes.jpg.jpeg","twitter_misc":{"Est. reading time":"3 minutit"},"schema":{"@context":"https:\/\/schema.org","@graph":[{"@type":["WebPage","ItemPage"],"@id":"https:\/\/lustandlove.eu\/et\/toode\/sutil-rich\/","url":"https:\/\/lustandlove.eu\/et\/toode\/sutil-rich\/","name":"Sutil Rich Naturaalne Libesti Water Based Lubricant | Lust &amp; Love Sexshop","isPartOf":{"@id":"https:\/\/lustandlove.eu\/et\/#website"},"primaryImageOfPage":{"@id":"https:\/\/lustandlove.eu\/et\/toode\/sutil-rich\/#primaryimage"},"image":{"@id":"https:\/\/lustandlove.eu\/et\/toode\/sutil-rich\/#primaryimage"},"thumbnailUrl":"https:\/\/lustandlove.eu\/wp-content\/uploads\/Sutil-PDP-Rich-AllSizes.jpg.jpeg","datePublished":"2021-05-28T04:06:38+00:00","dateModified":"2026-03-27T08:41:35+00:00","description":"Kauakestev libesti, mis sisaldab afrodisiakumi omadusi, suurendades seksuaalset naudingut nii partneriga koos hullates kui ka soolom\u00e4ngus. Sobib kasutamiseks anaalseksiks ja vaginaalseksiks.","breadcrumb":{"@id":"https:\/\/lustandlove.eu\/et\/toode\/sutil-rich\/#breadcrumb"},"inLanguage":"et","potentialAction":[{"@type":"ReadAction","target":["https:\/\/lustandlove.eu\/et\/toode\/sutil-rich\/"]}]},{"@type":"ImageObject","inLanguage":"et","@id":"https:\/\/lustandlove.eu\/et\/toode\/sutil-rich\/#primaryimage","url":"https:\/\/lustandlove.eu\/wp-content\/uploads\/Sutil-PDP-Rich-AllSizes.jpg.jpeg","contentUrl":"https:\/\/lustandlove.eu\/wp-content\/uploads\/Sutil-PDP-Rich-AllSizes.jpg.jpeg","width":1000,"height":1000,"caption":"Natural lubricant"},{"@type":"BreadcrumbList","@id":"https:\/\/lustandlove.eu\/et\/toode\/sutil-rich\/#breadcrumb","itemListElement":[{"@type":"ListItem","position":1,"name":"Lust and Love","item":"https:\/\/lustandlove.eu\/et\/"},{"@type":"ListItem","position":2,"name":"Pood","item":"https:\/\/lustandlove.eu\/et\/pood\/"},{"@type":"ListItem","position":3,"name":"Libestid ja kehahooldus","item":"https:\/\/lustandlove.eu\/et\/pood\/apteek\/"},{"@type":"ListItem","position":4,"name":"Libestid","item":"https:\/\/lustandlove.eu\/et\/pood\/apteek\/libestid\/"},{"@type":"ListItem","position":5,"name":"Vee baasil","item":"https:\/\/lustandlove.eu\/et\/pood\/apteek\/libestid\/vee-baasil\/"},{"@type":"ListItem","position":6,"name":"Sutil Rich Naturaalne Libesti"}]},{"@type":"WebSite","@id":"https:\/\/lustandlove.eu\/et\/#website","url":"https:\/\/lustandlove.eu\/et\/","name":"Lust &amp; Love","description":"Online erootikapood tervise, ilu ja armastuse jaoks","publisher":{"@id":"https:\/\/lustandlove.eu\/et\/#organization"},"potentialAction":[{"@type":"SearchAction","target":{"@type":"EntryPoint","urlTemplate":"https:\/\/lustandlove.eu\/et\/?s={search_term_string}"},"query-input":"required name=search_term_string"}],"inLanguage":"et"},{"@type":"Organization","@id":"https:\/\/lustandlove.eu\/et\/#organization","name":"Bioconcept Baltics O\u00dc","url":"https:\/\/lustandlove.eu\/et\/","logo":{"@type":"ImageObject","inLanguage":"et","@id":"https:\/\/lustandlove.eu\/et\/#\/schema\/logo\/image\/","url":"","contentUrl":"","caption":"Bioconcept Baltics O\u00dc"},"image":{"@id":"https:\/\/lustandlove.eu\/et\/#\/schema\/logo\/image\/"},"sameAs":["https:\/\/www.facebook.com\/LustandLoveEU\/","https:\/\/www.instagram.com\/lustandloveeu\/"]}]}},"_links":{"self":[{"href":"https:\/\/lustandlove.eu\/et\/wp-json\/wp\/v2\/product\/49582"}],"collection":[{"href":"https:\/\/lustandlove.eu\/et\/wp-json\/wp\/v2\/product"}],"about":[{"href":"https:\/\/lustandlove.eu\/et\/wp-json\/wp\/v2\/types\/product"}],"wp:featuredmedia":[{"embeddable":true,"href":"https:\/\/lustandlove.eu\/et\/wp-json\/wp\/v2\/media\/95591"}],"wp:attachment":[{"href":"https:\/\/lustandlove.eu\/et\/wp-json\/wp\/v2\/media?parent=49582"}],"wp:term":[{"taxonomy":"product_cat","embeddable":true,"href":"https:\/\/lustandlove.eu\/et\/wp-json\/wp\/v2\/product_cat?post=49582"},{"taxonomy":"product_tag","embeddable":true,"href":"https:\/\/lustandlove.eu\/et\/wp-json\/wp\/v2\/product_tag?post=49582"}],"curies":[{"name":"wp","href":"https:\/\/api.w.org\/{rel}","templated":true}]}}