{"id":49586,"date":"2021-05-28T07:06:38","date_gmt":"2021-05-28T04:06:38","guid":{"rendered":"https:\/\/www.lustandlove.eu\/product\/egg-lotion-tenga-65-ml\/"},"modified":"2026-04-13T10:45:36","modified_gmt":"2026-04-13T07:45:36","slug":"egg-lotion-tenga-65-ml","status":"publish","type":"product","link":"https:\/\/lustandlove.eu\/et\/toode\/egg-lotion-tenga-65-ml\/","title":{"rendered":"Egg Libesti"},"content":{"rendered":"<div class=\"wpb-content-wrapper\"><p>[vc_row][vc_column][vc_column_text woodmart_inline=&#8221;no&#8221; text_larger=&#8221;no&#8221;]Tenga EGG libesti on vee baasil libestusaine, mis on m\u00f5eldud erinevateks kasutusv\u00f5imalusteks. See sobib ideaalselt kasutamiseks Tenga EGGidega, kuid seda v\u00f5ib kasutada igas olukorras, kus libestist oleks kasu. Tenga libesti on sobilik kasutamiseks lateksist ja silikoonist leludega ning kondoomidega. Tenga EGG on mugavas pakendis, mida on lihtne endaga igale poole kaasa v\u00f5tta.<\/p>\n<p>See sile, pihu suurune ja munakujuline libesti tagab lisalibisemise k\u00f5ikidele Tenga toodetele. Selle tipus asub lahtik\u00e4iv klapp, mida on \u00fche k\u00e4ega lihtne avada. Egg libesti sobib kasutamiseks \u00fcksi kui ka paarilisega. Sellesse pole lisatud v\u00e4rvaineid ega l\u00f5hnaineid. Libesti ei j\u00e4ta kleepuvaks.<\/p>\n<p><b>Soovitus!\u00a0<\/b>Pane Tenga libesti k\u00fclmkappi, et oma j\u00e4rgmisele sessioonile v\u00e4rskust lisada!<\/p>\n<p>Egg libesti on tehtud kehas\u00f5bralikest ning v\u00e4ga turvalistest koostisosadest aga see pole m\u00f5eldud kasutamiseks seksi ajal.[\/vc_column_text][\/vc_column][\/vc_row]<\/p>\n<\/div>","protected":false},"excerpt":{"rendered":"<p>Tenga EGG libesti on vee baasil libestusaine, mis on m\u00f5eldud erinevateks kasutusv\u00f5imalusteks. See sobib ideaalselt kasutamiseks Tenga EGGidega, kuid seda v\u00f5ib kasutada igas olukorras, kus libestist oleks kasu.<\/p>\n","protected":false},"featured_media":47585,"template":"","meta":[],"product_brand":[4244],"product_cat":[1467,1460,3976],"product_tag":[],"class_list":{"0":"post-49586","1":"product","2":"type-product","3":"status-publish","4":"has-post-thumbnail","6":"product_brand-tenga-et","7":"product_cat-libestid","8":"product_cat-apteek","9":"product_cat-vee-baasil","10":"pa_brand-tenga-et","12":"first","13":"instock","14":"taxable","15":"shipping-taxable","16":"purchasable","17":"product-type-simple"},"yoast_head":"<!-- This site is optimized with the Yoast SEO plugin v27.4 - https:\/\/yoast.com\/product\/yoast-seo-wordpress\/ -->\n<title>Egg Libesti Lubricant | Lust and Love<\/title>\n<meta name=\"description\" content=\"Tenga EGG libesti on vee baasil libestusaine, mis on m\u00f5eldud erinevateks kasutusv\u00f5imalusteks. See sobib ideaalselt kasutamiseks Tenga EGGidega, kuid seda v\u00f5ib kasutada igas olukorras, kus libestist oleks kasu.\" \/>\n<meta name=\"robots\" content=\"index,follow,max-snippet:-1,max-image-preview:large,max-video-preview:-1\" \/>\n<link rel=\"canonical\" href=\"https:\/\/lustandlove.eu\/et\/toode\/egg-lotion-tenga-65-ml\/\" \/>\n<script type=\"application\/ld+json\" class=\"yoast-schema-graph\">{\"@context\":\"https:\\\/\\\/schema.org\",\"@graph\":[{\"@type\":[\"WebPage\",\"ItemPage\"],\"@id\":\"https:\\\/\\\/lustandlove.eu\\\/et\\\/toode\\\/egg-lotion-tenga-65-ml\\\/\",\"url\":\"https:\\\/\\\/lustandlove.eu\\\/et\\\/toode\\\/egg-lotion-tenga-65-ml\\\/\",\"name\":\"Egg Libesti Lubricant | Lust and Love\",\"isPartOf\":{\"@id\":\"https:\\\/\\\/lustandlove.eu\\\/et\\\/#website\"},\"primaryImageOfPage\":{\"@id\":\"https:\\\/\\\/lustandlove.eu\\\/et\\\/toode\\\/egg-lotion-tenga-65-ml\\\/#primaryimage\"},\"image\":{\"@id\":\"https:\\\/\\\/lustandlove.eu\\\/et\\\/toode\\\/egg-lotion-tenga-65-ml\\\/#primaryimage\"},\"thumbnailUrl\":\"https:\\\/\\\/lustandlove.eu\\\/wp-content\\\/uploads\\\/egg-lotion-01.jpg\",\"datePublished\":\"2021-05-28T04:06:38+00:00\",\"dateModified\":\"2026-04-13T07:45:36+00:00\",\"description\":\"Tenga EGG libesti on vee baasil libestusaine, mis on m\u00f5eldud erinevateks kasutusv\u00f5imalusteks. See sobib ideaalselt kasutamiseks Tenga EGGidega, kuid seda v\u00f5ib kasutada igas olukorras, kus libestist oleks kasu.\",\"breadcrumb\":{\"@id\":\"https:\\\/\\\/lustandlove.eu\\\/et\\\/toode\\\/egg-lotion-tenga-65-ml\\\/#breadcrumb\"},\"inLanguage\":\"et\",\"potentialAction\":[{\"@type\":\"ReadAction\",\"target\":[\"https:\\\/\\\/lustandlove.eu\\\/et\\\/toode\\\/egg-lotion-tenga-65-ml\\\/\"]}]},{\"@type\":\"ImageObject\",\"inLanguage\":\"et\",\"@id\":\"https:\\\/\\\/lustandlove.eu\\\/et\\\/toode\\\/egg-lotion-tenga-65-ml\\\/#primaryimage\",\"url\":\"https:\\\/\\\/lustandlove.eu\\\/wp-content\\\/uploads\\\/egg-lotion-01.jpg\",\"contentUrl\":\"https:\\\/\\\/lustandlove.eu\\\/wp-content\\\/uploads\\\/egg-lotion-01.jpg\",\"width\":1000,\"height\":1000},{\"@type\":\"BreadcrumbList\",\"@id\":\"https:\\\/\\\/lustandlove.eu\\\/et\\\/toode\\\/egg-lotion-tenga-65-ml\\\/#breadcrumb\",\"itemListElement\":[{\"@type\":\"ListItem\",\"position\":1,\"name\":\"Lust and Love\",\"item\":\"https:\\\/\\\/lustandlove.eu\\\/et\\\/\"},{\"@type\":\"ListItem\",\"position\":2,\"name\":\"Pood\",\"item\":\"https:\\\/\\\/lustandlove.eu\\\/et\\\/pood\\\/\"},{\"@type\":\"ListItem\",\"position\":3,\"name\":\"Libestid ja kehahooldus\",\"item\":\"https:\\\/\\\/lustandlove.eu\\\/et\\\/pood\\\/apteek\\\/\"},{\"@type\":\"ListItem\",\"position\":4,\"name\":\"Libestid\",\"item\":\"https:\\\/\\\/lustandlove.eu\\\/et\\\/pood\\\/apteek\\\/libestid\\\/\"},{\"@type\":\"ListItem\",\"position\":5,\"name\":\"Vee baasil\",\"item\":\"https:\\\/\\\/lustandlove.eu\\\/et\\\/pood\\\/apteek\\\/libestid\\\/vee-baasil\\\/\"},{\"@type\":\"ListItem\",\"position\":6,\"name\":\"Egg Libesti\"}]},{\"@type\":\"WebSite\",\"@id\":\"https:\\\/\\\/lustandlove.eu\\\/et\\\/#website\",\"url\":\"https:\\\/\\\/lustandlove.eu\\\/et\\\/\",\"name\":\"Lust & Love\",\"description\":\"Online erootikapood tervise, ilu ja armastuse jaoks\",\"publisher\":{\"@id\":\"https:\\\/\\\/lustandlove.eu\\\/et\\\/#organization\"},\"potentialAction\":[{\"@type\":\"SearchAction\",\"target\":{\"@type\":\"EntryPoint\",\"urlTemplate\":\"https:\\\/\\\/lustandlove.eu\\\/et\\\/?s={search_term_string}\"},\"query-input\":{\"@type\":\"PropertyValueSpecification\",\"valueRequired\":true,\"valueName\":\"search_term_string\"}}],\"inLanguage\":\"et\"},{\"@type\":\"Organization\",\"@id\":\"https:\\\/\\\/lustandlove.eu\\\/et\\\/#organization\",\"name\":\"Bioconcept Baltics O\u00dc\",\"url\":\"https:\\\/\\\/lustandlove.eu\\\/et\\\/\",\"logo\":{\"@type\":\"ImageObject\",\"inLanguage\":\"et\",\"@id\":\"https:\\\/\\\/lustandlove.eu\\\/et\\\/#\\\/schema\\\/logo\\\/image\\\/\",\"url\":\"https:\\\/\\\/lustandlove.eu\\\/wp-content\\\/uploads\\\/logo-full-2.png\",\"contentUrl\":\"https:\\\/\\\/lustandlove.eu\\\/wp-content\\\/uploads\\\/logo-full-2.png\",\"width\":837,\"height\":200,\"caption\":\"Bioconcept Baltics O\u00dc\"},\"image\":{\"@id\":\"https:\\\/\\\/lustandlove.eu\\\/et\\\/#\\\/schema\\\/logo\\\/image\\\/\"},\"sameAs\":[\"https:\\\/\\\/www.facebook.com\\\/LustandLoveEU\\\/\",\"https:\\\/\\\/www.instagram.com\\\/lustandloveeu\\\/\"]}]}<\/script>\n<!-- \/ Yoast SEO plugin. -->","yoast_head_json":{"title":"Egg Libesti Lubricant | Lust and Love","description":"Tenga EGG libesti on vee baasil libestusaine, mis on m\u00f5eldud erinevateks kasutusv\u00f5imalusteks. See sobib ideaalselt kasutamiseks Tenga EGGidega, kuid seda v\u00f5ib kasutada igas olukorras, kus libestist oleks kasu.","robots":{"index,follow,max-snippet":"index,follow,max-snippet:-1,max-image-preview:large,max-video-preview:-1"},"canonical":"https:\/\/lustandlove.eu\/et\/toode\/egg-lotion-tenga-65-ml\/","schema":{"@context":"https:\/\/schema.org","@graph":[{"@type":["WebPage","ItemPage"],"@id":"https:\/\/lustandlove.eu\/et\/toode\/egg-lotion-tenga-65-ml\/","url":"https:\/\/lustandlove.eu\/et\/toode\/egg-lotion-tenga-65-ml\/","name":"Egg Libesti Lubricant | Lust and Love","isPartOf":{"@id":"https:\/\/lustandlove.eu\/et\/#website"},"primaryImageOfPage":{"@id":"https:\/\/lustandlove.eu\/et\/toode\/egg-lotion-tenga-65-ml\/#primaryimage"},"image":{"@id":"https:\/\/lustandlove.eu\/et\/toode\/egg-lotion-tenga-65-ml\/#primaryimage"},"thumbnailUrl":"https:\/\/lustandlove.eu\/wp-content\/uploads\/egg-lotion-01.jpg","datePublished":"2021-05-28T04:06:38+00:00","dateModified":"2026-04-13T07:45:36+00:00","description":"Tenga EGG libesti on vee baasil libestusaine, mis on m\u00f5eldud erinevateks kasutusv\u00f5imalusteks. See sobib ideaalselt kasutamiseks Tenga EGGidega, kuid seda v\u00f5ib kasutada igas olukorras, kus libestist oleks kasu.","breadcrumb":{"@id":"https:\/\/lustandlove.eu\/et\/toode\/egg-lotion-tenga-65-ml\/#breadcrumb"},"inLanguage":"et","potentialAction":[{"@type":"ReadAction","target":["https:\/\/lustandlove.eu\/et\/toode\/egg-lotion-tenga-65-ml\/"]}]},{"@type":"ImageObject","inLanguage":"et","@id":"https:\/\/lustandlove.eu\/et\/toode\/egg-lotion-tenga-65-ml\/#primaryimage","url":"https:\/\/lustandlove.eu\/wp-content\/uploads\/egg-lotion-01.jpg","contentUrl":"https:\/\/lustandlove.eu\/wp-content\/uploads\/egg-lotion-01.jpg","width":1000,"height":1000},{"@type":"BreadcrumbList","@id":"https:\/\/lustandlove.eu\/et\/toode\/egg-lotion-tenga-65-ml\/#breadcrumb","itemListElement":[{"@type":"ListItem","position":1,"name":"Lust and Love","item":"https:\/\/lustandlove.eu\/et\/"},{"@type":"ListItem","position":2,"name":"Pood","item":"https:\/\/lustandlove.eu\/et\/pood\/"},{"@type":"ListItem","position":3,"name":"Libestid ja kehahooldus","item":"https:\/\/lustandlove.eu\/et\/pood\/apteek\/"},{"@type":"ListItem","position":4,"name":"Libestid","item":"https:\/\/lustandlove.eu\/et\/pood\/apteek\/libestid\/"},{"@type":"ListItem","position":5,"name":"Vee baasil","item":"https:\/\/lustandlove.eu\/et\/pood\/apteek\/libestid\/vee-baasil\/"},{"@type":"ListItem","position":6,"name":"Egg Libesti"}]},{"@type":"WebSite","@id":"https:\/\/lustandlove.eu\/et\/#website","url":"https:\/\/lustandlove.eu\/et\/","name":"Lust & Love","description":"Online erootikapood tervise, ilu ja armastuse jaoks","publisher":{"@id":"https:\/\/lustandlove.eu\/et\/#organization"},"potentialAction":[{"@type":"SearchAction","target":{"@type":"EntryPoint","urlTemplate":"https:\/\/lustandlove.eu\/et\/?s={search_term_string}"},"query-input":{"@type":"PropertyValueSpecification","valueRequired":true,"valueName":"search_term_string"}}],"inLanguage":"et"},{"@type":"Organization","@id":"https:\/\/lustandlove.eu\/et\/#organization","name":"Bioconcept Baltics O\u00dc","url":"https:\/\/lustandlove.eu\/et\/","logo":{"@type":"ImageObject","inLanguage":"et","@id":"https:\/\/lustandlove.eu\/et\/#\/schema\/logo\/image\/","url":"https:\/\/lustandlove.eu\/wp-content\/uploads\/logo-full-2.png","contentUrl":"https:\/\/lustandlove.eu\/wp-content\/uploads\/logo-full-2.png","width":837,"height":200,"caption":"Bioconcept Baltics O\u00dc"},"image":{"@id":"https:\/\/lustandlove.eu\/et\/#\/schema\/logo\/image\/"},"sameAs":["https:\/\/www.facebook.com\/LustandLoveEU\/","https:\/\/www.instagram.com\/lustandloveeu\/"]}]}},"_links":{"self":[{"href":"https:\/\/lustandlove.eu\/et\/wp-json\/wp\/v2\/product\/49586","targetHints":{"allow":["GET"]}}],"collection":[{"href":"https:\/\/lustandlove.eu\/et\/wp-json\/wp\/v2\/product"}],"about":[{"href":"https:\/\/lustandlove.eu\/et\/wp-json\/wp\/v2\/types\/product"}],"wp:featuredmedia":[{"embeddable":true,"href":"https:\/\/lustandlove.eu\/et\/wp-json\/wp\/v2\/media\/47585"}],"wp:attachment":[{"href":"https:\/\/lustandlove.eu\/et\/wp-json\/wp\/v2\/media?parent=49586"}],"wp:term":[{"taxonomy":"product_brand","embeddable":true,"href":"https:\/\/lustandlove.eu\/et\/wp-json\/wp\/v2\/product_brand?post=49586"},{"taxonomy":"product_cat","embeddable":true,"href":"https:\/\/lustandlove.eu\/et\/wp-json\/wp\/v2\/product_cat?post=49586"},{"taxonomy":"product_tag","embeddable":true,"href":"https:\/\/lustandlove.eu\/et\/wp-json\/wp\/v2\/product_tag?post=49586"}],"curies":[{"name":"wp","href":"https:\/\/api.w.org\/{rel}","templated":true}]}}