{"id":49605,"date":"2021-05-28T07:06:11","date_gmt":"2021-05-28T04:06:11","guid":{"rendered":"https:\/\/www.lustandlove.eu\/product\/je-joue-fifi\/"},"modified":"2026-04-13T10:45:38","modified_gmt":"2026-04-13T07:45:38","slug":"je-joue-fifi","status":"publish","type":"product","link":"https:\/\/lustandlove.eu\/et\/toode\/je-joue-fifi\/","title":{"rendered":"FiFi"},"content":{"rendered":"<p>Je Joue FiFi on disainitud erilise mootoriga, mis annab Je Joue toodetele neile omap\u00e4rase madala sagedusega v\u00f5imsa m\u00fcrina. 5 erineva kiirusega ning 7 vibreerimismustriga lelu pakub laia vibratsioonide valikut \u2013 vaiksest nurrumisest v\u00f5imsa m\u00fcrinani.<\/p>\n<h3>\u00dchendusjoonteta, lihtne kasutada ning taaslaetav<\/h3>\n<p>Lelu on \u00fchendusjoonteta, kerge kasutada ja taaslaetav. Seda on kerge sisse-v\u00e4lja l\u00fclitada: hoia \u201c+\u201d nuppu 2 sekundit all, et sisse lilitada ning hoia 2 sekundit \u201c-\u201d nuppu all, et see v\u00e4lja l\u00fclitada.<\/p>\n<h3>Laadimine magnet\u00fchendusega<\/h3>\n<p>Laadija t\u00f5mbab ennast magnetiga ise k\u00fclge, t\u00e4nu millele on laadimine lihtsaim, kui eales. Seni, kuni FiFil olev tuluke vilgub, laadib toode veel akut. Kui tuluke p\u00f5leb vilkumata, on aku t\u00e4is laetud.<\/p>\n<p>FiFi on veekindel ja nahas\u00f5bralik.<\/p>\n<h3>Naudingud mitmel tasandil<\/h3>\n<p>Ideaalne samaaegselt penetreerivaks ja klitoriaalseks naudinguks, mis tagab v\u00f5imendatud orgasmi. Proovi \u00f5rnalt oma kliitorit h\u00f5\u00f5ruda FiFi k\u00f5rvakestega v\u00f5i avasta s\u00fcgavamaid punkte. Sobib ka G-punkti masseerimiseks.<\/p>\n<p>Proovi FiFi k\u00f5rvakesi \u00f5rnalt oma kliitori peal enne, kui edasi avastad. Fifi topelt mootoritega k\u00f5rvakesed \u00fcmbritsevad su kliitori ja stimuleerivad k\u00f5iki 8000 n\u00e4rvikest<\/p>\n<p>Liiguta k\u00f5rvakesi edasi tagasi v\u00f5i k\u00fcljepeale, et nautida vibratsioone kogu intiimpiirkonna piirkonnas.<\/p>\n<p>Kasuta lelu tippu, et stimuleerida oma G-punkti ja j\u00f5uda s\u00fcgavamate vaginaalsete naudingupunktideni.<\/p>\n<p><strong>Ostes Je Joue FiFi, saate tasuta kingituseks aromaatse massaa\u0161ik\u00fc\u00fcnla!<\/strong><\/p>\n","protected":false},"excerpt":{"rendered":"<p>5 vibreerimiskiirusega ja 7 vibratsioonimustriga k\u00f5rvades ja dildos leiad mitmeid viise, kuidas enda kliitorit ja sisemisi piirkondi k\u00f5ditada.<\/p>\n","protected":false},"featured_media":46402,"template":"","meta":[],"product_brand":[4211],"product_cat":[3977,1484,1488],"product_tag":[3754,1517,1527,3883,4104],"class_list":{"0":"post-49605","1":"product","2":"type-product","3":"status-publish","4":"has-post-thumbnail","6":"product_brand-je-joue-et","7":"product_cat-janese","8":"product_cat-sekslelud","9":"product_cat-vibraatorid","10":"product_tag-menopaus","11":"product_tag-orn-nahale","12":"product_tag-pakkumine","13":"product_tag-rabbit-et","14":"product_tag-waterproof-et","15":"pa_brand-je-joue-et","17":"first","18":"outofstock","19":"taxable","20":"shipping-taxable","21":"purchasable","22":"product-type-simple"},"yoast_head":"<!-- This site is optimized with the Yoast SEO plugin v27.3 - https:\/\/yoast.com\/product\/yoast-seo-wordpress\/ -->\n<title>FiFi Rabbit Vibrator from Je Joue gives you oh-so-low rumbling vibrations.<\/title>\n<meta name=\"description\" content=\"5 vibreerimiskiirusega ja 7 vibratsioonimustriga k\u00f5rvades ja dildos leiad mitmeid viise, kuidas enda kliitorit ja sisemisi piirkondi k\u00f5ditada.\" \/>\n<meta name=\"robots\" content=\"index,follow,max-snippet:-1,max-image-preview:large,max-video-preview:-1\" \/>\n<link rel=\"canonical\" href=\"https:\/\/lustandlove.eu\/et\/toode\/je-joue-fifi\/\" \/>\n<meta name=\"twitter:card\" content=\"summary_large_image\" \/>\n<meta name=\"twitter:title\" content=\"FiFi Rabbit Vibrator from Je Joue gives you oh-so-low rumbling vibrations.\" \/>\n<meta name=\"twitter:description\" content=\"5 vibreerimiskiirusega ja 7 vibratsioonimustriga k\u00f5rvades ja dildos leiad mitmeid viise, kuidas enda kliitorit ja sisemisi piirkondi k\u00f5ditada.\" \/>\n<meta name=\"twitter:image\" content=\"https:\/\/lustandlove.eu\/wp-content\/uploads\/JEFIFIPU_01.jpg\" \/>\n<meta name=\"twitter:label1\" content=\"Est. reading time\" \/>\n\t<meta name=\"twitter:data1\" content=\"2 minutit\" \/>\n<script type=\"application\/ld+json\" class=\"yoast-schema-graph\">{\"@context\":\"https:\\\/\\\/schema.org\",\"@graph\":[{\"@type\":[\"WebPage\",\"ItemPage\"],\"@id\":\"https:\\\/\\\/lustandlove.eu\\\/et\\\/toode\\\/je-joue-fifi\\\/\",\"url\":\"https:\\\/\\\/lustandlove.eu\\\/et\\\/toode\\\/je-joue-fifi\\\/\",\"name\":\"FiFi Rabbit Vibrator from Je Joue gives you oh-so-low rumbling vibrations.\",\"isPartOf\":{\"@id\":\"https:\\\/\\\/lustandlove.eu\\\/et\\\/#website\"},\"primaryImageOfPage\":{\"@id\":\"https:\\\/\\\/lustandlove.eu\\\/et\\\/toode\\\/je-joue-fifi\\\/#primaryimage\"},\"image\":{\"@id\":\"https:\\\/\\\/lustandlove.eu\\\/et\\\/toode\\\/je-joue-fifi\\\/#primaryimage\"},\"thumbnailUrl\":\"https:\\\/\\\/lustandlove.eu\\\/wp-content\\\/uploads\\\/JEFIFIPU_01.jpg\",\"datePublished\":\"2021-05-28T04:06:11+00:00\",\"dateModified\":\"2026-04-13T07:45:38+00:00\",\"description\":\"5 vibreerimiskiirusega ja 7 vibratsioonimustriga k\u00f5rvades ja dildos leiad mitmeid viise, kuidas enda kliitorit ja sisemisi piirkondi k\u00f5ditada.\",\"breadcrumb\":{\"@id\":\"https:\\\/\\\/lustandlove.eu\\\/et\\\/toode\\\/je-joue-fifi\\\/#breadcrumb\"},\"inLanguage\":\"et\",\"potentialAction\":[{\"@type\":\"ReadAction\",\"target\":[\"https:\\\/\\\/lustandlove.eu\\\/et\\\/toode\\\/je-joue-fifi\\\/\"]}]},{\"@type\":\"ImageObject\",\"inLanguage\":\"et\",\"@id\":\"https:\\\/\\\/lustandlove.eu\\\/et\\\/toode\\\/je-joue-fifi\\\/#primaryimage\",\"url\":\"https:\\\/\\\/lustandlove.eu\\\/wp-content\\\/uploads\\\/JEFIFIPU_01.jpg\",\"contentUrl\":\"https:\\\/\\\/lustandlove.eu\\\/wp-content\\\/uploads\\\/JEFIFIPU_01.jpg\",\"width\":660,\"height\":500},{\"@type\":\"BreadcrumbList\",\"@id\":\"https:\\\/\\\/lustandlove.eu\\\/et\\\/toode\\\/je-joue-fifi\\\/#breadcrumb\",\"itemListElement\":[{\"@type\":\"ListItem\",\"position\":1,\"name\":\"Lust and Love\",\"item\":\"https:\\\/\\\/lustandlove.eu\\\/et\\\/\"},{\"@type\":\"ListItem\",\"position\":2,\"name\":\"Pood\",\"item\":\"https:\\\/\\\/lustandlove.eu\\\/et\\\/pood\\\/\"},{\"@type\":\"ListItem\",\"position\":3,\"name\":\"Sekslelud\",\"item\":\"https:\\\/\\\/lustandlove.eu\\\/et\\\/pood\\\/sekslelud\\\/\"},{\"@type\":\"ListItem\",\"position\":4,\"name\":\"Vibraatorid\",\"item\":\"https:\\\/\\\/lustandlove.eu\\\/et\\\/pood\\\/sekslelud\\\/vibraatorid\\\/\"},{\"@type\":\"ListItem\",\"position\":5,\"name\":\"J\u00e4nese\",\"item\":\"https:\\\/\\\/lustandlove.eu\\\/et\\\/pood\\\/sekslelud\\\/vibraatorid\\\/janese\\\/\"},{\"@type\":\"ListItem\",\"position\":6,\"name\":\"FiFi\"}]},{\"@type\":\"WebSite\",\"@id\":\"https:\\\/\\\/lustandlove.eu\\\/et\\\/#website\",\"url\":\"https:\\\/\\\/lustandlove.eu\\\/et\\\/\",\"name\":\"Lust &amp; Love\",\"description\":\"Online erootikapood tervise, ilu ja armastuse jaoks\",\"publisher\":{\"@id\":\"https:\\\/\\\/lustandlove.eu\\\/et\\\/#organization\"},\"potentialAction\":[{\"@type\":\"SearchAction\",\"target\":{\"@type\":\"EntryPoint\",\"urlTemplate\":\"https:\\\/\\\/lustandlove.eu\\\/et\\\/?s={search_term_string}\"},\"query-input\":{\"@type\":\"PropertyValueSpecification\",\"valueRequired\":true,\"valueName\":\"search_term_string\"}}],\"inLanguage\":\"et\"},{\"@type\":\"Organization\",\"@id\":\"https:\\\/\\\/lustandlove.eu\\\/et\\\/#organization\",\"name\":\"Bioconcept Baltics O\u00dc\",\"url\":\"https:\\\/\\\/lustandlove.eu\\\/et\\\/\",\"logo\":{\"@type\":\"ImageObject\",\"inLanguage\":\"et\",\"@id\":\"https:\\\/\\\/lustandlove.eu\\\/et\\\/#\\\/schema\\\/logo\\\/image\\\/\",\"url\":\"\",\"contentUrl\":\"\",\"caption\":\"Bioconcept Baltics O\u00dc\"},\"image\":{\"@id\":\"https:\\\/\\\/lustandlove.eu\\\/et\\\/#\\\/schema\\\/logo\\\/image\\\/\"},\"sameAs\":[\"https:\\\/\\\/www.facebook.com\\\/LustandLoveEU\\\/\",\"https:\\\/\\\/www.instagram.com\\\/lustandloveeu\\\/\"]}]}<\/script>\n<!-- \/ Yoast SEO plugin. -->","yoast_head_json":{"title":"FiFi Rabbit Vibrator from Je Joue gives you oh-so-low rumbling vibrations.","description":"5 vibreerimiskiirusega ja 7 vibratsioonimustriga k\u00f5rvades ja dildos leiad mitmeid viise, kuidas enda kliitorit ja sisemisi piirkondi k\u00f5ditada.","robots":{"index,follow,max-snippet":"index,follow,max-snippet:-1,max-image-preview:large,max-video-preview:-1"},"canonical":"https:\/\/lustandlove.eu\/et\/toode\/je-joue-fifi\/","twitter_card":"summary_large_image","twitter_title":"FiFi Rabbit Vibrator from Je Joue gives you oh-so-low rumbling vibrations.","twitter_description":"5 vibreerimiskiirusega ja 7 vibratsioonimustriga k\u00f5rvades ja dildos leiad mitmeid viise, kuidas enda kliitorit ja sisemisi piirkondi k\u00f5ditada.","twitter_image":"https:\/\/lustandlove.eu\/wp-content\/uploads\/JEFIFIPU_01.jpg","twitter_misc":{"Est. reading time":"2 minutit"},"schema":{"@context":"https:\/\/schema.org","@graph":[{"@type":["WebPage","ItemPage"],"@id":"https:\/\/lustandlove.eu\/et\/toode\/je-joue-fifi\/","url":"https:\/\/lustandlove.eu\/et\/toode\/je-joue-fifi\/","name":"FiFi Rabbit Vibrator from Je Joue gives you oh-so-low rumbling vibrations.","isPartOf":{"@id":"https:\/\/lustandlove.eu\/et\/#website"},"primaryImageOfPage":{"@id":"https:\/\/lustandlove.eu\/et\/toode\/je-joue-fifi\/#primaryimage"},"image":{"@id":"https:\/\/lustandlove.eu\/et\/toode\/je-joue-fifi\/#primaryimage"},"thumbnailUrl":"https:\/\/lustandlove.eu\/wp-content\/uploads\/JEFIFIPU_01.jpg","datePublished":"2021-05-28T04:06:11+00:00","dateModified":"2026-04-13T07:45:38+00:00","description":"5 vibreerimiskiirusega ja 7 vibratsioonimustriga k\u00f5rvades ja dildos leiad mitmeid viise, kuidas enda kliitorit ja sisemisi piirkondi k\u00f5ditada.","breadcrumb":{"@id":"https:\/\/lustandlove.eu\/et\/toode\/je-joue-fifi\/#breadcrumb"},"inLanguage":"et","potentialAction":[{"@type":"ReadAction","target":["https:\/\/lustandlove.eu\/et\/toode\/je-joue-fifi\/"]}]},{"@type":"ImageObject","inLanguage":"et","@id":"https:\/\/lustandlove.eu\/et\/toode\/je-joue-fifi\/#primaryimage","url":"https:\/\/lustandlove.eu\/wp-content\/uploads\/JEFIFIPU_01.jpg","contentUrl":"https:\/\/lustandlove.eu\/wp-content\/uploads\/JEFIFIPU_01.jpg","width":660,"height":500},{"@type":"BreadcrumbList","@id":"https:\/\/lustandlove.eu\/et\/toode\/je-joue-fifi\/#breadcrumb","itemListElement":[{"@type":"ListItem","position":1,"name":"Lust and Love","item":"https:\/\/lustandlove.eu\/et\/"},{"@type":"ListItem","position":2,"name":"Pood","item":"https:\/\/lustandlove.eu\/et\/pood\/"},{"@type":"ListItem","position":3,"name":"Sekslelud","item":"https:\/\/lustandlove.eu\/et\/pood\/sekslelud\/"},{"@type":"ListItem","position":4,"name":"Vibraatorid","item":"https:\/\/lustandlove.eu\/et\/pood\/sekslelud\/vibraatorid\/"},{"@type":"ListItem","position":5,"name":"J\u00e4nese","item":"https:\/\/lustandlove.eu\/et\/pood\/sekslelud\/vibraatorid\/janese\/"},{"@type":"ListItem","position":6,"name":"FiFi"}]},{"@type":"WebSite","@id":"https:\/\/lustandlove.eu\/et\/#website","url":"https:\/\/lustandlove.eu\/et\/","name":"Lust &amp; Love","description":"Online erootikapood tervise, ilu ja armastuse jaoks","publisher":{"@id":"https:\/\/lustandlove.eu\/et\/#organization"},"potentialAction":[{"@type":"SearchAction","target":{"@type":"EntryPoint","urlTemplate":"https:\/\/lustandlove.eu\/et\/?s={search_term_string}"},"query-input":{"@type":"PropertyValueSpecification","valueRequired":true,"valueName":"search_term_string"}}],"inLanguage":"et"},{"@type":"Organization","@id":"https:\/\/lustandlove.eu\/et\/#organization","name":"Bioconcept Baltics O\u00dc","url":"https:\/\/lustandlove.eu\/et\/","logo":{"@type":"ImageObject","inLanguage":"et","@id":"https:\/\/lustandlove.eu\/et\/#\/schema\/logo\/image\/","url":"","contentUrl":"","caption":"Bioconcept Baltics O\u00dc"},"image":{"@id":"https:\/\/lustandlove.eu\/et\/#\/schema\/logo\/image\/"},"sameAs":["https:\/\/www.facebook.com\/LustandLoveEU\/","https:\/\/www.instagram.com\/lustandloveeu\/"]}]}},"_links":{"self":[{"href":"https:\/\/lustandlove.eu\/et\/wp-json\/wp\/v2\/product\/49605","targetHints":{"allow":["GET"]}}],"collection":[{"href":"https:\/\/lustandlove.eu\/et\/wp-json\/wp\/v2\/product"}],"about":[{"href":"https:\/\/lustandlove.eu\/et\/wp-json\/wp\/v2\/types\/product"}],"wp:featuredmedia":[{"embeddable":true,"href":"https:\/\/lustandlove.eu\/et\/wp-json\/wp\/v2\/media\/46402"}],"wp:attachment":[{"href":"https:\/\/lustandlove.eu\/et\/wp-json\/wp\/v2\/media?parent=49605"}],"wp:term":[{"taxonomy":"product_brand","embeddable":true,"href":"https:\/\/lustandlove.eu\/et\/wp-json\/wp\/v2\/product_brand?post=49605"},{"taxonomy":"product_cat","embeddable":true,"href":"https:\/\/lustandlove.eu\/et\/wp-json\/wp\/v2\/product_cat?post=49605"},{"taxonomy":"product_tag","embeddable":true,"href":"https:\/\/lustandlove.eu\/et\/wp-json\/wp\/v2\/product_tag?post=49605"}],"curies":[{"name":"wp","href":"https:\/\/api.w.org\/{rel}","templated":true}]}}