{"id":49610,"date":"2021-05-28T07:06:11","date_gmt":"2021-05-28T04:06:11","guid":{"rendered":"https:\/\/www.lustandlove.eu\/product\/je-joue-mimi-soft-touch\/"},"modified":"2026-04-13T10:45:38","modified_gmt":"2026-04-13T07:45:38","slug":"je-joue-mimi-soft-touch","status":"publish","type":"product","link":"https:\/\/lustandlove.eu\/et\/toode\/je-joue-mimi-soft-touch\/","title":{"rendered":"MiMi Pehme Vibraator"},"content":{"rendered":"<p>MiMi Soft Touch on Je Joue kollektsiooni uus sileda viimistlusega vibraator. Ideaalne kliitoriga m\u00e4ngimiseks. Kompaktne pisike vibraator on viie erineva kiiruse ja seitsme vibreerimise mustriga. MiMi on mitmek\u00fclgne magamistoa aare, mida nautida koos partneriga v\u00f5i hoida omaette. 5 kiiruse ja 7 mustriga MiMi soft pakub laias valikus vibratsioone \u2013 \u00f5rnast nurrumisest kuni s\u00fcgava m\u00fcrinani.<\/p>\n<p>Sile ja pehme, libiseb MiMi \u00fcle naha, muutes selle ideaalseks kaaslaseks kehamassaa\u017eiks. Kergema puudutuse saamiseks v\u00f5ite proovida ka Mimi Softi vibratsiooni edastada l\u00e4bi s\u00f5rmeotste, hoides seda peos ja silitades nahka s\u00f5rmedega. Kasutage lamedat osa, et stimuleerida kogu suguelundite piirkonda laiemalt.<\/p>\n","protected":false},"excerpt":{"rendered":"<p>Velvetiselt pehme ja painduvast silikoonist Mimi pakub viite erinevat pulseerimismustrit<\/p>\n","protected":false},"featured_media":46420,"template":"","meta":[],"product_brand":[4211],"product_cat":[1484,3979,1488],"product_tag":[1527,1543],"class_list":{"0":"post-49610","1":"product","2":"type-product","3":"status-publish","4":"has-post-thumbnail","6":"product_brand-je-joue-et","7":"product_cat-sekslelud","8":"product_cat-valispidised","9":"product_cat-vibraatorid","10":"product_tag-pakkumine","11":"product_tag-vibraator","12":"pa_brand-je-joue-et","14":"first","15":"instock","16":"taxable","17":"shipping-taxable","18":"purchasable","19":"product-type-variable"},"yoast_head":"<!-- This site is optimized with the Yoast SEO plugin v27.4 - https:\/\/yoast.com\/product\/yoast-seo-wordpress\/ -->\n<title>MiMi Soft Touch Placement Vibrator from Je Joue | Lust&amp;Love<\/title>\n<meta name=\"description\" content=\"Velvetiselt pehme ja painduvast silikoonist Mimi pakub viite erinevat pulseerimismustrit\" \/>\n<meta name=\"robots\" content=\"index,follow,max-snippet:-1,max-image-preview:large,max-video-preview:-1\" \/>\n<link rel=\"canonical\" href=\"https:\/\/lustandlove.eu\/et\/toode\/je-joue-mimi-soft-touch\/\" \/>\n<script type=\"application\/ld+json\" class=\"yoast-schema-graph\">{\"@context\":\"https:\\\/\\\/schema.org\",\"@graph\":[{\"@type\":[\"WebPage\",\"ItemPage\"],\"@id\":\"https:\\\/\\\/lustandlove.eu\\\/et\\\/toode\\\/je-joue-mimi-soft-touch\\\/\",\"url\":\"https:\\\/\\\/lustandlove.eu\\\/et\\\/toode\\\/je-joue-mimi-soft-touch\\\/\",\"name\":\"MiMi Soft Touch Placement Vibrator from Je Joue | Lust&Love\",\"isPartOf\":{\"@id\":\"https:\\\/\\\/lustandlove.eu\\\/et\\\/#website\"},\"primaryImageOfPage\":{\"@id\":\"https:\\\/\\\/lustandlove.eu\\\/et\\\/toode\\\/je-joue-mimi-soft-touch\\\/#primaryimage\"},\"image\":{\"@id\":\"https:\\\/\\\/lustandlove.eu\\\/et\\\/toode\\\/je-joue-mimi-soft-touch\\\/#primaryimage\"},\"thumbnailUrl\":\"https:\\\/\\\/lustandlove.eu\\\/wp-content\\\/uploads\\\/JEMIMIS_02.jpg\",\"datePublished\":\"2021-05-28T04:06:11+00:00\",\"dateModified\":\"2026-04-13T07:45:38+00:00\",\"description\":\"Velvetiselt pehme ja painduvast silikoonist Mimi pakub viite erinevat pulseerimismustrit\",\"breadcrumb\":{\"@id\":\"https:\\\/\\\/lustandlove.eu\\\/et\\\/toode\\\/je-joue-mimi-soft-touch\\\/#breadcrumb\"},\"inLanguage\":\"et\",\"potentialAction\":[{\"@type\":\"ReadAction\",\"target\":[\"https:\\\/\\\/lustandlove.eu\\\/et\\\/toode\\\/je-joue-mimi-soft-touch\\\/\"]}]},{\"@type\":\"ImageObject\",\"inLanguage\":\"et\",\"@id\":\"https:\\\/\\\/lustandlove.eu\\\/et\\\/toode\\\/je-joue-mimi-soft-touch\\\/#primaryimage\",\"url\":\"https:\\\/\\\/lustandlove.eu\\\/wp-content\\\/uploads\\\/JEMIMIS_02.jpg\",\"contentUrl\":\"https:\\\/\\\/lustandlove.eu\\\/wp-content\\\/uploads\\\/JEMIMIS_02.jpg\",\"width\":849,\"height\":1200},{\"@type\":\"BreadcrumbList\",\"@id\":\"https:\\\/\\\/lustandlove.eu\\\/et\\\/toode\\\/je-joue-mimi-soft-touch\\\/#breadcrumb\",\"itemListElement\":[{\"@type\":\"ListItem\",\"position\":1,\"name\":\"Lust and Love\",\"item\":\"https:\\\/\\\/lustandlove.eu\\\/et\\\/\"},{\"@type\":\"ListItem\",\"position\":2,\"name\":\"Pood\",\"item\":\"https:\\\/\\\/lustandlove.eu\\\/et\\\/pood\\\/\"},{\"@type\":\"ListItem\",\"position\":3,\"name\":\"Sekslelud\",\"item\":\"https:\\\/\\\/lustandlove.eu\\\/et\\\/pood\\\/sekslelud\\\/\"},{\"@type\":\"ListItem\",\"position\":4,\"name\":\"Vibraatorid\",\"item\":\"https:\\\/\\\/lustandlove.eu\\\/et\\\/pood\\\/sekslelud\\\/vibraatorid\\\/\"},{\"@type\":\"ListItem\",\"position\":5,\"name\":\"V\u00e4lispidised\",\"item\":\"https:\\\/\\\/lustandlove.eu\\\/et\\\/pood\\\/sekslelud\\\/vibraatorid\\\/valispidised\\\/\"},{\"@type\":\"ListItem\",\"position\":6,\"name\":\"MiMi Pehme Vibraator\"}]},{\"@type\":\"WebSite\",\"@id\":\"https:\\\/\\\/lustandlove.eu\\\/et\\\/#website\",\"url\":\"https:\\\/\\\/lustandlove.eu\\\/et\\\/\",\"name\":\"Lust & Love\",\"description\":\"Online erootikapood tervise, ilu ja armastuse jaoks\",\"publisher\":{\"@id\":\"https:\\\/\\\/lustandlove.eu\\\/et\\\/#organization\"},\"potentialAction\":[{\"@type\":\"SearchAction\",\"target\":{\"@type\":\"EntryPoint\",\"urlTemplate\":\"https:\\\/\\\/lustandlove.eu\\\/et\\\/?s={search_term_string}\"},\"query-input\":{\"@type\":\"PropertyValueSpecification\",\"valueRequired\":true,\"valueName\":\"search_term_string\"}}],\"inLanguage\":\"et\"},{\"@type\":\"Organization\",\"@id\":\"https:\\\/\\\/lustandlove.eu\\\/et\\\/#organization\",\"name\":\"Bioconcept Baltics O\u00dc\",\"url\":\"https:\\\/\\\/lustandlove.eu\\\/et\\\/\",\"logo\":{\"@type\":\"ImageObject\",\"inLanguage\":\"et\",\"@id\":\"https:\\\/\\\/lustandlove.eu\\\/et\\\/#\\\/schema\\\/logo\\\/image\\\/\",\"url\":\"https:\\\/\\\/lustandlove.eu\\\/wp-content\\\/uploads\\\/logo-full-2.png\",\"contentUrl\":\"https:\\\/\\\/lustandlove.eu\\\/wp-content\\\/uploads\\\/logo-full-2.png\",\"width\":837,\"height\":200,\"caption\":\"Bioconcept Baltics O\u00dc\"},\"image\":{\"@id\":\"https:\\\/\\\/lustandlove.eu\\\/et\\\/#\\\/schema\\\/logo\\\/image\\\/\"},\"sameAs\":[\"https:\\\/\\\/www.facebook.com\\\/LustandLoveEU\\\/\",\"https:\\\/\\\/www.instagram.com\\\/lustandloveeu\\\/\"]}]}<\/script>\n<!-- \/ Yoast SEO plugin. -->","yoast_head_json":{"title":"MiMi Soft Touch Placement Vibrator from Je Joue | Lust&Love","description":"Velvetiselt pehme ja painduvast silikoonist Mimi pakub viite erinevat pulseerimismustrit","robots":{"index,follow,max-snippet":"index,follow,max-snippet:-1,max-image-preview:large,max-video-preview:-1"},"canonical":"https:\/\/lustandlove.eu\/et\/toode\/je-joue-mimi-soft-touch\/","schema":{"@context":"https:\/\/schema.org","@graph":[{"@type":["WebPage","ItemPage"],"@id":"https:\/\/lustandlove.eu\/et\/toode\/je-joue-mimi-soft-touch\/","url":"https:\/\/lustandlove.eu\/et\/toode\/je-joue-mimi-soft-touch\/","name":"MiMi Soft Touch Placement Vibrator from Je Joue | Lust&Love","isPartOf":{"@id":"https:\/\/lustandlove.eu\/et\/#website"},"primaryImageOfPage":{"@id":"https:\/\/lustandlove.eu\/et\/toode\/je-joue-mimi-soft-touch\/#primaryimage"},"image":{"@id":"https:\/\/lustandlove.eu\/et\/toode\/je-joue-mimi-soft-touch\/#primaryimage"},"thumbnailUrl":"https:\/\/lustandlove.eu\/wp-content\/uploads\/JEMIMIS_02.jpg","datePublished":"2021-05-28T04:06:11+00:00","dateModified":"2026-04-13T07:45:38+00:00","description":"Velvetiselt pehme ja painduvast silikoonist Mimi pakub viite erinevat pulseerimismustrit","breadcrumb":{"@id":"https:\/\/lustandlove.eu\/et\/toode\/je-joue-mimi-soft-touch\/#breadcrumb"},"inLanguage":"et","potentialAction":[{"@type":"ReadAction","target":["https:\/\/lustandlove.eu\/et\/toode\/je-joue-mimi-soft-touch\/"]}]},{"@type":"ImageObject","inLanguage":"et","@id":"https:\/\/lustandlove.eu\/et\/toode\/je-joue-mimi-soft-touch\/#primaryimage","url":"https:\/\/lustandlove.eu\/wp-content\/uploads\/JEMIMIS_02.jpg","contentUrl":"https:\/\/lustandlove.eu\/wp-content\/uploads\/JEMIMIS_02.jpg","width":849,"height":1200},{"@type":"BreadcrumbList","@id":"https:\/\/lustandlove.eu\/et\/toode\/je-joue-mimi-soft-touch\/#breadcrumb","itemListElement":[{"@type":"ListItem","position":1,"name":"Lust and Love","item":"https:\/\/lustandlove.eu\/et\/"},{"@type":"ListItem","position":2,"name":"Pood","item":"https:\/\/lustandlove.eu\/et\/pood\/"},{"@type":"ListItem","position":3,"name":"Sekslelud","item":"https:\/\/lustandlove.eu\/et\/pood\/sekslelud\/"},{"@type":"ListItem","position":4,"name":"Vibraatorid","item":"https:\/\/lustandlove.eu\/et\/pood\/sekslelud\/vibraatorid\/"},{"@type":"ListItem","position":5,"name":"V\u00e4lispidised","item":"https:\/\/lustandlove.eu\/et\/pood\/sekslelud\/vibraatorid\/valispidised\/"},{"@type":"ListItem","position":6,"name":"MiMi Pehme Vibraator"}]},{"@type":"WebSite","@id":"https:\/\/lustandlove.eu\/et\/#website","url":"https:\/\/lustandlove.eu\/et\/","name":"Lust & Love","description":"Online erootikapood tervise, ilu ja armastuse jaoks","publisher":{"@id":"https:\/\/lustandlove.eu\/et\/#organization"},"potentialAction":[{"@type":"SearchAction","target":{"@type":"EntryPoint","urlTemplate":"https:\/\/lustandlove.eu\/et\/?s={search_term_string}"},"query-input":{"@type":"PropertyValueSpecification","valueRequired":true,"valueName":"search_term_string"}}],"inLanguage":"et"},{"@type":"Organization","@id":"https:\/\/lustandlove.eu\/et\/#organization","name":"Bioconcept Baltics O\u00dc","url":"https:\/\/lustandlove.eu\/et\/","logo":{"@type":"ImageObject","inLanguage":"et","@id":"https:\/\/lustandlove.eu\/et\/#\/schema\/logo\/image\/","url":"https:\/\/lustandlove.eu\/wp-content\/uploads\/logo-full-2.png","contentUrl":"https:\/\/lustandlove.eu\/wp-content\/uploads\/logo-full-2.png","width":837,"height":200,"caption":"Bioconcept Baltics O\u00dc"},"image":{"@id":"https:\/\/lustandlove.eu\/et\/#\/schema\/logo\/image\/"},"sameAs":["https:\/\/www.facebook.com\/LustandLoveEU\/","https:\/\/www.instagram.com\/lustandloveeu\/"]}]}},"_links":{"self":[{"href":"https:\/\/lustandlove.eu\/et\/wp-json\/wp\/v2\/product\/49610","targetHints":{"allow":["GET"]}}],"collection":[{"href":"https:\/\/lustandlove.eu\/et\/wp-json\/wp\/v2\/product"}],"about":[{"href":"https:\/\/lustandlove.eu\/et\/wp-json\/wp\/v2\/types\/product"}],"wp:featuredmedia":[{"embeddable":true,"href":"https:\/\/lustandlove.eu\/et\/wp-json\/wp\/v2\/media\/46420"}],"wp:attachment":[{"href":"https:\/\/lustandlove.eu\/et\/wp-json\/wp\/v2\/media?parent=49610"}],"wp:term":[{"taxonomy":"product_brand","embeddable":true,"href":"https:\/\/lustandlove.eu\/et\/wp-json\/wp\/v2\/product_brand?post=49610"},{"taxonomy":"product_cat","embeddable":true,"href":"https:\/\/lustandlove.eu\/et\/wp-json\/wp\/v2\/product_cat?post=49610"},{"taxonomy":"product_tag","embeddable":true,"href":"https:\/\/lustandlove.eu\/et\/wp-json\/wp\/v2\/product_tag?post=49610"}],"curies":[{"name":"wp","href":"https:\/\/api.w.org\/{rel}","templated":true}]}}