{"id":49615,"date":"2021-05-28T07:06:10","date_gmt":"2021-05-28T04:06:10","guid":{"rendered":"https:\/\/www.lustandlove.eu\/product\/je-joue-mimi\/"},"modified":"2026-04-13T10:45:40","modified_gmt":"2026-04-13T07:45:40","slug":"je-joue-mimi","status":"publish","type":"product","link":"https:\/\/lustandlove.eu\/et\/toode\/je-joue-mimi\/","title":{"rendered":"MiMi"},"content":{"rendered":"<p>MiMi sobib h\u00e4sti nii kliitorile kui ka k\u00f5ikidele teistele piirkondadele, mida soovid masseerida ja k\u00f5ditada: sinu nibudele, tema lahklihale, ja k\u00f5igele, mis nende vahele j\u00e4\u00e4b.<br \/>\nSile ja pehme, MiMi libiseb nahal nagu \u00f5rn puudutus.<\/p>\n<p>V\u00e4ike, sensuaalne ja \u00fcllatavalt v\u00f5imas: MiMi on ideaalne lelu klitoriaalseks stimulatsiooniks nii esmakordsetele kasutajatele kui ka pikaajalisele kasutajale. Kompaktne lelu, mis suudab pakkuda vaiksest nurrumisest v\u00f5imsa m\u00fcrinani j\u00e4\u00e4des samal ajal ise imevaikseks.<\/p>\n<p>MiMi sisse ja v\u00e4lja l\u00fclitamine k\u00e4ib intuitiivselt: sisse l\u00fclitamiseks hoia all 2 sekundit \u201c+\u201d m\u00e4rki ja v\u00e4lja l\u00fclitamiseks \u201c-\u201d m\u00e4rki.<\/p>\n<p>MiMil on 5 vibratsioonitaset ja 7 vibreerimismustrit, mille vahel on kerge endale sobiv kooslus leida.<\/p>\n<p>MiMil puuduvad \u00fchendusjooned ning see on magneetiliselt laetav. Laadimisotsik t\u00f5mbab ennast ise magnetitega paika ning lelu peal olev tuluke annab m\u00e4rku, kui aku on t\u00e4is laetud: laadimise ajal vilgub LED-tuluke ning kui aku on t\u00e4is, j\u00e4\u00e4b see p\u00fcsivalt p\u00f5lema.<\/p>\n<p>MiMil puuduvad \u00fchendusjooned ning see on veekindel.<\/p>\n","protected":false},"excerpt":{"rendered":"<p>Sile ja pehme, MiMi libiseb nahal nagu \u00f5rn puudutus.<\/p>\n","protected":false},"featured_media":46377,"template":"","meta":[],"product_brand":[4211],"product_cat":[1484,3979,1488],"product_tag":[4095,3781,1517,1527,1543,4104],"class_list":{"0":"post-49615","1":"product","2":"type-product","3":"status-publish","4":"has-post-thumbnail","6":"product_brand-je-joue-et","7":"product_cat-sekslelud","8":"product_cat-valispidised","9":"product_cat-vibraatorid","10":"product_tag-bf50-et","11":"product_tag-must-reede","12":"product_tag-orn-nahale","13":"product_tag-pakkumine","14":"product_tag-vibraator","15":"product_tag-waterproof-et","16":"pa_brand-je-joue-et","18":"first","19":"instock","20":"sale","21":"taxable","22":"shipping-taxable","23":"purchasable","24":"product-type-variable"},"yoast_head":"<!-- This site is optimized with the Yoast SEO plugin v27.3 - https:\/\/yoast.com\/product\/yoast-seo-wordpress\/ -->\n<title>MiMi Discreet Vibrator from Je Joue | Lust &amp; Love Sexshop<\/title>\n<meta name=\"description\" content=\"Sile ja pehme, MiMi libiseb nahal nagu \u00f5rn puudutus.\" \/>\n<meta name=\"robots\" content=\"index,follow,max-snippet:-1,max-image-preview:large,max-video-preview:-1\" \/>\n<link rel=\"canonical\" href=\"https:\/\/lustandlove.eu\/et\/toode\/je-joue-mimi\/\" \/>\n<meta name=\"twitter:card\" content=\"summary_large_image\" \/>\n<meta name=\"twitter:title\" content=\"MiMi Discreet Vibrator from Je Joue | Lust &amp; Love Sexshop\" \/>\n<meta name=\"twitter:description\" content=\"Sile ja pehme, MiMi libiseb nahal nagu \u00f5rn puudutus.\" \/>\n<meta name=\"twitter:image\" content=\"https:\/\/lustandlove.eu\/wp-content\/uploads\/mimi-vibraator-je-joue-placement-vibrator.jpg\" \/>\n<meta name=\"twitter:label1\" content=\"Est. reading time\" \/>\n\t<meta name=\"twitter:data1\" content=\"2 minutit\" \/>\n<script type=\"application\/ld+json\" class=\"yoast-schema-graph\">{\"@context\":\"https:\\\/\\\/schema.org\",\"@graph\":[{\"@type\":[\"WebPage\",\"ItemPage\"],\"@id\":\"https:\\\/\\\/lustandlove.eu\\\/et\\\/toode\\\/je-joue-mimi\\\/\",\"url\":\"https:\\\/\\\/lustandlove.eu\\\/et\\\/toode\\\/je-joue-mimi\\\/\",\"name\":\"MiMi Discreet Vibrator from Je Joue | Lust & Love Sexshop\",\"isPartOf\":{\"@id\":\"https:\\\/\\\/lustandlove.eu\\\/et\\\/#website\"},\"primaryImageOfPage\":{\"@id\":\"https:\\\/\\\/lustandlove.eu\\\/et\\\/toode\\\/je-joue-mimi\\\/#primaryimage\"},\"image\":{\"@id\":\"https:\\\/\\\/lustandlove.eu\\\/et\\\/toode\\\/je-joue-mimi\\\/#primaryimage\"},\"thumbnailUrl\":\"https:\\\/\\\/lustandlove.eu\\\/wp-content\\\/uploads\\\/mimi-vibraator-je-joue-placement-vibrator.jpg\",\"datePublished\":\"2021-05-28T04:06:10+00:00\",\"dateModified\":\"2026-04-13T07:45:40+00:00\",\"description\":\"Sile ja pehme, MiMi libiseb nahal nagu \u00f5rn puudutus.\",\"breadcrumb\":{\"@id\":\"https:\\\/\\\/lustandlove.eu\\\/et\\\/toode\\\/je-joue-mimi\\\/#breadcrumb\"},\"inLanguage\":\"et\",\"potentialAction\":[{\"@type\":\"ReadAction\",\"target\":[\"https:\\\/\\\/lustandlove.eu\\\/et\\\/toode\\\/je-joue-mimi\\\/\"]}]},{\"@type\":\"ImageObject\",\"inLanguage\":\"et\",\"@id\":\"https:\\\/\\\/lustandlove.eu\\\/et\\\/toode\\\/je-joue-mimi\\\/#primaryimage\",\"url\":\"https:\\\/\\\/lustandlove.eu\\\/wp-content\\\/uploads\\\/mimi-vibraator-je-joue-placement-vibrator.jpg\",\"contentUrl\":\"https:\\\/\\\/lustandlove.eu\\\/wp-content\\\/uploads\\\/mimi-vibraator-je-joue-placement-vibrator.jpg\",\"width\":1200,\"height\":1200},{\"@type\":\"BreadcrumbList\",\"@id\":\"https:\\\/\\\/lustandlove.eu\\\/et\\\/toode\\\/je-joue-mimi\\\/#breadcrumb\",\"itemListElement\":[{\"@type\":\"ListItem\",\"position\":1,\"name\":\"Lust and Love\",\"item\":\"https:\\\/\\\/lustandlove.eu\\\/et\\\/\"},{\"@type\":\"ListItem\",\"position\":2,\"name\":\"Pood\",\"item\":\"https:\\\/\\\/lustandlove.eu\\\/et\\\/pood\\\/\"},{\"@type\":\"ListItem\",\"position\":3,\"name\":\"Sekslelud\",\"item\":\"https:\\\/\\\/lustandlove.eu\\\/et\\\/pood\\\/sekslelud\\\/\"},{\"@type\":\"ListItem\",\"position\":4,\"name\":\"Vibraatorid\",\"item\":\"https:\\\/\\\/lustandlove.eu\\\/et\\\/pood\\\/sekslelud\\\/vibraatorid\\\/\"},{\"@type\":\"ListItem\",\"position\":5,\"name\":\"V\u00e4lispidised\",\"item\":\"https:\\\/\\\/lustandlove.eu\\\/et\\\/pood\\\/sekslelud\\\/vibraatorid\\\/valispidised\\\/\"},{\"@type\":\"ListItem\",\"position\":6,\"name\":\"MiMi\"}]},{\"@type\":\"WebSite\",\"@id\":\"https:\\\/\\\/lustandlove.eu\\\/et\\\/#website\",\"url\":\"https:\\\/\\\/lustandlove.eu\\\/et\\\/\",\"name\":\"Lust &amp; Love\",\"description\":\"Online erootikapood tervise, ilu ja armastuse jaoks\",\"publisher\":{\"@id\":\"https:\\\/\\\/lustandlove.eu\\\/et\\\/#organization\"},\"potentialAction\":[{\"@type\":\"SearchAction\",\"target\":{\"@type\":\"EntryPoint\",\"urlTemplate\":\"https:\\\/\\\/lustandlove.eu\\\/et\\\/?s={search_term_string}\"},\"query-input\":{\"@type\":\"PropertyValueSpecification\",\"valueRequired\":true,\"valueName\":\"search_term_string\"}}],\"inLanguage\":\"et\"},{\"@type\":\"Organization\",\"@id\":\"https:\\\/\\\/lustandlove.eu\\\/et\\\/#organization\",\"name\":\"Bioconcept Baltics O\u00dc\",\"url\":\"https:\\\/\\\/lustandlove.eu\\\/et\\\/\",\"logo\":{\"@type\":\"ImageObject\",\"inLanguage\":\"et\",\"@id\":\"https:\\\/\\\/lustandlove.eu\\\/et\\\/#\\\/schema\\\/logo\\\/image\\\/\",\"url\":\"\",\"contentUrl\":\"\",\"caption\":\"Bioconcept Baltics O\u00dc\"},\"image\":{\"@id\":\"https:\\\/\\\/lustandlove.eu\\\/et\\\/#\\\/schema\\\/logo\\\/image\\\/\"},\"sameAs\":[\"https:\\\/\\\/www.facebook.com\\\/LustandLoveEU\\\/\",\"https:\\\/\\\/www.instagram.com\\\/lustandloveeu\\\/\"]}]}<\/script>\n<!-- \/ Yoast SEO plugin. -->","yoast_head_json":{"title":"MiMi Discreet Vibrator from Je Joue | Lust & Love Sexshop","description":"Sile ja pehme, MiMi libiseb nahal nagu \u00f5rn puudutus.","robots":{"index,follow,max-snippet":"index,follow,max-snippet:-1,max-image-preview:large,max-video-preview:-1"},"canonical":"https:\/\/lustandlove.eu\/et\/toode\/je-joue-mimi\/","twitter_card":"summary_large_image","twitter_title":"MiMi Discreet Vibrator from Je Joue | Lust & Love Sexshop","twitter_description":"Sile ja pehme, MiMi libiseb nahal nagu \u00f5rn puudutus.","twitter_image":"https:\/\/lustandlove.eu\/wp-content\/uploads\/mimi-vibraator-je-joue-placement-vibrator.jpg","twitter_misc":{"Est. reading time":"2 minutit"},"schema":{"@context":"https:\/\/schema.org","@graph":[{"@type":["WebPage","ItemPage"],"@id":"https:\/\/lustandlove.eu\/et\/toode\/je-joue-mimi\/","url":"https:\/\/lustandlove.eu\/et\/toode\/je-joue-mimi\/","name":"MiMi Discreet Vibrator from Je Joue | Lust & Love Sexshop","isPartOf":{"@id":"https:\/\/lustandlove.eu\/et\/#website"},"primaryImageOfPage":{"@id":"https:\/\/lustandlove.eu\/et\/toode\/je-joue-mimi\/#primaryimage"},"image":{"@id":"https:\/\/lustandlove.eu\/et\/toode\/je-joue-mimi\/#primaryimage"},"thumbnailUrl":"https:\/\/lustandlove.eu\/wp-content\/uploads\/mimi-vibraator-je-joue-placement-vibrator.jpg","datePublished":"2021-05-28T04:06:10+00:00","dateModified":"2026-04-13T07:45:40+00:00","description":"Sile ja pehme, MiMi libiseb nahal nagu \u00f5rn puudutus.","breadcrumb":{"@id":"https:\/\/lustandlove.eu\/et\/toode\/je-joue-mimi\/#breadcrumb"},"inLanguage":"et","potentialAction":[{"@type":"ReadAction","target":["https:\/\/lustandlove.eu\/et\/toode\/je-joue-mimi\/"]}]},{"@type":"ImageObject","inLanguage":"et","@id":"https:\/\/lustandlove.eu\/et\/toode\/je-joue-mimi\/#primaryimage","url":"https:\/\/lustandlove.eu\/wp-content\/uploads\/mimi-vibraator-je-joue-placement-vibrator.jpg","contentUrl":"https:\/\/lustandlove.eu\/wp-content\/uploads\/mimi-vibraator-je-joue-placement-vibrator.jpg","width":1200,"height":1200},{"@type":"BreadcrumbList","@id":"https:\/\/lustandlove.eu\/et\/toode\/je-joue-mimi\/#breadcrumb","itemListElement":[{"@type":"ListItem","position":1,"name":"Lust and Love","item":"https:\/\/lustandlove.eu\/et\/"},{"@type":"ListItem","position":2,"name":"Pood","item":"https:\/\/lustandlove.eu\/et\/pood\/"},{"@type":"ListItem","position":3,"name":"Sekslelud","item":"https:\/\/lustandlove.eu\/et\/pood\/sekslelud\/"},{"@type":"ListItem","position":4,"name":"Vibraatorid","item":"https:\/\/lustandlove.eu\/et\/pood\/sekslelud\/vibraatorid\/"},{"@type":"ListItem","position":5,"name":"V\u00e4lispidised","item":"https:\/\/lustandlove.eu\/et\/pood\/sekslelud\/vibraatorid\/valispidised\/"},{"@type":"ListItem","position":6,"name":"MiMi"}]},{"@type":"WebSite","@id":"https:\/\/lustandlove.eu\/et\/#website","url":"https:\/\/lustandlove.eu\/et\/","name":"Lust &amp; Love","description":"Online erootikapood tervise, ilu ja armastuse jaoks","publisher":{"@id":"https:\/\/lustandlove.eu\/et\/#organization"},"potentialAction":[{"@type":"SearchAction","target":{"@type":"EntryPoint","urlTemplate":"https:\/\/lustandlove.eu\/et\/?s={search_term_string}"},"query-input":{"@type":"PropertyValueSpecification","valueRequired":true,"valueName":"search_term_string"}}],"inLanguage":"et"},{"@type":"Organization","@id":"https:\/\/lustandlove.eu\/et\/#organization","name":"Bioconcept Baltics O\u00dc","url":"https:\/\/lustandlove.eu\/et\/","logo":{"@type":"ImageObject","inLanguage":"et","@id":"https:\/\/lustandlove.eu\/et\/#\/schema\/logo\/image\/","url":"","contentUrl":"","caption":"Bioconcept Baltics O\u00dc"},"image":{"@id":"https:\/\/lustandlove.eu\/et\/#\/schema\/logo\/image\/"},"sameAs":["https:\/\/www.facebook.com\/LustandLoveEU\/","https:\/\/www.instagram.com\/lustandloveeu\/"]}]}},"_links":{"self":[{"href":"https:\/\/lustandlove.eu\/et\/wp-json\/wp\/v2\/product\/49615","targetHints":{"allow":["GET"]}}],"collection":[{"href":"https:\/\/lustandlove.eu\/et\/wp-json\/wp\/v2\/product"}],"about":[{"href":"https:\/\/lustandlove.eu\/et\/wp-json\/wp\/v2\/types\/product"}],"wp:featuredmedia":[{"embeddable":true,"href":"https:\/\/lustandlove.eu\/et\/wp-json\/wp\/v2\/media\/46377"}],"wp:attachment":[{"href":"https:\/\/lustandlove.eu\/et\/wp-json\/wp\/v2\/media?parent=49615"}],"wp:term":[{"taxonomy":"product_brand","embeddable":true,"href":"https:\/\/lustandlove.eu\/et\/wp-json\/wp\/v2\/product_brand?post=49615"},{"taxonomy":"product_cat","embeddable":true,"href":"https:\/\/lustandlove.eu\/et\/wp-json\/wp\/v2\/product_cat?post=49615"},{"taxonomy":"product_tag","embeddable":true,"href":"https:\/\/lustandlove.eu\/et\/wp-json\/wp\/v2\/product_tag?post=49615"}],"curies":[{"name":"wp","href":"https:\/\/api.w.org\/{rel}","templated":true}]}}