{"id":49636,"date":"2021-09-28T13:50:53","date_gmt":"2021-09-28T10:50:53","guid":{"rendered":"https:\/\/www.lustandlove.eu\/product\/3-taringu-mang\/"},"modified":"2026-04-13T10:36:56","modified_gmt":"2026-04-13T07:36:56","slug":"3-taringu-mang","status":"publish","type":"product","link":"https:\/\/lustandlove.eu\/et\/toode\/3-taringu-mang\/","title":{"rendered":"3 T\u00e4ringu M\u00e4ng"},"content":{"rendered":"<div class=\"wpb-content-wrapper\"><p>[vc_row][vc_column][vc_column_text woodmart_inline=&#8221;no&#8221; text_larger=&#8221;no&#8221;]<br \/>\nSiivutud t\u00e4ringud t\u00e4iskasvanutele Secret Play sobivad suurep\u00e4raselt erinevateks l\u00f5busateks m\u00e4ngudeks koos oma paarilisega, et murda magamistoas tekkinud \u201crutiin\u201d ja muuta koos veedetud \u00f5htud taas romantiliseks ning meeldej\u00e4\u00e4vaks.<\/p>\n<p>Igal t\u00e4ringul on kuus k\u00fclge ning erinevaid v\u00f5imalikke kombinatsioone on seega tervelt 216. Mustale t\u00e4ringule on m\u00e4rgitud erinevad tegevused, valgele kohad ja aeg ning roosale kehaosad. T\u00e4ringute tekstid on neljas keeles (inglise, hispaania, portugali ja prantsuse).<\/p>\n<p><strong>Kasutamine:<\/strong>\u00a0veeretage t\u00e4ringuid ning sooritage paarilisega vastav tegevus. N\u00e4iteks kui tuleb kombinatsioon\u00a0<em>kiss, sohva, neck<\/em>, siis suudelge oma kaaslase kaela diivanil.[\/vc_column_text][\/vc_column][\/vc_row]<\/p>\n<\/div>","protected":false},"excerpt":{"rendered":"<p>Siivutud t\u00e4ringud t\u00e4iskasvanutele Secret Play sobivad suurep\u00e4raselt erinevateks l\u00f5busateks m\u00e4ngudeks koos oma paarilisega, et murda magamistoas tekkinud \u201crutiin\u201d ja muuta koos veedetud \u00f5htud taas romantiliseks ning meeldej\u00e4\u00e4vaks.<\/p>\n","protected":false},"featured_media":48976,"template":"","meta":[],"product_brand":[4239],"product_cat":[4009,4010],"product_tag":[3013,3014],"class_list":{"0":"post-49636","1":"product","2":"type-product","3":"status-publish","4":"has-post-thumbnail","6":"product_brand-secret-play-et","7":"product_cat-lobu-mangud","8":"product_cat-mangud","9":"product_tag-secret-play-et","10":"product_tag-secretplay-et","11":"pa_brand-secret-play-et","13":"first","14":"instock","15":"taxable","16":"shipping-taxable","17":"purchasable","18":"product-type-simple"},"yoast_head":"<!-- This site is optimized with the Yoast SEO plugin v27.3 - https:\/\/yoast.com\/product\/yoast-seo-wordpress\/ -->\n<title>3 T\u00e4ringu M\u00e4ng | Lust and Love<\/title>\n<meta name=\"robots\" content=\"index,follow,max-snippet:-1,max-image-preview:large,max-video-preview:-1\" \/>\n<link rel=\"canonical\" href=\"https:\/\/lustandlove.eu\/et\/toode\/3-taringu-mang\/\" \/>\n<meta name=\"twitter:card\" content=\"summary_large_image\" \/>\n<meta name=\"twitter:title\" content=\"3 T\u00e4ringu M\u00e4ng | Lust and Love\" \/>\n<meta name=\"twitter:description\" content=\"Siivutud t\u00e4ringud t\u00e4iskasvanutele Secret Play sobivad suurep\u00e4raselt erinevateks l\u00f5busateks m\u00e4ngudeks koos oma paarilisega, et murda magamistoas tekkinud \u201crutiin\u201d ja muuta koos veedetud \u00f5htud taas romantiliseks ning meeldej\u00e4\u00e4vaks.\" \/>\n<meta name=\"twitter:image\" content=\"https:\/\/lustandlove.eu\/wp-content\/uploads\/image_29_986d7739-ce58-44c9-b6aa-1b24e3b4a381.jpg\" \/>\n<meta name=\"twitter:label1\" content=\"Est. reading time\" \/>\n\t<meta name=\"twitter:data1\" content=\"1 minut\" \/>\n<script type=\"application\/ld+json\" class=\"yoast-schema-graph\">{\"@context\":\"https:\\\/\\\/schema.org\",\"@graph\":[{\"@type\":[\"WebPage\",\"ItemPage\"],\"@id\":\"https:\\\/\\\/lustandlove.eu\\\/et\\\/toode\\\/3-taringu-mang\\\/\",\"url\":\"https:\\\/\\\/lustandlove.eu\\\/et\\\/toode\\\/3-taringu-mang\\\/\",\"name\":\"3 T\u00e4ringu M\u00e4ng | Lust and Love\",\"isPartOf\":{\"@id\":\"https:\\\/\\\/lustandlove.eu\\\/et\\\/#website\"},\"primaryImageOfPage\":{\"@id\":\"https:\\\/\\\/lustandlove.eu\\\/et\\\/toode\\\/3-taringu-mang\\\/#primaryimage\"},\"image\":{\"@id\":\"https:\\\/\\\/lustandlove.eu\\\/et\\\/toode\\\/3-taringu-mang\\\/#primaryimage\"},\"thumbnailUrl\":\"https:\\\/\\\/lustandlove.eu\\\/wp-content\\\/uploads\\\/image_29_986d7739-ce58-44c9-b6aa-1b24e3b4a381.jpg\",\"datePublished\":\"2021-09-28T10:50:53+00:00\",\"dateModified\":\"2026-04-13T07:36:56+00:00\",\"breadcrumb\":{\"@id\":\"https:\\\/\\\/lustandlove.eu\\\/et\\\/toode\\\/3-taringu-mang\\\/#breadcrumb\"},\"inLanguage\":\"et\",\"potentialAction\":[{\"@type\":\"ReadAction\",\"target\":[\"https:\\\/\\\/lustandlove.eu\\\/et\\\/toode\\\/3-taringu-mang\\\/\"]}]},{\"@type\":\"ImageObject\",\"inLanguage\":\"et\",\"@id\":\"https:\\\/\\\/lustandlove.eu\\\/et\\\/toode\\\/3-taringu-mang\\\/#primaryimage\",\"url\":\"https:\\\/\\\/lustandlove.eu\\\/wp-content\\\/uploads\\\/image_29_986d7739-ce58-44c9-b6aa-1b24e3b4a381.jpg\",\"contentUrl\":\"https:\\\/\\\/lustandlove.eu\\\/wp-content\\\/uploads\\\/image_29_986d7739-ce58-44c9-b6aa-1b24e3b4a381.jpg\",\"width\":1000,\"height\":1000,\"caption\":\"3 Dice Game\"},{\"@type\":\"BreadcrumbList\",\"@id\":\"https:\\\/\\\/lustandlove.eu\\\/et\\\/toode\\\/3-taringu-mang\\\/#breadcrumb\",\"itemListElement\":[{\"@type\":\"ListItem\",\"position\":1,\"name\":\"Lust and Love\",\"item\":\"https:\\\/\\\/lustandlove.eu\\\/et\\\/\"},{\"@type\":\"ListItem\",\"position\":2,\"name\":\"Pood\",\"item\":\"https:\\\/\\\/lustandlove.eu\\\/et\\\/pood\\\/\"},{\"@type\":\"ListItem\",\"position\":3,\"name\":\"L\u00f5bu &amp; M\u00e4ngud\",\"item\":\"https:\\\/\\\/lustandlove.eu\\\/et\\\/pood\\\/lobu-mangud\\\/\"},{\"@type\":\"ListItem\",\"position\":4,\"name\":\"M\u00e4ngud\",\"item\":\"https:\\\/\\\/lustandlove.eu\\\/et\\\/pood\\\/lobu-mangud\\\/mangud\\\/\"},{\"@type\":\"ListItem\",\"position\":5,\"name\":\"3 T\u00e4ringu M\u00e4ng\"}]},{\"@type\":\"WebSite\",\"@id\":\"https:\\\/\\\/lustandlove.eu\\\/et\\\/#website\",\"url\":\"https:\\\/\\\/lustandlove.eu\\\/et\\\/\",\"name\":\"Lust &amp; Love\",\"description\":\"Online erootikapood tervise, ilu ja armastuse jaoks\",\"publisher\":{\"@id\":\"https:\\\/\\\/lustandlove.eu\\\/et\\\/#organization\"},\"potentialAction\":[{\"@type\":\"SearchAction\",\"target\":{\"@type\":\"EntryPoint\",\"urlTemplate\":\"https:\\\/\\\/lustandlove.eu\\\/et\\\/?s={search_term_string}\"},\"query-input\":{\"@type\":\"PropertyValueSpecification\",\"valueRequired\":true,\"valueName\":\"search_term_string\"}}],\"inLanguage\":\"et\"},{\"@type\":\"Organization\",\"@id\":\"https:\\\/\\\/lustandlove.eu\\\/et\\\/#organization\",\"name\":\"Bioconcept Baltics O\u00dc\",\"url\":\"https:\\\/\\\/lustandlove.eu\\\/et\\\/\",\"logo\":{\"@type\":\"ImageObject\",\"inLanguage\":\"et\",\"@id\":\"https:\\\/\\\/lustandlove.eu\\\/et\\\/#\\\/schema\\\/logo\\\/image\\\/\",\"url\":\"\",\"contentUrl\":\"\",\"caption\":\"Bioconcept Baltics O\u00dc\"},\"image\":{\"@id\":\"https:\\\/\\\/lustandlove.eu\\\/et\\\/#\\\/schema\\\/logo\\\/image\\\/\"},\"sameAs\":[\"https:\\\/\\\/www.facebook.com\\\/LustandLoveEU\\\/\",\"https:\\\/\\\/www.instagram.com\\\/lustandloveeu\\\/\"]}]}<\/script>\n<!-- \/ Yoast SEO plugin. -->","yoast_head_json":{"title":"3 T\u00e4ringu M\u00e4ng | Lust and Love","robots":{"index,follow,max-snippet":"index,follow,max-snippet:-1,max-image-preview:large,max-video-preview:-1"},"canonical":"https:\/\/lustandlove.eu\/et\/toode\/3-taringu-mang\/","twitter_card":"summary_large_image","twitter_title":"3 T\u00e4ringu M\u00e4ng | Lust and Love","twitter_description":"Siivutud t\u00e4ringud t\u00e4iskasvanutele Secret Play sobivad suurep\u00e4raselt erinevateks l\u00f5busateks m\u00e4ngudeks koos oma paarilisega, et murda magamistoas tekkinud \u201crutiin\u201d ja muuta koos veedetud \u00f5htud taas romantiliseks ning meeldej\u00e4\u00e4vaks.","twitter_image":"https:\/\/lustandlove.eu\/wp-content\/uploads\/image_29_986d7739-ce58-44c9-b6aa-1b24e3b4a381.jpg","twitter_misc":{"Est. reading time":"1 minut"},"schema":{"@context":"https:\/\/schema.org","@graph":[{"@type":["WebPage","ItemPage"],"@id":"https:\/\/lustandlove.eu\/et\/toode\/3-taringu-mang\/","url":"https:\/\/lustandlove.eu\/et\/toode\/3-taringu-mang\/","name":"3 T\u00e4ringu M\u00e4ng | Lust and Love","isPartOf":{"@id":"https:\/\/lustandlove.eu\/et\/#website"},"primaryImageOfPage":{"@id":"https:\/\/lustandlove.eu\/et\/toode\/3-taringu-mang\/#primaryimage"},"image":{"@id":"https:\/\/lustandlove.eu\/et\/toode\/3-taringu-mang\/#primaryimage"},"thumbnailUrl":"https:\/\/lustandlove.eu\/wp-content\/uploads\/image_29_986d7739-ce58-44c9-b6aa-1b24e3b4a381.jpg","datePublished":"2021-09-28T10:50:53+00:00","dateModified":"2026-04-13T07:36:56+00:00","breadcrumb":{"@id":"https:\/\/lustandlove.eu\/et\/toode\/3-taringu-mang\/#breadcrumb"},"inLanguage":"et","potentialAction":[{"@type":"ReadAction","target":["https:\/\/lustandlove.eu\/et\/toode\/3-taringu-mang\/"]}]},{"@type":"ImageObject","inLanguage":"et","@id":"https:\/\/lustandlove.eu\/et\/toode\/3-taringu-mang\/#primaryimage","url":"https:\/\/lustandlove.eu\/wp-content\/uploads\/image_29_986d7739-ce58-44c9-b6aa-1b24e3b4a381.jpg","contentUrl":"https:\/\/lustandlove.eu\/wp-content\/uploads\/image_29_986d7739-ce58-44c9-b6aa-1b24e3b4a381.jpg","width":1000,"height":1000,"caption":"3 Dice Game"},{"@type":"BreadcrumbList","@id":"https:\/\/lustandlove.eu\/et\/toode\/3-taringu-mang\/#breadcrumb","itemListElement":[{"@type":"ListItem","position":1,"name":"Lust and Love","item":"https:\/\/lustandlove.eu\/et\/"},{"@type":"ListItem","position":2,"name":"Pood","item":"https:\/\/lustandlove.eu\/et\/pood\/"},{"@type":"ListItem","position":3,"name":"L\u00f5bu &amp; M\u00e4ngud","item":"https:\/\/lustandlove.eu\/et\/pood\/lobu-mangud\/"},{"@type":"ListItem","position":4,"name":"M\u00e4ngud","item":"https:\/\/lustandlove.eu\/et\/pood\/lobu-mangud\/mangud\/"},{"@type":"ListItem","position":5,"name":"3 T\u00e4ringu M\u00e4ng"}]},{"@type":"WebSite","@id":"https:\/\/lustandlove.eu\/et\/#website","url":"https:\/\/lustandlove.eu\/et\/","name":"Lust &amp; Love","description":"Online erootikapood tervise, ilu ja armastuse jaoks","publisher":{"@id":"https:\/\/lustandlove.eu\/et\/#organization"},"potentialAction":[{"@type":"SearchAction","target":{"@type":"EntryPoint","urlTemplate":"https:\/\/lustandlove.eu\/et\/?s={search_term_string}"},"query-input":{"@type":"PropertyValueSpecification","valueRequired":true,"valueName":"search_term_string"}}],"inLanguage":"et"},{"@type":"Organization","@id":"https:\/\/lustandlove.eu\/et\/#organization","name":"Bioconcept Baltics O\u00dc","url":"https:\/\/lustandlove.eu\/et\/","logo":{"@type":"ImageObject","inLanguage":"et","@id":"https:\/\/lustandlove.eu\/et\/#\/schema\/logo\/image\/","url":"","contentUrl":"","caption":"Bioconcept Baltics O\u00dc"},"image":{"@id":"https:\/\/lustandlove.eu\/et\/#\/schema\/logo\/image\/"},"sameAs":["https:\/\/www.facebook.com\/LustandLoveEU\/","https:\/\/www.instagram.com\/lustandloveeu\/"]}]}},"_links":{"self":[{"href":"https:\/\/lustandlove.eu\/et\/wp-json\/wp\/v2\/product\/49636","targetHints":{"allow":["GET"]}}],"collection":[{"href":"https:\/\/lustandlove.eu\/et\/wp-json\/wp\/v2\/product"}],"about":[{"href":"https:\/\/lustandlove.eu\/et\/wp-json\/wp\/v2\/types\/product"}],"wp:featuredmedia":[{"embeddable":true,"href":"https:\/\/lustandlove.eu\/et\/wp-json\/wp\/v2\/media\/48976"}],"wp:attachment":[{"href":"https:\/\/lustandlove.eu\/et\/wp-json\/wp\/v2\/media?parent=49636"}],"wp:term":[{"taxonomy":"product_brand","embeddable":true,"href":"https:\/\/lustandlove.eu\/et\/wp-json\/wp\/v2\/product_brand?post=49636"},{"taxonomy":"product_cat","embeddable":true,"href":"https:\/\/lustandlove.eu\/et\/wp-json\/wp\/v2\/product_cat?post=49636"},{"taxonomy":"product_tag","embeddable":true,"href":"https:\/\/lustandlove.eu\/et\/wp-json\/wp\/v2\/product_tag?post=49636"}],"curies":[{"name":"wp","href":"https:\/\/api.w.org\/{rel}","templated":true}]}}