{"id":49637,"date":"2021-09-28T13:57:46","date_gmt":"2021-09-28T10:57:46","guid":{"rendered":"https:\/\/www.lustandlove.eu\/product\/30-paeva-sidumise-valjakutsete-mang\/"},"modified":"2026-04-13T10:36:55","modified_gmt":"2026-04-13T07:36:55","slug":"30-paeva-sidumise-valjakutsete-mang","status":"publish","type":"product","link":"https:\/\/lustandlove.eu\/et\/toode\/30-paeva-sidumise-valjakutsete-mang\/","title":{"rendered":"30 P\u00e4eva Sidumise V\u00e4ljakutsete M\u00e4ng"},"content":{"rendered":"<div class=\"wpb-content-wrapper\"><p>[vc_row][vc_column][vc_column_text woodmart_inline=&#8221;no&#8221; text_larger=&#8221;no&#8221;]<br \/>\nNautige neid julgeid v\u00e4ljakutseid, mille abil saate katsetada ja avastada uusi kogemusi, sisenedes orjusmaailma. Nendel kaartidel suureneb testide intensiivsus p\u00e4evade m\u00f6\u00f6dudes, alustades 1. p\u00e4evast leebemate testidega kuni viimase p\u00e4eva p\u00f5nevuse maksimumini.<\/p>\n<p>Kaardid on Inglise ja Hispaania keeles.<\/p>\n<p>Enne v\u00e4ljakutse algust on oluline kaaluda m\u00f5ningaid p\u00f5hireegleid:<\/p>\n<p>&#8211; On oluline, et enne selle v\u00e4ljakutse m\u00e4ngimist arutataks l\u00e4bi iga m\u00e4ngija tingimused ja iga\u00fcks kehtestaks oma piirid.<\/p>\n<p>&#8211; M\u00e4ngijad peavad valima turvas\u00f5na, mille nad \u00fctlevad, kui nad tahavad peatada k\u00e4imasolevat v\u00e4ljakutset.<\/p>\n<p>&#8211; \u00c4rge siduge liiga tugevalt.<\/p>\n<p>&#8211; Peab olema &#8220;master&#8221; ja teine \u200b\u200b&#8221;slave&#8221; roll, mis v\u00f5ivad 30 p\u00e4eva jooksul vahelduda.<\/p>\n<p>&#8211; P\u00e4eva edenedes suureneb testide intensiivsus.[\/vc_column_text][\/vc_column][\/vc_row]<\/p>\n<\/div>","protected":false},"excerpt":{"rendered":"<p>Nautige neid julgeid v\u00e4ljakutseid, mille abil saate katsetada ja avastada uusi kogemusi, sisenedes orjusmaailma.<\/p>\n","protected":false},"featured_media":48983,"template":"","meta":[],"product_brand":[4239],"product_cat":[4009,4010],"product_tag":[3013,3014],"class_list":{"0":"post-49637","1":"product","2":"type-product","3":"status-publish","4":"has-post-thumbnail","6":"product_brand-secret-play-et","7":"product_cat-lobu-mangud","8":"product_cat-mangud","9":"product_tag-secret-play-et","10":"product_tag-secretplay-et","11":"pa_brand-secret-play-et","13":"first","14":"instock","15":"taxable","16":"shipping-taxable","17":"purchasable","18":"product-type-simple"},"yoast_head":"<!-- This site is optimized with the Yoast SEO plugin v27.4 - https:\/\/yoast.com\/product\/yoast-seo-wordpress\/ -->\n<title>30 P\u00e4eva Sidumise V\u00e4ljakutsete M\u00e4ng | Lust and Love<\/title>\n<meta name=\"robots\" content=\"index,follow,max-snippet:-1,max-image-preview:large,max-video-preview:-1\" \/>\n<link rel=\"canonical\" href=\"https:\/\/lustandlove.eu\/et\/toode\/30-paeva-sidumise-valjakutsete-mang\/\" \/>\n<script type=\"application\/ld+json\" class=\"yoast-schema-graph\">{\"@context\":\"https:\\\/\\\/schema.org\",\"@graph\":[{\"@type\":[\"WebPage\",\"ItemPage\"],\"@id\":\"https:\\\/\\\/lustandlove.eu\\\/et\\\/toode\\\/30-paeva-sidumise-valjakutsete-mang\\\/\",\"url\":\"https:\\\/\\\/lustandlove.eu\\\/et\\\/toode\\\/30-paeva-sidumise-valjakutsete-mang\\\/\",\"name\":\"30 P\u00e4eva Sidumise V\u00e4ljakutsete M\u00e4ng | Lust and Love\",\"isPartOf\":{\"@id\":\"https:\\\/\\\/lustandlove.eu\\\/et\\\/#website\"},\"primaryImageOfPage\":{\"@id\":\"https:\\\/\\\/lustandlove.eu\\\/et\\\/toode\\\/30-paeva-sidumise-valjakutsete-mang\\\/#primaryimage\"},\"image\":{\"@id\":\"https:\\\/\\\/lustandlove.eu\\\/et\\\/toode\\\/30-paeva-sidumise-valjakutsete-mang\\\/#primaryimage\"},\"thumbnailUrl\":\"https:\\\/\\\/lustandlove.eu\\\/wp-content\\\/uploads\\\/image_38_75e27a49-496c-43de-91ee-e003475a45fe.jpg\",\"datePublished\":\"2021-09-28T10:57:46+00:00\",\"dateModified\":\"2026-04-13T07:36:55+00:00\",\"breadcrumb\":{\"@id\":\"https:\\\/\\\/lustandlove.eu\\\/et\\\/toode\\\/30-paeva-sidumise-valjakutsete-mang\\\/#breadcrumb\"},\"inLanguage\":\"et\",\"potentialAction\":[{\"@type\":\"ReadAction\",\"target\":[\"https:\\\/\\\/lustandlove.eu\\\/et\\\/toode\\\/30-paeva-sidumise-valjakutsete-mang\\\/\"]}]},{\"@type\":\"ImageObject\",\"inLanguage\":\"et\",\"@id\":\"https:\\\/\\\/lustandlove.eu\\\/et\\\/toode\\\/30-paeva-sidumise-valjakutsete-mang\\\/#primaryimage\",\"url\":\"https:\\\/\\\/lustandlove.eu\\\/wp-content\\\/uploads\\\/image_38_75e27a49-496c-43de-91ee-e003475a45fe.jpg\",\"contentUrl\":\"https:\\\/\\\/lustandlove.eu\\\/wp-content\\\/uploads\\\/image_38_75e27a49-496c-43de-91ee-e003475a45fe.jpg\",\"width\":1000,\"height\":1000,\"caption\":\"30 Day Bondage Challenge Game\"},{\"@type\":\"BreadcrumbList\",\"@id\":\"https:\\\/\\\/lustandlove.eu\\\/et\\\/toode\\\/30-paeva-sidumise-valjakutsete-mang\\\/#breadcrumb\",\"itemListElement\":[{\"@type\":\"ListItem\",\"position\":1,\"name\":\"Lust and Love\",\"item\":\"https:\\\/\\\/lustandlove.eu\\\/et\\\/\"},{\"@type\":\"ListItem\",\"position\":2,\"name\":\"Pood\",\"item\":\"https:\\\/\\\/lustandlove.eu\\\/et\\\/pood\\\/\"},{\"@type\":\"ListItem\",\"position\":3,\"name\":\"L\u00f5bu &amp; M\u00e4ngud\",\"item\":\"https:\\\/\\\/lustandlove.eu\\\/et\\\/pood\\\/lobu-mangud\\\/\"},{\"@type\":\"ListItem\",\"position\":4,\"name\":\"M\u00e4ngud\",\"item\":\"https:\\\/\\\/lustandlove.eu\\\/et\\\/pood\\\/lobu-mangud\\\/mangud\\\/\"},{\"@type\":\"ListItem\",\"position\":5,\"name\":\"30 P\u00e4eva Sidumise V\u00e4ljakutsete M\u00e4ng\"}]},{\"@type\":\"WebSite\",\"@id\":\"https:\\\/\\\/lustandlove.eu\\\/et\\\/#website\",\"url\":\"https:\\\/\\\/lustandlove.eu\\\/et\\\/\",\"name\":\"Lust & Love\",\"description\":\"Online erootikapood tervise, ilu ja armastuse jaoks\",\"publisher\":{\"@id\":\"https:\\\/\\\/lustandlove.eu\\\/et\\\/#organization\"},\"potentialAction\":[{\"@type\":\"SearchAction\",\"target\":{\"@type\":\"EntryPoint\",\"urlTemplate\":\"https:\\\/\\\/lustandlove.eu\\\/et\\\/?s={search_term_string}\"},\"query-input\":{\"@type\":\"PropertyValueSpecification\",\"valueRequired\":true,\"valueName\":\"search_term_string\"}}],\"inLanguage\":\"et\"},{\"@type\":\"Organization\",\"@id\":\"https:\\\/\\\/lustandlove.eu\\\/et\\\/#organization\",\"name\":\"Bioconcept Baltics O\u00dc\",\"url\":\"https:\\\/\\\/lustandlove.eu\\\/et\\\/\",\"logo\":{\"@type\":\"ImageObject\",\"inLanguage\":\"et\",\"@id\":\"https:\\\/\\\/lustandlove.eu\\\/et\\\/#\\\/schema\\\/logo\\\/image\\\/\",\"url\":\"https:\\\/\\\/lustandlove.eu\\\/wp-content\\\/uploads\\\/logo-full-2.png\",\"contentUrl\":\"https:\\\/\\\/lustandlove.eu\\\/wp-content\\\/uploads\\\/logo-full-2.png\",\"width\":837,\"height\":200,\"caption\":\"Bioconcept Baltics O\u00dc\"},\"image\":{\"@id\":\"https:\\\/\\\/lustandlove.eu\\\/et\\\/#\\\/schema\\\/logo\\\/image\\\/\"},\"sameAs\":[\"https:\\\/\\\/www.facebook.com\\\/LustandLoveEU\\\/\",\"https:\\\/\\\/www.instagram.com\\\/lustandloveeu\\\/\"]}]}<\/script>\n<!-- \/ Yoast SEO plugin. -->","yoast_head_json":{"title":"30 P\u00e4eva Sidumise V\u00e4ljakutsete M\u00e4ng | Lust and Love","robots":{"index,follow,max-snippet":"index,follow,max-snippet:-1,max-image-preview:large,max-video-preview:-1"},"canonical":"https:\/\/lustandlove.eu\/et\/toode\/30-paeva-sidumise-valjakutsete-mang\/","schema":{"@context":"https:\/\/schema.org","@graph":[{"@type":["WebPage","ItemPage"],"@id":"https:\/\/lustandlove.eu\/et\/toode\/30-paeva-sidumise-valjakutsete-mang\/","url":"https:\/\/lustandlove.eu\/et\/toode\/30-paeva-sidumise-valjakutsete-mang\/","name":"30 P\u00e4eva Sidumise V\u00e4ljakutsete M\u00e4ng | Lust and Love","isPartOf":{"@id":"https:\/\/lustandlove.eu\/et\/#website"},"primaryImageOfPage":{"@id":"https:\/\/lustandlove.eu\/et\/toode\/30-paeva-sidumise-valjakutsete-mang\/#primaryimage"},"image":{"@id":"https:\/\/lustandlove.eu\/et\/toode\/30-paeva-sidumise-valjakutsete-mang\/#primaryimage"},"thumbnailUrl":"https:\/\/lustandlove.eu\/wp-content\/uploads\/image_38_75e27a49-496c-43de-91ee-e003475a45fe.jpg","datePublished":"2021-09-28T10:57:46+00:00","dateModified":"2026-04-13T07:36:55+00:00","breadcrumb":{"@id":"https:\/\/lustandlove.eu\/et\/toode\/30-paeva-sidumise-valjakutsete-mang\/#breadcrumb"},"inLanguage":"et","potentialAction":[{"@type":"ReadAction","target":["https:\/\/lustandlove.eu\/et\/toode\/30-paeva-sidumise-valjakutsete-mang\/"]}]},{"@type":"ImageObject","inLanguage":"et","@id":"https:\/\/lustandlove.eu\/et\/toode\/30-paeva-sidumise-valjakutsete-mang\/#primaryimage","url":"https:\/\/lustandlove.eu\/wp-content\/uploads\/image_38_75e27a49-496c-43de-91ee-e003475a45fe.jpg","contentUrl":"https:\/\/lustandlove.eu\/wp-content\/uploads\/image_38_75e27a49-496c-43de-91ee-e003475a45fe.jpg","width":1000,"height":1000,"caption":"30 Day Bondage Challenge Game"},{"@type":"BreadcrumbList","@id":"https:\/\/lustandlove.eu\/et\/toode\/30-paeva-sidumise-valjakutsete-mang\/#breadcrumb","itemListElement":[{"@type":"ListItem","position":1,"name":"Lust and Love","item":"https:\/\/lustandlove.eu\/et\/"},{"@type":"ListItem","position":2,"name":"Pood","item":"https:\/\/lustandlove.eu\/et\/pood\/"},{"@type":"ListItem","position":3,"name":"L\u00f5bu &amp; M\u00e4ngud","item":"https:\/\/lustandlove.eu\/et\/pood\/lobu-mangud\/"},{"@type":"ListItem","position":4,"name":"M\u00e4ngud","item":"https:\/\/lustandlove.eu\/et\/pood\/lobu-mangud\/mangud\/"},{"@type":"ListItem","position":5,"name":"30 P\u00e4eva Sidumise V\u00e4ljakutsete M\u00e4ng"}]},{"@type":"WebSite","@id":"https:\/\/lustandlove.eu\/et\/#website","url":"https:\/\/lustandlove.eu\/et\/","name":"Lust & Love","description":"Online erootikapood tervise, ilu ja armastuse jaoks","publisher":{"@id":"https:\/\/lustandlove.eu\/et\/#organization"},"potentialAction":[{"@type":"SearchAction","target":{"@type":"EntryPoint","urlTemplate":"https:\/\/lustandlove.eu\/et\/?s={search_term_string}"},"query-input":{"@type":"PropertyValueSpecification","valueRequired":true,"valueName":"search_term_string"}}],"inLanguage":"et"},{"@type":"Organization","@id":"https:\/\/lustandlove.eu\/et\/#organization","name":"Bioconcept Baltics O\u00dc","url":"https:\/\/lustandlove.eu\/et\/","logo":{"@type":"ImageObject","inLanguage":"et","@id":"https:\/\/lustandlove.eu\/et\/#\/schema\/logo\/image\/","url":"https:\/\/lustandlove.eu\/wp-content\/uploads\/logo-full-2.png","contentUrl":"https:\/\/lustandlove.eu\/wp-content\/uploads\/logo-full-2.png","width":837,"height":200,"caption":"Bioconcept Baltics O\u00dc"},"image":{"@id":"https:\/\/lustandlove.eu\/et\/#\/schema\/logo\/image\/"},"sameAs":["https:\/\/www.facebook.com\/LustandLoveEU\/","https:\/\/www.instagram.com\/lustandloveeu\/"]}]}},"_links":{"self":[{"href":"https:\/\/lustandlove.eu\/et\/wp-json\/wp\/v2\/product\/49637","targetHints":{"allow":["GET"]}}],"collection":[{"href":"https:\/\/lustandlove.eu\/et\/wp-json\/wp\/v2\/product"}],"about":[{"href":"https:\/\/lustandlove.eu\/et\/wp-json\/wp\/v2\/types\/product"}],"wp:featuredmedia":[{"embeddable":true,"href":"https:\/\/lustandlove.eu\/et\/wp-json\/wp\/v2\/media\/48983"}],"wp:attachment":[{"href":"https:\/\/lustandlove.eu\/et\/wp-json\/wp\/v2\/media?parent=49637"}],"wp:term":[{"taxonomy":"product_brand","embeddable":true,"href":"https:\/\/lustandlove.eu\/et\/wp-json\/wp\/v2\/product_brand?post=49637"},{"taxonomy":"product_cat","embeddable":true,"href":"https:\/\/lustandlove.eu\/et\/wp-json\/wp\/v2\/product_cat?post=49637"},{"taxonomy":"product_tag","embeddable":true,"href":"https:\/\/lustandlove.eu\/et\/wp-json\/wp\/v2\/product_tag?post=49637"}],"curies":[{"name":"wp","href":"https:\/\/api.w.org\/{rel}","templated":true}]}}