{"id":49638,"date":"2021-09-28T14:00:12","date_gmt":"2021-09-28T11:00:12","guid":{"rendered":"https:\/\/www.lustandlove.eu\/product\/30-day-romantic-challenge\/"},"modified":"2026-04-13T10:36:55","modified_gmt":"2026-04-13T07:36:55","slug":"30-day-romantic-challenge","status":"publish","type":"product","link":"https:\/\/lustandlove.eu\/et\/toode\/30-day-romantic-challenge\/","title":{"rendered":"30 P\u00e4eva Romantiline V\u00e4ljakutse"},"content":{"rendered":"<div class=\"wpb-content-wrapper\"><p>[vc_row][vc_column][vc_column_text woodmart_inline=&#8221;no&#8221; text_larger=&#8221;no&#8221;]<br \/>\nKas soovite n\u00e4idata oma partnerile, et armastate teda nagu esimesel p\u00e4eval?<\/p>\n<p>See m\u00e4ng on ideaalne v\u00f5imalus \u00fcksteist 30 p\u00e4eva romantiliste v\u00e4ljakutsetega tagasi v\u00f5ita, mis paneb teid koos l\u00e4bi elama oma parimaid ja armsamaid hetki.<\/p>\n<p>Kaardid on Inglise ja Hispaania keeles.[\/vc_column_text][\/vc_column][\/vc_row]<\/p>\n<\/div>","protected":false},"excerpt":{"rendered":"<p>Kas soovite n\u00e4idata oma partnerile, et armastate teda nagu esimesel p\u00e4eval?<\/p>\n","protected":false},"featured_media":48988,"template":"","meta":[],"product_brand":[4239],"product_cat":[4009,4010],"product_tag":[3013,3014],"class_list":{"0":"post-49638","1":"product","2":"type-product","3":"status-publish","4":"has-post-thumbnail","6":"product_brand-secret-play-et","7":"product_cat-lobu-mangud","8":"product_cat-mangud","9":"product_tag-secret-play-et","10":"product_tag-secretplay-et","11":"pa_brand-secret-play-et","13":"first","14":"instock","15":"taxable","16":"shipping-taxable","17":"purchasable","18":"product-type-simple"},"yoast_head":"<!-- This site is optimized with the Yoast SEO plugin v27.3 - https:\/\/yoast.com\/product\/yoast-seo-wordpress\/ -->\n<title>30 P\u00e4eva Romantiline V\u00e4ljakutse | Lust and Love<\/title>\n<meta name=\"robots\" content=\"index,follow,max-snippet:-1,max-image-preview:large,max-video-preview:-1\" \/>\n<link rel=\"canonical\" href=\"https:\/\/lustandlove.eu\/et\/toode\/30-day-romantic-challenge\/\" \/>\n<meta name=\"twitter:card\" content=\"summary_large_image\" \/>\n<meta name=\"twitter:title\" content=\"30 P\u00e4eva Romantiline V\u00e4ljakutse | Lust and Love\" \/>\n<meta name=\"twitter:description\" content=\"Kas soovite n\u00e4idata oma partnerile, et armastate teda nagu esimesel p\u00e4eval?\" \/>\n<meta name=\"twitter:image\" content=\"https:\/\/lustandlove.eu\/wp-content\/uploads\/image_35_cce93b52-4774-4301-a85b-7bc04adaefe0.jpg\" \/>\n<meta name=\"twitter:label1\" content=\"Est. reading time\" \/>\n\t<meta name=\"twitter:data1\" content=\"1 minut\" \/>\n<script type=\"application\/ld+json\" class=\"yoast-schema-graph\">{\"@context\":\"https:\\\/\\\/schema.org\",\"@graph\":[{\"@type\":[\"WebPage\",\"ItemPage\"],\"@id\":\"https:\\\/\\\/lustandlove.eu\\\/et\\\/toode\\\/30-day-romantic-challenge\\\/\",\"url\":\"https:\\\/\\\/lustandlove.eu\\\/et\\\/toode\\\/30-day-romantic-challenge\\\/\",\"name\":\"30 P\u00e4eva Romantiline V\u00e4ljakutse | Lust and Love\",\"isPartOf\":{\"@id\":\"https:\\\/\\\/lustandlove.eu\\\/et\\\/#website\"},\"primaryImageOfPage\":{\"@id\":\"https:\\\/\\\/lustandlove.eu\\\/et\\\/toode\\\/30-day-romantic-challenge\\\/#primaryimage\"},\"image\":{\"@id\":\"https:\\\/\\\/lustandlove.eu\\\/et\\\/toode\\\/30-day-romantic-challenge\\\/#primaryimage\"},\"thumbnailUrl\":\"https:\\\/\\\/lustandlove.eu\\\/wp-content\\\/uploads\\\/image_35_cce93b52-4774-4301-a85b-7bc04adaefe0.jpg\",\"datePublished\":\"2021-09-28T11:00:12+00:00\",\"dateModified\":\"2026-04-13T07:36:55+00:00\",\"breadcrumb\":{\"@id\":\"https:\\\/\\\/lustandlove.eu\\\/et\\\/toode\\\/30-day-romantic-challenge\\\/#breadcrumb\"},\"inLanguage\":\"et\",\"potentialAction\":[{\"@type\":\"ReadAction\",\"target\":[\"https:\\\/\\\/lustandlove.eu\\\/et\\\/toode\\\/30-day-romantic-challenge\\\/\"]}]},{\"@type\":\"ImageObject\",\"inLanguage\":\"et\",\"@id\":\"https:\\\/\\\/lustandlove.eu\\\/et\\\/toode\\\/30-day-romantic-challenge\\\/#primaryimage\",\"url\":\"https:\\\/\\\/lustandlove.eu\\\/wp-content\\\/uploads\\\/image_35_cce93b52-4774-4301-a85b-7bc04adaefe0.jpg\",\"contentUrl\":\"https:\\\/\\\/lustandlove.eu\\\/wp-content\\\/uploads\\\/image_35_cce93b52-4774-4301-a85b-7bc04adaefe0.jpg\",\"width\":1000,\"height\":1000,\"caption\":\"30 Day Romantic Challenge\"},{\"@type\":\"BreadcrumbList\",\"@id\":\"https:\\\/\\\/lustandlove.eu\\\/et\\\/toode\\\/30-day-romantic-challenge\\\/#breadcrumb\",\"itemListElement\":[{\"@type\":\"ListItem\",\"position\":1,\"name\":\"Lust and Love\",\"item\":\"https:\\\/\\\/lustandlove.eu\\\/et\\\/\"},{\"@type\":\"ListItem\",\"position\":2,\"name\":\"Pood\",\"item\":\"https:\\\/\\\/lustandlove.eu\\\/et\\\/pood\\\/\"},{\"@type\":\"ListItem\",\"position\":3,\"name\":\"L\u00f5bu &amp; M\u00e4ngud\",\"item\":\"https:\\\/\\\/lustandlove.eu\\\/et\\\/pood\\\/lobu-mangud\\\/\"},{\"@type\":\"ListItem\",\"position\":4,\"name\":\"M\u00e4ngud\",\"item\":\"https:\\\/\\\/lustandlove.eu\\\/et\\\/pood\\\/lobu-mangud\\\/mangud\\\/\"},{\"@type\":\"ListItem\",\"position\":5,\"name\":\"30 P\u00e4eva Romantiline V\u00e4ljakutse\"}]},{\"@type\":\"WebSite\",\"@id\":\"https:\\\/\\\/lustandlove.eu\\\/et\\\/#website\",\"url\":\"https:\\\/\\\/lustandlove.eu\\\/et\\\/\",\"name\":\"Lust &amp; Love\",\"description\":\"Online erootikapood tervise, ilu ja armastuse jaoks\",\"publisher\":{\"@id\":\"https:\\\/\\\/lustandlove.eu\\\/et\\\/#organization\"},\"potentialAction\":[{\"@type\":\"SearchAction\",\"target\":{\"@type\":\"EntryPoint\",\"urlTemplate\":\"https:\\\/\\\/lustandlove.eu\\\/et\\\/?s={search_term_string}\"},\"query-input\":{\"@type\":\"PropertyValueSpecification\",\"valueRequired\":true,\"valueName\":\"search_term_string\"}}],\"inLanguage\":\"et\"},{\"@type\":\"Organization\",\"@id\":\"https:\\\/\\\/lustandlove.eu\\\/et\\\/#organization\",\"name\":\"Bioconcept Baltics O\u00dc\",\"url\":\"https:\\\/\\\/lustandlove.eu\\\/et\\\/\",\"logo\":{\"@type\":\"ImageObject\",\"inLanguage\":\"et\",\"@id\":\"https:\\\/\\\/lustandlove.eu\\\/et\\\/#\\\/schema\\\/logo\\\/image\\\/\",\"url\":\"\",\"contentUrl\":\"\",\"caption\":\"Bioconcept Baltics O\u00dc\"},\"image\":{\"@id\":\"https:\\\/\\\/lustandlove.eu\\\/et\\\/#\\\/schema\\\/logo\\\/image\\\/\"},\"sameAs\":[\"https:\\\/\\\/www.facebook.com\\\/LustandLoveEU\\\/\",\"https:\\\/\\\/www.instagram.com\\\/lustandloveeu\\\/\"]}]}<\/script>\n<!-- \/ Yoast SEO plugin. -->","yoast_head_json":{"title":"30 P\u00e4eva Romantiline V\u00e4ljakutse | Lust and Love","robots":{"index,follow,max-snippet":"index,follow,max-snippet:-1,max-image-preview:large,max-video-preview:-1"},"canonical":"https:\/\/lustandlove.eu\/et\/toode\/30-day-romantic-challenge\/","twitter_card":"summary_large_image","twitter_title":"30 P\u00e4eva Romantiline V\u00e4ljakutse | Lust and Love","twitter_description":"Kas soovite n\u00e4idata oma partnerile, et armastate teda nagu esimesel p\u00e4eval?","twitter_image":"https:\/\/lustandlove.eu\/wp-content\/uploads\/image_35_cce93b52-4774-4301-a85b-7bc04adaefe0.jpg","twitter_misc":{"Est. reading time":"1 minut"},"schema":{"@context":"https:\/\/schema.org","@graph":[{"@type":["WebPage","ItemPage"],"@id":"https:\/\/lustandlove.eu\/et\/toode\/30-day-romantic-challenge\/","url":"https:\/\/lustandlove.eu\/et\/toode\/30-day-romantic-challenge\/","name":"30 P\u00e4eva Romantiline V\u00e4ljakutse | Lust and Love","isPartOf":{"@id":"https:\/\/lustandlove.eu\/et\/#website"},"primaryImageOfPage":{"@id":"https:\/\/lustandlove.eu\/et\/toode\/30-day-romantic-challenge\/#primaryimage"},"image":{"@id":"https:\/\/lustandlove.eu\/et\/toode\/30-day-romantic-challenge\/#primaryimage"},"thumbnailUrl":"https:\/\/lustandlove.eu\/wp-content\/uploads\/image_35_cce93b52-4774-4301-a85b-7bc04adaefe0.jpg","datePublished":"2021-09-28T11:00:12+00:00","dateModified":"2026-04-13T07:36:55+00:00","breadcrumb":{"@id":"https:\/\/lustandlove.eu\/et\/toode\/30-day-romantic-challenge\/#breadcrumb"},"inLanguage":"et","potentialAction":[{"@type":"ReadAction","target":["https:\/\/lustandlove.eu\/et\/toode\/30-day-romantic-challenge\/"]}]},{"@type":"ImageObject","inLanguage":"et","@id":"https:\/\/lustandlove.eu\/et\/toode\/30-day-romantic-challenge\/#primaryimage","url":"https:\/\/lustandlove.eu\/wp-content\/uploads\/image_35_cce93b52-4774-4301-a85b-7bc04adaefe0.jpg","contentUrl":"https:\/\/lustandlove.eu\/wp-content\/uploads\/image_35_cce93b52-4774-4301-a85b-7bc04adaefe0.jpg","width":1000,"height":1000,"caption":"30 Day Romantic Challenge"},{"@type":"BreadcrumbList","@id":"https:\/\/lustandlove.eu\/et\/toode\/30-day-romantic-challenge\/#breadcrumb","itemListElement":[{"@type":"ListItem","position":1,"name":"Lust and Love","item":"https:\/\/lustandlove.eu\/et\/"},{"@type":"ListItem","position":2,"name":"Pood","item":"https:\/\/lustandlove.eu\/et\/pood\/"},{"@type":"ListItem","position":3,"name":"L\u00f5bu &amp; M\u00e4ngud","item":"https:\/\/lustandlove.eu\/et\/pood\/lobu-mangud\/"},{"@type":"ListItem","position":4,"name":"M\u00e4ngud","item":"https:\/\/lustandlove.eu\/et\/pood\/lobu-mangud\/mangud\/"},{"@type":"ListItem","position":5,"name":"30 P\u00e4eva Romantiline V\u00e4ljakutse"}]},{"@type":"WebSite","@id":"https:\/\/lustandlove.eu\/et\/#website","url":"https:\/\/lustandlove.eu\/et\/","name":"Lust &amp; Love","description":"Online erootikapood tervise, ilu ja armastuse jaoks","publisher":{"@id":"https:\/\/lustandlove.eu\/et\/#organization"},"potentialAction":[{"@type":"SearchAction","target":{"@type":"EntryPoint","urlTemplate":"https:\/\/lustandlove.eu\/et\/?s={search_term_string}"},"query-input":{"@type":"PropertyValueSpecification","valueRequired":true,"valueName":"search_term_string"}}],"inLanguage":"et"},{"@type":"Organization","@id":"https:\/\/lustandlove.eu\/et\/#organization","name":"Bioconcept Baltics O\u00dc","url":"https:\/\/lustandlove.eu\/et\/","logo":{"@type":"ImageObject","inLanguage":"et","@id":"https:\/\/lustandlove.eu\/et\/#\/schema\/logo\/image\/","url":"","contentUrl":"","caption":"Bioconcept Baltics O\u00dc"},"image":{"@id":"https:\/\/lustandlove.eu\/et\/#\/schema\/logo\/image\/"},"sameAs":["https:\/\/www.facebook.com\/LustandLoveEU\/","https:\/\/www.instagram.com\/lustandloveeu\/"]}]}},"_links":{"self":[{"href":"https:\/\/lustandlove.eu\/et\/wp-json\/wp\/v2\/product\/49638","targetHints":{"allow":["GET"]}}],"collection":[{"href":"https:\/\/lustandlove.eu\/et\/wp-json\/wp\/v2\/product"}],"about":[{"href":"https:\/\/lustandlove.eu\/et\/wp-json\/wp\/v2\/types\/product"}],"wp:featuredmedia":[{"embeddable":true,"href":"https:\/\/lustandlove.eu\/et\/wp-json\/wp\/v2\/media\/48988"}],"wp:attachment":[{"href":"https:\/\/lustandlove.eu\/et\/wp-json\/wp\/v2\/media?parent=49638"}],"wp:term":[{"taxonomy":"product_brand","embeddable":true,"href":"https:\/\/lustandlove.eu\/et\/wp-json\/wp\/v2\/product_brand?post=49638"},{"taxonomy":"product_cat","embeddable":true,"href":"https:\/\/lustandlove.eu\/et\/wp-json\/wp\/v2\/product_cat?post=49638"},{"taxonomy":"product_tag","embeddable":true,"href":"https:\/\/lustandlove.eu\/et\/wp-json\/wp\/v2\/product_tag?post=49638"}],"curies":[{"name":"wp","href":"https:\/\/api.w.org\/{rel}","templated":true}]}}