{"id":49644,"date":"2021-09-29T11:02:52","date_gmt":"2021-09-29T08:02:52","guid":{"rendered":"https:\/\/www.lustandlove.eu\/product\/triple-x-orgasmigeel\/"},"modified":"2026-04-13T10:36:51","modified_gmt":"2026-04-13T07:36:51","slug":"triple-x-orgasmigeel","status":"publish","type":"product","link":"https:\/\/lustandlove.eu\/et\/toode\/triple-x-orgasmigeel\/","title":{"rendered":"Triple X Orgasmigeel"},"content":{"rendered":"<div class=\"wpb-content-wrapper\"><p>[vc_row][vc_column][vc_column_text woodmart_inline=&#8221;no&#8221; text_larger=&#8221;no&#8221;]<br \/>\nUnisex naudingut parandav geel Triple X, mis on valmistatud looduslikest koostisosadest, \u00fchendab 3 in 1 efekti. See tekitab k\u00fclma efekti, millele j\u00e4rgneb tule-v\u00fcrtsikas efekt ja l\u00f5peb vibratsiooniga, mis on ideaalne detonaator. See mitte ainult ei sensibiliseeri, vaid v\u00f5imaldab suuremat naudingut intiimsuhetes ja ainulaadset tunnet.<\/p>\n<p>Kuidas kasutada:<br \/>\n-Kandke v\u00e4ike kogus \u00f5rna massaa\u017eiga intiimpiirkonnale.<br \/>\n-Lasta m\u00f5ni minut toimida.<br \/>\n-Meeste intiimses piirkonnas tuleks kasutada suuremat kogust toodet.<br \/>\n-M\u00f5ju kestab umbes 20 minutit ja saab vajadusel uuesti peale kanda.<\/p>\n<p>Ettevaatusabin\u00f5ud:<br \/>\n-Kosmeetikatoode ainult v\u00e4lispidiseks kasutamiseks.<br \/>\n-\u00c4rge kasutage \u00fclitundlikkuse v\u00f5i allergia korral m\u00f5ne koostisosa suhtes.<br \/>\n-\u00c4rrituse korral l\u00f5petage kasutamine.<br \/>\n-\u00c4rge kandke silma\u00fcmbrusele ega haavadele.<br \/>\n-Hoida lastele k\u00e4ttesaamatus kohas.<br \/>\n-Hoida jahedas ja kuivas kohas ning kaitsta p\u00e4ikesevalguse eest.[\/vc_column_text][\/vc_column][\/vc_row]<\/p>\n<\/div>","protected":false},"excerpt":{"rendered":"<p>Unisex naudingut parandav geel Triple X, mis on valmistatud looduslikest koostisosadest, \u00fchendab 3 in 1 efekti.<\/p>\n","protected":false},"featured_media":49422,"template":"","meta":[],"product_brand":[4239],"product_cat":[1464,1460],"product_tag":[3013,3014,3651],"class_list":{"0":"post-49644","1":"product","2":"type-product","3":"status-publish","4":"has-post-thumbnail","6":"product_brand-secret-play-et","7":"product_cat-erutavad-geelid","8":"product_cat-apteek","9":"product_tag-secret-play-et","10":"product_tag-secretplay-et","11":"product_tag-suvi","12":"pa_brand-secret-play-et","14":"first","15":"instock","16":"taxable","17":"shipping-taxable","18":"purchasable","19":"product-type-simple"},"yoast_head":"<!-- This site is optimized with the Yoast SEO plugin v27.3 - https:\/\/yoast.com\/product\/yoast-seo-wordpress\/ -->\n<title>Triple X Orgasmigeel | Lust and Love<\/title>\n<meta name=\"robots\" content=\"index,follow,max-snippet:-1,max-image-preview:large,max-video-preview:-1\" \/>\n<link rel=\"canonical\" href=\"https:\/\/lustandlove.eu\/et\/toode\/triple-x-orgasmigeel\/\" \/>\n<meta name=\"twitter:card\" content=\"summary_large_image\" \/>\n<meta name=\"twitter:title\" content=\"Triple X Orgasmigeel | Lust and Love\" \/>\n<meta name=\"twitter:description\" content=\"Unisex naudingut parandav geel Triple X, mis on valmistatud looduslikest koostisosadest, \u00fchendab 3 in 1 efekti.\" \/>\n<meta name=\"twitter:image\" content=\"https:\/\/lustandlove.eu\/wp-content\/uploads\/image_c345a5d3-240f-4d6d-a2e5-9cec5a164ef6.jpg\" \/>\n<meta name=\"twitter:label1\" content=\"Est. reading time\" \/>\n\t<meta name=\"twitter:data1\" content=\"2 minutit\" \/>\n<script type=\"application\/ld+json\" class=\"yoast-schema-graph\">{\"@context\":\"https:\\\/\\\/schema.org\",\"@graph\":[{\"@type\":[\"WebPage\",\"ItemPage\"],\"@id\":\"https:\\\/\\\/lustandlove.eu\\\/et\\\/toode\\\/triple-x-orgasmigeel\\\/\",\"url\":\"https:\\\/\\\/lustandlove.eu\\\/et\\\/toode\\\/triple-x-orgasmigeel\\\/\",\"name\":\"Triple X Orgasmigeel | Lust and Love\",\"isPartOf\":{\"@id\":\"https:\\\/\\\/lustandlove.eu\\\/et\\\/#website\"},\"primaryImageOfPage\":{\"@id\":\"https:\\\/\\\/lustandlove.eu\\\/et\\\/toode\\\/triple-x-orgasmigeel\\\/#primaryimage\"},\"image\":{\"@id\":\"https:\\\/\\\/lustandlove.eu\\\/et\\\/toode\\\/triple-x-orgasmigeel\\\/#primaryimage\"},\"thumbnailUrl\":\"https:\\\/\\\/lustandlove.eu\\\/wp-content\\\/uploads\\\/image_c345a5d3-240f-4d6d-a2e5-9cec5a164ef6.jpg\",\"datePublished\":\"2021-09-29T08:02:52+00:00\",\"dateModified\":\"2026-04-13T07:36:51+00:00\",\"breadcrumb\":{\"@id\":\"https:\\\/\\\/lustandlove.eu\\\/et\\\/toode\\\/triple-x-orgasmigeel\\\/#breadcrumb\"},\"inLanguage\":\"et\",\"potentialAction\":[{\"@type\":\"ReadAction\",\"target\":[\"https:\\\/\\\/lustandlove.eu\\\/et\\\/toode\\\/triple-x-orgasmigeel\\\/\"]}]},{\"@type\":\"ImageObject\",\"inLanguage\":\"et\",\"@id\":\"https:\\\/\\\/lustandlove.eu\\\/et\\\/toode\\\/triple-x-orgasmigeel\\\/#primaryimage\",\"url\":\"https:\\\/\\\/lustandlove.eu\\\/wp-content\\\/uploads\\\/image_c345a5d3-240f-4d6d-a2e5-9cec5a164ef6.jpg\",\"contentUrl\":\"https:\\\/\\\/lustandlove.eu\\\/wp-content\\\/uploads\\\/image_c345a5d3-240f-4d6d-a2e5-9cec5a164ef6.jpg\",\"width\":1000,\"height\":1000,\"caption\":\"Triple X - Unisex Pleasure Enhancer Gel\"},{\"@type\":\"BreadcrumbList\",\"@id\":\"https:\\\/\\\/lustandlove.eu\\\/et\\\/toode\\\/triple-x-orgasmigeel\\\/#breadcrumb\",\"itemListElement\":[{\"@type\":\"ListItem\",\"position\":1,\"name\":\"Lust and Love\",\"item\":\"https:\\\/\\\/lustandlove.eu\\\/et\\\/\"},{\"@type\":\"ListItem\",\"position\":2,\"name\":\"Pood\",\"item\":\"https:\\\/\\\/lustandlove.eu\\\/et\\\/pood\\\/\"},{\"@type\":\"ListItem\",\"position\":3,\"name\":\"Libestid ja kehahooldus\",\"item\":\"https:\\\/\\\/lustandlove.eu\\\/et\\\/pood\\\/apteek\\\/\"},{\"@type\":\"ListItem\",\"position\":4,\"name\":\"Triple X Orgasmigeel\"}]},{\"@type\":\"WebSite\",\"@id\":\"https:\\\/\\\/lustandlove.eu\\\/et\\\/#website\",\"url\":\"https:\\\/\\\/lustandlove.eu\\\/et\\\/\",\"name\":\"Lust &amp; Love\",\"description\":\"Online erootikapood tervise, ilu ja armastuse jaoks\",\"publisher\":{\"@id\":\"https:\\\/\\\/lustandlove.eu\\\/et\\\/#organization\"},\"potentialAction\":[{\"@type\":\"SearchAction\",\"target\":{\"@type\":\"EntryPoint\",\"urlTemplate\":\"https:\\\/\\\/lustandlove.eu\\\/et\\\/?s={search_term_string}\"},\"query-input\":{\"@type\":\"PropertyValueSpecification\",\"valueRequired\":true,\"valueName\":\"search_term_string\"}}],\"inLanguage\":\"et\"},{\"@type\":\"Organization\",\"@id\":\"https:\\\/\\\/lustandlove.eu\\\/et\\\/#organization\",\"name\":\"Bioconcept Baltics O\u00dc\",\"url\":\"https:\\\/\\\/lustandlove.eu\\\/et\\\/\",\"logo\":{\"@type\":\"ImageObject\",\"inLanguage\":\"et\",\"@id\":\"https:\\\/\\\/lustandlove.eu\\\/et\\\/#\\\/schema\\\/logo\\\/image\\\/\",\"url\":\"\",\"contentUrl\":\"\",\"caption\":\"Bioconcept Baltics O\u00dc\"},\"image\":{\"@id\":\"https:\\\/\\\/lustandlove.eu\\\/et\\\/#\\\/schema\\\/logo\\\/image\\\/\"},\"sameAs\":[\"https:\\\/\\\/www.facebook.com\\\/LustandLoveEU\\\/\",\"https:\\\/\\\/www.instagram.com\\\/lustandloveeu\\\/\"]}]}<\/script>\n<!-- \/ Yoast SEO plugin. -->","yoast_head_json":{"title":"Triple X Orgasmigeel | Lust and Love","robots":{"index,follow,max-snippet":"index,follow,max-snippet:-1,max-image-preview:large,max-video-preview:-1"},"canonical":"https:\/\/lustandlove.eu\/et\/toode\/triple-x-orgasmigeel\/","twitter_card":"summary_large_image","twitter_title":"Triple X Orgasmigeel | Lust and Love","twitter_description":"Unisex naudingut parandav geel Triple X, mis on valmistatud looduslikest koostisosadest, \u00fchendab 3 in 1 efekti.","twitter_image":"https:\/\/lustandlove.eu\/wp-content\/uploads\/image_c345a5d3-240f-4d6d-a2e5-9cec5a164ef6.jpg","twitter_misc":{"Est. reading time":"2 minutit"},"schema":{"@context":"https:\/\/schema.org","@graph":[{"@type":["WebPage","ItemPage"],"@id":"https:\/\/lustandlove.eu\/et\/toode\/triple-x-orgasmigeel\/","url":"https:\/\/lustandlove.eu\/et\/toode\/triple-x-orgasmigeel\/","name":"Triple X Orgasmigeel | Lust and Love","isPartOf":{"@id":"https:\/\/lustandlove.eu\/et\/#website"},"primaryImageOfPage":{"@id":"https:\/\/lustandlove.eu\/et\/toode\/triple-x-orgasmigeel\/#primaryimage"},"image":{"@id":"https:\/\/lustandlove.eu\/et\/toode\/triple-x-orgasmigeel\/#primaryimage"},"thumbnailUrl":"https:\/\/lustandlove.eu\/wp-content\/uploads\/image_c345a5d3-240f-4d6d-a2e5-9cec5a164ef6.jpg","datePublished":"2021-09-29T08:02:52+00:00","dateModified":"2026-04-13T07:36:51+00:00","breadcrumb":{"@id":"https:\/\/lustandlove.eu\/et\/toode\/triple-x-orgasmigeel\/#breadcrumb"},"inLanguage":"et","potentialAction":[{"@type":"ReadAction","target":["https:\/\/lustandlove.eu\/et\/toode\/triple-x-orgasmigeel\/"]}]},{"@type":"ImageObject","inLanguage":"et","@id":"https:\/\/lustandlove.eu\/et\/toode\/triple-x-orgasmigeel\/#primaryimage","url":"https:\/\/lustandlove.eu\/wp-content\/uploads\/image_c345a5d3-240f-4d6d-a2e5-9cec5a164ef6.jpg","contentUrl":"https:\/\/lustandlove.eu\/wp-content\/uploads\/image_c345a5d3-240f-4d6d-a2e5-9cec5a164ef6.jpg","width":1000,"height":1000,"caption":"Triple X - Unisex Pleasure Enhancer Gel"},{"@type":"BreadcrumbList","@id":"https:\/\/lustandlove.eu\/et\/toode\/triple-x-orgasmigeel\/#breadcrumb","itemListElement":[{"@type":"ListItem","position":1,"name":"Lust and Love","item":"https:\/\/lustandlove.eu\/et\/"},{"@type":"ListItem","position":2,"name":"Pood","item":"https:\/\/lustandlove.eu\/et\/pood\/"},{"@type":"ListItem","position":3,"name":"Libestid ja kehahooldus","item":"https:\/\/lustandlove.eu\/et\/pood\/apteek\/"},{"@type":"ListItem","position":4,"name":"Triple X Orgasmigeel"}]},{"@type":"WebSite","@id":"https:\/\/lustandlove.eu\/et\/#website","url":"https:\/\/lustandlove.eu\/et\/","name":"Lust &amp; Love","description":"Online erootikapood tervise, ilu ja armastuse jaoks","publisher":{"@id":"https:\/\/lustandlove.eu\/et\/#organization"},"potentialAction":[{"@type":"SearchAction","target":{"@type":"EntryPoint","urlTemplate":"https:\/\/lustandlove.eu\/et\/?s={search_term_string}"},"query-input":{"@type":"PropertyValueSpecification","valueRequired":true,"valueName":"search_term_string"}}],"inLanguage":"et"},{"@type":"Organization","@id":"https:\/\/lustandlove.eu\/et\/#organization","name":"Bioconcept Baltics O\u00dc","url":"https:\/\/lustandlove.eu\/et\/","logo":{"@type":"ImageObject","inLanguage":"et","@id":"https:\/\/lustandlove.eu\/et\/#\/schema\/logo\/image\/","url":"","contentUrl":"","caption":"Bioconcept Baltics O\u00dc"},"image":{"@id":"https:\/\/lustandlove.eu\/et\/#\/schema\/logo\/image\/"},"sameAs":["https:\/\/www.facebook.com\/LustandLoveEU\/","https:\/\/www.instagram.com\/lustandloveeu\/"]}]}},"_links":{"self":[{"href":"https:\/\/lustandlove.eu\/et\/wp-json\/wp\/v2\/product\/49644","targetHints":{"allow":["GET"]}}],"collection":[{"href":"https:\/\/lustandlove.eu\/et\/wp-json\/wp\/v2\/product"}],"about":[{"href":"https:\/\/lustandlove.eu\/et\/wp-json\/wp\/v2\/types\/product"}],"wp:featuredmedia":[{"embeddable":true,"href":"https:\/\/lustandlove.eu\/et\/wp-json\/wp\/v2\/media\/49422"}],"wp:attachment":[{"href":"https:\/\/lustandlove.eu\/et\/wp-json\/wp\/v2\/media?parent=49644"}],"wp:term":[{"taxonomy":"product_brand","embeddable":true,"href":"https:\/\/lustandlove.eu\/et\/wp-json\/wp\/v2\/product_brand?post=49644"},{"taxonomy":"product_cat","embeddable":true,"href":"https:\/\/lustandlove.eu\/et\/wp-json\/wp\/v2\/product_cat?post=49644"},{"taxonomy":"product_tag","embeddable":true,"href":"https:\/\/lustandlove.eu\/et\/wp-json\/wp\/v2\/product_tag?post=49644"}],"curies":[{"name":"wp","href":"https:\/\/api.w.org\/{rel}","templated":true}]}}