{"id":49648,"date":"2021-09-29T10:08:14","date_gmt":"2021-09-29T07:08:14","guid":{"rendered":"https:\/\/www.lustandlove.eu\/product\/seks-linnas-reisikomplekt\/"},"modified":"2026-04-13T10:36:51","modified_gmt":"2026-04-13T07:36:51","slug":"seks-linnas-reisikomplekt","status":"publish","type":"product","link":"https:\/\/lustandlove.eu\/et\/toode\/seks-linnas-reisikomplekt\/","title":{"rendered":"Seks Linnas Reisikomplekt"},"content":{"rendered":"<div class=\"wpb-content-wrapper\"><p>[vc_row][vc_column][vc_column_text woodmart_inline=&#8221;no&#8221; text_larger=&#8221;no&#8221;]<br \/>\nPlaanite oma partneriga romantilist puhkust ja soovite selle puhkuse sisustada siivutute plaanidega ning lisada juurde p\u00f5nevust?<\/p>\n<p>Komplektis olevad kaardid lasevad sul oma m\u00f5tted valla lasta, et kogeda p\u00f5nevaid ja ootamatuid sensuaalseid hetki.<\/p>\n<p>M\u00e4ng sisaldab:<\/p>\n<p>40 \u00fclesandekaarti<br \/>\n1 bullet vibraator<br \/>\n1 Kamasutra t\u00e4ring<br \/>\n1 virsiku ja vahuveini massaa\u017ei\u00f5li kotike (10 ml)<br \/>\n1 maasika-vahukoore kotike (10 ml)<br \/>\n1 vedel naudingut suurendav geeli kotike (2 ml)<\/p>\n<p>Sobib ideaalseks nii m\u00f5ne kui ka \u00fchep\u00e4evaseks puhkuseks. Lisaks soovi korral ei pea kodust lahkumagi ning m\u00e4ngida seda m\u00e4ngu koos partneriga \u00f5htul fantaseerides, et olete reisil.<\/p>\n<p>M\u00e4ngu keel: Hispaania\/Inglise\/Saksa\/Prantuse\/Hollandi\/Portugali[\/vc_column_text][\/vc_column][\/vc_row]<\/p>\n<\/div>","protected":false},"excerpt":{"rendered":"<p>Plaanite oma partneriga romantilist puhkust ja soovite selle puhkuse sisustada siivutute plaanidega ning lisada juurde p\u00f5nevust?<\/p>\n","protected":false},"featured_media":49282,"template":"","meta":[],"product_brand":[4239],"product_cat":[4009,4012],"product_tag":[3013,3014],"class_list":{"0":"post-49648","1":"product","2":"type-product","3":"status-publish","4":"has-post-thumbnail","6":"product_brand-secret-play-et","7":"product_cat-lobu-mangud","8":"product_cat-reisikomplektid","9":"product_tag-secret-play-et","10":"product_tag-secretplay-et","11":"pa_brand-secret-play-et","13":"first","14":"instock","15":"taxable","16":"shipping-taxable","17":"purchasable","18":"product-type-simple"},"yoast_head":"<!-- This site is optimized with the Yoast SEO plugin v27.3 - https:\/\/yoast.com\/product\/yoast-seo-wordpress\/ -->\n<title>Seks Linnas Reisikomplekt | Lust and Love<\/title>\n<meta name=\"robots\" content=\"index,follow,max-snippet:-1,max-image-preview:large,max-video-preview:-1\" \/>\n<link rel=\"canonical\" href=\"https:\/\/lustandlove.eu\/et\/toode\/seks-linnas-reisikomplekt\/\" \/>\n<meta name=\"twitter:card\" content=\"summary_large_image\" \/>\n<meta name=\"twitter:title\" content=\"Seks Linnas Reisikomplekt | Lust and Love\" \/>\n<meta name=\"twitter:description\" content=\"Plaanite oma partneriga romantilist puhkust ja soovite selle puhkuse sisustada siivutute plaanidega ning lisada juurde p\u00f5nevust?\" \/>\n<meta name=\"twitter:image\" content=\"https:\/\/lustandlove.eu\/wp-content\/uploads\/img_75148_b7b8dd7c18b11c8a93291fc158e5834e_20.jpg\" \/>\n<meta name=\"twitter:label1\" content=\"Est. reading time\" \/>\n\t<meta name=\"twitter:data1\" content=\"1 minut\" \/>\n<script type=\"application\/ld+json\" class=\"yoast-schema-graph\">{\"@context\":\"https:\\\/\\\/schema.org\",\"@graph\":[{\"@type\":[\"WebPage\",\"ItemPage\"],\"@id\":\"https:\\\/\\\/lustandlove.eu\\\/et\\\/toode\\\/seks-linnas-reisikomplekt\\\/\",\"url\":\"https:\\\/\\\/lustandlove.eu\\\/et\\\/toode\\\/seks-linnas-reisikomplekt\\\/\",\"name\":\"Seks Linnas Reisikomplekt | Lust and Love\",\"isPartOf\":{\"@id\":\"https:\\\/\\\/lustandlove.eu\\\/et\\\/#website\"},\"primaryImageOfPage\":{\"@id\":\"https:\\\/\\\/lustandlove.eu\\\/et\\\/toode\\\/seks-linnas-reisikomplekt\\\/#primaryimage\"},\"image\":{\"@id\":\"https:\\\/\\\/lustandlove.eu\\\/et\\\/toode\\\/seks-linnas-reisikomplekt\\\/#primaryimage\"},\"thumbnailUrl\":\"https:\\\/\\\/lustandlove.eu\\\/wp-content\\\/uploads\\\/img_75148_b7b8dd7c18b11c8a93291fc158e5834e_20.jpg\",\"datePublished\":\"2021-09-29T07:08:14+00:00\",\"dateModified\":\"2026-04-13T07:36:51+00:00\",\"breadcrumb\":{\"@id\":\"https:\\\/\\\/lustandlove.eu\\\/et\\\/toode\\\/seks-linnas-reisikomplekt\\\/#breadcrumb\"},\"inLanguage\":\"et\",\"potentialAction\":[{\"@type\":\"ReadAction\",\"target\":[\"https:\\\/\\\/lustandlove.eu\\\/et\\\/toode\\\/seks-linnas-reisikomplekt\\\/\"]}]},{\"@type\":\"ImageObject\",\"inLanguage\":\"et\",\"@id\":\"https:\\\/\\\/lustandlove.eu\\\/et\\\/toode\\\/seks-linnas-reisikomplekt\\\/#primaryimage\",\"url\":\"https:\\\/\\\/lustandlove.eu\\\/wp-content\\\/uploads\\\/img_75148_b7b8dd7c18b11c8a93291fc158e5834e_20.jpg\",\"contentUrl\":\"https:\\\/\\\/lustandlove.eu\\\/wp-content\\\/uploads\\\/img_75148_b7b8dd7c18b11c8a93291fc158e5834e_20.jpg\",\"width\":500,\"height\":500,\"caption\":\"Sex in The City Travel Kit\"},{\"@type\":\"BreadcrumbList\",\"@id\":\"https:\\\/\\\/lustandlove.eu\\\/et\\\/toode\\\/seks-linnas-reisikomplekt\\\/#breadcrumb\",\"itemListElement\":[{\"@type\":\"ListItem\",\"position\":1,\"name\":\"Lust and Love\",\"item\":\"https:\\\/\\\/lustandlove.eu\\\/et\\\/\"},{\"@type\":\"ListItem\",\"position\":2,\"name\":\"Pood\",\"item\":\"https:\\\/\\\/lustandlove.eu\\\/et\\\/pood\\\/\"},{\"@type\":\"ListItem\",\"position\":3,\"name\":\"L\u00f5bu &amp; M\u00e4ngud\",\"item\":\"https:\\\/\\\/lustandlove.eu\\\/et\\\/pood\\\/lobu-mangud\\\/\"},{\"@type\":\"ListItem\",\"position\":4,\"name\":\"Reisikomplektid\",\"item\":\"https:\\\/\\\/lustandlove.eu\\\/et\\\/pood\\\/lobu-mangud\\\/reisikomplektid\\\/\"},{\"@type\":\"ListItem\",\"position\":5,\"name\":\"Seks Linnas Reisikomplekt\"}]},{\"@type\":\"WebSite\",\"@id\":\"https:\\\/\\\/lustandlove.eu\\\/et\\\/#website\",\"url\":\"https:\\\/\\\/lustandlove.eu\\\/et\\\/\",\"name\":\"Lust &amp; Love\",\"description\":\"Online erootikapood tervise, ilu ja armastuse jaoks\",\"publisher\":{\"@id\":\"https:\\\/\\\/lustandlove.eu\\\/et\\\/#organization\"},\"potentialAction\":[{\"@type\":\"SearchAction\",\"target\":{\"@type\":\"EntryPoint\",\"urlTemplate\":\"https:\\\/\\\/lustandlove.eu\\\/et\\\/?s={search_term_string}\"},\"query-input\":{\"@type\":\"PropertyValueSpecification\",\"valueRequired\":true,\"valueName\":\"search_term_string\"}}],\"inLanguage\":\"et\"},{\"@type\":\"Organization\",\"@id\":\"https:\\\/\\\/lustandlove.eu\\\/et\\\/#organization\",\"name\":\"Bioconcept Baltics O\u00dc\",\"url\":\"https:\\\/\\\/lustandlove.eu\\\/et\\\/\",\"logo\":{\"@type\":\"ImageObject\",\"inLanguage\":\"et\",\"@id\":\"https:\\\/\\\/lustandlove.eu\\\/et\\\/#\\\/schema\\\/logo\\\/image\\\/\",\"url\":\"\",\"contentUrl\":\"\",\"caption\":\"Bioconcept Baltics O\u00dc\"},\"image\":{\"@id\":\"https:\\\/\\\/lustandlove.eu\\\/et\\\/#\\\/schema\\\/logo\\\/image\\\/\"},\"sameAs\":[\"https:\\\/\\\/www.facebook.com\\\/LustandLoveEU\\\/\",\"https:\\\/\\\/www.instagram.com\\\/lustandloveeu\\\/\"]}]}<\/script>\n<!-- \/ Yoast SEO plugin. -->","yoast_head_json":{"title":"Seks Linnas Reisikomplekt | Lust and Love","robots":{"index,follow,max-snippet":"index,follow,max-snippet:-1,max-image-preview:large,max-video-preview:-1"},"canonical":"https:\/\/lustandlove.eu\/et\/toode\/seks-linnas-reisikomplekt\/","twitter_card":"summary_large_image","twitter_title":"Seks Linnas Reisikomplekt | Lust and Love","twitter_description":"Plaanite oma partneriga romantilist puhkust ja soovite selle puhkuse sisustada siivutute plaanidega ning lisada juurde p\u00f5nevust?","twitter_image":"https:\/\/lustandlove.eu\/wp-content\/uploads\/img_75148_b7b8dd7c18b11c8a93291fc158e5834e_20.jpg","twitter_misc":{"Est. reading time":"1 minut"},"schema":{"@context":"https:\/\/schema.org","@graph":[{"@type":["WebPage","ItemPage"],"@id":"https:\/\/lustandlove.eu\/et\/toode\/seks-linnas-reisikomplekt\/","url":"https:\/\/lustandlove.eu\/et\/toode\/seks-linnas-reisikomplekt\/","name":"Seks Linnas Reisikomplekt | Lust and Love","isPartOf":{"@id":"https:\/\/lustandlove.eu\/et\/#website"},"primaryImageOfPage":{"@id":"https:\/\/lustandlove.eu\/et\/toode\/seks-linnas-reisikomplekt\/#primaryimage"},"image":{"@id":"https:\/\/lustandlove.eu\/et\/toode\/seks-linnas-reisikomplekt\/#primaryimage"},"thumbnailUrl":"https:\/\/lustandlove.eu\/wp-content\/uploads\/img_75148_b7b8dd7c18b11c8a93291fc158e5834e_20.jpg","datePublished":"2021-09-29T07:08:14+00:00","dateModified":"2026-04-13T07:36:51+00:00","breadcrumb":{"@id":"https:\/\/lustandlove.eu\/et\/toode\/seks-linnas-reisikomplekt\/#breadcrumb"},"inLanguage":"et","potentialAction":[{"@type":"ReadAction","target":["https:\/\/lustandlove.eu\/et\/toode\/seks-linnas-reisikomplekt\/"]}]},{"@type":"ImageObject","inLanguage":"et","@id":"https:\/\/lustandlove.eu\/et\/toode\/seks-linnas-reisikomplekt\/#primaryimage","url":"https:\/\/lustandlove.eu\/wp-content\/uploads\/img_75148_b7b8dd7c18b11c8a93291fc158e5834e_20.jpg","contentUrl":"https:\/\/lustandlove.eu\/wp-content\/uploads\/img_75148_b7b8dd7c18b11c8a93291fc158e5834e_20.jpg","width":500,"height":500,"caption":"Sex in The City Travel Kit"},{"@type":"BreadcrumbList","@id":"https:\/\/lustandlove.eu\/et\/toode\/seks-linnas-reisikomplekt\/#breadcrumb","itemListElement":[{"@type":"ListItem","position":1,"name":"Lust and Love","item":"https:\/\/lustandlove.eu\/et\/"},{"@type":"ListItem","position":2,"name":"Pood","item":"https:\/\/lustandlove.eu\/et\/pood\/"},{"@type":"ListItem","position":3,"name":"L\u00f5bu &amp; M\u00e4ngud","item":"https:\/\/lustandlove.eu\/et\/pood\/lobu-mangud\/"},{"@type":"ListItem","position":4,"name":"Reisikomplektid","item":"https:\/\/lustandlove.eu\/et\/pood\/lobu-mangud\/reisikomplektid\/"},{"@type":"ListItem","position":5,"name":"Seks Linnas Reisikomplekt"}]},{"@type":"WebSite","@id":"https:\/\/lustandlove.eu\/et\/#website","url":"https:\/\/lustandlove.eu\/et\/","name":"Lust &amp; Love","description":"Online erootikapood tervise, ilu ja armastuse jaoks","publisher":{"@id":"https:\/\/lustandlove.eu\/et\/#organization"},"potentialAction":[{"@type":"SearchAction","target":{"@type":"EntryPoint","urlTemplate":"https:\/\/lustandlove.eu\/et\/?s={search_term_string}"},"query-input":{"@type":"PropertyValueSpecification","valueRequired":true,"valueName":"search_term_string"}}],"inLanguage":"et"},{"@type":"Organization","@id":"https:\/\/lustandlove.eu\/et\/#organization","name":"Bioconcept Baltics O\u00dc","url":"https:\/\/lustandlove.eu\/et\/","logo":{"@type":"ImageObject","inLanguage":"et","@id":"https:\/\/lustandlove.eu\/et\/#\/schema\/logo\/image\/","url":"","contentUrl":"","caption":"Bioconcept Baltics O\u00dc"},"image":{"@id":"https:\/\/lustandlove.eu\/et\/#\/schema\/logo\/image\/"},"sameAs":["https:\/\/www.facebook.com\/LustandLoveEU\/","https:\/\/www.instagram.com\/lustandloveeu\/"]}]}},"_links":{"self":[{"href":"https:\/\/lustandlove.eu\/et\/wp-json\/wp\/v2\/product\/49648","targetHints":{"allow":["GET"]}}],"collection":[{"href":"https:\/\/lustandlove.eu\/et\/wp-json\/wp\/v2\/product"}],"about":[{"href":"https:\/\/lustandlove.eu\/et\/wp-json\/wp\/v2\/types\/product"}],"wp:featuredmedia":[{"embeddable":true,"href":"https:\/\/lustandlove.eu\/et\/wp-json\/wp\/v2\/media\/49282"}],"wp:attachment":[{"href":"https:\/\/lustandlove.eu\/et\/wp-json\/wp\/v2\/media?parent=49648"}],"wp:term":[{"taxonomy":"product_brand","embeddable":true,"href":"https:\/\/lustandlove.eu\/et\/wp-json\/wp\/v2\/product_brand?post=49648"},{"taxonomy":"product_cat","embeddable":true,"href":"https:\/\/lustandlove.eu\/et\/wp-json\/wp\/v2\/product_cat?post=49648"},{"taxonomy":"product_tag","embeddable":true,"href":"https:\/\/lustandlove.eu\/et\/wp-json\/wp\/v2\/product_tag?post=49648"}],"curies":[{"name":"wp","href":"https:\/\/api.w.org\/{rel}","templated":true}]}}