{"id":49694,"date":"2021-09-28T15:24:11","date_gmt":"2021-09-28T12:24:11","guid":{"rendered":"https:\/\/www.lustandlove.eu\/product\/orgasmigeel-soojenev-vedel-vibraator\/"},"modified":"2026-04-13T10:36:53","modified_gmt":"2026-04-13T07:36:53","slug":"orgasmigeel-soojenev-vedel-vibraator","status":"publish","type":"product","link":"https:\/\/lustandlove.eu\/et\/toode\/orgasmigeel-soojenev-vedel-vibraator\/","title":{"rendered":"Orgasmigeel Soojenev &#8220;Vedel Vibraator&#8221;"},"content":{"rendered":"<div class=\"wpb-content-wrapper\"><p>[vc_row][vc_column][vc_column_text woodmart_inline=&#8221;no&#8221; text_larger=&#8221;no&#8221;]<br \/>\nVedel Vibraator on orgasmigeel, mis stimuleerib su intiimpiirkondi, ajades neid kihelema t\u00e4nu vibratsioonilainetele. Soojenev effekt lisab veelgi m\u00f5nu, ning maasikate ja kreemi aroom muudab \u00f5hkkonna veelgi inteemsemaks. Nii saate koos partneriga m\u00f5lemad nautida midagi uut ja sensuaalset.<\/p>\n<h3><strong>Kasutamine<\/strong><\/h3>\n<p>-Kanna v\u00e4ike kogus geeli intiimpiirkonnale<br \/>\n-Lase m\u00f5ni minut toimida<br \/>\n-Vibratsioonieffekt kestab kuni 20 minutit, peale mida saad geeli alati juurde lisada[\/vc_column_text][\/vc_column][\/vc_row]<\/p>\n<\/div>","protected":false},"excerpt":{"rendered":"<p>Vedel Vibraator on orgasmigeel, mis stimuleerib su intiimpiirkondi, ajades neid kihelema t\u00e4nu vibratsioonilainetele. Soojenev effekt lisab veelgi m\u00f5nu, ning maasikate ja kreemi aroom muudab \u00f5hkkonna veelgi inteemsemaks.<\/p>\n","protected":false},"featured_media":86594,"template":"","meta":[],"product_brand":[4239],"product_cat":[1464,1460],"product_tag":[3773,3013,3014,3444],"class_list":{"0":"post-49694","1":"product","2":"type-product","3":"status-publish","4":"has-post-thumbnail","6":"product_brand-secret-play-et","7":"product_cat-erutavad-geelid","8":"product_cat-apteek","9":"product_tag-meditsiin","10":"product_tag-secret-play-et","11":"product_tag-secretplay-et","12":"product_tag-sugis","13":"pa_brand-secret-play-et","15":"first","16":"instock","17":"taxable","18":"shipping-taxable","19":"purchasable","20":"product-type-simple"},"yoast_head":"<!-- This site is optimized with the Yoast SEO plugin v27.3 - https:\/\/yoast.com\/product\/yoast-seo-wordpress\/ -->\n<title>Orgasmigeel Soojenev &quot;Vedel Vibraator&quot; | Lust and Love<\/title>\n<meta name=\"robots\" content=\"index,follow,max-snippet:-1,max-image-preview:large,max-video-preview:-1\" \/>\n<link rel=\"canonical\" href=\"https:\/\/lustandlove.eu\/et\/toode\/orgasmigeel-soojenev-vedel-vibraator\/\" \/>\n<meta name=\"twitter:card\" content=\"summary_large_image\" \/>\n<meta name=\"twitter:title\" content=\"Orgasmigeel Soojenev &quot;Vedel Vibraator&quot; | Lust and Love\" \/>\n<meta name=\"twitter:description\" content=\"Vedel Vibraator on orgasmigeel, mis stimuleerib su intiimpiirkondi, ajades neid kihelema t\u00e4nu vibratsioonilainetele. Soojenev effekt lisab veelgi m\u00f5nu, ning maasikate ja kreemi aroom muudab \u00f5hkkonna veelgi inteemsemaks.\" \/>\n<meta name=\"twitter:image\" content=\"https:\/\/lustandlove.eu\/wp-content\/uploads\/Hot_Vibrator458.jpg\" \/>\n<meta name=\"twitter:label1\" content=\"Est. reading time\" \/>\n\t<meta name=\"twitter:data1\" content=\"1 minut\" \/>\n<script type=\"application\/ld+json\" class=\"yoast-schema-graph\">{\"@context\":\"https:\\\/\\\/schema.org\",\"@graph\":[{\"@type\":[\"WebPage\",\"ItemPage\"],\"@id\":\"https:\\\/\\\/lustandlove.eu\\\/et\\\/toode\\\/orgasmigeel-soojenev-vedel-vibraator\\\/\",\"url\":\"https:\\\/\\\/lustandlove.eu\\\/et\\\/toode\\\/orgasmigeel-soojenev-vedel-vibraator\\\/\",\"name\":\"Orgasmigeel Soojenev \\\"Vedel Vibraator\\\" | Lust and Love\",\"isPartOf\":{\"@id\":\"https:\\\/\\\/lustandlove.eu\\\/et\\\/#website\"},\"primaryImageOfPage\":{\"@id\":\"https:\\\/\\\/lustandlove.eu\\\/et\\\/toode\\\/orgasmigeel-soojenev-vedel-vibraator\\\/#primaryimage\"},\"image\":{\"@id\":\"https:\\\/\\\/lustandlove.eu\\\/et\\\/toode\\\/orgasmigeel-soojenev-vedel-vibraator\\\/#primaryimage\"},\"thumbnailUrl\":\"https:\\\/\\\/lustandlove.eu\\\/wp-content\\\/uploads\\\/Hot_Vibrator458.jpg\",\"datePublished\":\"2021-09-28T12:24:11+00:00\",\"dateModified\":\"2026-04-13T07:36:53+00:00\",\"breadcrumb\":{\"@id\":\"https:\\\/\\\/lustandlove.eu\\\/et\\\/toode\\\/orgasmigeel-soojenev-vedel-vibraator\\\/#breadcrumb\"},\"inLanguage\":\"et\",\"potentialAction\":[{\"@type\":\"ReadAction\",\"target\":[\"https:\\\/\\\/lustandlove.eu\\\/et\\\/toode\\\/orgasmigeel-soojenev-vedel-vibraator\\\/\"]}]},{\"@type\":\"ImageObject\",\"inLanguage\":\"et\",\"@id\":\"https:\\\/\\\/lustandlove.eu\\\/et\\\/toode\\\/orgasmigeel-soojenev-vedel-vibraator\\\/#primaryimage\",\"url\":\"https:\\\/\\\/lustandlove.eu\\\/wp-content\\\/uploads\\\/Hot_Vibrator458.jpg\",\"contentUrl\":\"https:\\\/\\\/lustandlove.eu\\\/wp-content\\\/uploads\\\/Hot_Vibrator458.jpg\",\"width\":708,\"height\":707},{\"@type\":\"BreadcrumbList\",\"@id\":\"https:\\\/\\\/lustandlove.eu\\\/et\\\/toode\\\/orgasmigeel-soojenev-vedel-vibraator\\\/#breadcrumb\",\"itemListElement\":[{\"@type\":\"ListItem\",\"position\":1,\"name\":\"Lust and Love\",\"item\":\"https:\\\/\\\/lustandlove.eu\\\/et\\\/\"},{\"@type\":\"ListItem\",\"position\":2,\"name\":\"Pood\",\"item\":\"https:\\\/\\\/lustandlove.eu\\\/et\\\/pood\\\/\"},{\"@type\":\"ListItem\",\"position\":3,\"name\":\"Libestid ja kehahooldus\",\"item\":\"https:\\\/\\\/lustandlove.eu\\\/et\\\/pood\\\/apteek\\\/\"},{\"@type\":\"ListItem\",\"position\":4,\"name\":\"Orgasmigeel Soojenev &#8220;Vedel Vibraator&#8221;\"}]},{\"@type\":\"WebSite\",\"@id\":\"https:\\\/\\\/lustandlove.eu\\\/et\\\/#website\",\"url\":\"https:\\\/\\\/lustandlove.eu\\\/et\\\/\",\"name\":\"Lust &amp; Love\",\"description\":\"Online erootikapood tervise, ilu ja armastuse jaoks\",\"publisher\":{\"@id\":\"https:\\\/\\\/lustandlove.eu\\\/et\\\/#organization\"},\"potentialAction\":[{\"@type\":\"SearchAction\",\"target\":{\"@type\":\"EntryPoint\",\"urlTemplate\":\"https:\\\/\\\/lustandlove.eu\\\/et\\\/?s={search_term_string}\"},\"query-input\":{\"@type\":\"PropertyValueSpecification\",\"valueRequired\":true,\"valueName\":\"search_term_string\"}}],\"inLanguage\":\"et\"},{\"@type\":\"Organization\",\"@id\":\"https:\\\/\\\/lustandlove.eu\\\/et\\\/#organization\",\"name\":\"Bioconcept Baltics O\u00dc\",\"url\":\"https:\\\/\\\/lustandlove.eu\\\/et\\\/\",\"logo\":{\"@type\":\"ImageObject\",\"inLanguage\":\"et\",\"@id\":\"https:\\\/\\\/lustandlove.eu\\\/et\\\/#\\\/schema\\\/logo\\\/image\\\/\",\"url\":\"\",\"contentUrl\":\"\",\"caption\":\"Bioconcept Baltics O\u00dc\"},\"image\":{\"@id\":\"https:\\\/\\\/lustandlove.eu\\\/et\\\/#\\\/schema\\\/logo\\\/image\\\/\"},\"sameAs\":[\"https:\\\/\\\/www.facebook.com\\\/LustandLoveEU\\\/\",\"https:\\\/\\\/www.instagram.com\\\/lustandloveeu\\\/\"]}]}<\/script>\n<!-- \/ Yoast SEO plugin. -->","yoast_head_json":{"title":"Orgasmigeel Soojenev \"Vedel Vibraator\" | Lust and Love","robots":{"index,follow,max-snippet":"index,follow,max-snippet:-1,max-image-preview:large,max-video-preview:-1"},"canonical":"https:\/\/lustandlove.eu\/et\/toode\/orgasmigeel-soojenev-vedel-vibraator\/","twitter_card":"summary_large_image","twitter_title":"Orgasmigeel Soojenev \"Vedel Vibraator\" | Lust and Love","twitter_description":"Vedel Vibraator on orgasmigeel, mis stimuleerib su intiimpiirkondi, ajades neid kihelema t\u00e4nu vibratsioonilainetele. Soojenev effekt lisab veelgi m\u00f5nu, ning maasikate ja kreemi aroom muudab \u00f5hkkonna veelgi inteemsemaks.","twitter_image":"https:\/\/lustandlove.eu\/wp-content\/uploads\/Hot_Vibrator458.jpg","twitter_misc":{"Est. reading time":"1 minut"},"schema":{"@context":"https:\/\/schema.org","@graph":[{"@type":["WebPage","ItemPage"],"@id":"https:\/\/lustandlove.eu\/et\/toode\/orgasmigeel-soojenev-vedel-vibraator\/","url":"https:\/\/lustandlove.eu\/et\/toode\/orgasmigeel-soojenev-vedel-vibraator\/","name":"Orgasmigeel Soojenev \"Vedel Vibraator\" | Lust and Love","isPartOf":{"@id":"https:\/\/lustandlove.eu\/et\/#website"},"primaryImageOfPage":{"@id":"https:\/\/lustandlove.eu\/et\/toode\/orgasmigeel-soojenev-vedel-vibraator\/#primaryimage"},"image":{"@id":"https:\/\/lustandlove.eu\/et\/toode\/orgasmigeel-soojenev-vedel-vibraator\/#primaryimage"},"thumbnailUrl":"https:\/\/lustandlove.eu\/wp-content\/uploads\/Hot_Vibrator458.jpg","datePublished":"2021-09-28T12:24:11+00:00","dateModified":"2026-04-13T07:36:53+00:00","breadcrumb":{"@id":"https:\/\/lustandlove.eu\/et\/toode\/orgasmigeel-soojenev-vedel-vibraator\/#breadcrumb"},"inLanguage":"et","potentialAction":[{"@type":"ReadAction","target":["https:\/\/lustandlove.eu\/et\/toode\/orgasmigeel-soojenev-vedel-vibraator\/"]}]},{"@type":"ImageObject","inLanguage":"et","@id":"https:\/\/lustandlove.eu\/et\/toode\/orgasmigeel-soojenev-vedel-vibraator\/#primaryimage","url":"https:\/\/lustandlove.eu\/wp-content\/uploads\/Hot_Vibrator458.jpg","contentUrl":"https:\/\/lustandlove.eu\/wp-content\/uploads\/Hot_Vibrator458.jpg","width":708,"height":707},{"@type":"BreadcrumbList","@id":"https:\/\/lustandlove.eu\/et\/toode\/orgasmigeel-soojenev-vedel-vibraator\/#breadcrumb","itemListElement":[{"@type":"ListItem","position":1,"name":"Lust and Love","item":"https:\/\/lustandlove.eu\/et\/"},{"@type":"ListItem","position":2,"name":"Pood","item":"https:\/\/lustandlove.eu\/et\/pood\/"},{"@type":"ListItem","position":3,"name":"Libestid ja kehahooldus","item":"https:\/\/lustandlove.eu\/et\/pood\/apteek\/"},{"@type":"ListItem","position":4,"name":"Orgasmigeel Soojenev &#8220;Vedel Vibraator&#8221;"}]},{"@type":"WebSite","@id":"https:\/\/lustandlove.eu\/et\/#website","url":"https:\/\/lustandlove.eu\/et\/","name":"Lust &amp; Love","description":"Online erootikapood tervise, ilu ja armastuse jaoks","publisher":{"@id":"https:\/\/lustandlove.eu\/et\/#organization"},"potentialAction":[{"@type":"SearchAction","target":{"@type":"EntryPoint","urlTemplate":"https:\/\/lustandlove.eu\/et\/?s={search_term_string}"},"query-input":{"@type":"PropertyValueSpecification","valueRequired":true,"valueName":"search_term_string"}}],"inLanguage":"et"},{"@type":"Organization","@id":"https:\/\/lustandlove.eu\/et\/#organization","name":"Bioconcept Baltics O\u00dc","url":"https:\/\/lustandlove.eu\/et\/","logo":{"@type":"ImageObject","inLanguage":"et","@id":"https:\/\/lustandlove.eu\/et\/#\/schema\/logo\/image\/","url":"","contentUrl":"","caption":"Bioconcept Baltics O\u00dc"},"image":{"@id":"https:\/\/lustandlove.eu\/et\/#\/schema\/logo\/image\/"},"sameAs":["https:\/\/www.facebook.com\/LustandLoveEU\/","https:\/\/www.instagram.com\/lustandloveeu\/"]}]}},"_links":{"self":[{"href":"https:\/\/lustandlove.eu\/et\/wp-json\/wp\/v2\/product\/49694","targetHints":{"allow":["GET"]}}],"collection":[{"href":"https:\/\/lustandlove.eu\/et\/wp-json\/wp\/v2\/product"}],"about":[{"href":"https:\/\/lustandlove.eu\/et\/wp-json\/wp\/v2\/types\/product"}],"wp:featuredmedia":[{"embeddable":true,"href":"https:\/\/lustandlove.eu\/et\/wp-json\/wp\/v2\/media\/86594"}],"wp:attachment":[{"href":"https:\/\/lustandlove.eu\/et\/wp-json\/wp\/v2\/media?parent=49694"}],"wp:term":[{"taxonomy":"product_brand","embeddable":true,"href":"https:\/\/lustandlove.eu\/et\/wp-json\/wp\/v2\/product_brand?post=49694"},{"taxonomy":"product_cat","embeddable":true,"href":"https:\/\/lustandlove.eu\/et\/wp-json\/wp\/v2\/product_cat?post=49694"},{"taxonomy":"product_tag","embeddable":true,"href":"https:\/\/lustandlove.eu\/et\/wp-json\/wp\/v2\/product_tag?post=49694"}],"curies":[{"name":"wp","href":"https:\/\/api.w.org\/{rel}","templated":true}]}}