{"id":49704,"date":"2021-07-14T14:35:10","date_gmt":"2021-07-14T11:35:10","guid":{"rendered":"https:\/\/www.lustandlove.eu\/product\/rejouissance-fragrance-50ml-dented-package\/"},"modified":"2026-04-13T10:37:01","modified_gmt":"2026-04-13T07:37:01","slug":"rejouissance-fragrance-50ml-dented-package","status":"publish","type":"product","link":"https:\/\/lustandlove.eu\/et\/toode\/rejouissance-fragrance-50ml-dented-package\/","title":{"rendered":"L\u00f5hna\u00f5li Naistele 50ml (Kahjustatud Pakend)"},"content":{"rendered":"<div class=\"wpb-content-wrapper\"><p>[vc_row][vc_column][vc_column_text woodmart_inline=&#8221;no&#8221; text_larger=&#8221;no&#8221;]<br \/>\n<strong>Komisjonim\u00fc\u00fcgist leiate tooted, mille pakendid on transpordi k\u00e4igus kahju saanud, kuid pakendis sees olevad tooted on s\u00e4ilitanud oma esialgse kvaliteedi. Komisjonim\u00fc\u00fcgist on hea v\u00f5imalus osta neid samu tooteid, mis meie e-poes m\u00fc\u00fcgil on soodsamalt, kui toote pakendi esteetiline olukord teid ei h\u00e4iri.<\/strong><\/p>\n<p>YESforLOV\u00a0parf\u00fc\u00fcm naistele sisaldab v\u00fcrtsikat kahvilaimi, vanilli ja datlit.<\/p>\n<p>Tuleb pritsida kas keha peale (pulseerivad kohad, kaelaluu vahel ja v\u00f5i mitte s\u00fcnteetilise riiete peale, sest s\u00fcnteetika ei lase l\u00e4bi feromoonid). Feromoonid on l\u00f5hnatu, l\u00f5hna annab parf\u00fc\u00fcm. Feromoonide parf\u00fc\u00fcmi m\u00f5ju kestab kuni 6 tundi.[\/vc_column_text][\/vc_column][\/vc_row]<\/p>\n<\/div>","protected":false},"excerpt":{"rendered":"<h3><strong>Komisjonim\u00fc\u00fcgist leiate tooted, mille pakendid on transpordi k\u00e4igus kahju saanud, kuid pakendis sees olevad tooted on s\u00e4ilitanud oma esialgse kvaliteedi. Komisjonim\u00fc\u00fcgist on hea v\u00f5imalus osta neid samu tooteid, mis meie e-poes m\u00fc\u00fcgil on soodsamalt, kui toote pakendi esteetiline olukord teid ei h\u00e4iri.<\/strong><\/h3>\n","protected":false},"featured_media":48162,"template":"","meta":[],"product_brand":[4248],"product_cat":[1503],"product_tag":[],"class_list":{"0":"post-49704","1":"product","2":"type-product","3":"status-publish","4":"has-post-thumbnail","6":"product_brand-yesforlov-et","7":"product_cat-pakendiveaga-tooted","8":"pa_brand-yesforlov-et","10":"first","11":"instock","12":"sale","13":"taxable","14":"shipping-taxable","15":"purchasable","16":"product-type-simple"},"yoast_head":"<!-- This site is optimized with the Yoast SEO plugin v27.3 - https:\/\/yoast.com\/product\/yoast-seo-wordpress\/ -->\n<title>Rejouissance Fragrance - Designed Like A Thrilling Crecendo of Romance<\/title>\n<meta name=\"description\" content=\"Rejouissance Fragrance is a fresh and generous approach. Rejouissance arrives on the scene with tangy kaffir lime notes. Say YESforLOV!\" \/>\n<meta name=\"robots\" content=\"index,follow,max-snippet:-1,max-image-preview:large,max-video-preview:-1\" \/>\n<link rel=\"canonical\" href=\"https:\/\/lustandlove.eu\/et\/toode\/rejouissance-fragrance-50ml-dented-package\/\" \/>\n<meta name=\"twitter:card\" content=\"summary_large_image\" \/>\n<meta name=\"twitter:title\" content=\"Rejouissance Fragrance - Designed Like A Thrilling Crecendo of Romance\" \/>\n<meta name=\"twitter:description\" content=\"Rejouissance Fragrance is a fresh and generous approach. Rejouissance arrives on the scene with tangy kaffir lime notes. Say YESforLOV!\" \/>\n<meta name=\"twitter:image\" content=\"https:\/\/lustandlove.eu\/wp-content\/uploads\/IMG20210709104612-scaled.jpg\" \/>\n<meta name=\"twitter:label1\" content=\"Est. reading time\" \/>\n\t<meta name=\"twitter:data1\" content=\"1 minut\" \/>\n<script type=\"application\/ld+json\" class=\"yoast-schema-graph\">{\"@context\":\"https:\\\/\\\/schema.org\",\"@graph\":[{\"@type\":[\"WebPage\",\"ItemPage\"],\"@id\":\"https:\\\/\\\/lustandlove.eu\\\/et\\\/toode\\\/rejouissance-fragrance-50ml-dented-package\\\/\",\"url\":\"https:\\\/\\\/lustandlove.eu\\\/et\\\/toode\\\/rejouissance-fragrance-50ml-dented-package\\\/\",\"name\":\"Rejouissance Fragrance - Designed Like A Thrilling Crecendo of Romance\",\"isPartOf\":{\"@id\":\"https:\\\/\\\/lustandlove.eu\\\/et\\\/#website\"},\"primaryImageOfPage\":{\"@id\":\"https:\\\/\\\/lustandlove.eu\\\/et\\\/toode\\\/rejouissance-fragrance-50ml-dented-package\\\/#primaryimage\"},\"image\":{\"@id\":\"https:\\\/\\\/lustandlove.eu\\\/et\\\/toode\\\/rejouissance-fragrance-50ml-dented-package\\\/#primaryimage\"},\"thumbnailUrl\":\"https:\\\/\\\/lustandlove.eu\\\/wp-content\\\/uploads\\\/IMG20210709104612-scaled.jpg\",\"datePublished\":\"2021-07-14T11:35:10+00:00\",\"dateModified\":\"2026-04-13T07:37:01+00:00\",\"description\":\"Rejouissance Fragrance is a fresh and generous approach. Rejouissance arrives on the scene with tangy kaffir lime notes. Say YESforLOV!\",\"breadcrumb\":{\"@id\":\"https:\\\/\\\/lustandlove.eu\\\/et\\\/toode\\\/rejouissance-fragrance-50ml-dented-package\\\/#breadcrumb\"},\"inLanguage\":\"et\",\"potentialAction\":[{\"@type\":\"ReadAction\",\"target\":[\"https:\\\/\\\/lustandlove.eu\\\/et\\\/toode\\\/rejouissance-fragrance-50ml-dented-package\\\/\"]}]},{\"@type\":\"ImageObject\",\"inLanguage\":\"et\",\"@id\":\"https:\\\/\\\/lustandlove.eu\\\/et\\\/toode\\\/rejouissance-fragrance-50ml-dented-package\\\/#primaryimage\",\"url\":\"https:\\\/\\\/lustandlove.eu\\\/wp-content\\\/uploads\\\/IMG20210709104612-scaled.jpg\",\"contentUrl\":\"https:\\\/\\\/lustandlove.eu\\\/wp-content\\\/uploads\\\/IMG20210709104612-scaled.jpg\",\"width\":1920,\"height\":2560},{\"@type\":\"BreadcrumbList\",\"@id\":\"https:\\\/\\\/lustandlove.eu\\\/et\\\/toode\\\/rejouissance-fragrance-50ml-dented-package\\\/#breadcrumb\",\"itemListElement\":[{\"@type\":\"ListItem\",\"position\":1,\"name\":\"Lust and Love\",\"item\":\"https:\\\/\\\/lustandlove.eu\\\/et\\\/\"},{\"@type\":\"ListItem\",\"position\":2,\"name\":\"Pood\",\"item\":\"https:\\\/\\\/lustandlove.eu\\\/et\\\/pood\\\/\"},{\"@type\":\"ListItem\",\"position\":3,\"name\":\"Pakkumised\",\"item\":\"https:\\\/\\\/lustandlove.eu\\\/et\\\/pood\\\/pakkumised\\\/\"},{\"@type\":\"ListItem\",\"position\":4,\"name\":\"Pakendiveaga Tooted\",\"item\":\"https:\\\/\\\/lustandlove.eu\\\/et\\\/pood\\\/pakkumised\\\/pakendiveaga-tooted\\\/\"},{\"@type\":\"ListItem\",\"position\":5,\"name\":\"L\u00f5hna\u00f5li Naistele 50ml (Kahjustatud Pakend)\"}]},{\"@type\":\"WebSite\",\"@id\":\"https:\\\/\\\/lustandlove.eu\\\/et\\\/#website\",\"url\":\"https:\\\/\\\/lustandlove.eu\\\/et\\\/\",\"name\":\"Lust &amp; Love\",\"description\":\"Online erootikapood tervise, ilu ja armastuse jaoks\",\"publisher\":{\"@id\":\"https:\\\/\\\/lustandlove.eu\\\/et\\\/#organization\"},\"potentialAction\":[{\"@type\":\"SearchAction\",\"target\":{\"@type\":\"EntryPoint\",\"urlTemplate\":\"https:\\\/\\\/lustandlove.eu\\\/et\\\/?s={search_term_string}\"},\"query-input\":{\"@type\":\"PropertyValueSpecification\",\"valueRequired\":true,\"valueName\":\"search_term_string\"}}],\"inLanguage\":\"et\"},{\"@type\":\"Organization\",\"@id\":\"https:\\\/\\\/lustandlove.eu\\\/et\\\/#organization\",\"name\":\"Bioconcept Baltics O\u00dc\",\"url\":\"https:\\\/\\\/lustandlove.eu\\\/et\\\/\",\"logo\":{\"@type\":\"ImageObject\",\"inLanguage\":\"et\",\"@id\":\"https:\\\/\\\/lustandlove.eu\\\/et\\\/#\\\/schema\\\/logo\\\/image\\\/\",\"url\":\"\",\"contentUrl\":\"\",\"caption\":\"Bioconcept Baltics O\u00dc\"},\"image\":{\"@id\":\"https:\\\/\\\/lustandlove.eu\\\/et\\\/#\\\/schema\\\/logo\\\/image\\\/\"},\"sameAs\":[\"https:\\\/\\\/www.facebook.com\\\/LustandLoveEU\\\/\",\"https:\\\/\\\/www.instagram.com\\\/lustandloveeu\\\/\"]}]}<\/script>\n<!-- \/ Yoast SEO plugin. -->","yoast_head_json":{"title":"Rejouissance Fragrance - Designed Like A Thrilling Crecendo of Romance","description":"Rejouissance Fragrance is a fresh and generous approach. Rejouissance arrives on the scene with tangy kaffir lime notes. Say YESforLOV!","robots":{"index,follow,max-snippet":"index,follow,max-snippet:-1,max-image-preview:large,max-video-preview:-1"},"canonical":"https:\/\/lustandlove.eu\/et\/toode\/rejouissance-fragrance-50ml-dented-package\/","twitter_card":"summary_large_image","twitter_title":"Rejouissance Fragrance - Designed Like A Thrilling Crecendo of Romance","twitter_description":"Rejouissance Fragrance is a fresh and generous approach. Rejouissance arrives on the scene with tangy kaffir lime notes. Say YESforLOV!","twitter_image":"https:\/\/lustandlove.eu\/wp-content\/uploads\/IMG20210709104612-scaled.jpg","twitter_misc":{"Est. reading time":"1 minut"},"schema":{"@context":"https:\/\/schema.org","@graph":[{"@type":["WebPage","ItemPage"],"@id":"https:\/\/lustandlove.eu\/et\/toode\/rejouissance-fragrance-50ml-dented-package\/","url":"https:\/\/lustandlove.eu\/et\/toode\/rejouissance-fragrance-50ml-dented-package\/","name":"Rejouissance Fragrance - Designed Like A Thrilling Crecendo of Romance","isPartOf":{"@id":"https:\/\/lustandlove.eu\/et\/#website"},"primaryImageOfPage":{"@id":"https:\/\/lustandlove.eu\/et\/toode\/rejouissance-fragrance-50ml-dented-package\/#primaryimage"},"image":{"@id":"https:\/\/lustandlove.eu\/et\/toode\/rejouissance-fragrance-50ml-dented-package\/#primaryimage"},"thumbnailUrl":"https:\/\/lustandlove.eu\/wp-content\/uploads\/IMG20210709104612-scaled.jpg","datePublished":"2021-07-14T11:35:10+00:00","dateModified":"2026-04-13T07:37:01+00:00","description":"Rejouissance Fragrance is a fresh and generous approach. Rejouissance arrives on the scene with tangy kaffir lime notes. Say YESforLOV!","breadcrumb":{"@id":"https:\/\/lustandlove.eu\/et\/toode\/rejouissance-fragrance-50ml-dented-package\/#breadcrumb"},"inLanguage":"et","potentialAction":[{"@type":"ReadAction","target":["https:\/\/lustandlove.eu\/et\/toode\/rejouissance-fragrance-50ml-dented-package\/"]}]},{"@type":"ImageObject","inLanguage":"et","@id":"https:\/\/lustandlove.eu\/et\/toode\/rejouissance-fragrance-50ml-dented-package\/#primaryimage","url":"https:\/\/lustandlove.eu\/wp-content\/uploads\/IMG20210709104612-scaled.jpg","contentUrl":"https:\/\/lustandlove.eu\/wp-content\/uploads\/IMG20210709104612-scaled.jpg","width":1920,"height":2560},{"@type":"BreadcrumbList","@id":"https:\/\/lustandlove.eu\/et\/toode\/rejouissance-fragrance-50ml-dented-package\/#breadcrumb","itemListElement":[{"@type":"ListItem","position":1,"name":"Lust and Love","item":"https:\/\/lustandlove.eu\/et\/"},{"@type":"ListItem","position":2,"name":"Pood","item":"https:\/\/lustandlove.eu\/et\/pood\/"},{"@type":"ListItem","position":3,"name":"Pakkumised","item":"https:\/\/lustandlove.eu\/et\/pood\/pakkumised\/"},{"@type":"ListItem","position":4,"name":"Pakendiveaga Tooted","item":"https:\/\/lustandlove.eu\/et\/pood\/pakkumised\/pakendiveaga-tooted\/"},{"@type":"ListItem","position":5,"name":"L\u00f5hna\u00f5li Naistele 50ml (Kahjustatud Pakend)"}]},{"@type":"WebSite","@id":"https:\/\/lustandlove.eu\/et\/#website","url":"https:\/\/lustandlove.eu\/et\/","name":"Lust &amp; Love","description":"Online erootikapood tervise, ilu ja armastuse jaoks","publisher":{"@id":"https:\/\/lustandlove.eu\/et\/#organization"},"potentialAction":[{"@type":"SearchAction","target":{"@type":"EntryPoint","urlTemplate":"https:\/\/lustandlove.eu\/et\/?s={search_term_string}"},"query-input":{"@type":"PropertyValueSpecification","valueRequired":true,"valueName":"search_term_string"}}],"inLanguage":"et"},{"@type":"Organization","@id":"https:\/\/lustandlove.eu\/et\/#organization","name":"Bioconcept Baltics O\u00dc","url":"https:\/\/lustandlove.eu\/et\/","logo":{"@type":"ImageObject","inLanguage":"et","@id":"https:\/\/lustandlove.eu\/et\/#\/schema\/logo\/image\/","url":"","contentUrl":"","caption":"Bioconcept Baltics O\u00dc"},"image":{"@id":"https:\/\/lustandlove.eu\/et\/#\/schema\/logo\/image\/"},"sameAs":["https:\/\/www.facebook.com\/LustandLoveEU\/","https:\/\/www.instagram.com\/lustandloveeu\/"]}]}},"_links":{"self":[{"href":"https:\/\/lustandlove.eu\/et\/wp-json\/wp\/v2\/product\/49704","targetHints":{"allow":["GET"]}}],"collection":[{"href":"https:\/\/lustandlove.eu\/et\/wp-json\/wp\/v2\/product"}],"about":[{"href":"https:\/\/lustandlove.eu\/et\/wp-json\/wp\/v2\/types\/product"}],"wp:featuredmedia":[{"embeddable":true,"href":"https:\/\/lustandlove.eu\/et\/wp-json\/wp\/v2\/media\/48162"}],"wp:attachment":[{"href":"https:\/\/lustandlove.eu\/et\/wp-json\/wp\/v2\/media?parent=49704"}],"wp:term":[{"taxonomy":"product_brand","embeddable":true,"href":"https:\/\/lustandlove.eu\/et\/wp-json\/wp\/v2\/product_brand?post=49704"},{"taxonomy":"product_cat","embeddable":true,"href":"https:\/\/lustandlove.eu\/et\/wp-json\/wp\/v2\/product_cat?post=49704"},{"taxonomy":"product_tag","embeddable":true,"href":"https:\/\/lustandlove.eu\/et\/wp-json\/wp\/v2\/product_tag?post=49704"}],"curies":[{"name":"wp","href":"https:\/\/api.w.org\/{rel}","templated":true}]}}