{"id":49707,"date":"2021-07-14T13:58:33","date_gmt":"2021-07-14T10:58:33","guid":{"rendered":"https:\/\/www.lustandlove.eu\/product\/ultimate-lubricants-medium-dented-package\/"},"modified":"2026-04-13T10:37:02","modified_gmt":"2026-04-13T07:37:02","slug":"ultimate-lubricants-medium-dented-package","status":"publish","type":"product","link":"https:\/\/lustandlove.eu\/et\/toode\/ultimate-lubricants-medium-dented-package\/","title":{"rendered":"Ultimate Libesti Keskmine (Kahjustatud Pakend)"},"content":{"rendered":"<div class=\"wpb-content-wrapper\"><p>[vc_row][vc_column][vc_column_text woodmart_inline=&#8221;no&#8221; text_larger=&#8221;no&#8221;]<br \/>\n<strong>Komisjonim\u00fc\u00fcgist leiate tooted, mille pakendid on transpordi k\u00e4igus kahju saanud, kuid pakendis sees olevad tooted on s\u00e4ilitanud oma esialgse kvaliteedi. Komisjonim\u00fc\u00fcgist on hea v\u00f5imalus osta neid samu tooteid, mis meie e-poes m\u00fc\u00fcgil on soodsamalt, kui toote pakendi esteetiline olukord teid ei h\u00e4iri.<\/strong><\/p>\n<p>YESforLOV Ultimate Lubricant on libesti, mis pakub pikajalist kestvust ning on mitmeti kasutatav. See on l\u00f5hnavaba, ei tundu rasvane ning ei j\u00e4ta kleepuvaks. Kasutamise ajal on see siidiselt pehme ning muudab vahekorrad tunduvalt mugavamaks.<br \/>\n[\/vc_column_text][vc_column_text woodmart_inline=&#8221;no&#8221; text_larger=&#8221;no&#8221;]<\/p>\n<p class=\"p2\">The YESforLOV Ultimate Lubricants 150 ML offers very long-lasting performance and multi-purpose sexual relations. Fragrance-free, non-greasy, and non-sticky texture, the YESforLOV Ultimate Lubricant ensures a velvety touch and unparalleled sensual comfort. It has been designed to make sex better, easier, and more playful for everyone.<\/p>\n<p>[\/vc_column_text][vc_column_text woodmart_inline=&#8221;no&#8221; text_larger=&#8221;no&#8221;]<\/p>\n<p class=\"p2\"><strong>The light consistency<\/strong> is ideal for massaging the body and intimate parts. Its silky and fluid texture leaves your skin soft and satin-smooth while ensures a lubricating effect that will make you forget you&#8217;re there.<\/p>\n<p class=\"p2\"><strong>The medium consistency<\/strong> is ideal for playful and naughty love affairs. Its perfect texture reduces friction and ensures comfortable and pleasant sensations during lovemaking.<\/p>\n<p class=\"p2\"><strong>The thick consistency<\/strong> is ideal for sustained sexual intercourse of rare intensity. Its thick, ultra-coaty texture ensures unlimited and painless penetration.<\/p>\n<p>[\/vc_column_text][vc_column_text woodmart_inline=&#8221;no&#8221; text_larger=&#8221;no&#8221;]<\/p>\n<h3 class=\"p3\"><strong>Respect for your skin<\/strong><\/h3>\n<p class=\"p4\"><span class=\"s1\">The YESforLOV Ultimate lubricant <\/span>has been tested by gynecologists. Suitable for all types of mucus membranes, even the most delicate areas.<\/p>\n<p class=\"p4\"><strong>Cosmetovigilance:<\/strong> No undesirable effects have been reported to date.<\/p>\n<p>[\/vc_column_text][vc_column_text woodmart_inline=&#8221;no&#8221; text_larger=&#8221;no&#8221;]<\/p>\n<h3 class=\"p3\"><strong>Recommendations for use<\/strong><\/h3>\n<p class=\"p4\"><strong>Specific storage conditions:<\/strong><\/p>\n<p class=\"p4\">Store out of direct sunlight at room temperature.<\/p>\n<p class=\"p2\"><strong>Cautions\/precautions to take:<\/strong><\/p>\n<p class=\"p4\">&#8211; The YESforLOV Ultimate Lubricant is not a contraceptive.<\/p>\n<p class=\"p4\">&#8211; Do not use in the event of skin lesions.<\/p>\n<p class=\"p4\">&#8211; In the event of a skin reaction, you are recommended to stop the treatment and consult a doctor.<\/p>\n<p class=\"p4\">&#8211; Do not apply in combination with other products in the same zone without medical advice.<\/p>\n<p class=\"p4\">&#8211; In the event of contact with the eyes, rinse thoroughly with water.<\/p>\n<p class=\"p2\"><span class=\"s2\">Period after opening: <\/span>12 months after opening<\/p>\n<p>[\/vc_column_text][\/vc_column][\/vc_row]<\/p>\n<\/div>","protected":false},"excerpt":{"rendered":"<p><strong>Komisjonim\u00fc\u00fcgist leiate tooted, mille pakendid on transpordi k\u00e4igus kahju saanud, kuid pakendis sees olevad tooted on s\u00e4ilitanud oma esialgse kvaliteedi. Komisjonim\u00fc\u00fcgist on hea v\u00f5imalus osta neid samu tooteid, mis meie e-poes m\u00fc\u00fcgil on soodsamalt, kui toote pakendi esteetiline olukord teid ei h\u00e4iri.<\/strong><\/p>\n","protected":false},"featured_media":48156,"template":"","meta":[],"product_brand":[4248],"product_cat":[1503],"product_tag":[],"class_list":{"0":"post-49707","1":"product","2":"type-product","3":"status-publish","4":"has-post-thumbnail","6":"product_brand-yesforlov-et","7":"product_cat-pakendiveaga-tooted","8":"pa_brand-yesforlov-et","10":"first","11":"instock","12":"sale","13":"taxable","14":"shipping-taxable","15":"purchasable","16":"product-type-simple"},"yoast_head":"<!-- This site is optimized with the Yoast SEO plugin v27.3 - https:\/\/yoast.com\/product\/yoast-seo-wordpress\/ -->\n<title>Ultimate Libesti Keskmine (Kahjustatud Pakend) | Lust and Love<\/title>\n<meta name=\"description\" content=\"The YESforLOV Ultimate Lubricants 150 ML offers very long-lasting performance.\u00a0Fragrance-free, non-greasy and non-sticky texture.\" \/>\n<meta name=\"robots\" content=\"index,follow,max-snippet:-1,max-image-preview:large,max-video-preview:-1\" \/>\n<link rel=\"canonical\" href=\"https:\/\/lustandlove.eu\/et\/toode\/ultimate-lubricants-medium-dented-package\/\" \/>\n<meta name=\"twitter:card\" content=\"summary_large_image\" \/>\n<meta name=\"twitter:title\" content=\"Ultimate Libesti Keskmine (Kahjustatud Pakend) | Lust and Love\" \/>\n<meta name=\"twitter:description\" content=\"The YESforLOV Ultimate Lubricants 150 ML offers very long-lasting performance.\u00a0Fragrance-free, non-greasy and non-sticky texture.\" \/>\n<meta name=\"twitter:image\" content=\"https:\/\/lustandlove.eu\/wp-content\/uploads\/218384000_395492235245478_2463743693642001142_n.jpg\" \/>\n<meta name=\"twitter:label1\" content=\"Est. reading time\" \/>\n\t<meta name=\"twitter:data1\" content=\"2 minutit\" \/>\n<script type=\"application\/ld+json\" class=\"yoast-schema-graph\">{\"@context\":\"https:\\\/\\\/schema.org\",\"@graph\":[{\"@type\":[\"WebPage\",\"ItemPage\"],\"@id\":\"https:\\\/\\\/lustandlove.eu\\\/et\\\/toode\\\/ultimate-lubricants-medium-dented-package\\\/\",\"url\":\"https:\\\/\\\/lustandlove.eu\\\/et\\\/toode\\\/ultimate-lubricants-medium-dented-package\\\/\",\"name\":\"Ultimate Libesti Keskmine (Kahjustatud Pakend) | Lust and Love\",\"isPartOf\":{\"@id\":\"https:\\\/\\\/lustandlove.eu\\\/et\\\/#website\"},\"primaryImageOfPage\":{\"@id\":\"https:\\\/\\\/lustandlove.eu\\\/et\\\/toode\\\/ultimate-lubricants-medium-dented-package\\\/#primaryimage\"},\"image\":{\"@id\":\"https:\\\/\\\/lustandlove.eu\\\/et\\\/toode\\\/ultimate-lubricants-medium-dented-package\\\/#primaryimage\"},\"thumbnailUrl\":\"https:\\\/\\\/lustandlove.eu\\\/wp-content\\\/uploads\\\/218384000_395492235245478_2463743693642001142_n.jpg\",\"datePublished\":\"2021-07-14T10:58:33+00:00\",\"dateModified\":\"2026-04-13T07:37:02+00:00\",\"description\":\"The YESforLOV Ultimate Lubricants 150 ML offers very long-lasting performance.\u00a0Fragrance-free, non-greasy and non-sticky texture.\",\"breadcrumb\":{\"@id\":\"https:\\\/\\\/lustandlove.eu\\\/et\\\/toode\\\/ultimate-lubricants-medium-dented-package\\\/#breadcrumb\"},\"inLanguage\":\"et\",\"potentialAction\":[{\"@type\":\"ReadAction\",\"target\":[\"https:\\\/\\\/lustandlove.eu\\\/et\\\/toode\\\/ultimate-lubricants-medium-dented-package\\\/\"]}]},{\"@type\":\"ImageObject\",\"inLanguage\":\"et\",\"@id\":\"https:\\\/\\\/lustandlove.eu\\\/et\\\/toode\\\/ultimate-lubricants-medium-dented-package\\\/#primaryimage\",\"url\":\"https:\\\/\\\/lustandlove.eu\\\/wp-content\\\/uploads\\\/218384000_395492235245478_2463743693642001142_n.jpg\",\"contentUrl\":\"https:\\\/\\\/lustandlove.eu\\\/wp-content\\\/uploads\\\/218384000_395492235245478_2463743693642001142_n.jpg\",\"width\":720,\"height\":960},{\"@type\":\"BreadcrumbList\",\"@id\":\"https:\\\/\\\/lustandlove.eu\\\/et\\\/toode\\\/ultimate-lubricants-medium-dented-package\\\/#breadcrumb\",\"itemListElement\":[{\"@type\":\"ListItem\",\"position\":1,\"name\":\"Lust and Love\",\"item\":\"https:\\\/\\\/lustandlove.eu\\\/et\\\/\"},{\"@type\":\"ListItem\",\"position\":2,\"name\":\"Pood\",\"item\":\"https:\\\/\\\/lustandlove.eu\\\/et\\\/pood\\\/\"},{\"@type\":\"ListItem\",\"position\":3,\"name\":\"Pakkumised\",\"item\":\"https:\\\/\\\/lustandlove.eu\\\/et\\\/pood\\\/pakkumised\\\/\"},{\"@type\":\"ListItem\",\"position\":4,\"name\":\"Pakendiveaga Tooted\",\"item\":\"https:\\\/\\\/lustandlove.eu\\\/et\\\/pood\\\/pakkumised\\\/pakendiveaga-tooted\\\/\"},{\"@type\":\"ListItem\",\"position\":5,\"name\":\"Ultimate Libesti Keskmine (Kahjustatud Pakend)\"}]},{\"@type\":\"WebSite\",\"@id\":\"https:\\\/\\\/lustandlove.eu\\\/et\\\/#website\",\"url\":\"https:\\\/\\\/lustandlove.eu\\\/et\\\/\",\"name\":\"Lust &amp; Love\",\"description\":\"Online erootikapood tervise, ilu ja armastuse jaoks\",\"publisher\":{\"@id\":\"https:\\\/\\\/lustandlove.eu\\\/et\\\/#organization\"},\"potentialAction\":[{\"@type\":\"SearchAction\",\"target\":{\"@type\":\"EntryPoint\",\"urlTemplate\":\"https:\\\/\\\/lustandlove.eu\\\/et\\\/?s={search_term_string}\"},\"query-input\":{\"@type\":\"PropertyValueSpecification\",\"valueRequired\":true,\"valueName\":\"search_term_string\"}}],\"inLanguage\":\"et\"},{\"@type\":\"Organization\",\"@id\":\"https:\\\/\\\/lustandlove.eu\\\/et\\\/#organization\",\"name\":\"Bioconcept Baltics O\u00dc\",\"url\":\"https:\\\/\\\/lustandlove.eu\\\/et\\\/\",\"logo\":{\"@type\":\"ImageObject\",\"inLanguage\":\"et\",\"@id\":\"https:\\\/\\\/lustandlove.eu\\\/et\\\/#\\\/schema\\\/logo\\\/image\\\/\",\"url\":\"\",\"contentUrl\":\"\",\"caption\":\"Bioconcept Baltics O\u00dc\"},\"image\":{\"@id\":\"https:\\\/\\\/lustandlove.eu\\\/et\\\/#\\\/schema\\\/logo\\\/image\\\/\"},\"sameAs\":[\"https:\\\/\\\/www.facebook.com\\\/LustandLoveEU\\\/\",\"https:\\\/\\\/www.instagram.com\\\/lustandloveeu\\\/\"]}]}<\/script>\n<!-- \/ Yoast SEO plugin. -->","yoast_head_json":{"title":"Ultimate Libesti Keskmine (Kahjustatud Pakend) | Lust and Love","description":"The YESforLOV Ultimate Lubricants 150 ML offers very long-lasting performance.\u00a0Fragrance-free, non-greasy and non-sticky texture.","robots":{"index,follow,max-snippet":"index,follow,max-snippet:-1,max-image-preview:large,max-video-preview:-1"},"canonical":"https:\/\/lustandlove.eu\/et\/toode\/ultimate-lubricants-medium-dented-package\/","twitter_card":"summary_large_image","twitter_title":"Ultimate Libesti Keskmine (Kahjustatud Pakend) | Lust and Love","twitter_description":"The YESforLOV Ultimate Lubricants 150 ML offers very long-lasting performance.\u00a0Fragrance-free, non-greasy and non-sticky texture.","twitter_image":"https:\/\/lustandlove.eu\/wp-content\/uploads\/218384000_395492235245478_2463743693642001142_n.jpg","twitter_misc":{"Est. reading time":"2 minutit"},"schema":{"@context":"https:\/\/schema.org","@graph":[{"@type":["WebPage","ItemPage"],"@id":"https:\/\/lustandlove.eu\/et\/toode\/ultimate-lubricants-medium-dented-package\/","url":"https:\/\/lustandlove.eu\/et\/toode\/ultimate-lubricants-medium-dented-package\/","name":"Ultimate Libesti Keskmine (Kahjustatud Pakend) | Lust and Love","isPartOf":{"@id":"https:\/\/lustandlove.eu\/et\/#website"},"primaryImageOfPage":{"@id":"https:\/\/lustandlove.eu\/et\/toode\/ultimate-lubricants-medium-dented-package\/#primaryimage"},"image":{"@id":"https:\/\/lustandlove.eu\/et\/toode\/ultimate-lubricants-medium-dented-package\/#primaryimage"},"thumbnailUrl":"https:\/\/lustandlove.eu\/wp-content\/uploads\/218384000_395492235245478_2463743693642001142_n.jpg","datePublished":"2021-07-14T10:58:33+00:00","dateModified":"2026-04-13T07:37:02+00:00","description":"The YESforLOV Ultimate Lubricants 150 ML offers very long-lasting performance.\u00a0Fragrance-free, non-greasy and non-sticky texture.","breadcrumb":{"@id":"https:\/\/lustandlove.eu\/et\/toode\/ultimate-lubricants-medium-dented-package\/#breadcrumb"},"inLanguage":"et","potentialAction":[{"@type":"ReadAction","target":["https:\/\/lustandlove.eu\/et\/toode\/ultimate-lubricants-medium-dented-package\/"]}]},{"@type":"ImageObject","inLanguage":"et","@id":"https:\/\/lustandlove.eu\/et\/toode\/ultimate-lubricants-medium-dented-package\/#primaryimage","url":"https:\/\/lustandlove.eu\/wp-content\/uploads\/218384000_395492235245478_2463743693642001142_n.jpg","contentUrl":"https:\/\/lustandlove.eu\/wp-content\/uploads\/218384000_395492235245478_2463743693642001142_n.jpg","width":720,"height":960},{"@type":"BreadcrumbList","@id":"https:\/\/lustandlove.eu\/et\/toode\/ultimate-lubricants-medium-dented-package\/#breadcrumb","itemListElement":[{"@type":"ListItem","position":1,"name":"Lust and Love","item":"https:\/\/lustandlove.eu\/et\/"},{"@type":"ListItem","position":2,"name":"Pood","item":"https:\/\/lustandlove.eu\/et\/pood\/"},{"@type":"ListItem","position":3,"name":"Pakkumised","item":"https:\/\/lustandlove.eu\/et\/pood\/pakkumised\/"},{"@type":"ListItem","position":4,"name":"Pakendiveaga Tooted","item":"https:\/\/lustandlove.eu\/et\/pood\/pakkumised\/pakendiveaga-tooted\/"},{"@type":"ListItem","position":5,"name":"Ultimate Libesti Keskmine (Kahjustatud Pakend)"}]},{"@type":"WebSite","@id":"https:\/\/lustandlove.eu\/et\/#website","url":"https:\/\/lustandlove.eu\/et\/","name":"Lust &amp; Love","description":"Online erootikapood tervise, ilu ja armastuse jaoks","publisher":{"@id":"https:\/\/lustandlove.eu\/et\/#organization"},"potentialAction":[{"@type":"SearchAction","target":{"@type":"EntryPoint","urlTemplate":"https:\/\/lustandlove.eu\/et\/?s={search_term_string}"},"query-input":{"@type":"PropertyValueSpecification","valueRequired":true,"valueName":"search_term_string"}}],"inLanguage":"et"},{"@type":"Organization","@id":"https:\/\/lustandlove.eu\/et\/#organization","name":"Bioconcept Baltics O\u00dc","url":"https:\/\/lustandlove.eu\/et\/","logo":{"@type":"ImageObject","inLanguage":"et","@id":"https:\/\/lustandlove.eu\/et\/#\/schema\/logo\/image\/","url":"","contentUrl":"","caption":"Bioconcept Baltics O\u00dc"},"image":{"@id":"https:\/\/lustandlove.eu\/et\/#\/schema\/logo\/image\/"},"sameAs":["https:\/\/www.facebook.com\/LustandLoveEU\/","https:\/\/www.instagram.com\/lustandloveeu\/"]}]}},"_links":{"self":[{"href":"https:\/\/lustandlove.eu\/et\/wp-json\/wp\/v2\/product\/49707","targetHints":{"allow":["GET"]}}],"collection":[{"href":"https:\/\/lustandlove.eu\/et\/wp-json\/wp\/v2\/product"}],"about":[{"href":"https:\/\/lustandlove.eu\/et\/wp-json\/wp\/v2\/types\/product"}],"wp:featuredmedia":[{"embeddable":true,"href":"https:\/\/lustandlove.eu\/et\/wp-json\/wp\/v2\/media\/48156"}],"wp:attachment":[{"href":"https:\/\/lustandlove.eu\/et\/wp-json\/wp\/v2\/media?parent=49707"}],"wp:term":[{"taxonomy":"product_brand","embeddable":true,"href":"https:\/\/lustandlove.eu\/et\/wp-json\/wp\/v2\/product_brand?post=49707"},{"taxonomy":"product_cat","embeddable":true,"href":"https:\/\/lustandlove.eu\/et\/wp-json\/wp\/v2\/product_cat?post=49707"},{"taxonomy":"product_tag","embeddable":true,"href":"https:\/\/lustandlove.eu\/et\/wp-json\/wp\/v2\/product_tag?post=49707"}],"curies":[{"name":"wp","href":"https:\/\/api.w.org\/{rel}","templated":true}]}}