{"id":49712,"date":"2021-07-14T11:31:55","date_gmt":"2021-07-14T08:31:55","guid":{"rendered":"https:\/\/www.lustandlove.eu\/product\/uma-discontinued\/"},"modified":"2026-04-13T10:37:02","modified_gmt":"2026-04-13T07:37:02","slug":"uma-discontinued","status":"publish","type":"product","link":"https:\/\/lustandlove.eu\/et\/toode\/uma-discontinued\/","title":{"rendered":"Uma (Viimased Eksemplarid)"},"content":{"rendered":"<p><strong>Komisjonim\u00fc\u00fcgist leiate tooted, mille pakendid on transpordi k\u00e4igus kahju saanud, kuid pakendis sees olevad tooted on s\u00e4ilitanud oma esialgse kvaliteedi. Komisjonim\u00fc\u00fcgist on hea v\u00f5imalus osta neid samu tooteid, mis meie e-poes m\u00fc\u00fcgil on soodsamalt, kui toote pakendi esteetiline olukord teid ei h\u00e4iri.<\/strong><\/p>\n<p>Super sile\u00a0Je Joue\u00a0Uma vibraator pakub sensatsioone seest ja v\u00e4ljast, koos ja eraldi. Nimetatud k\u00f5ige kaunimaks vibraatoriks maailmas.<\/p>\n<p>Loomingulised n\u00e4pun\u00e4ited:<\/p>\n<p>Uma sile kuju lubab su keha kurve avastada, nii sisemiselt kui ka v\u00e4limiselt.<\/p>\n<p>T\u00e4nu oma pikkusele ja vol\u00fc\u00fcmikale kujule ulatub lelu lihtsalt su G-punktini ja s\u00fcgavate vaginaalsete naudingupunktideni.<\/p>\n<p>Lelu kasutatakse ka kliitori vibraatorina seksi ajal. Kasuta ainult otsa, et \u00f5rritada, aseta lelu vastu labiaalset piirkonda v\u00f5i keeruta lelu kurvilist kuju, et tekitada erinevaid sensatsioone.<\/p>\n<p>Sa saad vibraatorit kasutada terve oma keha v\u00f5i oma partneri keha peal.<\/p>\n","protected":false},"excerpt":{"rendered":"<h3><strong>Komisjonim\u00fc\u00fcgist leiate tooted, mille pakendid on transpordi k\u00e4igus kahju saanud, kuid pakendis sees olevad tooted on s\u00e4ilitanud oma esialgse kvaliteedi. Komisjonim\u00fc\u00fcgist on hea v\u00f5imalus osta neid samu tooteid, mis meie e-poes m\u00fc\u00fcgil on soodsamalt, kui toote pakendi esteetiline olukord teid ei h\u00e4iri.<\/strong><\/h3>\n","protected":false},"featured_media":48151,"template":"","meta":[],"product_brand":[4211],"product_cat":[1503],"product_tag":[1527,1543,4104],"class_list":{"0":"post-49712","1":"product","2":"type-product","3":"status-publish","4":"has-post-thumbnail","6":"product_brand-je-joue-et","7":"product_cat-pakendiveaga-tooted","8":"product_tag-pakkumine","9":"product_tag-vibraator","10":"product_tag-waterproof-et","11":"pa_brand-je-joue-et","13":"first","14":"instock","15":"sale","16":"taxable","17":"shipping-taxable","18":"purchasable","19":"product-type-variable"},"yoast_head":"<!-- This site is optimized with the Yoast SEO plugin v27.3 - https:\/\/yoast.com\/product\/yoast-seo-wordpress\/ -->\n<title>Je Joue Uma | Vibrator for External, Internal and G-Spot Pleasure<\/title>\n<meta name=\"description\" content=\"The feel of Uma is lovely too - seamless, so it&#039;s waterproof (morning showers just got better), silicone and it&#039;s really velvety and so soft.\" \/>\n<meta name=\"robots\" content=\"index,follow,max-snippet:-1,max-image-preview:large,max-video-preview:-1\" \/>\n<link rel=\"canonical\" href=\"https:\/\/lustandlove.eu\/et\/toode\/uma-discontinued\/\" \/>\n<meta name=\"twitter:card\" content=\"summary_large_image\" \/>\n<meta name=\"twitter:title\" content=\"Je Joue Uma | Vibrator for External, Internal and G-Spot Pleasure\" \/>\n<meta name=\"twitter:description\" content=\"The feel of Uma is lovely too - seamless, so it&#039;s waterproof (morning showers just got better), silicone and it&#039;s really velvety and so soft.\" \/>\n<meta name=\"twitter:image\" content=\"https:\/\/lustandlove.eu\/wp-content\/uploads\/IMG20210709103130-scaled.jpg\" \/>\n<meta name=\"twitter:label1\" content=\"Est. reading time\" \/>\n\t<meta name=\"twitter:data1\" content=\"2 minutit\" \/>\n<script type=\"application\/ld+json\" class=\"yoast-schema-graph\">{\"@context\":\"https:\\\/\\\/schema.org\",\"@graph\":[{\"@type\":[\"WebPage\",\"ItemPage\"],\"@id\":\"https:\\\/\\\/lustandlove.eu\\\/et\\\/toode\\\/uma-discontinued\\\/\",\"url\":\"https:\\\/\\\/lustandlove.eu\\\/et\\\/toode\\\/uma-discontinued\\\/\",\"name\":\"Je Joue Uma | Vibrator for External, Internal and G-Spot Pleasure\",\"isPartOf\":{\"@id\":\"https:\\\/\\\/lustandlove.eu\\\/et\\\/#website\"},\"primaryImageOfPage\":{\"@id\":\"https:\\\/\\\/lustandlove.eu\\\/et\\\/toode\\\/uma-discontinued\\\/#primaryimage\"},\"image\":{\"@id\":\"https:\\\/\\\/lustandlove.eu\\\/et\\\/toode\\\/uma-discontinued\\\/#primaryimage\"},\"thumbnailUrl\":\"https:\\\/\\\/lustandlove.eu\\\/wp-content\\\/uploads\\\/IMG20210709103130-scaled.jpg\",\"datePublished\":\"2021-07-14T08:31:55+00:00\",\"dateModified\":\"2026-04-13T07:37:02+00:00\",\"description\":\"The feel of Uma is lovely too - seamless, so it's waterproof (morning showers just got better), silicone and it's really velvety and so soft.\",\"breadcrumb\":{\"@id\":\"https:\\\/\\\/lustandlove.eu\\\/et\\\/toode\\\/uma-discontinued\\\/#breadcrumb\"},\"inLanguage\":\"et\",\"potentialAction\":[{\"@type\":\"ReadAction\",\"target\":[\"https:\\\/\\\/lustandlove.eu\\\/et\\\/toode\\\/uma-discontinued\\\/\"]}]},{\"@type\":\"ImageObject\",\"inLanguage\":\"et\",\"@id\":\"https:\\\/\\\/lustandlove.eu\\\/et\\\/toode\\\/uma-discontinued\\\/#primaryimage\",\"url\":\"https:\\\/\\\/lustandlove.eu\\\/wp-content\\\/uploads\\\/IMG20210709103130-scaled.jpg\",\"contentUrl\":\"https:\\\/\\\/lustandlove.eu\\\/wp-content\\\/uploads\\\/IMG20210709103130-scaled.jpg\",\"width\":1920,\"height\":2560},{\"@type\":\"BreadcrumbList\",\"@id\":\"https:\\\/\\\/lustandlove.eu\\\/et\\\/toode\\\/uma-discontinued\\\/#breadcrumb\",\"itemListElement\":[{\"@type\":\"ListItem\",\"position\":1,\"name\":\"Lust and Love\",\"item\":\"https:\\\/\\\/lustandlove.eu\\\/et\\\/\"},{\"@type\":\"ListItem\",\"position\":2,\"name\":\"Pood\",\"item\":\"https:\\\/\\\/lustandlove.eu\\\/et\\\/pood\\\/\"},{\"@type\":\"ListItem\",\"position\":3,\"name\":\"Pakkumised\",\"item\":\"https:\\\/\\\/lustandlove.eu\\\/et\\\/pood\\\/pakkumised\\\/\"},{\"@type\":\"ListItem\",\"position\":4,\"name\":\"Pakendiveaga Tooted\",\"item\":\"https:\\\/\\\/lustandlove.eu\\\/et\\\/pood\\\/pakkumised\\\/pakendiveaga-tooted\\\/\"},{\"@type\":\"ListItem\",\"position\":5,\"name\":\"Uma (Viimased Eksemplarid)\"}]},{\"@type\":\"WebSite\",\"@id\":\"https:\\\/\\\/lustandlove.eu\\\/et\\\/#website\",\"url\":\"https:\\\/\\\/lustandlove.eu\\\/et\\\/\",\"name\":\"Lust &amp; Love\",\"description\":\"Online erootikapood tervise, ilu ja armastuse jaoks\",\"publisher\":{\"@id\":\"https:\\\/\\\/lustandlove.eu\\\/et\\\/#organization\"},\"potentialAction\":[{\"@type\":\"SearchAction\",\"target\":{\"@type\":\"EntryPoint\",\"urlTemplate\":\"https:\\\/\\\/lustandlove.eu\\\/et\\\/?s={search_term_string}\"},\"query-input\":{\"@type\":\"PropertyValueSpecification\",\"valueRequired\":true,\"valueName\":\"search_term_string\"}}],\"inLanguage\":\"et\"},{\"@type\":\"Organization\",\"@id\":\"https:\\\/\\\/lustandlove.eu\\\/et\\\/#organization\",\"name\":\"Bioconcept Baltics O\u00dc\",\"url\":\"https:\\\/\\\/lustandlove.eu\\\/et\\\/\",\"logo\":{\"@type\":\"ImageObject\",\"inLanguage\":\"et\",\"@id\":\"https:\\\/\\\/lustandlove.eu\\\/et\\\/#\\\/schema\\\/logo\\\/image\\\/\",\"url\":\"\",\"contentUrl\":\"\",\"caption\":\"Bioconcept Baltics O\u00dc\"},\"image\":{\"@id\":\"https:\\\/\\\/lustandlove.eu\\\/et\\\/#\\\/schema\\\/logo\\\/image\\\/\"},\"sameAs\":[\"https:\\\/\\\/www.facebook.com\\\/LustandLoveEU\\\/\",\"https:\\\/\\\/www.instagram.com\\\/lustandloveeu\\\/\"]}]}<\/script>\n<!-- \/ Yoast SEO plugin. -->","yoast_head_json":{"title":"Je Joue Uma | Vibrator for External, Internal and G-Spot Pleasure","description":"The feel of Uma is lovely too - seamless, so it's waterproof (morning showers just got better), silicone and it's really velvety and so soft.","robots":{"index,follow,max-snippet":"index,follow,max-snippet:-1,max-image-preview:large,max-video-preview:-1"},"canonical":"https:\/\/lustandlove.eu\/et\/toode\/uma-discontinued\/","twitter_card":"summary_large_image","twitter_title":"Je Joue Uma | Vibrator for External, Internal and G-Spot Pleasure","twitter_description":"The feel of Uma is lovely too - seamless, so it's waterproof (morning showers just got better), silicone and it's really velvety and so soft.","twitter_image":"https:\/\/lustandlove.eu\/wp-content\/uploads\/IMG20210709103130-scaled.jpg","twitter_misc":{"Est. reading time":"2 minutit"},"schema":{"@context":"https:\/\/schema.org","@graph":[{"@type":["WebPage","ItemPage"],"@id":"https:\/\/lustandlove.eu\/et\/toode\/uma-discontinued\/","url":"https:\/\/lustandlove.eu\/et\/toode\/uma-discontinued\/","name":"Je Joue Uma | Vibrator for External, Internal and G-Spot Pleasure","isPartOf":{"@id":"https:\/\/lustandlove.eu\/et\/#website"},"primaryImageOfPage":{"@id":"https:\/\/lustandlove.eu\/et\/toode\/uma-discontinued\/#primaryimage"},"image":{"@id":"https:\/\/lustandlove.eu\/et\/toode\/uma-discontinued\/#primaryimage"},"thumbnailUrl":"https:\/\/lustandlove.eu\/wp-content\/uploads\/IMG20210709103130-scaled.jpg","datePublished":"2021-07-14T08:31:55+00:00","dateModified":"2026-04-13T07:37:02+00:00","description":"The feel of Uma is lovely too - seamless, so it's waterproof (morning showers just got better), silicone and it's really velvety and so soft.","breadcrumb":{"@id":"https:\/\/lustandlove.eu\/et\/toode\/uma-discontinued\/#breadcrumb"},"inLanguage":"et","potentialAction":[{"@type":"ReadAction","target":["https:\/\/lustandlove.eu\/et\/toode\/uma-discontinued\/"]}]},{"@type":"ImageObject","inLanguage":"et","@id":"https:\/\/lustandlove.eu\/et\/toode\/uma-discontinued\/#primaryimage","url":"https:\/\/lustandlove.eu\/wp-content\/uploads\/IMG20210709103130-scaled.jpg","contentUrl":"https:\/\/lustandlove.eu\/wp-content\/uploads\/IMG20210709103130-scaled.jpg","width":1920,"height":2560},{"@type":"BreadcrumbList","@id":"https:\/\/lustandlove.eu\/et\/toode\/uma-discontinued\/#breadcrumb","itemListElement":[{"@type":"ListItem","position":1,"name":"Lust and Love","item":"https:\/\/lustandlove.eu\/et\/"},{"@type":"ListItem","position":2,"name":"Pood","item":"https:\/\/lustandlove.eu\/et\/pood\/"},{"@type":"ListItem","position":3,"name":"Pakkumised","item":"https:\/\/lustandlove.eu\/et\/pood\/pakkumised\/"},{"@type":"ListItem","position":4,"name":"Pakendiveaga Tooted","item":"https:\/\/lustandlove.eu\/et\/pood\/pakkumised\/pakendiveaga-tooted\/"},{"@type":"ListItem","position":5,"name":"Uma (Viimased Eksemplarid)"}]},{"@type":"WebSite","@id":"https:\/\/lustandlove.eu\/et\/#website","url":"https:\/\/lustandlove.eu\/et\/","name":"Lust &amp; Love","description":"Online erootikapood tervise, ilu ja armastuse jaoks","publisher":{"@id":"https:\/\/lustandlove.eu\/et\/#organization"},"potentialAction":[{"@type":"SearchAction","target":{"@type":"EntryPoint","urlTemplate":"https:\/\/lustandlove.eu\/et\/?s={search_term_string}"},"query-input":{"@type":"PropertyValueSpecification","valueRequired":true,"valueName":"search_term_string"}}],"inLanguage":"et"},{"@type":"Organization","@id":"https:\/\/lustandlove.eu\/et\/#organization","name":"Bioconcept Baltics O\u00dc","url":"https:\/\/lustandlove.eu\/et\/","logo":{"@type":"ImageObject","inLanguage":"et","@id":"https:\/\/lustandlove.eu\/et\/#\/schema\/logo\/image\/","url":"","contentUrl":"","caption":"Bioconcept Baltics O\u00dc"},"image":{"@id":"https:\/\/lustandlove.eu\/et\/#\/schema\/logo\/image\/"},"sameAs":["https:\/\/www.facebook.com\/LustandLoveEU\/","https:\/\/www.instagram.com\/lustandloveeu\/"]}]}},"_links":{"self":[{"href":"https:\/\/lustandlove.eu\/et\/wp-json\/wp\/v2\/product\/49712","targetHints":{"allow":["GET"]}}],"collection":[{"href":"https:\/\/lustandlove.eu\/et\/wp-json\/wp\/v2\/product"}],"about":[{"href":"https:\/\/lustandlove.eu\/et\/wp-json\/wp\/v2\/types\/product"}],"wp:featuredmedia":[{"embeddable":true,"href":"https:\/\/lustandlove.eu\/et\/wp-json\/wp\/v2\/media\/48151"}],"wp:attachment":[{"href":"https:\/\/lustandlove.eu\/et\/wp-json\/wp\/v2\/media?parent=49712"}],"wp:term":[{"taxonomy":"product_brand","embeddable":true,"href":"https:\/\/lustandlove.eu\/et\/wp-json\/wp\/v2\/product_brand?post=49712"},{"taxonomy":"product_cat","embeddable":true,"href":"https:\/\/lustandlove.eu\/et\/wp-json\/wp\/v2\/product_cat?post=49712"},{"taxonomy":"product_tag","embeddable":true,"href":"https:\/\/lustandlove.eu\/et\/wp-json\/wp\/v2\/product_tag?post=49712"}],"curies":[{"name":"wp","href":"https:\/\/api.w.org\/{rel}","templated":true}]}}