{"id":49721,"date":"2021-07-09T12:39:37","date_gmt":"2021-07-09T09:39:37","guid":{"rendered":"https:\/\/www.lustandlove.eu\/product\/chloe-premium-set-xl-missing-stockings\/"},"modified":"2026-04-13T10:37:06","modified_gmt":"2026-04-13T07:37:06","slug":"chloe-premium-set-xl-missing-stockings","status":"publish","type":"product","link":"https:\/\/lustandlove.eu\/et\/toode\/chloe-premium-set-xl-missing-stockings\/","title":{"rendered":"Chloe Premium Komplekt XL (Puuduvad Sukad)"},"content":{"rendered":"<p><strong>Komisjonim\u00fc\u00fcgist leiate tooted, mille pakendid on transpordi k\u00e4igus kahju saanud, kuid pakendis sees olevad tooted on s\u00e4ilitanud oma esialgse kvaliteedi. Komisjonim\u00fc\u00fcgist on hea v\u00f5imalus osta neid samu tooteid, mis meie e-poes m\u00fc\u00fcgil on soodsamalt, kui toote pakendi esteetiline olukord teid ei h\u00e4iri.<\/strong><\/p>\n<p><strong>Chloe komplekt sisaldab<\/strong><strong>:<\/strong><\/p>\n<p>Korsett<br \/>\nStringid<br \/>\nSukad<\/p>\n","protected":false},"excerpt":{"rendered":"<p><strong>Komisjonim\u00fc\u00fcgist leiate tooted, mille pakendid on transpordi k\u00e4igus kahju saanud, kuid pakendis sees olevad tooted on s\u00e4ilitanud oma esialgse kvaliteedi. Komisjonim\u00fc\u00fcgist on hea v\u00f5imalus osta neid samu tooteid, mis meie e-poes m\u00fc\u00fcgil on soodsamalt, kui toote pakendi esteetiline olukord teid ei h\u00e4iri.<\/strong><\/p>\n","protected":false},"featured_media":48118,"template":"","meta":[],"product_brand":[4202],"product_cat":[1503],"product_tag":[1520,1521],"class_list":{"0":"post-49721","1":"product","2":"type-product","3":"status-publish","4":"has-post-thumbnail","6":"product_brand-demoniq-et","7":"product_cat-pakendiveaga-tooted","8":"product_tag-pesu","9":"product_tag-pesu-komplekt","10":"pa_brand-demoniq-et","12":"first","13":"instock","14":"sale","15":"taxable","16":"shipping-taxable","17":"purchasable","18":"product-type-simple"},"yoast_head":"<!-- This site is optimized with the Yoast SEO plugin v27.3 - https:\/\/yoast.com\/product\/yoast-seo-wordpress\/ -->\n<title>Chloe Premium Komplekt XL (Puuduvad Sukad) | Lust and Love<\/title>\n<meta name=\"description\" content=\"Chloe Premium set has been prepared\u00a0for passionate and attractive lingerie seeking modern designs, also offers the highest quality materials.\" \/>\n<meta name=\"robots\" content=\"index,follow,max-snippet:-1,max-image-preview:large,max-video-preview:-1\" \/>\n<link rel=\"canonical\" href=\"https:\/\/lustandlove.eu\/et\/toode\/chloe-premium-set-xl-missing-stockings\/\" \/>\n<meta name=\"twitter:card\" content=\"summary_large_image\" \/>\n<meta name=\"twitter:title\" content=\"Chloe Premium Komplekt XL (Puuduvad Sukad) | Lust and Love\" \/>\n<meta name=\"twitter:description\" content=\"Chloe Premium set has been prepared\u00a0for passionate and attractive lingerie seeking modern designs, also offers the highest quality materials.\" \/>\n<meta name=\"twitter:image\" content=\"https:\/\/lustandlove.eu\/wp-content\/uploads\/IMG20210709092347-scaled.jpg\" \/>\n<meta name=\"twitter:label1\" content=\"Est. reading time\" \/>\n\t<meta name=\"twitter:data1\" content=\"2 minutit\" \/>\n<script type=\"application\/ld+json\" class=\"yoast-schema-graph\">{\"@context\":\"https:\\\/\\\/schema.org\",\"@graph\":[{\"@type\":[\"WebPage\",\"ItemPage\"],\"@id\":\"https:\\\/\\\/lustandlove.eu\\\/et\\\/toode\\\/chloe-premium-set-xl-missing-stockings\\\/\",\"url\":\"https:\\\/\\\/lustandlove.eu\\\/et\\\/toode\\\/chloe-premium-set-xl-missing-stockings\\\/\",\"name\":\"Chloe Premium Komplekt XL (Puuduvad Sukad) | Lust and Love\",\"isPartOf\":{\"@id\":\"https:\\\/\\\/lustandlove.eu\\\/et\\\/#website\"},\"primaryImageOfPage\":{\"@id\":\"https:\\\/\\\/lustandlove.eu\\\/et\\\/toode\\\/chloe-premium-set-xl-missing-stockings\\\/#primaryimage\"},\"image\":{\"@id\":\"https:\\\/\\\/lustandlove.eu\\\/et\\\/toode\\\/chloe-premium-set-xl-missing-stockings\\\/#primaryimage\"},\"thumbnailUrl\":\"https:\\\/\\\/lustandlove.eu\\\/wp-content\\\/uploads\\\/IMG20210709092347-scaled.jpg\",\"datePublished\":\"2021-07-09T09:39:37+00:00\",\"dateModified\":\"2026-04-13T07:37:06+00:00\",\"description\":\"Chloe Premium set has been prepared\u00a0for passionate and attractive lingerie seeking modern designs, also offers the highest quality materials.\",\"breadcrumb\":{\"@id\":\"https:\\\/\\\/lustandlove.eu\\\/et\\\/toode\\\/chloe-premium-set-xl-missing-stockings\\\/#breadcrumb\"},\"inLanguage\":\"et\",\"potentialAction\":[{\"@type\":\"ReadAction\",\"target\":[\"https:\\\/\\\/lustandlove.eu\\\/et\\\/toode\\\/chloe-premium-set-xl-missing-stockings\\\/\"]}]},{\"@type\":\"ImageObject\",\"inLanguage\":\"et\",\"@id\":\"https:\\\/\\\/lustandlove.eu\\\/et\\\/toode\\\/chloe-premium-set-xl-missing-stockings\\\/#primaryimage\",\"url\":\"https:\\\/\\\/lustandlove.eu\\\/wp-content\\\/uploads\\\/IMG20210709092347-scaled.jpg\",\"contentUrl\":\"https:\\\/\\\/lustandlove.eu\\\/wp-content\\\/uploads\\\/IMG20210709092347-scaled.jpg\",\"width\":1920,\"height\":2560},{\"@type\":\"BreadcrumbList\",\"@id\":\"https:\\\/\\\/lustandlove.eu\\\/et\\\/toode\\\/chloe-premium-set-xl-missing-stockings\\\/#breadcrumb\",\"itemListElement\":[{\"@type\":\"ListItem\",\"position\":1,\"name\":\"Lust and Love\",\"item\":\"https:\\\/\\\/lustandlove.eu\\\/et\\\/\"},{\"@type\":\"ListItem\",\"position\":2,\"name\":\"Pood\",\"item\":\"https:\\\/\\\/lustandlove.eu\\\/et\\\/pood\\\/\"},{\"@type\":\"ListItem\",\"position\":3,\"name\":\"Pakkumised\",\"item\":\"https:\\\/\\\/lustandlove.eu\\\/et\\\/pood\\\/pakkumised\\\/\"},{\"@type\":\"ListItem\",\"position\":4,\"name\":\"Pakendiveaga Tooted\",\"item\":\"https:\\\/\\\/lustandlove.eu\\\/et\\\/pood\\\/pakkumised\\\/pakendiveaga-tooted\\\/\"},{\"@type\":\"ListItem\",\"position\":5,\"name\":\"Chloe Premium Komplekt XL (Puuduvad Sukad)\"}]},{\"@type\":\"WebSite\",\"@id\":\"https:\\\/\\\/lustandlove.eu\\\/et\\\/#website\",\"url\":\"https:\\\/\\\/lustandlove.eu\\\/et\\\/\",\"name\":\"Lust &amp; Love\",\"description\":\"Online erootikapood tervise, ilu ja armastuse jaoks\",\"publisher\":{\"@id\":\"https:\\\/\\\/lustandlove.eu\\\/et\\\/#organization\"},\"potentialAction\":[{\"@type\":\"SearchAction\",\"target\":{\"@type\":\"EntryPoint\",\"urlTemplate\":\"https:\\\/\\\/lustandlove.eu\\\/et\\\/?s={search_term_string}\"},\"query-input\":{\"@type\":\"PropertyValueSpecification\",\"valueRequired\":true,\"valueName\":\"search_term_string\"}}],\"inLanguage\":\"et\"},{\"@type\":\"Organization\",\"@id\":\"https:\\\/\\\/lustandlove.eu\\\/et\\\/#organization\",\"name\":\"Bioconcept Baltics O\u00dc\",\"url\":\"https:\\\/\\\/lustandlove.eu\\\/et\\\/\",\"logo\":{\"@type\":\"ImageObject\",\"inLanguage\":\"et\",\"@id\":\"https:\\\/\\\/lustandlove.eu\\\/et\\\/#\\\/schema\\\/logo\\\/image\\\/\",\"url\":\"\",\"contentUrl\":\"\",\"caption\":\"Bioconcept Baltics O\u00dc\"},\"image\":{\"@id\":\"https:\\\/\\\/lustandlove.eu\\\/et\\\/#\\\/schema\\\/logo\\\/image\\\/\"},\"sameAs\":[\"https:\\\/\\\/www.facebook.com\\\/LustandLoveEU\\\/\",\"https:\\\/\\\/www.instagram.com\\\/lustandloveeu\\\/\"]}]}<\/script>\n<!-- \/ Yoast SEO plugin. -->","yoast_head_json":{"title":"Chloe Premium Komplekt XL (Puuduvad Sukad) | Lust and Love","description":"Chloe Premium set has been prepared\u00a0for passionate and attractive lingerie seeking modern designs, also offers the highest quality materials.","robots":{"index,follow,max-snippet":"index,follow,max-snippet:-1,max-image-preview:large,max-video-preview:-1"},"canonical":"https:\/\/lustandlove.eu\/et\/toode\/chloe-premium-set-xl-missing-stockings\/","twitter_card":"summary_large_image","twitter_title":"Chloe Premium Komplekt XL (Puuduvad Sukad) | Lust and Love","twitter_description":"Chloe Premium set has been prepared\u00a0for passionate and attractive lingerie seeking modern designs, also offers the highest quality materials.","twitter_image":"https:\/\/lustandlove.eu\/wp-content\/uploads\/IMG20210709092347-scaled.jpg","twitter_misc":{"Est. reading time":"2 minutit"},"schema":{"@context":"https:\/\/schema.org","@graph":[{"@type":["WebPage","ItemPage"],"@id":"https:\/\/lustandlove.eu\/et\/toode\/chloe-premium-set-xl-missing-stockings\/","url":"https:\/\/lustandlove.eu\/et\/toode\/chloe-premium-set-xl-missing-stockings\/","name":"Chloe Premium Komplekt XL (Puuduvad Sukad) | Lust and Love","isPartOf":{"@id":"https:\/\/lustandlove.eu\/et\/#website"},"primaryImageOfPage":{"@id":"https:\/\/lustandlove.eu\/et\/toode\/chloe-premium-set-xl-missing-stockings\/#primaryimage"},"image":{"@id":"https:\/\/lustandlove.eu\/et\/toode\/chloe-premium-set-xl-missing-stockings\/#primaryimage"},"thumbnailUrl":"https:\/\/lustandlove.eu\/wp-content\/uploads\/IMG20210709092347-scaled.jpg","datePublished":"2021-07-09T09:39:37+00:00","dateModified":"2026-04-13T07:37:06+00:00","description":"Chloe Premium set has been prepared\u00a0for passionate and attractive lingerie seeking modern designs, also offers the highest quality materials.","breadcrumb":{"@id":"https:\/\/lustandlove.eu\/et\/toode\/chloe-premium-set-xl-missing-stockings\/#breadcrumb"},"inLanguage":"et","potentialAction":[{"@type":"ReadAction","target":["https:\/\/lustandlove.eu\/et\/toode\/chloe-premium-set-xl-missing-stockings\/"]}]},{"@type":"ImageObject","inLanguage":"et","@id":"https:\/\/lustandlove.eu\/et\/toode\/chloe-premium-set-xl-missing-stockings\/#primaryimage","url":"https:\/\/lustandlove.eu\/wp-content\/uploads\/IMG20210709092347-scaled.jpg","contentUrl":"https:\/\/lustandlove.eu\/wp-content\/uploads\/IMG20210709092347-scaled.jpg","width":1920,"height":2560},{"@type":"BreadcrumbList","@id":"https:\/\/lustandlove.eu\/et\/toode\/chloe-premium-set-xl-missing-stockings\/#breadcrumb","itemListElement":[{"@type":"ListItem","position":1,"name":"Lust and Love","item":"https:\/\/lustandlove.eu\/et\/"},{"@type":"ListItem","position":2,"name":"Pood","item":"https:\/\/lustandlove.eu\/et\/pood\/"},{"@type":"ListItem","position":3,"name":"Pakkumised","item":"https:\/\/lustandlove.eu\/et\/pood\/pakkumised\/"},{"@type":"ListItem","position":4,"name":"Pakendiveaga Tooted","item":"https:\/\/lustandlove.eu\/et\/pood\/pakkumised\/pakendiveaga-tooted\/"},{"@type":"ListItem","position":5,"name":"Chloe Premium Komplekt XL (Puuduvad Sukad)"}]},{"@type":"WebSite","@id":"https:\/\/lustandlove.eu\/et\/#website","url":"https:\/\/lustandlove.eu\/et\/","name":"Lust &amp; Love","description":"Online erootikapood tervise, ilu ja armastuse jaoks","publisher":{"@id":"https:\/\/lustandlove.eu\/et\/#organization"},"potentialAction":[{"@type":"SearchAction","target":{"@type":"EntryPoint","urlTemplate":"https:\/\/lustandlove.eu\/et\/?s={search_term_string}"},"query-input":{"@type":"PropertyValueSpecification","valueRequired":true,"valueName":"search_term_string"}}],"inLanguage":"et"},{"@type":"Organization","@id":"https:\/\/lustandlove.eu\/et\/#organization","name":"Bioconcept Baltics O\u00dc","url":"https:\/\/lustandlove.eu\/et\/","logo":{"@type":"ImageObject","inLanguage":"et","@id":"https:\/\/lustandlove.eu\/et\/#\/schema\/logo\/image\/","url":"","contentUrl":"","caption":"Bioconcept Baltics O\u00dc"},"image":{"@id":"https:\/\/lustandlove.eu\/et\/#\/schema\/logo\/image\/"},"sameAs":["https:\/\/www.facebook.com\/LustandLoveEU\/","https:\/\/www.instagram.com\/lustandloveeu\/"]}]}},"_links":{"self":[{"href":"https:\/\/lustandlove.eu\/et\/wp-json\/wp\/v2\/product\/49721","targetHints":{"allow":["GET"]}}],"collection":[{"href":"https:\/\/lustandlove.eu\/et\/wp-json\/wp\/v2\/product"}],"about":[{"href":"https:\/\/lustandlove.eu\/et\/wp-json\/wp\/v2\/types\/product"}],"wp:featuredmedia":[{"embeddable":true,"href":"https:\/\/lustandlove.eu\/et\/wp-json\/wp\/v2\/media\/48118"}],"wp:attachment":[{"href":"https:\/\/lustandlove.eu\/et\/wp-json\/wp\/v2\/media?parent=49721"}],"wp:term":[{"taxonomy":"product_brand","embeddable":true,"href":"https:\/\/lustandlove.eu\/et\/wp-json\/wp\/v2\/product_brand?post=49721"},{"taxonomy":"product_cat","embeddable":true,"href":"https:\/\/lustandlove.eu\/et\/wp-json\/wp\/v2\/product_cat?post=49721"},{"taxonomy":"product_tag","embeddable":true,"href":"https:\/\/lustandlove.eu\/et\/wp-json\/wp\/v2\/product_tag?post=49721"}],"curies":[{"name":"wp","href":"https:\/\/api.w.org\/{rel}","templated":true}]}}