{"id":50204,"date":"2021-10-14T12:01:55","date_gmt":"2021-10-14T09:01:55","guid":{"rendered":"https:\/\/www.lustandlove.eu\/product\/ladyx-sarita\/"},"modified":"2026-04-13T10:36:49","modified_gmt":"2026-04-13T07:36:49","slug":"ladyx-sarita","status":"publish","type":"product","link":"https:\/\/lustandlove.eu\/et\/toode\/ladyx-sarita\/","title":{"rendered":"LadyX Sarita"},"content":{"rendered":"<div class=\"wpb-content-wrapper\"><p>[vc_row][vc_column][vc_column_text woodmart_inline=&#8221;no&#8221; text_larger=&#8221;no&#8221;]<br \/>\nUlakas ja m\u00e4nguline komplekt, milles sisaldub rinnahoidja ja k\u00f5rge v\u00f6\u00f6kohaga shortsid. Eesmine dekoltee on valmistatud kaunist mustast pitsist geomeetrilise mustriga. Seda on v\u00e4ga mugav kanda t\u00e4nu reguleeritavatele paeladele ja polsterdatud rinnakorvile.<br \/>\n[\/vc_column_text][\/vc_column][\/vc_row]<\/p>\n<\/div>","protected":false},"excerpt":{"rendered":"<p>Ulakas ja m\u00e4nguline komplekt, milles sisaldub rinnahoidja ja k\u00f5rge v\u00f6\u00f6kohaga shortsid. Eesmine dekoltee on valmistatud kaunist mustast pitsist geomeetrilise mustriga. Seda on v\u00e4ga mugav kanda t\u00e4nu reguleeritavatele paeladele ja polsterdatud rinnakorvile.<\/p>\n","protected":false},"featured_media":49869,"template":"","meta":[],"product_brand":[4202],"product_cat":[4016,1489],"product_tag":[],"class_list":{"0":"post-50204","1":"product","2":"type-product","3":"status-publish","4":"has-post-thumbnail","6":"product_brand-demoniq-et","7":"product_cat-komplektid","8":"product_cat-pesu","9":"pa_brand-demoniq-et","11":"first","12":"instock","13":"taxable","14":"shipping-taxable","15":"purchasable","16":"product-type-variable"},"yoast_head":"<!-- This site is optimized with the Yoast SEO plugin v27.3 - https:\/\/yoast.com\/product\/yoast-seo-wordpress\/ -->\n<title>LadyX Sarita | Lust and Love<\/title>\n<meta name=\"robots\" content=\"index,follow,max-snippet:-1,max-image-preview:large,max-video-preview:-1\" \/>\n<link rel=\"canonical\" href=\"https:\/\/lustandlove.eu\/et\/toode\/ladyx-sarita\/\" \/>\n<meta name=\"twitter:card\" content=\"summary_large_image\" \/>\n<meta name=\"twitter:title\" content=\"LadyX Sarita | Lust and Love\" \/>\n<meta name=\"twitter:description\" content=\"Ulakas ja m\u00e4nguline komplekt, milles sisaldub rinnahoidja ja k\u00f5rge v\u00f6\u00f6kohaga shortsid. Eesmine dekoltee on valmistatud kaunist mustast pitsist geomeetrilise mustriga. Seda on v\u00e4ga mugav kanda t\u00e4nu reguleeritavatele paeladele ja polsterdatud rinnakorvile.\" \/>\n<meta name=\"twitter:image\" content=\"https:\/\/lustandlove.eu\/wp-content\/uploads\/1631721070.3042.jpg\" \/>\n<meta name=\"twitter:label1\" content=\"Est. reading time\" \/>\n\t<meta name=\"twitter:data1\" content=\"1 minut\" \/>\n<script type=\"application\/ld+json\" class=\"yoast-schema-graph\">{\"@context\":\"https:\\\/\\\/schema.org\",\"@graph\":[{\"@type\":[\"WebPage\",\"ItemPage\"],\"@id\":\"https:\\\/\\\/lustandlove.eu\\\/et\\\/toode\\\/ladyx-sarita\\\/\",\"url\":\"https:\\\/\\\/lustandlove.eu\\\/et\\\/toode\\\/ladyx-sarita\\\/\",\"name\":\"LadyX Sarita | Lust and Love\",\"isPartOf\":{\"@id\":\"https:\\\/\\\/lustandlove.eu\\\/et\\\/#website\"},\"primaryImageOfPage\":{\"@id\":\"https:\\\/\\\/lustandlove.eu\\\/et\\\/toode\\\/ladyx-sarita\\\/#primaryimage\"},\"image\":{\"@id\":\"https:\\\/\\\/lustandlove.eu\\\/et\\\/toode\\\/ladyx-sarita\\\/#primaryimage\"},\"thumbnailUrl\":\"https:\\\/\\\/lustandlove.eu\\\/wp-content\\\/uploads\\\/1631721070.3042.jpg\",\"datePublished\":\"2021-10-14T09:01:55+00:00\",\"dateModified\":\"2026-04-13T07:36:49+00:00\",\"breadcrumb\":{\"@id\":\"https:\\\/\\\/lustandlove.eu\\\/et\\\/toode\\\/ladyx-sarita\\\/#breadcrumb\"},\"inLanguage\":\"et\",\"potentialAction\":[{\"@type\":\"ReadAction\",\"target\":[\"https:\\\/\\\/lustandlove.eu\\\/et\\\/toode\\\/ladyx-sarita\\\/\"]}]},{\"@type\":\"ImageObject\",\"inLanguage\":\"et\",\"@id\":\"https:\\\/\\\/lustandlove.eu\\\/et\\\/toode\\\/ladyx-sarita\\\/#primaryimage\",\"url\":\"https:\\\/\\\/lustandlove.eu\\\/wp-content\\\/uploads\\\/1631721070.3042.jpg\",\"contentUrl\":\"https:\\\/\\\/lustandlove.eu\\\/wp-content\\\/uploads\\\/1631721070.3042.jpg\",\"width\":466,\"height\":700,\"caption\":\"LadyX Sarita\"},{\"@type\":\"BreadcrumbList\",\"@id\":\"https:\\\/\\\/lustandlove.eu\\\/et\\\/toode\\\/ladyx-sarita\\\/#breadcrumb\",\"itemListElement\":[{\"@type\":\"ListItem\",\"position\":1,\"name\":\"Lust and Love\",\"item\":\"https:\\\/\\\/lustandlove.eu\\\/et\\\/\"},{\"@type\":\"ListItem\",\"position\":2,\"name\":\"Pood\",\"item\":\"https:\\\/\\\/lustandlove.eu\\\/et\\\/pood\\\/\"},{\"@type\":\"ListItem\",\"position\":3,\"name\":\"Pesu\",\"item\":\"https:\\\/\\\/lustandlove.eu\\\/et\\\/pood\\\/pesu\\\/\"},{\"@type\":\"ListItem\",\"position\":4,\"name\":\"Komplektid\",\"item\":\"https:\\\/\\\/lustandlove.eu\\\/et\\\/pood\\\/pesu\\\/komplektid\\\/\"},{\"@type\":\"ListItem\",\"position\":5,\"name\":\"LadyX Sarita\"}]},{\"@type\":\"WebSite\",\"@id\":\"https:\\\/\\\/lustandlove.eu\\\/et\\\/#website\",\"url\":\"https:\\\/\\\/lustandlove.eu\\\/et\\\/\",\"name\":\"Lust &amp; Love\",\"description\":\"Online erootikapood tervise, ilu ja armastuse jaoks\",\"publisher\":{\"@id\":\"https:\\\/\\\/lustandlove.eu\\\/et\\\/#organization\"},\"potentialAction\":[{\"@type\":\"SearchAction\",\"target\":{\"@type\":\"EntryPoint\",\"urlTemplate\":\"https:\\\/\\\/lustandlove.eu\\\/et\\\/?s={search_term_string}\"},\"query-input\":{\"@type\":\"PropertyValueSpecification\",\"valueRequired\":true,\"valueName\":\"search_term_string\"}}],\"inLanguage\":\"et\"},{\"@type\":\"Organization\",\"@id\":\"https:\\\/\\\/lustandlove.eu\\\/et\\\/#organization\",\"name\":\"Bioconcept Baltics O\u00dc\",\"url\":\"https:\\\/\\\/lustandlove.eu\\\/et\\\/\",\"logo\":{\"@type\":\"ImageObject\",\"inLanguage\":\"et\",\"@id\":\"https:\\\/\\\/lustandlove.eu\\\/et\\\/#\\\/schema\\\/logo\\\/image\\\/\",\"url\":\"\",\"contentUrl\":\"\",\"caption\":\"Bioconcept Baltics O\u00dc\"},\"image\":{\"@id\":\"https:\\\/\\\/lustandlove.eu\\\/et\\\/#\\\/schema\\\/logo\\\/image\\\/\"},\"sameAs\":[\"https:\\\/\\\/www.facebook.com\\\/LustandLoveEU\\\/\",\"https:\\\/\\\/www.instagram.com\\\/lustandloveeu\\\/\"]}]}<\/script>\n<!-- \/ Yoast SEO plugin. -->","yoast_head_json":{"title":"LadyX Sarita | Lust and Love","robots":{"index,follow,max-snippet":"index,follow,max-snippet:-1,max-image-preview:large,max-video-preview:-1"},"canonical":"https:\/\/lustandlove.eu\/et\/toode\/ladyx-sarita\/","twitter_card":"summary_large_image","twitter_title":"LadyX Sarita | Lust and Love","twitter_description":"Ulakas ja m\u00e4nguline komplekt, milles sisaldub rinnahoidja ja k\u00f5rge v\u00f6\u00f6kohaga shortsid. Eesmine dekoltee on valmistatud kaunist mustast pitsist geomeetrilise mustriga. Seda on v\u00e4ga mugav kanda t\u00e4nu reguleeritavatele paeladele ja polsterdatud rinnakorvile.","twitter_image":"https:\/\/lustandlove.eu\/wp-content\/uploads\/1631721070.3042.jpg","twitter_misc":{"Est. reading time":"1 minut"},"schema":{"@context":"https:\/\/schema.org","@graph":[{"@type":["WebPage","ItemPage"],"@id":"https:\/\/lustandlove.eu\/et\/toode\/ladyx-sarita\/","url":"https:\/\/lustandlove.eu\/et\/toode\/ladyx-sarita\/","name":"LadyX Sarita | Lust and Love","isPartOf":{"@id":"https:\/\/lustandlove.eu\/et\/#website"},"primaryImageOfPage":{"@id":"https:\/\/lustandlove.eu\/et\/toode\/ladyx-sarita\/#primaryimage"},"image":{"@id":"https:\/\/lustandlove.eu\/et\/toode\/ladyx-sarita\/#primaryimage"},"thumbnailUrl":"https:\/\/lustandlove.eu\/wp-content\/uploads\/1631721070.3042.jpg","datePublished":"2021-10-14T09:01:55+00:00","dateModified":"2026-04-13T07:36:49+00:00","breadcrumb":{"@id":"https:\/\/lustandlove.eu\/et\/toode\/ladyx-sarita\/#breadcrumb"},"inLanguage":"et","potentialAction":[{"@type":"ReadAction","target":["https:\/\/lustandlove.eu\/et\/toode\/ladyx-sarita\/"]}]},{"@type":"ImageObject","inLanguage":"et","@id":"https:\/\/lustandlove.eu\/et\/toode\/ladyx-sarita\/#primaryimage","url":"https:\/\/lustandlove.eu\/wp-content\/uploads\/1631721070.3042.jpg","contentUrl":"https:\/\/lustandlove.eu\/wp-content\/uploads\/1631721070.3042.jpg","width":466,"height":700,"caption":"LadyX Sarita"},{"@type":"BreadcrumbList","@id":"https:\/\/lustandlove.eu\/et\/toode\/ladyx-sarita\/#breadcrumb","itemListElement":[{"@type":"ListItem","position":1,"name":"Lust and Love","item":"https:\/\/lustandlove.eu\/et\/"},{"@type":"ListItem","position":2,"name":"Pood","item":"https:\/\/lustandlove.eu\/et\/pood\/"},{"@type":"ListItem","position":3,"name":"Pesu","item":"https:\/\/lustandlove.eu\/et\/pood\/pesu\/"},{"@type":"ListItem","position":4,"name":"Komplektid","item":"https:\/\/lustandlove.eu\/et\/pood\/pesu\/komplektid\/"},{"@type":"ListItem","position":5,"name":"LadyX Sarita"}]},{"@type":"WebSite","@id":"https:\/\/lustandlove.eu\/et\/#website","url":"https:\/\/lustandlove.eu\/et\/","name":"Lust &amp; Love","description":"Online erootikapood tervise, ilu ja armastuse jaoks","publisher":{"@id":"https:\/\/lustandlove.eu\/et\/#organization"},"potentialAction":[{"@type":"SearchAction","target":{"@type":"EntryPoint","urlTemplate":"https:\/\/lustandlove.eu\/et\/?s={search_term_string}"},"query-input":{"@type":"PropertyValueSpecification","valueRequired":true,"valueName":"search_term_string"}}],"inLanguage":"et"},{"@type":"Organization","@id":"https:\/\/lustandlove.eu\/et\/#organization","name":"Bioconcept Baltics O\u00dc","url":"https:\/\/lustandlove.eu\/et\/","logo":{"@type":"ImageObject","inLanguage":"et","@id":"https:\/\/lustandlove.eu\/et\/#\/schema\/logo\/image\/","url":"","contentUrl":"","caption":"Bioconcept Baltics O\u00dc"},"image":{"@id":"https:\/\/lustandlove.eu\/et\/#\/schema\/logo\/image\/"},"sameAs":["https:\/\/www.facebook.com\/LustandLoveEU\/","https:\/\/www.instagram.com\/lustandloveeu\/"]}]}},"_links":{"self":[{"href":"https:\/\/lustandlove.eu\/et\/wp-json\/wp\/v2\/product\/50204","targetHints":{"allow":["GET"]}}],"collection":[{"href":"https:\/\/lustandlove.eu\/et\/wp-json\/wp\/v2\/product"}],"about":[{"href":"https:\/\/lustandlove.eu\/et\/wp-json\/wp\/v2\/types\/product"}],"wp:featuredmedia":[{"embeddable":true,"href":"https:\/\/lustandlove.eu\/et\/wp-json\/wp\/v2\/media\/49869"}],"wp:attachment":[{"href":"https:\/\/lustandlove.eu\/et\/wp-json\/wp\/v2\/media?parent=50204"}],"wp:term":[{"taxonomy":"product_brand","embeddable":true,"href":"https:\/\/lustandlove.eu\/et\/wp-json\/wp\/v2\/product_brand?post=50204"},{"taxonomy":"product_cat","embeddable":true,"href":"https:\/\/lustandlove.eu\/et\/wp-json\/wp\/v2\/product_cat?post=50204"},{"taxonomy":"product_tag","embeddable":true,"href":"https:\/\/lustandlove.eu\/et\/wp-json\/wp\/v2\/product_tag?post=50204"}],"curies":[{"name":"wp","href":"https:\/\/api.w.org\/{rel}","templated":true}]}}