{"id":50210,"date":"2021-10-18T13:34:16","date_gmt":"2021-10-18T10:34:16","guid":{"rendered":"https:\/\/www.lustandlove.eu\/product\/satisfyer-love-breeze-air-pulse-stimulator\/"},"modified":"2026-04-13T10:36:49","modified_gmt":"2026-04-13T07:36:49","slug":"satisfyer-love-breeze-air-pulse-stimulator","status":"publish","type":"product","link":"https:\/\/lustandlove.eu\/et\/toode\/satisfyer-love-breeze-air-pulse-stimulator\/","title":{"rendered":"Love Breeze \u00d5hkstimulaatorit"},"content":{"rendered":"<div class=\"wpb-content-wrapper\"><p>[vc_row][vc_column][vc_column_text woodmart_inline=&#8221;no&#8221; text_larger=&#8221;no&#8221;]<br \/>\nNaudi uue disainiga Satisfyer \u00f5hkstimulaatorit, millel on v\u00f5imas mootor.<\/p>\n<p>T\u00e4nu oma praktilisele kujule on Satisfyer Love Breeze ideaalne survelainevibraator kaasa v\u00f5tmiseks.<\/p>\n<p>Meelas kombinatsioon survelainetest ja k\u00f5ditavast alar\u00f5hust stimuleerib kliitorit puutevabalt 11 vaheldusrikka intensiivsusega, mida saab intuitiivselt puutev\u00e4ljalt mugavalt juhtida.<\/p>\n<p>T\u00e4nu kompaktsele kujule mahub vibraator ilusti tasku ning laetavad akud hoiavad seda alati valmisolekus, kui sul tekib isu meela kliitoristimulatsiooni j\u00e4rele.<\/p>\n<p>M\u00f6\u00f6das on pingutusp\u00e4evad, et j\u00f5uda oma orgasmilise naudingu eesm\u00e4rkideni.<\/p>\n<p>Love Breeze\u2018i pea on valmistatud kehas\u00f5bralikust h\u00fcgieenilisest silikoonist ning see \u00fcmbritseb kliitorit kasutamise ajal just nii, nagu peab.<\/p>\n<p>Materjal on eriti sile ja puudutamisel vaimustavalt \u00f5rn.<\/p>\n<p>Satisfyer Love Breeze on t\u00e4nu oma veekindlusele (IPX7) kasutatav ka du\u0161i all ja vannis \u2013 lisaks saab seda sooja vee ja \u00f5rna seebiga h\u00f5lpsalt puhastada.<\/p>\n<p>Kui m\u00f5nutegija j\u00f5ud peaks raugema, saab selle kaasasoleva magneetilise USB-laadimiskaabliga j\u00e4lle t\u00e4is laadida.[\/vc_column_text][\/vc_column][\/vc_row]<\/p>\n<\/div>","protected":false},"excerpt":{"rendered":"<p>Naudi uue disainiga Satisfyer \u00f5hkstimulaatorit, millel on v\u00f5imas mootor.<\/p>\n<p>T\u00e4nu oma praktilisele kujule on Satisfyer Love Breeze ideaalne survelainevibraator kaasa v\u00f5tmiseks.<\/p>\n","protected":false},"featured_media":49903,"template":"","meta":[],"product_brand":[4238],"product_cat":[3982,1484,1488],"product_tag":[3842,3652,3653],"class_list":{"0":"post-50210","1":"product","2":"type-product","3":"status-publish","4":"has-post-thumbnail","6":"product_brand-satisfyer-et","7":"product_cat-ohksurve-simulaator","8":"product_cat-sekslelud","9":"product_cat-vibraatorid","10":"product_tag-imemis","11":"product_tag-satisfier-et","12":"product_tag-satisfyer-et","13":"pa_brand-satisfyer-et","15":"first","16":"instock","17":"taxable","18":"shipping-taxable","19":"purchasable","20":"product-type-variable"},"yoast_head":"<!-- This site is optimized with the Yoast SEO plugin v27.4 - https:\/\/yoast.com\/product\/yoast-seo-wordpress\/ -->\n<title>Love Breeze \u00d5hkstimulaatorit | Lust and Love<\/title>\n<meta name=\"robots\" content=\"index,follow,max-snippet:-1,max-image-preview:large,max-video-preview:-1\" \/>\n<link rel=\"canonical\" href=\"https:\/\/lustandlove.eu\/et\/toode\/satisfyer-love-breeze-air-pulse-stimulator\/\" \/>\n<script type=\"application\/ld+json\" class=\"yoast-schema-graph\">{\"@context\":\"https:\\\/\\\/schema.org\",\"@graph\":[{\"@type\":[\"WebPage\",\"ItemPage\"],\"@id\":\"https:\\\/\\\/lustandlove.eu\\\/et\\\/toode\\\/satisfyer-love-breeze-air-pulse-stimulator\\\/\",\"url\":\"https:\\\/\\\/lustandlove.eu\\\/et\\\/toode\\\/satisfyer-love-breeze-air-pulse-stimulator\\\/\",\"name\":\"Love Breeze \u00d5hkstimulaatorit | Lust and Love\",\"isPartOf\":{\"@id\":\"https:\\\/\\\/lustandlove.eu\\\/et\\\/#website\"},\"primaryImageOfPage\":{\"@id\":\"https:\\\/\\\/lustandlove.eu\\\/et\\\/toode\\\/satisfyer-love-breeze-air-pulse-stimulator\\\/#primaryimage\"},\"image\":{\"@id\":\"https:\\\/\\\/lustandlove.eu\\\/et\\\/toode\\\/satisfyer-love-breeze-air-pulse-stimulator\\\/#primaryimage\"},\"thumbnailUrl\":\"https:\\\/\\\/lustandlove.eu\\\/wp-content\\\/uploads\\\/E31222.jpg\",\"datePublished\":\"2021-10-18T10:34:16+00:00\",\"dateModified\":\"2026-04-13T07:36:49+00:00\",\"breadcrumb\":{\"@id\":\"https:\\\/\\\/lustandlove.eu\\\/et\\\/toode\\\/satisfyer-love-breeze-air-pulse-stimulator\\\/#breadcrumb\"},\"inLanguage\":\"et\",\"potentialAction\":[{\"@type\":\"ReadAction\",\"target\":[\"https:\\\/\\\/lustandlove.eu\\\/et\\\/toode\\\/satisfyer-love-breeze-air-pulse-stimulator\\\/\"]}]},{\"@type\":\"ImageObject\",\"inLanguage\":\"et\",\"@id\":\"https:\\\/\\\/lustandlove.eu\\\/et\\\/toode\\\/satisfyer-love-breeze-air-pulse-stimulator\\\/#primaryimage\",\"url\":\"https:\\\/\\\/lustandlove.eu\\\/wp-content\\\/uploads\\\/E31222.jpg\",\"contentUrl\":\"https:\\\/\\\/lustandlove.eu\\\/wp-content\\\/uploads\\\/E31222.jpg\",\"width\":590,\"height\":590,\"caption\":\"Satisfyer - Love Breeze Air Pulse Stimulator\"},{\"@type\":\"BreadcrumbList\",\"@id\":\"https:\\\/\\\/lustandlove.eu\\\/et\\\/toode\\\/satisfyer-love-breeze-air-pulse-stimulator\\\/#breadcrumb\",\"itemListElement\":[{\"@type\":\"ListItem\",\"position\":1,\"name\":\"Lust and Love\",\"item\":\"https:\\\/\\\/lustandlove.eu\\\/et\\\/\"},{\"@type\":\"ListItem\",\"position\":2,\"name\":\"Pood\",\"item\":\"https:\\\/\\\/lustandlove.eu\\\/et\\\/pood\\\/\"},{\"@type\":\"ListItem\",\"position\":3,\"name\":\"Sekslelud\",\"item\":\"https:\\\/\\\/lustandlove.eu\\\/et\\\/pood\\\/sekslelud\\\/\"},{\"@type\":\"ListItem\",\"position\":4,\"name\":\"Love Breeze \u00d5hkstimulaatorit\"}]},{\"@type\":\"WebSite\",\"@id\":\"https:\\\/\\\/lustandlove.eu\\\/et\\\/#website\",\"url\":\"https:\\\/\\\/lustandlove.eu\\\/et\\\/\",\"name\":\"Lust & Love\",\"description\":\"Online erootikapood tervise, ilu ja armastuse jaoks\",\"publisher\":{\"@id\":\"https:\\\/\\\/lustandlove.eu\\\/et\\\/#organization\"},\"potentialAction\":[{\"@type\":\"SearchAction\",\"target\":{\"@type\":\"EntryPoint\",\"urlTemplate\":\"https:\\\/\\\/lustandlove.eu\\\/et\\\/?s={search_term_string}\"},\"query-input\":{\"@type\":\"PropertyValueSpecification\",\"valueRequired\":true,\"valueName\":\"search_term_string\"}}],\"inLanguage\":\"et\"},{\"@type\":\"Organization\",\"@id\":\"https:\\\/\\\/lustandlove.eu\\\/et\\\/#organization\",\"name\":\"Bioconcept Baltics O\u00dc\",\"url\":\"https:\\\/\\\/lustandlove.eu\\\/et\\\/\",\"logo\":{\"@type\":\"ImageObject\",\"inLanguage\":\"et\",\"@id\":\"https:\\\/\\\/lustandlove.eu\\\/et\\\/#\\\/schema\\\/logo\\\/image\\\/\",\"url\":\"https:\\\/\\\/lustandlove.eu\\\/wp-content\\\/uploads\\\/logo-full-2.png\",\"contentUrl\":\"https:\\\/\\\/lustandlove.eu\\\/wp-content\\\/uploads\\\/logo-full-2.png\",\"width\":837,\"height\":200,\"caption\":\"Bioconcept Baltics O\u00dc\"},\"image\":{\"@id\":\"https:\\\/\\\/lustandlove.eu\\\/et\\\/#\\\/schema\\\/logo\\\/image\\\/\"},\"sameAs\":[\"https:\\\/\\\/www.facebook.com\\\/LustandLoveEU\\\/\",\"https:\\\/\\\/www.instagram.com\\\/lustandloveeu\\\/\"]}]}<\/script>\n<!-- \/ Yoast SEO plugin. -->","yoast_head_json":{"title":"Love Breeze \u00d5hkstimulaatorit | Lust and Love","robots":{"index,follow,max-snippet":"index,follow,max-snippet:-1,max-image-preview:large,max-video-preview:-1"},"canonical":"https:\/\/lustandlove.eu\/et\/toode\/satisfyer-love-breeze-air-pulse-stimulator\/","schema":{"@context":"https:\/\/schema.org","@graph":[{"@type":["WebPage","ItemPage"],"@id":"https:\/\/lustandlove.eu\/et\/toode\/satisfyer-love-breeze-air-pulse-stimulator\/","url":"https:\/\/lustandlove.eu\/et\/toode\/satisfyer-love-breeze-air-pulse-stimulator\/","name":"Love Breeze \u00d5hkstimulaatorit | Lust and Love","isPartOf":{"@id":"https:\/\/lustandlove.eu\/et\/#website"},"primaryImageOfPage":{"@id":"https:\/\/lustandlove.eu\/et\/toode\/satisfyer-love-breeze-air-pulse-stimulator\/#primaryimage"},"image":{"@id":"https:\/\/lustandlove.eu\/et\/toode\/satisfyer-love-breeze-air-pulse-stimulator\/#primaryimage"},"thumbnailUrl":"https:\/\/lustandlove.eu\/wp-content\/uploads\/E31222.jpg","datePublished":"2021-10-18T10:34:16+00:00","dateModified":"2026-04-13T07:36:49+00:00","breadcrumb":{"@id":"https:\/\/lustandlove.eu\/et\/toode\/satisfyer-love-breeze-air-pulse-stimulator\/#breadcrumb"},"inLanguage":"et","potentialAction":[{"@type":"ReadAction","target":["https:\/\/lustandlove.eu\/et\/toode\/satisfyer-love-breeze-air-pulse-stimulator\/"]}]},{"@type":"ImageObject","inLanguage":"et","@id":"https:\/\/lustandlove.eu\/et\/toode\/satisfyer-love-breeze-air-pulse-stimulator\/#primaryimage","url":"https:\/\/lustandlove.eu\/wp-content\/uploads\/E31222.jpg","contentUrl":"https:\/\/lustandlove.eu\/wp-content\/uploads\/E31222.jpg","width":590,"height":590,"caption":"Satisfyer - Love Breeze Air Pulse Stimulator"},{"@type":"BreadcrumbList","@id":"https:\/\/lustandlove.eu\/et\/toode\/satisfyer-love-breeze-air-pulse-stimulator\/#breadcrumb","itemListElement":[{"@type":"ListItem","position":1,"name":"Lust and Love","item":"https:\/\/lustandlove.eu\/et\/"},{"@type":"ListItem","position":2,"name":"Pood","item":"https:\/\/lustandlove.eu\/et\/pood\/"},{"@type":"ListItem","position":3,"name":"Sekslelud","item":"https:\/\/lustandlove.eu\/et\/pood\/sekslelud\/"},{"@type":"ListItem","position":4,"name":"Love Breeze \u00d5hkstimulaatorit"}]},{"@type":"WebSite","@id":"https:\/\/lustandlove.eu\/et\/#website","url":"https:\/\/lustandlove.eu\/et\/","name":"Lust & Love","description":"Online erootikapood tervise, ilu ja armastuse jaoks","publisher":{"@id":"https:\/\/lustandlove.eu\/et\/#organization"},"potentialAction":[{"@type":"SearchAction","target":{"@type":"EntryPoint","urlTemplate":"https:\/\/lustandlove.eu\/et\/?s={search_term_string}"},"query-input":{"@type":"PropertyValueSpecification","valueRequired":true,"valueName":"search_term_string"}}],"inLanguage":"et"},{"@type":"Organization","@id":"https:\/\/lustandlove.eu\/et\/#organization","name":"Bioconcept Baltics O\u00dc","url":"https:\/\/lustandlove.eu\/et\/","logo":{"@type":"ImageObject","inLanguage":"et","@id":"https:\/\/lustandlove.eu\/et\/#\/schema\/logo\/image\/","url":"https:\/\/lustandlove.eu\/wp-content\/uploads\/logo-full-2.png","contentUrl":"https:\/\/lustandlove.eu\/wp-content\/uploads\/logo-full-2.png","width":837,"height":200,"caption":"Bioconcept Baltics O\u00dc"},"image":{"@id":"https:\/\/lustandlove.eu\/et\/#\/schema\/logo\/image\/"},"sameAs":["https:\/\/www.facebook.com\/LustandLoveEU\/","https:\/\/www.instagram.com\/lustandloveeu\/"]}]}},"_links":{"self":[{"href":"https:\/\/lustandlove.eu\/et\/wp-json\/wp\/v2\/product\/50210","targetHints":{"allow":["GET"]}}],"collection":[{"href":"https:\/\/lustandlove.eu\/et\/wp-json\/wp\/v2\/product"}],"about":[{"href":"https:\/\/lustandlove.eu\/et\/wp-json\/wp\/v2\/types\/product"}],"wp:featuredmedia":[{"embeddable":true,"href":"https:\/\/lustandlove.eu\/et\/wp-json\/wp\/v2\/media\/49903"}],"wp:attachment":[{"href":"https:\/\/lustandlove.eu\/et\/wp-json\/wp\/v2\/media?parent=50210"}],"wp:term":[{"taxonomy":"product_brand","embeddable":true,"href":"https:\/\/lustandlove.eu\/et\/wp-json\/wp\/v2\/product_brand?post=50210"},{"taxonomy":"product_cat","embeddable":true,"href":"https:\/\/lustandlove.eu\/et\/wp-json\/wp\/v2\/product_cat?post=50210"},{"taxonomy":"product_tag","embeddable":true,"href":"https:\/\/lustandlove.eu\/et\/wp-json\/wp\/v2\/product_tag?post=50210"}],"curies":[{"name":"wp","href":"https:\/\/api.w.org\/{rel}","templated":true}]}}