{"id":50214,"date":"2021-10-18T15:06:56","date_gmt":"2021-10-18T12:06:56","guid":{"rendered":"https:\/\/www.lustandlove.eu\/product\/satisfyer-pro-4-couples\/"},"modified":"2026-04-13T10:36:48","modified_gmt":"2026-04-13T07:36:48","slug":"satisfyer-pro-4-couples","status":"publish","type":"product","link":"https:\/\/lustandlove.eu\/et\/toode\/satisfyer-pro-4-couples\/","title":{"rendered":"Pro 4 Paaridele"},"content":{"rendered":"<div class=\"wpb-content-wrapper\"><p>[vc_row][vc_column][vc_column_text woodmart_inline=&#8221;no&#8221; text_larger=&#8221;no&#8221;]<br \/>\nSatisfyer Pro 4 Couples on t\u00f5eline m\u00f5nugigant naisele ja mehele. T\u00e4nu \u00fchisele stimulatsioonile naudite oma armum\u00e4ngu veel intensiivsemalt ning toote magamistuppa rikkaliku vahelduse.<\/p>\n<p>Paarivibraator toimib nii: kitsam haru viiakse armum\u00e4ngu ajal tuppe, kus see paneb 10 intensiivse vibratsiooniastmega m\u00f5nurohke aluse erutavatele hetkedele koos. Ka mees viib peenise tuppe ning naudib intensiivsemat tihedust kombinatsioonis erutavate vibratsioonidega. Ka naist r\u00f5\u00f5mustab suurem tihedus \u2013 nimelt avaldab see m\u00e4ngukaaslane G-punktile erutavat survet. Kliitorit stimuleeritakse v\u00e4ljaspool oleva osa abil j\u00f5uliste survelainetega, tekitades nii maksimaalse naudingu. See kliitorivibraator toob teile kirglikke stimulatsioonihetki ja enneolematult hingetuks v\u00f5tvaid orgasme.<\/p>\n<p>Satisfyer Pro 4 Couples pole oma m\u00f5nutegemise tehnika poolest mitte ainult ainulaadne, vaid pakub ka palju muid eeliseid. Juhtelement v\u00f5imaldab valida vibratsiooni ja survelainete intensiivsust eraldi ning luua seel\u00e4bi hulga erinevaid kombinatsioone \u2013 vahelduse toomine armuellu pole olnud kunagi nii lihtne. Selle m\u00f5nutegija sosinvaiksed mootorid tagavad segamatu naudingu.[\/vc_column_text][\/vc_column][\/vc_row]<\/p>\n<\/div>","protected":false},"excerpt":{"rendered":"<p>Satisfyer Pro 4 Couples on t\u00f5eline m\u00f5nugigant naisele ja mehele. T\u00e4nu \u00fchisele stimulatsioonile naudite oma armum\u00e4ngu veel intensiivsemalt ning toote magamistuppa rikkaliku vahelduse.<\/p>\n","protected":false},"featured_media":49936,"template":"","meta":[],"product_brand":[4238],"product_cat":[3978,1484,1488],"product_tag":[3652,3653],"class_list":{"0":"post-50214","1":"product","2":"type-product","3":"status-publish","4":"has-post-thumbnail","6":"product_brand-satisfyer-et","7":"product_cat-lobu-kahele","8":"product_cat-sekslelud","9":"product_cat-vibraatorid","10":"product_tag-satisfier-et","11":"product_tag-satisfyer-et","12":"pa_brand-satisfyer-et","14":"first","15":"instock","16":"taxable","17":"shipping-taxable","18":"purchasable","19":"product-type-simple"},"yoast_head":"<!-- This site is optimized with the Yoast SEO plugin v27.3 - https:\/\/yoast.com\/product\/yoast-seo-wordpress\/ -->\n<title>Pro 4 Paaridele | Lust and Love<\/title>\n<meta name=\"robots\" content=\"index,follow,max-snippet:-1,max-image-preview:large,max-video-preview:-1\" \/>\n<link rel=\"canonical\" href=\"https:\/\/lustandlove.eu\/et\/toode\/satisfyer-pro-4-couples\/\" \/>\n<meta name=\"twitter:card\" content=\"summary_large_image\" \/>\n<meta name=\"twitter:title\" content=\"Pro 4 Paaridele | Lust and Love\" \/>\n<meta name=\"twitter:description\" content=\"Satisfyer Pro 4 Couples on t\u00f5eline m\u00f5nugigant naisele ja mehele. T\u00e4nu \u00fchisele stimulatsioonile naudite oma armum\u00e4ngu veel intensiivsemalt ning toote magamistuppa rikkaliku vahelduse.\" \/>\n<meta name=\"twitter:image\" content=\"https:\/\/lustandlove.eu\/wp-content\/uploads\/E27977.jpg\" \/>\n<meta name=\"twitter:label1\" content=\"Est. reading time\" \/>\n\t<meta name=\"twitter:data1\" content=\"2 minutit\" \/>\n<script type=\"application\/ld+json\" class=\"yoast-schema-graph\">{\"@context\":\"https:\\\/\\\/schema.org\",\"@graph\":[{\"@type\":[\"WebPage\",\"ItemPage\"],\"@id\":\"https:\\\/\\\/lustandlove.eu\\\/et\\\/toode\\\/satisfyer-pro-4-couples\\\/\",\"url\":\"https:\\\/\\\/lustandlove.eu\\\/et\\\/toode\\\/satisfyer-pro-4-couples\\\/\",\"name\":\"Pro 4 Paaridele | Lust and Love\",\"isPartOf\":{\"@id\":\"https:\\\/\\\/lustandlove.eu\\\/et\\\/#website\"},\"primaryImageOfPage\":{\"@id\":\"https:\\\/\\\/lustandlove.eu\\\/et\\\/toode\\\/satisfyer-pro-4-couples\\\/#primaryimage\"},\"image\":{\"@id\":\"https:\\\/\\\/lustandlove.eu\\\/et\\\/toode\\\/satisfyer-pro-4-couples\\\/#primaryimage\"},\"thumbnailUrl\":\"https:\\\/\\\/lustandlove.eu\\\/wp-content\\\/uploads\\\/E27977.jpg\",\"datePublished\":\"2021-10-18T12:06:56+00:00\",\"dateModified\":\"2026-04-13T07:36:48+00:00\",\"breadcrumb\":{\"@id\":\"https:\\\/\\\/lustandlove.eu\\\/et\\\/toode\\\/satisfyer-pro-4-couples\\\/#breadcrumb\"},\"inLanguage\":\"et\",\"potentialAction\":[{\"@type\":\"ReadAction\",\"target\":[\"https:\\\/\\\/lustandlove.eu\\\/et\\\/toode\\\/satisfyer-pro-4-couples\\\/\"]}]},{\"@type\":\"ImageObject\",\"inLanguage\":\"et\",\"@id\":\"https:\\\/\\\/lustandlove.eu\\\/et\\\/toode\\\/satisfyer-pro-4-couples\\\/#primaryimage\",\"url\":\"https:\\\/\\\/lustandlove.eu\\\/wp-content\\\/uploads\\\/E27977.jpg\",\"contentUrl\":\"https:\\\/\\\/lustandlove.eu\\\/wp-content\\\/uploads\\\/E27977.jpg\",\"width\":590,\"height\":590,\"caption\":\"Satisfyer - Pro 4 Couples\"},{\"@type\":\"BreadcrumbList\",\"@id\":\"https:\\\/\\\/lustandlove.eu\\\/et\\\/toode\\\/satisfyer-pro-4-couples\\\/#breadcrumb\",\"itemListElement\":[{\"@type\":\"ListItem\",\"position\":1,\"name\":\"Lust and Love\",\"item\":\"https:\\\/\\\/lustandlove.eu\\\/et\\\/\"},{\"@type\":\"ListItem\",\"position\":2,\"name\":\"Pood\",\"item\":\"https:\\\/\\\/lustandlove.eu\\\/et\\\/pood\\\/\"},{\"@type\":\"ListItem\",\"position\":3,\"name\":\"Sekslelud\",\"item\":\"https:\\\/\\\/lustandlove.eu\\\/et\\\/pood\\\/sekslelud\\\/\"},{\"@type\":\"ListItem\",\"position\":4,\"name\":\"Vibraatorid\",\"item\":\"https:\\\/\\\/lustandlove.eu\\\/et\\\/pood\\\/sekslelud\\\/vibraatorid\\\/\"},{\"@type\":\"ListItem\",\"position\":5,\"name\":\"L\u00f5bu kahele\",\"item\":\"https:\\\/\\\/lustandlove.eu\\\/et\\\/pood\\\/sekslelud\\\/vibraatorid\\\/lobu-kahele\\\/\"},{\"@type\":\"ListItem\",\"position\":6,\"name\":\"Pro 4 Paaridele\"}]},{\"@type\":\"WebSite\",\"@id\":\"https:\\\/\\\/lustandlove.eu\\\/et\\\/#website\",\"url\":\"https:\\\/\\\/lustandlove.eu\\\/et\\\/\",\"name\":\"Lust &amp; Love\",\"description\":\"Online erootikapood tervise, ilu ja armastuse jaoks\",\"publisher\":{\"@id\":\"https:\\\/\\\/lustandlove.eu\\\/et\\\/#organization\"},\"potentialAction\":[{\"@type\":\"SearchAction\",\"target\":{\"@type\":\"EntryPoint\",\"urlTemplate\":\"https:\\\/\\\/lustandlove.eu\\\/et\\\/?s={search_term_string}\"},\"query-input\":{\"@type\":\"PropertyValueSpecification\",\"valueRequired\":true,\"valueName\":\"search_term_string\"}}],\"inLanguage\":\"et\"},{\"@type\":\"Organization\",\"@id\":\"https:\\\/\\\/lustandlove.eu\\\/et\\\/#organization\",\"name\":\"Bioconcept Baltics O\u00dc\",\"url\":\"https:\\\/\\\/lustandlove.eu\\\/et\\\/\",\"logo\":{\"@type\":\"ImageObject\",\"inLanguage\":\"et\",\"@id\":\"https:\\\/\\\/lustandlove.eu\\\/et\\\/#\\\/schema\\\/logo\\\/image\\\/\",\"url\":\"\",\"contentUrl\":\"\",\"caption\":\"Bioconcept Baltics O\u00dc\"},\"image\":{\"@id\":\"https:\\\/\\\/lustandlove.eu\\\/et\\\/#\\\/schema\\\/logo\\\/image\\\/\"},\"sameAs\":[\"https:\\\/\\\/www.facebook.com\\\/LustandLoveEU\\\/\",\"https:\\\/\\\/www.instagram.com\\\/lustandloveeu\\\/\"]}]}<\/script>\n<!-- \/ Yoast SEO plugin. -->","yoast_head_json":{"title":"Pro 4 Paaridele | Lust and Love","robots":{"index,follow,max-snippet":"index,follow,max-snippet:-1,max-image-preview:large,max-video-preview:-1"},"canonical":"https:\/\/lustandlove.eu\/et\/toode\/satisfyer-pro-4-couples\/","twitter_card":"summary_large_image","twitter_title":"Pro 4 Paaridele | Lust and Love","twitter_description":"Satisfyer Pro 4 Couples on t\u00f5eline m\u00f5nugigant naisele ja mehele. T\u00e4nu \u00fchisele stimulatsioonile naudite oma armum\u00e4ngu veel intensiivsemalt ning toote magamistuppa rikkaliku vahelduse.","twitter_image":"https:\/\/lustandlove.eu\/wp-content\/uploads\/E27977.jpg","twitter_misc":{"Est. reading time":"2 minutit"},"schema":{"@context":"https:\/\/schema.org","@graph":[{"@type":["WebPage","ItemPage"],"@id":"https:\/\/lustandlove.eu\/et\/toode\/satisfyer-pro-4-couples\/","url":"https:\/\/lustandlove.eu\/et\/toode\/satisfyer-pro-4-couples\/","name":"Pro 4 Paaridele | Lust and Love","isPartOf":{"@id":"https:\/\/lustandlove.eu\/et\/#website"},"primaryImageOfPage":{"@id":"https:\/\/lustandlove.eu\/et\/toode\/satisfyer-pro-4-couples\/#primaryimage"},"image":{"@id":"https:\/\/lustandlove.eu\/et\/toode\/satisfyer-pro-4-couples\/#primaryimage"},"thumbnailUrl":"https:\/\/lustandlove.eu\/wp-content\/uploads\/E27977.jpg","datePublished":"2021-10-18T12:06:56+00:00","dateModified":"2026-04-13T07:36:48+00:00","breadcrumb":{"@id":"https:\/\/lustandlove.eu\/et\/toode\/satisfyer-pro-4-couples\/#breadcrumb"},"inLanguage":"et","potentialAction":[{"@type":"ReadAction","target":["https:\/\/lustandlove.eu\/et\/toode\/satisfyer-pro-4-couples\/"]}]},{"@type":"ImageObject","inLanguage":"et","@id":"https:\/\/lustandlove.eu\/et\/toode\/satisfyer-pro-4-couples\/#primaryimage","url":"https:\/\/lustandlove.eu\/wp-content\/uploads\/E27977.jpg","contentUrl":"https:\/\/lustandlove.eu\/wp-content\/uploads\/E27977.jpg","width":590,"height":590,"caption":"Satisfyer - Pro 4 Couples"},{"@type":"BreadcrumbList","@id":"https:\/\/lustandlove.eu\/et\/toode\/satisfyer-pro-4-couples\/#breadcrumb","itemListElement":[{"@type":"ListItem","position":1,"name":"Lust and Love","item":"https:\/\/lustandlove.eu\/et\/"},{"@type":"ListItem","position":2,"name":"Pood","item":"https:\/\/lustandlove.eu\/et\/pood\/"},{"@type":"ListItem","position":3,"name":"Sekslelud","item":"https:\/\/lustandlove.eu\/et\/pood\/sekslelud\/"},{"@type":"ListItem","position":4,"name":"Vibraatorid","item":"https:\/\/lustandlove.eu\/et\/pood\/sekslelud\/vibraatorid\/"},{"@type":"ListItem","position":5,"name":"L\u00f5bu kahele","item":"https:\/\/lustandlove.eu\/et\/pood\/sekslelud\/vibraatorid\/lobu-kahele\/"},{"@type":"ListItem","position":6,"name":"Pro 4 Paaridele"}]},{"@type":"WebSite","@id":"https:\/\/lustandlove.eu\/et\/#website","url":"https:\/\/lustandlove.eu\/et\/","name":"Lust &amp; Love","description":"Online erootikapood tervise, ilu ja armastuse jaoks","publisher":{"@id":"https:\/\/lustandlove.eu\/et\/#organization"},"potentialAction":[{"@type":"SearchAction","target":{"@type":"EntryPoint","urlTemplate":"https:\/\/lustandlove.eu\/et\/?s={search_term_string}"},"query-input":{"@type":"PropertyValueSpecification","valueRequired":true,"valueName":"search_term_string"}}],"inLanguage":"et"},{"@type":"Organization","@id":"https:\/\/lustandlove.eu\/et\/#organization","name":"Bioconcept Baltics O\u00dc","url":"https:\/\/lustandlove.eu\/et\/","logo":{"@type":"ImageObject","inLanguage":"et","@id":"https:\/\/lustandlove.eu\/et\/#\/schema\/logo\/image\/","url":"","contentUrl":"","caption":"Bioconcept Baltics O\u00dc"},"image":{"@id":"https:\/\/lustandlove.eu\/et\/#\/schema\/logo\/image\/"},"sameAs":["https:\/\/www.facebook.com\/LustandLoveEU\/","https:\/\/www.instagram.com\/lustandloveeu\/"]}]}},"_links":{"self":[{"href":"https:\/\/lustandlove.eu\/et\/wp-json\/wp\/v2\/product\/50214","targetHints":{"allow":["GET"]}}],"collection":[{"href":"https:\/\/lustandlove.eu\/et\/wp-json\/wp\/v2\/product"}],"about":[{"href":"https:\/\/lustandlove.eu\/et\/wp-json\/wp\/v2\/types\/product"}],"wp:featuredmedia":[{"embeddable":true,"href":"https:\/\/lustandlove.eu\/et\/wp-json\/wp\/v2\/media\/49936"}],"wp:attachment":[{"href":"https:\/\/lustandlove.eu\/et\/wp-json\/wp\/v2\/media?parent=50214"}],"wp:term":[{"taxonomy":"product_brand","embeddable":true,"href":"https:\/\/lustandlove.eu\/et\/wp-json\/wp\/v2\/product_brand?post=50214"},{"taxonomy":"product_cat","embeddable":true,"href":"https:\/\/lustandlove.eu\/et\/wp-json\/wp\/v2\/product_cat?post=50214"},{"taxonomy":"product_tag","embeddable":true,"href":"https:\/\/lustandlove.eu\/et\/wp-json\/wp\/v2\/product_tag?post=50214"}],"curies":[{"name":"wp","href":"https:\/\/api.w.org\/{rel}","templated":true}]}}