{"id":50215,"date":"2021-10-18T16:08:33","date_gmt":"2021-10-18T13:08:33","guid":{"rendered":"https:\/\/www.lustandlove.eu\/product\/satisfyer-dual-pleasure-air-pulse\/"},"modified":"2026-04-13T10:36:48","modified_gmt":"2026-04-13T07:36:48","slug":"satisfyer-dual-pleasure-air-pulse","status":"publish","type":"product","link":"https:\/\/lustandlove.eu\/et\/toode\/satisfyer-dual-pleasure-air-pulse\/","title":{"rendered":"Dual Pleasure \u00d5hkstimulaatorit"},"content":{"rendered":"<div class=\"wpb-content-wrapper\"><p>[vc_row][vc_column][vc_column_text woodmart_inline=&#8221;no&#8221; text_larger=&#8221;no&#8221;]<br \/>\nSatisfyer Dual Pleasure hellitab kliitorit survelainetega ja G-punkti meela vibratsioonidega \u2013 seda ka \u00e4pi kaudu juhitult. Kliitoristimulaator on valmistatud kvaliteetsest t\u00e4issilikoonist, mis kohandub \u00f5rnalt sinu kehakujuga ning kannab intensiivse vibratsiooni eriti tugevalt sinu erutuspunktidesse. Vibratsiooni ja suvelaineid saab juhtida intuitiivselt juhtpaneeli v\u00f5i tasuta Satisfyer Connecti \u00e4pi kaudu. \u00c4piga ei saa Dual Pleasure\u2019t mitte ainult kaugjuhtida, vaid ka luua uusi vibratsiooniprogramme v\u00f5i \u00fchendada m\u00f5nutegija oma Spotify lemmikesitusloendiga \u2013 v\u00f5imalused on l\u00f5putud.<\/p>\n<p>Lisaks kahele eraldi juhitavale programmile survelainete ja vibratsiooni jaoks on Satisfyer Dual Pleasure varustatud veekindla korpusega. Olgu linade vahel v\u00f5i vannis \u2013 see vahend on paindlikult kasutatav ning kingib sinu kliitorile hingetuks v\u00f5tvaid k\u00f5rghetki, kus iganes sa ka ei viibiks. Kaks v\u00f5imsat mootorit, mida saab laadida mugavalt magneetilise USB-laadijaga, tagavad vajaliku v\u00f5imsuse.[\/vc_column_text][\/vc_column][\/vc_row]<\/p>\n<\/div>","protected":false},"excerpt":{"rendered":"<p>Satisfyer Dual Pleasure on uus toode turul, mille \u00fchte otsa saab kasutada kliitori stimuleerimiseks survelainete abil ning toote teine ots on kasutatav G-punkti vibraatorina.<\/p>\n","protected":false},"featured_media":49948,"template":"","meta":[],"product_brand":[4238],"product_cat":[3982,1484,1488],"product_tag":[3842,3652,3653],"class_list":{"0":"post-50215","1":"product","2":"type-product","3":"status-publish","4":"has-post-thumbnail","6":"product_brand-satisfyer-et","7":"product_cat-ohksurve-simulaator","8":"product_cat-sekslelud","9":"product_cat-vibraatorid","10":"product_tag-imemis","11":"product_tag-satisfier-et","12":"product_tag-satisfyer-et","13":"pa_brand-satisfyer-et","15":"first","16":"instock","17":"taxable","18":"shipping-taxable","19":"purchasable","20":"product-type-variable"},"yoast_head":"<!-- This site is optimized with the Yoast SEO plugin v27.3 - https:\/\/yoast.com\/product\/yoast-seo-wordpress\/ -->\n<title>Dual Pleasure \u00d5hkstimulaatorit | Lust and Love<\/title>\n<meta name=\"robots\" content=\"index,follow,max-snippet:-1,max-image-preview:large,max-video-preview:-1\" \/>\n<link rel=\"canonical\" href=\"https:\/\/lustandlove.eu\/et\/toode\/satisfyer-dual-pleasure-air-pulse\/\" \/>\n<meta name=\"twitter:card\" content=\"summary_large_image\" \/>\n<meta name=\"twitter:title\" content=\"Dual Pleasure \u00d5hkstimulaatorit | Lust and Love\" \/>\n<meta name=\"twitter:description\" content=\"Satisfyer Dual Pleasure on uus toode turul, mille \u00fchte otsa saab kasutada kliitori stimuleerimiseks survelainete abil ning toote teine ots on kasutatav G-punkti vibraatorina.\" \/>\n<meta name=\"twitter:image\" content=\"https:\/\/lustandlove.eu\/wp-content\/uploads\/E31260.jpg\" \/>\n<meta name=\"twitter:label1\" content=\"Est. reading time\" \/>\n\t<meta name=\"twitter:data1\" content=\"1 minut\" \/>\n<script type=\"application\/ld+json\" class=\"yoast-schema-graph\">{\"@context\":\"https:\\\/\\\/schema.org\",\"@graph\":[{\"@type\":[\"WebPage\",\"ItemPage\"],\"@id\":\"https:\\\/\\\/lustandlove.eu\\\/et\\\/toode\\\/satisfyer-dual-pleasure-air-pulse\\\/\",\"url\":\"https:\\\/\\\/lustandlove.eu\\\/et\\\/toode\\\/satisfyer-dual-pleasure-air-pulse\\\/\",\"name\":\"Dual Pleasure \u00d5hkstimulaatorit | Lust and Love\",\"isPartOf\":{\"@id\":\"https:\\\/\\\/lustandlove.eu\\\/et\\\/#website\"},\"primaryImageOfPage\":{\"@id\":\"https:\\\/\\\/lustandlove.eu\\\/et\\\/toode\\\/satisfyer-dual-pleasure-air-pulse\\\/#primaryimage\"},\"image\":{\"@id\":\"https:\\\/\\\/lustandlove.eu\\\/et\\\/toode\\\/satisfyer-dual-pleasure-air-pulse\\\/#primaryimage\"},\"thumbnailUrl\":\"https:\\\/\\\/lustandlove.eu\\\/wp-content\\\/uploads\\\/E31260.jpg\",\"datePublished\":\"2021-10-18T13:08:33+00:00\",\"dateModified\":\"2026-04-13T07:36:48+00:00\",\"breadcrumb\":{\"@id\":\"https:\\\/\\\/lustandlove.eu\\\/et\\\/toode\\\/satisfyer-dual-pleasure-air-pulse\\\/#breadcrumb\"},\"inLanguage\":\"et\",\"potentialAction\":[{\"@type\":\"ReadAction\",\"target\":[\"https:\\\/\\\/lustandlove.eu\\\/et\\\/toode\\\/satisfyer-dual-pleasure-air-pulse\\\/\"]}]},{\"@type\":\"ImageObject\",\"inLanguage\":\"et\",\"@id\":\"https:\\\/\\\/lustandlove.eu\\\/et\\\/toode\\\/satisfyer-dual-pleasure-air-pulse\\\/#primaryimage\",\"url\":\"https:\\\/\\\/lustandlove.eu\\\/wp-content\\\/uploads\\\/E31260.jpg\",\"contentUrl\":\"https:\\\/\\\/lustandlove.eu\\\/wp-content\\\/uploads\\\/E31260.jpg\",\"width\":590,\"height\":590,\"caption\":\"Satisfyer - Dual Pleasure Air Pulse\"},{\"@type\":\"BreadcrumbList\",\"@id\":\"https:\\\/\\\/lustandlove.eu\\\/et\\\/toode\\\/satisfyer-dual-pleasure-air-pulse\\\/#breadcrumb\",\"itemListElement\":[{\"@type\":\"ListItem\",\"position\":1,\"name\":\"Lust and Love\",\"item\":\"https:\\\/\\\/lustandlove.eu\\\/et\\\/\"},{\"@type\":\"ListItem\",\"position\":2,\"name\":\"Pood\",\"item\":\"https:\\\/\\\/lustandlove.eu\\\/et\\\/pood\\\/\"},{\"@type\":\"ListItem\",\"position\":3,\"name\":\"Sekslelud\",\"item\":\"https:\\\/\\\/lustandlove.eu\\\/et\\\/pood\\\/sekslelud\\\/\"},{\"@type\":\"ListItem\",\"position\":4,\"name\":\"Dual Pleasure \u00d5hkstimulaatorit\"}]},{\"@type\":\"WebSite\",\"@id\":\"https:\\\/\\\/lustandlove.eu\\\/et\\\/#website\",\"url\":\"https:\\\/\\\/lustandlove.eu\\\/et\\\/\",\"name\":\"Lust &amp; Love\",\"description\":\"Online erootikapood tervise, ilu ja armastuse jaoks\",\"publisher\":{\"@id\":\"https:\\\/\\\/lustandlove.eu\\\/et\\\/#organization\"},\"potentialAction\":[{\"@type\":\"SearchAction\",\"target\":{\"@type\":\"EntryPoint\",\"urlTemplate\":\"https:\\\/\\\/lustandlove.eu\\\/et\\\/?s={search_term_string}\"},\"query-input\":{\"@type\":\"PropertyValueSpecification\",\"valueRequired\":true,\"valueName\":\"search_term_string\"}}],\"inLanguage\":\"et\"},{\"@type\":\"Organization\",\"@id\":\"https:\\\/\\\/lustandlove.eu\\\/et\\\/#organization\",\"name\":\"Bioconcept Baltics O\u00dc\",\"url\":\"https:\\\/\\\/lustandlove.eu\\\/et\\\/\",\"logo\":{\"@type\":\"ImageObject\",\"inLanguage\":\"et\",\"@id\":\"https:\\\/\\\/lustandlove.eu\\\/et\\\/#\\\/schema\\\/logo\\\/image\\\/\",\"url\":\"\",\"contentUrl\":\"\",\"caption\":\"Bioconcept Baltics O\u00dc\"},\"image\":{\"@id\":\"https:\\\/\\\/lustandlove.eu\\\/et\\\/#\\\/schema\\\/logo\\\/image\\\/\"},\"sameAs\":[\"https:\\\/\\\/www.facebook.com\\\/LustandLoveEU\\\/\",\"https:\\\/\\\/www.instagram.com\\\/lustandloveeu\\\/\"]}]}<\/script>\n<!-- \/ Yoast SEO plugin. -->","yoast_head_json":{"title":"Dual Pleasure \u00d5hkstimulaatorit | Lust and Love","robots":{"index,follow,max-snippet":"index,follow,max-snippet:-1,max-image-preview:large,max-video-preview:-1"},"canonical":"https:\/\/lustandlove.eu\/et\/toode\/satisfyer-dual-pleasure-air-pulse\/","twitter_card":"summary_large_image","twitter_title":"Dual Pleasure \u00d5hkstimulaatorit | Lust and Love","twitter_description":"Satisfyer Dual Pleasure on uus toode turul, mille \u00fchte otsa saab kasutada kliitori stimuleerimiseks survelainete abil ning toote teine ots on kasutatav G-punkti vibraatorina.","twitter_image":"https:\/\/lustandlove.eu\/wp-content\/uploads\/E31260.jpg","twitter_misc":{"Est. reading time":"1 minut"},"schema":{"@context":"https:\/\/schema.org","@graph":[{"@type":["WebPage","ItemPage"],"@id":"https:\/\/lustandlove.eu\/et\/toode\/satisfyer-dual-pleasure-air-pulse\/","url":"https:\/\/lustandlove.eu\/et\/toode\/satisfyer-dual-pleasure-air-pulse\/","name":"Dual Pleasure \u00d5hkstimulaatorit | Lust and Love","isPartOf":{"@id":"https:\/\/lustandlove.eu\/et\/#website"},"primaryImageOfPage":{"@id":"https:\/\/lustandlove.eu\/et\/toode\/satisfyer-dual-pleasure-air-pulse\/#primaryimage"},"image":{"@id":"https:\/\/lustandlove.eu\/et\/toode\/satisfyer-dual-pleasure-air-pulse\/#primaryimage"},"thumbnailUrl":"https:\/\/lustandlove.eu\/wp-content\/uploads\/E31260.jpg","datePublished":"2021-10-18T13:08:33+00:00","dateModified":"2026-04-13T07:36:48+00:00","breadcrumb":{"@id":"https:\/\/lustandlove.eu\/et\/toode\/satisfyer-dual-pleasure-air-pulse\/#breadcrumb"},"inLanguage":"et","potentialAction":[{"@type":"ReadAction","target":["https:\/\/lustandlove.eu\/et\/toode\/satisfyer-dual-pleasure-air-pulse\/"]}]},{"@type":"ImageObject","inLanguage":"et","@id":"https:\/\/lustandlove.eu\/et\/toode\/satisfyer-dual-pleasure-air-pulse\/#primaryimage","url":"https:\/\/lustandlove.eu\/wp-content\/uploads\/E31260.jpg","contentUrl":"https:\/\/lustandlove.eu\/wp-content\/uploads\/E31260.jpg","width":590,"height":590,"caption":"Satisfyer - Dual Pleasure Air Pulse"},{"@type":"BreadcrumbList","@id":"https:\/\/lustandlove.eu\/et\/toode\/satisfyer-dual-pleasure-air-pulse\/#breadcrumb","itemListElement":[{"@type":"ListItem","position":1,"name":"Lust and Love","item":"https:\/\/lustandlove.eu\/et\/"},{"@type":"ListItem","position":2,"name":"Pood","item":"https:\/\/lustandlove.eu\/et\/pood\/"},{"@type":"ListItem","position":3,"name":"Sekslelud","item":"https:\/\/lustandlove.eu\/et\/pood\/sekslelud\/"},{"@type":"ListItem","position":4,"name":"Dual Pleasure \u00d5hkstimulaatorit"}]},{"@type":"WebSite","@id":"https:\/\/lustandlove.eu\/et\/#website","url":"https:\/\/lustandlove.eu\/et\/","name":"Lust &amp; Love","description":"Online erootikapood tervise, ilu ja armastuse jaoks","publisher":{"@id":"https:\/\/lustandlove.eu\/et\/#organization"},"potentialAction":[{"@type":"SearchAction","target":{"@type":"EntryPoint","urlTemplate":"https:\/\/lustandlove.eu\/et\/?s={search_term_string}"},"query-input":{"@type":"PropertyValueSpecification","valueRequired":true,"valueName":"search_term_string"}}],"inLanguage":"et"},{"@type":"Organization","@id":"https:\/\/lustandlove.eu\/et\/#organization","name":"Bioconcept Baltics O\u00dc","url":"https:\/\/lustandlove.eu\/et\/","logo":{"@type":"ImageObject","inLanguage":"et","@id":"https:\/\/lustandlove.eu\/et\/#\/schema\/logo\/image\/","url":"","contentUrl":"","caption":"Bioconcept Baltics O\u00dc"},"image":{"@id":"https:\/\/lustandlove.eu\/et\/#\/schema\/logo\/image\/"},"sameAs":["https:\/\/www.facebook.com\/LustandLoveEU\/","https:\/\/www.instagram.com\/lustandloveeu\/"]}]}},"_links":{"self":[{"href":"https:\/\/lustandlove.eu\/et\/wp-json\/wp\/v2\/product\/50215","targetHints":{"allow":["GET"]}}],"collection":[{"href":"https:\/\/lustandlove.eu\/et\/wp-json\/wp\/v2\/product"}],"about":[{"href":"https:\/\/lustandlove.eu\/et\/wp-json\/wp\/v2\/types\/product"}],"wp:featuredmedia":[{"embeddable":true,"href":"https:\/\/lustandlove.eu\/et\/wp-json\/wp\/v2\/media\/49948"}],"wp:attachment":[{"href":"https:\/\/lustandlove.eu\/et\/wp-json\/wp\/v2\/media?parent=50215"}],"wp:term":[{"taxonomy":"product_brand","embeddable":true,"href":"https:\/\/lustandlove.eu\/et\/wp-json\/wp\/v2\/product_brand?post=50215"},{"taxonomy":"product_cat","embeddable":true,"href":"https:\/\/lustandlove.eu\/et\/wp-json\/wp\/v2\/product_cat?post=50215"},{"taxonomy":"product_tag","embeddable":true,"href":"https:\/\/lustandlove.eu\/et\/wp-json\/wp\/v2\/product_tag?post=50215"}],"curies":[{"name":"wp","href":"https:\/\/api.w.org\/{rel}","templated":true}]}}