{"id":50218,"date":"2021-10-20T09:00:45","date_gmt":"2021-10-20T06:00:45","guid":{"rendered":"https:\/\/www.lustandlove.eu\/product\/satisfyer-curvy-2\/"},"modified":"2025-08-19T15:40:24","modified_gmt":"2025-08-19T12:40:24","slug":"satisfyer-curvy-2","status":"publish","type":"product","link":"https:\/\/lustandlove.eu\/et\/toode\/satisfyer-curvy-2\/","title":{"rendered":"Curvy 2"},"content":{"rendered":"<div class=\"wpb-content-wrapper\"><p>[vc_row][vc_column][vc_column_text woodmart_inline=&#8221;no&#8221; text_larger=&#8221;no&#8221;]<br \/>\nR\u00f5\u00f5musta oma kliitorit Air Impulse tehnoloogia ja intensiivse vibratsiooni tasakaaluga koos Curvy 2+ pehme silikoonpea ja t\u00e4ielik silikoonkorpus, mis on ergonoomiliselt kaardus, et tagada survelainetega rahulolu, ning \u00fcmberp\u00f6\u00f6ramisel pakub see intensiivset G-punkti stimulatsiooni!<\/p>\n<p>Curvy 2+ on osa uuest Bluetooth-toega toodete sarjast, mis \u00fchildub rakendusega Satisfyer Connect \u2013 pakkudes l\u00f5putuid v\u00f5imalusi loominguliseks ja meeldivaks m\u00e4ngimiseks! Rakendus Satisfyer Connect laiendab seksuaalse heaolu teekonda, kus vahemaal pole piire!<\/p>\n<p>&#8211; sosistamisre\u017eiim<br \/>\n&#8211; \u00dchildub mis tahes Androidi v\u00f5i Apple&#8217;i nutitelefoni, tahvelarvuti ja Apple Watchiga<br \/>\n&#8211; L\u00f5putu hulk programme Satisfyeri rakendusega<br \/>\n-Saab kasutada ka ilma rakenduseta<\/p>\n<p>Kogege l\u00f5putuid rakenduse eeliseid:<br \/>\n&#8211; 100% andmete turvalisus<br \/>\n&#8211; Pult<br \/>\n&#8211; Vibratsiooni looja<br \/>\n&#8211; \u00dcmbritsev vibratsioon<br \/>\n&#8211; esitusloendi vibratsioon[\/vc_column_text][\/vc_column][\/vc_row]<\/p>\n<\/div>","protected":false},"excerpt":{"rendered":"<p>Satisfyer Curvy 2+ on survelainevibraator, mille pehme pea \u00fcmbritseb kliitorit \u00f5rnalt ja lennutab sind puutevaba survelainestimulatsiooni ja m\u00f5nusate vibratsioonidega hingetuks v\u00f5tvate tippudeni. Vali survelainete erutavate tugevusastmete vahel ja kombineeri neid t\u00e4iesti vabalt vibratsiooniprogrammidega \u2013 selle m\u00f5numeistriga on nii lihtne sukelduda \u00fclepeakaela erutuslainetesse.<\/p>\n","protected":false},"featured_media":49967,"template":"","meta":[],"product_cat":[1484,1488,3982],"product_tag":[3842,3652,3653],"yoast_head":"<!-- This site is optimized with the Yoast SEO plugin v22.9 - https:\/\/yoast.com\/wordpress\/plugins\/seo\/ -->\n<title>Curvy 2 | Lust and Love<\/title>\n<meta name=\"robots\" content=\"index,follow,max-snippet:-1,max-image-preview:large,max-video-preview:-1\" \/>\n<link rel=\"canonical\" href=\"https:\/\/lustandlove.eu\/et\/toode\/satisfyer-curvy-2\/\" \/>\n<meta name=\"twitter:card\" content=\"summary_large_image\" \/>\n<meta name=\"twitter:title\" content=\"Curvy 2 | Lust and Love\" \/>\n<meta name=\"twitter:description\" content=\"Satisfyer Curvy 2+ on survelainevibraator, mille pehme pea \u00fcmbritseb kliitorit \u00f5rnalt ja lennutab sind puutevaba survelainestimulatsiooni ja m\u00f5nusate vibratsioonidega hingetuks v\u00f5tvate tippudeni. Vali survelainete erutavate tugevusastmete vahel ja kombineeri neid t\u00e4iesti vabalt vibratsiooniprogrammidega \u2013 selle m\u00f5numeistriga on nii lihtne sukelduda \u00fclepeakaela erutuslainetesse.\" \/>\n<meta name=\"twitter:image\" content=\"https:\/\/lustandlove.eu\/wp-content\/uploads\/E31124.jpg\" \/>\n<meta name=\"twitter:label1\" content=\"Est. reading time\" \/>\n\t<meta name=\"twitter:data1\" content=\"1 minut\" \/>\n<script type=\"application\/ld+json\" class=\"yoast-schema-graph\">{\"@context\":\"https:\/\/schema.org\",\"@graph\":[{\"@type\":[\"WebPage\",\"ItemPage\"],\"@id\":\"https:\/\/lustandlove.eu\/et\/toode\/satisfyer-curvy-2\/\",\"url\":\"https:\/\/lustandlove.eu\/et\/toode\/satisfyer-curvy-2\/\",\"name\":\"Curvy 2 | Lust and Love\",\"isPartOf\":{\"@id\":\"https:\/\/lustandlove.eu\/et\/#website\"},\"primaryImageOfPage\":{\"@id\":\"https:\/\/lustandlove.eu\/et\/toode\/satisfyer-curvy-2\/#primaryimage\"},\"image\":{\"@id\":\"https:\/\/lustandlove.eu\/et\/toode\/satisfyer-curvy-2\/#primaryimage\"},\"thumbnailUrl\":\"https:\/\/lustandlove.eu\/wp-content\/uploads\/E31124.jpg\",\"datePublished\":\"2021-10-20T06:00:45+00:00\",\"dateModified\":\"2025-08-19T12:40:24+00:00\",\"breadcrumb\":{\"@id\":\"https:\/\/lustandlove.eu\/et\/toode\/satisfyer-curvy-2\/#breadcrumb\"},\"inLanguage\":\"et\",\"potentialAction\":[{\"@type\":\"ReadAction\",\"target\":[\"https:\/\/lustandlove.eu\/et\/toode\/satisfyer-curvy-2\/\"]}]},{\"@type\":\"ImageObject\",\"inLanguage\":\"et\",\"@id\":\"https:\/\/lustandlove.eu\/et\/toode\/satisfyer-curvy-2\/#primaryimage\",\"url\":\"https:\/\/lustandlove.eu\/wp-content\/uploads\/E31124.jpg\",\"contentUrl\":\"https:\/\/lustandlove.eu\/wp-content\/uploads\/E31124.jpg\",\"width\":590,\"height\":590,\"caption\":\"Satisfyer - Curvy 2\"},{\"@type\":\"BreadcrumbList\",\"@id\":\"https:\/\/lustandlove.eu\/et\/toode\/satisfyer-curvy-2\/#breadcrumb\",\"itemListElement\":[{\"@type\":\"ListItem\",\"position\":1,\"name\":\"Lust and Love\",\"item\":\"https:\/\/lustandlove.eu\/et\/\"},{\"@type\":\"ListItem\",\"position\":2,\"name\":\"Pood\",\"item\":\"https:\/\/lustandlove.eu\/et\/pood\/\"},{\"@type\":\"ListItem\",\"position\":3,\"name\":\"Sekslelud\",\"item\":\"https:\/\/lustandlove.eu\/et\/pood\/sekslelud\/\"},{\"@type\":\"ListItem\",\"position\":4,\"name\":\"Curvy 2\"}]},{\"@type\":\"WebSite\",\"@id\":\"https:\/\/lustandlove.eu\/et\/#website\",\"url\":\"https:\/\/lustandlove.eu\/et\/\",\"name\":\"Lust &amp; Love\",\"description\":\"Online erootikapood tervise, ilu ja armastuse jaoks\",\"publisher\":{\"@id\":\"https:\/\/lustandlove.eu\/et\/#organization\"},\"potentialAction\":[{\"@type\":\"SearchAction\",\"target\":{\"@type\":\"EntryPoint\",\"urlTemplate\":\"https:\/\/lustandlove.eu\/et\/?s={search_term_string}\"},\"query-input\":\"required name=search_term_string\"}],\"inLanguage\":\"et\"},{\"@type\":\"Organization\",\"@id\":\"https:\/\/lustandlove.eu\/et\/#organization\",\"name\":\"Bioconcept Baltics O\u00dc\",\"url\":\"https:\/\/lustandlove.eu\/et\/\",\"logo\":{\"@type\":\"ImageObject\",\"inLanguage\":\"et\",\"@id\":\"https:\/\/lustandlove.eu\/et\/#\/schema\/logo\/image\/\",\"url\":\"\",\"contentUrl\":\"\",\"caption\":\"Bioconcept Baltics O\u00dc\"},\"image\":{\"@id\":\"https:\/\/lustandlove.eu\/et\/#\/schema\/logo\/image\/\"},\"sameAs\":[\"https:\/\/www.facebook.com\/LustandLoveEU\/\",\"https:\/\/www.instagram.com\/lustandloveeu\/\"]}]}<\/script>\n<!-- \/ Yoast SEO plugin. -->","yoast_head_json":{"title":"Curvy 2 | Lust and Love","robots":{"index,follow,max-snippet":"index,follow,max-snippet:-1,max-image-preview:large,max-video-preview:-1"},"canonical":"https:\/\/lustandlove.eu\/et\/toode\/satisfyer-curvy-2\/","twitter_card":"summary_large_image","twitter_title":"Curvy 2 | Lust and Love","twitter_description":"Satisfyer Curvy 2+ on survelainevibraator, mille pehme pea \u00fcmbritseb kliitorit \u00f5rnalt ja lennutab sind puutevaba survelainestimulatsiooni ja m\u00f5nusate vibratsioonidega hingetuks v\u00f5tvate tippudeni. Vali survelainete erutavate tugevusastmete vahel ja kombineeri neid t\u00e4iesti vabalt vibratsiooniprogrammidega \u2013 selle m\u00f5numeistriga on nii lihtne sukelduda \u00fclepeakaela erutuslainetesse.","twitter_image":"https:\/\/lustandlove.eu\/wp-content\/uploads\/E31124.jpg","twitter_misc":{"Est. reading time":"1 minut"},"schema":{"@context":"https:\/\/schema.org","@graph":[{"@type":["WebPage","ItemPage"],"@id":"https:\/\/lustandlove.eu\/et\/toode\/satisfyer-curvy-2\/","url":"https:\/\/lustandlove.eu\/et\/toode\/satisfyer-curvy-2\/","name":"Curvy 2 | Lust and Love","isPartOf":{"@id":"https:\/\/lustandlove.eu\/et\/#website"},"primaryImageOfPage":{"@id":"https:\/\/lustandlove.eu\/et\/toode\/satisfyer-curvy-2\/#primaryimage"},"image":{"@id":"https:\/\/lustandlove.eu\/et\/toode\/satisfyer-curvy-2\/#primaryimage"},"thumbnailUrl":"https:\/\/lustandlove.eu\/wp-content\/uploads\/E31124.jpg","datePublished":"2021-10-20T06:00:45+00:00","dateModified":"2025-08-19T12:40:24+00:00","breadcrumb":{"@id":"https:\/\/lustandlove.eu\/et\/toode\/satisfyer-curvy-2\/#breadcrumb"},"inLanguage":"et","potentialAction":[{"@type":"ReadAction","target":["https:\/\/lustandlove.eu\/et\/toode\/satisfyer-curvy-2\/"]}]},{"@type":"ImageObject","inLanguage":"et","@id":"https:\/\/lustandlove.eu\/et\/toode\/satisfyer-curvy-2\/#primaryimage","url":"https:\/\/lustandlove.eu\/wp-content\/uploads\/E31124.jpg","contentUrl":"https:\/\/lustandlove.eu\/wp-content\/uploads\/E31124.jpg","width":590,"height":590,"caption":"Satisfyer - Curvy 2"},{"@type":"BreadcrumbList","@id":"https:\/\/lustandlove.eu\/et\/toode\/satisfyer-curvy-2\/#breadcrumb","itemListElement":[{"@type":"ListItem","position":1,"name":"Lust and Love","item":"https:\/\/lustandlove.eu\/et\/"},{"@type":"ListItem","position":2,"name":"Pood","item":"https:\/\/lustandlove.eu\/et\/pood\/"},{"@type":"ListItem","position":3,"name":"Sekslelud","item":"https:\/\/lustandlove.eu\/et\/pood\/sekslelud\/"},{"@type":"ListItem","position":4,"name":"Curvy 2"}]},{"@type":"WebSite","@id":"https:\/\/lustandlove.eu\/et\/#website","url":"https:\/\/lustandlove.eu\/et\/","name":"Lust &amp; Love","description":"Online erootikapood tervise, ilu ja armastuse jaoks","publisher":{"@id":"https:\/\/lustandlove.eu\/et\/#organization"},"potentialAction":[{"@type":"SearchAction","target":{"@type":"EntryPoint","urlTemplate":"https:\/\/lustandlove.eu\/et\/?s={search_term_string}"},"query-input":"required name=search_term_string"}],"inLanguage":"et"},{"@type":"Organization","@id":"https:\/\/lustandlove.eu\/et\/#organization","name":"Bioconcept Baltics O\u00dc","url":"https:\/\/lustandlove.eu\/et\/","logo":{"@type":"ImageObject","inLanguage":"et","@id":"https:\/\/lustandlove.eu\/et\/#\/schema\/logo\/image\/","url":"","contentUrl":"","caption":"Bioconcept Baltics O\u00dc"},"image":{"@id":"https:\/\/lustandlove.eu\/et\/#\/schema\/logo\/image\/"},"sameAs":["https:\/\/www.facebook.com\/LustandLoveEU\/","https:\/\/www.instagram.com\/lustandloveeu\/"]}]}},"_links":{"self":[{"href":"https:\/\/lustandlove.eu\/et\/wp-json\/wp\/v2\/product\/50218"}],"collection":[{"href":"https:\/\/lustandlove.eu\/et\/wp-json\/wp\/v2\/product"}],"about":[{"href":"https:\/\/lustandlove.eu\/et\/wp-json\/wp\/v2\/types\/product"}],"wp:featuredmedia":[{"embeddable":true,"href":"https:\/\/lustandlove.eu\/et\/wp-json\/wp\/v2\/media\/49967"}],"wp:attachment":[{"href":"https:\/\/lustandlove.eu\/et\/wp-json\/wp\/v2\/media?parent=50218"}],"wp:term":[{"taxonomy":"product_cat","embeddable":true,"href":"https:\/\/lustandlove.eu\/et\/wp-json\/wp\/v2\/product_cat?post=50218"},{"taxonomy":"product_tag","embeddable":true,"href":"https:\/\/lustandlove.eu\/et\/wp-json\/wp\/v2\/product_tag?post=50218"}],"curies":[{"name":"wp","href":"https:\/\/api.w.org\/{rel}","templated":true}]}}