{"id":50219,"date":"2021-10-20T09:21:14","date_gmt":"2021-10-20T06:21:14","guid":{"rendered":"https:\/\/www.lustandlove.eu\/product\/i-rub-my-duckie-bath-bomb\/"},"modified":"2026-04-13T10:36:47","modified_gmt":"2026-04-13T07:36:47","slug":"i-rub-my-duckie-bath-bomb","status":"publish","type":"product","link":"https:\/\/lustandlove.eu\/et\/toode\/i-rub-my-duckie-bath-bomb\/","title":{"rendered":"I Rub My Duckie Vannipomm"},"content":{"rendered":"<div class=\"wpb-content-wrapper\"><p>[vc_row][vc_column][vc_column_text woodmart_inline=&#8221;no&#8221; text_larger=&#8221;no&#8221;]<br \/>\nSoovid l\u00f5\u00f5gastuda? Mis oleks parem, kui hetk iseendale m\u00f5nusa vanniga. Vabasta oma keha luksusele ning lase igap\u00e4evastel probleemidel kaduda. L\u00f5hnastatud vann on t\u00e4pselt see, mida vajad.<\/p>\n<p><strong>Roosil\u00f5hnaline <\/strong>vannipomm l\u00f5hnab kui armastus, pannes sind tundma erilise ja armastatuna.<\/p>\n<p><strong>Vanilli l\u00f5hn<\/strong> on populaarne, kutsuv l\u00f5hn, mis \u00e4ratab sinus luksuslike ja pehmeid tundeid.<\/p>\n<p><strong>Lavendel\u00a0<\/strong>on tuntud oma rahustava effekti poolest. Puhka oma p\u00e4evast selle rahustava l\u00f5hna abil.[\/vc_column_text][\/vc_column][\/vc_row]<\/p>\n<\/div>","protected":false},"excerpt":{"rendered":"<p>Soovid l\u00f5\u00f5gastuda? Mis oleks parem, kui hetk iseendale m\u00f5nusa vanniga. Vabasta oma keha luksusele ning lase igap\u00e4evastel probleemidel kaduda. L\u00f5hnastatud vann on t\u00e4pselt see, mida vajad.<\/p>\n","protected":false},"featured_media":49981,"template":"","meta":[],"product_brand":[4210],"product_cat":[4011,4009],"product_tag":[3093],"class_list":{"0":"post-50219","1":"product","2":"type-product","3":"status-publish","4":"has-post-thumbnail","6":"product_brand-i-rub-my-duckie-et","7":"product_cat-kingiideed","8":"product_cat-lobu-mangud","9":"product_tag-aftercare-et","10":"pa_brand-i-rub-my-duckie-et","12":"first","13":"instock","14":"taxable","15":"shipping-taxable","16":"purchasable","17":"product-type-variable"},"yoast_head":"<!-- This site is optimized with the Yoast SEO plugin v27.3 - https:\/\/yoast.com\/product\/yoast-seo-wordpress\/ -->\n<title>I Rub My Duckie Vannipomm | Lust and Love<\/title>\n<meta name=\"robots\" content=\"index,follow,max-snippet:-1,max-image-preview:large,max-video-preview:-1\" \/>\n<link rel=\"canonical\" href=\"https:\/\/lustandlove.eu\/et\/toode\/i-rub-my-duckie-bath-bomb\/\" \/>\n<meta name=\"twitter:card\" content=\"summary_large_image\" \/>\n<meta name=\"twitter:title\" content=\"I Rub My Duckie Vannipomm | Lust and Love\" \/>\n<meta name=\"twitter:description\" content=\"Soovid l\u00f5\u00f5gastuda? Mis oleks parem, kui hetk iseendale m\u00f5nusa vanniga. Vabasta oma keha luksusele ning lase igap\u00e4evastel probleemidel kaduda. L\u00f5hnastatud vann on t\u00e4pselt see, mida vajad.\" \/>\n<meta name=\"twitter:image\" content=\"https:\/\/lustandlove.eu\/wp-content\/uploads\/E29030.jpg\" \/>\n<meta name=\"twitter:label1\" content=\"Est. reading time\" \/>\n\t<meta name=\"twitter:data1\" content=\"1 minut\" \/>\n<script type=\"application\/ld+json\" class=\"yoast-schema-graph\">{\"@context\":\"https:\\\/\\\/schema.org\",\"@graph\":[{\"@type\":[\"WebPage\",\"ItemPage\"],\"@id\":\"https:\\\/\\\/lustandlove.eu\\\/et\\\/toode\\\/i-rub-my-duckie-bath-bomb\\\/\",\"url\":\"https:\\\/\\\/lustandlove.eu\\\/et\\\/toode\\\/i-rub-my-duckie-bath-bomb\\\/\",\"name\":\"I Rub My Duckie Vannipomm | Lust and Love\",\"isPartOf\":{\"@id\":\"https:\\\/\\\/lustandlove.eu\\\/et\\\/#website\"},\"primaryImageOfPage\":{\"@id\":\"https:\\\/\\\/lustandlove.eu\\\/et\\\/toode\\\/i-rub-my-duckie-bath-bomb\\\/#primaryimage\"},\"image\":{\"@id\":\"https:\\\/\\\/lustandlove.eu\\\/et\\\/toode\\\/i-rub-my-duckie-bath-bomb\\\/#primaryimage\"},\"thumbnailUrl\":\"https:\\\/\\\/lustandlove.eu\\\/wp-content\\\/uploads\\\/E29030.jpg\",\"datePublished\":\"2021-10-20T06:21:14+00:00\",\"dateModified\":\"2026-04-13T07:36:47+00:00\",\"breadcrumb\":{\"@id\":\"https:\\\/\\\/lustandlove.eu\\\/et\\\/toode\\\/i-rub-my-duckie-bath-bomb\\\/#breadcrumb\"},\"inLanguage\":\"et\",\"potentialAction\":[{\"@type\":\"ReadAction\",\"target\":[\"https:\\\/\\\/lustandlove.eu\\\/et\\\/toode\\\/i-rub-my-duckie-bath-bomb\\\/\"]}]},{\"@type\":\"ImageObject\",\"inLanguage\":\"et\",\"@id\":\"https:\\\/\\\/lustandlove.eu\\\/et\\\/toode\\\/i-rub-my-duckie-bath-bomb\\\/#primaryimage\",\"url\":\"https:\\\/\\\/lustandlove.eu\\\/wp-content\\\/uploads\\\/E29030.jpg\",\"contentUrl\":\"https:\\\/\\\/lustandlove.eu\\\/wp-content\\\/uploads\\\/E29030.jpg\",\"width\":590,\"height\":590,\"caption\":\"I Rub My Duckie Bath Bomb\"},{\"@type\":\"BreadcrumbList\",\"@id\":\"https:\\\/\\\/lustandlove.eu\\\/et\\\/toode\\\/i-rub-my-duckie-bath-bomb\\\/#breadcrumb\",\"itemListElement\":[{\"@type\":\"ListItem\",\"position\":1,\"name\":\"Lust and Love\",\"item\":\"https:\\\/\\\/lustandlove.eu\\\/et\\\/\"},{\"@type\":\"ListItem\",\"position\":2,\"name\":\"Pood\",\"item\":\"https:\\\/\\\/lustandlove.eu\\\/et\\\/pood\\\/\"},{\"@type\":\"ListItem\",\"position\":3,\"name\":\"L\u00f5bu &amp; M\u00e4ngud\",\"item\":\"https:\\\/\\\/lustandlove.eu\\\/et\\\/pood\\\/lobu-mangud\\\/\"},{\"@type\":\"ListItem\",\"position\":4,\"name\":\"Kingiideed\",\"item\":\"https:\\\/\\\/lustandlove.eu\\\/et\\\/pood\\\/lobu-mangud\\\/kingiideed\\\/\"},{\"@type\":\"ListItem\",\"position\":5,\"name\":\"I Rub My Duckie Vannipomm\"}]},{\"@type\":\"WebSite\",\"@id\":\"https:\\\/\\\/lustandlove.eu\\\/et\\\/#website\",\"url\":\"https:\\\/\\\/lustandlove.eu\\\/et\\\/\",\"name\":\"Lust &amp; Love\",\"description\":\"Online erootikapood tervise, ilu ja armastuse jaoks\",\"publisher\":{\"@id\":\"https:\\\/\\\/lustandlove.eu\\\/et\\\/#organization\"},\"potentialAction\":[{\"@type\":\"SearchAction\",\"target\":{\"@type\":\"EntryPoint\",\"urlTemplate\":\"https:\\\/\\\/lustandlove.eu\\\/et\\\/?s={search_term_string}\"},\"query-input\":{\"@type\":\"PropertyValueSpecification\",\"valueRequired\":true,\"valueName\":\"search_term_string\"}}],\"inLanguage\":\"et\"},{\"@type\":\"Organization\",\"@id\":\"https:\\\/\\\/lustandlove.eu\\\/et\\\/#organization\",\"name\":\"Bioconcept Baltics O\u00dc\",\"url\":\"https:\\\/\\\/lustandlove.eu\\\/et\\\/\",\"logo\":{\"@type\":\"ImageObject\",\"inLanguage\":\"et\",\"@id\":\"https:\\\/\\\/lustandlove.eu\\\/et\\\/#\\\/schema\\\/logo\\\/image\\\/\",\"url\":\"\",\"contentUrl\":\"\",\"caption\":\"Bioconcept Baltics O\u00dc\"},\"image\":{\"@id\":\"https:\\\/\\\/lustandlove.eu\\\/et\\\/#\\\/schema\\\/logo\\\/image\\\/\"},\"sameAs\":[\"https:\\\/\\\/www.facebook.com\\\/LustandLoveEU\\\/\",\"https:\\\/\\\/www.instagram.com\\\/lustandloveeu\\\/\"]}]}<\/script>\n<!-- \/ Yoast SEO plugin. -->","yoast_head_json":{"title":"I Rub My Duckie Vannipomm | Lust and Love","robots":{"index,follow,max-snippet":"index,follow,max-snippet:-1,max-image-preview:large,max-video-preview:-1"},"canonical":"https:\/\/lustandlove.eu\/et\/toode\/i-rub-my-duckie-bath-bomb\/","twitter_card":"summary_large_image","twitter_title":"I Rub My Duckie Vannipomm | Lust and Love","twitter_description":"Soovid l\u00f5\u00f5gastuda? Mis oleks parem, kui hetk iseendale m\u00f5nusa vanniga. Vabasta oma keha luksusele ning lase igap\u00e4evastel probleemidel kaduda. L\u00f5hnastatud vann on t\u00e4pselt see, mida vajad.","twitter_image":"https:\/\/lustandlove.eu\/wp-content\/uploads\/E29030.jpg","twitter_misc":{"Est. reading time":"1 minut"},"schema":{"@context":"https:\/\/schema.org","@graph":[{"@type":["WebPage","ItemPage"],"@id":"https:\/\/lustandlove.eu\/et\/toode\/i-rub-my-duckie-bath-bomb\/","url":"https:\/\/lustandlove.eu\/et\/toode\/i-rub-my-duckie-bath-bomb\/","name":"I Rub My Duckie Vannipomm | Lust and Love","isPartOf":{"@id":"https:\/\/lustandlove.eu\/et\/#website"},"primaryImageOfPage":{"@id":"https:\/\/lustandlove.eu\/et\/toode\/i-rub-my-duckie-bath-bomb\/#primaryimage"},"image":{"@id":"https:\/\/lustandlove.eu\/et\/toode\/i-rub-my-duckie-bath-bomb\/#primaryimage"},"thumbnailUrl":"https:\/\/lustandlove.eu\/wp-content\/uploads\/E29030.jpg","datePublished":"2021-10-20T06:21:14+00:00","dateModified":"2026-04-13T07:36:47+00:00","breadcrumb":{"@id":"https:\/\/lustandlove.eu\/et\/toode\/i-rub-my-duckie-bath-bomb\/#breadcrumb"},"inLanguage":"et","potentialAction":[{"@type":"ReadAction","target":["https:\/\/lustandlove.eu\/et\/toode\/i-rub-my-duckie-bath-bomb\/"]}]},{"@type":"ImageObject","inLanguage":"et","@id":"https:\/\/lustandlove.eu\/et\/toode\/i-rub-my-duckie-bath-bomb\/#primaryimage","url":"https:\/\/lustandlove.eu\/wp-content\/uploads\/E29030.jpg","contentUrl":"https:\/\/lustandlove.eu\/wp-content\/uploads\/E29030.jpg","width":590,"height":590,"caption":"I Rub My Duckie Bath Bomb"},{"@type":"BreadcrumbList","@id":"https:\/\/lustandlove.eu\/et\/toode\/i-rub-my-duckie-bath-bomb\/#breadcrumb","itemListElement":[{"@type":"ListItem","position":1,"name":"Lust and Love","item":"https:\/\/lustandlove.eu\/et\/"},{"@type":"ListItem","position":2,"name":"Pood","item":"https:\/\/lustandlove.eu\/et\/pood\/"},{"@type":"ListItem","position":3,"name":"L\u00f5bu &amp; M\u00e4ngud","item":"https:\/\/lustandlove.eu\/et\/pood\/lobu-mangud\/"},{"@type":"ListItem","position":4,"name":"Kingiideed","item":"https:\/\/lustandlove.eu\/et\/pood\/lobu-mangud\/kingiideed\/"},{"@type":"ListItem","position":5,"name":"I Rub My Duckie Vannipomm"}]},{"@type":"WebSite","@id":"https:\/\/lustandlove.eu\/et\/#website","url":"https:\/\/lustandlove.eu\/et\/","name":"Lust &amp; Love","description":"Online erootikapood tervise, ilu ja armastuse jaoks","publisher":{"@id":"https:\/\/lustandlove.eu\/et\/#organization"},"potentialAction":[{"@type":"SearchAction","target":{"@type":"EntryPoint","urlTemplate":"https:\/\/lustandlove.eu\/et\/?s={search_term_string}"},"query-input":{"@type":"PropertyValueSpecification","valueRequired":true,"valueName":"search_term_string"}}],"inLanguage":"et"},{"@type":"Organization","@id":"https:\/\/lustandlove.eu\/et\/#organization","name":"Bioconcept Baltics O\u00dc","url":"https:\/\/lustandlove.eu\/et\/","logo":{"@type":"ImageObject","inLanguage":"et","@id":"https:\/\/lustandlove.eu\/et\/#\/schema\/logo\/image\/","url":"","contentUrl":"","caption":"Bioconcept Baltics O\u00dc"},"image":{"@id":"https:\/\/lustandlove.eu\/et\/#\/schema\/logo\/image\/"},"sameAs":["https:\/\/www.facebook.com\/LustandLoveEU\/","https:\/\/www.instagram.com\/lustandloveeu\/"]}]}},"_links":{"self":[{"href":"https:\/\/lustandlove.eu\/et\/wp-json\/wp\/v2\/product\/50219","targetHints":{"allow":["GET"]}}],"collection":[{"href":"https:\/\/lustandlove.eu\/et\/wp-json\/wp\/v2\/product"}],"about":[{"href":"https:\/\/lustandlove.eu\/et\/wp-json\/wp\/v2\/types\/product"}],"wp:featuredmedia":[{"embeddable":true,"href":"https:\/\/lustandlove.eu\/et\/wp-json\/wp\/v2\/media\/49981"}],"wp:attachment":[{"href":"https:\/\/lustandlove.eu\/et\/wp-json\/wp\/v2\/media?parent=50219"}],"wp:term":[{"taxonomy":"product_brand","embeddable":true,"href":"https:\/\/lustandlove.eu\/et\/wp-json\/wp\/v2\/product_brand?post=50219"},{"taxonomy":"product_cat","embeddable":true,"href":"https:\/\/lustandlove.eu\/et\/wp-json\/wp\/v2\/product_cat?post=50219"},{"taxonomy":"product_tag","embeddable":true,"href":"https:\/\/lustandlove.eu\/et\/wp-json\/wp\/v2\/product_tag?post=50219"}],"curies":[{"name":"wp","href":"https:\/\/api.w.org\/{rel}","templated":true}]}}