{"id":50226,"date":"2021-10-20T09:34:27","date_gmt":"2021-10-20T06:34:27","guid":{"rendered":"https:\/\/www.lustandlove.eu\/product\/rs-soiree-anas-trilogy-set-ii\/"},"modified":"2026-04-13T10:36:47","modified_gmt":"2026-04-13T07:36:47","slug":"rs-soiree-anas-trilogy-set-ii","status":"publish","type":"product","link":"https:\/\/lustandlove.eu\/et\/toode\/rs-soiree-anas-trilogy-set-ii\/","title":{"rendered":"Ana Triloogia Komplekt II"},"content":{"rendered":"<div class=\"wpb-content-wrapper\"><p>[vc_row][vc_column][vc_column_text woodmart_inline=&#8221;no&#8221; text_larger=&#8221;no&#8221;]<br \/>\nK\u00f5ik head asjad tulevad kolmekesi, nii ka RIANNE S-i Ana triloogia. Toode on oma nime saanud k\u00f5ikide jumalannade ema j\u00e4rgi ning just avaneb ka sinul v\u00f5imalus avastada jumalla enda seest! Haara v\u00f5im endale nende kaunite, elegantsete, naistele m\u00f5eldud RIANNE S toodetega. Naudi taas oma ihasid, tunne end oma kehas m\u00f5nusalt ja v\u00e4ljenda oma seksuaalsust.<\/p>\n<p>RIANNE S lelud ja aksessuaarid on tuntud oma kvaliteedi ja stiili poolest. Seda silmas pidades esitleme Ana triloogiat!<\/p>\n<p>Komplekt RianneS Ana\u00b4s Trilogy I I sisaldab:<\/p>\n<p><strong>Mask<\/strong><br \/>\nSee Veneetsia stiilis mask on m\u00f5eldud endast lugupidavale naisele. Mask on stiilne, seksikas ja graatsiline ning sobib suurep\u00e4raselt erilisteks s\u00fcndmusteks. See on \u00fclim aksessuaar Casanova \u00fcllatamiseks ja v\u00f5rgutamiseks.<\/p>\n<p><strong>Anaaltapp<\/strong><br \/>\nSee meditsiinilisest silikoonist valmistatud anaaltapp sobib suurep\u00e4raselt algajatele. T\u00e4nu selle v\u00e4ikestele m\u00f5\u00f5tudele sobib see t\u00e4iuslikult keha ja avastamata erogeensete tsoonide uurimiseks.<\/p>\n<p><strong>Nibuehted<\/strong><br \/>\nRinnad on iga naise p\u00fcha graal ja miks mitte muuta neid veel kaunimaks selle armsa nibuehtega. L\u00f5ppude l\u00f5puks on elu liiga l\u00fchike, et raisata seda igavate ehete kandmiseks[\/vc_column_text][\/vc_column][\/vc_row]<\/p>\n<\/div>","protected":false},"excerpt":{"rendered":"<p>Kui otsite erootilisi tooteid hea hinnaga, avastage Ana triloogia komplekt II! Terve maailm v\u00f5imalusi kujutlusv\u00f5ime ja l\u00f5bu jaoks!<\/p>\n","protected":false},"featured_media":50000,"template":"","meta":[],"product_brand":[4235],"product_cat":[1493,1484],"product_tag":[],"class_list":{"0":"post-50226","1":"product","2":"type-product","3":"status-publish","4":"has-post-thumbnail","6":"product_brand-rianne-s-et","7":"product_cat-paaride-komplektid","8":"product_cat-sekslelud","9":"pa_brand-rianne-s-et","11":"first","12":"instock","13":"taxable","14":"shipping-taxable","15":"purchasable","16":"product-type-simple"},"yoast_head":"<!-- This site is optimized with the Yoast SEO plugin v27.3 - https:\/\/yoast.com\/product\/yoast-seo-wordpress\/ -->\n<title>Ana Triloogia Komplekt II | Lust and Love<\/title>\n<meta name=\"robots\" content=\"index,follow,max-snippet:-1,max-image-preview:large,max-video-preview:-1\" \/>\n<link rel=\"canonical\" href=\"https:\/\/lustandlove.eu\/et\/toode\/rs-soiree-anas-trilogy-set-ii\/\" \/>\n<meta name=\"twitter:card\" content=\"summary_large_image\" \/>\n<meta name=\"twitter:title\" content=\"Ana Triloogia Komplekt II | Lust and Love\" \/>\n<meta name=\"twitter:description\" content=\"Kui otsite erootilisi tooteid hea hinnaga, avastage Ana triloogia komplekt II! Terve maailm v\u00f5imalusi kujutlusv\u00f5ime ja l\u00f5bu jaoks!\" \/>\n<meta name=\"twitter:image\" content=\"https:\/\/lustandlove.eu\/wp-content\/uploads\/E25889-scaled.jpg\" \/>\n<meta name=\"twitter:label1\" content=\"Est. reading time\" \/>\n\t<meta name=\"twitter:data1\" content=\"1 minut\" \/>\n<script type=\"application\/ld+json\" class=\"yoast-schema-graph\">{\"@context\":\"https:\\\/\\\/schema.org\",\"@graph\":[{\"@type\":[\"WebPage\",\"ItemPage\"],\"@id\":\"https:\\\/\\\/lustandlove.eu\\\/et\\\/toode\\\/rs-soiree-anas-trilogy-set-ii\\\/\",\"url\":\"https:\\\/\\\/lustandlove.eu\\\/et\\\/toode\\\/rs-soiree-anas-trilogy-set-ii\\\/\",\"name\":\"Ana Triloogia Komplekt II | Lust and Love\",\"isPartOf\":{\"@id\":\"https:\\\/\\\/lustandlove.eu\\\/et\\\/#website\"},\"primaryImageOfPage\":{\"@id\":\"https:\\\/\\\/lustandlove.eu\\\/et\\\/toode\\\/rs-soiree-anas-trilogy-set-ii\\\/#primaryimage\"},\"image\":{\"@id\":\"https:\\\/\\\/lustandlove.eu\\\/et\\\/toode\\\/rs-soiree-anas-trilogy-set-ii\\\/#primaryimage\"},\"thumbnailUrl\":\"https:\\\/\\\/lustandlove.eu\\\/wp-content\\\/uploads\\\/E25889-scaled.jpg\",\"datePublished\":\"2021-10-20T06:34:27+00:00\",\"dateModified\":\"2026-04-13T07:36:47+00:00\",\"breadcrumb\":{\"@id\":\"https:\\\/\\\/lustandlove.eu\\\/et\\\/toode\\\/rs-soiree-anas-trilogy-set-ii\\\/#breadcrumb\"},\"inLanguage\":\"et\",\"potentialAction\":[{\"@type\":\"ReadAction\",\"target\":[\"https:\\\/\\\/lustandlove.eu\\\/et\\\/toode\\\/rs-soiree-anas-trilogy-set-ii\\\/\"]}]},{\"@type\":\"ImageObject\",\"inLanguage\":\"et\",\"@id\":\"https:\\\/\\\/lustandlove.eu\\\/et\\\/toode\\\/rs-soiree-anas-trilogy-set-ii\\\/#primaryimage\",\"url\":\"https:\\\/\\\/lustandlove.eu\\\/wp-content\\\/uploads\\\/E25889-scaled.jpg\",\"contentUrl\":\"https:\\\/\\\/lustandlove.eu\\\/wp-content\\\/uploads\\\/E25889-scaled.jpg\",\"width\":2560,\"height\":2560,\"caption\":\"Ana's Trilogy Set II\"},{\"@type\":\"BreadcrumbList\",\"@id\":\"https:\\\/\\\/lustandlove.eu\\\/et\\\/toode\\\/rs-soiree-anas-trilogy-set-ii\\\/#breadcrumb\",\"itemListElement\":[{\"@type\":\"ListItem\",\"position\":1,\"name\":\"Lust and Love\",\"item\":\"https:\\\/\\\/lustandlove.eu\\\/et\\\/\"},{\"@type\":\"ListItem\",\"position\":2,\"name\":\"Pood\",\"item\":\"https:\\\/\\\/lustandlove.eu\\\/et\\\/pood\\\/\"},{\"@type\":\"ListItem\",\"position\":3,\"name\":\"Sekslelud\",\"item\":\"https:\\\/\\\/lustandlove.eu\\\/et\\\/pood\\\/sekslelud\\\/\"},{\"@type\":\"ListItem\",\"position\":4,\"name\":\"Paaride komplektid\",\"item\":\"https:\\\/\\\/lustandlove.eu\\\/et\\\/pood\\\/sekslelud\\\/paaride-komplektid\\\/\"},{\"@type\":\"ListItem\",\"position\":5,\"name\":\"Ana Triloogia Komplekt II\"}]},{\"@type\":\"WebSite\",\"@id\":\"https:\\\/\\\/lustandlove.eu\\\/et\\\/#website\",\"url\":\"https:\\\/\\\/lustandlove.eu\\\/et\\\/\",\"name\":\"Lust &amp; Love\",\"description\":\"Online erootikapood tervise, ilu ja armastuse jaoks\",\"publisher\":{\"@id\":\"https:\\\/\\\/lustandlove.eu\\\/et\\\/#organization\"},\"potentialAction\":[{\"@type\":\"SearchAction\",\"target\":{\"@type\":\"EntryPoint\",\"urlTemplate\":\"https:\\\/\\\/lustandlove.eu\\\/et\\\/?s={search_term_string}\"},\"query-input\":{\"@type\":\"PropertyValueSpecification\",\"valueRequired\":true,\"valueName\":\"search_term_string\"}}],\"inLanguage\":\"et\"},{\"@type\":\"Organization\",\"@id\":\"https:\\\/\\\/lustandlove.eu\\\/et\\\/#organization\",\"name\":\"Bioconcept Baltics O\u00dc\",\"url\":\"https:\\\/\\\/lustandlove.eu\\\/et\\\/\",\"logo\":{\"@type\":\"ImageObject\",\"inLanguage\":\"et\",\"@id\":\"https:\\\/\\\/lustandlove.eu\\\/et\\\/#\\\/schema\\\/logo\\\/image\\\/\",\"url\":\"\",\"contentUrl\":\"\",\"caption\":\"Bioconcept Baltics O\u00dc\"},\"image\":{\"@id\":\"https:\\\/\\\/lustandlove.eu\\\/et\\\/#\\\/schema\\\/logo\\\/image\\\/\"},\"sameAs\":[\"https:\\\/\\\/www.facebook.com\\\/LustandLoveEU\\\/\",\"https:\\\/\\\/www.instagram.com\\\/lustandloveeu\\\/\"]}]}<\/script>\n<!-- \/ Yoast SEO plugin. -->","yoast_head_json":{"title":"Ana Triloogia Komplekt II | Lust and Love","robots":{"index,follow,max-snippet":"index,follow,max-snippet:-1,max-image-preview:large,max-video-preview:-1"},"canonical":"https:\/\/lustandlove.eu\/et\/toode\/rs-soiree-anas-trilogy-set-ii\/","twitter_card":"summary_large_image","twitter_title":"Ana Triloogia Komplekt II | Lust and Love","twitter_description":"Kui otsite erootilisi tooteid hea hinnaga, avastage Ana triloogia komplekt II! Terve maailm v\u00f5imalusi kujutlusv\u00f5ime ja l\u00f5bu jaoks!","twitter_image":"https:\/\/lustandlove.eu\/wp-content\/uploads\/E25889-scaled.jpg","twitter_misc":{"Est. reading time":"1 minut"},"schema":{"@context":"https:\/\/schema.org","@graph":[{"@type":["WebPage","ItemPage"],"@id":"https:\/\/lustandlove.eu\/et\/toode\/rs-soiree-anas-trilogy-set-ii\/","url":"https:\/\/lustandlove.eu\/et\/toode\/rs-soiree-anas-trilogy-set-ii\/","name":"Ana Triloogia Komplekt II | Lust and Love","isPartOf":{"@id":"https:\/\/lustandlove.eu\/et\/#website"},"primaryImageOfPage":{"@id":"https:\/\/lustandlove.eu\/et\/toode\/rs-soiree-anas-trilogy-set-ii\/#primaryimage"},"image":{"@id":"https:\/\/lustandlove.eu\/et\/toode\/rs-soiree-anas-trilogy-set-ii\/#primaryimage"},"thumbnailUrl":"https:\/\/lustandlove.eu\/wp-content\/uploads\/E25889-scaled.jpg","datePublished":"2021-10-20T06:34:27+00:00","dateModified":"2026-04-13T07:36:47+00:00","breadcrumb":{"@id":"https:\/\/lustandlove.eu\/et\/toode\/rs-soiree-anas-trilogy-set-ii\/#breadcrumb"},"inLanguage":"et","potentialAction":[{"@type":"ReadAction","target":["https:\/\/lustandlove.eu\/et\/toode\/rs-soiree-anas-trilogy-set-ii\/"]}]},{"@type":"ImageObject","inLanguage":"et","@id":"https:\/\/lustandlove.eu\/et\/toode\/rs-soiree-anas-trilogy-set-ii\/#primaryimage","url":"https:\/\/lustandlove.eu\/wp-content\/uploads\/E25889-scaled.jpg","contentUrl":"https:\/\/lustandlove.eu\/wp-content\/uploads\/E25889-scaled.jpg","width":2560,"height":2560,"caption":"Ana's Trilogy Set II"},{"@type":"BreadcrumbList","@id":"https:\/\/lustandlove.eu\/et\/toode\/rs-soiree-anas-trilogy-set-ii\/#breadcrumb","itemListElement":[{"@type":"ListItem","position":1,"name":"Lust and Love","item":"https:\/\/lustandlove.eu\/et\/"},{"@type":"ListItem","position":2,"name":"Pood","item":"https:\/\/lustandlove.eu\/et\/pood\/"},{"@type":"ListItem","position":3,"name":"Sekslelud","item":"https:\/\/lustandlove.eu\/et\/pood\/sekslelud\/"},{"@type":"ListItem","position":4,"name":"Paaride komplektid","item":"https:\/\/lustandlove.eu\/et\/pood\/sekslelud\/paaride-komplektid\/"},{"@type":"ListItem","position":5,"name":"Ana Triloogia Komplekt II"}]},{"@type":"WebSite","@id":"https:\/\/lustandlove.eu\/et\/#website","url":"https:\/\/lustandlove.eu\/et\/","name":"Lust &amp; Love","description":"Online erootikapood tervise, ilu ja armastuse jaoks","publisher":{"@id":"https:\/\/lustandlove.eu\/et\/#organization"},"potentialAction":[{"@type":"SearchAction","target":{"@type":"EntryPoint","urlTemplate":"https:\/\/lustandlove.eu\/et\/?s={search_term_string}"},"query-input":{"@type":"PropertyValueSpecification","valueRequired":true,"valueName":"search_term_string"}}],"inLanguage":"et"},{"@type":"Organization","@id":"https:\/\/lustandlove.eu\/et\/#organization","name":"Bioconcept Baltics O\u00dc","url":"https:\/\/lustandlove.eu\/et\/","logo":{"@type":"ImageObject","inLanguage":"et","@id":"https:\/\/lustandlove.eu\/et\/#\/schema\/logo\/image\/","url":"","contentUrl":"","caption":"Bioconcept Baltics O\u00dc"},"image":{"@id":"https:\/\/lustandlove.eu\/et\/#\/schema\/logo\/image\/"},"sameAs":["https:\/\/www.facebook.com\/LustandLoveEU\/","https:\/\/www.instagram.com\/lustandloveeu\/"]}]}},"_links":{"self":[{"href":"https:\/\/lustandlove.eu\/et\/wp-json\/wp\/v2\/product\/50226","targetHints":{"allow":["GET"]}}],"collection":[{"href":"https:\/\/lustandlove.eu\/et\/wp-json\/wp\/v2\/product"}],"about":[{"href":"https:\/\/lustandlove.eu\/et\/wp-json\/wp\/v2\/types\/product"}],"wp:featuredmedia":[{"embeddable":true,"href":"https:\/\/lustandlove.eu\/et\/wp-json\/wp\/v2\/media\/50000"}],"wp:attachment":[{"href":"https:\/\/lustandlove.eu\/et\/wp-json\/wp\/v2\/media?parent=50226"}],"wp:term":[{"taxonomy":"product_brand","embeddable":true,"href":"https:\/\/lustandlove.eu\/et\/wp-json\/wp\/v2\/product_brand?post=50226"},{"taxonomy":"product_cat","embeddable":true,"href":"https:\/\/lustandlove.eu\/et\/wp-json\/wp\/v2\/product_cat?post=50226"},{"taxonomy":"product_tag","embeddable":true,"href":"https:\/\/lustandlove.eu\/et\/wp-json\/wp\/v2\/product_tag?post=50226"}],"curies":[{"name":"wp","href":"https:\/\/api.w.org\/{rel}","templated":true}]}}