{"id":50227,"date":"2021-10-21T11:53:01","date_gmt":"2021-10-21T08:53:01","guid":{"rendered":"https:\/\/www.lustandlove.eu\/product\/50227\/"},"modified":"2026-04-13T10:36:44","modified_gmt":"2026-04-13T07:36:44","slug":"pro","status":"publish","type":"product","link":"https:\/\/lustandlove.eu\/et\/toode\/pro\/","title":{"rendered":"Pro + G-Spot"},"content":{"rendered":"<div class=\"wpb-content-wrapper\"><p>[vc_row][vc_column][vc_column_text woodmart_inline=&#8221;no&#8221; text_larger=&#8221;no&#8221;]<br \/>\nSatisfyer Pro+ G-Spot \u00fchendab endas k\u00f5iki\u00a0Satisfyer Pro 2\u00a0eeliseid ja ergonoomilist vibraatorit, mis leiab sinu G-punkti m\u00e4ngleva kergusega ja hellitab seda seestpoolt hingetuks v\u00f5tvate vibratsioonidega.<\/p>\n<p>V\u00e4ljastpoolt vaimustab Sind pehme silikoonots, mis tekitab kliitoril Satisfyeri Airpulse\u2018i tehnoloogiaga k\u00f5ditavaid survelaineid ning v\u00f5imaldab Sul t\u00e4nu topeltstimulatsioonile j\u00f5uda enneolematutesse tippudesse.<\/p>\n<p>Loomulikult on sellel tootel k\u00f5ik omadused, mille poolest Satisfyeri kaubam\u00e4rk tuntud on. Nii on Satisfyer Pro+ G-Spot veekindel ja saadab Sind \u00fchtviisi h\u00e4sti nii vannis, du\u0161i all kui ka pehmete patjade vahel.<\/p>\n<p>Tootes on eraldi sosinvaikne mootor survelainete ja vibratsiooni jaoks ning neid saab \u00fcksteisest s\u00f5ltumatult juhtida. Nii saad nautida ainulaadseid m\u00f5nulaineid pea k\u00f5ikjal, ilma et peaksid kartma vahelej\u00e4\u00e4mist.<\/p>\n<p>10 vibratsiooniprogrammi ja 11 survelaine intensiivsust v\u00f5imaldavad leida m\u00e4ngleva kergusega just sinu hetkevormile ja \u2013 meeleolule sobivaima stimulatsiooni.<\/p>\n<p>Liitiumioonakut on lihtne laadida magnetilise USB-laadimiskaabliga, nii et seade on kiiresti taas valmis pakkuma Sulle loendamatuid m\u00f5nutunde. Seda m\u00f5nutegijat saad puhastada h\u00f5lpsalt desinfitseeriva puhastusvahendiga v\u00f5i vee ja seebiga.<\/p>\n<p>[\/vc_column_text][\/vc_column][\/vc_row]<\/p>\n<\/div>","protected":false},"excerpt":{"rendered":"<p>Satisfyer Pro+ G-Spot on elegantne m\u00e4nguasi, mis on m\u00f5eldud G-punkti ja kliitori samaaegseks stimulatsiooniks. Paindlik vibreeriv korpus liibub oskuslikult keha vormide vastu ja leiab oma vormika otsaga \u00fcles teie G-punkti ning \u00f5huimpulsid kannavad teid ekstaasi suunas.<\/p>\n","protected":false},"featured_media":50154,"template":"","meta":[],"product_brand":[4238],"product_cat":[3977,1484,1488],"product_tag":[3652,3653],"class_list":{"0":"post-50227","1":"product","2":"type-product","3":"status-publish","4":"has-post-thumbnail","6":"product_brand-satisfyer-et","7":"product_cat-janese","8":"product_cat-sekslelud","9":"product_cat-vibraatorid","10":"product_tag-satisfier-et","11":"product_tag-satisfyer-et","12":"pa_brand-satisfyer-et","14":"first","15":"outofstock","16":"taxable","17":"shipping-taxable","18":"purchasable","19":"product-type-simple"},"yoast_head":"<!-- This site is optimized with the Yoast SEO plugin v27.3 - https:\/\/yoast.com\/product\/yoast-seo-wordpress\/ -->\n<title>Pro + G-Spot | Lust and Love<\/title>\n<meta name=\"robots\" content=\"index,follow,max-snippet:-1,max-image-preview:large,max-video-preview:-1\" \/>\n<link rel=\"canonical\" href=\"https:\/\/lustandlove.eu\/et\/toode\/pro\/\" \/>\n<meta name=\"twitter:card\" content=\"summary_large_image\" \/>\n<meta name=\"twitter:title\" content=\"Pro + G-Spot | Lust and Love\" \/>\n<meta name=\"twitter:description\" content=\"Satisfyer Pro+ G-Spot on elegantne m\u00e4nguasi, mis on m\u00f5eldud G-punkti ja kliitori samaaegseks stimulatsiooniks. Paindlik vibreeriv korpus liibub oskuslikult keha vormide vastu ja leiab oma vormika otsaga \u00fcles teie G-punkti ning \u00f5huimpulsid kannavad teid ekstaasi suunas.\" \/>\n<meta name=\"twitter:image\" content=\"https:\/\/lustandlove.eu\/wp-content\/uploads\/E27979_mid.jpg\" \/>\n<meta name=\"twitter:label1\" content=\"Est. reading time\" \/>\n\t<meta name=\"twitter:data1\" content=\"1 minut\" \/>\n<script type=\"application\/ld+json\" class=\"yoast-schema-graph\">{\"@context\":\"https:\\\/\\\/schema.org\",\"@graph\":[{\"@type\":[\"WebPage\",\"ItemPage\"],\"@id\":\"https:\\\/\\\/lustandlove.eu\\\/et\\\/toode\\\/pro\\\/\",\"url\":\"https:\\\/\\\/lustandlove.eu\\\/et\\\/toode\\\/pro\\\/\",\"name\":\"Pro + G-Spot | Lust and Love\",\"isPartOf\":{\"@id\":\"https:\\\/\\\/lustandlove.eu\\\/et\\\/#website\"},\"primaryImageOfPage\":{\"@id\":\"https:\\\/\\\/lustandlove.eu\\\/et\\\/toode\\\/pro\\\/#primaryimage\"},\"image\":{\"@id\":\"https:\\\/\\\/lustandlove.eu\\\/et\\\/toode\\\/pro\\\/#primaryimage\"},\"thumbnailUrl\":\"https:\\\/\\\/lustandlove.eu\\\/wp-content\\\/uploads\\\/E27979_mid.jpg\",\"datePublished\":\"2021-10-21T08:53:01+00:00\",\"dateModified\":\"2026-04-13T07:36:44+00:00\",\"breadcrumb\":{\"@id\":\"https:\\\/\\\/lustandlove.eu\\\/et\\\/toode\\\/pro\\\/#breadcrumb\"},\"inLanguage\":\"et\",\"potentialAction\":[{\"@type\":\"ReadAction\",\"target\":[\"https:\\\/\\\/lustandlove.eu\\\/et\\\/toode\\\/pro\\\/\"]}]},{\"@type\":\"ImageObject\",\"inLanguage\":\"et\",\"@id\":\"https:\\\/\\\/lustandlove.eu\\\/et\\\/toode\\\/pro\\\/#primaryimage\",\"url\":\"https:\\\/\\\/lustandlove.eu\\\/wp-content\\\/uploads\\\/E27979_mid.jpg\",\"contentUrl\":\"https:\\\/\\\/lustandlove.eu\\\/wp-content\\\/uploads\\\/E27979_mid.jpg\",\"width\":350,\"height\":350,\"caption\":\"Satisfyer - Pro +\"},{\"@type\":\"BreadcrumbList\",\"@id\":\"https:\\\/\\\/lustandlove.eu\\\/et\\\/toode\\\/pro\\\/#breadcrumb\",\"itemListElement\":[{\"@type\":\"ListItem\",\"position\":1,\"name\":\"Lust and Love\",\"item\":\"https:\\\/\\\/lustandlove.eu\\\/et\\\/\"},{\"@type\":\"ListItem\",\"position\":2,\"name\":\"Pood\",\"item\":\"https:\\\/\\\/lustandlove.eu\\\/et\\\/pood\\\/\"},{\"@type\":\"ListItem\",\"position\":3,\"name\":\"Sekslelud\",\"item\":\"https:\\\/\\\/lustandlove.eu\\\/et\\\/pood\\\/sekslelud\\\/\"},{\"@type\":\"ListItem\",\"position\":4,\"name\":\"Pro + G-Spot\"}]},{\"@type\":\"WebSite\",\"@id\":\"https:\\\/\\\/lustandlove.eu\\\/et\\\/#website\",\"url\":\"https:\\\/\\\/lustandlove.eu\\\/et\\\/\",\"name\":\"Lust &amp; Love\",\"description\":\"Online erootikapood tervise, ilu ja armastuse jaoks\",\"publisher\":{\"@id\":\"https:\\\/\\\/lustandlove.eu\\\/et\\\/#organization\"},\"potentialAction\":[{\"@type\":\"SearchAction\",\"target\":{\"@type\":\"EntryPoint\",\"urlTemplate\":\"https:\\\/\\\/lustandlove.eu\\\/et\\\/?s={search_term_string}\"},\"query-input\":{\"@type\":\"PropertyValueSpecification\",\"valueRequired\":true,\"valueName\":\"search_term_string\"}}],\"inLanguage\":\"et\"},{\"@type\":\"Organization\",\"@id\":\"https:\\\/\\\/lustandlove.eu\\\/et\\\/#organization\",\"name\":\"Bioconcept Baltics O\u00dc\",\"url\":\"https:\\\/\\\/lustandlove.eu\\\/et\\\/\",\"logo\":{\"@type\":\"ImageObject\",\"inLanguage\":\"et\",\"@id\":\"https:\\\/\\\/lustandlove.eu\\\/et\\\/#\\\/schema\\\/logo\\\/image\\\/\",\"url\":\"\",\"contentUrl\":\"\",\"caption\":\"Bioconcept Baltics O\u00dc\"},\"image\":{\"@id\":\"https:\\\/\\\/lustandlove.eu\\\/et\\\/#\\\/schema\\\/logo\\\/image\\\/\"},\"sameAs\":[\"https:\\\/\\\/www.facebook.com\\\/LustandLoveEU\\\/\",\"https:\\\/\\\/www.instagram.com\\\/lustandloveeu\\\/\"]}]}<\/script>\n<!-- \/ Yoast SEO plugin. -->","yoast_head_json":{"title":"Pro + G-Spot | Lust and Love","robots":{"index,follow,max-snippet":"index,follow,max-snippet:-1,max-image-preview:large,max-video-preview:-1"},"canonical":"https:\/\/lustandlove.eu\/et\/toode\/pro\/","twitter_card":"summary_large_image","twitter_title":"Pro + G-Spot | Lust and Love","twitter_description":"Satisfyer Pro+ G-Spot on elegantne m\u00e4nguasi, mis on m\u00f5eldud G-punkti ja kliitori samaaegseks stimulatsiooniks. Paindlik vibreeriv korpus liibub oskuslikult keha vormide vastu ja leiab oma vormika otsaga \u00fcles teie G-punkti ning \u00f5huimpulsid kannavad teid ekstaasi suunas.","twitter_image":"https:\/\/lustandlove.eu\/wp-content\/uploads\/E27979_mid.jpg","twitter_misc":{"Est. reading time":"1 minut"},"schema":{"@context":"https:\/\/schema.org","@graph":[{"@type":["WebPage","ItemPage"],"@id":"https:\/\/lustandlove.eu\/et\/toode\/pro\/","url":"https:\/\/lustandlove.eu\/et\/toode\/pro\/","name":"Pro + G-Spot | Lust and Love","isPartOf":{"@id":"https:\/\/lustandlove.eu\/et\/#website"},"primaryImageOfPage":{"@id":"https:\/\/lustandlove.eu\/et\/toode\/pro\/#primaryimage"},"image":{"@id":"https:\/\/lustandlove.eu\/et\/toode\/pro\/#primaryimage"},"thumbnailUrl":"https:\/\/lustandlove.eu\/wp-content\/uploads\/E27979_mid.jpg","datePublished":"2021-10-21T08:53:01+00:00","dateModified":"2026-04-13T07:36:44+00:00","breadcrumb":{"@id":"https:\/\/lustandlove.eu\/et\/toode\/pro\/#breadcrumb"},"inLanguage":"et","potentialAction":[{"@type":"ReadAction","target":["https:\/\/lustandlove.eu\/et\/toode\/pro\/"]}]},{"@type":"ImageObject","inLanguage":"et","@id":"https:\/\/lustandlove.eu\/et\/toode\/pro\/#primaryimage","url":"https:\/\/lustandlove.eu\/wp-content\/uploads\/E27979_mid.jpg","contentUrl":"https:\/\/lustandlove.eu\/wp-content\/uploads\/E27979_mid.jpg","width":350,"height":350,"caption":"Satisfyer - Pro +"},{"@type":"BreadcrumbList","@id":"https:\/\/lustandlove.eu\/et\/toode\/pro\/#breadcrumb","itemListElement":[{"@type":"ListItem","position":1,"name":"Lust and Love","item":"https:\/\/lustandlove.eu\/et\/"},{"@type":"ListItem","position":2,"name":"Pood","item":"https:\/\/lustandlove.eu\/et\/pood\/"},{"@type":"ListItem","position":3,"name":"Sekslelud","item":"https:\/\/lustandlove.eu\/et\/pood\/sekslelud\/"},{"@type":"ListItem","position":4,"name":"Pro + G-Spot"}]},{"@type":"WebSite","@id":"https:\/\/lustandlove.eu\/et\/#website","url":"https:\/\/lustandlove.eu\/et\/","name":"Lust &amp; Love","description":"Online erootikapood tervise, ilu ja armastuse jaoks","publisher":{"@id":"https:\/\/lustandlove.eu\/et\/#organization"},"potentialAction":[{"@type":"SearchAction","target":{"@type":"EntryPoint","urlTemplate":"https:\/\/lustandlove.eu\/et\/?s={search_term_string}"},"query-input":{"@type":"PropertyValueSpecification","valueRequired":true,"valueName":"search_term_string"}}],"inLanguage":"et"},{"@type":"Organization","@id":"https:\/\/lustandlove.eu\/et\/#organization","name":"Bioconcept Baltics O\u00dc","url":"https:\/\/lustandlove.eu\/et\/","logo":{"@type":"ImageObject","inLanguage":"et","@id":"https:\/\/lustandlove.eu\/et\/#\/schema\/logo\/image\/","url":"","contentUrl":"","caption":"Bioconcept Baltics O\u00dc"},"image":{"@id":"https:\/\/lustandlove.eu\/et\/#\/schema\/logo\/image\/"},"sameAs":["https:\/\/www.facebook.com\/LustandLoveEU\/","https:\/\/www.instagram.com\/lustandloveeu\/"]}]}},"_links":{"self":[{"href":"https:\/\/lustandlove.eu\/et\/wp-json\/wp\/v2\/product\/50227","targetHints":{"allow":["GET"]}}],"collection":[{"href":"https:\/\/lustandlove.eu\/et\/wp-json\/wp\/v2\/product"}],"about":[{"href":"https:\/\/lustandlove.eu\/et\/wp-json\/wp\/v2\/types\/product"}],"wp:featuredmedia":[{"embeddable":true,"href":"https:\/\/lustandlove.eu\/et\/wp-json\/wp\/v2\/media\/50154"}],"wp:attachment":[{"href":"https:\/\/lustandlove.eu\/et\/wp-json\/wp\/v2\/media?parent=50227"}],"wp:term":[{"taxonomy":"product_brand","embeddable":true,"href":"https:\/\/lustandlove.eu\/et\/wp-json\/wp\/v2\/product_brand?post=50227"},{"taxonomy":"product_cat","embeddable":true,"href":"https:\/\/lustandlove.eu\/et\/wp-json\/wp\/v2\/product_cat?post=50227"},{"taxonomy":"product_tag","embeddable":true,"href":"https:\/\/lustandlove.eu\/et\/wp-json\/wp\/v2\/product_tag?post=50227"}],"curies":[{"name":"wp","href":"https:\/\/api.w.org\/{rel}","templated":true}]}}