{"id":50228,"date":"2021-10-20T11:32:42","date_gmt":"2021-10-20T08:32:42","guid":{"rendered":"https:\/\/www.lustandlove.eu\/product\/i-rub-my-duckie-2-0\/"},"modified":"2026-04-13T10:36:46","modified_gmt":"2026-04-13T07:36:46","slug":"i-rub-my-duckie-2-0","status":"publish","type":"product","link":"https:\/\/lustandlove.eu\/et\/toode\/i-rub-my-duckie-2-0\/","title":{"rendered":"I Rub My Duckie 2.0 Vibraator"},"content":{"rendered":"<div class=\"wpb-content-wrapper\"><p>[vc_row][vc_column][vc_column_text woodmart_inline=&#8221;no&#8221; text_larger=&#8221;no&#8221;]<br \/>\nOle see, kes sa oled ja armasta seda, keda tahad. Tutvuge selle r\u00f5\u00f5msa ja s\u00f5braliku vibreeriva massaa\u017eipardiga, mis m\u00e4ngib teiega k\u00f5ikjal, kus soovite. V\u00f5imsad vibratsioonid annavad l\u00f5\u00f5gastuse ja heaolutunde isegi du\u0161i all v\u00f5i vannis olles, sest see massaa\u017eipart on t\u00e4iesti veekindel.<\/p>\n<p>Kasutage seda massaa\u017eivanniparti oma kehal k\u00f5ikjal, kus soovite. Kas teil on peavalu ja soovite l\u00f5\u00f5gastuda? Pole probleemi! Kas tunnete, et tahaksite rohkem p\u00f5nevat m\u00e4ngu m\u00e4ngida? Laske sellel vibreerival vannipardil leida tee teie intiimsetesse kohtadesse ja olge \u00fcllatunud erinevatest vibratsioonimustritest. I Rub My Duckie 2.0 on eelk\u00e4ijast tugevama ja vaiksema mootoriga, varustatud 7 vibratsioonimustriga ning t\u00e4iesti veekindel.<\/p>\n<p>&#8211; K\u00f5ige armsam vibraator<br \/>\n&#8211; Pakub s\u00fcgavat massaa\u017ei vibratsiooni<br \/>\n&#8211; V\u00f5imas ja vaikne mootor<br \/>\n&#8211; Lihtne puhastada<\/p>\n<p>L\u00f5dvestu\u2026 ja tunne end lihtsalt h\u00e4sti<\/p>\n<p>Sa ei pea enam m\u00f5tlema, mida kinkida v\u00f5i osta, sest neid armsaid vanniparte on erinevates v\u00e4rvides, pakkudes iga\u00fchele oma perfektset kaaslast!<br \/>\nJa te ei pea neid \u00e4ra kinkima, v\u00f5ite osta ka endale ja ennast \u00e4ra hellitada.[\/vc_column_text][\/vc_column][\/vc_row]<\/p>\n<\/div>","protected":false},"excerpt":{"rendered":"<p>See vahva vannipardike on valmis sinuga m\u00e4ngimiseks igalpool, isegi vannis!<\/p>\n","protected":false},"featured_media":50033,"template":"","meta":[],"product_brand":[4210],"product_cat":[1484,3979,1488],"product_tag":[4104],"class_list":{"0":"post-50228","1":"product","2":"type-product","3":"status-publish","4":"has-post-thumbnail","6":"product_brand-i-rub-my-duckie-et","7":"product_cat-sekslelud","8":"product_cat-valispidised","9":"product_cat-vibraatorid","10":"product_tag-waterproof-et","11":"pa_brand-i-rub-my-duckie-et","13":"first","14":"instock","15":"taxable","16":"shipping-taxable","17":"purchasable","18":"product-type-variable"},"yoast_head":"<!-- This site is optimized with the Yoast SEO plugin v27.3 - https:\/\/yoast.com\/product\/yoast-seo-wordpress\/ -->\n<title>I Rub My Duckie 2.0 Vibraator | Lust and Love<\/title>\n<meta name=\"robots\" content=\"index,follow,max-snippet:-1,max-image-preview:large,max-video-preview:-1\" \/>\n<link rel=\"canonical\" href=\"https:\/\/lustandlove.eu\/et\/toode\/i-rub-my-duckie-2-0\/\" \/>\n<meta name=\"twitter:card\" content=\"summary_large_image\" \/>\n<meta name=\"twitter:title\" content=\"I Rub My Duckie 2.0 Vibraator | Lust and Love\" \/>\n<meta name=\"twitter:description\" content=\"See vahva vannipardike on valmis sinuga m\u00e4ngimiseks igalpool, isegi vannis!\" \/>\n<meta name=\"twitter:image\" content=\"https:\/\/lustandlove.eu\/wp-content\/uploads\/E29000.jpg\" \/>\n<meta name=\"twitter:label1\" content=\"Est. reading time\" \/>\n\t<meta name=\"twitter:data1\" content=\"2 minutit\" \/>\n<script type=\"application\/ld+json\" class=\"yoast-schema-graph\">{\"@context\":\"https:\\\/\\\/schema.org\",\"@graph\":[{\"@type\":[\"WebPage\",\"ItemPage\"],\"@id\":\"https:\\\/\\\/lustandlove.eu\\\/et\\\/toode\\\/i-rub-my-duckie-2-0\\\/\",\"url\":\"https:\\\/\\\/lustandlove.eu\\\/et\\\/toode\\\/i-rub-my-duckie-2-0\\\/\",\"name\":\"I Rub My Duckie 2.0 Vibraator | Lust and Love\",\"isPartOf\":{\"@id\":\"https:\\\/\\\/lustandlove.eu\\\/et\\\/#website\"},\"primaryImageOfPage\":{\"@id\":\"https:\\\/\\\/lustandlove.eu\\\/et\\\/toode\\\/i-rub-my-duckie-2-0\\\/#primaryimage\"},\"image\":{\"@id\":\"https:\\\/\\\/lustandlove.eu\\\/et\\\/toode\\\/i-rub-my-duckie-2-0\\\/#primaryimage\"},\"thumbnailUrl\":\"https:\\\/\\\/lustandlove.eu\\\/wp-content\\\/uploads\\\/E29000.jpg\",\"datePublished\":\"2021-10-20T08:32:42+00:00\",\"dateModified\":\"2026-04-13T07:36:46+00:00\",\"breadcrumb\":{\"@id\":\"https:\\\/\\\/lustandlove.eu\\\/et\\\/toode\\\/i-rub-my-duckie-2-0\\\/#breadcrumb\"},\"inLanguage\":\"et\",\"potentialAction\":[{\"@type\":\"ReadAction\",\"target\":[\"https:\\\/\\\/lustandlove.eu\\\/et\\\/toode\\\/i-rub-my-duckie-2-0\\\/\"]}]},{\"@type\":\"ImageObject\",\"inLanguage\":\"et\",\"@id\":\"https:\\\/\\\/lustandlove.eu\\\/et\\\/toode\\\/i-rub-my-duckie-2-0\\\/#primaryimage\",\"url\":\"https:\\\/\\\/lustandlove.eu\\\/wp-content\\\/uploads\\\/E29000.jpg\",\"contentUrl\":\"https:\\\/\\\/lustandlove.eu\\\/wp-content\\\/uploads\\\/E29000.jpg\",\"width\":590,\"height\":590,\"caption\":\"I Rub My Duckie 2.0\"},{\"@type\":\"BreadcrumbList\",\"@id\":\"https:\\\/\\\/lustandlove.eu\\\/et\\\/toode\\\/i-rub-my-duckie-2-0\\\/#breadcrumb\",\"itemListElement\":[{\"@type\":\"ListItem\",\"position\":1,\"name\":\"Lust and Love\",\"item\":\"https:\\\/\\\/lustandlove.eu\\\/et\\\/\"},{\"@type\":\"ListItem\",\"position\":2,\"name\":\"Pood\",\"item\":\"https:\\\/\\\/lustandlove.eu\\\/et\\\/pood\\\/\"},{\"@type\":\"ListItem\",\"position\":3,\"name\":\"Sekslelud\",\"item\":\"https:\\\/\\\/lustandlove.eu\\\/et\\\/pood\\\/sekslelud\\\/\"},{\"@type\":\"ListItem\",\"position\":4,\"name\":\"Vibraatorid\",\"item\":\"https:\\\/\\\/lustandlove.eu\\\/et\\\/pood\\\/sekslelud\\\/vibraatorid\\\/\"},{\"@type\":\"ListItem\",\"position\":5,\"name\":\"V\u00e4lispidised\",\"item\":\"https:\\\/\\\/lustandlove.eu\\\/et\\\/pood\\\/sekslelud\\\/vibraatorid\\\/valispidised\\\/\"},{\"@type\":\"ListItem\",\"position\":6,\"name\":\"I Rub My Duckie 2.0 Vibraator\"}]},{\"@type\":\"WebSite\",\"@id\":\"https:\\\/\\\/lustandlove.eu\\\/et\\\/#website\",\"url\":\"https:\\\/\\\/lustandlove.eu\\\/et\\\/\",\"name\":\"Lust &amp; Love\",\"description\":\"Online erootikapood tervise, ilu ja armastuse jaoks\",\"publisher\":{\"@id\":\"https:\\\/\\\/lustandlove.eu\\\/et\\\/#organization\"},\"potentialAction\":[{\"@type\":\"SearchAction\",\"target\":{\"@type\":\"EntryPoint\",\"urlTemplate\":\"https:\\\/\\\/lustandlove.eu\\\/et\\\/?s={search_term_string}\"},\"query-input\":{\"@type\":\"PropertyValueSpecification\",\"valueRequired\":true,\"valueName\":\"search_term_string\"}}],\"inLanguage\":\"et\"},{\"@type\":\"Organization\",\"@id\":\"https:\\\/\\\/lustandlove.eu\\\/et\\\/#organization\",\"name\":\"Bioconcept Baltics O\u00dc\",\"url\":\"https:\\\/\\\/lustandlove.eu\\\/et\\\/\",\"logo\":{\"@type\":\"ImageObject\",\"inLanguage\":\"et\",\"@id\":\"https:\\\/\\\/lustandlove.eu\\\/et\\\/#\\\/schema\\\/logo\\\/image\\\/\",\"url\":\"\",\"contentUrl\":\"\",\"caption\":\"Bioconcept Baltics O\u00dc\"},\"image\":{\"@id\":\"https:\\\/\\\/lustandlove.eu\\\/et\\\/#\\\/schema\\\/logo\\\/image\\\/\"},\"sameAs\":[\"https:\\\/\\\/www.facebook.com\\\/LustandLoveEU\\\/\",\"https:\\\/\\\/www.instagram.com\\\/lustandloveeu\\\/\"]}]}<\/script>\n<!-- \/ Yoast SEO plugin. -->","yoast_head_json":{"title":"I Rub My Duckie 2.0 Vibraator | Lust and Love","robots":{"index,follow,max-snippet":"index,follow,max-snippet:-1,max-image-preview:large,max-video-preview:-1"},"canonical":"https:\/\/lustandlove.eu\/et\/toode\/i-rub-my-duckie-2-0\/","twitter_card":"summary_large_image","twitter_title":"I Rub My Duckie 2.0 Vibraator | Lust and Love","twitter_description":"See vahva vannipardike on valmis sinuga m\u00e4ngimiseks igalpool, isegi vannis!","twitter_image":"https:\/\/lustandlove.eu\/wp-content\/uploads\/E29000.jpg","twitter_misc":{"Est. reading time":"2 minutit"},"schema":{"@context":"https:\/\/schema.org","@graph":[{"@type":["WebPage","ItemPage"],"@id":"https:\/\/lustandlove.eu\/et\/toode\/i-rub-my-duckie-2-0\/","url":"https:\/\/lustandlove.eu\/et\/toode\/i-rub-my-duckie-2-0\/","name":"I Rub My Duckie 2.0 Vibraator | Lust and Love","isPartOf":{"@id":"https:\/\/lustandlove.eu\/et\/#website"},"primaryImageOfPage":{"@id":"https:\/\/lustandlove.eu\/et\/toode\/i-rub-my-duckie-2-0\/#primaryimage"},"image":{"@id":"https:\/\/lustandlove.eu\/et\/toode\/i-rub-my-duckie-2-0\/#primaryimage"},"thumbnailUrl":"https:\/\/lustandlove.eu\/wp-content\/uploads\/E29000.jpg","datePublished":"2021-10-20T08:32:42+00:00","dateModified":"2026-04-13T07:36:46+00:00","breadcrumb":{"@id":"https:\/\/lustandlove.eu\/et\/toode\/i-rub-my-duckie-2-0\/#breadcrumb"},"inLanguage":"et","potentialAction":[{"@type":"ReadAction","target":["https:\/\/lustandlove.eu\/et\/toode\/i-rub-my-duckie-2-0\/"]}]},{"@type":"ImageObject","inLanguage":"et","@id":"https:\/\/lustandlove.eu\/et\/toode\/i-rub-my-duckie-2-0\/#primaryimage","url":"https:\/\/lustandlove.eu\/wp-content\/uploads\/E29000.jpg","contentUrl":"https:\/\/lustandlove.eu\/wp-content\/uploads\/E29000.jpg","width":590,"height":590,"caption":"I Rub My Duckie 2.0"},{"@type":"BreadcrumbList","@id":"https:\/\/lustandlove.eu\/et\/toode\/i-rub-my-duckie-2-0\/#breadcrumb","itemListElement":[{"@type":"ListItem","position":1,"name":"Lust and Love","item":"https:\/\/lustandlove.eu\/et\/"},{"@type":"ListItem","position":2,"name":"Pood","item":"https:\/\/lustandlove.eu\/et\/pood\/"},{"@type":"ListItem","position":3,"name":"Sekslelud","item":"https:\/\/lustandlove.eu\/et\/pood\/sekslelud\/"},{"@type":"ListItem","position":4,"name":"Vibraatorid","item":"https:\/\/lustandlove.eu\/et\/pood\/sekslelud\/vibraatorid\/"},{"@type":"ListItem","position":5,"name":"V\u00e4lispidised","item":"https:\/\/lustandlove.eu\/et\/pood\/sekslelud\/vibraatorid\/valispidised\/"},{"@type":"ListItem","position":6,"name":"I Rub My Duckie 2.0 Vibraator"}]},{"@type":"WebSite","@id":"https:\/\/lustandlove.eu\/et\/#website","url":"https:\/\/lustandlove.eu\/et\/","name":"Lust &amp; Love","description":"Online erootikapood tervise, ilu ja armastuse jaoks","publisher":{"@id":"https:\/\/lustandlove.eu\/et\/#organization"},"potentialAction":[{"@type":"SearchAction","target":{"@type":"EntryPoint","urlTemplate":"https:\/\/lustandlove.eu\/et\/?s={search_term_string}"},"query-input":{"@type":"PropertyValueSpecification","valueRequired":true,"valueName":"search_term_string"}}],"inLanguage":"et"},{"@type":"Organization","@id":"https:\/\/lustandlove.eu\/et\/#organization","name":"Bioconcept Baltics O\u00dc","url":"https:\/\/lustandlove.eu\/et\/","logo":{"@type":"ImageObject","inLanguage":"et","@id":"https:\/\/lustandlove.eu\/et\/#\/schema\/logo\/image\/","url":"","contentUrl":"","caption":"Bioconcept Baltics O\u00dc"},"image":{"@id":"https:\/\/lustandlove.eu\/et\/#\/schema\/logo\/image\/"},"sameAs":["https:\/\/www.facebook.com\/LustandLoveEU\/","https:\/\/www.instagram.com\/lustandloveeu\/"]}]}},"_links":{"self":[{"href":"https:\/\/lustandlove.eu\/et\/wp-json\/wp\/v2\/product\/50228","targetHints":{"allow":["GET"]}}],"collection":[{"href":"https:\/\/lustandlove.eu\/et\/wp-json\/wp\/v2\/product"}],"about":[{"href":"https:\/\/lustandlove.eu\/et\/wp-json\/wp\/v2\/types\/product"}],"wp:featuredmedia":[{"embeddable":true,"href":"https:\/\/lustandlove.eu\/et\/wp-json\/wp\/v2\/media\/50033"}],"wp:attachment":[{"href":"https:\/\/lustandlove.eu\/et\/wp-json\/wp\/v2\/media?parent=50228"}],"wp:term":[{"taxonomy":"product_brand","embeddable":true,"href":"https:\/\/lustandlove.eu\/et\/wp-json\/wp\/v2\/product_brand?post=50228"},{"taxonomy":"product_cat","embeddable":true,"href":"https:\/\/lustandlove.eu\/et\/wp-json\/wp\/v2\/product_cat?post=50228"},{"taxonomy":"product_tag","embeddable":true,"href":"https:\/\/lustandlove.eu\/et\/wp-json\/wp\/v2\/product_tag?post=50228"}],"curies":[{"name":"wp","href":"https:\/\/api.w.org\/{rel}","templated":true}]}}