{"id":50232,"date":"2021-10-21T12:38:18","date_gmt":"2021-10-21T09:38:18","guid":{"rendered":"https:\/\/www.lustandlove.eu\/product\/satisfyer-penguin\/"},"modified":"2026-04-13T10:36:44","modified_gmt":"2026-04-13T07:36:44","slug":"satisfyer-penguin","status":"publish","type":"product","link":"https:\/\/lustandlove.eu\/et\/toode\/satisfyer-penguin\/","title":{"rendered":"Pingviin"},"content":{"rendered":"<div class=\"wpb-content-wrapper\"><p>[vc_row][vc_column][vc_column_text woodmart_inline=&#8221;no&#8221; text_larger=&#8221;no&#8221;]<br \/>\nSatisfyeri tootepere ilmselt k\u00f5ige \u0161ikim liige on Satisfyer Penguin. Ta ainult ootab oma elegantses frakis, et sa temaga kahekesi j\u00e4\u00e4ksid ja ta Sind k\u00f5ditavate survelainetega plahvatusliku organismi saaks viia. Tema 11 intensiivsusastet stimuleerivad kliitorit eri astmetel \u00f5rnast kuni intensiivseni ning panevad sind s\u00f5ltuvalt meeleolust kergelt v\u00f5i j\u00f5uliselt vabisema.<\/p>\n<p>T\u00e4nu sosinvaiksele mootorile saad seda ka siis muretult kasutada, kui k\u00f5rvaltoas v\u00f5ib olla pealtkuuljaid. Peale selle on Satisfyer Penguin veekindel ning seda saab mugavalt kasutada vannis v\u00f5i du\u0161i all. T\u00e4iustatud nupud v\u00f5imaldavad intensiivsusastmeid h\u00f5lpsalt vahetada ning kingivad sulle igal pool ja igas tujus kuumi erutus- ja m\u00f5nulaineid.<\/p>\n<p>T\u00e4nu oma kitsale, ergonoomilisele kujule on Penguin v\u00e4ga praktiline ning mahub ilusti sahtlisse ja k\u00e4ekotti. T\u00e4nu kergele kasutatavusele ja uuenduslikule Satisfyer Airpulse\u2018i tehnoloogiale sobib see eriti h\u00e4sti algajatele. Satisfyer Penguini imemist meenutavad survelained kingivad Sulle erutavaid orgasme ilma pikema j\u00e4ndamiseta.<\/p>\n<p>Penguini laadimine on t\u00e4nu magnetilisele USB-kaablile v\u00e4ga lihtne ning seet\u00f5ttu on see mudel ideaalne kaaslane nii reisil kui ka kodus. Kas soovid oma parimale s\u00f5brannale midagi head teha? \u0160ikki Penguini ei tule enam h\u00e4belikult karbis\u00fcgavusse peita, vaid see sobib v\u00e4ga h\u00e4sti stiilseks kingituseks moodsale naisele.<\/p>\n<p>T\u00e4nu vahetatavale silikoonkattele saab Satisfyeri toodet p\u00e4rast viimast orgasmilainet h\u00f5lpsalt puhastada, pihustades sellele paar korda desinfitseerivat eripuhastusvahendit v\u00f5i kasutades vett ja seepi.[\/vc_column_text][\/vc_column][\/vc_row]<\/p>\n<\/div>","protected":false},"excerpt":{"rendered":"<p>Stiilset smokki kandev Penguin \u00fchendab endas Satisfyeri uuendusliku \u00f5huimpulsstehnoloogia ja v\u00f5luva m\u00e4ngulise v\u00e4limuse. Ergonoomilise kujuga Penguin sobib suurep\u00e4raselt algajatele ja on imeliselt kerge reisikaaslane.<\/p>\n","protected":false},"featured_media":50163,"template":"","meta":[],"product_brand":[4238],"product_cat":[3982,1484,1488],"product_tag":[3842,3403,3388,3652,3653,3312,4104],"class_list":{"0":"post-50232","1":"product","2":"type-product","3":"status-publish","4":"has-post-thumbnail","6":"product_brand-satisfyer-et","7":"product_cat-ohksurve-simulaator","8":"product_cat-sekslelud","9":"product_cat-vibraatorid","10":"product_tag-imemis","11":"product_tag-naistepaev","12":"product_tag-pride-et","13":"product_tag-satisfier-et","14":"product_tag-satisfyer-et","15":"product_tag-valentines-et","16":"product_tag-waterproof-et","17":"pa_brand-satisfyer-et","19":"first","20":"instock","21":"taxable","22":"shipping-taxable","23":"purchasable","24":"product-type-simple"},"yoast_head":"<!-- This site is optimized with the Yoast SEO plugin v27.4 - https:\/\/yoast.com\/product\/yoast-seo-wordpress\/ -->\n<title>Pingviin | Lust and Love<\/title>\n<meta name=\"robots\" content=\"index,follow,max-snippet:-1,max-image-preview:large,max-video-preview:-1\" \/>\n<link rel=\"canonical\" href=\"https:\/\/lustandlove.eu\/et\/toode\/satisfyer-penguin\/\" \/>\n<script type=\"application\/ld+json\" class=\"yoast-schema-graph\">{\"@context\":\"https:\\\/\\\/schema.org\",\"@graph\":[{\"@type\":[\"WebPage\",\"ItemPage\"],\"@id\":\"https:\\\/\\\/lustandlove.eu\\\/et\\\/toode\\\/satisfyer-penguin\\\/\",\"url\":\"https:\\\/\\\/lustandlove.eu\\\/et\\\/toode\\\/satisfyer-penguin\\\/\",\"name\":\"Pingviin | Lust and Love\",\"isPartOf\":{\"@id\":\"https:\\\/\\\/lustandlove.eu\\\/et\\\/#website\"},\"primaryImageOfPage\":{\"@id\":\"https:\\\/\\\/lustandlove.eu\\\/et\\\/toode\\\/satisfyer-penguin\\\/#primaryimage\"},\"image\":{\"@id\":\"https:\\\/\\\/lustandlove.eu\\\/et\\\/toode\\\/satisfyer-penguin\\\/#primaryimage\"},\"thumbnailUrl\":\"https:\\\/\\\/lustandlove.eu\\\/wp-content\\\/uploads\\\/E27982_mid.jpg\",\"datePublished\":\"2021-10-21T09:38:18+00:00\",\"dateModified\":\"2026-04-13T07:36:44+00:00\",\"breadcrumb\":{\"@id\":\"https:\\\/\\\/lustandlove.eu\\\/et\\\/toode\\\/satisfyer-penguin\\\/#breadcrumb\"},\"inLanguage\":\"et\",\"potentialAction\":[{\"@type\":\"ReadAction\",\"target\":[\"https:\\\/\\\/lustandlove.eu\\\/et\\\/toode\\\/satisfyer-penguin\\\/\"]}]},{\"@type\":\"ImageObject\",\"inLanguage\":\"et\",\"@id\":\"https:\\\/\\\/lustandlove.eu\\\/et\\\/toode\\\/satisfyer-penguin\\\/#primaryimage\",\"url\":\"https:\\\/\\\/lustandlove.eu\\\/wp-content\\\/uploads\\\/E27982_mid.jpg\",\"contentUrl\":\"https:\\\/\\\/lustandlove.eu\\\/wp-content\\\/uploads\\\/E27982_mid.jpg\",\"width\":350,\"height\":350,\"caption\":\"Satisfyer - Penguin\"},{\"@type\":\"BreadcrumbList\",\"@id\":\"https:\\\/\\\/lustandlove.eu\\\/et\\\/toode\\\/satisfyer-penguin\\\/#breadcrumb\",\"itemListElement\":[{\"@type\":\"ListItem\",\"position\":1,\"name\":\"Lust and Love\",\"item\":\"https:\\\/\\\/lustandlove.eu\\\/et\\\/\"},{\"@type\":\"ListItem\",\"position\":2,\"name\":\"Pood\",\"item\":\"https:\\\/\\\/lustandlove.eu\\\/et\\\/pood\\\/\"},{\"@type\":\"ListItem\",\"position\":3,\"name\":\"Sekslelud\",\"item\":\"https:\\\/\\\/lustandlove.eu\\\/et\\\/pood\\\/sekslelud\\\/\"},{\"@type\":\"ListItem\",\"position\":4,\"name\":\"Pingviin\"}]},{\"@type\":\"WebSite\",\"@id\":\"https:\\\/\\\/lustandlove.eu\\\/et\\\/#website\",\"url\":\"https:\\\/\\\/lustandlove.eu\\\/et\\\/\",\"name\":\"Lust & Love\",\"description\":\"Online erootikapood tervise, ilu ja armastuse jaoks\",\"publisher\":{\"@id\":\"https:\\\/\\\/lustandlove.eu\\\/et\\\/#organization\"},\"potentialAction\":[{\"@type\":\"SearchAction\",\"target\":{\"@type\":\"EntryPoint\",\"urlTemplate\":\"https:\\\/\\\/lustandlove.eu\\\/et\\\/?s={search_term_string}\"},\"query-input\":{\"@type\":\"PropertyValueSpecification\",\"valueRequired\":true,\"valueName\":\"search_term_string\"}}],\"inLanguage\":\"et\"},{\"@type\":\"Organization\",\"@id\":\"https:\\\/\\\/lustandlove.eu\\\/et\\\/#organization\",\"name\":\"Bioconcept Baltics O\u00dc\",\"url\":\"https:\\\/\\\/lustandlove.eu\\\/et\\\/\",\"logo\":{\"@type\":\"ImageObject\",\"inLanguage\":\"et\",\"@id\":\"https:\\\/\\\/lustandlove.eu\\\/et\\\/#\\\/schema\\\/logo\\\/image\\\/\",\"url\":\"https:\\\/\\\/lustandlove.eu\\\/wp-content\\\/uploads\\\/logo-full-2.png\",\"contentUrl\":\"https:\\\/\\\/lustandlove.eu\\\/wp-content\\\/uploads\\\/logo-full-2.png\",\"width\":837,\"height\":200,\"caption\":\"Bioconcept Baltics O\u00dc\"},\"image\":{\"@id\":\"https:\\\/\\\/lustandlove.eu\\\/et\\\/#\\\/schema\\\/logo\\\/image\\\/\"},\"sameAs\":[\"https:\\\/\\\/www.facebook.com\\\/LustandLoveEU\\\/\",\"https:\\\/\\\/www.instagram.com\\\/lustandloveeu\\\/\"]}]}<\/script>\n<!-- \/ Yoast SEO plugin. -->","yoast_head_json":{"title":"Pingviin | Lust and Love","robots":{"index,follow,max-snippet":"index,follow,max-snippet:-1,max-image-preview:large,max-video-preview:-1"},"canonical":"https:\/\/lustandlove.eu\/et\/toode\/satisfyer-penguin\/","schema":{"@context":"https:\/\/schema.org","@graph":[{"@type":["WebPage","ItemPage"],"@id":"https:\/\/lustandlove.eu\/et\/toode\/satisfyer-penguin\/","url":"https:\/\/lustandlove.eu\/et\/toode\/satisfyer-penguin\/","name":"Pingviin | Lust and Love","isPartOf":{"@id":"https:\/\/lustandlove.eu\/et\/#website"},"primaryImageOfPage":{"@id":"https:\/\/lustandlove.eu\/et\/toode\/satisfyer-penguin\/#primaryimage"},"image":{"@id":"https:\/\/lustandlove.eu\/et\/toode\/satisfyer-penguin\/#primaryimage"},"thumbnailUrl":"https:\/\/lustandlove.eu\/wp-content\/uploads\/E27982_mid.jpg","datePublished":"2021-10-21T09:38:18+00:00","dateModified":"2026-04-13T07:36:44+00:00","breadcrumb":{"@id":"https:\/\/lustandlove.eu\/et\/toode\/satisfyer-penguin\/#breadcrumb"},"inLanguage":"et","potentialAction":[{"@type":"ReadAction","target":["https:\/\/lustandlove.eu\/et\/toode\/satisfyer-penguin\/"]}]},{"@type":"ImageObject","inLanguage":"et","@id":"https:\/\/lustandlove.eu\/et\/toode\/satisfyer-penguin\/#primaryimage","url":"https:\/\/lustandlove.eu\/wp-content\/uploads\/E27982_mid.jpg","contentUrl":"https:\/\/lustandlove.eu\/wp-content\/uploads\/E27982_mid.jpg","width":350,"height":350,"caption":"Satisfyer - Penguin"},{"@type":"BreadcrumbList","@id":"https:\/\/lustandlove.eu\/et\/toode\/satisfyer-penguin\/#breadcrumb","itemListElement":[{"@type":"ListItem","position":1,"name":"Lust and Love","item":"https:\/\/lustandlove.eu\/et\/"},{"@type":"ListItem","position":2,"name":"Pood","item":"https:\/\/lustandlove.eu\/et\/pood\/"},{"@type":"ListItem","position":3,"name":"Sekslelud","item":"https:\/\/lustandlove.eu\/et\/pood\/sekslelud\/"},{"@type":"ListItem","position":4,"name":"Pingviin"}]},{"@type":"WebSite","@id":"https:\/\/lustandlove.eu\/et\/#website","url":"https:\/\/lustandlove.eu\/et\/","name":"Lust & Love","description":"Online erootikapood tervise, ilu ja armastuse jaoks","publisher":{"@id":"https:\/\/lustandlove.eu\/et\/#organization"},"potentialAction":[{"@type":"SearchAction","target":{"@type":"EntryPoint","urlTemplate":"https:\/\/lustandlove.eu\/et\/?s={search_term_string}"},"query-input":{"@type":"PropertyValueSpecification","valueRequired":true,"valueName":"search_term_string"}}],"inLanguage":"et"},{"@type":"Organization","@id":"https:\/\/lustandlove.eu\/et\/#organization","name":"Bioconcept Baltics O\u00dc","url":"https:\/\/lustandlove.eu\/et\/","logo":{"@type":"ImageObject","inLanguage":"et","@id":"https:\/\/lustandlove.eu\/et\/#\/schema\/logo\/image\/","url":"https:\/\/lustandlove.eu\/wp-content\/uploads\/logo-full-2.png","contentUrl":"https:\/\/lustandlove.eu\/wp-content\/uploads\/logo-full-2.png","width":837,"height":200,"caption":"Bioconcept Baltics O\u00dc"},"image":{"@id":"https:\/\/lustandlove.eu\/et\/#\/schema\/logo\/image\/"},"sameAs":["https:\/\/www.facebook.com\/LustandLoveEU\/","https:\/\/www.instagram.com\/lustandloveeu\/"]}]}},"_links":{"self":[{"href":"https:\/\/lustandlove.eu\/et\/wp-json\/wp\/v2\/product\/50232","targetHints":{"allow":["GET"]}}],"collection":[{"href":"https:\/\/lustandlove.eu\/et\/wp-json\/wp\/v2\/product"}],"about":[{"href":"https:\/\/lustandlove.eu\/et\/wp-json\/wp\/v2\/types\/product"}],"wp:featuredmedia":[{"embeddable":true,"href":"https:\/\/lustandlove.eu\/et\/wp-json\/wp\/v2\/media\/50163"}],"wp:attachment":[{"href":"https:\/\/lustandlove.eu\/et\/wp-json\/wp\/v2\/media?parent=50232"}],"wp:term":[{"taxonomy":"product_brand","embeddable":true,"href":"https:\/\/lustandlove.eu\/et\/wp-json\/wp\/v2\/product_brand?post=50232"},{"taxonomy":"product_cat","embeddable":true,"href":"https:\/\/lustandlove.eu\/et\/wp-json\/wp\/v2\/product_cat?post=50232"},{"taxonomy":"product_tag","embeddable":true,"href":"https:\/\/lustandlove.eu\/et\/wp-json\/wp\/v2\/product_tag?post=50232"}],"curies":[{"name":"wp","href":"https:\/\/api.w.org\/{rel}","templated":true}]}}