{"id":50233,"date":"2021-10-21T12:46:52","date_gmt":"2021-10-21T09:46:52","guid":{"rendered":"https:\/\/www.lustandlove.eu\/product\/satisfyer-pro-2-air-pulse-stimulator\/"},"modified":"2026-04-13T10:41:12","modified_gmt":"2026-04-13T07:41:12","slug":"satisfyer-pro-2-air-pulse-stimulator","status":"publish","type":"product","link":"https:\/\/lustandlove.eu\/et\/toode\/satisfyer-pro-2-air-pulse-stimulator\/","title":{"rendered":"Pro 2 \u00d5hkstimulaator"},"content":{"rendered":"<div class=\"wpb-content-wrapper\"><p>[vc_row][vc_column][vc_column_text woodmart_inline=&#8221;no&#8221; text_larger=&#8221;no&#8221;]<br \/>\nSatisfyer Pro 2 on varustatud uuendusliku Satisfyer Airpulse\u2018i tehnoloogiaga, mis hellitab kliitorit erinevate survelainetega alates \u00f5rnast kuni intensiivseni. T\u00e4nu oma pingek\u00fcllasele pulseerimisele on seda m\u00fc\u00fcdud juba miljoneid eksemplare. Selle praktilise m\u00fc\u00fcgihiti abil saad kogeda plahvatuslikke orgasme ega saa sellest kunagi k\u00fcllalt. Mitte kunagi varem pole olnud seksuaalse heaolu tasakaalu hoidmine nii lihtne.<\/p>\n<p>Lisaks senikogematutele k\u00f5rghetkedele pakub j\u00e4rgmise p\u00f5lvkonna Satisfyer Pro 2 optimeeritud nupudisaini, millega saad liikuda \u00fcheteistk\u00fcmnel erutaval survelaineastmel. Peale selle on seade veekindel ning seda saab t\u00e4nu sosinvaiksele mootorile diskreetselt vannis v\u00f5i linade vahel kasutada. Praktiline USB-laadija laeb akut lihtsalt ning seab sinu Satisfyer Pro 2 valmis j\u00e4rgmisteks erutavateks tundideks. Veel meeletuma kogemuse saamiseks v\u00f5id kasutada veep\u00f5hist libestit.<\/p>\n<p>H\u00fcgieenilisest silikoonist pehme pea on suurem ja laiem, haarates kliitori veel paremini endasse ning kinkides sulle ainulaadseid elamusi. Peale selle on seda vee ja seebiga v\u00f5i steriilse eripuhastusvahendiga lihtne puhastada.[\/vc_column_text][\/vc_column][\/vc_row]<\/p>\n<\/div>","protected":false},"excerpt":{"rendered":"<p>Satisfyer Pro 2 eesm\u00e4rk on erutada teie kliitorit naudingute tipuni. Vaevukuuldava mootori ja pehme silikoonpeaga Pro 2 viib teid iha ja \u00f5ndsuse reisile.<\/p>\n","protected":false},"featured_media":50172,"template":"","meta":[],"product_brand":[4238],"product_cat":[3982,1484,1488],"product_tag":[3842,3652,3653],"class_list":{"0":"post-50233","1":"product","2":"type-product","3":"status-publish","4":"has-post-thumbnail","6":"product_brand-satisfyer-et","7":"product_cat-ohksurve-simulaator","8":"product_cat-sekslelud","9":"product_cat-vibraatorid","10":"product_tag-imemis","11":"product_tag-satisfier-et","12":"product_tag-satisfyer-et","14":"first","15":"instock","16":"taxable","17":"shipping-taxable","18":"purchasable","19":"product-type-simple"},"yoast_head":"<!-- This site is optimized with the Yoast SEO plugin v27.3 - https:\/\/yoast.com\/product\/yoast-seo-wordpress\/ -->\n<title>Pro 2 \u00d5hkstimulaator | Lust and Love<\/title>\n<meta name=\"robots\" content=\"index,follow,max-snippet:-1,max-image-preview:large,max-video-preview:-1\" \/>\n<link rel=\"canonical\" href=\"https:\/\/lustandlove.eu\/et\/toode\/satisfyer-pro-2-air-pulse-stimulator\/\" \/>\n<meta name=\"twitter:card\" content=\"summary_large_image\" \/>\n<meta name=\"twitter:title\" content=\"Pro 2 \u00d5hkstimulaator | Lust and Love\" \/>\n<meta name=\"twitter:description\" content=\"Satisfyer Pro 2 eesm\u00e4rk on erutada teie kliitorit naudingute tipuni. Vaevukuuldava mootori ja pehme silikoonpeaga Pro 2 viib teid iha ja \u00f5ndsuse reisile.\" \/>\n<meta name=\"twitter:image\" content=\"https:\/\/lustandlove.eu\/wp-content\/uploads\/E27980_mid.jpg\" \/>\n<meta name=\"twitter:label1\" content=\"Est. reading time\" \/>\n\t<meta name=\"twitter:data1\" content=\"1 minut\" \/>\n<script type=\"application\/ld+json\" class=\"yoast-schema-graph\">{\"@context\":\"https:\\\/\\\/schema.org\",\"@graph\":[{\"@type\":[\"WebPage\",\"ItemPage\"],\"@id\":\"https:\\\/\\\/lustandlove.eu\\\/et\\\/toode\\\/satisfyer-pro-2-air-pulse-stimulator\\\/\",\"url\":\"https:\\\/\\\/lustandlove.eu\\\/et\\\/toode\\\/satisfyer-pro-2-air-pulse-stimulator\\\/\",\"name\":\"Pro 2 \u00d5hkstimulaator | Lust and Love\",\"isPartOf\":{\"@id\":\"https:\\\/\\\/lustandlove.eu\\\/et\\\/#website\"},\"primaryImageOfPage\":{\"@id\":\"https:\\\/\\\/lustandlove.eu\\\/et\\\/toode\\\/satisfyer-pro-2-air-pulse-stimulator\\\/#primaryimage\"},\"image\":{\"@id\":\"https:\\\/\\\/lustandlove.eu\\\/et\\\/toode\\\/satisfyer-pro-2-air-pulse-stimulator\\\/#primaryimage\"},\"thumbnailUrl\":\"https:\\\/\\\/lustandlove.eu\\\/wp-content\\\/uploads\\\/E27980_mid.jpg\",\"datePublished\":\"2021-10-21T09:46:52+00:00\",\"dateModified\":\"2026-04-13T07:41:12+00:00\",\"breadcrumb\":{\"@id\":\"https:\\\/\\\/lustandlove.eu\\\/et\\\/toode\\\/satisfyer-pro-2-air-pulse-stimulator\\\/#breadcrumb\"},\"inLanguage\":\"et\",\"potentialAction\":[{\"@type\":\"ReadAction\",\"target\":[\"https:\\\/\\\/lustandlove.eu\\\/et\\\/toode\\\/satisfyer-pro-2-air-pulse-stimulator\\\/\"]}]},{\"@type\":\"ImageObject\",\"inLanguage\":\"et\",\"@id\":\"https:\\\/\\\/lustandlove.eu\\\/et\\\/toode\\\/satisfyer-pro-2-air-pulse-stimulator\\\/#primaryimage\",\"url\":\"https:\\\/\\\/lustandlove.eu\\\/wp-content\\\/uploads\\\/E27980_mid.jpg\",\"contentUrl\":\"https:\\\/\\\/lustandlove.eu\\\/wp-content\\\/uploads\\\/E27980_mid.jpg\",\"width\":350,\"height\":350,\"caption\":\"Satisfyer - Pro 2 Air Pulse Stimulator\"},{\"@type\":\"BreadcrumbList\",\"@id\":\"https:\\\/\\\/lustandlove.eu\\\/et\\\/toode\\\/satisfyer-pro-2-air-pulse-stimulator\\\/#breadcrumb\",\"itemListElement\":[{\"@type\":\"ListItem\",\"position\":1,\"name\":\"Lust and Love\",\"item\":\"https:\\\/\\\/lustandlove.eu\\\/et\\\/\"},{\"@type\":\"ListItem\",\"position\":2,\"name\":\"Pood\",\"item\":\"https:\\\/\\\/lustandlove.eu\\\/et\\\/pood\\\/\"},{\"@type\":\"ListItem\",\"position\":3,\"name\":\"Sekslelud\",\"item\":\"https:\\\/\\\/lustandlove.eu\\\/et\\\/pood\\\/sekslelud\\\/\"},{\"@type\":\"ListItem\",\"position\":4,\"name\":\"Pro 2 \u00d5hkstimulaator\"}]},{\"@type\":\"WebSite\",\"@id\":\"https:\\\/\\\/lustandlove.eu\\\/et\\\/#website\",\"url\":\"https:\\\/\\\/lustandlove.eu\\\/et\\\/\",\"name\":\"Lust &amp; Love\",\"description\":\"Online erootikapood tervise, ilu ja armastuse jaoks\",\"publisher\":{\"@id\":\"https:\\\/\\\/lustandlove.eu\\\/et\\\/#organization\"},\"potentialAction\":[{\"@type\":\"SearchAction\",\"target\":{\"@type\":\"EntryPoint\",\"urlTemplate\":\"https:\\\/\\\/lustandlove.eu\\\/et\\\/?s={search_term_string}\"},\"query-input\":{\"@type\":\"PropertyValueSpecification\",\"valueRequired\":true,\"valueName\":\"search_term_string\"}}],\"inLanguage\":\"et\"},{\"@type\":\"Organization\",\"@id\":\"https:\\\/\\\/lustandlove.eu\\\/et\\\/#organization\",\"name\":\"Bioconcept Baltics O\u00dc\",\"url\":\"https:\\\/\\\/lustandlove.eu\\\/et\\\/\",\"logo\":{\"@type\":\"ImageObject\",\"inLanguage\":\"et\",\"@id\":\"https:\\\/\\\/lustandlove.eu\\\/et\\\/#\\\/schema\\\/logo\\\/image\\\/\",\"url\":\"\",\"contentUrl\":\"\",\"caption\":\"Bioconcept Baltics O\u00dc\"},\"image\":{\"@id\":\"https:\\\/\\\/lustandlove.eu\\\/et\\\/#\\\/schema\\\/logo\\\/image\\\/\"},\"sameAs\":[\"https:\\\/\\\/www.facebook.com\\\/LustandLoveEU\\\/\",\"https:\\\/\\\/www.instagram.com\\\/lustandloveeu\\\/\"]}]}<\/script>\n<!-- \/ Yoast SEO plugin. -->","yoast_head_json":{"title":"Pro 2 \u00d5hkstimulaator | Lust and Love","robots":{"index,follow,max-snippet":"index,follow,max-snippet:-1,max-image-preview:large,max-video-preview:-1"},"canonical":"https:\/\/lustandlove.eu\/et\/toode\/satisfyer-pro-2-air-pulse-stimulator\/","twitter_card":"summary_large_image","twitter_title":"Pro 2 \u00d5hkstimulaator | Lust and Love","twitter_description":"Satisfyer Pro 2 eesm\u00e4rk on erutada teie kliitorit naudingute tipuni. Vaevukuuldava mootori ja pehme silikoonpeaga Pro 2 viib teid iha ja \u00f5ndsuse reisile.","twitter_image":"https:\/\/lustandlove.eu\/wp-content\/uploads\/E27980_mid.jpg","twitter_misc":{"Est. reading time":"1 minut"},"schema":{"@context":"https:\/\/schema.org","@graph":[{"@type":["WebPage","ItemPage"],"@id":"https:\/\/lustandlove.eu\/et\/toode\/satisfyer-pro-2-air-pulse-stimulator\/","url":"https:\/\/lustandlove.eu\/et\/toode\/satisfyer-pro-2-air-pulse-stimulator\/","name":"Pro 2 \u00d5hkstimulaator | Lust and Love","isPartOf":{"@id":"https:\/\/lustandlove.eu\/et\/#website"},"primaryImageOfPage":{"@id":"https:\/\/lustandlove.eu\/et\/toode\/satisfyer-pro-2-air-pulse-stimulator\/#primaryimage"},"image":{"@id":"https:\/\/lustandlove.eu\/et\/toode\/satisfyer-pro-2-air-pulse-stimulator\/#primaryimage"},"thumbnailUrl":"https:\/\/lustandlove.eu\/wp-content\/uploads\/E27980_mid.jpg","datePublished":"2021-10-21T09:46:52+00:00","dateModified":"2026-04-13T07:41:12+00:00","breadcrumb":{"@id":"https:\/\/lustandlove.eu\/et\/toode\/satisfyer-pro-2-air-pulse-stimulator\/#breadcrumb"},"inLanguage":"et","potentialAction":[{"@type":"ReadAction","target":["https:\/\/lustandlove.eu\/et\/toode\/satisfyer-pro-2-air-pulse-stimulator\/"]}]},{"@type":"ImageObject","inLanguage":"et","@id":"https:\/\/lustandlove.eu\/et\/toode\/satisfyer-pro-2-air-pulse-stimulator\/#primaryimage","url":"https:\/\/lustandlove.eu\/wp-content\/uploads\/E27980_mid.jpg","contentUrl":"https:\/\/lustandlove.eu\/wp-content\/uploads\/E27980_mid.jpg","width":350,"height":350,"caption":"Satisfyer - Pro 2 Air Pulse Stimulator"},{"@type":"BreadcrumbList","@id":"https:\/\/lustandlove.eu\/et\/toode\/satisfyer-pro-2-air-pulse-stimulator\/#breadcrumb","itemListElement":[{"@type":"ListItem","position":1,"name":"Lust and Love","item":"https:\/\/lustandlove.eu\/et\/"},{"@type":"ListItem","position":2,"name":"Pood","item":"https:\/\/lustandlove.eu\/et\/pood\/"},{"@type":"ListItem","position":3,"name":"Sekslelud","item":"https:\/\/lustandlove.eu\/et\/pood\/sekslelud\/"},{"@type":"ListItem","position":4,"name":"Pro 2 \u00d5hkstimulaator"}]},{"@type":"WebSite","@id":"https:\/\/lustandlove.eu\/et\/#website","url":"https:\/\/lustandlove.eu\/et\/","name":"Lust &amp; Love","description":"Online erootikapood tervise, ilu ja armastuse jaoks","publisher":{"@id":"https:\/\/lustandlove.eu\/et\/#organization"},"potentialAction":[{"@type":"SearchAction","target":{"@type":"EntryPoint","urlTemplate":"https:\/\/lustandlove.eu\/et\/?s={search_term_string}"},"query-input":{"@type":"PropertyValueSpecification","valueRequired":true,"valueName":"search_term_string"}}],"inLanguage":"et"},{"@type":"Organization","@id":"https:\/\/lustandlove.eu\/et\/#organization","name":"Bioconcept Baltics O\u00dc","url":"https:\/\/lustandlove.eu\/et\/","logo":{"@type":"ImageObject","inLanguage":"et","@id":"https:\/\/lustandlove.eu\/et\/#\/schema\/logo\/image\/","url":"","contentUrl":"","caption":"Bioconcept Baltics O\u00dc"},"image":{"@id":"https:\/\/lustandlove.eu\/et\/#\/schema\/logo\/image\/"},"sameAs":["https:\/\/www.facebook.com\/LustandLoveEU\/","https:\/\/www.instagram.com\/lustandloveeu\/"]}]}},"_links":{"self":[{"href":"https:\/\/lustandlove.eu\/et\/wp-json\/wp\/v2\/product\/50233","targetHints":{"allow":["GET"]}}],"collection":[{"href":"https:\/\/lustandlove.eu\/et\/wp-json\/wp\/v2\/product"}],"about":[{"href":"https:\/\/lustandlove.eu\/et\/wp-json\/wp\/v2\/types\/product"}],"wp:featuredmedia":[{"embeddable":true,"href":"https:\/\/lustandlove.eu\/et\/wp-json\/wp\/v2\/media\/50172"}],"wp:attachment":[{"href":"https:\/\/lustandlove.eu\/et\/wp-json\/wp\/v2\/media?parent=50233"}],"wp:term":[{"taxonomy":"product_brand","embeddable":true,"href":"https:\/\/lustandlove.eu\/et\/wp-json\/wp\/v2\/product_brand?post=50233"},{"taxonomy":"product_cat","embeddable":true,"href":"https:\/\/lustandlove.eu\/et\/wp-json\/wp\/v2\/product_cat?post=50233"},{"taxonomy":"product_tag","embeddable":true,"href":"https:\/\/lustandlove.eu\/et\/wp-json\/wp\/v2\/product_tag?post=50233"}],"curies":[{"name":"wp","href":"https:\/\/api.w.org\/{rel}","templated":true}]}}