{"id":50234,"date":"2021-10-21T12:53:50","date_gmt":"2021-10-21T09:53:50","guid":{"rendered":"https:\/\/www.lustandlove.eu\/product\/satisfyer-pro-traveler\/"},"modified":"2026-04-13T10:36:43","modified_gmt":"2026-04-13T07:36:43","slug":"satisfyer-pro-traveler","status":"publish","type":"product","link":"https:\/\/lustandlove.eu\/et\/toode\/satisfyer-pro-traveler\/","title":{"rendered":"Pro Traveler \u00d5hkstimulaator"},"content":{"rendered":"<div class=\"wpb-content-wrapper\"><p>[vc_row][vc_column][vc_column_text woodmart_inline=&#8221;no&#8221; text_larger=&#8221;no&#8221;]<br \/>\nSatisfyer Pro Traveler on ergonoomilise disainiga\u00a0\u00f5huimpulssvibraator, mis stimuleerib kliitorit\u00a0r\u00f5hulainete ja vibratsiooni abil. Seade pakub stabiilset naudingut ning pikendab orgasme. Seadme silikoonist huulte keskel on membraan, mille kiirel liikumisel tekib kliitorit &#8220;lutsiv&#8221; tunne.\u00a0See kogemus on hoopis midagi muud, kui oled harjunud tundma tavavibraatoriga.<\/p>\n<p>Nagu tema suuremad vennad Satisfyer Pro 2 ja Satisfyer Penguin, kingib ka see survelainevibraator erutavaid orgasme \u2013 lihtsalt praktilisemal kujul, mis sobib reisile. Olgu \u00e4rireisil, puhkusel v\u00f5i teise linna k\u00fclastamisel, Satisfyer Traveler sobib igasse pagasisse ning ei ole t\u00e4nu oma elegantsele disainile kohe m\u00f5nutekitajana \u00e4ratuntav. Hingetuks v\u00f5tva sisemise tehnika juures pole tehtud mingeid kompromisse, mist\u00f5ttu on Satisfyer Traveler t\u00f5eline seksuaalne elustiilitoode. Nii on seksuaalne heaolu sulle kindlustatud igas maailma nurgas, kuhu sattuda v\u00f5id.[\/vc_column_text][\/vc_column][\/vc_row]<\/p>\n<\/div>","protected":false},"excerpt":{"rendered":"<p>Nagu tema suuremad vennad Satisfyer Pro 2 ja Satisfyer Penguin, kingib ka see survelainevibraator erutavaid orgasme \u2013 lihtsalt praktilisemal kujul, mis sobib reisile. Olgu \u00e4rireisil, puhkusel v\u00f5i teise linna k\u00fclastamisel, Satisfyer Traveler sobib igasse pagasisse ning ei ole t\u00e4nu oma elegantsele disainile kohe m\u00f5nutekitajana \u00e4ratuntav. Hingetuks v\u00f5tva sisemise tehnika juures pole tehtud mingeid kompromisse, mist\u00f5ttu on Satisfyer Traveler t\u00f5eline seksuaalne elustiilitoode. Nii on seksuaalne heaolu sulle kindlustatud igas maailma nurgas, kuhu sattuda v\u00f5id.<\/p>\n","protected":false},"featured_media":50187,"template":"","meta":[],"product_brand":[4238],"product_cat":[3982,1484,1488],"product_tag":[3842,3652,3653],"class_list":{"0":"post-50234","1":"product","2":"type-product","3":"status-publish","4":"has-post-thumbnail","6":"product_brand-satisfyer-et","7":"product_cat-ohksurve-simulaator","8":"product_cat-sekslelud","9":"product_cat-vibraatorid","10":"product_tag-imemis","11":"product_tag-satisfier-et","12":"product_tag-satisfyer-et","13":"pa_brand-satisfyer-et","15":"first","16":"instock","17":"taxable","18":"shipping-taxable","19":"purchasable","20":"product-type-simple"},"yoast_head":"<!-- This site is optimized with the Yoast SEO plugin v27.3 - https:\/\/yoast.com\/product\/yoast-seo-wordpress\/ -->\n<title>Pro Traveler \u00d5hkstimulaator | Lust and Love<\/title>\n<meta name=\"robots\" content=\"index,follow,max-snippet:-1,max-image-preview:large,max-video-preview:-1\" \/>\n<link rel=\"canonical\" href=\"https:\/\/lustandlove.eu\/et\/toode\/satisfyer-pro-traveler\/\" \/>\n<meta name=\"twitter:card\" content=\"summary_large_image\" \/>\n<meta name=\"twitter:title\" content=\"Pro Traveler \u00d5hkstimulaator | Lust and Love\" \/>\n<meta name=\"twitter:description\" content=\"Nagu tema suuremad vennad Satisfyer Pro 2 ja Satisfyer Penguin, kingib ka see survelainevibraator erutavaid orgasme \u2013 lihtsalt praktilisemal kujul, mis sobib reisile. Olgu \u00e4rireisil, puhkusel v\u00f5i teise linna k\u00fclastamisel, Satisfyer Traveler sobib igasse pagasisse ning ei ole t\u00e4nu oma elegantsele disainile kohe m\u00f5nutekitajana \u00e4ratuntav. Hingetuks v\u00f5tva sisemise tehnika juures pole tehtud mingeid kompromisse, mist\u00f5ttu on Satisfyer Traveler t\u00f5eline seksuaalne elustiilitoode. Nii on seksuaalne heaolu sulle kindlustatud igas maailma nurgas, kuhu sattuda v\u00f5id.\" \/>\n<meta name=\"twitter:image\" content=\"https:\/\/lustandlove.eu\/wp-content\/uploads\/E27976_mid.jpg\" \/>\n<meta name=\"twitter:label1\" content=\"Est. reading time\" \/>\n\t<meta name=\"twitter:data1\" content=\"1 minut\" \/>\n<script type=\"application\/ld+json\" class=\"yoast-schema-graph\">{\"@context\":\"https:\\\/\\\/schema.org\",\"@graph\":[{\"@type\":[\"WebPage\",\"ItemPage\"],\"@id\":\"https:\\\/\\\/lustandlove.eu\\\/et\\\/toode\\\/satisfyer-pro-traveler\\\/\",\"url\":\"https:\\\/\\\/lustandlove.eu\\\/et\\\/toode\\\/satisfyer-pro-traveler\\\/\",\"name\":\"Pro Traveler \u00d5hkstimulaator | Lust and Love\",\"isPartOf\":{\"@id\":\"https:\\\/\\\/lustandlove.eu\\\/et\\\/#website\"},\"primaryImageOfPage\":{\"@id\":\"https:\\\/\\\/lustandlove.eu\\\/et\\\/toode\\\/satisfyer-pro-traveler\\\/#primaryimage\"},\"image\":{\"@id\":\"https:\\\/\\\/lustandlove.eu\\\/et\\\/toode\\\/satisfyer-pro-traveler\\\/#primaryimage\"},\"thumbnailUrl\":\"https:\\\/\\\/lustandlove.eu\\\/wp-content\\\/uploads\\\/E27976_mid.jpg\",\"datePublished\":\"2021-10-21T09:53:50+00:00\",\"dateModified\":\"2026-04-13T07:36:43+00:00\",\"breadcrumb\":{\"@id\":\"https:\\\/\\\/lustandlove.eu\\\/et\\\/toode\\\/satisfyer-pro-traveler\\\/#breadcrumb\"},\"inLanguage\":\"et\",\"potentialAction\":[{\"@type\":\"ReadAction\",\"target\":[\"https:\\\/\\\/lustandlove.eu\\\/et\\\/toode\\\/satisfyer-pro-traveler\\\/\"]}]},{\"@type\":\"ImageObject\",\"inLanguage\":\"et\",\"@id\":\"https:\\\/\\\/lustandlove.eu\\\/et\\\/toode\\\/satisfyer-pro-traveler\\\/#primaryimage\",\"url\":\"https:\\\/\\\/lustandlove.eu\\\/wp-content\\\/uploads\\\/E27976_mid.jpg\",\"contentUrl\":\"https:\\\/\\\/lustandlove.eu\\\/wp-content\\\/uploads\\\/E27976_mid.jpg\",\"width\":350,\"height\":350,\"caption\":\"Satisfyer - Pro Traveler\"},{\"@type\":\"BreadcrumbList\",\"@id\":\"https:\\\/\\\/lustandlove.eu\\\/et\\\/toode\\\/satisfyer-pro-traveler\\\/#breadcrumb\",\"itemListElement\":[{\"@type\":\"ListItem\",\"position\":1,\"name\":\"Lust and Love\",\"item\":\"https:\\\/\\\/lustandlove.eu\\\/et\\\/\"},{\"@type\":\"ListItem\",\"position\":2,\"name\":\"Pood\",\"item\":\"https:\\\/\\\/lustandlove.eu\\\/et\\\/pood\\\/\"},{\"@type\":\"ListItem\",\"position\":3,\"name\":\"Sekslelud\",\"item\":\"https:\\\/\\\/lustandlove.eu\\\/et\\\/pood\\\/sekslelud\\\/\"},{\"@type\":\"ListItem\",\"position\":4,\"name\":\"Pro Traveler \u00d5hkstimulaator\"}]},{\"@type\":\"WebSite\",\"@id\":\"https:\\\/\\\/lustandlove.eu\\\/et\\\/#website\",\"url\":\"https:\\\/\\\/lustandlove.eu\\\/et\\\/\",\"name\":\"Lust &amp; Love\",\"description\":\"Online erootikapood tervise, ilu ja armastuse jaoks\",\"publisher\":{\"@id\":\"https:\\\/\\\/lustandlove.eu\\\/et\\\/#organization\"},\"potentialAction\":[{\"@type\":\"SearchAction\",\"target\":{\"@type\":\"EntryPoint\",\"urlTemplate\":\"https:\\\/\\\/lustandlove.eu\\\/et\\\/?s={search_term_string}\"},\"query-input\":{\"@type\":\"PropertyValueSpecification\",\"valueRequired\":true,\"valueName\":\"search_term_string\"}}],\"inLanguage\":\"et\"},{\"@type\":\"Organization\",\"@id\":\"https:\\\/\\\/lustandlove.eu\\\/et\\\/#organization\",\"name\":\"Bioconcept Baltics O\u00dc\",\"url\":\"https:\\\/\\\/lustandlove.eu\\\/et\\\/\",\"logo\":{\"@type\":\"ImageObject\",\"inLanguage\":\"et\",\"@id\":\"https:\\\/\\\/lustandlove.eu\\\/et\\\/#\\\/schema\\\/logo\\\/image\\\/\",\"url\":\"\",\"contentUrl\":\"\",\"caption\":\"Bioconcept Baltics O\u00dc\"},\"image\":{\"@id\":\"https:\\\/\\\/lustandlove.eu\\\/et\\\/#\\\/schema\\\/logo\\\/image\\\/\"},\"sameAs\":[\"https:\\\/\\\/www.facebook.com\\\/LustandLoveEU\\\/\",\"https:\\\/\\\/www.instagram.com\\\/lustandloveeu\\\/\"]}]}<\/script>\n<!-- \/ Yoast SEO plugin. -->","yoast_head_json":{"title":"Pro Traveler \u00d5hkstimulaator | Lust and Love","robots":{"index,follow,max-snippet":"index,follow,max-snippet:-1,max-image-preview:large,max-video-preview:-1"},"canonical":"https:\/\/lustandlove.eu\/et\/toode\/satisfyer-pro-traveler\/","twitter_card":"summary_large_image","twitter_title":"Pro Traveler \u00d5hkstimulaator | Lust and Love","twitter_description":"Nagu tema suuremad vennad Satisfyer Pro 2 ja Satisfyer Penguin, kingib ka see survelainevibraator erutavaid orgasme \u2013 lihtsalt praktilisemal kujul, mis sobib reisile. Olgu \u00e4rireisil, puhkusel v\u00f5i teise linna k\u00fclastamisel, Satisfyer Traveler sobib igasse pagasisse ning ei ole t\u00e4nu oma elegantsele disainile kohe m\u00f5nutekitajana \u00e4ratuntav. Hingetuks v\u00f5tva sisemise tehnika juures pole tehtud mingeid kompromisse, mist\u00f5ttu on Satisfyer Traveler t\u00f5eline seksuaalne elustiilitoode. Nii on seksuaalne heaolu sulle kindlustatud igas maailma nurgas, kuhu sattuda v\u00f5id.","twitter_image":"https:\/\/lustandlove.eu\/wp-content\/uploads\/E27976_mid.jpg","twitter_misc":{"Est. reading time":"1 minut"},"schema":{"@context":"https:\/\/schema.org","@graph":[{"@type":["WebPage","ItemPage"],"@id":"https:\/\/lustandlove.eu\/et\/toode\/satisfyer-pro-traveler\/","url":"https:\/\/lustandlove.eu\/et\/toode\/satisfyer-pro-traveler\/","name":"Pro Traveler \u00d5hkstimulaator | Lust and Love","isPartOf":{"@id":"https:\/\/lustandlove.eu\/et\/#website"},"primaryImageOfPage":{"@id":"https:\/\/lustandlove.eu\/et\/toode\/satisfyer-pro-traveler\/#primaryimage"},"image":{"@id":"https:\/\/lustandlove.eu\/et\/toode\/satisfyer-pro-traveler\/#primaryimage"},"thumbnailUrl":"https:\/\/lustandlove.eu\/wp-content\/uploads\/E27976_mid.jpg","datePublished":"2021-10-21T09:53:50+00:00","dateModified":"2026-04-13T07:36:43+00:00","breadcrumb":{"@id":"https:\/\/lustandlove.eu\/et\/toode\/satisfyer-pro-traveler\/#breadcrumb"},"inLanguage":"et","potentialAction":[{"@type":"ReadAction","target":["https:\/\/lustandlove.eu\/et\/toode\/satisfyer-pro-traveler\/"]}]},{"@type":"ImageObject","inLanguage":"et","@id":"https:\/\/lustandlove.eu\/et\/toode\/satisfyer-pro-traveler\/#primaryimage","url":"https:\/\/lustandlove.eu\/wp-content\/uploads\/E27976_mid.jpg","contentUrl":"https:\/\/lustandlove.eu\/wp-content\/uploads\/E27976_mid.jpg","width":350,"height":350,"caption":"Satisfyer - Pro Traveler"},{"@type":"BreadcrumbList","@id":"https:\/\/lustandlove.eu\/et\/toode\/satisfyer-pro-traveler\/#breadcrumb","itemListElement":[{"@type":"ListItem","position":1,"name":"Lust and Love","item":"https:\/\/lustandlove.eu\/et\/"},{"@type":"ListItem","position":2,"name":"Pood","item":"https:\/\/lustandlove.eu\/et\/pood\/"},{"@type":"ListItem","position":3,"name":"Sekslelud","item":"https:\/\/lustandlove.eu\/et\/pood\/sekslelud\/"},{"@type":"ListItem","position":4,"name":"Pro Traveler \u00d5hkstimulaator"}]},{"@type":"WebSite","@id":"https:\/\/lustandlove.eu\/et\/#website","url":"https:\/\/lustandlove.eu\/et\/","name":"Lust &amp; Love","description":"Online erootikapood tervise, ilu ja armastuse jaoks","publisher":{"@id":"https:\/\/lustandlove.eu\/et\/#organization"},"potentialAction":[{"@type":"SearchAction","target":{"@type":"EntryPoint","urlTemplate":"https:\/\/lustandlove.eu\/et\/?s={search_term_string}"},"query-input":{"@type":"PropertyValueSpecification","valueRequired":true,"valueName":"search_term_string"}}],"inLanguage":"et"},{"@type":"Organization","@id":"https:\/\/lustandlove.eu\/et\/#organization","name":"Bioconcept Baltics O\u00dc","url":"https:\/\/lustandlove.eu\/et\/","logo":{"@type":"ImageObject","inLanguage":"et","@id":"https:\/\/lustandlove.eu\/et\/#\/schema\/logo\/image\/","url":"","contentUrl":"","caption":"Bioconcept Baltics O\u00dc"},"image":{"@id":"https:\/\/lustandlove.eu\/et\/#\/schema\/logo\/image\/"},"sameAs":["https:\/\/www.facebook.com\/LustandLoveEU\/","https:\/\/www.instagram.com\/lustandloveeu\/"]}]}},"_links":{"self":[{"href":"https:\/\/lustandlove.eu\/et\/wp-json\/wp\/v2\/product\/50234","targetHints":{"allow":["GET"]}}],"collection":[{"href":"https:\/\/lustandlove.eu\/et\/wp-json\/wp\/v2\/product"}],"about":[{"href":"https:\/\/lustandlove.eu\/et\/wp-json\/wp\/v2\/types\/product"}],"wp:featuredmedia":[{"embeddable":true,"href":"https:\/\/lustandlove.eu\/et\/wp-json\/wp\/v2\/media\/50187"}],"wp:attachment":[{"href":"https:\/\/lustandlove.eu\/et\/wp-json\/wp\/v2\/media?parent=50234"}],"wp:term":[{"taxonomy":"product_brand","embeddable":true,"href":"https:\/\/lustandlove.eu\/et\/wp-json\/wp\/v2\/product_brand?post=50234"},{"taxonomy":"product_cat","embeddable":true,"href":"https:\/\/lustandlove.eu\/et\/wp-json\/wp\/v2\/product_cat?post=50234"},{"taxonomy":"product_tag","embeddable":true,"href":"https:\/\/lustandlove.eu\/et\/wp-json\/wp\/v2\/product_tag?post=50234"}],"curies":[{"name":"wp","href":"https:\/\/api.w.org\/{rel}","templated":true}]}}