{"id":50239,"date":"2021-10-20T13:59:27","date_gmt":"2021-10-20T10:59:27","guid":{"rendered":"https:\/\/www.lustandlove.eu\/product\/la-gemmes-yoni-egg-set\/"},"modified":"2025-08-19T15:40:21","modified_gmt":"2025-08-19T12:40:21","slug":"la-gemmes-yoni-egg-set","status":"publish","type":"product","link":"https:\/\/lustandlove.eu\/et\/toode\/la-gemmes-yoni-egg-set\/","title":{"rendered":"Yoni Munade Komplekt"},"content":{"rendered":"<div class=\"wpb-content-wrapper\"><p>[vc_row][vc_column][vc_column_text woodmart_inline=&#8221;no&#8221; text_larger=&#8221;no&#8221;]V\u00e4ljaspool kasutust saad selle kas riputada v\u00f5i hoiustada kaasasolevas kotikeses.<\/p>\n<p>Kalliskivid on teada tuntud oma tervendavate ning energeetiliste omaduste poolest, nii ka looduslikust materjalis Yoni kuulid. K\u00f5ik munad on valmistatud 100% naturaalsest materjalist ning on t\u00e4ielikult kemikaalivabad. Need on k\u00e4sitsi t\u00f6\u00f6deldud, seega iga kuul on pisut erineva kuju, suuruse ja v\u00e4rviga. V\u00e4ikesed ebat\u00e4iused teevadki nendest just need \u00f5iged ja t\u00e4iuslikud.<\/p>\n<p>NB! ole naturaalsest materjalist kuuli hoides ettevaatlik, kui see maha kukub, v\u00f5ib see puruneda v\u00f5i sellesse tekkida praod.<\/p>\n<h3><strong>Mis on Yoni kuul?<\/strong><\/h3>\n<p>Yoni kuul on 100% valmistatud looduslikust kalliskivist ning on orienteeruvalt kanamuna suurune. Kuuli kantakse oma vagiinas ning selle kandmine tugevdab vaagnap\u00f5hja lihaseid ja paredab verevoolu alak\u00f5hus.<\/p>\n<p>Tugevam vaagnap\u00f5hi v\u00f5imaldab pakkuda tunduvalt nauditavamat vahekorda ning intensiivsemaid orgasme. Lisaks annavad kuuli energeetilised omadused juurde kandja emotsionaalse pinge maandamisele. Kuuli kasutades saad taas parema kontakti oma sisemise naiselikkusega ja energiaga.<\/p>\n<p>Paranda oma sekselu, tugevda oma vaagnap\u00f5hja lihaseid ning leia taas ontakt oma naiseliku energiaga. Leevenda oma pms s\u00fcmptomeid\u00a0v\u00f5i ebasoovitavat uriinileket ning seda k\u00f5ike 100% loodusliku yoni kuuliga.<\/p>\n<p>Tugevdades oma sisemisi lihaseid enneted ka mitmeid t\u00fc\u00fctuid ja h\u00e4irivaid s\u00fcmptomeid nagu n\u00e4iteks uriini lekkimine, menstruaalprobleemid ja madal libiido.<\/p>\n<p><strong>Must obsidiaan<\/strong><br \/>\nObsidiaanil on v\u00f5imsad puhastusomadused ja see v\u00f5ib eemaldada negatiivse energia endast ja \u00fcmbritsevast. See v\u00f5imaldab ka neutraliseerida h\u00e4irivaid vibratsioone. Obsidiaan k\u00f5rvaldab ummistused, hirmud ja ennast piiravad m\u00f5tted. Kuna vabastamise ajal v\u00f5ivad tekkida tugevad emotsioonid, pole kivi m\u00f5eldud v\u00e4ga tundlikele inimestele. S\u00fcgavpuhastavate omaduste t\u00f5ttu on oluline kivi regulaarselt puhastada (eelistatavalt p\u00e4rast iga kasutuskorda). Kristallil on maandav toime ja see v\u00f5ib leevendada krampe.<br \/>\nMaandus, s\u00fcgavpuhastus, v\u00f5\u00f5rutus, valgustab vaimu.<\/p>\n<p><strong>Roosa kvarts<\/strong><br \/>\nRoosa kvarts on kergelt l\u00e4bipaistev ja roosa. See on universaalse armastuse ja s\u00fcdame kivi. Roosa kvarts aitab teil avada oma elus rohkem armastust, romantikat ja \u00f5nne. See toetab sind rohkem ennast armastama ja endale andestama. Kristall pehmendab s\u00fcdamevalu ja kurbust ning aitab rahustada negatiivseid emotsioone ja stressi. Roosa kvarts toetab kopse, s\u00fcdant, suguelundeid ja viljakust.<br \/>\nTingimusteta armastus, andestus, enesearmastus, soodustavad terveid suhteid.<\/p>\n<p><strong>Jade<\/strong><br \/>\nJade on rohelist v\u00e4rvi ja on kivi puhastamiseks ja kaitseks. Kristall suurendab rahulikkust ja tasakaalu. Jade resoneerib s\u00fcdamet\u0161akraga ja aitab vabastada negatiivseid emotsioone ning lahendada pingeid vaagnap\u00f5hjas. See on puhastav kivi, mis on kasulik neerudele ja neerupealistele, emakale, p\u00f5iele, viljakusele ja n\u00e4rvis\u00fcsteemile; jade eemaldab kehast toksiine. Kuna jade, yoni ja keha on tasakaalus, on see alustuseks hea v\u00e4\u00e4riskivi.<br \/>\nHarmoonia, \u00f5itseng, \u00f5nn, otsustavus, kaitse reiside ajal.[\/vc_column_text][\/vc_column][\/vc_row]<\/p>\n<\/div>","protected":false},"excerpt":{"rendered":"<p>Yoni kuul on kaunis mineraal, mida saad ehtena kanda oma kaelas, taskus nagu talismani v\u00f5i kanna endas ning treeni oma sisemisi lihaseid, et treenida oma vagiinat. Kuigi esialgselt on see disainitud treeningvahendiks, saad seda kasutada ka teisiti &#8211; t\u00e4nu oma materjalile, sobib see suurep\u00e4raselt kasutamiseks ka meditatsioonikivina.<\/p>\n","protected":false},"featured_media":50094,"template":"","meta":[],"product_cat":[1460,1487],"product_tag":[],"yoast_head":"<!-- This site is optimized with the Yoast SEO plugin v22.9 - https:\/\/yoast.com\/wordpress\/plugins\/seo\/ -->\n<title>Yoni Munade Komplekt | Lust and Love<\/title>\n<meta name=\"robots\" content=\"index,follow,max-snippet:-1,max-image-preview:large,max-video-preview:-1\" \/>\n<link rel=\"canonical\" href=\"https:\/\/lustandlove.eu\/et\/toode\/la-gemmes-yoni-egg-set\/\" \/>\n<meta name=\"twitter:card\" content=\"summary_large_image\" \/>\n<meta name=\"twitter:title\" content=\"Yoni Munade Komplekt | Lust and Love\" \/>\n<meta name=\"twitter:description\" content=\"Yoni kuul on kaunis mineraal, mida saad ehtena kanda oma kaelas, taskus nagu talismani v\u00f5i kanna endas ning treeni oma sisemisi lihaseid, et treenida oma vagiinat. Kuigi esialgselt on see disainitud treeningvahendiks, saad seda kasutada ka teisiti - t\u00e4nu oma materjalile, sobib see suurep\u00e4raselt kasutamiseks ka meditatsioonikivina.\" \/>\n<meta name=\"twitter:image\" content=\"https:\/\/lustandlove.eu\/wp-content\/uploads\/E29243.jpg\" \/>\n<meta name=\"twitter:label1\" content=\"Est. reading time\" \/>\n\t<meta name=\"twitter:data1\" content=\"5 minutit\" \/>\n<script type=\"application\/ld+json\" class=\"yoast-schema-graph\">{\"@context\":\"https:\/\/schema.org\",\"@graph\":[{\"@type\":[\"WebPage\",\"ItemPage\"],\"@id\":\"https:\/\/lustandlove.eu\/et\/toode\/la-gemmes-yoni-egg-set\/\",\"url\":\"https:\/\/lustandlove.eu\/et\/toode\/la-gemmes-yoni-egg-set\/\",\"name\":\"Yoni Munade Komplekt | Lust and Love\",\"isPartOf\":{\"@id\":\"https:\/\/lustandlove.eu\/et\/#website\"},\"primaryImageOfPage\":{\"@id\":\"https:\/\/lustandlove.eu\/et\/toode\/la-gemmes-yoni-egg-set\/#primaryimage\"},\"image\":{\"@id\":\"https:\/\/lustandlove.eu\/et\/toode\/la-gemmes-yoni-egg-set\/#primaryimage\"},\"thumbnailUrl\":\"https:\/\/lustandlove.eu\/wp-content\/uploads\/E29243.jpg\",\"datePublished\":\"2021-10-20T10:59:27+00:00\",\"dateModified\":\"2025-08-19T12:40:21+00:00\",\"breadcrumb\":{\"@id\":\"https:\/\/lustandlove.eu\/et\/toode\/la-gemmes-yoni-egg-set\/#breadcrumb\"},\"inLanguage\":\"et\",\"potentialAction\":[{\"@type\":\"ReadAction\",\"target\":[\"https:\/\/lustandlove.eu\/et\/toode\/la-gemmes-yoni-egg-set\/\"]}]},{\"@type\":\"ImageObject\",\"inLanguage\":\"et\",\"@id\":\"https:\/\/lustandlove.eu\/et\/toode\/la-gemmes-yoni-egg-set\/#primaryimage\",\"url\":\"https:\/\/lustandlove.eu\/wp-content\/uploads\/E29243.jpg\",\"contentUrl\":\"https:\/\/lustandlove.eu\/wp-content\/uploads\/E29243.jpg\",\"width\":590,\"height\":590,\"caption\":\"La Gemmes - Yoni Egg Set\"},{\"@type\":\"BreadcrumbList\",\"@id\":\"https:\/\/lustandlove.eu\/et\/toode\/la-gemmes-yoni-egg-set\/#breadcrumb\",\"itemListElement\":[{\"@type\":\"ListItem\",\"position\":1,\"name\":\"Lust and Love\",\"item\":\"https:\/\/lustandlove.eu\/et\/\"},{\"@type\":\"ListItem\",\"position\":2,\"name\":\"Pood\",\"item\":\"https:\/\/lustandlove.eu\/et\/pood\/\"},{\"@type\":\"ListItem\",\"position\":3,\"name\":\"Libestid ja kehahooldus\",\"item\":\"https:\/\/lustandlove.eu\/et\/pood\/apteek\/\"},{\"@type\":\"ListItem\",\"position\":4,\"name\":\"Tupekuulid\",\"item\":\"https:\/\/lustandlove.eu\/et\/pood\/apteek\/tupekuulid\/\"},{\"@type\":\"ListItem\",\"position\":5,\"name\":\"Yoni Munade Komplekt\"}]},{\"@type\":\"WebSite\",\"@id\":\"https:\/\/lustandlove.eu\/et\/#website\",\"url\":\"https:\/\/lustandlove.eu\/et\/\",\"name\":\"Lust &amp; Love\",\"description\":\"Online erootikapood tervise, ilu ja armastuse jaoks\",\"publisher\":{\"@id\":\"https:\/\/lustandlove.eu\/et\/#organization\"},\"potentialAction\":[{\"@type\":\"SearchAction\",\"target\":{\"@type\":\"EntryPoint\",\"urlTemplate\":\"https:\/\/lustandlove.eu\/et\/?s={search_term_string}\"},\"query-input\":\"required name=search_term_string\"}],\"inLanguage\":\"et\"},{\"@type\":\"Organization\",\"@id\":\"https:\/\/lustandlove.eu\/et\/#organization\",\"name\":\"Bioconcept Baltics O\u00dc\",\"url\":\"https:\/\/lustandlove.eu\/et\/\",\"logo\":{\"@type\":\"ImageObject\",\"inLanguage\":\"et\",\"@id\":\"https:\/\/lustandlove.eu\/et\/#\/schema\/logo\/image\/\",\"url\":\"\",\"contentUrl\":\"\",\"caption\":\"Bioconcept Baltics O\u00dc\"},\"image\":{\"@id\":\"https:\/\/lustandlove.eu\/et\/#\/schema\/logo\/image\/\"},\"sameAs\":[\"https:\/\/www.facebook.com\/LustandLoveEU\/\",\"https:\/\/www.instagram.com\/lustandloveeu\/\"]}]}<\/script>\n<!-- \/ Yoast SEO plugin. -->","yoast_head_json":{"title":"Yoni Munade Komplekt | Lust and Love","robots":{"index,follow,max-snippet":"index,follow,max-snippet:-1,max-image-preview:large,max-video-preview:-1"},"canonical":"https:\/\/lustandlove.eu\/et\/toode\/la-gemmes-yoni-egg-set\/","twitter_card":"summary_large_image","twitter_title":"Yoni Munade Komplekt | Lust and Love","twitter_description":"Yoni kuul on kaunis mineraal, mida saad ehtena kanda oma kaelas, taskus nagu talismani v\u00f5i kanna endas ning treeni oma sisemisi lihaseid, et treenida oma vagiinat. Kuigi esialgselt on see disainitud treeningvahendiks, saad seda kasutada ka teisiti - t\u00e4nu oma materjalile, sobib see suurep\u00e4raselt kasutamiseks ka meditatsioonikivina.","twitter_image":"https:\/\/lustandlove.eu\/wp-content\/uploads\/E29243.jpg","twitter_misc":{"Est. reading time":"5 minutit"},"schema":{"@context":"https:\/\/schema.org","@graph":[{"@type":["WebPage","ItemPage"],"@id":"https:\/\/lustandlove.eu\/et\/toode\/la-gemmes-yoni-egg-set\/","url":"https:\/\/lustandlove.eu\/et\/toode\/la-gemmes-yoni-egg-set\/","name":"Yoni Munade Komplekt | Lust and Love","isPartOf":{"@id":"https:\/\/lustandlove.eu\/et\/#website"},"primaryImageOfPage":{"@id":"https:\/\/lustandlove.eu\/et\/toode\/la-gemmes-yoni-egg-set\/#primaryimage"},"image":{"@id":"https:\/\/lustandlove.eu\/et\/toode\/la-gemmes-yoni-egg-set\/#primaryimage"},"thumbnailUrl":"https:\/\/lustandlove.eu\/wp-content\/uploads\/E29243.jpg","datePublished":"2021-10-20T10:59:27+00:00","dateModified":"2025-08-19T12:40:21+00:00","breadcrumb":{"@id":"https:\/\/lustandlove.eu\/et\/toode\/la-gemmes-yoni-egg-set\/#breadcrumb"},"inLanguage":"et","potentialAction":[{"@type":"ReadAction","target":["https:\/\/lustandlove.eu\/et\/toode\/la-gemmes-yoni-egg-set\/"]}]},{"@type":"ImageObject","inLanguage":"et","@id":"https:\/\/lustandlove.eu\/et\/toode\/la-gemmes-yoni-egg-set\/#primaryimage","url":"https:\/\/lustandlove.eu\/wp-content\/uploads\/E29243.jpg","contentUrl":"https:\/\/lustandlove.eu\/wp-content\/uploads\/E29243.jpg","width":590,"height":590,"caption":"La Gemmes - Yoni Egg Set"},{"@type":"BreadcrumbList","@id":"https:\/\/lustandlove.eu\/et\/toode\/la-gemmes-yoni-egg-set\/#breadcrumb","itemListElement":[{"@type":"ListItem","position":1,"name":"Lust and Love","item":"https:\/\/lustandlove.eu\/et\/"},{"@type":"ListItem","position":2,"name":"Pood","item":"https:\/\/lustandlove.eu\/et\/pood\/"},{"@type":"ListItem","position":3,"name":"Libestid ja kehahooldus","item":"https:\/\/lustandlove.eu\/et\/pood\/apteek\/"},{"@type":"ListItem","position":4,"name":"Tupekuulid","item":"https:\/\/lustandlove.eu\/et\/pood\/apteek\/tupekuulid\/"},{"@type":"ListItem","position":5,"name":"Yoni Munade Komplekt"}]},{"@type":"WebSite","@id":"https:\/\/lustandlove.eu\/et\/#website","url":"https:\/\/lustandlove.eu\/et\/","name":"Lust &amp; Love","description":"Online erootikapood tervise, ilu ja armastuse jaoks","publisher":{"@id":"https:\/\/lustandlove.eu\/et\/#organization"},"potentialAction":[{"@type":"SearchAction","target":{"@type":"EntryPoint","urlTemplate":"https:\/\/lustandlove.eu\/et\/?s={search_term_string}"},"query-input":"required name=search_term_string"}],"inLanguage":"et"},{"@type":"Organization","@id":"https:\/\/lustandlove.eu\/et\/#organization","name":"Bioconcept Baltics O\u00dc","url":"https:\/\/lustandlove.eu\/et\/","logo":{"@type":"ImageObject","inLanguage":"et","@id":"https:\/\/lustandlove.eu\/et\/#\/schema\/logo\/image\/","url":"","contentUrl":"","caption":"Bioconcept Baltics O\u00dc"},"image":{"@id":"https:\/\/lustandlove.eu\/et\/#\/schema\/logo\/image\/"},"sameAs":["https:\/\/www.facebook.com\/LustandLoveEU\/","https:\/\/www.instagram.com\/lustandloveeu\/"]}]}},"_links":{"self":[{"href":"https:\/\/lustandlove.eu\/et\/wp-json\/wp\/v2\/product\/50239"}],"collection":[{"href":"https:\/\/lustandlove.eu\/et\/wp-json\/wp\/v2\/product"}],"about":[{"href":"https:\/\/lustandlove.eu\/et\/wp-json\/wp\/v2\/types\/product"}],"wp:featuredmedia":[{"embeddable":true,"href":"https:\/\/lustandlove.eu\/et\/wp-json\/wp\/v2\/media\/50094"}],"wp:attachment":[{"href":"https:\/\/lustandlove.eu\/et\/wp-json\/wp\/v2\/media?parent=50239"}],"wp:term":[{"taxonomy":"product_cat","embeddable":true,"href":"https:\/\/lustandlove.eu\/et\/wp-json\/wp\/v2\/product_cat?post=50239"},{"taxonomy":"product_tag","embeddable":true,"href":"https:\/\/lustandlove.eu\/et\/wp-json\/wp\/v2\/product_tag?post=50239"}],"curies":[{"name":"wp","href":"https:\/\/api.w.org\/{rel}","templated":true}]}}