{"id":50247,"date":"2021-10-21T11:11:57","date_gmt":"2021-10-21T08:11:57","guid":{"rendered":"https:\/\/www.lustandlove.eu\/product\/la-gemmes-g-curve\/"},"modified":"2026-04-13T10:36:44","modified_gmt":"2026-04-13T07:36:44","slug":"la-gemmes-g-curve","status":"publish","type":"product","link":"https:\/\/lustandlove.eu\/et\/toode\/la-gemmes-g-curve\/","title":{"rendered":"G Curve Dildo"},"content":{"rendered":"<div class=\"wpb-content-wrapper\"><p>[vc_row][vc_column][vc_column_text woodmart_inline=&#8221;no&#8221; text_larger=&#8221;no&#8221;]<br \/>\nLa Gemmes G curve on valmistatud 100% v\u00e4\u00e4riskivist ja seda saab kasutada masturbatsiooni ajal g-punkti stimuleerimiseks. Enesem\u00f5nu ajal saate kogeda kristallide tervendavat ja pehmendavat energiat. (\u00c4rge kasutage g-curve anaalse naudingu jaoks; ohutuse huvides on ka teisi spetsiaalselt sobivaid m\u00e4nguasju).<\/p>\n<p>Kui saate iseendaga uuesti \u00fchendust ja avastate oma naiselikkuse, tunnete end enesekindlamalt ja mugavamalt.<br \/>\nKui soovite oma G -curve sisestamist h\u00f5lbustada, v\u00f5ite peale kanda v\u00e4ikese koguse (looduslikku) m\u00e4\u00e4rdeainet.<\/p>\n<p>V\u00e4\u00e4riskivid on tuntud oma tervendavate energeetiliste omaduste poolest ja igal kivil on oma energia, mis viib teid rohkem kontakti iseendaga. K\u00f5ik meie kivid on 100% looduslikud ning ei sisalda kahjulikke kemikaale, silikoone ega BPA -d. Need on emamaa kingitud ja k\u00e4sitsi valmistatud, nii et iga kivi on kuju, suuruse ja v\u00e4rvi poolest ainulaadne ning v\u00e4ikesed &#8220;puudused&#8221; muudavad kivid t\u00e4iuslikuks. Olge kristalli hoiustamisel ettevaatlik, kukkudes puruneb see.<\/p>\n<h3><strong>Kuidas valida oma v\u00e4\u00e4riskivi<\/strong><\/h3>\n<p>Sobiva kristalli saate valida oma sisetunde p\u00f5hjal &#8211; millise kivi juurde teid k\u00f5ige rohkem t\u00f5mbab. Te ei saa teha valet otsust; valitud kivi on sel hetkel sinu jaoks \u00f5ige kivi. Kui te pole kindel, millist v\u00e4\u00e4riskivi eelistate, saate teha valiku ka kivi energeetiliste omaduste p\u00f5hjal. V\u00f5ite avastada, et p\u00e4rast kivi kasutamist teatud aja jooksul tunnete, et eelistaksite teist kivi v\u00f5i soovite neid vaheldumisi vahetada. Usalda oma tundeid ja vali, mis sel hetkel \u00f5ige tundub.<\/p>\n<h3><strong>Amet\u00fcst<\/strong><\/h3>\n<p>Amet\u00fcst on l\u00e4bipaistev, v\u00e4rv on lilla kuni tumelilla. Kivi vabastab stressist ja aitab kehal vabaneda negatiivsusest ja negatiivsetest emotsioonidest. Amet\u00fcst stimuleerib \u00fclemist t\u0161akrat, v\u00f5imaldades sellel teie vaimset kasvu edendada. See v\u00f5ib anda teile \u00fclevaate teie halbadest harjumustest ja neist loobuda. Oma puhastavate omadustega v\u00f5ib amet\u00fcst leevendada peavalu ning v\u00e4hendada migreeni ja uneh\u00e4ireid.<br \/>\nPuhastav, kaitsev, puhastav, edendab vaimset kasvu.<\/p>\n<h3><strong>Roosa kvarts<\/strong><\/h3>\n<p>Roosa kvarts on kergelt l\u00e4bipaistev ja roosa. See on universaalse armastuse ja s\u00fcdame kivi. Roosa kvarts aitab teil avada oma elus rohkem armastust, romantikat ja \u00f5nne. See toetab sind rohkem ennast armastama ja endale andestama. Kristall pehmendab s\u00fcdamevalu ja kurbust ning aitab rahustada negatiivseid emotsioone ja stressi. Roosa kvarts toetab kopse, s\u00fcdant, suguelundeid ja viljakust.<br \/>\nTingimusteta armastus, andestus, enesearmastus soodustab terveid suhteid.<\/p>\n<p>Kuna kristallid on looduslikud tooted ja neid t\u00f6\u00f6deldakse k\u00e4sitsi, on iga kivi ainulaadne ning iga kivi v\u00e4rv ja suurus v\u00f5ivad erineda.<br \/>\nKristallidel on kivide toore olemuse t\u00f5ttu v\u00e4ikesed puudused. Olge kristalli hoiustamisel ettevaatlik, see v\u00f5ib kukkudes puruneda.<\/p>\n<p>On normaalne, et kalliskivi saab aja jooksul pragusid v\u00f5i isegi puruneb, sest kivi neelab energiat. Hoolitse kivi eest ja kontrollige enne kivi kasutamist alati eelnevalt, kas kivi on veel terve.[\/vc_column_text][\/vc_column][\/vc_row]<\/p>\n<\/div>","protected":false},"excerpt":{"rendered":"<p>La Gemmes G curve on valmistatud 100% v\u00e4\u00e4riskivist ja seda saab kasutada masturbatsiooni ajal g-punkti stimuleerimiseks. Enesem\u00f5nu ajal saate kogeda kristallide tervendavat ja pehmendavat energiat.<\/p>\n","protected":false},"featured_media":50136,"template":"","meta":[],"product_brand":[4219],"product_cat":[1485,4064,1484],"product_tag":[],"class_list":{"0":"post-50247","1":"product","2":"type-product","3":"status-publish","4":"has-post-thumbnail","6":"product_brand-la-gemmes-et","7":"product_cat-dildod","8":"product_cat-klaas-ja-metall","9":"product_cat-sekslelud","10":"pa_brand-la-gemmes-et","12":"first","13":"instock","14":"taxable","15":"shipping-taxable","16":"purchasable","17":"product-type-variable"},"yoast_head":"<!-- This site is optimized with the Yoast SEO plugin v27.3 - https:\/\/yoast.com\/product\/yoast-seo-wordpress\/ -->\n<title>G Curve Dildo | Lust and Love<\/title>\n<meta name=\"robots\" content=\"index,follow,max-snippet:-1,max-image-preview:large,max-video-preview:-1\" \/>\n<link rel=\"canonical\" href=\"https:\/\/lustandlove.eu\/et\/toode\/la-gemmes-g-curve\/\" \/>\n<meta name=\"twitter:card\" content=\"summary_large_image\" \/>\n<meta name=\"twitter:title\" content=\"G Curve Dildo | Lust and Love\" \/>\n<meta name=\"twitter:description\" content=\"La Gemmes G curve on valmistatud 100% v\u00e4\u00e4riskivist ja seda saab kasutada masturbatsiooni ajal g-punkti stimuleerimiseks. Enesem\u00f5nu ajal saate kogeda kristallide tervendavat ja pehmendavat energiat.\" \/>\n<meta name=\"twitter:image\" content=\"https:\/\/lustandlove.eu\/wp-content\/uploads\/E29253_mid.jpg\" \/>\n<meta name=\"twitter:label1\" content=\"Est. reading time\" \/>\n\t<meta name=\"twitter:data1\" content=\"3 minutit\" \/>\n<script type=\"application\/ld+json\" class=\"yoast-schema-graph\">{\"@context\":\"https:\\\/\\\/schema.org\",\"@graph\":[{\"@type\":[\"WebPage\",\"ItemPage\"],\"@id\":\"https:\\\/\\\/lustandlove.eu\\\/et\\\/toode\\\/la-gemmes-g-curve\\\/\",\"url\":\"https:\\\/\\\/lustandlove.eu\\\/et\\\/toode\\\/la-gemmes-g-curve\\\/\",\"name\":\"G Curve Dildo | Lust and Love\",\"isPartOf\":{\"@id\":\"https:\\\/\\\/lustandlove.eu\\\/et\\\/#website\"},\"primaryImageOfPage\":{\"@id\":\"https:\\\/\\\/lustandlove.eu\\\/et\\\/toode\\\/la-gemmes-g-curve\\\/#primaryimage\"},\"image\":{\"@id\":\"https:\\\/\\\/lustandlove.eu\\\/et\\\/toode\\\/la-gemmes-g-curve\\\/#primaryimage\"},\"thumbnailUrl\":\"https:\\\/\\\/lustandlove.eu\\\/wp-content\\\/uploads\\\/E29253_mid.jpg\",\"datePublished\":\"2021-10-21T08:11:57+00:00\",\"dateModified\":\"2026-04-13T07:36:44+00:00\",\"breadcrumb\":{\"@id\":\"https:\\\/\\\/lustandlove.eu\\\/et\\\/toode\\\/la-gemmes-g-curve\\\/#breadcrumb\"},\"inLanguage\":\"et\",\"potentialAction\":[{\"@type\":\"ReadAction\",\"target\":[\"https:\\\/\\\/lustandlove.eu\\\/et\\\/toode\\\/la-gemmes-g-curve\\\/\"]}]},{\"@type\":\"ImageObject\",\"inLanguage\":\"et\",\"@id\":\"https:\\\/\\\/lustandlove.eu\\\/et\\\/toode\\\/la-gemmes-g-curve\\\/#primaryimage\",\"url\":\"https:\\\/\\\/lustandlove.eu\\\/wp-content\\\/uploads\\\/E29253_mid.jpg\",\"contentUrl\":\"https:\\\/\\\/lustandlove.eu\\\/wp-content\\\/uploads\\\/E29253_mid.jpg\",\"width\":350,\"height\":350,\"caption\":\"La Gemmes - G Curve\"},{\"@type\":\"BreadcrumbList\",\"@id\":\"https:\\\/\\\/lustandlove.eu\\\/et\\\/toode\\\/la-gemmes-g-curve\\\/#breadcrumb\",\"itemListElement\":[{\"@type\":\"ListItem\",\"position\":1,\"name\":\"Lust and Love\",\"item\":\"https:\\\/\\\/lustandlove.eu\\\/et\\\/\"},{\"@type\":\"ListItem\",\"position\":2,\"name\":\"Pood\",\"item\":\"https:\\\/\\\/lustandlove.eu\\\/et\\\/pood\\\/\"},{\"@type\":\"ListItem\",\"position\":3,\"name\":\"Sekslelud\",\"item\":\"https:\\\/\\\/lustandlove.eu\\\/et\\\/pood\\\/sekslelud\\\/\"},{\"@type\":\"ListItem\",\"position\":4,\"name\":\"G Curve Dildo\"}]},{\"@type\":\"WebSite\",\"@id\":\"https:\\\/\\\/lustandlove.eu\\\/et\\\/#website\",\"url\":\"https:\\\/\\\/lustandlove.eu\\\/et\\\/\",\"name\":\"Lust &amp; Love\",\"description\":\"Online erootikapood tervise, ilu ja armastuse jaoks\",\"publisher\":{\"@id\":\"https:\\\/\\\/lustandlove.eu\\\/et\\\/#organization\"},\"potentialAction\":[{\"@type\":\"SearchAction\",\"target\":{\"@type\":\"EntryPoint\",\"urlTemplate\":\"https:\\\/\\\/lustandlove.eu\\\/et\\\/?s={search_term_string}\"},\"query-input\":{\"@type\":\"PropertyValueSpecification\",\"valueRequired\":true,\"valueName\":\"search_term_string\"}}],\"inLanguage\":\"et\"},{\"@type\":\"Organization\",\"@id\":\"https:\\\/\\\/lustandlove.eu\\\/et\\\/#organization\",\"name\":\"Bioconcept Baltics O\u00dc\",\"url\":\"https:\\\/\\\/lustandlove.eu\\\/et\\\/\",\"logo\":{\"@type\":\"ImageObject\",\"inLanguage\":\"et\",\"@id\":\"https:\\\/\\\/lustandlove.eu\\\/et\\\/#\\\/schema\\\/logo\\\/image\\\/\",\"url\":\"\",\"contentUrl\":\"\",\"caption\":\"Bioconcept Baltics O\u00dc\"},\"image\":{\"@id\":\"https:\\\/\\\/lustandlove.eu\\\/et\\\/#\\\/schema\\\/logo\\\/image\\\/\"},\"sameAs\":[\"https:\\\/\\\/www.facebook.com\\\/LustandLoveEU\\\/\",\"https:\\\/\\\/www.instagram.com\\\/lustandloveeu\\\/\"]}]}<\/script>\n<!-- \/ Yoast SEO plugin. -->","yoast_head_json":{"title":"G Curve Dildo | Lust and Love","robots":{"index,follow,max-snippet":"index,follow,max-snippet:-1,max-image-preview:large,max-video-preview:-1"},"canonical":"https:\/\/lustandlove.eu\/et\/toode\/la-gemmes-g-curve\/","twitter_card":"summary_large_image","twitter_title":"G Curve Dildo | Lust and Love","twitter_description":"La Gemmes G curve on valmistatud 100% v\u00e4\u00e4riskivist ja seda saab kasutada masturbatsiooni ajal g-punkti stimuleerimiseks. Enesem\u00f5nu ajal saate kogeda kristallide tervendavat ja pehmendavat energiat.","twitter_image":"https:\/\/lustandlove.eu\/wp-content\/uploads\/E29253_mid.jpg","twitter_misc":{"Est. reading time":"3 minutit"},"schema":{"@context":"https:\/\/schema.org","@graph":[{"@type":["WebPage","ItemPage"],"@id":"https:\/\/lustandlove.eu\/et\/toode\/la-gemmes-g-curve\/","url":"https:\/\/lustandlove.eu\/et\/toode\/la-gemmes-g-curve\/","name":"G Curve Dildo | Lust and Love","isPartOf":{"@id":"https:\/\/lustandlove.eu\/et\/#website"},"primaryImageOfPage":{"@id":"https:\/\/lustandlove.eu\/et\/toode\/la-gemmes-g-curve\/#primaryimage"},"image":{"@id":"https:\/\/lustandlove.eu\/et\/toode\/la-gemmes-g-curve\/#primaryimage"},"thumbnailUrl":"https:\/\/lustandlove.eu\/wp-content\/uploads\/E29253_mid.jpg","datePublished":"2021-10-21T08:11:57+00:00","dateModified":"2026-04-13T07:36:44+00:00","breadcrumb":{"@id":"https:\/\/lustandlove.eu\/et\/toode\/la-gemmes-g-curve\/#breadcrumb"},"inLanguage":"et","potentialAction":[{"@type":"ReadAction","target":["https:\/\/lustandlove.eu\/et\/toode\/la-gemmes-g-curve\/"]}]},{"@type":"ImageObject","inLanguage":"et","@id":"https:\/\/lustandlove.eu\/et\/toode\/la-gemmes-g-curve\/#primaryimage","url":"https:\/\/lustandlove.eu\/wp-content\/uploads\/E29253_mid.jpg","contentUrl":"https:\/\/lustandlove.eu\/wp-content\/uploads\/E29253_mid.jpg","width":350,"height":350,"caption":"La Gemmes - G Curve"},{"@type":"BreadcrumbList","@id":"https:\/\/lustandlove.eu\/et\/toode\/la-gemmes-g-curve\/#breadcrumb","itemListElement":[{"@type":"ListItem","position":1,"name":"Lust and Love","item":"https:\/\/lustandlove.eu\/et\/"},{"@type":"ListItem","position":2,"name":"Pood","item":"https:\/\/lustandlove.eu\/et\/pood\/"},{"@type":"ListItem","position":3,"name":"Sekslelud","item":"https:\/\/lustandlove.eu\/et\/pood\/sekslelud\/"},{"@type":"ListItem","position":4,"name":"G Curve Dildo"}]},{"@type":"WebSite","@id":"https:\/\/lustandlove.eu\/et\/#website","url":"https:\/\/lustandlove.eu\/et\/","name":"Lust &amp; Love","description":"Online erootikapood tervise, ilu ja armastuse jaoks","publisher":{"@id":"https:\/\/lustandlove.eu\/et\/#organization"},"potentialAction":[{"@type":"SearchAction","target":{"@type":"EntryPoint","urlTemplate":"https:\/\/lustandlove.eu\/et\/?s={search_term_string}"},"query-input":{"@type":"PropertyValueSpecification","valueRequired":true,"valueName":"search_term_string"}}],"inLanguage":"et"},{"@type":"Organization","@id":"https:\/\/lustandlove.eu\/et\/#organization","name":"Bioconcept Baltics O\u00dc","url":"https:\/\/lustandlove.eu\/et\/","logo":{"@type":"ImageObject","inLanguage":"et","@id":"https:\/\/lustandlove.eu\/et\/#\/schema\/logo\/image\/","url":"","contentUrl":"","caption":"Bioconcept Baltics O\u00dc"},"image":{"@id":"https:\/\/lustandlove.eu\/et\/#\/schema\/logo\/image\/"},"sameAs":["https:\/\/www.facebook.com\/LustandLoveEU\/","https:\/\/www.instagram.com\/lustandloveeu\/"]}]}},"_links":{"self":[{"href":"https:\/\/lustandlove.eu\/et\/wp-json\/wp\/v2\/product\/50247","targetHints":{"allow":["GET"]}}],"collection":[{"href":"https:\/\/lustandlove.eu\/et\/wp-json\/wp\/v2\/product"}],"about":[{"href":"https:\/\/lustandlove.eu\/et\/wp-json\/wp\/v2\/types\/product"}],"wp:featuredmedia":[{"embeddable":true,"href":"https:\/\/lustandlove.eu\/et\/wp-json\/wp\/v2\/media\/50136"}],"wp:attachment":[{"href":"https:\/\/lustandlove.eu\/et\/wp-json\/wp\/v2\/media?parent=50247"}],"wp:term":[{"taxonomy":"product_brand","embeddable":true,"href":"https:\/\/lustandlove.eu\/et\/wp-json\/wp\/v2\/product_brand?post=50247"},{"taxonomy":"product_cat","embeddable":true,"href":"https:\/\/lustandlove.eu\/et\/wp-json\/wp\/v2\/product_cat?post=50247"},{"taxonomy":"product_tag","embeddable":true,"href":"https:\/\/lustandlove.eu\/et\/wp-json\/wp\/v2\/product_tag?post=50247"}],"curies":[{"name":"wp","href":"https:\/\/api.w.org\/{rel}","templated":true}]}}