{"id":50602,"date":"2021-11-01T13:12:13","date_gmt":"2021-11-01T11:12:13","guid":{"rendered":"https:\/\/www.lustandlove.eu\/product\/zeep\/"},"modified":"2025-12-22T16:11:36","modified_gmt":"2025-12-22T14:11:36","slug":"zeep","status":"publish","type":"product","link":"https:\/\/lustandlove.eu\/et\/toode\/zeep\/","title":{"rendered":"Zeep unisex vibraator"},"content":{"rendered":"<p>Tutvuge Zeep-iga, algajatele sobiva vibraatoriga, mis sobib k\u00f5igile vaatamata nende soole v\u00f5i anatoomiale. Zeep on sensatsioonide m\u00e4nguv\u00e4ljak, mis v\u00f5ib olla nii \u00f5rn vibraator, mis on valmistatud eriti pehmest silikoonist ja sumiseb meeldivalt, kui ka naudingute j\u00f5ujaam, mille ribitud esiosa ja v\u00f5imsad vibratsiooniseaded on v\u00e4\u00e4rt, et neid j\u00e4rk-j\u00e4rgult avastada. Zeepi \u00f5huke disain muudab selle k\u00e4es hoidmise ja hoiustamise lihtsaks ning teeb selle ideaalseks partneriga m\u00e4ngimiseks, kuna see libiseb kergesti tihedalt \u00fcksteise vastu surutud kehadele, pakkudes lisam\u00f5nu. Zeep on suurep\u00e4rane esimene seksim\u00e4nguasi ja suurep\u00e4rane lisand igasse m\u00e4nguasjakasti.<\/p>\n<p>Zeep sobib k\u00f5ige paremini veep\u00f5hise libestiga, nagu <a href=\"https:\/\/lustandlove.eu\/et\/toode\/sutil-luxe\/\">Sutil Luxe<\/a>, et pakkuda tundide kaupa l\u00f5busust! Ta on ka veekindel, et saaksid neid kasutada du\u0161i all ja vannis, kaasates sind k\u00f5igisse oma seiklustesse. Sisemine vibreeriv kuul on eemaldatav, mist\u00f5ttu on silikoonist keha ohutu keeta v\u00f5i n\u00f5udepesumasinas pesta (aga eemalda k\u00f5igepealt k\u00f5ik elektroonilised osad!).<\/p>\n<p><strong>Omadused<\/strong><br \/>\n\u2013 5 kiirust ja 5 mustrit<br \/>\n\u2013 Tugevad vibratsioonid, mis m\u00fcrisevad, mitte suminavad<br \/>\n\u2013 Vaikne ja diskreetne disain<br \/>\n\u2013 Laetav<br \/>\n\u2013 Veekindel<\/p>\n<p><strong>Materjalid + hooldus<br \/>\n<\/strong>\u2013 100% silikoon<br \/>\n\u2013 Peske k\u00e4sitsi seebi ja veega<br \/>\n\u2013\u00a0<strong>Eemaldage elektroonika<\/strong>\u00a0ja keetke v\u00f5i pange n\u00f5udepesumasinasse p\u00f5hjalikuks puhastamiseks<\/p>\n<p><strong>Suurus<br \/>\n<\/strong>&#8211; M\u00f5\u00f5tmed: laius 2,54 cm x k\u00f5rgus 10,5 cm<\/p>\n","protected":false},"excerpt":{"rendered":"<p>Zeep on p\u00e4rit lopsakast ja vaheldusrikkast d\u017eunglimaailmast, nii et Zeep armastab iga keha mitmekesisust ja ainulaadsust. Kaval ja h\u00e4belik Zeep peidab end oma lehes, oodates, et sealt v\u00e4lja h\u00fcpata ja teid m\u00e4nguliselt \u00fcllatada oma vibratsiooni j\u00f5u ja laiaulatusliku naudinguga, mida oma uue s\u00f5braga jagada.<\/p>\n","protected":false},"featured_media":50558,"template":"","meta":[],"product_cat":[1484,1488,3979],"product_tag":[4103,4104],"yoast_head":"<!-- This site is optimized with the Yoast SEO plugin v22.9 - https:\/\/yoast.com\/wordpress\/plugins\/seo\/ -->\n<title>Zeep unisex vibraator | Lust and Love<\/title>\n<meta name=\"robots\" content=\"index,follow,max-snippet:-1,max-image-preview:large,max-video-preview:-1\" \/>\n<link rel=\"canonical\" href=\"https:\/\/lustandlove.eu\/et\/toode\/zeep\/\" \/>\n<meta name=\"twitter:card\" content=\"summary_large_image\" \/>\n<meta name=\"twitter:title\" content=\"Zeep unisex vibraator | Lust and Love\" \/>\n<meta name=\"twitter:description\" content=\"Zeep on p\u00e4rit lopsakast ja vaheldusrikkast d\u017eunglimaailmast, nii et Zeep armastab iga keha mitmekesisust ja ainulaadsust. Kaval ja h\u00e4belik Zeep peidab end oma lehes, oodates, et sealt v\u00e4lja h\u00fcpata ja teid m\u00e4nguliselt \u00fcllatada oma vibratsiooni j\u00f5u ja laiaulatusliku naudinguga, mida oma uue s\u00f5braga jagada.\" \/>\n<meta name=\"twitter:image\" content=\"https:\/\/lustandlove.eu\/wp-content\/uploads\/Zeep-Green-Transparent-Web.png\" \/>\n<meta name=\"twitter:label1\" content=\"Est. reading time\" \/>\n\t<meta name=\"twitter:data1\" content=\"2 minutit\" \/>\n<script type=\"application\/ld+json\" class=\"yoast-schema-graph\">{\"@context\":\"https:\/\/schema.org\",\"@graph\":[{\"@type\":[\"WebPage\",\"ItemPage\"],\"@id\":\"https:\/\/lustandlove.eu\/et\/toode\/zeep\/\",\"url\":\"https:\/\/lustandlove.eu\/et\/toode\/zeep\/\",\"name\":\"Zeep unisex vibraator | Lust and Love\",\"isPartOf\":{\"@id\":\"https:\/\/lustandlove.eu\/et\/#website\"},\"primaryImageOfPage\":{\"@id\":\"https:\/\/lustandlove.eu\/et\/toode\/zeep\/#primaryimage\"},\"image\":{\"@id\":\"https:\/\/lustandlove.eu\/et\/toode\/zeep\/#primaryimage\"},\"thumbnailUrl\":\"https:\/\/lustandlove.eu\/wp-content\/uploads\/Zeep-Green-Transparent-Web.png\",\"datePublished\":\"2021-11-01T11:12:13+00:00\",\"dateModified\":\"2025-12-22T14:11:36+00:00\",\"breadcrumb\":{\"@id\":\"https:\/\/lustandlove.eu\/et\/toode\/zeep\/#breadcrumb\"},\"inLanguage\":\"et\",\"potentialAction\":[{\"@type\":\"ReadAction\",\"target\":[\"https:\/\/lustandlove.eu\/et\/toode\/zeep\/\"]}]},{\"@type\":\"ImageObject\",\"inLanguage\":\"et\",\"@id\":\"https:\/\/lustandlove.eu\/et\/toode\/zeep\/#primaryimage\",\"url\":\"https:\/\/lustandlove.eu\/wp-content\/uploads\/Zeep-Green-Transparent-Web.png\",\"contentUrl\":\"https:\/\/lustandlove.eu\/wp-content\/uploads\/Zeep-Green-Transparent-Web.png\",\"width\":1000,\"height\":1000,\"caption\":\"Zeep\"},{\"@type\":\"BreadcrumbList\",\"@id\":\"https:\/\/lustandlove.eu\/et\/toode\/zeep\/#breadcrumb\",\"itemListElement\":[{\"@type\":\"ListItem\",\"position\":1,\"name\":\"Lust and Love\",\"item\":\"https:\/\/lustandlove.eu\/et\/\"},{\"@type\":\"ListItem\",\"position\":2,\"name\":\"Pood\",\"item\":\"https:\/\/lustandlove.eu\/et\/pood\/\"},{\"@type\":\"ListItem\",\"position\":3,\"name\":\"Sekslelud\",\"item\":\"https:\/\/lustandlove.eu\/et\/pood\/sekslelud\/\"},{\"@type\":\"ListItem\",\"position\":4,\"name\":\"Vibraatorid\",\"item\":\"https:\/\/lustandlove.eu\/et\/pood\/sekslelud\/vibraatorid\/\"},{\"@type\":\"ListItem\",\"position\":5,\"name\":\"V\u00e4lispidised\",\"item\":\"https:\/\/lustandlove.eu\/et\/pood\/sekslelud\/vibraatorid\/valispidised\/\"},{\"@type\":\"ListItem\",\"position\":6,\"name\":\"Zeep unisex vibraator\"}]},{\"@type\":\"WebSite\",\"@id\":\"https:\/\/lustandlove.eu\/et\/#website\",\"url\":\"https:\/\/lustandlove.eu\/et\/\",\"name\":\"Lust &amp; Love\",\"description\":\"Online erootikapood tervise, ilu ja armastuse jaoks\",\"publisher\":{\"@id\":\"https:\/\/lustandlove.eu\/et\/#organization\"},\"potentialAction\":[{\"@type\":\"SearchAction\",\"target\":{\"@type\":\"EntryPoint\",\"urlTemplate\":\"https:\/\/lustandlove.eu\/et\/?s={search_term_string}\"},\"query-input\":\"required name=search_term_string\"}],\"inLanguage\":\"et\"},{\"@type\":\"Organization\",\"@id\":\"https:\/\/lustandlove.eu\/et\/#organization\",\"name\":\"Bioconcept Baltics O\u00dc\",\"url\":\"https:\/\/lustandlove.eu\/et\/\",\"logo\":{\"@type\":\"ImageObject\",\"inLanguage\":\"et\",\"@id\":\"https:\/\/lustandlove.eu\/et\/#\/schema\/logo\/image\/\",\"url\":\"\",\"contentUrl\":\"\",\"caption\":\"Bioconcept Baltics O\u00dc\"},\"image\":{\"@id\":\"https:\/\/lustandlove.eu\/et\/#\/schema\/logo\/image\/\"},\"sameAs\":[\"https:\/\/www.facebook.com\/LustandLoveEU\/\",\"https:\/\/www.instagram.com\/lustandloveeu\/\"]}]}<\/script>\n<!-- \/ Yoast SEO plugin. -->","yoast_head_json":{"title":"Zeep unisex vibraator | Lust and Love","robots":{"index,follow,max-snippet":"index,follow,max-snippet:-1,max-image-preview:large,max-video-preview:-1"},"canonical":"https:\/\/lustandlove.eu\/et\/toode\/zeep\/","twitter_card":"summary_large_image","twitter_title":"Zeep unisex vibraator | Lust and Love","twitter_description":"Zeep on p\u00e4rit lopsakast ja vaheldusrikkast d\u017eunglimaailmast, nii et Zeep armastab iga keha mitmekesisust ja ainulaadsust. Kaval ja h\u00e4belik Zeep peidab end oma lehes, oodates, et sealt v\u00e4lja h\u00fcpata ja teid m\u00e4nguliselt \u00fcllatada oma vibratsiooni j\u00f5u ja laiaulatusliku naudinguga, mida oma uue s\u00f5braga jagada.","twitter_image":"https:\/\/lustandlove.eu\/wp-content\/uploads\/Zeep-Green-Transparent-Web.png","twitter_misc":{"Est. reading time":"2 minutit"},"schema":{"@context":"https:\/\/schema.org","@graph":[{"@type":["WebPage","ItemPage"],"@id":"https:\/\/lustandlove.eu\/et\/toode\/zeep\/","url":"https:\/\/lustandlove.eu\/et\/toode\/zeep\/","name":"Zeep unisex vibraator | Lust and Love","isPartOf":{"@id":"https:\/\/lustandlove.eu\/et\/#website"},"primaryImageOfPage":{"@id":"https:\/\/lustandlove.eu\/et\/toode\/zeep\/#primaryimage"},"image":{"@id":"https:\/\/lustandlove.eu\/et\/toode\/zeep\/#primaryimage"},"thumbnailUrl":"https:\/\/lustandlove.eu\/wp-content\/uploads\/Zeep-Green-Transparent-Web.png","datePublished":"2021-11-01T11:12:13+00:00","dateModified":"2025-12-22T14:11:36+00:00","breadcrumb":{"@id":"https:\/\/lustandlove.eu\/et\/toode\/zeep\/#breadcrumb"},"inLanguage":"et","potentialAction":[{"@type":"ReadAction","target":["https:\/\/lustandlove.eu\/et\/toode\/zeep\/"]}]},{"@type":"ImageObject","inLanguage":"et","@id":"https:\/\/lustandlove.eu\/et\/toode\/zeep\/#primaryimage","url":"https:\/\/lustandlove.eu\/wp-content\/uploads\/Zeep-Green-Transparent-Web.png","contentUrl":"https:\/\/lustandlove.eu\/wp-content\/uploads\/Zeep-Green-Transparent-Web.png","width":1000,"height":1000,"caption":"Zeep"},{"@type":"BreadcrumbList","@id":"https:\/\/lustandlove.eu\/et\/toode\/zeep\/#breadcrumb","itemListElement":[{"@type":"ListItem","position":1,"name":"Lust and Love","item":"https:\/\/lustandlove.eu\/et\/"},{"@type":"ListItem","position":2,"name":"Pood","item":"https:\/\/lustandlove.eu\/et\/pood\/"},{"@type":"ListItem","position":3,"name":"Sekslelud","item":"https:\/\/lustandlove.eu\/et\/pood\/sekslelud\/"},{"@type":"ListItem","position":4,"name":"Vibraatorid","item":"https:\/\/lustandlove.eu\/et\/pood\/sekslelud\/vibraatorid\/"},{"@type":"ListItem","position":5,"name":"V\u00e4lispidised","item":"https:\/\/lustandlove.eu\/et\/pood\/sekslelud\/vibraatorid\/valispidised\/"},{"@type":"ListItem","position":6,"name":"Zeep unisex vibraator"}]},{"@type":"WebSite","@id":"https:\/\/lustandlove.eu\/et\/#website","url":"https:\/\/lustandlove.eu\/et\/","name":"Lust &amp; Love","description":"Online erootikapood tervise, ilu ja armastuse jaoks","publisher":{"@id":"https:\/\/lustandlove.eu\/et\/#organization"},"potentialAction":[{"@type":"SearchAction","target":{"@type":"EntryPoint","urlTemplate":"https:\/\/lustandlove.eu\/et\/?s={search_term_string}"},"query-input":"required name=search_term_string"}],"inLanguage":"et"},{"@type":"Organization","@id":"https:\/\/lustandlove.eu\/et\/#organization","name":"Bioconcept Baltics O\u00dc","url":"https:\/\/lustandlove.eu\/et\/","logo":{"@type":"ImageObject","inLanguage":"et","@id":"https:\/\/lustandlove.eu\/et\/#\/schema\/logo\/image\/","url":"","contentUrl":"","caption":"Bioconcept Baltics O\u00dc"},"image":{"@id":"https:\/\/lustandlove.eu\/et\/#\/schema\/logo\/image\/"},"sameAs":["https:\/\/www.facebook.com\/LustandLoveEU\/","https:\/\/www.instagram.com\/lustandloveeu\/"]}]}},"_links":{"self":[{"href":"https:\/\/lustandlove.eu\/et\/wp-json\/wp\/v2\/product\/50602"}],"collection":[{"href":"https:\/\/lustandlove.eu\/et\/wp-json\/wp\/v2\/product"}],"about":[{"href":"https:\/\/lustandlove.eu\/et\/wp-json\/wp\/v2\/types\/product"}],"wp:featuredmedia":[{"embeddable":true,"href":"https:\/\/lustandlove.eu\/et\/wp-json\/wp\/v2\/media\/50558"}],"wp:attachment":[{"href":"https:\/\/lustandlove.eu\/et\/wp-json\/wp\/v2\/media?parent=50602"}],"wp:term":[{"taxonomy":"product_cat","embeddable":true,"href":"https:\/\/lustandlove.eu\/et\/wp-json\/wp\/v2\/product_cat?post=50602"},{"taxonomy":"product_tag","embeddable":true,"href":"https:\/\/lustandlove.eu\/et\/wp-json\/wp\/v2\/product_tag?post=50602"}],"curies":[{"name":"wp","href":"https:\/\/api.w.org\/{rel}","templated":true}]}}