{"id":50819,"date":"2021-11-23T10:58:47","date_gmt":"2021-11-23T08:58:47","guid":{"rendered":"https:\/\/www.lustandlove.eu\/product\/gegg\/"},"modified":"2026-04-13T10:36:42","modified_gmt":"2026-04-13T07:36:42","slug":"gegg","status":"publish","type":"product","link":"https:\/\/lustandlove.eu\/et\/toode\/gegg\/","title":{"rendered":"GEgg"},"content":{"rendered":"<div class=\"wpb-content-wrapper\"><p>[vc_row][vc_column][vc_column_text woodmart_inline=&#8221;no&#8221; text_larger=&#8221;no&#8221;]<br \/>\nGvibe gEgg on esmaklassiline TPE korduvkasutatav munamasturaator, mis on loodud peenisele naudingut pakkuma.<\/p>\n<p>GEgg on v\u00e4ljast pehme ja sile, kuid seest reljeefne ja tekstuuriga. 3D-servad tekitavad intensiivseid tundeid, masseerides pea ja peenise igat sentimeetrit. Preemium materjali suurenenud elastsus muudab selle muna kasutamise \u00fclimugavaks ja meeldivaks.<br \/>\nMasturbaator sobib ideaalselt soolom\u00e4nguks, auravaks eelm\u00e4nguks ja partneriga l\u00f5butsemiseks. Selle m\u00e4nguasjaga stimuleerimist saab kombineerida oraalseksi, handjob v\u00f5i hellitamisega. Masturbaatori ainulaadsed tekstuurid suurendavad tundlikkust, mis toob kaasa uued ebatavalised tundeid ja hiilgava haripunkti!<\/p>\n<p>GEgg sobib k\u00f5igile, kellel on peenis, kes otsib kompaktset ja uuenduslikku masturbaatorit. V\u00e4ike suurus v\u00f5imaldab teil Gegg k\u00f5ikjale kaasa v\u00f5tta ja kuju on t\u00e4iesti silmapaistmatu. Ideaalne kaasa v\u00f5tmiseks j\u00e4rgmisel v\u00e4ljas\u00f5idul. Keegi ei saa teada, kui te neile r\u00f5\u00f5must ei r\u00e4\u00e4gi.<br \/>\nSelle 100% TPE masturbaatoriga sobivad kokku veep\u00f5hised libestid. Eemaldage muna kilepakendist, loputage see korralikult ja valage libesti sisse. Proovige tekstuuriga k\u00fclge peenise pea \u00fcmber v\u00f5i keerake see dildol tagurpidi, et\u00a0 tekstuuri lisada. P\u00e4rast kasutamist loputage hoolikalt veega ja kasutage spetsiaalselt valmistatud m\u00e4nguasjade puhastusvahendit.<\/p>\n<p>Omadused:<br \/>\n\u2022 Kompaktne suurus<br \/>\n\u2022 Futuristlik disain 3D-\u00e4\u00e4rtega<br \/>\n\u2022 Suurenenud elastsusega esmaklassiline TPE<br \/>\n\u2022 T\u00e4iesti h\u00fcpoallergeenne TPE materjal<br \/>\n\u2022 Sobib nii \u00fcksi kui paarism\u00e4nguks<br \/>\n\u2022 Sobib mitmeks kasutuseks<br \/>\n[\/vc_column_text][\/vc_column][\/vc_row]<\/p>\n<\/div>","protected":false},"excerpt":{"rendered":"<p>[vc_row][vc_column][vc_column_text woodmart_inline=&#8221;no&#8221; text_larger=&#8221;no&#8221;] Gvibe gEgg on esmaklassiline TPE korduvkasutatav munamasturaator, mis on loodud peenisele naudingut pakkuma. GEgg on v\u00e4ljast pehme<\/p>\n","protected":false},"featured_media":50756,"template":"","meta":[],"product_brand":[4208],"product_cat":[4008,1480,1477],"product_tag":[],"class_list":{"0":"post-50819","1":"product","2":"type-product","3":"status-publish","4":"has-post-thumbnail","6":"product_brand-gvibe-et","7":"product_cat-manuaalsed","8":"product_cat-masturbaatorid","9":"product_cat-meestele","10":"pa_brand-gvibe-et","12":"first","13":"instock","14":"taxable","15":"shipping-taxable","16":"purchasable","17":"product-type-variable"},"yoast_head":"<!-- This site is optimized with the Yoast SEO plugin v27.3 - https:\/\/yoast.com\/product\/yoast-seo-wordpress\/ -->\n<title>GEgg | Lust and Love<\/title>\n<meta name=\"robots\" content=\"index,follow,max-snippet:-1,max-image-preview:large,max-video-preview:-1\" \/>\n<link rel=\"canonical\" href=\"https:\/\/lustandlove.eu\/et\/toode\/gegg\/\" \/>\n<meta name=\"twitter:card\" content=\"summary_large_image\" \/>\n<meta name=\"twitter:title\" content=\"GEgg | Lust and Love\" \/>\n<meta name=\"twitter:description\" content=\"[vc_row][vc_column][vc_column_text woodmart_inline=&#8221;no&#8221; text_larger=&#8221;no&#8221;] Gvibe gEgg on esmaklassiline TPE korduvkasutatav munamasturaator, mis on loodud peenisele naudingut pakkuma. GEgg on v\u00e4ljast pehme\" \/>\n<meta name=\"twitter:image\" content=\"https:\/\/lustandlove.eu\/wp-content\/uploads\/gvibe-gegg-528283_720x.jpg\" \/>\n<meta name=\"twitter:label1\" content=\"Est. reading time\" \/>\n\t<meta name=\"twitter:data1\" content=\"1 minut\" \/>\n<script type=\"application\/ld+json\" class=\"yoast-schema-graph\">{\"@context\":\"https:\\\/\\\/schema.org\",\"@graph\":[{\"@type\":[\"WebPage\",\"ItemPage\"],\"@id\":\"https:\\\/\\\/lustandlove.eu\\\/et\\\/toode\\\/gegg\\\/\",\"url\":\"https:\\\/\\\/lustandlove.eu\\\/et\\\/toode\\\/gegg\\\/\",\"name\":\"GEgg | Lust and Love\",\"isPartOf\":{\"@id\":\"https:\\\/\\\/lustandlove.eu\\\/et\\\/#website\"},\"primaryImageOfPage\":{\"@id\":\"https:\\\/\\\/lustandlove.eu\\\/et\\\/toode\\\/gegg\\\/#primaryimage\"},\"image\":{\"@id\":\"https:\\\/\\\/lustandlove.eu\\\/et\\\/toode\\\/gegg\\\/#primaryimage\"},\"thumbnailUrl\":\"https:\\\/\\\/lustandlove.eu\\\/wp-content\\\/uploads\\\/gvibe-gegg-528283_720x.jpg\",\"datePublished\":\"2021-11-23T08:58:47+00:00\",\"dateModified\":\"2026-04-13T07:36:42+00:00\",\"breadcrumb\":{\"@id\":\"https:\\\/\\\/lustandlove.eu\\\/et\\\/toode\\\/gegg\\\/#breadcrumb\"},\"inLanguage\":\"et\",\"potentialAction\":[{\"@type\":\"ReadAction\",\"target\":[\"https:\\\/\\\/lustandlove.eu\\\/et\\\/toode\\\/gegg\\\/\"]}]},{\"@type\":\"ImageObject\",\"inLanguage\":\"et\",\"@id\":\"https:\\\/\\\/lustandlove.eu\\\/et\\\/toode\\\/gegg\\\/#primaryimage\",\"url\":\"https:\\\/\\\/lustandlove.eu\\\/wp-content\\\/uploads\\\/gvibe-gegg-528283_720x.jpg\",\"contentUrl\":\"https:\\\/\\\/lustandlove.eu\\\/wp-content\\\/uploads\\\/gvibe-gegg-528283_720x.jpg\",\"width\":720,\"height\":960,\"caption\":\"GEgg\"},{\"@type\":\"BreadcrumbList\",\"@id\":\"https:\\\/\\\/lustandlove.eu\\\/et\\\/toode\\\/gegg\\\/#breadcrumb\",\"itemListElement\":[{\"@type\":\"ListItem\",\"position\":1,\"name\":\"Lust and Love\",\"item\":\"https:\\\/\\\/lustandlove.eu\\\/et\\\/\"},{\"@type\":\"ListItem\",\"position\":2,\"name\":\"Pood\",\"item\":\"https:\\\/\\\/lustandlove.eu\\\/et\\\/pood\\\/\"},{\"@type\":\"ListItem\",\"position\":3,\"name\":\"Meestele\",\"item\":\"https:\\\/\\\/lustandlove.eu\\\/et\\\/pood\\\/meestele\\\/\"},{\"@type\":\"ListItem\",\"position\":4,\"name\":\"GEgg\"}]},{\"@type\":\"WebSite\",\"@id\":\"https:\\\/\\\/lustandlove.eu\\\/et\\\/#website\",\"url\":\"https:\\\/\\\/lustandlove.eu\\\/et\\\/\",\"name\":\"Lust &amp; Love\",\"description\":\"Online erootikapood tervise, ilu ja armastuse jaoks\",\"publisher\":{\"@id\":\"https:\\\/\\\/lustandlove.eu\\\/et\\\/#organization\"},\"potentialAction\":[{\"@type\":\"SearchAction\",\"target\":{\"@type\":\"EntryPoint\",\"urlTemplate\":\"https:\\\/\\\/lustandlove.eu\\\/et\\\/?s={search_term_string}\"},\"query-input\":{\"@type\":\"PropertyValueSpecification\",\"valueRequired\":true,\"valueName\":\"search_term_string\"}}],\"inLanguage\":\"et\"},{\"@type\":\"Organization\",\"@id\":\"https:\\\/\\\/lustandlove.eu\\\/et\\\/#organization\",\"name\":\"Bioconcept Baltics O\u00dc\",\"url\":\"https:\\\/\\\/lustandlove.eu\\\/et\\\/\",\"logo\":{\"@type\":\"ImageObject\",\"inLanguage\":\"et\",\"@id\":\"https:\\\/\\\/lustandlove.eu\\\/et\\\/#\\\/schema\\\/logo\\\/image\\\/\",\"url\":\"\",\"contentUrl\":\"\",\"caption\":\"Bioconcept Baltics O\u00dc\"},\"image\":{\"@id\":\"https:\\\/\\\/lustandlove.eu\\\/et\\\/#\\\/schema\\\/logo\\\/image\\\/\"},\"sameAs\":[\"https:\\\/\\\/www.facebook.com\\\/LustandLoveEU\\\/\",\"https:\\\/\\\/www.instagram.com\\\/lustandloveeu\\\/\"]}]}<\/script>\n<!-- \/ Yoast SEO plugin. -->","yoast_head_json":{"title":"GEgg | Lust and Love","robots":{"index,follow,max-snippet":"index,follow,max-snippet:-1,max-image-preview:large,max-video-preview:-1"},"canonical":"https:\/\/lustandlove.eu\/et\/toode\/gegg\/","twitter_card":"summary_large_image","twitter_title":"GEgg | Lust and Love","twitter_description":"[vc_row][vc_column][vc_column_text woodmart_inline=&#8221;no&#8221; text_larger=&#8221;no&#8221;] Gvibe gEgg on esmaklassiline TPE korduvkasutatav munamasturaator, mis on loodud peenisele naudingut pakkuma. GEgg on v\u00e4ljast pehme","twitter_image":"https:\/\/lustandlove.eu\/wp-content\/uploads\/gvibe-gegg-528283_720x.jpg","twitter_misc":{"Est. reading time":"1 minut"},"schema":{"@context":"https:\/\/schema.org","@graph":[{"@type":["WebPage","ItemPage"],"@id":"https:\/\/lustandlove.eu\/et\/toode\/gegg\/","url":"https:\/\/lustandlove.eu\/et\/toode\/gegg\/","name":"GEgg | Lust and Love","isPartOf":{"@id":"https:\/\/lustandlove.eu\/et\/#website"},"primaryImageOfPage":{"@id":"https:\/\/lustandlove.eu\/et\/toode\/gegg\/#primaryimage"},"image":{"@id":"https:\/\/lustandlove.eu\/et\/toode\/gegg\/#primaryimage"},"thumbnailUrl":"https:\/\/lustandlove.eu\/wp-content\/uploads\/gvibe-gegg-528283_720x.jpg","datePublished":"2021-11-23T08:58:47+00:00","dateModified":"2026-04-13T07:36:42+00:00","breadcrumb":{"@id":"https:\/\/lustandlove.eu\/et\/toode\/gegg\/#breadcrumb"},"inLanguage":"et","potentialAction":[{"@type":"ReadAction","target":["https:\/\/lustandlove.eu\/et\/toode\/gegg\/"]}]},{"@type":"ImageObject","inLanguage":"et","@id":"https:\/\/lustandlove.eu\/et\/toode\/gegg\/#primaryimage","url":"https:\/\/lustandlove.eu\/wp-content\/uploads\/gvibe-gegg-528283_720x.jpg","contentUrl":"https:\/\/lustandlove.eu\/wp-content\/uploads\/gvibe-gegg-528283_720x.jpg","width":720,"height":960,"caption":"GEgg"},{"@type":"BreadcrumbList","@id":"https:\/\/lustandlove.eu\/et\/toode\/gegg\/#breadcrumb","itemListElement":[{"@type":"ListItem","position":1,"name":"Lust and Love","item":"https:\/\/lustandlove.eu\/et\/"},{"@type":"ListItem","position":2,"name":"Pood","item":"https:\/\/lustandlove.eu\/et\/pood\/"},{"@type":"ListItem","position":3,"name":"Meestele","item":"https:\/\/lustandlove.eu\/et\/pood\/meestele\/"},{"@type":"ListItem","position":4,"name":"GEgg"}]},{"@type":"WebSite","@id":"https:\/\/lustandlove.eu\/et\/#website","url":"https:\/\/lustandlove.eu\/et\/","name":"Lust &amp; Love","description":"Online erootikapood tervise, ilu ja armastuse jaoks","publisher":{"@id":"https:\/\/lustandlove.eu\/et\/#organization"},"potentialAction":[{"@type":"SearchAction","target":{"@type":"EntryPoint","urlTemplate":"https:\/\/lustandlove.eu\/et\/?s={search_term_string}"},"query-input":{"@type":"PropertyValueSpecification","valueRequired":true,"valueName":"search_term_string"}}],"inLanguage":"et"},{"@type":"Organization","@id":"https:\/\/lustandlove.eu\/et\/#organization","name":"Bioconcept Baltics O\u00dc","url":"https:\/\/lustandlove.eu\/et\/","logo":{"@type":"ImageObject","inLanguage":"et","@id":"https:\/\/lustandlove.eu\/et\/#\/schema\/logo\/image\/","url":"","contentUrl":"","caption":"Bioconcept Baltics O\u00dc"},"image":{"@id":"https:\/\/lustandlove.eu\/et\/#\/schema\/logo\/image\/"},"sameAs":["https:\/\/www.facebook.com\/LustandLoveEU\/","https:\/\/www.instagram.com\/lustandloveeu\/"]}]}},"_links":{"self":[{"href":"https:\/\/lustandlove.eu\/et\/wp-json\/wp\/v2\/product\/50819","targetHints":{"allow":["GET"]}}],"collection":[{"href":"https:\/\/lustandlove.eu\/et\/wp-json\/wp\/v2\/product"}],"about":[{"href":"https:\/\/lustandlove.eu\/et\/wp-json\/wp\/v2\/types\/product"}],"wp:featuredmedia":[{"embeddable":true,"href":"https:\/\/lustandlove.eu\/et\/wp-json\/wp\/v2\/media\/50756"}],"wp:attachment":[{"href":"https:\/\/lustandlove.eu\/et\/wp-json\/wp\/v2\/media?parent=50819"}],"wp:term":[{"taxonomy":"product_brand","embeddable":true,"href":"https:\/\/lustandlove.eu\/et\/wp-json\/wp\/v2\/product_brand?post=50819"},{"taxonomy":"product_cat","embeddable":true,"href":"https:\/\/lustandlove.eu\/et\/wp-json\/wp\/v2\/product_cat?post=50819"},{"taxonomy":"product_tag","embeddable":true,"href":"https:\/\/lustandlove.eu\/et\/wp-json\/wp\/v2\/product_tag?post=50819"}],"curies":[{"name":"wp","href":"https:\/\/api.w.org\/{rel}","templated":true}]}}